{"id":7394,"date":"2021-03-11T13:15:07","date_gmt":"2021-03-11T12:15:07","guid":{"rendered":"https:\/\/kuken.es\/?post_type=product&#038;p=7394"},"modified":"2025-06-02T10:03:03","modified_gmt":"2025-06-02T08:03:03","slug":"maquina-de-cortar-cabelo-multifuncoes-9em1-3w-kuken","status":"publish","type":"product","link":"https:\/\/kuken.es\/pt\/produto\/maquina-de-cortar-cabelo-multifuncoes-9em1-3w-kuken\/","title":{"rendered":"M\u00c1QUINA DE CORTAR CABELO MULTIFUN\u00c7\u00d5ES 9EM1 3W. K\u00dcKEN"},"content":{"rendered":"<p>M\u00c1QUINA DE CORTAR CABELO MULTIFUN\u00c7\u00d5ES 9EM1 3W. K\u00dcKEN<\/p>\n<ul data-start=\"805\" data-end=\"1528\">\n<li data-start=\"805\" data-end=\"886\">\n<p data-start=\"807\" data-end=\"886\">Cortapelo multifunci\u00f3n de 3 W, ideal para cabello, barba, nariz y orejas.<\/p>\n<\/li>\n<li data-start=\"887\" data-end=\"951\">\n<p data-start=\"889\" data-end=\"951\">9 accesorios incluidos, para cortar, perfilar y rasurar.<\/p>\n<\/li>\n<li data-start=\"952\" data-end=\"1006\">\n<p data-start=\"954\" data-end=\"1006\">Dise\u00f1o ergon\u00f3mico, c\u00f3modo y seguro de manejar.<\/p>\n<\/li>\n<li data-start=\"1007\" data-end=\"1081\">\n<p data-start=\"1009\" data-end=\"1081\">Cuchillas de acero inoxidable, de alta precisi\u00f3n y larga duraci\u00f3n.<\/p>\n<\/li>\n<li data-start=\"1082\" data-end=\"1136\">\n<p data-start=\"1084\" data-end=\"1136\">1 peine ajustable de precisi\u00f3n: de 4 a 5,5 mm.<\/p>\n<\/li>\n<li data-start=\"1137\" data-end=\"1208\">\n<p data-start=\"1139\" data-end=\"1208\">4 peines gu\u00eda: 3 mm, 6 mm, 9 mm y 12 mm para distintos estilos.<\/p>\n<\/li>\n<li data-start=\"1209\" data-end=\"1279\">\n<p data-start=\"1211\" data-end=\"1279\">2 cabezales especiales, uno para perfilar y otro para rasurar.<\/p>\n<\/li>\n<li data-start=\"1280\" data-end=\"1340\">\n<p data-start=\"1282\" data-end=\"1340\">Accesorio para nariz y orejas, delicado pero eficaz.<\/p>\n<\/li>\n<li data-start=\"1341\" data-end=\"1398\">\n<p data-start=\"1343\" data-end=\"1398\">Funciona con o sin cable, m\u00e1xima libertad de uso.<\/p>\n<\/li>\n<li data-start=\"1399\" data-end=\"1451\">\n<p data-start=\"1401\" data-end=\"1451\">Autonom\u00eda de 40 minutos, bater\u00eda recargable.<\/p>\n<\/li>\n<li data-start=\"1452\" data-end=\"1528\">\n<p data-start=\"1454\" data-end=\"1528\">Indicador luminoso de carga, mayor control del estado del dispositivo.<\/p>\n<\/li>\n<\/ul>\n<p><div class=\"accordion\"><div class=\"mfn-acc accordion_wrapper  toggle\"><div class=\"question\"><div class=\"title\"><i class=\"icon-plus acc-icon-plus\" aria-hidden=\"true\"><\/i><i class=\"icon-minus acc-icon-minus\" aria-hidden=\"true\"><\/i>Dados do produto<\/div><div class=\"answer\">EAN 8425160393816<\/p>\n<p>M\u00c1QUINA DE CORTAR CABELO MULTIFUN\u00c7\u00d5ES 9EM1 3W. K\u00dcKEN<\/p>\n<p>Unidade de embalagem 1<br \/>\nCor Preto \/ Prateado<br \/>\nEmbalagem Caixa de cor<br \/>\nPot\u00eancia 3 W<br \/>\nTens\u00e3o 230 V<br \/>\nTamanho pequeno<br \/>\nMaterial Pl\u00e1stico<br \/>\nRecarreg\u00e1vel sem fios Sim<br \/>\nPeso 0,13 kg.<\/div><\/div>\n<\/div><\/div>\n<br \/>\n<div class=\"accordion\"><div class=\"mfn-acc accordion_wrapper  toggle\"><div class=\"question\"><div class=\"title\"><i class=\"icon-plus acc-icon-plus\" aria-hidden=\"true\"><\/i><i class=\"icon-minus acc-icon-minus\" aria-hidden=\"true\"><\/i>Acess\u00f3rios<\/div><div class=\"answer\">4 pentes de diferentes comprimentos de corte (3mm, 6mm, 9mm, 12mm)<br \/>\nAparador de cabelo \/ acess\u00f3rio para aparar o nariz e as orelhas<br \/>\nAcess\u00f3rios de barbear<br \/>\nL\u00e2mina de precis\u00e3o<br \/>\nL\u00e2mina de barbear<br \/>\nPerfilagem e corte<\/div><\/div>\n<\/div><\/div>\n<\/p>\n<div class=\"descargas-producto\"><a href=\"https:\/\/kuken.es\/wp-content\/uploads\/pdf\/8425160393816_ficha_tecnica.pdf\"><img loading=\"lazy\" decoding=\"async\" src=\"\/wp-content\/uploads\/2019\/12\/picto-descarrega.png\" alt=\"descarregar ficha de dados\" width=\"23\" height=\"16\" \/>Descarregar ficha<\/a><br \/>\n<a href=\"\/wp-content\/uploads\/pdf\/39381_instrucciones-1.pdf\"><img loading=\"lazy\" decoding=\"async\" src=\"\/wp-content\/uploads\/2019\/12\/picto-descarrega.png\" alt=\"descarregar manual de instru\u00e7\u00f5es\" width=\"23\" height=\"16\" \/>Descarregar o manual<\/a><\/div>\n<div><\/div>\n<div><span style=\"color: #bf2121\">Siga-nos nas redes sociais!<\/span><\/div>\n<div><a href=\"https:\/\/www.instagram.com\/kuken_appliances\/\">https:\/\/www.instagram.com\/kuken_appliances\/<\/a><\/div>","protected":false},"excerpt":{"rendered":"<p data-start=\"493\" data-end=\"633\">Este cortapelo 9 en 1 es la soluci\u00f3n completa para el cuidado personal, con m\u00faltiples accesorios, corte preciso e independencia inal\u00e1mbrica.<\/p>\n<p data-start=\"635\" data-end=\"737\">","protected":false},"featured_media":7397,"template":"","meta":[],"product_brand":[],"product_cat":[74],"product_tag":[],"class_list":{"0":"post-7394","1":"product","2":"type-product","3":"status-publish","4":"has-post-thumbnail","6":"product_cat-corta-pelo-corta-premium","8":"first","9":"instock","10":"shipping-taxable","11":"product-type-simple"},"yoast_head":"<!-- This site is optimized with the Yoast SEO Premium plugin v24.0 (Yoast SEO v26.5) - https:\/\/yoast.com\/wordpress\/plugins\/seo\/ -->\n<title>CORTAPELO MULTIFUNCI\u00d3N 9EN1 3W. K\u00dcKEN - K\u00fcken<\/title>\n<meta name=\"description\" content=\"Cortapelo multifunci\u00f3n de 3W de potencia kuken con avanzado sistema de corte. perfecta para cortes de manera profesional. Visita Kuken.es\" \/>\n<meta name=\"robots\" content=\"index, follow, max-snippet:-1, max-image-preview:large, max-video-preview:-1\" \/>\n<link rel=\"canonical\" href=\"https:\/\/kuken.es\/pt\/produto\/maquina-de-cortar-cabelo-multifuncoes-9em1-3w-kuken\/\" \/>\n<meta property=\"og:locale\" content=\"pt_PT\" \/>\n<meta property=\"og:type\" content=\"article\" \/>\n<meta property=\"og:title\" content=\"CORTAPELO MULTIFUNCI\u00d3N 9EN1 3W. K\u00dcKEN\" \/>\n<meta property=\"og:description\" content=\"Cortapelo multifunci\u00f3n de 3W de potencia kuken con avanzado sistema de corte. perfecta para cortes de manera profesional. Visita Kuken.es\" \/>\n<meta property=\"og:url\" content=\"https:\/\/kuken.es\/pt\/produto\/maquina-de-cortar-cabelo-multifuncoes-9em1-3w-kuken\/\" \/>\n<meta property=\"og:site_name\" content=\"K\u00fcken\" \/>\n<meta property=\"article:publisher\" content=\"https:\/\/es-es.facebook.com\/alfadyser\/\" \/>\n<meta property=\"article:modified_time\" content=\"2025-06-02T08:03:03+00:00\" \/>\n<meta property=\"og:image\" content=\"https:\/\/kuken.es\/wp-content\/uploads\/8425160393816_01-scaled.jpg\" \/>\n\t<meta property=\"og:image:width\" content=\"2560\" \/>\n\t<meta property=\"og:image:height\" content=\"2560\" \/>\n\t<meta property=\"og:image:type\" content=\"image\/jpeg\" \/>\n<meta name=\"twitter:card\" content=\"summary_large_image\" \/>\n<meta name=\"twitter:label1\" content=\"pre\u00e7o\" \/>\n\t<meta name=\"twitter:data1\" content=\"\" \/>\n\t<meta name=\"twitter:label2\" content=\"Disponibilidade\" \/>\n\t<meta name=\"twitter:data2\" content=\"Em stock\" \/>\n<script type=\"application\/ld+json\" class=\"yoast-schema-graph\">{\"@context\":\"https:\/\/schema.org\",\"@graph\":[{\"@type\":\"WebPage\",\"@id\":\"https:\/\/kuken.es\/producto\/cortapelo-multifuncion-9en1-3w-kuken\/\",\"url\":\"https:\/\/kuken.es\/producto\/cortapelo-multifuncion-9en1-3w-kuken\/\",\"name\":\"CORTAPELO MULTIFUNCI\u00d3N 9EN1 3W. K\u00dcKEN - K\u00fcken\",\"isPartOf\":{\"@id\":\"https:\/\/kuken.es\/#website\"},\"primaryImageOfPage\":{\"@id\":\"https:\/\/kuken.es\/producto\/cortapelo-multifuncion-9en1-3w-kuken\/#primaryimage\"},\"image\":{\"@id\":\"https:\/\/kuken.es\/producto\/cortapelo-multifuncion-9en1-3w-kuken\/#primaryimage\"},\"thumbnailUrl\":\"https:\/\/kuken.es\/wp-content\/uploads\/8425160393816_01-scaled.jpg\",\"datePublished\":\"2021-03-11T12:15:07+00:00\",\"dateModified\":\"2025-06-02T08:03:03+00:00\",\"description\":\"Cortapelo multifunci\u00f3n de 3W de potencia kuken con avanzado sistema de corte. perfecta para cortes de manera profesional. Visita Kuken.es\",\"breadcrumb\":{\"@id\":\"https:\/\/kuken.es\/producto\/cortapelo-multifuncion-9en1-3w-kuken\/#breadcrumb\"},\"inLanguage\":\"pt-PT\",\"potentialAction\":[{\"@type\":\"ReadAction\",\"target\":[\"https:\/\/kuken.es\/producto\/cortapelo-multifuncion-9en1-3w-kuken\/\"]}]},{\"@type\":\"ImageObject\",\"inLanguage\":\"pt-PT\",\"@id\":\"https:\/\/kuken.es\/producto\/cortapelo-multifuncion-9en1-3w-kuken\/#primaryimage\",\"url\":\"https:\/\/kuken.es\/wp-content\/uploads\/8425160393816_01-scaled.jpg\",\"contentUrl\":\"https:\/\/kuken.es\/wp-content\/uploads\/8425160393816_01-scaled.jpg\",\"width\":2560,\"height\":2560,\"caption\":\"cortapelo multifunci\u00f3n 9 en 1 kuken\"},{\"@type\":\"BreadcrumbList\",\"@id\":\"https:\/\/kuken.es\/producto\/cortapelo-multifuncion-9en1-3w-kuken\/#breadcrumb\",\"itemListElement\":[{\"@type\":\"ListItem\",\"position\":1,\"name\":\"Portada\",\"item\":\"https:\/\/kuken.es\/\"},{\"@type\":\"ListItem\",\"position\":2,\"name\":\"Productos\",\"item\":\"https:\/\/kuken.es\/productos\/\"},{\"@type\":\"ListItem\",\"position\":3,\"name\":\"CORTAPELO MULTIFUNCI\u00d3N 9EN1 3W. K\u00dcKEN\"}]},{\"@type\":\"WebSite\",\"@id\":\"https:\/\/kuken.es\/#website\",\"url\":\"https:\/\/kuken.es\/\",\"name\":\"K\u00fcken\",\"description\":\"Amplia gama de peque\u00f1o electrodom\u00e9stico k\u00fcken\",\"publisher\":{\"@id\":\"https:\/\/kuken.es\/#organization\"},\"potentialAction\":[{\"@type\":\"SearchAction\",\"target\":{\"@type\":\"EntryPoint\",\"urlTemplate\":\"https:\/\/kuken.es\/?s={search_term_string}\"},\"query-input\":{\"@type\":\"PropertyValueSpecification\",\"valueRequired\":true,\"valueName\":\"search_term_string\"}}],\"inLanguage\":\"pt-PT\"},{\"@type\":\"Organization\",\"@id\":\"https:\/\/kuken.es\/#organization\",\"name\":\"Alfa Dyser\",\"url\":\"https:\/\/kuken.es\/\",\"logo\":{\"@type\":\"ImageObject\",\"inLanguage\":\"pt-PT\",\"@id\":\"https:\/\/kuken.es\/#\/schema\/logo\/image\/\",\"url\":\"https:\/\/kuken.es\/wp-content\/uploads\/2019\/04\/kuken-logo.png\",\"contentUrl\":\"https:\/\/kuken.es\/wp-content\/uploads\/2019\/04\/kuken-logo.png\",\"width\":500,\"height\":191,\"caption\":\"Alfa Dyser\"},\"image\":{\"@id\":\"https:\/\/kuken.es\/#\/schema\/logo\/image\/\"},\"sameAs\":[\"https:\/\/es-es.facebook.com\/alfadyser\/\",\"https:\/\/www.instagram.com\/kuken_appliances\/\"]}]}<\/script>\n<meta property=\"product:price:amount\" content=\"0.00\" \/>\n<meta property=\"product:price:currency\" content=\"EUR\" \/>\n<meta property=\"og:availability\" content=\"instock\" \/>\n<meta property=\"product:availability\" content=\"instock\" \/>\n<meta property=\"product:retailer_item_id\" content=\"39381\" \/>\n<meta property=\"product:condition\" content=\"new\" \/>\n<!-- \/ Yoast SEO Premium plugin. -->","yoast_head_json":{"title":"M\u00c1QUINA DE CORTAR CABELO MULTIFUN\u00c7\u00d5ES 9EM1 3W. K\u00dcKEN - K\u00fcken","description":"M\u00e1quina de cortar cabelo kuken multifun\u00e7\u00f5es de 3W com sistema de corte avan\u00e7ado. perfeita para cortes profissionais. Visite Kuken.co.uk","robots":{"index":"index","follow":"follow","max-snippet":"max-snippet:-1","max-image-preview":"max-image-preview:large","max-video-preview":"max-video-preview:-1"},"canonical":"https:\/\/kuken.es\/pt\/produto\/maquina-de-cortar-cabelo-multifuncoes-9em1-3w-kuken\/","og_locale":"pt_PT","og_type":"article","og_title":"CORTAPELO MULTIFUNCI\u00d3N 9EN1 3W. K\u00dcKEN","og_description":"Cortapelo multifunci\u00f3n de 3W de potencia kuken con avanzado sistema de corte. perfecta para cortes de manera profesional. Visita Kuken.es","og_url":"https:\/\/kuken.es\/pt\/produto\/maquina-de-cortar-cabelo-multifuncoes-9em1-3w-kuken\/","og_site_name":"K\u00fcken","article_publisher":"https:\/\/es-es.facebook.com\/alfadyser\/","article_modified_time":"2025-06-02T08:03:03+00:00","og_image":[{"width":2560,"height":2560,"url":"https:\/\/kuken.es\/wp-content\/uploads\/8425160393816_01-scaled.jpg","type":"image\/jpeg"}],"twitter_card":"summary_large_image","twitter_misc":{"pre\u00e7o":"","Disponibilidade":"Em stock"},"schema":{"@context":"https:\/\/schema.org","@graph":[{"@type":"WebPage","@id":"https:\/\/kuken.es\/producto\/cortapelo-multifuncion-9en1-3w-kuken\/","url":"https:\/\/kuken.es\/producto\/cortapelo-multifuncion-9en1-3w-kuken\/","name":"M\u00c1QUINA DE CORTAR CABELO MULTIFUN\u00c7\u00d5ES 9EM1 3W. K\u00dcKEN - K\u00fcken","isPartOf":{"@id":"https:\/\/kuken.es\/#website"},"primaryImageOfPage":{"@id":"https:\/\/kuken.es\/producto\/cortapelo-multifuncion-9en1-3w-kuken\/#primaryimage"},"image":{"@id":"https:\/\/kuken.es\/producto\/cortapelo-multifuncion-9en1-3w-kuken\/#primaryimage"},"thumbnailUrl":"https:\/\/kuken.es\/wp-content\/uploads\/8425160393816_01-scaled.jpg","datePublished":"2021-03-11T12:15:07+00:00","dateModified":"2025-06-02T08:03:03+00:00","description":"M\u00e1quina de cortar cabelo kuken multifun\u00e7\u00f5es de 3W com sistema de corte avan\u00e7ado. perfeita para cortes profissionais. Visite Kuken.co.uk","breadcrumb":{"@id":"https:\/\/kuken.es\/producto\/cortapelo-multifuncion-9en1-3w-kuken\/#breadcrumb"},"inLanguage":"pt-PT","potentialAction":[{"@type":"ReadAction","target":["https:\/\/kuken.es\/producto\/cortapelo-multifuncion-9en1-3w-kuken\/"]}]},{"@type":"ImageObject","inLanguage":"pt-PT","@id":"https:\/\/kuken.es\/producto\/cortapelo-multifuncion-9en1-3w-kuken\/#primaryimage","url":"https:\/\/kuken.es\/wp-content\/uploads\/8425160393816_01-scaled.jpg","contentUrl":"https:\/\/kuken.es\/wp-content\/uploads\/8425160393816_01-scaled.jpg","width":2560,"height":2560,"caption":"cortapelo multifunci\u00f3n 9 en 1 kuken"},{"@type":"BreadcrumbList","@id":"https:\/\/kuken.es\/producto\/cortapelo-multifuncion-9en1-3w-kuken\/#breadcrumb","itemListElement":[{"@type":"ListItem","position":1,"name":"Portada","item":"https:\/\/kuken.es\/"},{"@type":"ListItem","position":2,"name":"Productos","item":"https:\/\/kuken.es\/productos\/"},{"@type":"ListItem","position":3,"name":"CORTAPELO MULTIFUNCI\u00d3N 9EN1 3W. K\u00dcKEN"}]},{"@type":"WebSite","@id":"https:\/\/kuken.es\/#website","url":"https:\/\/kuken.es\/","name":"K\u00fcken","description":"Vasta gama de pequenos electrodom\u00e9sticos k\u00fcken","publisher":{"@id":"https:\/\/kuken.es\/#organization"},"potentialAction":[{"@type":"SearchAction","target":{"@type":"EntryPoint","urlTemplate":"https:\/\/kuken.es\/?s={search_term_string}"},"query-input":{"@type":"PropertyValueSpecification","valueRequired":true,"valueName":"search_term_string"}}],"inLanguage":"pt-PT"},{"@type":"Organization","@id":"https:\/\/kuken.es\/#organization","name":"Alpha Dyser","url":"https:\/\/kuken.es\/","logo":{"@type":"ImageObject","inLanguage":"pt-PT","@id":"https:\/\/kuken.es\/#\/schema\/logo\/image\/","url":"https:\/\/kuken.es\/wp-content\/uploads\/2019\/04\/kuken-logo.png","contentUrl":"https:\/\/kuken.es\/wp-content\/uploads\/2019\/04\/kuken-logo.png","width":500,"height":191,"caption":"Alfa Dyser"},"image":{"@id":"https:\/\/kuken.es\/#\/schema\/logo\/image\/"},"sameAs":["https:\/\/es-es.facebook.com\/alfadyser\/","https:\/\/www.instagram.com\/kuken_appliances\/"]}]},"product_price_amount":"0.00","product_price_currency":"EUR","og_availability":"instock","product_availability":"instock","product_retailer_item_id":"39381","product_condition":"new"},"_links":{"self":[{"href":"https:\/\/kuken.es\/pt\/wp-json\/wp\/v2\/product\/7394","targetHints":{"allow":["GET"]}}],"collection":[{"href":"https:\/\/kuken.es\/pt\/wp-json\/wp\/v2\/product"}],"about":[{"href":"https:\/\/kuken.es\/pt\/wp-json\/wp\/v2\/types\/product"}],"wp:featuredmedia":[{"embeddable":true,"href":"https:\/\/kuken.es\/pt\/wp-json\/wp\/v2\/media\/7397"}],"wp:attachment":[{"href":"https:\/\/kuken.es\/pt\/wp-json\/wp\/v2\/media?parent=7394"}],"wp:term":[{"taxonomy":"product_brand","embeddable":true,"href":"https:\/\/kuken.es\/pt\/wp-json\/wp\/v2\/product_brand?post=7394"},{"taxonomy":"product_cat","embeddable":true,"href":"https:\/\/kuken.es\/pt\/wp-json\/wp\/v2\/product_cat?post=7394"},{"taxonomy":"product_tag","embeddable":true,"href":"https:\/\/kuken.es\/pt\/wp-json\/wp\/v2\/product_tag?post=7394"}],"curies":[{"name":"wp","href":"https:\/\/api.w.org\/{rel}","templated":true}]}}