{"id":6185,"date":"2020-10-27T13:42:20","date_gmt":"2020-10-27T12:42:20","guid":{"rendered":"https:\/\/kuken.es\/producto\/radiador-aceite-2500w-11-elementos\/"},"modified":"2025-06-02T07:38:18","modified_gmt":"2025-06-02T05:38:18","slug":"radiador-de-aceite-electrico-2500w-11-elementos","status":"publish","type":"product","link":"https:\/\/kuken.es\/pt\/produto\/radiador-de-aceite-electrico-2500w-11-elementos\/","title":{"rendered":"RADIADOR EL\u00c9CTRICO A \u00d3LEO 2500W 11 ELEMENTOS"},"content":{"rendered":"<p>RADIADOR EL\u00c9CTRICO A \u00d3LEO 2500W 11 ELEMENTOS<\/p>\n<ul data-start=\"558\" data-end=\"1209\">\n<li data-start=\"558\" data-end=\"633\">\n<p data-start=\"560\" data-end=\"633\">Tres niveles de potencia: ajustable entre 1000W, 1500W y 2500W.<\/p>\n<\/li>\n<li data-start=\"634\" data-end=\"729\">\n<p data-start=\"636\" data-end=\"729\">Once elementos calefactores: garantizan una emisi\u00f3n de calor uniforme y prolongada.<\/p>\n<\/li>\n<li data-start=\"730\" data-end=\"824\">\n<p data-start=\"732\" data-end=\"824\">Dise\u00f1o compacto con elementos extra planos: ocupa poco espacio sin perder rendimiento.<\/p>\n<\/li>\n<li data-start=\"825\" data-end=\"907\">\n<p data-start=\"827\" data-end=\"907\">Cuatro ruedas de nylon: permiten moverlo con facilidad y sin esfuerzo.<\/p>\n<\/li>\n<li data-start=\"908\" data-end=\"987\">\n<p data-start=\"910\" data-end=\"987\">Asa superior integrada: para un traslado c\u00f3modo entre habitaciones.<\/p>\n<\/li>\n<li data-start=\"988\" data-end=\"1061\">\n<p data-start=\"990\" data-end=\"1061\">Luz roja de funcionamiento: indica cu\u00e1ndo el aparato est\u00e1 en uso.<\/p>\n<\/li>\n<li data-start=\"1062\" data-end=\"1140\">\n<p data-start=\"1064\" data-end=\"1140\">Estructura en acero esmaltado blanco: resistente, elegante y duradero.<\/p>\n<\/li>\n<li data-start=\"1141\" data-end=\"1209\">\n<p data-start=\"1143\" data-end=\"1209\">Ideal para calentar habitaciones amplias con total eficiencia.<\/p>\n<\/li>\n<\/ul>\n<p><div class=\"accordion\"><div class=\"mfn-acc accordion_wrapper  toggle\"><div class=\"question\"><div class=\"title\"><i class=\"icon-plus acc-icon-plus\" aria-hidden=\"true\"><\/i><i class=\"icon-minus acc-icon-minus\" aria-hidden=\"true\"><\/i>Dados do produto<\/div><div class=\"answer\">EAN: 8425160340377<\/p>\n<p>RADIADOR EL\u00c9CTRICO A \u00d3LEO 2500W 11 ELEMENTOS<\/p>\n<p>Unidades: 1<br \/>\nCor: Branco<br \/>\nEmbalagem: Caixa colorida<br \/>\nPot\u00eancia: 2500W<br \/>\nTens\u00e3o: 230V<br \/>\nTamanho: 450\u00d7640 mm<br \/>\nMaterial: A\u00e7o esmaltado<br \/>\nPeso: 7,6 kg<br \/>\nElementos: 11<\/div><\/div>\n<\/div><\/div>\n<br \/>\n<div class=\"accordion\"><div class=\"mfn-acc accordion_wrapper  toggle\"><div class=\"question\"><div class=\"title\"><i class=\"icon-plus acc-icon-plus\" aria-hidden=\"true\"><\/i><i class=\"icon-minus acc-icon-minus\" aria-hidden=\"true\"><\/i>Acess\u00f3rios<\/div><div class=\"answer\">11<\/div><\/div>\n<\/div><\/div>\n<\/p>\n<div class=\"descargas-producto\"><a href=\"\/wp-content\/uploads\/pdf\/8425160340377_ficha_tecnica.pdf\" target=\"_blank\" rel=\"noopener noreferrer\"><br \/>\n<img loading=\"lazy\" decoding=\"async\" src=\"\/wp-content\/uploads\/2019\/12\/picto-descarrega.png\" alt=\"descarregar ficha de dados\" width=\"23\" height=\"16\" \/>Descarregar ficha<\/a><br \/>\n<a href=\"\/wp-content\/uploads\/pdf\/34033_34035_34037_instrucciones.pdf\"><img loading=\"lazy\" decoding=\"async\" src=\"\/wp-content\/uploads\/2019\/12\/picto-descarrega.png\" alt=\"descarregar manual de instru\u00e7\u00f5es\" width=\"23\" height=\"16\" \/>Descarregar o manual<\/a><\/div>\n<div><\/div>\n<div><span style=\"color: #bf2121\">Siga-nos nas redes sociais!<\/span><\/div>\n<div><a href=\"https:\/\/www.instagram.com\/kuken_appliances\/\">https:\/\/www.instagram.com\/kuken_appliances\/<\/a><\/div>\n<p><iframe loading=\"lazy\" title=\"Radiador k\u00fcken 2000W\" width=\"560\" height=\"315\" src=\"https:\/\/www.youtube.com\/embed\/v9N8TMpMamk?feature=oembed\" frameborder=\"0\" allow=\"accelerometer; autoplay; clipboard-write; encrypted-media; gyroscope; picture-in-picture; web-share\" referrerpolicy=\"strict-origin-when-cross-origin\" allowfullscreen><\/iframe><\/p>","protected":false},"excerpt":{"rendered":"<p data-start=\"374\" data-end=\"520\">Potencia, eficiencia y movilidad para calentar estancias grandes. Su dise\u00f1o plano y su estructura robusta ofrecen un calor constante y silencioso.<\/p>","protected":false},"featured_media":5746,"template":"","meta":[],"product_brand":[],"product_cat":[66,38,153],"product_tag":[],"class_list":{"0":"post-6185","1":"product","2":"type-product","3":"status-publish","4":"has-post-thumbnail","6":"product_cat-calefaccion-premium","7":"product_cat-premium","8":"product_cat-radiadores","10":"first","11":"instock","12":"product-type-simple"},"yoast_head":"<!-- This site is optimized with the Yoast SEO Premium plugin v24.0 (Yoast SEO v26.5) - https:\/\/yoast.com\/wordpress\/plugins\/seo\/ -->\n<title>RADIADOR DE ACEITE EL\u00c9CTRICO 2500W 11 ELEMENTOS - K\u00fcken<\/title>\n<meta name=\"description\" content=\"Radiador de aceite el\u00e9ctrico 2500W 11 elementos con ruedas, termostato y dise\u00f1o compacto. Potente, silencioso y eficaz para espacios grandes.\" \/>\n<meta name=\"robots\" content=\"index, follow, max-snippet:-1, max-image-preview:large, max-video-preview:-1\" \/>\n<link rel=\"canonical\" href=\"https:\/\/kuken.es\/pt\/produto\/radiador-de-aceite-electrico-2500w-11-elementos\/\" \/>\n<meta property=\"og:locale\" content=\"pt_PT\" \/>\n<meta property=\"og:type\" content=\"article\" \/>\n<meta property=\"og:title\" content=\"RADIADOR DE ACEITE EL\u00c9CTRICO 2500W 11 ELEMENTOS\" \/>\n<meta property=\"og:description\" content=\"Radiador de aceite el\u00e9ctrico 2500W 11 elementos con ruedas, termostato y dise\u00f1o compacto. Potente, silencioso y eficaz para espacios grandes.\" \/>\n<meta property=\"og:url\" content=\"https:\/\/kuken.es\/pt\/produto\/radiador-de-aceite-electrico-2500w-11-elementos\/\" \/>\n<meta property=\"og:site_name\" content=\"K\u00fcken\" \/>\n<meta property=\"article:publisher\" content=\"https:\/\/es-es.facebook.com\/alfadyser\/\" \/>\n<meta property=\"article:modified_time\" content=\"2025-06-02T05:38:18+00:00\" \/>\n<meta property=\"og:image\" content=\"https:\/\/kuken.es\/wp-content\/uploads\/productos\/8425160340377_01.jpg\" \/>\n\t<meta property=\"og:image:width\" content=\"2000\" \/>\n\t<meta property=\"og:image:height\" content=\"2000\" \/>\n\t<meta property=\"og:image:type\" content=\"image\/jpeg\" \/>\n<meta name=\"twitter:card\" content=\"summary_large_image\" \/>\n<meta name=\"twitter:label1\" content=\"pre\u00e7o\" \/>\n\t<meta name=\"twitter:data1\" content=\"\" \/>\n\t<meta name=\"twitter:label2\" content=\"Disponibilidade\" \/>\n\t<meta name=\"twitter:data2\" content=\"Em stock\" \/>\n<script type=\"application\/ld+json\" class=\"yoast-schema-graph\">{\"@context\":\"https:\/\/schema.org\",\"@graph\":[{\"@type\":\"WebPage\",\"@id\":\"https:\/\/kuken.es\/producto\/radiador-de-aceite-electrico-2500w-11-elementos\/\",\"url\":\"https:\/\/kuken.es\/producto\/radiador-de-aceite-electrico-2500w-11-elementos\/\",\"name\":\"RADIADOR DE ACEITE EL\u00c9CTRICO 2500W 11 ELEMENTOS - K\u00fcken\",\"isPartOf\":{\"@id\":\"https:\/\/kuken.es\/#website\"},\"primaryImageOfPage\":{\"@id\":\"https:\/\/kuken.es\/producto\/radiador-de-aceite-electrico-2500w-11-elementos\/#primaryimage\"},\"image\":{\"@id\":\"https:\/\/kuken.es\/producto\/radiador-de-aceite-electrico-2500w-11-elementos\/#primaryimage\"},\"thumbnailUrl\":\"https:\/\/kuken.es\/wp-content\/uploads\/productos\/8425160340377_01.jpg\",\"datePublished\":\"2020-10-27T12:42:20+00:00\",\"dateModified\":\"2025-06-02T05:38:18+00:00\",\"description\":\"Radiador de aceite el\u00e9ctrico 2500W 11 elementos con ruedas, termostato y dise\u00f1o compacto. Potente, silencioso y eficaz para espacios grandes.\",\"breadcrumb\":{\"@id\":\"https:\/\/kuken.es\/producto\/radiador-de-aceite-electrico-2500w-11-elementos\/#breadcrumb\"},\"inLanguage\":\"pt-PT\",\"potentialAction\":[{\"@type\":\"ReadAction\",\"target\":[\"https:\/\/kuken.es\/producto\/radiador-de-aceite-electrico-2500w-11-elementos\/\"]}]},{\"@type\":\"ImageObject\",\"inLanguage\":\"pt-PT\",\"@id\":\"https:\/\/kuken.es\/producto\/radiador-de-aceite-electrico-2500w-11-elementos\/#primaryimage\",\"url\":\"https:\/\/kuken.es\/wp-content\/uploads\/productos\/8425160340377_01.jpg\",\"contentUrl\":\"https:\/\/kuken.es\/wp-content\/uploads\/productos\/8425160340377_01.jpg\",\"width\":2000,\"height\":2000,\"caption\":\"Radiador de aceite de 11 elementos\"},{\"@type\":\"BreadcrumbList\",\"@id\":\"https:\/\/kuken.es\/producto\/radiador-de-aceite-electrico-2500w-11-elementos\/#breadcrumb\",\"itemListElement\":[{\"@type\":\"ListItem\",\"position\":1,\"name\":\"Portada\",\"item\":\"https:\/\/kuken.es\/\"},{\"@type\":\"ListItem\",\"position\":2,\"name\":\"Productos\",\"item\":\"https:\/\/kuken.es\/productos\/\"},{\"@type\":\"ListItem\",\"position\":3,\"name\":\"RADIADOR DE ACEITE EL\u00c9CTRICO 2500W 11 ELEMENTOS\"}]},{\"@type\":\"WebSite\",\"@id\":\"https:\/\/kuken.es\/#website\",\"url\":\"https:\/\/kuken.es\/\",\"name\":\"K\u00fcken\",\"description\":\"Amplia gama de peque\u00f1o electrodom\u00e9stico k\u00fcken\",\"publisher\":{\"@id\":\"https:\/\/kuken.es\/#organization\"},\"potentialAction\":[{\"@type\":\"SearchAction\",\"target\":{\"@type\":\"EntryPoint\",\"urlTemplate\":\"https:\/\/kuken.es\/?s={search_term_string}\"},\"query-input\":{\"@type\":\"PropertyValueSpecification\",\"valueRequired\":true,\"valueName\":\"search_term_string\"}}],\"inLanguage\":\"pt-PT\"},{\"@type\":\"Organization\",\"@id\":\"https:\/\/kuken.es\/#organization\",\"name\":\"Alfa Dyser\",\"url\":\"https:\/\/kuken.es\/\",\"logo\":{\"@type\":\"ImageObject\",\"inLanguage\":\"pt-PT\",\"@id\":\"https:\/\/kuken.es\/#\/schema\/logo\/image\/\",\"url\":\"https:\/\/kuken.es\/wp-content\/uploads\/2019\/04\/kuken-logo.png\",\"contentUrl\":\"https:\/\/kuken.es\/wp-content\/uploads\/2019\/04\/kuken-logo.png\",\"width\":500,\"height\":191,\"caption\":\"Alfa Dyser\"},\"image\":{\"@id\":\"https:\/\/kuken.es\/#\/schema\/logo\/image\/\"},\"sameAs\":[\"https:\/\/es-es.facebook.com\/alfadyser\/\",\"https:\/\/www.instagram.com\/kuken_appliances\/\"]}]}<\/script>\n<meta property=\"product:price:amount\" content=\"0.00\" \/>\n<meta property=\"product:price:currency\" content=\"EUR\" \/>\n<meta property=\"og:availability\" content=\"instock\" \/>\n<meta property=\"product:availability\" content=\"instock\" \/>\n<meta property=\"product:retailer_item_id\" content=\"34037\" \/>\n<meta property=\"product:condition\" content=\"new\" \/>\n<!-- \/ Yoast SEO Premium plugin. -->","yoast_head_json":{"title":"RADIADOR DE ACEITE EL\u00c9CTRICO 2500W 11 ELEMENTOS - K\u00fcken","description":"Radiador de aceite el\u00e9ctrico 2500W 11 elementos con ruedas, termostato y dise\u00f1o compacto. Potente, silencioso y eficaz para espacios grandes.","robots":{"index":"index","follow":"follow","max-snippet":"max-snippet:-1","max-image-preview":"max-image-preview:large","max-video-preview":"max-video-preview:-1"},"canonical":"https:\/\/kuken.es\/pt\/produto\/radiador-de-aceite-electrico-2500w-11-elementos\/","og_locale":"pt_PT","og_type":"article","og_title":"RADIADOR DE ACEITE EL\u00c9CTRICO 2500W 11 ELEMENTOS","og_description":"Radiador de aceite el\u00e9ctrico 2500W 11 elementos con ruedas, termostato y dise\u00f1o compacto. Potente, silencioso y eficaz para espacios grandes.","og_url":"https:\/\/kuken.es\/pt\/produto\/radiador-de-aceite-electrico-2500w-11-elementos\/","og_site_name":"K\u00fcken","article_publisher":"https:\/\/es-es.facebook.com\/alfadyser\/","article_modified_time":"2025-06-02T05:38:18+00:00","og_image":[{"width":2000,"height":2000,"url":"https:\/\/kuken.es\/wp-content\/uploads\/productos\/8425160340377_01.jpg","type":"image\/jpeg"}],"twitter_card":"summary_large_image","twitter_misc":{"pre\u00e7o":"","Disponibilidade":"Em stock"},"schema":{"@context":"https:\/\/schema.org","@graph":[{"@type":"WebPage","@id":"https:\/\/kuken.es\/producto\/radiador-de-aceite-electrico-2500w-11-elementos\/","url":"https:\/\/kuken.es\/producto\/radiador-de-aceite-electrico-2500w-11-elementos\/","name":"RADIADOR DE ACEITE EL\u00c9CTRICO 2500W 11 ELEMENTOS - K\u00fcken","isPartOf":{"@id":"https:\/\/kuken.es\/#website"},"primaryImageOfPage":{"@id":"https:\/\/kuken.es\/producto\/radiador-de-aceite-electrico-2500w-11-elementos\/#primaryimage"},"image":{"@id":"https:\/\/kuken.es\/producto\/radiador-de-aceite-electrico-2500w-11-elementos\/#primaryimage"},"thumbnailUrl":"https:\/\/kuken.es\/wp-content\/uploads\/productos\/8425160340377_01.jpg","datePublished":"2020-10-27T12:42:20+00:00","dateModified":"2025-06-02T05:38:18+00:00","description":"Radiador de aceite el\u00e9ctrico 2500W 11 elementos con ruedas, termostato y dise\u00f1o compacto. Potente, silencioso y eficaz para espacios grandes.","breadcrumb":{"@id":"https:\/\/kuken.es\/producto\/radiador-de-aceite-electrico-2500w-11-elementos\/#breadcrumb"},"inLanguage":"pt-PT","potentialAction":[{"@type":"ReadAction","target":["https:\/\/kuken.es\/producto\/radiador-de-aceite-electrico-2500w-11-elementos\/"]}]},{"@type":"ImageObject","inLanguage":"pt-PT","@id":"https:\/\/kuken.es\/producto\/radiador-de-aceite-electrico-2500w-11-elementos\/#primaryimage","url":"https:\/\/kuken.es\/wp-content\/uploads\/productos\/8425160340377_01.jpg","contentUrl":"https:\/\/kuken.es\/wp-content\/uploads\/productos\/8425160340377_01.jpg","width":2000,"height":2000,"caption":"Radiador de aceite de 11 elementos"},{"@type":"BreadcrumbList","@id":"https:\/\/kuken.es\/producto\/radiador-de-aceite-electrico-2500w-11-elementos\/#breadcrumb","itemListElement":[{"@type":"ListItem","position":1,"name":"Portada","item":"https:\/\/kuken.es\/"},{"@type":"ListItem","position":2,"name":"Productos","item":"https:\/\/kuken.es\/productos\/"},{"@type":"ListItem","position":3,"name":"RADIADOR DE ACEITE EL\u00c9CTRICO 2500W 11 ELEMENTOS"}]},{"@type":"WebSite","@id":"https:\/\/kuken.es\/#website","url":"https:\/\/kuken.es\/","name":"K\u00fcken","description":"Vasta gama de pequenos electrodom\u00e9sticos k\u00fcken","publisher":{"@id":"https:\/\/kuken.es\/#organization"},"potentialAction":[{"@type":"SearchAction","target":{"@type":"EntryPoint","urlTemplate":"https:\/\/kuken.es\/?s={search_term_string}"},"query-input":{"@type":"PropertyValueSpecification","valueRequired":true,"valueName":"search_term_string"}}],"inLanguage":"pt-PT"},{"@type":"Organization","@id":"https:\/\/kuken.es\/#organization","name":"Alpha Dyser","url":"https:\/\/kuken.es\/","logo":{"@type":"ImageObject","inLanguage":"pt-PT","@id":"https:\/\/kuken.es\/#\/schema\/logo\/image\/","url":"https:\/\/kuken.es\/wp-content\/uploads\/2019\/04\/kuken-logo.png","contentUrl":"https:\/\/kuken.es\/wp-content\/uploads\/2019\/04\/kuken-logo.png","width":500,"height":191,"caption":"Alfa Dyser"},"image":{"@id":"https:\/\/kuken.es\/#\/schema\/logo\/image\/"},"sameAs":["https:\/\/es-es.facebook.com\/alfadyser\/","https:\/\/www.instagram.com\/kuken_appliances\/"]}]},"product_price_amount":"0.00","product_price_currency":"EUR","og_availability":"instock","product_availability":"instock","product_retailer_item_id":"34037","product_condition":"new"},"_links":{"self":[{"href":"https:\/\/kuken.es\/pt\/wp-json\/wp\/v2\/product\/6185","targetHints":{"allow":["GET"]}}],"collection":[{"href":"https:\/\/kuken.es\/pt\/wp-json\/wp\/v2\/product"}],"about":[{"href":"https:\/\/kuken.es\/pt\/wp-json\/wp\/v2\/types\/product"}],"wp:featuredmedia":[{"embeddable":true,"href":"https:\/\/kuken.es\/pt\/wp-json\/wp\/v2\/media\/5746"}],"wp:attachment":[{"href":"https:\/\/kuken.es\/pt\/wp-json\/wp\/v2\/media?parent=6185"}],"wp:term":[{"taxonomy":"product_brand","embeddable":true,"href":"https:\/\/kuken.es\/pt\/wp-json\/wp\/v2\/product_brand?post=6185"},{"taxonomy":"product_cat","embeddable":true,"href":"https:\/\/kuken.es\/pt\/wp-json\/wp\/v2\/product_cat?post=6185"},{"taxonomy":"product_tag","embeddable":true,"href":"https:\/\/kuken.es\/pt\/wp-json\/wp\/v2\/product_tag?post=6185"}],"curies":[{"name":"wp","href":"https:\/\/api.w.org\/{rel}","templated":true}]}}