{"id":6183,"date":"2020-10-27T13:42:20","date_gmt":"2020-10-27T12:42:20","guid":{"rendered":"https:\/\/kuken.es\/producto\/radiador-aceite-2500w-7-elementos\/"},"modified":"2025-05-27T14:34:48","modified_gmt":"2025-05-27T12:34:48","slug":"radiador-aceite-1500w-7-elementos","status":"publish","type":"product","link":"https:\/\/kuken.es\/pt\/produto\/radiador-aceite-1500w-7-elementos\/","title":{"rendered":"RADIADOR DE \u00d3LEO 1500W 7 ELEMENTOS"},"content":{"rendered":"<p>RADIADOR DE \u00d3LEO 1500W 7 ELEMENTOS<\/p>\n<ul data-start=\"541\" data-end=\"1176\">\n<li data-start=\"541\" data-end=\"624\">\n<p data-start=\"543\" data-end=\"624\"><strong data-start=\"543\" data-end=\"565\">Potencia ajustable<\/strong>: tres niveles de funcionamiento: <strong data-start=\"599\" data-end=\"621\">600W, 900W y 1500W<\/strong>.<\/p>\n<\/li>\n<li data-start=\"625\" data-end=\"702\">\n<p data-start=\"627\" data-end=\"702\"><strong data-start=\"627\" data-end=\"659\">Siete elementos calefactores<\/strong>: generan <strong data-start=\"669\" data-end=\"699\">calor constante y uniforme<\/strong>.<\/p>\n<\/li>\n<li data-start=\"703\" data-end=\"787\">\n<p data-start=\"705\" data-end=\"787\"><strong data-start=\"705\" data-end=\"731\">Termostato incorporado<\/strong>: mantiene la temperatura deseada de forma autom\u00e1tica.<\/p>\n<\/li>\n<li data-start=\"788\" data-end=\"872\">\n<p data-start=\"790\" data-end=\"872\"><strong data-start=\"790\" data-end=\"823\">Dise\u00f1o compacto y extra plano<\/strong>: ideal para <strong data-start=\"836\" data-end=\"869\">habitaciones peque\u00f1as o ba\u00f1os<\/strong>.<\/p>\n<\/li>\n<li data-start=\"873\" data-end=\"961\">\n<p data-start=\"875\" data-end=\"961\"><strong data-start=\"875\" data-end=\"901\">Cuatro ruedas de nylon<\/strong>: permiten <strong data-start=\"912\" data-end=\"958\">moverlo con facilidad y sin rayar el suelo<\/strong>.<\/p>\n<\/li>\n<li data-start=\"962\" data-end=\"1025\">\n<p data-start=\"964\" data-end=\"1025\"><strong data-start=\"964\" data-end=\"980\">Asa superior<\/strong>facilita a <strong data-start=\"994\" data-end=\"1022\">traslado entre estancias<\/strong>.<\/p>\n<\/li>\n<li data-start=\"1026\" data-end=\"1091\">\n<p data-start=\"1028\" data-end=\"1091\"><strong data-start=\"1028\" data-end=\"1058\">Luz roja de funcionamiento<\/strong>: indica cu\u00e1ndo est\u00e1 encendido.<\/p>\n<\/li>\n<li data-start=\"1092\" data-end=\"1176\">\n<p data-start=\"1094\" data-end=\"1176\"><strong data-start=\"1094\" data-end=\"1134\">Estructura en acero esmaltado blanco<\/strong>: resistente, elegante y f\u00e1cil de limpiar.<\/p>\n<\/li>\n<\/ul>\n<p><div class=\"accordion\"><div class=\"mfn-acc accordion_wrapper  toggle\"><div class=\"question\"><div class=\"title\"><i class=\"icon-plus acc-icon-plus\" aria-hidden=\"true\"><\/i><i class=\"icon-minus acc-icon-minus\" aria-hidden=\"true\"><\/i>Dados do produto<\/div><div class=\"answer\">EAN: 8425160340339<\/p>\n<p>RADIADOR DE \u00d3LEO 1500W 7 ELEMENTOS<\/p>\n<p>Unidades: 1<br \/>\nCor: Branco<br \/>\nEmbalagem: Caixa colorida<br \/>\nPotencia: 1500W<br \/>\nTens\u00e3o: 230V<br \/>\nTama\u00f1o: 300&#215;640 mm<br \/>\nMaterial: A\u00e7o esmaltado<br \/>\nPeso: 5,3 kg<br \/>\nElementos: 7<\/div><\/div>\n<\/div><\/div>\n<br \/>\n<div class=\"accordion\"><div class=\"mfn-acc accordion_wrapper  toggle\"><div class=\"question\"><div class=\"title\"><i class=\"icon-plus acc-icon-plus\" aria-hidden=\"true\"><\/i><i class=\"icon-minus acc-icon-minus\" aria-hidden=\"true\"><\/i>Acess\u00f3rios<\/div><div class=\"answer\">7<\/div><\/div>\n<\/div><\/div>\n<\/p>\n<div class=\"descargas-producto\"><a href=\"\/wp-content\/uploads\/pdf\/8425160340339_ficha_tecnica.pdf\" target=\"_blank\" rel=\"noopener noreferrer\"><br \/>\n<img loading=\"lazy\" decoding=\"async\" src=\"\/wp-content\/uploads\/2019\/12\/picto-descarrega.png\" alt=\"descarregar ficha de dados\" width=\"23\" height=\"16\" \/>Descarregar ficha<\/a><a href=\"\/wp-content\/uploads\/pdf\/8425160340339_manual.pdf\" target=\"_blank\" rel=\"noopener noreferrer\"><br \/>\n<\/a><a href=\"\/wp-content\/uploads\/pdf\/34033_34035_34037_instrucciones.pdf\"><img loading=\"lazy\" decoding=\"async\" src=\"\/wp-content\/uploads\/2019\/12\/picto-descarrega.png\" alt=\"descarregar manual de instru\u00e7\u00f5es\" width=\"23\" height=\"16\" \/>Descarregar o manual<\/a><\/div>\n<div><\/div>\n<div><span style=\"color: #bf2121\">Siga-nos nas redes sociais!<\/span><\/div>\n<div><a href=\"https:\/\/www.instagram.com\/kuken_appliances\/\">https:\/\/www.instagram.com\/kuken_appliances\/<\/a><\/div>","protected":false},"excerpt":{"rendered":"<p data-start=\"361\" data-end=\"503\">Soluci\u00f3n eficiente y silenciosa para calentar espacios peque\u00f1os. Su tama\u00f1o compacto y dise\u00f1o port\u00e1til lo hacen ideal para ba\u00f1os y dormitorios.<\/p>","protected":false},"featured_media":5740,"template":"","meta":[],"product_brand":[],"product_cat":[38,153],"product_tag":[],"class_list":{"0":"post-6183","1":"product","2":"type-product","3":"status-publish","4":"has-post-thumbnail","6":"product_cat-premium","7":"product_cat-radiadores","9":"first","10":"instock","11":"product-type-simple"},"yoast_head":"<!-- This site is optimized with the Yoast SEO Premium plugin v24.0 (Yoast SEO v26.5) - https:\/\/yoast.com\/wordpress\/plugins\/seo\/ -->\n<title>RADIADOR ACEITE 1500W 7 ELEMENTOS - K\u00fcken<\/title>\n<meta name=\"description\" content=\"Radiador de aceite 1500W 7 elementos con termostato, dise\u00f1o compacto y tres niveles de potencia. Silencioso, seguro y f\u00e1cil de mover.\" \/>\n<meta name=\"robots\" content=\"index, follow, max-snippet:-1, max-image-preview:large, max-video-preview:-1\" \/>\n<link rel=\"canonical\" href=\"https:\/\/kuken.es\/pt\/produto\/radiador-aceite-1500w-7-elementos\/\" \/>\n<meta property=\"og:locale\" content=\"pt_PT\" \/>\n<meta property=\"og:type\" content=\"article\" \/>\n<meta property=\"og:title\" content=\"RADIADOR ACEITE 1500W 7 ELEMENTOS\" \/>\n<meta property=\"og:description\" content=\"Radiador de aceite 1500W 7 elementos con termostato, dise\u00f1o compacto y tres niveles de potencia. Silencioso, seguro y f\u00e1cil de mover.\" \/>\n<meta property=\"og:url\" content=\"https:\/\/kuken.es\/pt\/produto\/radiador-aceite-1500w-7-elementos\/\" \/>\n<meta property=\"og:site_name\" content=\"K\u00fcken\" \/>\n<meta property=\"article:publisher\" content=\"https:\/\/es-es.facebook.com\/alfadyser\/\" \/>\n<meta property=\"article:modified_time\" content=\"2025-05-27T12:34:48+00:00\" \/>\n<meta property=\"og:image\" content=\"https:\/\/kuken.es\/wp-content\/uploads\/productos\/8425160340339_01.jpg\" \/>\n\t<meta property=\"og:image:width\" content=\"2000\" \/>\n\t<meta property=\"og:image:height\" content=\"2000\" \/>\n\t<meta property=\"og:image:type\" content=\"image\/jpeg\" \/>\n<meta name=\"twitter:card\" content=\"summary_large_image\" \/>\n<meta name=\"twitter:label1\" content=\"pre\u00e7o\" \/>\n\t<meta name=\"twitter:data1\" content=\"\" \/>\n\t<meta name=\"twitter:label2\" content=\"Disponibilidade\" \/>\n\t<meta name=\"twitter:data2\" content=\"Em stock\" \/>\n<script type=\"application\/ld+json\" class=\"yoast-schema-graph\">{\"@context\":\"https:\/\/schema.org\",\"@graph\":[{\"@type\":\"WebPage\",\"@id\":\"https:\/\/kuken.es\/producto\/radiador-aceite-1500w-7-elementos\/\",\"url\":\"https:\/\/kuken.es\/producto\/radiador-aceite-1500w-7-elementos\/\",\"name\":\"RADIADOR ACEITE 1500W 7 ELEMENTOS - K\u00fcken\",\"isPartOf\":{\"@id\":\"https:\/\/kuken.es\/#website\"},\"primaryImageOfPage\":{\"@id\":\"https:\/\/kuken.es\/producto\/radiador-aceite-1500w-7-elementos\/#primaryimage\"},\"image\":{\"@id\":\"https:\/\/kuken.es\/producto\/radiador-aceite-1500w-7-elementos\/#primaryimage\"},\"thumbnailUrl\":\"https:\/\/kuken.es\/wp-content\/uploads\/productos\/8425160340339_01.jpg\",\"datePublished\":\"2020-10-27T12:42:20+00:00\",\"dateModified\":\"2025-05-27T12:34:48+00:00\",\"description\":\"Radiador de aceite 1500W 7 elementos con termostato, dise\u00f1o compacto y tres niveles de potencia. Silencioso, seguro y f\u00e1cil de mover.\",\"breadcrumb\":{\"@id\":\"https:\/\/kuken.es\/producto\/radiador-aceite-1500w-7-elementos\/#breadcrumb\"},\"inLanguage\":\"pt-PT\",\"potentialAction\":[{\"@type\":\"ReadAction\",\"target\":[\"https:\/\/kuken.es\/producto\/radiador-aceite-1500w-7-elementos\/\"]}]},{\"@type\":\"ImageObject\",\"inLanguage\":\"pt-PT\",\"@id\":\"https:\/\/kuken.es\/producto\/radiador-aceite-1500w-7-elementos\/#primaryimage\",\"url\":\"https:\/\/kuken.es\/wp-content\/uploads\/productos\/8425160340339_01.jpg\",\"contentUrl\":\"https:\/\/kuken.es\/wp-content\/uploads\/productos\/8425160340339_01.jpg\",\"width\":2000,\"height\":2000,\"caption\":\"Radiador el\u00e9ctrico con circuito de aceite\"},{\"@type\":\"BreadcrumbList\",\"@id\":\"https:\/\/kuken.es\/producto\/radiador-aceite-1500w-7-elementos\/#breadcrumb\",\"itemListElement\":[{\"@type\":\"ListItem\",\"position\":1,\"name\":\"Portada\",\"item\":\"https:\/\/kuken.es\/\"},{\"@type\":\"ListItem\",\"position\":2,\"name\":\"Productos\",\"item\":\"https:\/\/kuken.es\/productos\/\"},{\"@type\":\"ListItem\",\"position\":3,\"name\":\"RADIADOR ACEITE 1500W 7 ELEMENTOS\"}]},{\"@type\":\"WebSite\",\"@id\":\"https:\/\/kuken.es\/#website\",\"url\":\"https:\/\/kuken.es\/\",\"name\":\"K\u00fcken\",\"description\":\"Amplia gama de peque\u00f1o electrodom\u00e9stico k\u00fcken\",\"publisher\":{\"@id\":\"https:\/\/kuken.es\/#organization\"},\"potentialAction\":[{\"@type\":\"SearchAction\",\"target\":{\"@type\":\"EntryPoint\",\"urlTemplate\":\"https:\/\/kuken.es\/?s={search_term_string}\"},\"query-input\":{\"@type\":\"PropertyValueSpecification\",\"valueRequired\":true,\"valueName\":\"search_term_string\"}}],\"inLanguage\":\"pt-PT\"},{\"@type\":\"Organization\",\"@id\":\"https:\/\/kuken.es\/#organization\",\"name\":\"Alfa Dyser\",\"url\":\"https:\/\/kuken.es\/\",\"logo\":{\"@type\":\"ImageObject\",\"inLanguage\":\"pt-PT\",\"@id\":\"https:\/\/kuken.es\/#\/schema\/logo\/image\/\",\"url\":\"https:\/\/kuken.es\/wp-content\/uploads\/2019\/04\/kuken-logo.png\",\"contentUrl\":\"https:\/\/kuken.es\/wp-content\/uploads\/2019\/04\/kuken-logo.png\",\"width\":500,\"height\":191,\"caption\":\"Alfa Dyser\"},\"image\":{\"@id\":\"https:\/\/kuken.es\/#\/schema\/logo\/image\/\"},\"sameAs\":[\"https:\/\/es-es.facebook.com\/alfadyser\/\",\"https:\/\/www.instagram.com\/kuken_appliances\/\"]}]}<\/script>\n<meta property=\"product:price:amount\" content=\"0.00\" \/>\n<meta property=\"product:price:currency\" content=\"EUR\" \/>\n<meta property=\"og:availability\" content=\"instock\" \/>\n<meta property=\"product:availability\" content=\"instock\" \/>\n<meta property=\"product:retailer_item_id\" content=\"34033\" \/>\n<meta property=\"product:condition\" content=\"new\" \/>\n<!-- \/ Yoast SEO Premium plugin. -->","yoast_head_json":{"title":"RADIADOR ACEITE 1500W 7 ELEMENTOS - K\u00fcken","description":"Radiador de aceite 1500W 7 elementos con termostato, dise\u00f1o compacto y tres niveles de potencia. Silencioso, seguro y f\u00e1cil de mover.","robots":{"index":"index","follow":"follow","max-snippet":"max-snippet:-1","max-image-preview":"max-image-preview:large","max-video-preview":"max-video-preview:-1"},"canonical":"https:\/\/kuken.es\/pt\/produto\/radiador-aceite-1500w-7-elementos\/","og_locale":"pt_PT","og_type":"article","og_title":"RADIADOR ACEITE 1500W 7 ELEMENTOS","og_description":"Radiador de aceite 1500W 7 elementos con termostato, dise\u00f1o compacto y tres niveles de potencia. Silencioso, seguro y f\u00e1cil de mover.","og_url":"https:\/\/kuken.es\/pt\/produto\/radiador-aceite-1500w-7-elementos\/","og_site_name":"K\u00fcken","article_publisher":"https:\/\/es-es.facebook.com\/alfadyser\/","article_modified_time":"2025-05-27T12:34:48+00:00","og_image":[{"width":2000,"height":2000,"url":"https:\/\/kuken.es\/wp-content\/uploads\/productos\/8425160340339_01.jpg","type":"image\/jpeg"}],"twitter_card":"summary_large_image","twitter_misc":{"pre\u00e7o":"","Disponibilidade":"Em stock"},"schema":{"@context":"https:\/\/schema.org","@graph":[{"@type":"WebPage","@id":"https:\/\/kuken.es\/producto\/radiador-aceite-1500w-7-elementos\/","url":"https:\/\/kuken.es\/producto\/radiador-aceite-1500w-7-elementos\/","name":"RADIADOR ACEITE 1500W 7 ELEMENTOS - K\u00fcken","isPartOf":{"@id":"https:\/\/kuken.es\/#website"},"primaryImageOfPage":{"@id":"https:\/\/kuken.es\/producto\/radiador-aceite-1500w-7-elementos\/#primaryimage"},"image":{"@id":"https:\/\/kuken.es\/producto\/radiador-aceite-1500w-7-elementos\/#primaryimage"},"thumbnailUrl":"https:\/\/kuken.es\/wp-content\/uploads\/productos\/8425160340339_01.jpg","datePublished":"2020-10-27T12:42:20+00:00","dateModified":"2025-05-27T12:34:48+00:00","description":"Radiador de aceite 1500W 7 elementos con termostato, dise\u00f1o compacto y tres niveles de potencia. Silencioso, seguro y f\u00e1cil de mover.","breadcrumb":{"@id":"https:\/\/kuken.es\/producto\/radiador-aceite-1500w-7-elementos\/#breadcrumb"},"inLanguage":"pt-PT","potentialAction":[{"@type":"ReadAction","target":["https:\/\/kuken.es\/producto\/radiador-aceite-1500w-7-elementos\/"]}]},{"@type":"ImageObject","inLanguage":"pt-PT","@id":"https:\/\/kuken.es\/producto\/radiador-aceite-1500w-7-elementos\/#primaryimage","url":"https:\/\/kuken.es\/wp-content\/uploads\/productos\/8425160340339_01.jpg","contentUrl":"https:\/\/kuken.es\/wp-content\/uploads\/productos\/8425160340339_01.jpg","width":2000,"height":2000,"caption":"Radiador el\u00e9ctrico con circuito de aceite"},{"@type":"BreadcrumbList","@id":"https:\/\/kuken.es\/producto\/radiador-aceite-1500w-7-elementos\/#breadcrumb","itemListElement":[{"@type":"ListItem","position":1,"name":"Portada","item":"https:\/\/kuken.es\/"},{"@type":"ListItem","position":2,"name":"Productos","item":"https:\/\/kuken.es\/productos\/"},{"@type":"ListItem","position":3,"name":"RADIADOR ACEITE 1500W 7 ELEMENTOS"}]},{"@type":"WebSite","@id":"https:\/\/kuken.es\/#website","url":"https:\/\/kuken.es\/","name":"K\u00fcken","description":"Vasta gama de pequenos electrodom\u00e9sticos k\u00fcken","publisher":{"@id":"https:\/\/kuken.es\/#organization"},"potentialAction":[{"@type":"SearchAction","target":{"@type":"EntryPoint","urlTemplate":"https:\/\/kuken.es\/?s={search_term_string}"},"query-input":{"@type":"PropertyValueSpecification","valueRequired":true,"valueName":"search_term_string"}}],"inLanguage":"pt-PT"},{"@type":"Organization","@id":"https:\/\/kuken.es\/#organization","name":"Alpha Dyser","url":"https:\/\/kuken.es\/","logo":{"@type":"ImageObject","inLanguage":"pt-PT","@id":"https:\/\/kuken.es\/#\/schema\/logo\/image\/","url":"https:\/\/kuken.es\/wp-content\/uploads\/2019\/04\/kuken-logo.png","contentUrl":"https:\/\/kuken.es\/wp-content\/uploads\/2019\/04\/kuken-logo.png","width":500,"height":191,"caption":"Alfa Dyser"},"image":{"@id":"https:\/\/kuken.es\/#\/schema\/logo\/image\/"},"sameAs":["https:\/\/es-es.facebook.com\/alfadyser\/","https:\/\/www.instagram.com\/kuken_appliances\/"]}]},"product_price_amount":"0.00","product_price_currency":"EUR","og_availability":"instock","product_availability":"instock","product_retailer_item_id":"34033","product_condition":"new"},"_links":{"self":[{"href":"https:\/\/kuken.es\/pt\/wp-json\/wp\/v2\/product\/6183","targetHints":{"allow":["GET"]}}],"collection":[{"href":"https:\/\/kuken.es\/pt\/wp-json\/wp\/v2\/product"}],"about":[{"href":"https:\/\/kuken.es\/pt\/wp-json\/wp\/v2\/types\/product"}],"wp:featuredmedia":[{"embeddable":true,"href":"https:\/\/kuken.es\/pt\/wp-json\/wp\/v2\/media\/5740"}],"wp:attachment":[{"href":"https:\/\/kuken.es\/pt\/wp-json\/wp\/v2\/media?parent=6183"}],"wp:term":[{"taxonomy":"product_brand","embeddable":true,"href":"https:\/\/kuken.es\/pt\/wp-json\/wp\/v2\/product_brand?post=6183"},{"taxonomy":"product_cat","embeddable":true,"href":"https:\/\/kuken.es\/pt\/wp-json\/wp\/v2\/product_cat?post=6183"},{"taxonomy":"product_tag","embeddable":true,"href":"https:\/\/kuken.es\/pt\/wp-json\/wp\/v2\/product_tag?post=6183"}],"curies":[{"name":"wp","href":"https:\/\/api.w.org\/{rel}","templated":true}]}}