{"id":6167,"date":"2020-10-27T13:42:10","date_gmt":"2020-10-27T12:42:10","guid":{"rendered":"https:\/\/kuken.es\/producto\/estacion-meteorologica-int-ext-usb-color\/"},"modified":"2025-06-02T07:12:29","modified_gmt":"2025-06-02T05:12:29","slug":"estacion-meteorologica-interior-exterior-color","status":"publish","type":"product","link":"https:\/\/kuken.es\/pt\/produto\/estacion-meteorologica-interior-exterior-color\/","title":{"rendered":"ESTA\u00c7\u00c3O METEOROL\u00d3GICA INTERIOR EXTERIOR COR"},"content":{"rendered":"<p>ESTA\u00c7\u00c3O METEOROL\u00d3GICA INTERIOR EXTERIOR COR<\/p>\n<ul data-start=\"557\" data-end=\"1259\">\n<li data-start=\"557\" data-end=\"632\">\n<p data-start=\"559\" data-end=\"632\">Pantalla LCD a color: visualizaci\u00f3n clara y atractiva de los datos.<\/p>\n<\/li>\n<li data-start=\"633\" data-end=\"729\">\n<p data-start=\"635\" data-end=\"729\">Sensor exterior inal\u00e1mbrico: mide la temperatura y humedad ambiental en tiempo real.<\/p>\n<\/li>\n<li data-start=\"730\" data-end=\"821\">\n<p data-start=\"732\" data-end=\"821\">Indicador de condiciones meteorol\u00f3gicas: representa sol, nubes, lluvia o nieve.<\/p>\n<\/li>\n<li data-start=\"822\" data-end=\"907\">\n<p data-start=\"824\" data-end=\"907\">Datos interiores: muestra temperatura y humedad en el interior del hogar.<\/p>\n<\/li>\n<li data-start=\"908\" data-end=\"992\">\n<p data-start=\"910\" data-end=\"992\">Funci\u00f3n de alarma integrada: con visualizaci\u00f3n de d\u00eda y mes en pantalla.<\/p>\n<\/li>\n<li data-start=\"993\" data-end=\"1082\">\n<p data-start=\"995\" data-end=\"1082\">Puerto USB: \u00fatil como fuente de alimentaci\u00f3n alternativa o carga de dispositivos.<\/p>\n<\/li>\n<li data-start=\"1083\" data-end=\"1170\">\n<p data-start=\"1085\" data-end=\"1170\">Dise\u00f1o vers\u00e1til: incluye soporte trasero y colgador para fijaci\u00f3n en pared.<\/p>\n<\/li>\n<li data-start=\"1171\" data-end=\"1259\">\n<p data-start=\"1173\" data-end=\"1259\">Funciona con 3 pilas LR03 (no incluidas): opci\u00f3n inal\u00e1mbrica para mayor comodidad.<\/p>\n<\/li>\n<\/ul>\n<p><div class=\"accordion\"><div class=\"mfn-acc accordion_wrapper  toggle\"><div class=\"question\"><div class=\"title\"><i class=\"icon-plus acc-icon-plus\" aria-hidden=\"true\"><\/i><i class=\"icon-minus acc-icon-minus\" aria-hidden=\"true\"><\/i>Dados do produto<\/div><div class=\"answer\">EAN: 8425160339845<\/p>\n<p>ESTA\u00c7\u00c3O METEOROL\u00d3GICA INTERIOR EXTERIOR COR<\/p>\n<p>Unidades: 1<br \/>\nColor: Negro y gris<br \/>\nEmbalagem: Caixa colorida<br \/>\nVoltaje: Pilas LR03<br \/>\nMaterial: PC de alta resist\u00eancia<\/div><\/div>\n<\/div><\/div>\n<br \/>\n<div class=\"accordion\"><div class=\"mfn-acc accordion_wrapper  toggle\"><div class=\"question\"><div class=\"title\"><i class=\"icon-plus acc-icon-plus\" aria-hidden=\"true\"><\/i><i class=\"icon-minus acc-icon-minus\" aria-hidden=\"true\"><\/i>Acess\u00f3rios<\/div><div class=\"answer\"><\/div><\/div>\n<\/div><\/div>\n<\/p>\n<div class=\"descargas-producto\"><a href=\"\/wp-content\/uploads\/pdf\/8425160339845_ficha_tecnica.pdf\" target=\"_blank\" rel=\"noopener noreferrer\"><br \/>\n<img loading=\"lazy\" decoding=\"async\" src=\"\/wp-content\/uploads\/2019\/12\/picto-descarrega.png\" alt=\"descarregar ficha de dados\" width=\"23\" height=\"16\" \/>Descarregar ficha<\/a><br \/>\n<a href=\"https:\/\/kuken.es\/wp-content\/uploads\/instrucciones_33984.pdf\"><img loading=\"lazy\" decoding=\"async\" src=\"\/wp-content\/uploads\/2019\/12\/picto-descarrega.png\" alt=\"descarregar manual de instru\u00e7\u00f5es\" width=\"23\" height=\"16\" \/>Descarregar o manual<\/a><\/div>\n<div><\/div>\n<div><span style=\"color: #bf2121\">Siga-nos nas redes sociais!<\/span><\/div>\n<div><a href=\"https:\/\/www.instagram.com\/kuken_appliances\/\">https:\/\/www.instagram.com\/kuken_appliances\/<\/a><\/div>","protected":false},"excerpt":{"rendered":"<p data-start=\"373\" data-end=\"519\">Controla el clima de tu entorno con precisi\u00f3n y estilo. Esta estaci\u00f3n muestra datos en pantalla a color e incluye funciones de previsi\u00f3n y alarma.<\/p>","protected":false},"featured_media":5667,"template":"","meta":[],"product_brand":[],"product_cat":[148,38],"product_tag":[],"class_list":{"0":"post-6167","1":"product","2":"type-product","3":"status-publish","4":"has-post-thumbnail","6":"product_cat-estaciones-meteorologicas","7":"product_cat-premium","9":"first","10":"instock","11":"product-type-simple"},"yoast_head":"<!-- This site is optimized with the Yoast SEO Premium plugin v24.0 (Yoast SEO v26.5) - https:\/\/yoast.com\/wordpress\/plugins\/seo\/ -->\n<title>ESTACI\u00d3N METEOROL\u00d3GICA INTERIOR EXTERIOR COLOR - K\u00fcken<\/title>\n<meta name=\"description\" content=\"Estaci\u00f3n meteorol\u00f3gica con temperatura interior y exterior. Gran pantalla a color con m\u00fatiple informaci\u00f3n. Descubre aqu\u00ed sus caracter\u00edsticas.\" \/>\n<meta name=\"robots\" content=\"index, follow, max-snippet:-1, max-image-preview:large, max-video-preview:-1\" \/>\n<link rel=\"canonical\" href=\"https:\/\/kuken.es\/pt\/produto\/estacion-meteorologica-interior-exterior-color\/\" \/>\n<meta property=\"og:locale\" content=\"pt_PT\" \/>\n<meta property=\"og:type\" content=\"article\" \/>\n<meta property=\"og:title\" content=\"ESTACI\u00d3N METEOROL\u00d3GICA INTERIOR EXTERIOR COLOR\" \/>\n<meta property=\"og:description\" content=\"Estaci\u00f3n meteorol\u00f3gica con temperatura interior y exterior. Gran pantalla a color con m\u00fatiple informaci\u00f3n. Descubre aqu\u00ed sus caracter\u00edsticas.\" \/>\n<meta property=\"og:url\" content=\"https:\/\/kuken.es\/pt\/produto\/estacion-meteorologica-interior-exterior-color\/\" \/>\n<meta property=\"og:site_name\" content=\"K\u00fcken\" \/>\n<meta property=\"article:publisher\" content=\"https:\/\/es-es.facebook.com\/alfadyser\/\" \/>\n<meta property=\"article:modified_time\" content=\"2025-06-02T05:12:29+00:00\" \/>\n<meta property=\"og:image\" content=\"https:\/\/kuken.es\/wp-content\/uploads\/productos\/8425160339845_01.jpg\" \/>\n\t<meta property=\"og:image:width\" content=\"2000\" \/>\n\t<meta property=\"og:image:height\" content=\"2000\" \/>\n\t<meta property=\"og:image:type\" content=\"image\/jpeg\" \/>\n<meta name=\"twitter:card\" content=\"summary_large_image\" \/>\n<meta name=\"twitter:label1\" content=\"pre\u00e7o\" \/>\n\t<meta name=\"twitter:data1\" content=\"\" \/>\n\t<meta name=\"twitter:label2\" content=\"Disponibilidade\" \/>\n\t<meta name=\"twitter:data2\" content=\"Em stock\" \/>\n<script type=\"application\/ld+json\" class=\"yoast-schema-graph\">{\"@context\":\"https:\/\/schema.org\",\"@graph\":[{\"@type\":\"WebPage\",\"@id\":\"https:\/\/kuken.es\/producto\/estacion-meteorologica-interior-exterior-color\/\",\"url\":\"https:\/\/kuken.es\/producto\/estacion-meteorologica-interior-exterior-color\/\",\"name\":\"ESTACI\u00d3N METEOROL\u00d3GICA INTERIOR EXTERIOR COLOR - K\u00fcken\",\"isPartOf\":{\"@id\":\"https:\/\/kuken.es\/#website\"},\"primaryImageOfPage\":{\"@id\":\"https:\/\/kuken.es\/producto\/estacion-meteorologica-interior-exterior-color\/#primaryimage\"},\"image\":{\"@id\":\"https:\/\/kuken.es\/producto\/estacion-meteorologica-interior-exterior-color\/#primaryimage\"},\"thumbnailUrl\":\"https:\/\/kuken.es\/wp-content\/uploads\/productos\/8425160339845_01.jpg\",\"datePublished\":\"2020-10-27T12:42:10+00:00\",\"dateModified\":\"2025-06-02T05:12:29+00:00\",\"description\":\"Estaci\u00f3n meteorol\u00f3gica con temperatura interior y exterior. Gran pantalla a color con m\u00fatiple informaci\u00f3n. Descubre aqu\u00ed sus caracter\u00edsticas.\",\"breadcrumb\":{\"@id\":\"https:\/\/kuken.es\/producto\/estacion-meteorologica-interior-exterior-color\/#breadcrumb\"},\"inLanguage\":\"pt-PT\",\"potentialAction\":[{\"@type\":\"ReadAction\",\"target\":[\"https:\/\/kuken.es\/producto\/estacion-meteorologica-interior-exterior-color\/\"]}]},{\"@type\":\"ImageObject\",\"inLanguage\":\"pt-PT\",\"@id\":\"https:\/\/kuken.es\/producto\/estacion-meteorologica-interior-exterior-color\/#primaryimage\",\"url\":\"https:\/\/kuken.es\/wp-content\/uploads\/productos\/8425160339845_01.jpg\",\"contentUrl\":\"https:\/\/kuken.es\/wp-content\/uploads\/productos\/8425160339845_01.jpg\",\"width\":2000,\"height\":2000,\"caption\":\"Estaci\u00f3n meteorol\u00f3gica interior exterior con pantalla a color\"},{\"@type\":\"BreadcrumbList\",\"@id\":\"https:\/\/kuken.es\/producto\/estacion-meteorologica-interior-exterior-color\/#breadcrumb\",\"itemListElement\":[{\"@type\":\"ListItem\",\"position\":1,\"name\":\"Portada\",\"item\":\"https:\/\/kuken.es\/\"},{\"@type\":\"ListItem\",\"position\":2,\"name\":\"Productos\",\"item\":\"https:\/\/kuken.es\/productos\/\"},{\"@type\":\"ListItem\",\"position\":3,\"name\":\"ESTACI\u00d3N METEOROL\u00d3GICA INTERIOR EXTERIOR COLOR\"}]},{\"@type\":\"WebSite\",\"@id\":\"https:\/\/kuken.es\/#website\",\"url\":\"https:\/\/kuken.es\/\",\"name\":\"K\u00fcken\",\"description\":\"Amplia gama de peque\u00f1o electrodom\u00e9stico k\u00fcken\",\"publisher\":{\"@id\":\"https:\/\/kuken.es\/#organization\"},\"potentialAction\":[{\"@type\":\"SearchAction\",\"target\":{\"@type\":\"EntryPoint\",\"urlTemplate\":\"https:\/\/kuken.es\/?s={search_term_string}\"},\"query-input\":{\"@type\":\"PropertyValueSpecification\",\"valueRequired\":true,\"valueName\":\"search_term_string\"}}],\"inLanguage\":\"pt-PT\"},{\"@type\":\"Organization\",\"@id\":\"https:\/\/kuken.es\/#organization\",\"name\":\"Alfa Dyser\",\"url\":\"https:\/\/kuken.es\/\",\"logo\":{\"@type\":\"ImageObject\",\"inLanguage\":\"pt-PT\",\"@id\":\"https:\/\/kuken.es\/#\/schema\/logo\/image\/\",\"url\":\"https:\/\/kuken.es\/wp-content\/uploads\/2019\/04\/kuken-logo.png\",\"contentUrl\":\"https:\/\/kuken.es\/wp-content\/uploads\/2019\/04\/kuken-logo.png\",\"width\":500,\"height\":191,\"caption\":\"Alfa Dyser\"},\"image\":{\"@id\":\"https:\/\/kuken.es\/#\/schema\/logo\/image\/\"},\"sameAs\":[\"https:\/\/es-es.facebook.com\/alfadyser\/\",\"https:\/\/www.instagram.com\/kuken_appliances\/\"]}]}<\/script>\n<meta property=\"product:price:amount\" content=\"0.00\" \/>\n<meta property=\"product:price:currency\" content=\"EUR\" \/>\n<meta property=\"og:availability\" content=\"instock\" \/>\n<meta property=\"product:availability\" content=\"instock\" \/>\n<meta property=\"product:retailer_item_id\" content=\"33984\" \/>\n<meta property=\"product:condition\" content=\"new\" \/>\n<!-- \/ Yoast SEO Premium plugin. -->","yoast_head_json":{"title":"ESTACI\u00d3N METEOROL\u00d3GICA INTERIOR EXTERIOR COLOR - K\u00fcken","description":"Estaci\u00f3n meteorol\u00f3gica con temperatura interior y exterior. Gran pantalla a color con m\u00fatiple informaci\u00f3n. Descubre aqu\u00ed sus caracter\u00edsticas.","robots":{"index":"index","follow":"follow","max-snippet":"max-snippet:-1","max-image-preview":"max-image-preview:large","max-video-preview":"max-video-preview:-1"},"canonical":"https:\/\/kuken.es\/pt\/produto\/estacion-meteorologica-interior-exterior-color\/","og_locale":"pt_PT","og_type":"article","og_title":"ESTACI\u00d3N METEOROL\u00d3GICA INTERIOR EXTERIOR COLOR","og_description":"Estaci\u00f3n meteorol\u00f3gica con temperatura interior y exterior. Gran pantalla a color con m\u00fatiple informaci\u00f3n. Descubre aqu\u00ed sus caracter\u00edsticas.","og_url":"https:\/\/kuken.es\/pt\/produto\/estacion-meteorologica-interior-exterior-color\/","og_site_name":"K\u00fcken","article_publisher":"https:\/\/es-es.facebook.com\/alfadyser\/","article_modified_time":"2025-06-02T05:12:29+00:00","og_image":[{"width":2000,"height":2000,"url":"https:\/\/kuken.es\/wp-content\/uploads\/productos\/8425160339845_01.jpg","type":"image\/jpeg"}],"twitter_card":"summary_large_image","twitter_misc":{"pre\u00e7o":"","Disponibilidade":"Em stock"},"schema":{"@context":"https:\/\/schema.org","@graph":[{"@type":"WebPage","@id":"https:\/\/kuken.es\/producto\/estacion-meteorologica-interior-exterior-color\/","url":"https:\/\/kuken.es\/producto\/estacion-meteorologica-interior-exterior-color\/","name":"ESTACI\u00d3N METEOROL\u00d3GICA INTERIOR EXTERIOR COLOR - K\u00fcken","isPartOf":{"@id":"https:\/\/kuken.es\/#website"},"primaryImageOfPage":{"@id":"https:\/\/kuken.es\/producto\/estacion-meteorologica-interior-exterior-color\/#primaryimage"},"image":{"@id":"https:\/\/kuken.es\/producto\/estacion-meteorologica-interior-exterior-color\/#primaryimage"},"thumbnailUrl":"https:\/\/kuken.es\/wp-content\/uploads\/productos\/8425160339845_01.jpg","datePublished":"2020-10-27T12:42:10+00:00","dateModified":"2025-06-02T05:12:29+00:00","description":"Estaci\u00f3n meteorol\u00f3gica con temperatura interior y exterior. Gran pantalla a color con m\u00fatiple informaci\u00f3n. Descubre aqu\u00ed sus caracter\u00edsticas.","breadcrumb":{"@id":"https:\/\/kuken.es\/producto\/estacion-meteorologica-interior-exterior-color\/#breadcrumb"},"inLanguage":"pt-PT","potentialAction":[{"@type":"ReadAction","target":["https:\/\/kuken.es\/producto\/estacion-meteorologica-interior-exterior-color\/"]}]},{"@type":"ImageObject","inLanguage":"pt-PT","@id":"https:\/\/kuken.es\/producto\/estacion-meteorologica-interior-exterior-color\/#primaryimage","url":"https:\/\/kuken.es\/wp-content\/uploads\/productos\/8425160339845_01.jpg","contentUrl":"https:\/\/kuken.es\/wp-content\/uploads\/productos\/8425160339845_01.jpg","width":2000,"height":2000,"caption":"Estaci\u00f3n meteorol\u00f3gica interior exterior con pantalla a color"},{"@type":"BreadcrumbList","@id":"https:\/\/kuken.es\/producto\/estacion-meteorologica-interior-exterior-color\/#breadcrumb","itemListElement":[{"@type":"ListItem","position":1,"name":"Portada","item":"https:\/\/kuken.es\/"},{"@type":"ListItem","position":2,"name":"Productos","item":"https:\/\/kuken.es\/productos\/"},{"@type":"ListItem","position":3,"name":"ESTACI\u00d3N METEOROL\u00d3GICA INTERIOR EXTERIOR COLOR"}]},{"@type":"WebSite","@id":"https:\/\/kuken.es\/#website","url":"https:\/\/kuken.es\/","name":"K\u00fcken","description":"Vasta gama de pequenos electrodom\u00e9sticos k\u00fcken","publisher":{"@id":"https:\/\/kuken.es\/#organization"},"potentialAction":[{"@type":"SearchAction","target":{"@type":"EntryPoint","urlTemplate":"https:\/\/kuken.es\/?s={search_term_string}"},"query-input":{"@type":"PropertyValueSpecification","valueRequired":true,"valueName":"search_term_string"}}],"inLanguage":"pt-PT"},{"@type":"Organization","@id":"https:\/\/kuken.es\/#organization","name":"Alpha Dyser","url":"https:\/\/kuken.es\/","logo":{"@type":"ImageObject","inLanguage":"pt-PT","@id":"https:\/\/kuken.es\/#\/schema\/logo\/image\/","url":"https:\/\/kuken.es\/wp-content\/uploads\/2019\/04\/kuken-logo.png","contentUrl":"https:\/\/kuken.es\/wp-content\/uploads\/2019\/04\/kuken-logo.png","width":500,"height":191,"caption":"Alfa Dyser"},"image":{"@id":"https:\/\/kuken.es\/#\/schema\/logo\/image\/"},"sameAs":["https:\/\/es-es.facebook.com\/alfadyser\/","https:\/\/www.instagram.com\/kuken_appliances\/"]}]},"product_price_amount":"0.00","product_price_currency":"EUR","og_availability":"instock","product_availability":"instock","product_retailer_item_id":"33984","product_condition":"new"},"_links":{"self":[{"href":"https:\/\/kuken.es\/pt\/wp-json\/wp\/v2\/product\/6167","targetHints":{"allow":["GET"]}}],"collection":[{"href":"https:\/\/kuken.es\/pt\/wp-json\/wp\/v2\/product"}],"about":[{"href":"https:\/\/kuken.es\/pt\/wp-json\/wp\/v2\/types\/product"}],"wp:featuredmedia":[{"embeddable":true,"href":"https:\/\/kuken.es\/pt\/wp-json\/wp\/v2\/media\/5667"}],"wp:attachment":[{"href":"https:\/\/kuken.es\/pt\/wp-json\/wp\/v2\/media?parent=6167"}],"wp:term":[{"taxonomy":"product_brand","embeddable":true,"href":"https:\/\/kuken.es\/pt\/wp-json\/wp\/v2\/product_brand?post=6167"},{"taxonomy":"product_cat","embeddable":true,"href":"https:\/\/kuken.es\/pt\/wp-json\/wp\/v2\/product_cat?post=6167"},{"taxonomy":"product_tag","embeddable":true,"href":"https:\/\/kuken.es\/pt\/wp-json\/wp\/v2\/product_tag?post=6167"}],"curies":[{"name":"wp","href":"https:\/\/api.w.org\/{rel}","templated":true}]}}