{"id":6154,"date":"2020-10-27T13:42:00","date_gmt":"2020-10-27T12:42:00","guid":{"rendered":"https:\/\/kuken.es\/producto\/palomitero-electrico-kuken-1200w\/"},"modified":"2025-06-02T06:42:19","modified_gmt":"2025-06-02T04:42:19","slug":"palomitero-electrico-kuken-1200w","status":"publish","type":"product","link":"https:\/\/kuken.es\/pt\/produto\/palomitero-electrico-kuken-1200w\/","title":{"rendered":"PIPOQUEIRA EL\u00c9CTRICA K\u00dcKEN 1200W"},"content":{"rendered":"<p>PIPOQUEIRA EL\u00c9CTRICA K\u00dcKEN 1200W<\/p>\n<ul>\n<li data-start=\"552\" data-end=\"619\">\n<p data-start=\"554\" data-end=\"619\">Potencia de 1200W: prepara palomitas en solo 2 minutos.<\/p>\n<\/li>\n<li data-start=\"620\" data-end=\"701\">\n<p data-start=\"622\" data-end=\"701\">Sistema de aire caliente: cocci\u00f3n uniforme sin aceite ni mantequilla.<\/p>\n<\/li>\n<li data-start=\"702\" data-end=\"781\">\n<p data-start=\"704\" data-end=\"781\">Resistencia interior eficiente: distribuye el calor de forma constante.<\/p>\n<\/li>\n<li data-start=\"782\" data-end=\"880\">\n<p data-start=\"784\" data-end=\"880\">Dise\u00f1o compacto y port\u00e1til: perfecto para cocinas peque\u00f1as o llevar a cualquier lugar.<\/p>\n<\/li>\n<li data-start=\"881\" data-end=\"955\">\n<p data-start=\"883\" data-end=\"955\">F\u00e1cil de usar: basta con a\u00f1adir el ma\u00edz y encender el dispositivo.<\/p>\n<\/li>\n<li data-start=\"956\" data-end=\"1038\">\n<p data-start=\"958\" data-end=\"1038\">Sistema desmontable: permite una limpieza r\u00e1pida y c\u00f3moda tras su uso.<\/p>\n<\/li>\n<li data-start=\"1039\" data-end=\"1089\">\n<p data-start=\"1041\" data-end=\"1089\">Ideal para meriendas m\u00e1s saludables en casa.<\/p>\n<\/li>\n<\/ul>\n<p><div class=\"accordion\"><div class=\"mfn-acc accordion_wrapper  toggle\"><div class=\"question\"><div class=\"title\"><i class=\"icon-plus acc-icon-plus\" aria-hidden=\"true\"><\/i><i class=\"icon-minus acc-icon-minus\" aria-hidden=\"true\"><\/i>Dados do produto<\/div><div class=\"answer\">EAN: 8425160339203<\/p>\n<p>PIPOQUEIRA EL\u00c9CTRICA K\u00dcKEN 1200W<\/p>\n<p>Unidades: 1<br \/>\nCor: vermelho e preto<br \/>\nEmbalagem: Caixa colorida<br \/>\nPot\u00eancia: 1200 W<br \/>\nTens\u00e3o: 230V<br \/>\nMaterial: PC<br \/>\nPeso: 0,7kg<\/div><\/div>\n<\/div><\/div>\n<br \/>\n<div class=\"accordion\"><div class=\"mfn-acc accordion_wrapper  toggle\"><div class=\"question\"><div class=\"title\"><i class=\"icon-plus acc-icon-plus\" aria-hidden=\"true\"><\/i><i class=\"icon-minus acc-icon-minus\" aria-hidden=\"true\"><\/i>Acess\u00f3rios<\/div><div class=\"answer\"><\/div><\/div>\n<\/div><\/div>\n<\/p>\n<div class=\"descargas-producto\"><a href=\"https:\/\/kuken.es\/wp-content\/uploads\/8425160339203_ficha_tecnica.pdf\" target=\"_blank\" rel=\"noopener noreferrer\"><br \/>\n<img loading=\"lazy\" decoding=\"async\" src=\"\/wp-content\/uploads\/2019\/12\/picto-descarrega.png\" alt=\"descarregar ficha de dados\" width=\"23\" height=\"16\" \/>Descarregar ficha<\/a><a href=\"https:\/\/kuken.es\/wp-content\/uploads\/33920_instrucciones.pdf\" target=\"_blank\" rel=\"noopener noreferrer\"><br \/>\n<img loading=\"lazy\" decoding=\"async\" src=\"\/wp-content\/uploads\/2019\/12\/picto-descarrega.png\" alt=\"descarregar manual de instru\u00e7\u00f5es\" width=\"23\" height=\"16\" \/>Descarregar o manual<\/a><\/div>\n<div><\/div>\n<div><span style=\"color: #bf2121\">Siga-nos nas redes sociais!<\/span><\/div>\n<div><a href=\"https:\/\/www.instagram.com\/kuken_appliances\/\">https:\/\/www.instagram.com\/kuken_appliances\/<\/a><\/div>\n<p><iframe loading=\"lazy\" title=\"Palomitero el\u00e9ctrico k\u00fcken\" width=\"560\" height=\"315\" src=\"https:\/\/www.youtube.com\/embed\/S6Tgu2JRdMk?feature=oembed\" frameborder=\"0\" allow=\"accelerometer; autoplay; clipboard-write; encrypted-media; gyroscope; picture-in-picture; web-share\" referrerpolicy=\"strict-origin-when-cross-origin\" allowfullscreen><\/iframe><\/p>","protected":false},"excerpt":{"rendered":"<p data-start=\"361\" data-end=\"514\">Disfruta de tus palomitas favoritas en casa de forma r\u00e1pida, saludable y sin complicaciones. Ideal para un snack ligero y delicioso en cualquier momento.<\/p>","protected":false},"featured_media":5608,"template":"","meta":[],"product_brand":[],"product_cat":[58,38],"product_tag":[],"class_list":{"0":"post-6154","1":"product","2":"type-product","3":"status-publish","4":"has-post-thumbnail","6":"product_cat-palomiteros-premium","7":"product_cat-premium","9":"first","10":"instock","11":"product-type-simple"},"yoast_head":"<!-- This site is optimized with the Yoast SEO Premium plugin v24.0 (Yoast SEO v26.5) - https:\/\/yoast.com\/wordpress\/plugins\/seo\/ -->\n<title>PALOMITERO ELECTRICO K\u00dcKEN 1200W - K\u00fcken<\/title>\n<meta name=\"description\" content=\"Palomitero el\u00e9ctrico de f\u00e1cil funcionamiento y limpieza. Prepara tus palomitas en tan solo 2 minutos. Descubre aqu\u00ed todas sus caracter\u00edsticas.\" \/>\n<meta name=\"robots\" content=\"index, follow, max-snippet:-1, max-image-preview:large, max-video-preview:-1\" \/>\n<link rel=\"canonical\" href=\"https:\/\/kuken.es\/pt\/produto\/palomitero-electrico-kuken-1200w\/\" \/>\n<meta property=\"og:locale\" content=\"pt_PT\" \/>\n<meta property=\"og:type\" content=\"article\" \/>\n<meta property=\"og:title\" content=\"PALOMITERO ELECTRICO K\u00dcKEN 1200W\" \/>\n<meta property=\"og:description\" content=\"Palomitero el\u00e9ctrico de f\u00e1cil funcionamiento y limpieza. Prepara tus palomitas en tan solo 2 minutos. Descubre aqu\u00ed todas sus caracter\u00edsticas.\" \/>\n<meta property=\"og:url\" content=\"https:\/\/kuken.es\/pt\/produto\/palomitero-electrico-kuken-1200w\/\" \/>\n<meta property=\"og:site_name\" content=\"K\u00fcken\" \/>\n<meta property=\"article:publisher\" content=\"https:\/\/es-es.facebook.com\/alfadyser\/\" \/>\n<meta property=\"article:modified_time\" content=\"2025-06-02T04:42:19+00:00\" \/>\n<meta property=\"og:image\" content=\"https:\/\/kuken.es\/wp-content\/uploads\/productos\/8425160339203_01.jpg\" \/>\n\t<meta property=\"og:image:width\" content=\"2000\" \/>\n\t<meta property=\"og:image:height\" content=\"2000\" \/>\n\t<meta property=\"og:image:type\" content=\"image\/jpeg\" \/>\n<meta name=\"twitter:card\" content=\"summary_large_image\" \/>\n<meta name=\"twitter:label1\" content=\"pre\u00e7o\" \/>\n\t<meta name=\"twitter:data1\" content=\"\" \/>\n\t<meta name=\"twitter:label2\" content=\"Disponibilidade\" \/>\n\t<meta name=\"twitter:data2\" content=\"Em stock\" \/>\n<script type=\"application\/ld+json\" class=\"yoast-schema-graph\">{\"@context\":\"https:\/\/schema.org\",\"@graph\":[{\"@type\":\"WebPage\",\"@id\":\"https:\/\/kuken.es\/producto\/palomitero-electrico-kuken-1200w\/\",\"url\":\"https:\/\/kuken.es\/producto\/palomitero-electrico-kuken-1200w\/\",\"name\":\"PALOMITERO ELECTRICO K\u00dcKEN 1200W - K\u00fcken\",\"isPartOf\":{\"@id\":\"https:\/\/kuken.es\/#website\"},\"primaryImageOfPage\":{\"@id\":\"https:\/\/kuken.es\/producto\/palomitero-electrico-kuken-1200w\/#primaryimage\"},\"image\":{\"@id\":\"https:\/\/kuken.es\/producto\/palomitero-electrico-kuken-1200w\/#primaryimage\"},\"thumbnailUrl\":\"https:\/\/kuken.es\/wp-content\/uploads\/productos\/8425160339203_01.jpg\",\"datePublished\":\"2020-10-27T12:42:00+00:00\",\"dateModified\":\"2025-06-02T04:42:19+00:00\",\"description\":\"Palomitero el\u00e9ctrico de f\u00e1cil funcionamiento y limpieza. Prepara tus palomitas en tan solo 2 minutos. Descubre aqu\u00ed todas sus caracter\u00edsticas.\",\"breadcrumb\":{\"@id\":\"https:\/\/kuken.es\/producto\/palomitero-electrico-kuken-1200w\/#breadcrumb\"},\"inLanguage\":\"pt-PT\",\"potentialAction\":[{\"@type\":\"ReadAction\",\"target\":[\"https:\/\/kuken.es\/producto\/palomitero-electrico-kuken-1200w\/\"]}]},{\"@type\":\"ImageObject\",\"inLanguage\":\"pt-PT\",\"@id\":\"https:\/\/kuken.es\/producto\/palomitero-electrico-kuken-1200w\/#primaryimage\",\"url\":\"https:\/\/kuken.es\/wp-content\/uploads\/productos\/8425160339203_01.jpg\",\"contentUrl\":\"https:\/\/kuken.es\/wp-content\/uploads\/productos\/8425160339203_01.jpg\",\"width\":2000,\"height\":2000,\"caption\":\"Palomitero el\u00e9ctrico f\u00e1cil de usar y de limpiar\"},{\"@type\":\"BreadcrumbList\",\"@id\":\"https:\/\/kuken.es\/producto\/palomitero-electrico-kuken-1200w\/#breadcrumb\",\"itemListElement\":[{\"@type\":\"ListItem\",\"position\":1,\"name\":\"Portada\",\"item\":\"https:\/\/kuken.es\/\"},{\"@type\":\"ListItem\",\"position\":2,\"name\":\"Productos\",\"item\":\"https:\/\/kuken.es\/productos\/\"},{\"@type\":\"ListItem\",\"position\":3,\"name\":\"PALOMITERO ELECTRICO K\u00dcKEN 1200W\"}]},{\"@type\":\"WebSite\",\"@id\":\"https:\/\/kuken.es\/#website\",\"url\":\"https:\/\/kuken.es\/\",\"name\":\"K\u00fcken\",\"description\":\"Amplia gama de peque\u00f1o electrodom\u00e9stico k\u00fcken\",\"publisher\":{\"@id\":\"https:\/\/kuken.es\/#organization\"},\"potentialAction\":[{\"@type\":\"SearchAction\",\"target\":{\"@type\":\"EntryPoint\",\"urlTemplate\":\"https:\/\/kuken.es\/?s={search_term_string}\"},\"query-input\":{\"@type\":\"PropertyValueSpecification\",\"valueRequired\":true,\"valueName\":\"search_term_string\"}}],\"inLanguage\":\"pt-PT\"},{\"@type\":\"Organization\",\"@id\":\"https:\/\/kuken.es\/#organization\",\"name\":\"Alfa Dyser\",\"url\":\"https:\/\/kuken.es\/\",\"logo\":{\"@type\":\"ImageObject\",\"inLanguage\":\"pt-PT\",\"@id\":\"https:\/\/kuken.es\/#\/schema\/logo\/image\/\",\"url\":\"https:\/\/kuken.es\/wp-content\/uploads\/2019\/04\/kuken-logo.png\",\"contentUrl\":\"https:\/\/kuken.es\/wp-content\/uploads\/2019\/04\/kuken-logo.png\",\"width\":500,\"height\":191,\"caption\":\"Alfa Dyser\"},\"image\":{\"@id\":\"https:\/\/kuken.es\/#\/schema\/logo\/image\/\"},\"sameAs\":[\"https:\/\/es-es.facebook.com\/alfadyser\/\",\"https:\/\/www.instagram.com\/kuken_appliances\/\"]}]}<\/script>\n<meta property=\"product:price:amount\" content=\"0.00\" \/>\n<meta property=\"product:price:currency\" content=\"EUR\" \/>\n<meta property=\"og:availability\" content=\"instock\" \/>\n<meta property=\"product:availability\" content=\"instock\" \/>\n<meta property=\"product:retailer_item_id\" content=\"33920\" \/>\n<meta property=\"product:condition\" content=\"new\" \/>\n<!-- \/ Yoast SEO Premium plugin. -->","yoast_head_json":{"title":"PALOMITERO ELECTRICO K\u00dcKEN 1200W - K\u00fcken","description":"Palomitero el\u00e9ctrico de f\u00e1cil funcionamiento y limpieza. Prepara tus palomitas en tan solo 2 minutos. Descubre aqu\u00ed todas sus caracter\u00edsticas.","robots":{"index":"index","follow":"follow","max-snippet":"max-snippet:-1","max-image-preview":"max-image-preview:large","max-video-preview":"max-video-preview:-1"},"canonical":"https:\/\/kuken.es\/pt\/produto\/palomitero-electrico-kuken-1200w\/","og_locale":"pt_PT","og_type":"article","og_title":"PALOMITERO ELECTRICO K\u00dcKEN 1200W","og_description":"Palomitero el\u00e9ctrico de f\u00e1cil funcionamiento y limpieza. Prepara tus palomitas en tan solo 2 minutos. Descubre aqu\u00ed todas sus caracter\u00edsticas.","og_url":"https:\/\/kuken.es\/pt\/produto\/palomitero-electrico-kuken-1200w\/","og_site_name":"K\u00fcken","article_publisher":"https:\/\/es-es.facebook.com\/alfadyser\/","article_modified_time":"2025-06-02T04:42:19+00:00","og_image":[{"width":2000,"height":2000,"url":"https:\/\/kuken.es\/wp-content\/uploads\/productos\/8425160339203_01.jpg","type":"image\/jpeg"}],"twitter_card":"summary_large_image","twitter_misc":{"pre\u00e7o":"","Disponibilidade":"Em stock"},"schema":{"@context":"https:\/\/schema.org","@graph":[{"@type":"WebPage","@id":"https:\/\/kuken.es\/producto\/palomitero-electrico-kuken-1200w\/","url":"https:\/\/kuken.es\/producto\/palomitero-electrico-kuken-1200w\/","name":"PALOMITERO ELECTRICO K\u00dcKEN 1200W - K\u00fcken","isPartOf":{"@id":"https:\/\/kuken.es\/#website"},"primaryImageOfPage":{"@id":"https:\/\/kuken.es\/producto\/palomitero-electrico-kuken-1200w\/#primaryimage"},"image":{"@id":"https:\/\/kuken.es\/producto\/palomitero-electrico-kuken-1200w\/#primaryimage"},"thumbnailUrl":"https:\/\/kuken.es\/wp-content\/uploads\/productos\/8425160339203_01.jpg","datePublished":"2020-10-27T12:42:00+00:00","dateModified":"2025-06-02T04:42:19+00:00","description":"Palomitero el\u00e9ctrico de f\u00e1cil funcionamiento y limpieza. Prepara tus palomitas en tan solo 2 minutos. Descubre aqu\u00ed todas sus caracter\u00edsticas.","breadcrumb":{"@id":"https:\/\/kuken.es\/producto\/palomitero-electrico-kuken-1200w\/#breadcrumb"},"inLanguage":"pt-PT","potentialAction":[{"@type":"ReadAction","target":["https:\/\/kuken.es\/producto\/palomitero-electrico-kuken-1200w\/"]}]},{"@type":"ImageObject","inLanguage":"pt-PT","@id":"https:\/\/kuken.es\/producto\/palomitero-electrico-kuken-1200w\/#primaryimage","url":"https:\/\/kuken.es\/wp-content\/uploads\/productos\/8425160339203_01.jpg","contentUrl":"https:\/\/kuken.es\/wp-content\/uploads\/productos\/8425160339203_01.jpg","width":2000,"height":2000,"caption":"Palomitero el\u00e9ctrico f\u00e1cil de usar y de limpiar"},{"@type":"BreadcrumbList","@id":"https:\/\/kuken.es\/producto\/palomitero-electrico-kuken-1200w\/#breadcrumb","itemListElement":[{"@type":"ListItem","position":1,"name":"Portada","item":"https:\/\/kuken.es\/"},{"@type":"ListItem","position":2,"name":"Productos","item":"https:\/\/kuken.es\/productos\/"},{"@type":"ListItem","position":3,"name":"PALOMITERO ELECTRICO K\u00dcKEN 1200W"}]},{"@type":"WebSite","@id":"https:\/\/kuken.es\/#website","url":"https:\/\/kuken.es\/","name":"K\u00fcken","description":"Vasta gama de pequenos electrodom\u00e9sticos k\u00fcken","publisher":{"@id":"https:\/\/kuken.es\/#organization"},"potentialAction":[{"@type":"SearchAction","target":{"@type":"EntryPoint","urlTemplate":"https:\/\/kuken.es\/?s={search_term_string}"},"query-input":{"@type":"PropertyValueSpecification","valueRequired":true,"valueName":"search_term_string"}}],"inLanguage":"pt-PT"},{"@type":"Organization","@id":"https:\/\/kuken.es\/#organization","name":"Alpha Dyser","url":"https:\/\/kuken.es\/","logo":{"@type":"ImageObject","inLanguage":"pt-PT","@id":"https:\/\/kuken.es\/#\/schema\/logo\/image\/","url":"https:\/\/kuken.es\/wp-content\/uploads\/2019\/04\/kuken-logo.png","contentUrl":"https:\/\/kuken.es\/wp-content\/uploads\/2019\/04\/kuken-logo.png","width":500,"height":191,"caption":"Alfa Dyser"},"image":{"@id":"https:\/\/kuken.es\/#\/schema\/logo\/image\/"},"sameAs":["https:\/\/es-es.facebook.com\/alfadyser\/","https:\/\/www.instagram.com\/kuken_appliances\/"]}]},"product_price_amount":"0.00","product_price_currency":"EUR","og_availability":"instock","product_availability":"instock","product_retailer_item_id":"33920","product_condition":"new"},"_links":{"self":[{"href":"https:\/\/kuken.es\/pt\/wp-json\/wp\/v2\/product\/6154","targetHints":{"allow":["GET"]}}],"collection":[{"href":"https:\/\/kuken.es\/pt\/wp-json\/wp\/v2\/product"}],"about":[{"href":"https:\/\/kuken.es\/pt\/wp-json\/wp\/v2\/types\/product"}],"wp:featuredmedia":[{"embeddable":true,"href":"https:\/\/kuken.es\/pt\/wp-json\/wp\/v2\/media\/5608"}],"wp:attachment":[{"href":"https:\/\/kuken.es\/pt\/wp-json\/wp\/v2\/media?parent=6154"}],"wp:term":[{"taxonomy":"product_brand","embeddable":true,"href":"https:\/\/kuken.es\/pt\/wp-json\/wp\/v2\/product_brand?post=6154"},{"taxonomy":"product_cat","embeddable":true,"href":"https:\/\/kuken.es\/pt\/wp-json\/wp\/v2\/product_cat?post=6154"},{"taxonomy":"product_tag","embeddable":true,"href":"https:\/\/kuken.es\/pt\/wp-json\/wp\/v2\/product_tag?post=6154"}],"curies":[{"name":"wp","href":"https:\/\/api.w.org\/{rel}","templated":true}]}}