{"id":3394,"date":"2020-03-02T10:21:56","date_gmt":"2020-03-02T09:21:56","guid":{"rendered":"https:\/\/kuken.es\/producto\/balanzas-cocina-electronica-redonda-5kg-roja-kuken\/"},"modified":"2025-05-30T11:13:12","modified_gmt":"2025-05-30T09:13:12","slug":"balanca-de-cozinha-redonda-vermelha-kuken-5kg","status":"publish","type":"product","link":"https:\/\/kuken.es\/pt\/produto\/balanca-de-cozinha-redonda-vermelha-kuken-5kg\/","title":{"rendered":"BALAN\u00c7A DE COZINHA REDONDA K\u00dcKEN VERMELHA 5KG"},"content":{"rendered":"<p>BALAN\u00c7A DE COZINHA REDONDA K\u00dcKEN VERMELHA 5KG<\/p>\n<ul data-start=\"747\" data-end=\"1433\">\n<li data-start=\"747\" data-end=\"816\">\n<p data-start=\"749\" data-end=\"816\">Dise\u00f1ada en cristal templado, resistente y de f\u00e1cil limpieza.<\/p>\n<\/li>\n<li data-start=\"817\" data-end=\"892\">\n<p data-start=\"819\" data-end=\"892\">Acabado elegante en rojo y cristal transparente, estilo decorativo.<\/p>\n<\/li>\n<li data-start=\"893\" data-end=\"963\">\n<p data-start=\"895\" data-end=\"963\">Formato extraplanar y compacto, ideal para espacios reducidos.<\/p>\n<\/li>\n<li data-start=\"964\" data-end=\"1044\">\n<p data-start=\"966\" data-end=\"1044\">Pantalla LCD digital con lectura clara y botones t\u00e1ctiles sensibles.<\/p>\n<\/li>\n<li data-start=\"1045\" data-end=\"1126\">\n<p data-start=\"1047\" data-end=\"1126\">Capacidad: peso m\u00ednimo 1 g \/ m\u00e1ximo 5 kg, vers\u00e1til para recetas variadas.<\/p>\n<\/li>\n<li data-start=\"1127\" data-end=\"1196\">\n<p data-start=\"1129\" data-end=\"1196\">Funci\u00f3n TARA, para pesar ingredientes de forma independiente.<\/p>\n<\/li>\n<li data-start=\"1197\" data-end=\"1264\">\n<p data-start=\"1199\" data-end=\"1264\">Bot\u00f3n UNIT con selecci\u00f3n de unidades: g \/ lb \/ oz \/ ml.<\/p>\n<\/li>\n<li data-start=\"1265\" data-end=\"1320\">\n<p data-start=\"1267\" data-end=\"1320\">Apagado autom\u00e1tico, optimiza el uso de energ\u00eda.<\/p>\n<\/li>\n<li data-start=\"1321\" data-end=\"1389\">\n<p data-start=\"1323\" data-end=\"1389\">Patas antideslizantes para mayor estabilidad durante el uso.<\/p>\n<\/li>\n<li data-start=\"1390\" data-end=\"1433\">\n<p data-start=\"1392\" data-end=\"1433\">Alimentado por 2 pilhas AAA (inclu\u00eddas).<\/p>\n<\/li>\n<\/ul>\n<p><div class=\"accordion\"><div class=\"mfn-acc accordion_wrapper  toggle\"><div class=\"question\"><div class=\"title\"><i class=\"icon-plus acc-icon-plus\" aria-hidden=\"true\"><\/i><i class=\"icon-minus acc-icon-minus\" aria-hidden=\"true\"><\/i>Dados do produto<\/div><div class=\"answer\">EAN 8425160337483<\/p>\n<p>BALAN\u00c7A DE COZINHA REDONDA K\u00dcKEN VERMELHA 5KG<\/p>\n<p>Unidade de embalagem 1<br \/>\nCor vermelha<br \/>\nEmbalagem Cor da caixa<br \/>\nMaterial Vidro temperado.<br \/>\nClasse digital<br \/>\nP\u00e9s antiderrapantes Sim<br \/>\nAlimentado por 2 pilhas AAA (inclu\u00eddas)<br \/>\nPeso 0,41 kg.<\/div><\/div>\n<\/div><\/div>\n<br \/>\n<div class=\"accordion\"><div class=\"mfn-acc accordion_wrapper  toggle\"><div class=\"question\"><div class=\"title\"><i class=\"icon-plus acc-icon-plus\" aria-hidden=\"true\"><\/i><i class=\"icon-minus acc-icon-minus\" aria-hidden=\"true\"><\/i>Acess\u00f3rios<\/div><div class=\"answer\"><\/div><\/div>\n<\/div><\/div>\n<\/p>\n<div class=\"descargas-producto\"><a href=\"\/wp-content\/uploads\/pdf\/33747_33748_33749_ficha_tecnica.pdf\" target=\"_blank\" rel=\"noopener noreferrer\"><br \/>\n<img loading=\"lazy\" decoding=\"async\" src=\"\/wp-content\/uploads\/2019\/12\/picto-descarrega.png\" alt=\"descarregar ficha de dados\" width=\"23\" height=\"16\" \/>Descarregar ficha<\/a><br \/>\n<a href=\"\/wp-content\/uploads\/pdf\/33748_instrucciones.pdf\"><img loading=\"lazy\" decoding=\"async\" src=\"\/wp-content\/uploads\/2019\/12\/picto-descarrega.png\" alt=\"descarregar manual de instru\u00e7\u00f5es\" width=\"23\" height=\"16\" \/>Descarregar o manual<\/a><\/div>\n<div><\/div>\n<div><span style=\"color: #bf2121\">Siga-nos nas redes sociais!<\/span><\/div>\n<div><a href=\"https:\/\/www.instagram.com\/kuken_appliances\/\">https:\/\/www.instagram.com\/kuken_appliances\/<\/a><\/div>","protected":false},"excerpt":{"rendered":"<p data-start=\"440\" data-end=\"590\">Balanza moderna y funcional con dise\u00f1o en cristal rojo. Precisa, extraplana y f\u00e1cil de guardar, ideal para pesar con estilo todo tipo de ingredientes.<\/p>\n<p data-start=\"592\" data-end=\"673\">","protected":false},"featured_media":3395,"template":"","meta":[],"product_brand":[],"product_cat":[55,38],"product_tag":[],"class_list":{"0":"post-3394","1":"product","2":"type-product","3":"status-publish","4":"has-post-thumbnail","6":"product_cat-balanzas-cocina-premium","7":"product_cat-premium","9":"first","10":"instock","11":"product-type-simple"},"yoast_head":"<!-- This site is optimized with the Yoast SEO Premium plugin v24.0 (Yoast SEO v26.5) - https:\/\/yoast.com\/wordpress\/plugins\/seo\/ -->\n<title>BALANZA COCINA REDONDA ROJA 5KG K\u00dcKEN - K\u00fcken<\/title>\n<meta name=\"description\" content=\"Nueva y exclusiva balanza de cocina redonda roja k\u00fcken. Pesa con exactitud hasta 5kg de manera r\u00e1pida y f\u00e1cil, desc\u00fabrela ahora.\" \/>\n<meta name=\"robots\" content=\"index, follow, max-snippet:-1, max-image-preview:large, max-video-preview:-1\" \/>\n<link rel=\"canonical\" href=\"https:\/\/kuken.es\/pt\/produto\/balanca-de-cozinha-redonda-vermelha-kuken-5kg\/\" \/>\n<meta property=\"og:locale\" content=\"pt_PT\" \/>\n<meta property=\"og:type\" content=\"article\" \/>\n<meta property=\"og:title\" content=\"BALANZA COCINA REDONDA ROJA 5KG K\u00dcKEN\" \/>\n<meta property=\"og:description\" content=\"Nueva y exclusiva balanza de cocina redonda roja k\u00fcken. Pesa con exactitud hasta 5kg de manera r\u00e1pida y f\u00e1cil, desc\u00fabrela ahora.\" \/>\n<meta property=\"og:url\" content=\"https:\/\/kuken.es\/pt\/produto\/balanca-de-cozinha-redonda-vermelha-kuken-5kg\/\" \/>\n<meta property=\"og:site_name\" content=\"K\u00fcken\" \/>\n<meta property=\"article:publisher\" content=\"https:\/\/es-es.facebook.com\/alfadyser\/\" \/>\n<meta property=\"article:modified_time\" content=\"2025-05-30T09:13:12+00:00\" \/>\n<meta property=\"og:image\" content=\"https:\/\/kuken.es\/wp-content\/uploads\/2020\/03\/Balanzas-cocina-ELECTR\u00d3NICA-REDONDA-5KG-ROJA-KUKEN.jpg\" \/>\n\t<meta property=\"og:image:width\" content=\"853\" \/>\n\t<meta property=\"og:image:height\" content=\"853\" \/>\n\t<meta property=\"og:image:type\" content=\"image\/jpeg\" \/>\n<meta name=\"twitter:card\" content=\"summary_large_image\" \/>\n<meta name=\"twitter:label1\" content=\"pre\u00e7o\" \/>\n\t<meta name=\"twitter:data1\" content=\"\" \/>\n\t<meta name=\"twitter:label2\" content=\"Disponibilidade\" \/>\n\t<meta name=\"twitter:data2\" content=\"Em stock\" \/>\n<script type=\"application\/ld+json\" class=\"yoast-schema-graph\">{\"@context\":\"https:\/\/schema.org\",\"@graph\":[{\"@type\":\"WebPage\",\"@id\":\"https:\/\/kuken.es\/producto\/balanza-cocina-redonda-roja-5kg-kuken\/\",\"url\":\"https:\/\/kuken.es\/producto\/balanza-cocina-redonda-roja-5kg-kuken\/\",\"name\":\"BALANZA COCINA REDONDA ROJA 5KG K\u00dcKEN - K\u00fcken\",\"isPartOf\":{\"@id\":\"https:\/\/kuken.es\/#website\"},\"primaryImageOfPage\":{\"@id\":\"https:\/\/kuken.es\/producto\/balanza-cocina-redonda-roja-5kg-kuken\/#primaryimage\"},\"image\":{\"@id\":\"https:\/\/kuken.es\/producto\/balanza-cocina-redonda-roja-5kg-kuken\/#primaryimage\"},\"thumbnailUrl\":\"https:\/\/kuken.es\/wp-content\/uploads\/2020\/03\/Balanzas-cocina-ELECTR\u00d3NICA-REDONDA-5KG-ROJA-KUKEN.jpg\",\"datePublished\":\"2020-03-02T09:21:56+00:00\",\"dateModified\":\"2025-05-30T09:13:12+00:00\",\"description\":\"Nueva y exclusiva balanza de cocina redonda roja k\u00fcken. Pesa con exactitud hasta 5kg de manera r\u00e1pida y f\u00e1cil, desc\u00fabrela ahora.\",\"breadcrumb\":{\"@id\":\"https:\/\/kuken.es\/producto\/balanza-cocina-redonda-roja-5kg-kuken\/#breadcrumb\"},\"inLanguage\":\"pt-PT\",\"potentialAction\":[{\"@type\":\"ReadAction\",\"target\":[\"https:\/\/kuken.es\/producto\/balanza-cocina-redonda-roja-5kg-kuken\/\"]}]},{\"@type\":\"ImageObject\",\"inLanguage\":\"pt-PT\",\"@id\":\"https:\/\/kuken.es\/producto\/balanza-cocina-redonda-roja-5kg-kuken\/#primaryimage\",\"url\":\"https:\/\/kuken.es\/wp-content\/uploads\/2020\/03\/Balanzas-cocina-ELECTR\u00d3NICA-REDONDA-5KG-ROJA-KUKEN.jpg\",\"contentUrl\":\"https:\/\/kuken.es\/wp-content\/uploads\/2020\/03\/Balanzas-cocina-ELECTR\u00d3NICA-REDONDA-5KG-ROJA-KUKEN.jpg\",\"width\":853,\"height\":853,\"caption\":\"Balanza de cocina redonda k\u00fcken de color rojo\"},{\"@type\":\"BreadcrumbList\",\"@id\":\"https:\/\/kuken.es\/producto\/balanza-cocina-redonda-roja-5kg-kuken\/#breadcrumb\",\"itemListElement\":[{\"@type\":\"ListItem\",\"position\":1,\"name\":\"Portada\",\"item\":\"https:\/\/kuken.es\/\"},{\"@type\":\"ListItem\",\"position\":2,\"name\":\"Productos\",\"item\":\"https:\/\/kuken.es\/productos\/\"},{\"@type\":\"ListItem\",\"position\":3,\"name\":\"BALANZA COCINA REDONDA ROJA 5KG K\u00dcKEN\"}]},{\"@type\":\"WebSite\",\"@id\":\"https:\/\/kuken.es\/#website\",\"url\":\"https:\/\/kuken.es\/\",\"name\":\"K\u00fcken\",\"description\":\"Amplia gama de peque\u00f1o electrodom\u00e9stico k\u00fcken\",\"publisher\":{\"@id\":\"https:\/\/kuken.es\/#organization\"},\"potentialAction\":[{\"@type\":\"SearchAction\",\"target\":{\"@type\":\"EntryPoint\",\"urlTemplate\":\"https:\/\/kuken.es\/?s={search_term_string}\"},\"query-input\":{\"@type\":\"PropertyValueSpecification\",\"valueRequired\":true,\"valueName\":\"search_term_string\"}}],\"inLanguage\":\"pt-PT\"},{\"@type\":\"Organization\",\"@id\":\"https:\/\/kuken.es\/#organization\",\"name\":\"Alfa Dyser\",\"url\":\"https:\/\/kuken.es\/\",\"logo\":{\"@type\":\"ImageObject\",\"inLanguage\":\"pt-PT\",\"@id\":\"https:\/\/kuken.es\/#\/schema\/logo\/image\/\",\"url\":\"https:\/\/kuken.es\/wp-content\/uploads\/2019\/04\/kuken-logo.png\",\"contentUrl\":\"https:\/\/kuken.es\/wp-content\/uploads\/2019\/04\/kuken-logo.png\",\"width\":500,\"height\":191,\"caption\":\"Alfa Dyser\"},\"image\":{\"@id\":\"https:\/\/kuken.es\/#\/schema\/logo\/image\/\"},\"sameAs\":[\"https:\/\/es-es.facebook.com\/alfadyser\/\",\"https:\/\/www.instagram.com\/kuken_appliances\/\"]}]}<\/script>\n<meta property=\"product:price:amount\" content=\"0.00\" \/>\n<meta property=\"product:price:currency\" content=\"EUR\" \/>\n<meta property=\"og:availability\" content=\"instock\" \/>\n<meta property=\"product:availability\" content=\"instock\" \/>\n<meta property=\"product:retailer_item_id\" content=\"33748\" \/>\n<meta property=\"product:condition\" content=\"new\" \/>\n<!-- \/ Yoast SEO Premium plugin. -->","yoast_head_json":{"title":"BALAN\u00c7A DE COZINHA VERMELHA REDONDA 5KG K\u00dcKEN - K\u00fcken","description":"Nova e exclusiva balan\u00e7a de cozinha redonda vermelha da k\u00fcken. Pesar com precis\u00e3o at\u00e9 5 kg de forma r\u00e1pida e f\u00e1cil, descubra-a agora.","robots":{"index":"index","follow":"follow","max-snippet":"max-snippet:-1","max-image-preview":"max-image-preview:large","max-video-preview":"max-video-preview:-1"},"canonical":"https:\/\/kuken.es\/pt\/produto\/balanca-de-cozinha-redonda-vermelha-kuken-5kg\/","og_locale":"pt_PT","og_type":"article","og_title":"BALANZA COCINA REDONDA ROJA 5KG K\u00dcKEN","og_description":"Nueva y exclusiva balanza de cocina redonda roja k\u00fcken. Pesa con exactitud hasta 5kg de manera r\u00e1pida y f\u00e1cil, desc\u00fabrela ahora.","og_url":"https:\/\/kuken.es\/pt\/produto\/balanca-de-cozinha-redonda-vermelha-kuken-5kg\/","og_site_name":"K\u00fcken","article_publisher":"https:\/\/es-es.facebook.com\/alfadyser\/","article_modified_time":"2025-05-30T09:13:12+00:00","og_image":[{"width":853,"height":853,"url":"https:\/\/kuken.es\/wp-content\/uploads\/2020\/03\/Balanzas-cocina-ELECTR\u00d3NICA-REDONDA-5KG-ROJA-KUKEN.jpg","type":"image\/jpeg"}],"twitter_card":"summary_large_image","twitter_misc":{"pre\u00e7o":"","Disponibilidade":"Em stock"},"schema":{"@context":"https:\/\/schema.org","@graph":[{"@type":"WebPage","@id":"https:\/\/kuken.es\/producto\/balanza-cocina-redonda-roja-5kg-kuken\/","url":"https:\/\/kuken.es\/producto\/balanza-cocina-redonda-roja-5kg-kuken\/","name":"BALAN\u00c7A DE COZINHA VERMELHA REDONDA 5KG K\u00dcKEN - K\u00fcken","isPartOf":{"@id":"https:\/\/kuken.es\/#website"},"primaryImageOfPage":{"@id":"https:\/\/kuken.es\/producto\/balanza-cocina-redonda-roja-5kg-kuken\/#primaryimage"},"image":{"@id":"https:\/\/kuken.es\/producto\/balanza-cocina-redonda-roja-5kg-kuken\/#primaryimage"},"thumbnailUrl":"https:\/\/kuken.es\/wp-content\/uploads\/2020\/03\/Balanzas-cocina-ELECTR\u00d3NICA-REDONDA-5KG-ROJA-KUKEN.jpg","datePublished":"2020-03-02T09:21:56+00:00","dateModified":"2025-05-30T09:13:12+00:00","description":"Nova e exclusiva balan\u00e7a de cozinha redonda vermelha da k\u00fcken. Pesar com precis\u00e3o at\u00e9 5 kg de forma r\u00e1pida e f\u00e1cil, descubra-a agora.","breadcrumb":{"@id":"https:\/\/kuken.es\/producto\/balanza-cocina-redonda-roja-5kg-kuken\/#breadcrumb"},"inLanguage":"pt-PT","potentialAction":[{"@type":"ReadAction","target":["https:\/\/kuken.es\/producto\/balanza-cocina-redonda-roja-5kg-kuken\/"]}]},{"@type":"ImageObject","inLanguage":"pt-PT","@id":"https:\/\/kuken.es\/producto\/balanza-cocina-redonda-roja-5kg-kuken\/#primaryimage","url":"https:\/\/kuken.es\/wp-content\/uploads\/2020\/03\/Balanzas-cocina-ELECTR\u00d3NICA-REDONDA-5KG-ROJA-KUKEN.jpg","contentUrl":"https:\/\/kuken.es\/wp-content\/uploads\/2020\/03\/Balanzas-cocina-ELECTR\u00d3NICA-REDONDA-5KG-ROJA-KUKEN.jpg","width":853,"height":853,"caption":"Balanza de cocina redonda k\u00fcken de color rojo"},{"@type":"BreadcrumbList","@id":"https:\/\/kuken.es\/producto\/balanza-cocina-redonda-roja-5kg-kuken\/#breadcrumb","itemListElement":[{"@type":"ListItem","position":1,"name":"Portada","item":"https:\/\/kuken.es\/"},{"@type":"ListItem","position":2,"name":"Productos","item":"https:\/\/kuken.es\/productos\/"},{"@type":"ListItem","position":3,"name":"BALANZA COCINA REDONDA ROJA 5KG K\u00dcKEN"}]},{"@type":"WebSite","@id":"https:\/\/kuken.es\/#website","url":"https:\/\/kuken.es\/","name":"K\u00fcken","description":"Vasta gama de pequenos electrodom\u00e9sticos k\u00fcken","publisher":{"@id":"https:\/\/kuken.es\/#organization"},"potentialAction":[{"@type":"SearchAction","target":{"@type":"EntryPoint","urlTemplate":"https:\/\/kuken.es\/?s={search_term_string}"},"query-input":{"@type":"PropertyValueSpecification","valueRequired":true,"valueName":"search_term_string"}}],"inLanguage":"pt-PT"},{"@type":"Organization","@id":"https:\/\/kuken.es\/#organization","name":"Alpha Dyser","url":"https:\/\/kuken.es\/","logo":{"@type":"ImageObject","inLanguage":"pt-PT","@id":"https:\/\/kuken.es\/#\/schema\/logo\/image\/","url":"https:\/\/kuken.es\/wp-content\/uploads\/2019\/04\/kuken-logo.png","contentUrl":"https:\/\/kuken.es\/wp-content\/uploads\/2019\/04\/kuken-logo.png","width":500,"height":191,"caption":"Alfa Dyser"},"image":{"@id":"https:\/\/kuken.es\/#\/schema\/logo\/image\/"},"sameAs":["https:\/\/es-es.facebook.com\/alfadyser\/","https:\/\/www.instagram.com\/kuken_appliances\/"]}]},"product_price_amount":"0.00","product_price_currency":"EUR","og_availability":"instock","product_availability":"instock","product_retailer_item_id":"33748","product_condition":"new"},"_links":{"self":[{"href":"https:\/\/kuken.es\/pt\/wp-json\/wp\/v2\/product\/3394","targetHints":{"allow":["GET"]}}],"collection":[{"href":"https:\/\/kuken.es\/pt\/wp-json\/wp\/v2\/product"}],"about":[{"href":"https:\/\/kuken.es\/pt\/wp-json\/wp\/v2\/types\/product"}],"wp:featuredmedia":[{"embeddable":true,"href":"https:\/\/kuken.es\/pt\/wp-json\/wp\/v2\/media\/3395"}],"wp:attachment":[{"href":"https:\/\/kuken.es\/pt\/wp-json\/wp\/v2\/media?parent=3394"}],"wp:term":[{"taxonomy":"product_brand","embeddable":true,"href":"https:\/\/kuken.es\/pt\/wp-json\/wp\/v2\/product_brand?post=3394"},{"taxonomy":"product_cat","embeddable":true,"href":"https:\/\/kuken.es\/pt\/wp-json\/wp\/v2\/product_cat?post=3394"},{"taxonomy":"product_tag","embeddable":true,"href":"https:\/\/kuken.es\/pt\/wp-json\/wp\/v2\/product_tag?post=3394"}],"curies":[{"name":"wp","href":"https:\/\/api.w.org\/{rel}","templated":true}]}}