{"id":3143,"date":"2020-03-02T09:43:42","date_gmt":"2020-03-02T08:43:42","guid":{"rendered":"https:\/\/kuken.es\/producto\/hervidor-agua-electrico-1200w-1l-kuken\/"},"modified":"2025-05-30T08:03:28","modified_gmt":"2025-05-30T06:03:28","slug":"hervidor-agua-electrico-1200w-1l-kuken","status":"publish","type":"product","link":"https:\/\/kuken.es\/pt\/produto\/hervidor-agua-electrico-1200w-1l-kuken\/","title":{"rendered":"CHALEIRA EL\u00c9CTRICA DE 1L 1200W K\u00dcKEN"},"content":{"rendered":"<p>CHALEIRA EL\u00c9CTRICA DE 1L 1200W K\u00dcKEN<\/p>\n<ul>\n<li data-start=\"727\" data-end=\"791\">\n<p data-start=\"729\" data-end=\"791\">Acabado en pl\u00e1stico blanco y negro, ligero y resistente.<\/p>\n<\/li>\n<li data-start=\"792\" data-end=\"868\">\n<p data-start=\"794\" data-end=\"868\">Capacidad de 1 litro, ideal para uso individual o espacios peque\u00f1os.<\/p>\n<\/li>\n<li data-start=\"869\" data-end=\"941\">\n<p data-start=\"871\" data-end=\"941\">Asa ergon\u00f3mica con pulsador de apertura, c\u00f3moda y f\u00e1cil de usar.<\/p>\n<\/li>\n<li data-start=\"942\" data-end=\"1022\">\n<p data-start=\"944\" data-end=\"1022\">Apagado autom\u00e1tico a 70\u202f\u00b0C \/ 100\u202f\u00b0C \/ m\u00e1ximo, evita sobrecalentamientos.<\/p>\n<\/li>\n<li data-start=\"1023\" data-end=\"1105\">\n<p data-start=\"1025\" data-end=\"1105\">Bot\u00f3n de encendido con luz LED azul, indica cu\u00e1ndo el aparato est\u00e1 activo.<\/p>\n<\/li>\n<li data-start=\"1106\" data-end=\"1190\">\n<p data-start=\"1108\" data-end=\"1190\">Tapa con filtro incorporado, ideal para mantener el agua libre de impurezas.<\/p>\n<\/li>\n<li data-start=\"1191\" data-end=\"1261\">\n<p data-start=\"1193\" data-end=\"1261\">Base con sistema recogecables, mantiene el espacio organizado.<\/p>\n<\/li>\n<li data-start=\"1262\" data-end=\"1337\">\n<p data-start=\"1264\" data-end=\"1337\">Dise\u00f1o compacto, perfecto para cocinas peque\u00f1as, oficinas o viajes.<\/p>\n<\/li>\n<li data-start=\"1338\" data-end=\"1411\">\n<p data-start=\"1340\" data-end=\"1411\">Potencia de 1200W, calienta el agua de manera eficiente y r\u00e1pida.<\/p>\n<\/li>\n<li data-start=\"1412\" data-end=\"1455\">\n<p data-start=\"1414\" data-end=\"1455\">Pr\u00e1ctico, funcional y f\u00e1cil de almacenar.<\/p>\n<\/li>\n<\/ul>\n<p><div class=\"accordion\"><div class=\"mfn-acc accordion_wrapper  toggle\"><div class=\"question\"><div class=\"title\"><i class=\"icon-plus acc-icon-plus\" aria-hidden=\"true\"><\/i><i class=\"icon-minus acc-icon-minus\" aria-hidden=\"true\"><\/i>Dados do produto<\/div><div class=\"answer\">EAN 8425160336035<\/p>\n<p>CHALEIRA EL\u00c9CTRICA DE 1L 1200W K\u00dcKEN<\/p>\n<p>Unidade de embalagem 1<br \/>\nCor Branco<br \/>\nEmbalagem Cor da caixa<br \/>\nPot\u00eancia 1200 W<br \/>\nTens\u00e3o 230 V<br \/>\nCapacidade 1,0 litro<br \/>\nTamanho pequeno<br \/>\nMaterial Pl\u00e1stico<br \/>\nPeso 0,7 kg<\/div><\/div>\n<\/div><\/div>\n<br \/>\n<div class=\"accordion\"><div class=\"mfn-acc accordion_wrapper  toggle\"><div class=\"question\"><div class=\"title\"><i class=\"icon-plus acc-icon-plus\" aria-hidden=\"true\"><\/i><i class=\"icon-minus acc-icon-minus\" aria-hidden=\"true\"><\/i>Acess\u00f3rios<\/div><div class=\"answer\"><\/div><\/div>\n<\/div><\/div>\n<\/p>\n<div class=\"descargas-producto\"><a href=\"\/wp-content\/uploads\/pdf\/8425160336035_ficha_tecnica.pdf\" target=\"_blank\" rel=\"noopener noreferrer\"><br \/>\n<img loading=\"lazy\" decoding=\"async\" src=\"\/wp-content\/uploads\/2019\/12\/picto-descarrega.png\" alt=\"descarregar ficha de dados\" width=\"23\" height=\"16\" \/>Descarregar ficha<\/a><br \/>\n<a href=\"\/wp-content\/uploads\/pdf\/33603.pdf\"><img loading=\"lazy\" decoding=\"async\" src=\"\/wp-content\/uploads\/2019\/12\/picto-descarrega.png\" alt=\"descarregar manual de instru\u00e7\u00f5es\" width=\"23\" height=\"16\" \/>Descarregar o manual<\/a><\/div>\n<div><\/div>\n<div><span style=\"color: #bf2121\">Siga-nos nas redes sociais!<\/span><\/div>\n<div><a href=\"https:\/\/www.instagram.com\/kuken_appliances\/\">https:\/\/www.instagram.com\/kuken_appliances\/<\/a><\/div>\n<p><iframe loading=\"lazy\" title=\"Hervidor agua el\u00e9ctrico 1200w 1l k\u00fcken\" width=\"560\" height=\"315\" src=\"https:\/\/www.youtube.com\/embed\/y_SNG5YrtHs?feature=oembed\" frameborder=\"0\" allow=\"accelerometer; autoplay; clipboard-write; encrypted-media; gyroscope; picture-in-picture; web-share\" referrerpolicy=\"strict-origin-when-cross-origin\" allowfullscreen><\/iframe><\/p>","protected":false},"excerpt":{"rendered":"<p data-start=\"429\" data-end=\"569\">Ideal para uso diario. Hervidor de agua compacto con tapa filtrante, luz LED, apagado autom\u00e1tico y base con recogecables. Pr\u00e1ctico y seguro.<\/p>\n<p data-start=\"571\" data-end=\"653\">","protected":false},"featured_media":3144,"template":"","meta":[],"product_brand":[],"product_cat":[46,38],"product_tag":[],"class_list":{"0":"post-3143","1":"product","2":"type-product","3":"status-publish","4":"has-post-thumbnail","6":"product_cat-hervidores-premium","7":"product_cat-premium","9":"first","10":"instock","11":"product-type-simple"},"yoast_head":"<!-- This site is optimized with the Yoast SEO Premium plugin v24.0 (Yoast SEO v26.5) - https:\/\/yoast.com\/wordpress\/plugins\/seo\/ -->\n<title>HERVIDOR AGUA EL\u00c9CTRICO 1L 1200W K\u00dcKEN - K\u00fcken<\/title>\n<meta name=\"description\" content=\"Exclusivo hervidor de agua el\u00e9ctrico 1l k\u00fcken. Prepara infusiones y calienta agua para cocinar de manera m\u00e1s r\u00e1pida y f\u00e1cil\" \/>\n<meta name=\"robots\" content=\"index, follow, max-snippet:-1, max-image-preview:large, max-video-preview:-1\" \/>\n<link rel=\"canonical\" href=\"https:\/\/kuken.es\/pt\/produto\/hervidor-agua-electrico-1200w-1l-kuken\/\" \/>\n<meta property=\"og:locale\" content=\"pt_PT\" \/>\n<meta property=\"og:type\" content=\"article\" \/>\n<meta property=\"og:title\" content=\"HERVIDOR AGUA EL\u00c9CTRICO 1L 1200W K\u00dcKEN\" \/>\n<meta property=\"og:description\" content=\"Exclusivo hervidor de agua el\u00e9ctrico 1l k\u00fcken. Prepara infusiones y calienta agua para cocinar de manera m\u00e1s r\u00e1pida y f\u00e1cil\" \/>\n<meta property=\"og:url\" content=\"https:\/\/kuken.es\/pt\/produto\/hervidor-agua-electrico-1200w-1l-kuken\/\" \/>\n<meta property=\"og:site_name\" content=\"K\u00fcken\" \/>\n<meta property=\"article:publisher\" content=\"https:\/\/es-es.facebook.com\/alfadyser\/\" \/>\n<meta property=\"article:modified_time\" content=\"2025-05-30T06:03:28+00:00\" \/>\n<meta property=\"og:image\" content=\"https:\/\/kuken.es\/wp-content\/uploads\/2020\/03\/HERVIDOR-AGUA-EL\u00c9CTRICO-1200W-1L-KUKEN.jpg\" \/>\n\t<meta property=\"og:image:width\" content=\"853\" \/>\n\t<meta property=\"og:image:height\" content=\"853\" \/>\n\t<meta property=\"og:image:type\" content=\"image\/jpeg\" \/>\n<meta name=\"twitter:card\" content=\"summary_large_image\" \/>\n<meta name=\"twitter:label1\" content=\"pre\u00e7o\" \/>\n\t<meta name=\"twitter:data1\" content=\"\" \/>\n\t<meta name=\"twitter:label2\" content=\"Disponibilidade\" \/>\n\t<meta name=\"twitter:data2\" content=\"Em stock\" \/>\n<script type=\"application\/ld+json\" class=\"yoast-schema-graph\">{\"@context\":\"https:\/\/schema.org\",\"@graph\":[{\"@type\":\"WebPage\",\"@id\":\"https:\/\/kuken.es\/producto\/hervidor-agua-electrico-1200w-1l-kuken\/\",\"url\":\"https:\/\/kuken.es\/producto\/hervidor-agua-electrico-1200w-1l-kuken\/\",\"name\":\"HERVIDOR AGUA EL\u00c9CTRICO 1L 1200W K\u00dcKEN - K\u00fcken\",\"isPartOf\":{\"@id\":\"https:\/\/kuken.es\/#website\"},\"primaryImageOfPage\":{\"@id\":\"https:\/\/kuken.es\/producto\/hervidor-agua-electrico-1200w-1l-kuken\/#primaryimage\"},\"image\":{\"@id\":\"https:\/\/kuken.es\/producto\/hervidor-agua-electrico-1200w-1l-kuken\/#primaryimage\"},\"thumbnailUrl\":\"https:\/\/kuken.es\/wp-content\/uploads\/2020\/03\/HERVIDOR-AGUA-EL\u00c9CTRICO-1200W-1L-KUKEN.jpg\",\"datePublished\":\"2020-03-02T08:43:42+00:00\",\"dateModified\":\"2025-05-30T06:03:28+00:00\",\"description\":\"Exclusivo hervidor de agua el\u00e9ctrico 1l k\u00fcken. Prepara infusiones y calienta agua para cocinar de manera m\u00e1s r\u00e1pida y f\u00e1cil\",\"breadcrumb\":{\"@id\":\"https:\/\/kuken.es\/producto\/hervidor-agua-electrico-1200w-1l-kuken\/#breadcrumb\"},\"inLanguage\":\"pt-PT\",\"potentialAction\":[{\"@type\":\"ReadAction\",\"target\":[\"https:\/\/kuken.es\/producto\/hervidor-agua-electrico-1200w-1l-kuken\/\"]}]},{\"@type\":\"ImageObject\",\"inLanguage\":\"pt-PT\",\"@id\":\"https:\/\/kuken.es\/producto\/hervidor-agua-electrico-1200w-1l-kuken\/#primaryimage\",\"url\":\"https:\/\/kuken.es\/wp-content\/uploads\/2020\/03\/HERVIDOR-AGUA-EL\u00c9CTRICO-1200W-1L-KUKEN.jpg\",\"contentUrl\":\"https:\/\/kuken.es\/wp-content\/uploads\/2020\/03\/HERVIDOR-AGUA-EL\u00c9CTRICO-1200W-1L-KUKEN.jpg\",\"width\":853,\"height\":853,\"caption\":\"Hervidor de agua el\u00e9ctrico k\u00fcken de 1 litro\"},{\"@type\":\"BreadcrumbList\",\"@id\":\"https:\/\/kuken.es\/producto\/hervidor-agua-electrico-1200w-1l-kuken\/#breadcrumb\",\"itemListElement\":[{\"@type\":\"ListItem\",\"position\":1,\"name\":\"Portada\",\"item\":\"https:\/\/kuken.es\/\"},{\"@type\":\"ListItem\",\"position\":2,\"name\":\"Productos\",\"item\":\"https:\/\/kuken.es\/productos\/\"},{\"@type\":\"ListItem\",\"position\":3,\"name\":\"HERVIDOR AGUA EL\u00c9CTRICO 1L 1200W K\u00dcKEN\"}]},{\"@type\":\"WebSite\",\"@id\":\"https:\/\/kuken.es\/#website\",\"url\":\"https:\/\/kuken.es\/\",\"name\":\"K\u00fcken\",\"description\":\"Amplia gama de peque\u00f1o electrodom\u00e9stico k\u00fcken\",\"publisher\":{\"@id\":\"https:\/\/kuken.es\/#organization\"},\"potentialAction\":[{\"@type\":\"SearchAction\",\"target\":{\"@type\":\"EntryPoint\",\"urlTemplate\":\"https:\/\/kuken.es\/?s={search_term_string}\"},\"query-input\":{\"@type\":\"PropertyValueSpecification\",\"valueRequired\":true,\"valueName\":\"search_term_string\"}}],\"inLanguage\":\"pt-PT\"},{\"@type\":\"Organization\",\"@id\":\"https:\/\/kuken.es\/#organization\",\"name\":\"Alfa Dyser\",\"url\":\"https:\/\/kuken.es\/\",\"logo\":{\"@type\":\"ImageObject\",\"inLanguage\":\"pt-PT\",\"@id\":\"https:\/\/kuken.es\/#\/schema\/logo\/image\/\",\"url\":\"https:\/\/kuken.es\/wp-content\/uploads\/2019\/04\/kuken-logo.png\",\"contentUrl\":\"https:\/\/kuken.es\/wp-content\/uploads\/2019\/04\/kuken-logo.png\",\"width\":500,\"height\":191,\"caption\":\"Alfa Dyser\"},\"image\":{\"@id\":\"https:\/\/kuken.es\/#\/schema\/logo\/image\/\"},\"sameAs\":[\"https:\/\/es-es.facebook.com\/alfadyser\/\",\"https:\/\/www.instagram.com\/kuken_appliances\/\"]}]}<\/script>\n<meta property=\"product:price:amount\" content=\"0.00\" \/>\n<meta property=\"product:price:currency\" content=\"EUR\" \/>\n<meta property=\"og:availability\" content=\"instock\" \/>\n<meta property=\"product:availability\" content=\"instock\" \/>\n<meta property=\"product:retailer_item_id\" content=\"33603\" \/>\n<meta property=\"product:condition\" content=\"new\" \/>\n<!-- \/ Yoast SEO Premium plugin. -->","yoast_head_json":{"title":"HERVIDOR AGUA EL\u00c9CTRICO 1L 1200W K\u00dcKEN - K\u00fcken","description":"Chaleira el\u00e9ctrica exclusiva 1l k\u00fcken. Prepara ch\u00e1s de ervas e aquece \u00e1gua para cozinhar de forma mais r\u00e1pida e f\u00e1cil.","robots":{"index":"index","follow":"follow","max-snippet":"max-snippet:-1","max-image-preview":"max-image-preview:large","max-video-preview":"max-video-preview:-1"},"canonical":"https:\/\/kuken.es\/pt\/produto\/hervidor-agua-electrico-1200w-1l-kuken\/","og_locale":"pt_PT","og_type":"article","og_title":"HERVIDOR AGUA EL\u00c9CTRICO 1L 1200W K\u00dcKEN","og_description":"Exclusivo hervidor de agua el\u00e9ctrico 1l k\u00fcken. Prepara infusiones y calienta agua para cocinar de manera m\u00e1s r\u00e1pida y f\u00e1cil","og_url":"https:\/\/kuken.es\/pt\/produto\/hervidor-agua-electrico-1200w-1l-kuken\/","og_site_name":"K\u00fcken","article_publisher":"https:\/\/es-es.facebook.com\/alfadyser\/","article_modified_time":"2025-05-30T06:03:28+00:00","og_image":[{"width":853,"height":853,"url":"https:\/\/kuken.es\/wp-content\/uploads\/2020\/03\/HERVIDOR-AGUA-EL\u00c9CTRICO-1200W-1L-KUKEN.jpg","type":"image\/jpeg"}],"twitter_card":"summary_large_image","twitter_misc":{"pre\u00e7o":"","Disponibilidade":"Em stock"},"schema":{"@context":"https:\/\/schema.org","@graph":[{"@type":"WebPage","@id":"https:\/\/kuken.es\/producto\/hervidor-agua-electrico-1200w-1l-kuken\/","url":"https:\/\/kuken.es\/producto\/hervidor-agua-electrico-1200w-1l-kuken\/","name":"HERVIDOR AGUA EL\u00c9CTRICO 1L 1200W K\u00dcKEN - K\u00fcken","isPartOf":{"@id":"https:\/\/kuken.es\/#website"},"primaryImageOfPage":{"@id":"https:\/\/kuken.es\/producto\/hervidor-agua-electrico-1200w-1l-kuken\/#primaryimage"},"image":{"@id":"https:\/\/kuken.es\/producto\/hervidor-agua-electrico-1200w-1l-kuken\/#primaryimage"},"thumbnailUrl":"https:\/\/kuken.es\/wp-content\/uploads\/2020\/03\/HERVIDOR-AGUA-EL\u00c9CTRICO-1200W-1L-KUKEN.jpg","datePublished":"2020-03-02T08:43:42+00:00","dateModified":"2025-05-30T06:03:28+00:00","description":"Chaleira el\u00e9ctrica exclusiva 1l k\u00fcken. Prepara ch\u00e1s de ervas e aquece \u00e1gua para cozinhar de forma mais r\u00e1pida e f\u00e1cil.","breadcrumb":{"@id":"https:\/\/kuken.es\/producto\/hervidor-agua-electrico-1200w-1l-kuken\/#breadcrumb"},"inLanguage":"pt-PT","potentialAction":[{"@type":"ReadAction","target":["https:\/\/kuken.es\/producto\/hervidor-agua-electrico-1200w-1l-kuken\/"]}]},{"@type":"ImageObject","inLanguage":"pt-PT","@id":"https:\/\/kuken.es\/producto\/hervidor-agua-electrico-1200w-1l-kuken\/#primaryimage","url":"https:\/\/kuken.es\/wp-content\/uploads\/2020\/03\/HERVIDOR-AGUA-EL\u00c9CTRICO-1200W-1L-KUKEN.jpg","contentUrl":"https:\/\/kuken.es\/wp-content\/uploads\/2020\/03\/HERVIDOR-AGUA-EL\u00c9CTRICO-1200W-1L-KUKEN.jpg","width":853,"height":853,"caption":"Hervidor de agua el\u00e9ctrico k\u00fcken de 1 litro"},{"@type":"BreadcrumbList","@id":"https:\/\/kuken.es\/producto\/hervidor-agua-electrico-1200w-1l-kuken\/#breadcrumb","itemListElement":[{"@type":"ListItem","position":1,"name":"Portada","item":"https:\/\/kuken.es\/"},{"@type":"ListItem","position":2,"name":"Productos","item":"https:\/\/kuken.es\/productos\/"},{"@type":"ListItem","position":3,"name":"HERVIDOR AGUA EL\u00c9CTRICO 1L 1200W K\u00dcKEN"}]},{"@type":"WebSite","@id":"https:\/\/kuken.es\/#website","url":"https:\/\/kuken.es\/","name":"K\u00fcken","description":"Vasta gama de pequenos electrodom\u00e9sticos k\u00fcken","publisher":{"@id":"https:\/\/kuken.es\/#organization"},"potentialAction":[{"@type":"SearchAction","target":{"@type":"EntryPoint","urlTemplate":"https:\/\/kuken.es\/?s={search_term_string}"},"query-input":{"@type":"PropertyValueSpecification","valueRequired":true,"valueName":"search_term_string"}}],"inLanguage":"pt-PT"},{"@type":"Organization","@id":"https:\/\/kuken.es\/#organization","name":"Alpha Dyser","url":"https:\/\/kuken.es\/","logo":{"@type":"ImageObject","inLanguage":"pt-PT","@id":"https:\/\/kuken.es\/#\/schema\/logo\/image\/","url":"https:\/\/kuken.es\/wp-content\/uploads\/2019\/04\/kuken-logo.png","contentUrl":"https:\/\/kuken.es\/wp-content\/uploads\/2019\/04\/kuken-logo.png","width":500,"height":191,"caption":"Alfa Dyser"},"image":{"@id":"https:\/\/kuken.es\/#\/schema\/logo\/image\/"},"sameAs":["https:\/\/es-es.facebook.com\/alfadyser\/","https:\/\/www.instagram.com\/kuken_appliances\/"]}]},"product_price_amount":"0.00","product_price_currency":"EUR","og_availability":"instock","product_availability":"instock","product_retailer_item_id":"33603","product_condition":"new"},"_links":{"self":[{"href":"https:\/\/kuken.es\/pt\/wp-json\/wp\/v2\/product\/3143","targetHints":{"allow":["GET"]}}],"collection":[{"href":"https:\/\/kuken.es\/pt\/wp-json\/wp\/v2\/product"}],"about":[{"href":"https:\/\/kuken.es\/pt\/wp-json\/wp\/v2\/types\/product"}],"wp:featuredmedia":[{"embeddable":true,"href":"https:\/\/kuken.es\/pt\/wp-json\/wp\/v2\/media\/3144"}],"wp:attachment":[{"href":"https:\/\/kuken.es\/pt\/wp-json\/wp\/v2\/media?parent=3143"}],"wp:term":[{"taxonomy":"product_brand","embeddable":true,"href":"https:\/\/kuken.es\/pt\/wp-json\/wp\/v2\/product_brand?post=3143"},{"taxonomy":"product_cat","embeddable":true,"href":"https:\/\/kuken.es\/pt\/wp-json\/wp\/v2\/product_cat?post=3143"},{"taxonomy":"product_tag","embeddable":true,"href":"https:\/\/kuken.es\/pt\/wp-json\/wp\/v2\/product_tag?post=3143"}],"curies":[{"name":"wp","href":"https:\/\/api.w.org\/{rel}","templated":true}]}}