{"id":12723,"date":"2026-02-09T11:45:26","date_gmt":"2026-02-09T10:45:26","guid":{"rendered":"https:\/\/kuken.es\/?post_type=product&#038;p=12723"},"modified":"2026-02-09T11:58:39","modified_gmt":"2026-02-09T10:58:39","slug":"plancha-de-asar-electrica-50-25cm-2200w-kuken","status":"publish","type":"product","link":"https:\/\/kuken.es\/pt\/produto\/plancha-de-asar-electrica-50-25cm-2200w-kuken\/","title":{"rendered":"PLANCHA DE ASAR EL\u00c9CTRICA 50x25CM 2200W KUKEN"},"content":{"rendered":"<p>PLANCHA DE ASAR EL\u00c9CTRICA 50x25CM 2200W KUKEN<\/p>\n<ul>\n<li data-start=\"145\" data-end=\"229\">Plancha de asar el\u00e9ctrica K\u00fcken, ideal para cocinar de forma pr\u00e1ctica y saludable.<\/li>\n<li data-start=\"232\" data-end=\"338\">Amplia superficie de cocci\u00f3n de 50 \u00d7 25 cm, perfecta para preparar varios alimentos al mismo tiempo.<\/li>\n<li data-start=\"341\" data-end=\"457\">Superficie estriada con revestimiento antiadherente, evita que los alimentos se peguen y facilita la limpieza.<\/li>\n<li data-start=\"460\" data-end=\"595\">Control de temperatura mediante dial anal\u00f3gico, permite ajustar el calor seg\u00fan el tipo de alimento y el punto de cocci\u00f3n deseado.<\/li>\n<li data-start=\"598\" data-end=\"709\">Asas laterales de tacto seguro, dise\u00f1adas para trasladar la plancha c\u00f3modamente sin riesgo de quemaduras.<\/li>\n<li data-start=\"712\" data-end=\"805\">Bandeja integrada recogegrasas, ayuda a eliminar el exceso de grasa durante la cocci\u00f3n.<\/li>\n<li data-start=\"808\" data-end=\"899\">Patas antideslizantes, que proporcionan mayor estabilidad y seguridad durante el uso.<\/li>\n<li data-start=\"902\" data-end=\"1000\">Cortavientos antisalpicaduras, mejora la seguridad y mantiene la zona de cocci\u00f3n m\u00e1s limpia.<\/li>\n<li data-start=\"1003\" data-end=\"1112\">Componentes extra\u00edbles (plancha, bandeja y cortavientos), que facilitan la limpieza y el mantenimiento.<\/li>\n<li data-start=\"1115\" data-end=\"1230\">Recomendada para asar carnes, pescados, verduras y otros alimentos, logrando resultados uniformes y sabrosos.<\/li>\n<\/ul>\n<p><div class=\"accordion\"><div class=\"mfn-acc accordion_wrapper  toggle\"><div class=\"question\"><div class=\"title\"><i class=\"icon-plus acc-icon-plus\" aria-hidden=\"true\"><\/i><i class=\"icon-minus acc-icon-minus\" aria-hidden=\"true\"><\/i>Dados do produto<\/div><div class=\"answer\">EAN 8425160345341<\/p>\n<p>PLANCHA DE ASAR EL\u00c9CTRICA 50x25CM 2200W KUKEN<\/p>\n<p>Unidade de embalagem 1<br \/>\nColor\u00a0Negro-Gris<br \/>\nEmbalagem Cor da caixa<br \/>\nPot\u00eancia 2200 W<br \/>\nTens\u00e3o 230 V<br \/>\nDimensiones (LxAxH): 500&#215;250 mm.<br \/>\nDestac\u00e1vel Sim<br \/>\nP\u00e9s antiderrapantes Sim<br \/>\n<\/div><\/div>\n<\/div><\/div>\n<br \/>\n<div class=\"accordion\"><div class=\"mfn-acc accordion_wrapper  toggle\"><div class=\"question\"><div class=\"title\"><i class=\"icon-plus acc-icon-plus\" aria-hidden=\"true\"><\/i><i class=\"icon-minus acc-icon-minus\" aria-hidden=\"true\"><\/i>Acess\u00f3rios<\/div><div class=\"answer\"><\/div><\/div>\n<\/div><\/div>\n<\/p>\n<div class=\"descargas-producto\"><a href=\"https:\/\/kuken.es\/wp-content\/uploads\/8425160345341_ficha_tecnica.pdf\" target=\"_blank\" rel=\"noopener noreferrer\"><br \/>\n<img loading=\"lazy\" decoding=\"async\" src=\"\/wp-content\/uploads\/2019\/12\/picto-descarrega.png\" alt=\"descarregar ficha de dados\" width=\"23\" height=\"16\" \/>Descarregar ficha<\/a><br \/>\n<img loading=\"lazy\" decoding=\"async\" src=\"\/wp-content\/uploads\/2019\/12\/picto-descarrega.png\" alt=\"descarregar manual de instru\u00e7\u00f5es\" width=\"23\" height=\"16\" \/><a href=\"https:\/\/kuken.es\/wp-content\/uploads\/34534_manual_instrucciones_maqueta_compressed.pdf\">Descarregar o manual<\/a><\/div>\n<div><\/div>\n<div><span style=\"color: #bf2121;\">Siga-nos nas redes sociais!<\/span><\/div>\n<div><a href=\"https:\/\/www.instagram.com\/kuken_appliances\/\">https:\/\/www.instagram.com\/kuken_appliances\/<\/a><\/div>","protected":false},"excerpt":{"rendered":"<article class=\"text-token-text-primary w-full focus:outline-none [--shadow-height:45px] has-data-writing-block:pointer-events-none has-data-writing-block:-mt-(--shadow-height) has-data-writing-block:pt-(--shadow-height) [&amp;:has([data-writing-block])&gt;*]:pointer-events-auto scroll-mt-(--header-height)\" dir=\"auto\" tabindex=\"-1\" data-turn-id=\"0e002521-789b-48cb-b01b-5c01904ba788\" data-testid=\"conversation-turn-99\" data-scroll-anchor=\"false\" data-turn=\"user\"><\/article>\n<article class=\"text-token-text-primary w-full focus:outline-none [--shadow-height:45px] has-data-writing-block:pointer-events-none has-data-writing-block:-mt-(--shadow-height) has-data-writing-block:pt-(--shadow-height) [&amp;:has([data-writing-block])&gt;*]:pointer-events-auto scroll-mt-[calc(var(--header-height)+min(200px,max(70px,20svh)))]\" dir=\"auto\" tabindex=\"-1\" data-turn-id=\"request-WEB:ea80524f-fca3-4c23-83f0-0e1e76a54768-49\" data-testid=\"conversation-turn-100\" data-scroll-anchor=\"true\" data-turn=\"assistant\">\n<div class=\"text-base my-auto mx-auto pb-10 [--thread-content-margin:--spacing(4)] @w-sm\/main:[--thread-content-margin:--spacing(6)] @w-lg\/main:[--thread-content-margin:--spacing(16)] px-(--thread-content-margin)\">\n<div class=\"[--thread-content-max-width:40rem] @w-lg\/main:[--thread-content-max-width:48rem] mx-auto max-w-(--thread-content-max-width) flex-1 group\/turn-messages focus-visible:outline-hidden relative flex w-full min-w-0 flex-col agent-turn\" tabindex=\"-1\">\n<div class=\"flex max-w-full flex-col grow\">\n<div class=\"min-h-8 text-message relative flex w-full flex-col items-end gap-2 text-start break-words whitespace-normal [.text-message+&amp;]:mt-1\" dir=\"auto\" data-message-author-role=\"assistant\" data-message-id=\"19e03666-b62b-48ef-a385-38673c21093b\" data-message-model-slug=\"gpt-5-2-instant\">\n<div class=\"flex w-full flex-col gap-1 empty:hidden first:pt-[1px]\">\n<div class=\"markdown prose dark:prose-invert w-full wrap-break-word light markdown-new-styling\">\n<p data-start=\"0\" data-end=\"272\" data-is-last-node=\"\" data-is-only-node=\"\">Plancha de asar el\u00e9ctrica K\u00fcken con amplia superficie de 50 \u00d7 25 cm y revestimiento antiadherente. Incorpora control de temperatura, bandeja recogegrasas y asas de tacto seguro. F\u00e1cil de limpiar y perfecta para asar carnes, pescados y verduras de forma c\u00f3moda y saludable.<\/p>\n<\/div>\n<\/div>\n<\/div>\n<\/div>\n<\/div>\n<\/div>\n<\/article>\n<p data-start=\"665\" data-end=\"764\">","protected":false},"featured_media":12724,"template":"","meta":[],"product_brand":[],"product_cat":[53,38],"product_tag":[],"class_list":{"0":"post-12723","1":"product","2":"type-product","3":"status-publish","4":"has-post-thumbnail","6":"product_cat-planchas-y-electrobarbacoas-premium","7":"product_cat-premium","9":"first","10":"instock","11":"product-type-simple"},"yoast_head":"<!-- This site is optimized with the Yoast SEO Premium plugin v24.0 (Yoast SEO v26.5) - https:\/\/yoast.com\/wordpress\/plugins\/seo\/ -->\n<title>PLANCHA DE ASAR EL\u00c9CTRICA 50x25CM 2200W KUKEN - K\u00fcken<\/title>\n<meta name=\"description\" content=\"Plancha de asar el\u00e9ctrica 2200w 50x25cm, plancha antiadherente con regulador, asas fr\u00edas y limpieza f\u00e1cil. Cocina c\u00f3moda, segura y sin esfuerzo.\" \/>\n<meta name=\"robots\" content=\"index, follow, max-snippet:-1, max-image-preview:large, max-video-preview:-1\" \/>\n<link rel=\"canonical\" href=\"https:\/\/kuken.es\/pt\/produto\/plancha-de-asar-electrica-50-25cm-2200w-kuken\/\" \/>\n<meta property=\"og:locale\" content=\"pt_PT\" \/>\n<meta property=\"og:type\" content=\"article\" \/>\n<meta property=\"og:title\" content=\"PLANCHA DE ASAR EL\u00c9CTRICA 50x25CM 2200W KUKEN\" \/>\n<meta property=\"og:description\" content=\"Plancha de asar el\u00e9ctrica 2200w 50x25cm, plancha antiadherente con regulador, asas fr\u00edas y limpieza f\u00e1cil. Cocina c\u00f3moda, segura y sin esfuerzo.\" \/>\n<meta property=\"og:url\" content=\"https:\/\/kuken.es\/pt\/produto\/plancha-de-asar-electrica-50-25cm-2200w-kuken\/\" \/>\n<meta property=\"og:site_name\" content=\"K\u00fcken\" \/>\n<meta property=\"article:publisher\" content=\"https:\/\/es-es.facebook.com\/alfadyser\/\" \/>\n<meta property=\"article:modified_time\" content=\"2026-02-09T10:58:39+00:00\" \/>\n<meta property=\"og:image\" content=\"https:\/\/kuken.es\/wp-content\/uploads\/8425160345341_01.jpg\" \/>\n\t<meta property=\"og:image:width\" content=\"2000\" \/>\n\t<meta property=\"og:image:height\" content=\"2000\" \/>\n\t<meta property=\"og:image:type\" content=\"image\/jpeg\" \/>\n<meta name=\"twitter:card\" content=\"summary_large_image\" \/>\n<meta name=\"twitter:label1\" content=\"pre\u00e7o\" \/>\n\t<meta name=\"twitter:data1\" content=\"\" \/>\n\t<meta name=\"twitter:label2\" content=\"Disponibilidade\" \/>\n\t<meta name=\"twitter:data2\" content=\"Em stock\" \/>\n<script type=\"application\/ld+json\" class=\"yoast-schema-graph\">{\"@context\":\"https:\/\/schema.org\",\"@graph\":[{\"@type\":\"WebPage\",\"@id\":\"https:\/\/kuken.es\/producto\/plancha-de-asar-electrica-50-25cm-2200w-kuken\/\",\"url\":\"https:\/\/kuken.es\/producto\/plancha-de-asar-electrica-50-25cm-2200w-kuken\/\",\"name\":\"PLANCHA DE ASAR EL\u00c9CTRICA 50x25CM 2200W KUKEN - K\u00fcken\",\"isPartOf\":{\"@id\":\"https:\/\/kuken.es\/#website\"},\"primaryImageOfPage\":{\"@id\":\"https:\/\/kuken.es\/producto\/plancha-de-asar-electrica-50-25cm-2200w-kuken\/#primaryimage\"},\"image\":{\"@id\":\"https:\/\/kuken.es\/producto\/plancha-de-asar-electrica-50-25cm-2200w-kuken\/#primaryimage\"},\"thumbnailUrl\":\"https:\/\/kuken.es\/wp-content\/uploads\/8425160345341_01.jpg\",\"datePublished\":\"2026-02-09T10:45:26+00:00\",\"dateModified\":\"2026-02-09T10:58:39+00:00\",\"description\":\"Plancha de asar el\u00e9ctrica 2200w 50x25cm, plancha antiadherente con regulador, asas fr\u00edas y limpieza f\u00e1cil. Cocina c\u00f3moda, segura y sin esfuerzo.\",\"breadcrumb\":{\"@id\":\"https:\/\/kuken.es\/producto\/plancha-de-asar-electrica-50-25cm-2200w-kuken\/#breadcrumb\"},\"inLanguage\":\"pt-PT\",\"potentialAction\":[{\"@type\":\"ReadAction\",\"target\":[\"https:\/\/kuken.es\/producto\/plancha-de-asar-electrica-50-25cm-2200w-kuken\/\"]}]},{\"@type\":\"ImageObject\",\"inLanguage\":\"pt-PT\",\"@id\":\"https:\/\/kuken.es\/producto\/plancha-de-asar-electrica-50-25cm-2200w-kuken\/#primaryimage\",\"url\":\"https:\/\/kuken.es\/wp-content\/uploads\/8425160345341_01.jpg\",\"contentUrl\":\"https:\/\/kuken.es\/wp-content\/uploads\/8425160345341_01.jpg\",\"width\":2000,\"height\":2000},{\"@type\":\"BreadcrumbList\",\"@id\":\"https:\/\/kuken.es\/producto\/plancha-de-asar-electrica-50-25cm-2200w-kuken\/#breadcrumb\",\"itemListElement\":[{\"@type\":\"ListItem\",\"position\":1,\"name\":\"Portada\",\"item\":\"https:\/\/kuken.es\/\"},{\"@type\":\"ListItem\",\"position\":2,\"name\":\"Productos\",\"item\":\"https:\/\/kuken.es\/productos\/\"},{\"@type\":\"ListItem\",\"position\":3,\"name\":\"PLANCHA DE ASAR EL\u00c9CTRICA 50x25CM 2200W KUKEN\"}]},{\"@type\":\"WebSite\",\"@id\":\"https:\/\/kuken.es\/#website\",\"url\":\"https:\/\/kuken.es\/\",\"name\":\"K\u00fcken\",\"description\":\"Amplia gama de peque\u00f1o electrodom\u00e9stico k\u00fcken\",\"publisher\":{\"@id\":\"https:\/\/kuken.es\/#organization\"},\"potentialAction\":[{\"@type\":\"SearchAction\",\"target\":{\"@type\":\"EntryPoint\",\"urlTemplate\":\"https:\/\/kuken.es\/?s={search_term_string}\"},\"query-input\":{\"@type\":\"PropertyValueSpecification\",\"valueRequired\":true,\"valueName\":\"search_term_string\"}}],\"inLanguage\":\"pt-PT\"},{\"@type\":\"Organization\",\"@id\":\"https:\/\/kuken.es\/#organization\",\"name\":\"Alfa Dyser\",\"url\":\"https:\/\/kuken.es\/\",\"logo\":{\"@type\":\"ImageObject\",\"inLanguage\":\"pt-PT\",\"@id\":\"https:\/\/kuken.es\/#\/schema\/logo\/image\/\",\"url\":\"https:\/\/kuken.es\/wp-content\/uploads\/2019\/04\/kuken-logo.png\",\"contentUrl\":\"https:\/\/kuken.es\/wp-content\/uploads\/2019\/04\/kuken-logo.png\",\"width\":500,\"height\":191,\"caption\":\"Alfa Dyser\"},\"image\":{\"@id\":\"https:\/\/kuken.es\/#\/schema\/logo\/image\/\"},\"sameAs\":[\"https:\/\/es-es.facebook.com\/alfadyser\/\",\"https:\/\/www.instagram.com\/kuken_appliances\/\"]}]}<\/script>\n<meta property=\"product:price:amount\" content=\"0.00\" \/>\n<meta property=\"product:price:currency\" content=\"EUR\" \/>\n<meta property=\"og:availability\" content=\"instock\" \/>\n<meta property=\"product:availability\" content=\"instock\" \/>\n<meta property=\"product:retailer_item_id\" content=\"34534\" \/>\n<meta property=\"product:condition\" content=\"new\" \/>\n<!-- \/ Yoast SEO Premium plugin. -->","yoast_head_json":{"title":"PLANCHA DE ASAR EL\u00c9CTRICA 50x25CM 2200W KUKEN - K\u00fcken","description":"Plancha de asar el\u00e9ctrica 2200w 50x25cm, plancha antiadherente con regulador, asas fr\u00edas y limpieza f\u00e1cil. Cocina c\u00f3moda, segura y sin esfuerzo.","robots":{"index":"index","follow":"follow","max-snippet":"max-snippet:-1","max-image-preview":"max-image-preview:large","max-video-preview":"max-video-preview:-1"},"canonical":"https:\/\/kuken.es\/pt\/produto\/plancha-de-asar-electrica-50-25cm-2200w-kuken\/","og_locale":"pt_PT","og_type":"article","og_title":"PLANCHA DE ASAR EL\u00c9CTRICA 50x25CM 2200W KUKEN","og_description":"Plancha de asar el\u00e9ctrica 2200w 50x25cm, plancha antiadherente con regulador, asas fr\u00edas y limpieza f\u00e1cil. Cocina c\u00f3moda, segura y sin esfuerzo.","og_url":"https:\/\/kuken.es\/pt\/produto\/plancha-de-asar-electrica-50-25cm-2200w-kuken\/","og_site_name":"K\u00fcken","article_publisher":"https:\/\/es-es.facebook.com\/alfadyser\/","article_modified_time":"2026-02-09T10:58:39+00:00","og_image":[{"width":2000,"height":2000,"url":"https:\/\/kuken.es\/wp-content\/uploads\/8425160345341_01.jpg","type":"image\/jpeg"}],"twitter_card":"summary_large_image","twitter_misc":{"pre\u00e7o":"","Disponibilidade":"Em stock"},"schema":{"@context":"https:\/\/schema.org","@graph":[{"@type":"WebPage","@id":"https:\/\/kuken.es\/producto\/plancha-de-asar-electrica-50-25cm-2200w-kuken\/","url":"https:\/\/kuken.es\/producto\/plancha-de-asar-electrica-50-25cm-2200w-kuken\/","name":"PLANCHA DE ASAR EL\u00c9CTRICA 50x25CM 2200W KUKEN - K\u00fcken","isPartOf":{"@id":"https:\/\/kuken.es\/#website"},"primaryImageOfPage":{"@id":"https:\/\/kuken.es\/producto\/plancha-de-asar-electrica-50-25cm-2200w-kuken\/#primaryimage"},"image":{"@id":"https:\/\/kuken.es\/producto\/plancha-de-asar-electrica-50-25cm-2200w-kuken\/#primaryimage"},"thumbnailUrl":"https:\/\/kuken.es\/wp-content\/uploads\/8425160345341_01.jpg","datePublished":"2026-02-09T10:45:26+00:00","dateModified":"2026-02-09T10:58:39+00:00","description":"Plancha de asar el\u00e9ctrica 2200w 50x25cm, plancha antiadherente con regulador, asas fr\u00edas y limpieza f\u00e1cil. Cocina c\u00f3moda, segura y sin esfuerzo.","breadcrumb":{"@id":"https:\/\/kuken.es\/producto\/plancha-de-asar-electrica-50-25cm-2200w-kuken\/#breadcrumb"},"inLanguage":"pt-PT","potentialAction":[{"@type":"ReadAction","target":["https:\/\/kuken.es\/producto\/plancha-de-asar-electrica-50-25cm-2200w-kuken\/"]}]},{"@type":"ImageObject","inLanguage":"pt-PT","@id":"https:\/\/kuken.es\/producto\/plancha-de-asar-electrica-50-25cm-2200w-kuken\/#primaryimage","url":"https:\/\/kuken.es\/wp-content\/uploads\/8425160345341_01.jpg","contentUrl":"https:\/\/kuken.es\/wp-content\/uploads\/8425160345341_01.jpg","width":2000,"height":2000},{"@type":"BreadcrumbList","@id":"https:\/\/kuken.es\/producto\/plancha-de-asar-electrica-50-25cm-2200w-kuken\/#breadcrumb","itemListElement":[{"@type":"ListItem","position":1,"name":"Portada","item":"https:\/\/kuken.es\/"},{"@type":"ListItem","position":2,"name":"Productos","item":"https:\/\/kuken.es\/productos\/"},{"@type":"ListItem","position":3,"name":"PLANCHA DE ASAR EL\u00c9CTRICA 50x25CM 2200W KUKEN"}]},{"@type":"WebSite","@id":"https:\/\/kuken.es\/#website","url":"https:\/\/kuken.es\/","name":"K\u00fcken","description":"Vasta gama de pequenos electrodom\u00e9sticos k\u00fcken","publisher":{"@id":"https:\/\/kuken.es\/#organization"},"potentialAction":[{"@type":"SearchAction","target":{"@type":"EntryPoint","urlTemplate":"https:\/\/kuken.es\/?s={search_term_string}"},"query-input":{"@type":"PropertyValueSpecification","valueRequired":true,"valueName":"search_term_string"}}],"inLanguage":"pt-PT"},{"@type":"Organization","@id":"https:\/\/kuken.es\/#organization","name":"Alpha Dyser","url":"https:\/\/kuken.es\/","logo":{"@type":"ImageObject","inLanguage":"pt-PT","@id":"https:\/\/kuken.es\/#\/schema\/logo\/image\/","url":"https:\/\/kuken.es\/wp-content\/uploads\/2019\/04\/kuken-logo.png","contentUrl":"https:\/\/kuken.es\/wp-content\/uploads\/2019\/04\/kuken-logo.png","width":500,"height":191,"caption":"Alfa Dyser"},"image":{"@id":"https:\/\/kuken.es\/#\/schema\/logo\/image\/"},"sameAs":["https:\/\/es-es.facebook.com\/alfadyser\/","https:\/\/www.instagram.com\/kuken_appliances\/"]}]},"product_price_amount":"0.00","product_price_currency":"EUR","og_availability":"instock","product_availability":"instock","product_retailer_item_id":"34534","product_condition":"new"},"_links":{"self":[{"href":"https:\/\/kuken.es\/pt\/wp-json\/wp\/v2\/product\/12723","targetHints":{"allow":["GET"]}}],"collection":[{"href":"https:\/\/kuken.es\/pt\/wp-json\/wp\/v2\/product"}],"about":[{"href":"https:\/\/kuken.es\/pt\/wp-json\/wp\/v2\/types\/product"}],"wp:featuredmedia":[{"embeddable":true,"href":"https:\/\/kuken.es\/pt\/wp-json\/wp\/v2\/media\/12724"}],"wp:attachment":[{"href":"https:\/\/kuken.es\/pt\/wp-json\/wp\/v2\/media?parent=12723"}],"wp:term":[{"taxonomy":"product_brand","embeddable":true,"href":"https:\/\/kuken.es\/pt\/wp-json\/wp\/v2\/product_brand?post=12723"},{"taxonomy":"product_cat","embeddable":true,"href":"https:\/\/kuken.es\/pt\/wp-json\/wp\/v2\/product_cat?post=12723"},{"taxonomy":"product_tag","embeddable":true,"href":"https:\/\/kuken.es\/pt\/wp-json\/wp\/v2\/product_tag?post=12723"}],"curies":[{"name":"wp","href":"https:\/\/api.w.org\/{rel}","templated":true}]}}