{"id":12439,"date":"2025-08-13T11:50:45","date_gmt":"2025-08-13T09:50:45","guid":{"rendered":"https:\/\/kuken.es\/?post_type=product&#038;p=12439"},"modified":"2026-02-05T13:17:00","modified_gmt":"2026-02-05T12:17:00","slug":"reloj-pared-blanco-redondo-30cm","status":"publish","type":"product","link":"https:\/\/kuken.es\/pt\/produto\/reloj-pared-blanco-redondo-30cm\/","title":{"rendered":"RELOJ DE PARED BLANCO REDONDO 30CM K\u00dcKEN"},"content":{"rendered":"<p>RELOJ PARED BLANCO REDONDO 30CM<\/p>\n<ul>\n<li data-start=\"97\" data-end=\"166\">Reloj de pared dise\u00f1ado para colgar f\u00e1cilmente en cualquier estancia.<\/li>\n<li data-start=\"169\" data-end=\"260\">Combina funcionalidad y un dise\u00f1o elegante que se adapta a distintos estilos de decoraci\u00f3n.<\/li>\n<li data-start=\"263\" data-end=\"348\">Incorpora un movimiento silencioso que garantiza una hora exacta sin ruidos molestos.<\/li>\n<li data-start=\"351\" data-end=\"396\">Dise\u00f1o de forma redonda, cl\u00e1sico y atemporal.<\/li>\n<li data-start=\"399\" data-end=\"479\">N\u00fameros en color negro, bien definidos y de f\u00e1cil lectura a cualquier distancia.<\/li>\n<li data-start=\"482\" data-end=\"532\">Carcasa fabricada en pl\u00e1stico resistente y ligero.<\/li>\n<li data-start=\"535\" data-end=\"589\">Acabado liso en color blanco mate, moderno y discreto.<\/li>\n<li data-start=\"592\" data-end=\"654\">Agujas negras para la indicaci\u00f3n de horas, minutos y segundos.<\/li>\n<li data-start=\"657\" data-end=\"712\">Di\u00e1metro de 300 mm, ideal para una visualizaci\u00f3n clara.<\/li>\n<li data-start=\"715\" data-end=\"754\">Funciona con una pila AA (no incluida).<\/li>\n<li data-start=\"757\" data-end=\"829\">Incluye gancho interior para una colocaci\u00f3n r\u00e1pida y segura en la pared.<\/li>\n<li data-start=\"832\" data-end=\"913\">Se presenta en una cuidada caja de color, ideal para su protecci\u00f3n o como regalo.<\/li>\n<\/ul>\n<p><div class=\"accordion\"><div class=\"mfn-acc accordion_wrapper  toggle\"><div class=\"question\"><div class=\"title\"><i class=\"icon-plus acc-icon-plus\" aria-hidden=\"true\"><\/i><i class=\"icon-minus acc-icon-minus\" aria-hidden=\"true\"><\/i>Dados do produto<\/div><div class=\"answer\">EAN 8425160347864<\/p>\n<p>RELOJ PARED BLANCO REDONDO 35CM<\/p>\n<p>Unidade de embalagem 1<br \/>\nCor: Branco<br \/>\nEmbalagem: Caixa Cor<br \/>\nDimensiones \u00f830 cm<br \/>\nMaterial: PC<br \/>\nFunciona con pilas: S\u00ed<br \/>\nIncluye pilas: No<br \/>\nPeso \u00a0kg.<\/div><\/div>\n<\/div><\/div>\n<br \/>\n<div class=\"accordion\"><div class=\"mfn-acc accordion_wrapper  toggle\"><div class=\"question\"><div class=\"title\"><i class=\"icon-plus acc-icon-plus\" aria-hidden=\"true\"><\/i><i class=\"icon-minus acc-icon-minus\" aria-hidden=\"true\"><\/i>Acess\u00f3rios<\/div><div class=\"answer\"><\/div><\/div>\n<\/div><\/div>\n<\/p>\n<div class=\"descargas-producto\">\n<p><img loading=\"lazy\" decoding=\"async\" src=\"\/wp-content\/uploads\/2019\/12\/picto-descarrega.png\" alt=\"descarregar ficha de dados\" width=\"23\" height=\"16\" \/><a href=\"https:\/\/kuken.es\/wp-content\/uploads\/8425160347864_ficha_tecnica.pdf\">Descarregar ficha<\/a><\/p>\n<\/div>\n<div><\/div>\n<div><span style=\"color: #bf2121;\">Siga-nos nas redes sociais!<\/span><\/div>\n<div><a href=\"https:\/\/www.instagram.com\/kuken_appliances\/\">https:\/\/www.instagram.com\/kuken_appliances\/<\/a><\/div>\n<div><\/div>\n<div><\/div>","protected":false},"excerpt":{"rendered":"<p class=\"\" data-start=\"459\" data-end=\"604\">Dise\u00f1o funcional y elegante para cualquier estancia. Mecanismo silencioso, n\u00fameros grandes y carcasa resistente. Preciso, f\u00e1cil de leer e instalar.<\/p>","protected":false},"featured_media":12545,"template":"","meta":[],"product_brand":[],"product_cat":[38,70],"product_tag":[],"class_list":{"0":"post-12439","1":"product","2":"type-product","3":"status-publish","4":"has-post-thumbnail","6":"product_cat-premium","7":"product_cat-relojes-premium","9":"first","10":"instock","11":"product-type-simple"},"yoast_head":"<!-- This site is optimized with the Yoast SEO Premium plugin v24.0 (Yoast SEO v26.5) - https:\/\/yoast.com\/wordpress\/plugins\/seo\/ -->\n<title>RELOJ DE PARED BLANCO REDONDO 30CM K\u00dcKEN - K\u00fcken<\/title>\n<meta name=\"description\" content=\"Descubre el nuevo y elegante reloj de pared k\u00fcken. Dale a tu casa un toque diferente con relojes de dise\u00f1o. Encuentra el tuyo ahora.\" \/>\n<meta name=\"robots\" content=\"index, follow, max-snippet:-1, max-image-preview:large, max-video-preview:-1\" \/>\n<link rel=\"canonical\" href=\"https:\/\/kuken.es\/pt\/produto\/reloj-pared-blanco-redondo-30cm\/\" \/>\n<meta property=\"og:locale\" content=\"pt_PT\" \/>\n<meta property=\"og:type\" content=\"article\" \/>\n<meta property=\"og:title\" content=\"RELOJ DE PARED BLANCO REDONDO 30CM K\u00dcKEN\" \/>\n<meta property=\"og:description\" content=\"Descubre el nuevo y elegante reloj de pared k\u00fcken. Dale a tu casa un toque diferente con relojes de dise\u00f1o. Encuentra el tuyo ahora.\" \/>\n<meta property=\"og:url\" content=\"https:\/\/kuken.es\/pt\/produto\/reloj-pared-blanco-redondo-30cm\/\" \/>\n<meta property=\"og:site_name\" content=\"K\u00fcken\" \/>\n<meta property=\"article:publisher\" content=\"https:\/\/es-es.facebook.com\/alfadyser\/\" \/>\n<meta property=\"article:modified_time\" content=\"2026-02-05T12:17:00+00:00\" \/>\n<meta property=\"og:image\" content=\"https:\/\/kuken.es\/wp-content\/uploads\/8425160347864_01.jpg\" \/>\n\t<meta property=\"og:image:width\" content=\"2000\" \/>\n\t<meta property=\"og:image:height\" content=\"2000\" \/>\n\t<meta property=\"og:image:type\" content=\"image\/jpeg\" \/>\n<meta name=\"twitter:card\" content=\"summary_large_image\" \/>\n<meta name=\"twitter:label1\" content=\"pre\u00e7o\" \/>\n\t<meta name=\"twitter:data1\" content=\"\" \/>\n\t<meta name=\"twitter:label2\" content=\"Disponibilidade\" \/>\n\t<meta name=\"twitter:data2\" content=\"Em stock\" \/>\n<script type=\"application\/ld+json\" class=\"yoast-schema-graph\">{\"@context\":\"https:\/\/schema.org\",\"@graph\":[{\"@type\":\"WebPage\",\"@id\":\"https:\/\/kuken.es\/producto\/reloj-pared-blanco-redondo-30cm\/\",\"url\":\"https:\/\/kuken.es\/producto\/reloj-pared-blanco-redondo-30cm\/\",\"name\":\"RELOJ DE PARED BLANCO REDONDO 30CM K\u00dcKEN - K\u00fcken\",\"isPartOf\":{\"@id\":\"https:\/\/kuken.es\/#website\"},\"primaryImageOfPage\":{\"@id\":\"https:\/\/kuken.es\/producto\/reloj-pared-blanco-redondo-30cm\/#primaryimage\"},\"image\":{\"@id\":\"https:\/\/kuken.es\/producto\/reloj-pared-blanco-redondo-30cm\/#primaryimage\"},\"thumbnailUrl\":\"https:\/\/kuken.es\/wp-content\/uploads\/8425160347864_01.jpg\",\"datePublished\":\"2025-08-13T09:50:45+00:00\",\"dateModified\":\"2026-02-05T12:17:00+00:00\",\"description\":\"Descubre el nuevo y elegante reloj de pared k\u00fcken. Dale a tu casa un toque diferente con relojes de dise\u00f1o. Encuentra el tuyo ahora.\",\"breadcrumb\":{\"@id\":\"https:\/\/kuken.es\/producto\/reloj-pared-blanco-redondo-30cm\/#breadcrumb\"},\"inLanguage\":\"pt-PT\",\"potentialAction\":[{\"@type\":\"ReadAction\",\"target\":[\"https:\/\/kuken.es\/producto\/reloj-pared-blanco-redondo-30cm\/\"]}]},{\"@type\":\"ImageObject\",\"inLanguage\":\"pt-PT\",\"@id\":\"https:\/\/kuken.es\/producto\/reloj-pared-blanco-redondo-30cm\/#primaryimage\",\"url\":\"https:\/\/kuken.es\/wp-content\/uploads\/8425160347864_01.jpg\",\"contentUrl\":\"https:\/\/kuken.es\/wp-content\/uploads\/8425160347864_01.jpg\",\"width\":2000,\"height\":2000},{\"@type\":\"BreadcrumbList\",\"@id\":\"https:\/\/kuken.es\/producto\/reloj-pared-blanco-redondo-30cm\/#breadcrumb\",\"itemListElement\":[{\"@type\":\"ListItem\",\"position\":1,\"name\":\"Portada\",\"item\":\"https:\/\/kuken.es\/\"},{\"@type\":\"ListItem\",\"position\":2,\"name\":\"Productos\",\"item\":\"https:\/\/kuken.es\/productos\/\"},{\"@type\":\"ListItem\",\"position\":3,\"name\":\"RELOJ DE PARED BLANCO REDONDO 30CM K\u00dcKEN\"}]},{\"@type\":\"WebSite\",\"@id\":\"https:\/\/kuken.es\/#website\",\"url\":\"https:\/\/kuken.es\/\",\"name\":\"K\u00fcken\",\"description\":\"Amplia gama de peque\u00f1o electrodom\u00e9stico k\u00fcken\",\"publisher\":{\"@id\":\"https:\/\/kuken.es\/#organization\"},\"potentialAction\":[{\"@type\":\"SearchAction\",\"target\":{\"@type\":\"EntryPoint\",\"urlTemplate\":\"https:\/\/kuken.es\/?s={search_term_string}\"},\"query-input\":{\"@type\":\"PropertyValueSpecification\",\"valueRequired\":true,\"valueName\":\"search_term_string\"}}],\"inLanguage\":\"pt-PT\"},{\"@type\":\"Organization\",\"@id\":\"https:\/\/kuken.es\/#organization\",\"name\":\"Alfa Dyser\",\"url\":\"https:\/\/kuken.es\/\",\"logo\":{\"@type\":\"ImageObject\",\"inLanguage\":\"pt-PT\",\"@id\":\"https:\/\/kuken.es\/#\/schema\/logo\/image\/\",\"url\":\"https:\/\/kuken.es\/wp-content\/uploads\/2019\/04\/kuken-logo.png\",\"contentUrl\":\"https:\/\/kuken.es\/wp-content\/uploads\/2019\/04\/kuken-logo.png\",\"width\":500,\"height\":191,\"caption\":\"Alfa Dyser\"},\"image\":{\"@id\":\"https:\/\/kuken.es\/#\/schema\/logo\/image\/\"},\"sameAs\":[\"https:\/\/es-es.facebook.com\/alfadyser\/\",\"https:\/\/www.instagram.com\/kuken_appliances\/\"]}]}<\/script>\n<meta property=\"product:price:amount\" content=\"0.00\" \/>\n<meta property=\"product:price:currency\" content=\"EUR\" \/>\n<meta property=\"og:availability\" content=\"instock\" \/>\n<meta property=\"product:availability\" content=\"instock\" \/>\n<meta property=\"product:retailer_item_id\" content=\"34786\" \/>\n<meta property=\"product:condition\" content=\"new\" \/>\n<!-- \/ Yoast SEO Premium plugin. -->","yoast_head_json":{"title":"RELOJ DE PARED BLANCO REDONDO 30CM K\u00dcKEN - K\u00fcken","description":"Descubre el nuevo y elegante reloj de pared k\u00fcken. Dale a tu casa un toque diferente con relojes de dise\u00f1o. Encuentra el tuyo ahora.","robots":{"index":"index","follow":"follow","max-snippet":"max-snippet:-1","max-image-preview":"max-image-preview:large","max-video-preview":"max-video-preview:-1"},"canonical":"https:\/\/kuken.es\/pt\/produto\/reloj-pared-blanco-redondo-30cm\/","og_locale":"pt_PT","og_type":"article","og_title":"RELOJ DE PARED BLANCO REDONDO 30CM K\u00dcKEN","og_description":"Descubre el nuevo y elegante reloj de pared k\u00fcken. Dale a tu casa un toque diferente con relojes de dise\u00f1o. Encuentra el tuyo ahora.","og_url":"https:\/\/kuken.es\/pt\/produto\/reloj-pared-blanco-redondo-30cm\/","og_site_name":"K\u00fcken","article_publisher":"https:\/\/es-es.facebook.com\/alfadyser\/","article_modified_time":"2026-02-05T12:17:00+00:00","og_image":[{"width":2000,"height":2000,"url":"https:\/\/kuken.es\/wp-content\/uploads\/8425160347864_01.jpg","type":"image\/jpeg"}],"twitter_card":"summary_large_image","twitter_misc":{"pre\u00e7o":"","Disponibilidade":"Em stock"},"schema":{"@context":"https:\/\/schema.org","@graph":[{"@type":"WebPage","@id":"https:\/\/kuken.es\/producto\/reloj-pared-blanco-redondo-30cm\/","url":"https:\/\/kuken.es\/producto\/reloj-pared-blanco-redondo-30cm\/","name":"RELOJ DE PARED BLANCO REDONDO 30CM K\u00dcKEN - K\u00fcken","isPartOf":{"@id":"https:\/\/kuken.es\/#website"},"primaryImageOfPage":{"@id":"https:\/\/kuken.es\/producto\/reloj-pared-blanco-redondo-30cm\/#primaryimage"},"image":{"@id":"https:\/\/kuken.es\/producto\/reloj-pared-blanco-redondo-30cm\/#primaryimage"},"thumbnailUrl":"https:\/\/kuken.es\/wp-content\/uploads\/8425160347864_01.jpg","datePublished":"2025-08-13T09:50:45+00:00","dateModified":"2026-02-05T12:17:00+00:00","description":"Descubre el nuevo y elegante reloj de pared k\u00fcken. Dale a tu casa un toque diferente con relojes de dise\u00f1o. Encuentra el tuyo ahora.","breadcrumb":{"@id":"https:\/\/kuken.es\/producto\/reloj-pared-blanco-redondo-30cm\/#breadcrumb"},"inLanguage":"pt-PT","potentialAction":[{"@type":"ReadAction","target":["https:\/\/kuken.es\/producto\/reloj-pared-blanco-redondo-30cm\/"]}]},{"@type":"ImageObject","inLanguage":"pt-PT","@id":"https:\/\/kuken.es\/producto\/reloj-pared-blanco-redondo-30cm\/#primaryimage","url":"https:\/\/kuken.es\/wp-content\/uploads\/8425160347864_01.jpg","contentUrl":"https:\/\/kuken.es\/wp-content\/uploads\/8425160347864_01.jpg","width":2000,"height":2000},{"@type":"BreadcrumbList","@id":"https:\/\/kuken.es\/producto\/reloj-pared-blanco-redondo-30cm\/#breadcrumb","itemListElement":[{"@type":"ListItem","position":1,"name":"Portada","item":"https:\/\/kuken.es\/"},{"@type":"ListItem","position":2,"name":"Productos","item":"https:\/\/kuken.es\/productos\/"},{"@type":"ListItem","position":3,"name":"RELOJ DE PARED BLANCO REDONDO 30CM K\u00dcKEN"}]},{"@type":"WebSite","@id":"https:\/\/kuken.es\/#website","url":"https:\/\/kuken.es\/","name":"K\u00fcken","description":"Vasta gama de pequenos electrodom\u00e9sticos k\u00fcken","publisher":{"@id":"https:\/\/kuken.es\/#organization"},"potentialAction":[{"@type":"SearchAction","target":{"@type":"EntryPoint","urlTemplate":"https:\/\/kuken.es\/?s={search_term_string}"},"query-input":{"@type":"PropertyValueSpecification","valueRequired":true,"valueName":"search_term_string"}}],"inLanguage":"pt-PT"},{"@type":"Organization","@id":"https:\/\/kuken.es\/#organization","name":"Alpha Dyser","url":"https:\/\/kuken.es\/","logo":{"@type":"ImageObject","inLanguage":"pt-PT","@id":"https:\/\/kuken.es\/#\/schema\/logo\/image\/","url":"https:\/\/kuken.es\/wp-content\/uploads\/2019\/04\/kuken-logo.png","contentUrl":"https:\/\/kuken.es\/wp-content\/uploads\/2019\/04\/kuken-logo.png","width":500,"height":191,"caption":"Alfa Dyser"},"image":{"@id":"https:\/\/kuken.es\/#\/schema\/logo\/image\/"},"sameAs":["https:\/\/es-es.facebook.com\/alfadyser\/","https:\/\/www.instagram.com\/kuken_appliances\/"]}]},"product_price_amount":"0.00","product_price_currency":"EUR","og_availability":"instock","product_availability":"instock","product_retailer_item_id":"34786","product_condition":"new"},"_links":{"self":[{"href":"https:\/\/kuken.es\/pt\/wp-json\/wp\/v2\/product\/12439","targetHints":{"allow":["GET"]}}],"collection":[{"href":"https:\/\/kuken.es\/pt\/wp-json\/wp\/v2\/product"}],"about":[{"href":"https:\/\/kuken.es\/pt\/wp-json\/wp\/v2\/types\/product"}],"wp:featuredmedia":[{"embeddable":true,"href":"https:\/\/kuken.es\/pt\/wp-json\/wp\/v2\/media\/12545"}],"wp:attachment":[{"href":"https:\/\/kuken.es\/pt\/wp-json\/wp\/v2\/media?parent=12439"}],"wp:term":[{"taxonomy":"product_brand","embeddable":true,"href":"https:\/\/kuken.es\/pt\/wp-json\/wp\/v2\/product_brand?post=12439"},{"taxonomy":"product_cat","embeddable":true,"href":"https:\/\/kuken.es\/pt\/wp-json\/wp\/v2\/product_cat?post=12439"},{"taxonomy":"product_tag","embeddable":true,"href":"https:\/\/kuken.es\/pt\/wp-json\/wp\/v2\/product_tag?post=12439"}],"curies":[{"name":"wp","href":"https:\/\/api.w.org\/{rel}","templated":true}]}}