{"id":11426,"date":"2024-10-14T12:06:43","date_gmt":"2024-10-14T10:06:43","guid":{"rendered":"https:\/\/kuken.es\/?post_type=product&#038;p=11426"},"modified":"2025-06-03T08:08:19","modified_gmt":"2025-06-03T06:08:19","slug":"batidora-brazo-inox-1000w-con-accesorios-kuken","status":"publish","type":"product","link":"https:\/\/kuken.es\/pt\/produto\/batidora-brazo-inox-1000w-con-accesorios-kuken\/","title":{"rendered":"BRA\u00c7O MISTURADOR EM A\u00c7O INOXID\u00c1VEL 1000W COM ACESS\u00d3RIOS K\u00dcKEN"},"content":{"rendered":"<p>BRA\u00c7O MISTURADOR EM A\u00c7O INOXID\u00c1VEL 1000W COM ACESS\u00d3RIOS K\u00dcKEN<\/p>\n<ul data-start=\"740\" data-end=\"1492\">\n<li class=\"\" data-start=\"740\" data-end=\"819\">\n<p class=\"\" data-start=\"742\" data-end=\"819\">Cuerpo, brazo y cuchillas de acero inoxidable, resistentes y duraderos.<\/p>\n<\/li>\n<li class=\"\" data-start=\"820\" data-end=\"905\">\n<p class=\"\" data-start=\"822\" data-end=\"905\">Motor de 1000W, ideal para batir, mezclar y picar hielo a punto de nieve.<\/p>\n<\/li>\n<li class=\"\" data-start=\"906\" data-end=\"990\">\n<p class=\"\" data-start=\"908\" data-end=\"990\">2 velocidades: velocidad regulable + funci\u00f3n turbo para m\u00e1xima potencia.<\/p>\n<\/li>\n<li class=\"\" data-start=\"991\" data-end=\"1082\">\n<p class=\"\" data-start=\"993\" data-end=\"1082\">Incluye picadora, batidor y vaso de 800\u202fml, todo lo necesario en una sola batidora.<\/p>\n<\/li>\n<li class=\"\" data-start=\"1083\" data-end=\"1148\">\n<p class=\"\" data-start=\"1085\" data-end=\"1148\">Brazo desmontable, facilita la limpieza y almacenamiento.<\/p>\n<\/li>\n<li class=\"\" data-start=\"1149\" data-end=\"1220\">\n<p class=\"\" data-start=\"1151\" data-end=\"1220\">Mango ergon\u00f3mico con botones de uso iluminados con luz LED.<\/p>\n<\/li>\n<li class=\"\" data-start=\"1221\" data-end=\"1283\">\n<p class=\"\" data-start=\"1223\" data-end=\"1283\">Regulador de velocidad adaptable seg\u00fan la preparaci\u00f3n.<\/p>\n<\/li>\n<li class=\"\" data-start=\"1284\" data-end=\"1351\">\n<p class=\"\" data-start=\"1286\" data-end=\"1351\">Engranaje interior met\u00e1lico, mayor durabilidad y precisi\u00f3n.<\/p>\n<\/li>\n<li class=\"\" data-start=\"1352\" data-end=\"1413\">\n<p class=\"\" data-start=\"1354\" data-end=\"1413\">Cable rizado extensible con longitud total de 1,10\u202fm.<\/p>\n<\/li>\n<li class=\"\" data-start=\"1414\" data-end=\"1492\">\n<p class=\"\" data-start=\"1416\" data-end=\"1492\">Perfecta para usos diarios en cocina, reposter\u00eda y triturados exigentes.<\/p>\n<\/li>\n<\/ul>\n<div class=\"accordion\"><div class=\"mfn-acc accordion_wrapper  toggle\"><div class=\"question\"><div class=\"title\"><i class=\"icon-plus acc-icon-plus\" aria-hidden=\"true\"><\/i><i class=\"icon-minus acc-icon-minus\" aria-hidden=\"true\"><\/i>Dados do produto<\/div><div class=\"answer\">EAN 8425160344650<\/p>\n<p>BRA\u00c7O MISTURADOR EM A\u00c7O INOXID\u00c1VEL 1000W COM ACESS\u00d3RIOS K\u00dcKEN<\/p>\n<p>Unidade de embalagem 1<br \/>\nColor Negro\/inox<br \/>\nEmbalaje Caja color<br \/>\nPotencia 1000W<br \/>\nTens\u00e3o 230V<br \/>\nMaterial Acero inox\/PC<br \/>\n<\/div><\/div>\n<\/div><\/div>\n\n<div class=\"descargas-producto\"><a href=\"https:\/\/kuken.es\/wp-content\/uploads\/8425160344650_ficha_tecnica.pdf\"><img loading=\"lazy\" decoding=\"async\" src=\"\/wp-content\/uploads\/2019\/12\/picto-descarrega.png\" alt=\"descarregar ficha de dados\" width=\"23\" height=\"16\" \/>Descarregar ficha<\/a><br \/>\n<img loading=\"lazy\" decoding=\"async\" src=\"\/wp-content\/uploads\/2019\/12\/picto-descarrega.png\" alt=\"descarregar manual de instru\u00e7\u00f5es\" width=\"23\" height=\"16\" \/><a href=\"https:\/\/kuken.es\/wp-content\/uploads\/34465_manual_instrucciones_compressed.pdf\">Descarregar o manual<\/a><\/div>\n<div><\/div>\n<div>\n<div><span style=\"color: #bf2121\">Siga-nos nas redes sociais!<\/span><\/div>\n<div><a href=\"https:\/\/www.instagram.com\/kuken_appliances\/\">https:\/\/www.instagram.com\/kuken_appliances\/<\/a><\/div>\n<div><\/div>\n<\/div>","protected":false},"excerpt":{"rendered":"<p class=\"\" data-start=\"515\" data-end=\"663\">M\u00e1xima potencia en tu cocina. Batidora de brazo con cuerpo de acero, velocidad regulable, turbo y accesorios incluidos. Compacta y f\u00e1cil de limpiar.<\/p>","protected":false},"featured_media":11599,"template":"","meta":[],"product_brand":[],"product_cat":[107],"product_tag":[],"class_list":{"0":"post-11426","1":"product","2":"type-product","3":"status-publish","4":"has-post-thumbnail","6":"product_cat-batidoras-premium","8":"first","9":"instock","10":"shipping-taxable","11":"product-type-simple"},"yoast_head":"<!-- This site is optimized with the Yoast SEO Premium plugin v24.0 (Yoast SEO v26.5) - https:\/\/yoast.com\/wordpress\/plugins\/seo\/ -->\n<title>BATIDORA BRAZO INOX 1000W CON ACCESORIOS K\u00dcKEN - K\u00fcken<\/title>\n<meta name=\"description\" content=\"Batidora de BRAZO K\u00dcKEN con 1000W de potencia. Con accesorios. Dise\u00f1o ergon\u00f3mico y manejable . Descubre la batidora de brazo en la web de k\u00fcken.\" \/>\n<meta name=\"robots\" content=\"index, follow, max-snippet:-1, max-image-preview:large, max-video-preview:-1\" \/>\n<link rel=\"canonical\" href=\"https:\/\/kuken.es\/pt\/produto\/batidora-brazo-inox-1000w-con-accesorios-kuken\/\" \/>\n<meta property=\"og:locale\" content=\"pt_PT\" \/>\n<meta property=\"og:type\" content=\"article\" \/>\n<meta property=\"og:title\" content=\"BATIDORA BRAZO INOX 1000W CON ACCESORIOS K\u00dcKEN\" \/>\n<meta property=\"og:description\" content=\"Batidora de BRAZO K\u00dcKEN con 1000W de potencia. Con accesorios. Dise\u00f1o ergon\u00f3mico y manejable . Descubre la batidora de brazo en la web de k\u00fcken.\" \/>\n<meta property=\"og:url\" content=\"https:\/\/kuken.es\/pt\/produto\/batidora-brazo-inox-1000w-con-accesorios-kuken\/\" \/>\n<meta property=\"og:site_name\" content=\"K\u00fcken\" \/>\n<meta property=\"article:publisher\" content=\"https:\/\/es-es.facebook.com\/alfadyser\/\" \/>\n<meta property=\"article:modified_time\" content=\"2025-06-03T06:08:19+00:00\" \/>\n<meta property=\"og:image\" content=\"https:\/\/kuken.es\/wp-content\/uploads\/8425160344658_06.jpg\" \/>\n\t<meta property=\"og:image:width\" content=\"2000\" \/>\n\t<meta property=\"og:image:height\" content=\"2000\" \/>\n\t<meta property=\"og:image:type\" content=\"image\/jpeg\" \/>\n<meta name=\"twitter:card\" content=\"summary_large_image\" \/>\n<meta name=\"twitter:label1\" content=\"pre\u00e7o\" \/>\n\t<meta name=\"twitter:data1\" content=\"\" \/>\n\t<meta name=\"twitter:label2\" content=\"Disponibilidade\" \/>\n\t<meta name=\"twitter:data2\" content=\"Em stock\" \/>\n<script type=\"application\/ld+json\" class=\"yoast-schema-graph\">{\"@context\":\"https:\/\/schema.org\",\"@graph\":[{\"@type\":\"WebPage\",\"@id\":\"https:\/\/kuken.es\/producto\/batidora-brazo-inox-1000w-con-accesorios-kuken\/\",\"url\":\"https:\/\/kuken.es\/producto\/batidora-brazo-inox-1000w-con-accesorios-kuken\/\",\"name\":\"BATIDORA BRAZO INOX 1000W CON ACCESORIOS K\u00dcKEN - K\u00fcken\",\"isPartOf\":{\"@id\":\"https:\/\/kuken.es\/#website\"},\"primaryImageOfPage\":{\"@id\":\"https:\/\/kuken.es\/producto\/batidora-brazo-inox-1000w-con-accesorios-kuken\/#primaryimage\"},\"image\":{\"@id\":\"https:\/\/kuken.es\/producto\/batidora-brazo-inox-1000w-con-accesorios-kuken\/#primaryimage\"},\"thumbnailUrl\":\"https:\/\/kuken.es\/wp-content\/uploads\/8425160344658_06.jpg\",\"datePublished\":\"2024-10-14T10:06:43+00:00\",\"dateModified\":\"2025-06-03T06:08:19+00:00\",\"description\":\"Batidora de BRAZO K\u00dcKEN con 1000W de potencia. Con accesorios. Dise\u00f1o ergon\u00f3mico y manejable . Descubre la batidora de brazo en la web de k\u00fcken.\",\"breadcrumb\":{\"@id\":\"https:\/\/kuken.es\/producto\/batidora-brazo-inox-1000w-con-accesorios-kuken\/#breadcrumb\"},\"inLanguage\":\"pt-PT\",\"potentialAction\":[{\"@type\":\"ReadAction\",\"target\":[\"https:\/\/kuken.es\/producto\/batidora-brazo-inox-1000w-con-accesorios-kuken\/\"]}]},{\"@type\":\"ImageObject\",\"inLanguage\":\"pt-PT\",\"@id\":\"https:\/\/kuken.es\/producto\/batidora-brazo-inox-1000w-con-accesorios-kuken\/#primaryimage\",\"url\":\"https:\/\/kuken.es\/wp-content\/uploads\/8425160344658_06.jpg\",\"contentUrl\":\"https:\/\/kuken.es\/wp-content\/uploads\/8425160344658_06.jpg\",\"width\":2000,\"height\":2000},{\"@type\":\"BreadcrumbList\",\"@id\":\"https:\/\/kuken.es\/producto\/batidora-brazo-inox-1000w-con-accesorios-kuken\/#breadcrumb\",\"itemListElement\":[{\"@type\":\"ListItem\",\"position\":1,\"name\":\"Portada\",\"item\":\"https:\/\/kuken.es\/\"},{\"@type\":\"ListItem\",\"position\":2,\"name\":\"Productos\",\"item\":\"https:\/\/kuken.es\/productos\/\"},{\"@type\":\"ListItem\",\"position\":3,\"name\":\"BATIDORA BRAZO INOX 1000W CON ACCESORIOS K\u00dcKEN\"}]},{\"@type\":\"WebSite\",\"@id\":\"https:\/\/kuken.es\/#website\",\"url\":\"https:\/\/kuken.es\/\",\"name\":\"K\u00fcken\",\"description\":\"Amplia gama de peque\u00f1o electrodom\u00e9stico k\u00fcken\",\"publisher\":{\"@id\":\"https:\/\/kuken.es\/#organization\"},\"potentialAction\":[{\"@type\":\"SearchAction\",\"target\":{\"@type\":\"EntryPoint\",\"urlTemplate\":\"https:\/\/kuken.es\/?s={search_term_string}\"},\"query-input\":{\"@type\":\"PropertyValueSpecification\",\"valueRequired\":true,\"valueName\":\"search_term_string\"}}],\"inLanguage\":\"pt-PT\"},{\"@type\":\"Organization\",\"@id\":\"https:\/\/kuken.es\/#organization\",\"name\":\"Alfa Dyser\",\"url\":\"https:\/\/kuken.es\/\",\"logo\":{\"@type\":\"ImageObject\",\"inLanguage\":\"pt-PT\",\"@id\":\"https:\/\/kuken.es\/#\/schema\/logo\/image\/\",\"url\":\"https:\/\/kuken.es\/wp-content\/uploads\/2019\/04\/kuken-logo.png\",\"contentUrl\":\"https:\/\/kuken.es\/wp-content\/uploads\/2019\/04\/kuken-logo.png\",\"width\":500,\"height\":191,\"caption\":\"Alfa Dyser\"},\"image\":{\"@id\":\"https:\/\/kuken.es\/#\/schema\/logo\/image\/\"},\"sameAs\":[\"https:\/\/es-es.facebook.com\/alfadyser\/\",\"https:\/\/www.instagram.com\/kuken_appliances\/\"]}]}<\/script>\n<meta property=\"product:price:amount\" content=\"0.00\" \/>\n<meta property=\"product:price:currency\" content=\"EUR\" \/>\n<meta property=\"og:availability\" content=\"instock\" \/>\n<meta property=\"product:availability\" content=\"instock\" \/>\n<meta property=\"product:retailer_item_id\" content=\"34465\" \/>\n<meta property=\"product:condition\" content=\"new\" \/>\n<!-- \/ Yoast SEO Premium plugin. -->","yoast_head_json":{"title":"BATIDORA BRAZO INOX 1000W CON ACCESORIOS K\u00dcKEN - K\u00fcken","description":"Batidora de BRAZO K\u00dcKEN con 1000W de potencia. Con accesorios. Dise\u00f1o ergon\u00f3mico y manejable . Descubre la batidora de brazo en la web de k\u00fcken.","robots":{"index":"index","follow":"follow","max-snippet":"max-snippet:-1","max-image-preview":"max-image-preview:large","max-video-preview":"max-video-preview:-1"},"canonical":"https:\/\/kuken.es\/pt\/produto\/batidora-brazo-inox-1000w-con-accesorios-kuken\/","og_locale":"pt_PT","og_type":"article","og_title":"BATIDORA BRAZO INOX 1000W CON ACCESORIOS K\u00dcKEN","og_description":"Batidora de BRAZO K\u00dcKEN con 1000W de potencia. Con accesorios. Dise\u00f1o ergon\u00f3mico y manejable . Descubre la batidora de brazo en la web de k\u00fcken.","og_url":"https:\/\/kuken.es\/pt\/produto\/batidora-brazo-inox-1000w-con-accesorios-kuken\/","og_site_name":"K\u00fcken","article_publisher":"https:\/\/es-es.facebook.com\/alfadyser\/","article_modified_time":"2025-06-03T06:08:19+00:00","og_image":[{"width":2000,"height":2000,"url":"https:\/\/kuken.es\/wp-content\/uploads\/8425160344658_06.jpg","type":"image\/jpeg"}],"twitter_card":"summary_large_image","twitter_misc":{"pre\u00e7o":"","Disponibilidade":"Em stock"},"schema":{"@context":"https:\/\/schema.org","@graph":[{"@type":"WebPage","@id":"https:\/\/kuken.es\/producto\/batidora-brazo-inox-1000w-con-accesorios-kuken\/","url":"https:\/\/kuken.es\/producto\/batidora-brazo-inox-1000w-con-accesorios-kuken\/","name":"BATIDORA BRAZO INOX 1000W CON ACCESORIOS K\u00dcKEN - K\u00fcken","isPartOf":{"@id":"https:\/\/kuken.es\/#website"},"primaryImageOfPage":{"@id":"https:\/\/kuken.es\/producto\/batidora-brazo-inox-1000w-con-accesorios-kuken\/#primaryimage"},"image":{"@id":"https:\/\/kuken.es\/producto\/batidora-brazo-inox-1000w-con-accesorios-kuken\/#primaryimage"},"thumbnailUrl":"https:\/\/kuken.es\/wp-content\/uploads\/8425160344658_06.jpg","datePublished":"2024-10-14T10:06:43+00:00","dateModified":"2025-06-03T06:08:19+00:00","description":"Batidora de BRAZO K\u00dcKEN con 1000W de potencia. Con accesorios. Dise\u00f1o ergon\u00f3mico y manejable . Descubre la batidora de brazo en la web de k\u00fcken.","breadcrumb":{"@id":"https:\/\/kuken.es\/producto\/batidora-brazo-inox-1000w-con-accesorios-kuken\/#breadcrumb"},"inLanguage":"pt-PT","potentialAction":[{"@type":"ReadAction","target":["https:\/\/kuken.es\/producto\/batidora-brazo-inox-1000w-con-accesorios-kuken\/"]}]},{"@type":"ImageObject","inLanguage":"pt-PT","@id":"https:\/\/kuken.es\/producto\/batidora-brazo-inox-1000w-con-accesorios-kuken\/#primaryimage","url":"https:\/\/kuken.es\/wp-content\/uploads\/8425160344658_06.jpg","contentUrl":"https:\/\/kuken.es\/wp-content\/uploads\/8425160344658_06.jpg","width":2000,"height":2000},{"@type":"BreadcrumbList","@id":"https:\/\/kuken.es\/producto\/batidora-brazo-inox-1000w-con-accesorios-kuken\/#breadcrumb","itemListElement":[{"@type":"ListItem","position":1,"name":"Portada","item":"https:\/\/kuken.es\/"},{"@type":"ListItem","position":2,"name":"Productos","item":"https:\/\/kuken.es\/productos\/"},{"@type":"ListItem","position":3,"name":"BATIDORA BRAZO INOX 1000W CON ACCESORIOS K\u00dcKEN"}]},{"@type":"WebSite","@id":"https:\/\/kuken.es\/#website","url":"https:\/\/kuken.es\/","name":"K\u00fcken","description":"Vasta gama de pequenos electrodom\u00e9sticos k\u00fcken","publisher":{"@id":"https:\/\/kuken.es\/#organization"},"potentialAction":[{"@type":"SearchAction","target":{"@type":"EntryPoint","urlTemplate":"https:\/\/kuken.es\/?s={search_term_string}"},"query-input":{"@type":"PropertyValueSpecification","valueRequired":true,"valueName":"search_term_string"}}],"inLanguage":"pt-PT"},{"@type":"Organization","@id":"https:\/\/kuken.es\/#organization","name":"Alpha Dyser","url":"https:\/\/kuken.es\/","logo":{"@type":"ImageObject","inLanguage":"pt-PT","@id":"https:\/\/kuken.es\/#\/schema\/logo\/image\/","url":"https:\/\/kuken.es\/wp-content\/uploads\/2019\/04\/kuken-logo.png","contentUrl":"https:\/\/kuken.es\/wp-content\/uploads\/2019\/04\/kuken-logo.png","width":500,"height":191,"caption":"Alfa Dyser"},"image":{"@id":"https:\/\/kuken.es\/#\/schema\/logo\/image\/"},"sameAs":["https:\/\/es-es.facebook.com\/alfadyser\/","https:\/\/www.instagram.com\/kuken_appliances\/"]}]},"product_price_amount":"0.00","product_price_currency":"EUR","og_availability":"instock","product_availability":"instock","product_retailer_item_id":"34465","product_condition":"new"},"_links":{"self":[{"href":"https:\/\/kuken.es\/pt\/wp-json\/wp\/v2\/product\/11426","targetHints":{"allow":["GET"]}}],"collection":[{"href":"https:\/\/kuken.es\/pt\/wp-json\/wp\/v2\/product"}],"about":[{"href":"https:\/\/kuken.es\/pt\/wp-json\/wp\/v2\/types\/product"}],"wp:featuredmedia":[{"embeddable":true,"href":"https:\/\/kuken.es\/pt\/wp-json\/wp\/v2\/media\/11599"}],"wp:attachment":[{"href":"https:\/\/kuken.es\/pt\/wp-json\/wp\/v2\/media?parent=11426"}],"wp:term":[{"taxonomy":"product_brand","embeddable":true,"href":"https:\/\/kuken.es\/pt\/wp-json\/wp\/v2\/product_brand?post=11426"},{"taxonomy":"product_cat","embeddable":true,"href":"https:\/\/kuken.es\/pt\/wp-json\/wp\/v2\/product_cat?post=11426"},{"taxonomy":"product_tag","embeddable":true,"href":"https:\/\/kuken.es\/pt\/wp-json\/wp\/v2\/product_tag?post=11426"}],"curies":[{"name":"wp","href":"https:\/\/api.w.org\/{rel}","templated":true}]}}