{"id":11106,"date":"2024-05-29T09:28:27","date_gmt":"2024-05-29T07:28:27","guid":{"rendered":"https:\/\/kuken.es\/?post_type=product&#038;p=11106"},"modified":"2025-05-22T14:28:02","modified_gmt":"2025-05-22T12:28:02","slug":"plancha-de-vapor-2200w-suela-inoxidable-kuken","status":"publish","type":"product","link":"https:\/\/kuken.es\/pt\/produto\/plancha-de-vapor-2200w-suela-inoxidable-kuken\/","title":{"rendered":"FERRO A VAPOR KUKEN 2200W COM BASE EM A\u00c7O INOXID\u00c1VEL"},"content":{"rendered":"<p>FERRO A VAPOR KUKEN 2200W COM BASE EM A\u00c7O INOXID\u00c1VEL<\/p>\n<ul>\n<li class=\"\" data-start=\"720\" data-end=\"786\">\n<p class=\"\" data-start=\"722\" data-end=\"786\"><strong data-start=\"722\" data-end=\"743\">Potencia de 2200W<\/strong>, elimina arrugas con rapidez y eficacia.<\/p>\n<\/li>\n<li class=\"\" data-start=\"787\" data-end=\"874\">\n<p class=\"\" data-start=\"789\" data-end=\"874\"><strong data-start=\"789\" data-end=\"831\">Suela de acero inoxidable antiara\u00f1azos<\/strong>, alta durabilidad y deslizamiento suave.<\/p>\n<\/li>\n<li class=\"\" data-start=\"875\" data-end=\"954\">\n<p class=\"\" data-start=\"877\" data-end=\"954\"><strong data-start=\"877\" data-end=\"907\">Dep\u00f3sito de agua de 250\u202fml<\/strong>, ideal para sesiones de planchado continuas.<\/p>\n<\/li>\n<li class=\"\" data-start=\"955\" data-end=\"1025\">\n<p class=\"\" data-start=\"957\" data-end=\"1025\"><strong data-start=\"957\" data-end=\"988\">Golpe de vapor de 100\u202fg\/min<\/strong>, perfecto para pliegues dif\u00edciles.<\/p>\n<\/li>\n<li class=\"\" data-start=\"1026\" data-end=\"1083\">\n<p class=\"\" data-start=\"1028\" data-end=\"1083\">Fun\u00e7\u00f5es: <strong data-start=\"1039\" data-end=\"1080\">seco, aerosol, vapor y vapor vertical<\/strong>.<\/p>\n<\/li>\n<li class=\"\" data-start=\"1084\" data-end=\"1162\">\n<p class=\"\" data-start=\"1086\" data-end=\"1162\">Incluye <strong data-start=\"1094\" data-end=\"1118\">funci\u00f3n autolimpieza<\/strong>, <strong data-start=\"1120\" data-end=\"1134\">anti-goteo<\/strong> y <strong data-start=\"1137\" data-end=\"1159\">apagado autom\u00e1tico<\/strong>.<\/p>\n<\/li>\n<li class=\"\" data-start=\"1163\" data-end=\"1226\">\n<p class=\"\" data-start=\"1165\" data-end=\"1226\"><strong data-start=\"1165\" data-end=\"1185\">Pega ergon\u00f3mica<\/strong>, c\u00f3modo y seguro en el uso prolongado.<\/p>\n<\/li>\n<li class=\"\" data-start=\"1227\" data-end=\"1292\">\n<p class=\"\" data-start=\"1229\" data-end=\"1292\"><strong data-start=\"1229\" data-end=\"1265\">Control de temperatura ajustable<\/strong> seg\u00fan el tipo de tejido.<\/p>\n<\/li>\n<li class=\"\" data-start=\"1293\" data-end=\"1356\">\n<p class=\"\" data-start=\"1295\" data-end=\"1356\"><strong data-start=\"1295\" data-end=\"1329\">Cable de 2\u202fm con rotaci\u00f3n 360\u00ba<\/strong>, libertad de movimiento.<\/p>\n<\/li>\n<li class=\"\" data-start=\"1357\" data-end=\"1418\">\n<p class=\"\" data-start=\"1359\" data-end=\"1418\">Ideal para <strong data-start=\"1370\" data-end=\"1392\">todo tipo de telas<\/strong>, incluso las m\u00e1s gruesas.<\/p>\n<\/li>\n<\/ul>\n<p><div class=\"accordion\"><div class=\"mfn-acc accordion_wrapper  toggle\"><div class=\"question\"><div class=\"title\"><i class=\"icon-plus acc-icon-plus\" aria-hidden=\"true\"><\/i><i class=\"icon-minus acc-icon-minus\" aria-hidden=\"true\"><\/i>Dados do produto<\/div><div class=\"answer\">EAN 8425160344382<\/p>\n<p>FERRO A VAPOR KUKEN 2200W COM BASE EM A\u00c7O INOXID\u00c1VEL<\/p>\n<p>Embalaje: caja color<br \/>\nPot\u00eancia 2200 W<br \/>\nTens\u00e3o 230 V<br \/>\nCapacidad Dep\u00f3sito 250ml.<br \/>\nMaterial PC<br \/>\nSola A\u00e7o inoxid\u00e1vel<br \/>\nPeso 1,5 kg.<\/div><\/div>\n<\/div><\/div>\n<br \/>\n<div class=\"accordion\"><div class=\"mfn-acc accordion_wrapper  toggle\"><div class=\"question\"><div class=\"title\"><i class=\"icon-plus acc-icon-plus\" aria-hidden=\"true\"><\/i><i class=\"icon-minus acc-icon-minus\" aria-hidden=\"true\"><\/i>Acess\u00f3rios<\/div><div class=\"answer\"><\/div><\/div>\n<\/div><\/div>\n<\/p>\n<div class=\"descargas-producto\"><a href=\"\/wp-content\/uploads\/pdf\/8425160339425_ficha_tecnica.pdf\" target=\"_blank\" rel=\"noopener noreferrer\"><br \/>\n<\/a><img loading=\"lazy\" decoding=\"async\" src=\"\/wp-content\/uploads\/2019\/12\/picto-descarrega.png\" alt=\"descarregar ficha de dados\" width=\"23\" height=\"16\" \/><a href=\"https:\/\/kuken.es\/wp-content\/uploads\/8425160344382_ficha_tecnica.pdf\">Descarregar ficha<\/a><a href=\"\/wp-content\/uploads\/pdf\/home\" target=\"_blank\" rel=\"noopener noreferrer\"><br \/>\n<\/a><img loading=\"lazy\" decoding=\"async\" src=\"\/wp-content\/uploads\/2019\/12\/picto-descarrega.png\" alt=\"descarregar manual de instru\u00e7\u00f5es\" width=\"23\" height=\"16\" \/><a href=\"https:\/\/kuken.es\/wp-content\/uploads\/34438_instrucciones_compressed.pdf\">Descarregar o manual<\/a><\/div>\n<div><\/div>\n<div><span style=\"color: #bf2121\">Siga-nos nas redes sociais!<\/span><\/div>\n<div><a href=\"https:\/\/www.instagram.com\/kuken_appliances\/\">https:\/\/www.instagram.com\/kuken_appliances\/<\/a><\/div>\n<p><iframe loading=\"lazy\" title=\"K\u00dcKEN Plancha Vapor 2200W Acero Inoxidable\" width=\"560\" height=\"315\" src=\"https:\/\/www.youtube.com\/embed\/LWrsnfVzNpE?feature=oembed\" frameborder=\"0\" allow=\"accelerometer; autoplay; clipboard-write; encrypted-media; gyroscope; picture-in-picture; web-share\" referrerpolicy=\"strict-origin-when-cross-origin\" allowfullscreen><\/iframe><\/p>","protected":false},"excerpt":{"rendered":"<p class=\"\" data-start=\"499\" data-end=\"643\">Potente, ergon\u00f3mica y vers\u00e1til. Elimina arrugas incluso en tejidos gruesos gracias a su vapor vertical, suela de acero y control de temperatura.<\/p>","protected":false},"featured_media":11349,"template":"","meta":[],"product_brand":[],"product_cat":[62],"product_tag":[],"class_list":{"0":"post-11106","1":"product","2":"type-product","3":"status-publish","4":"has-post-thumbnail","6":"product_cat-planchas-premium","8":"first","9":"instock","10":"shipping-taxable","11":"product-type-simple"},"yoast_head":"<!-- This site is optimized with the Yoast SEO Premium plugin v24.0 (Yoast SEO v26.5) - https:\/\/yoast.com\/wordpress\/plugins\/seo\/ -->\n<title>PLANCHA DE VAPOR 2200W SUELA INOXIDABLE KUKEN - K\u00fcken<\/title>\n<meta name=\"description\" content=\"Plancha de vapor con 2200W de potencia en color blanco y azul. Suela inox ultra-deslizante y anti-ara\u00f1azos. Visita la web kuken.es\" \/>\n<meta name=\"robots\" content=\"index, follow, max-snippet:-1, max-image-preview:large, max-video-preview:-1\" \/>\n<link rel=\"canonical\" href=\"https:\/\/kuken.es\/pt\/produto\/plancha-de-vapor-2200w-suela-inoxidable-kuken\/\" \/>\n<meta property=\"og:locale\" content=\"pt_PT\" \/>\n<meta property=\"og:type\" content=\"article\" \/>\n<meta property=\"og:title\" content=\"PLANCHA DE VAPOR 2200W SUELA INOXIDABLE KUKEN\" \/>\n<meta property=\"og:description\" content=\"Plancha de vapor con 2200W de potencia en color blanco y azul. Suela inox ultra-deslizante y anti-ara\u00f1azos. Visita la web kuken.es\" \/>\n<meta property=\"og:url\" content=\"https:\/\/kuken.es\/pt\/produto\/plancha-de-vapor-2200w-suela-inoxidable-kuken\/\" \/>\n<meta property=\"og:site_name\" content=\"K\u00fcken\" \/>\n<meta property=\"article:publisher\" content=\"https:\/\/es-es.facebook.com\/alfadyser\/\" \/>\n<meta property=\"article:modified_time\" content=\"2025-05-22T12:28:02+00:00\" \/>\n<meta property=\"og:image\" content=\"https:\/\/kuken.es\/wp-content\/uploads\/8425160344382_01.jpg\" \/>\n\t<meta property=\"og:image:width\" content=\"2000\" \/>\n\t<meta property=\"og:image:height\" content=\"2000\" \/>\n\t<meta property=\"og:image:type\" content=\"image\/jpeg\" \/>\n<meta name=\"twitter:card\" content=\"summary_large_image\" \/>\n<meta name=\"twitter:label1\" content=\"pre\u00e7o\" \/>\n\t<meta name=\"twitter:data1\" content=\"\" \/>\n\t<meta name=\"twitter:label2\" content=\"Disponibilidade\" \/>\n\t<meta name=\"twitter:data2\" content=\"Em stock\" \/>\n<script type=\"application\/ld+json\" class=\"yoast-schema-graph\">{\"@context\":\"https:\/\/schema.org\",\"@graph\":[{\"@type\":\"WebPage\",\"@id\":\"https:\/\/kuken.es\/producto\/plancha-de-vapor-2200w-suela-inoxidable-kuken\/\",\"url\":\"https:\/\/kuken.es\/producto\/plancha-de-vapor-2200w-suela-inoxidable-kuken\/\",\"name\":\"PLANCHA DE VAPOR 2200W SUELA INOXIDABLE KUKEN - K\u00fcken\",\"isPartOf\":{\"@id\":\"https:\/\/kuken.es\/#website\"},\"primaryImageOfPage\":{\"@id\":\"https:\/\/kuken.es\/producto\/plancha-de-vapor-2200w-suela-inoxidable-kuken\/#primaryimage\"},\"image\":{\"@id\":\"https:\/\/kuken.es\/producto\/plancha-de-vapor-2200w-suela-inoxidable-kuken\/#primaryimage\"},\"thumbnailUrl\":\"https:\/\/kuken.es\/wp-content\/uploads\/8425160344382_01.jpg\",\"datePublished\":\"2024-05-29T07:28:27+00:00\",\"dateModified\":\"2025-05-22T12:28:02+00:00\",\"description\":\"Plancha de vapor con 2200W de potencia en color blanco y azul. Suela inox ultra-deslizante y anti-ara\u00f1azos. Visita la web kuken.es\",\"breadcrumb\":{\"@id\":\"https:\/\/kuken.es\/producto\/plancha-de-vapor-2200w-suela-inoxidable-kuken\/#breadcrumb\"},\"inLanguage\":\"pt-PT\",\"potentialAction\":[{\"@type\":\"ReadAction\",\"target\":[\"https:\/\/kuken.es\/producto\/plancha-de-vapor-2200w-suela-inoxidable-kuken\/\"]}]},{\"@type\":\"ImageObject\",\"inLanguage\":\"pt-PT\",\"@id\":\"https:\/\/kuken.es\/producto\/plancha-de-vapor-2200w-suela-inoxidable-kuken\/#primaryimage\",\"url\":\"https:\/\/kuken.es\/wp-content\/uploads\/8425160344382_01.jpg\",\"contentUrl\":\"https:\/\/kuken.es\/wp-content\/uploads\/8425160344382_01.jpg\",\"width\":2000,\"height\":2000},{\"@type\":\"BreadcrumbList\",\"@id\":\"https:\/\/kuken.es\/producto\/plancha-de-vapor-2200w-suela-inoxidable-kuken\/#breadcrumb\",\"itemListElement\":[{\"@type\":\"ListItem\",\"position\":1,\"name\":\"Portada\",\"item\":\"https:\/\/kuken.es\/\"},{\"@type\":\"ListItem\",\"position\":2,\"name\":\"Productos\",\"item\":\"https:\/\/kuken.es\/productos\/\"},{\"@type\":\"ListItem\",\"position\":3,\"name\":\"PLANCHA DE VAPOR 2200W SUELA INOXIDABLE KUKEN\"}]},{\"@type\":\"WebSite\",\"@id\":\"https:\/\/kuken.es\/#website\",\"url\":\"https:\/\/kuken.es\/\",\"name\":\"K\u00fcken\",\"description\":\"Amplia gama de peque\u00f1o electrodom\u00e9stico k\u00fcken\",\"publisher\":{\"@id\":\"https:\/\/kuken.es\/#organization\"},\"potentialAction\":[{\"@type\":\"SearchAction\",\"target\":{\"@type\":\"EntryPoint\",\"urlTemplate\":\"https:\/\/kuken.es\/?s={search_term_string}\"},\"query-input\":{\"@type\":\"PropertyValueSpecification\",\"valueRequired\":true,\"valueName\":\"search_term_string\"}}],\"inLanguage\":\"pt-PT\"},{\"@type\":\"Organization\",\"@id\":\"https:\/\/kuken.es\/#organization\",\"name\":\"Alfa Dyser\",\"url\":\"https:\/\/kuken.es\/\",\"logo\":{\"@type\":\"ImageObject\",\"inLanguage\":\"pt-PT\",\"@id\":\"https:\/\/kuken.es\/#\/schema\/logo\/image\/\",\"url\":\"https:\/\/kuken.es\/wp-content\/uploads\/2019\/04\/kuken-logo.png\",\"contentUrl\":\"https:\/\/kuken.es\/wp-content\/uploads\/2019\/04\/kuken-logo.png\",\"width\":500,\"height\":191,\"caption\":\"Alfa Dyser\"},\"image\":{\"@id\":\"https:\/\/kuken.es\/#\/schema\/logo\/image\/\"},\"sameAs\":[\"https:\/\/es-es.facebook.com\/alfadyser\/\",\"https:\/\/www.instagram.com\/kuken_appliances\/\"]}]}<\/script>\n<meta property=\"product:price:amount\" content=\"0.00\" \/>\n<meta property=\"product:price:currency\" content=\"EUR\" \/>\n<meta property=\"og:availability\" content=\"instock\" \/>\n<meta property=\"product:availability\" content=\"instock\" \/>\n<meta property=\"product:retailer_item_id\" content=\"34438\" \/>\n<meta property=\"product:condition\" content=\"new\" \/>\n<!-- \/ Yoast SEO Premium plugin. -->","yoast_head_json":{"title":"PLANCHA DE VAPOR 2200W SUELA INOXIDABLE KUKEN - K\u00fcken","description":"Plancha de vapor con 2200W de potencia en color blanco y azul. Suela inox ultra-deslizante y anti-ara\u00f1azos. Visita la web kuken.es","robots":{"index":"index","follow":"follow","max-snippet":"max-snippet:-1","max-image-preview":"max-image-preview:large","max-video-preview":"max-video-preview:-1"},"canonical":"https:\/\/kuken.es\/pt\/produto\/plancha-de-vapor-2200w-suela-inoxidable-kuken\/","og_locale":"pt_PT","og_type":"article","og_title":"PLANCHA DE VAPOR 2200W SUELA INOXIDABLE KUKEN","og_description":"Plancha de vapor con 2200W de potencia en color blanco y azul. Suela inox ultra-deslizante y anti-ara\u00f1azos. Visita la web kuken.es","og_url":"https:\/\/kuken.es\/pt\/produto\/plancha-de-vapor-2200w-suela-inoxidable-kuken\/","og_site_name":"K\u00fcken","article_publisher":"https:\/\/es-es.facebook.com\/alfadyser\/","article_modified_time":"2025-05-22T12:28:02+00:00","og_image":[{"width":2000,"height":2000,"url":"https:\/\/kuken.es\/wp-content\/uploads\/8425160344382_01.jpg","type":"image\/jpeg"}],"twitter_card":"summary_large_image","twitter_misc":{"pre\u00e7o":"","Disponibilidade":"Em stock"},"schema":{"@context":"https:\/\/schema.org","@graph":[{"@type":"WebPage","@id":"https:\/\/kuken.es\/producto\/plancha-de-vapor-2200w-suela-inoxidable-kuken\/","url":"https:\/\/kuken.es\/producto\/plancha-de-vapor-2200w-suela-inoxidable-kuken\/","name":"PLANCHA DE VAPOR 2200W SUELA INOXIDABLE KUKEN - K\u00fcken","isPartOf":{"@id":"https:\/\/kuken.es\/#website"},"primaryImageOfPage":{"@id":"https:\/\/kuken.es\/producto\/plancha-de-vapor-2200w-suela-inoxidable-kuken\/#primaryimage"},"image":{"@id":"https:\/\/kuken.es\/producto\/plancha-de-vapor-2200w-suela-inoxidable-kuken\/#primaryimage"},"thumbnailUrl":"https:\/\/kuken.es\/wp-content\/uploads\/8425160344382_01.jpg","datePublished":"2024-05-29T07:28:27+00:00","dateModified":"2025-05-22T12:28:02+00:00","description":"Plancha de vapor con 2200W de potencia en color blanco y azul. Suela inox ultra-deslizante y anti-ara\u00f1azos. Visita la web kuken.es","breadcrumb":{"@id":"https:\/\/kuken.es\/producto\/plancha-de-vapor-2200w-suela-inoxidable-kuken\/#breadcrumb"},"inLanguage":"pt-PT","potentialAction":[{"@type":"ReadAction","target":["https:\/\/kuken.es\/producto\/plancha-de-vapor-2200w-suela-inoxidable-kuken\/"]}]},{"@type":"ImageObject","inLanguage":"pt-PT","@id":"https:\/\/kuken.es\/producto\/plancha-de-vapor-2200w-suela-inoxidable-kuken\/#primaryimage","url":"https:\/\/kuken.es\/wp-content\/uploads\/8425160344382_01.jpg","contentUrl":"https:\/\/kuken.es\/wp-content\/uploads\/8425160344382_01.jpg","width":2000,"height":2000},{"@type":"BreadcrumbList","@id":"https:\/\/kuken.es\/producto\/plancha-de-vapor-2200w-suela-inoxidable-kuken\/#breadcrumb","itemListElement":[{"@type":"ListItem","position":1,"name":"Portada","item":"https:\/\/kuken.es\/"},{"@type":"ListItem","position":2,"name":"Productos","item":"https:\/\/kuken.es\/productos\/"},{"@type":"ListItem","position":3,"name":"PLANCHA DE VAPOR 2200W SUELA INOXIDABLE KUKEN"}]},{"@type":"WebSite","@id":"https:\/\/kuken.es\/#website","url":"https:\/\/kuken.es\/","name":"K\u00fcken","description":"Vasta gama de pequenos electrodom\u00e9sticos k\u00fcken","publisher":{"@id":"https:\/\/kuken.es\/#organization"},"potentialAction":[{"@type":"SearchAction","target":{"@type":"EntryPoint","urlTemplate":"https:\/\/kuken.es\/?s={search_term_string}"},"query-input":{"@type":"PropertyValueSpecification","valueRequired":true,"valueName":"search_term_string"}}],"inLanguage":"pt-PT"},{"@type":"Organization","@id":"https:\/\/kuken.es\/#organization","name":"Alpha Dyser","url":"https:\/\/kuken.es\/","logo":{"@type":"ImageObject","inLanguage":"pt-PT","@id":"https:\/\/kuken.es\/#\/schema\/logo\/image\/","url":"https:\/\/kuken.es\/wp-content\/uploads\/2019\/04\/kuken-logo.png","contentUrl":"https:\/\/kuken.es\/wp-content\/uploads\/2019\/04\/kuken-logo.png","width":500,"height":191,"caption":"Alfa Dyser"},"image":{"@id":"https:\/\/kuken.es\/#\/schema\/logo\/image\/"},"sameAs":["https:\/\/es-es.facebook.com\/alfadyser\/","https:\/\/www.instagram.com\/kuken_appliances\/"]}]},"product_price_amount":"0.00","product_price_currency":"EUR","og_availability":"instock","product_availability":"instock","product_retailer_item_id":"34438","product_condition":"new"},"_links":{"self":[{"href":"https:\/\/kuken.es\/pt\/wp-json\/wp\/v2\/product\/11106","targetHints":{"allow":["GET"]}}],"collection":[{"href":"https:\/\/kuken.es\/pt\/wp-json\/wp\/v2\/product"}],"about":[{"href":"https:\/\/kuken.es\/pt\/wp-json\/wp\/v2\/types\/product"}],"wp:featuredmedia":[{"embeddable":true,"href":"https:\/\/kuken.es\/pt\/wp-json\/wp\/v2\/media\/11349"}],"wp:attachment":[{"href":"https:\/\/kuken.es\/pt\/wp-json\/wp\/v2\/media?parent=11106"}],"wp:term":[{"taxonomy":"product_brand","embeddable":true,"href":"https:\/\/kuken.es\/pt\/wp-json\/wp\/v2\/product_brand?post=11106"},{"taxonomy":"product_cat","embeddable":true,"href":"https:\/\/kuken.es\/pt\/wp-json\/wp\/v2\/product_cat?post=11106"},{"taxonomy":"product_tag","embeddable":true,"href":"https:\/\/kuken.es\/pt\/wp-json\/wp\/v2\/product_tag?post=11106"}],"curies":[{"name":"wp","href":"https:\/\/api.w.org\/{rel}","templated":true}]}}