{"id":10868,"date":"2023-12-21T15:16:01","date_gmt":"2023-12-21T14:16:01","guid":{"rendered":"https:\/\/kuken.es\/?post_type=product&#038;p=10868"},"modified":"2025-06-02T14:03:56","modified_gmt":"2025-06-02T12:03:56","slug":"reloj-kuken-efecto-madera-redondo-35-cm","status":"publish","type":"product","link":"https:\/\/kuken.es\/pt\/produto\/reloj-kuken-efecto-madera-redondo-35-cm\/","title":{"rendered":"REL\u00d3GIO K\u00dcKEN EFEITO MADEIRA REDONDO 35 CM"},"content":{"rendered":"<p>REL\u00d3GIO K\u00dcKEN EFEITO MADEIRA REDONDO 35 CM<\/p>\n<ul>\n<li class=\"\" data-start=\"874\" data-end=\"937\">\n<p class=\"\" data-start=\"876\" data-end=\"937\">Reloj decorativo redondo de pared con dise\u00f1o atemporal.<\/p>\n<\/li>\n<li class=\"\" data-start=\"938\" data-end=\"1016\">\n<p class=\"\" data-start=\"940\" data-end=\"1016\">Mecanismo de cuarzo preciso, garantiza una medici\u00f3n exacta del tiempo.<\/p>\n<\/li>\n<li class=\"\" data-start=\"1017\" data-end=\"1104\">\n<p class=\"\" data-start=\"1019\" data-end=\"1104\">Movimiento No Ticking, funcionamiento silencioso ideal para cualquier estancia.<\/p>\n<\/li>\n<li class=\"\" data-start=\"1105\" data-end=\"1174\">\n<p class=\"\" data-start=\"1107\" data-end=\"1174\">Acabado con efecto madera natural, aspecto c\u00e1lido y elegante.<\/p>\n<\/li>\n<li class=\"\" data-start=\"1175\" data-end=\"1231\">\n<p class=\"\" data-start=\"1177\" data-end=\"1231\">Perteneciente a la serie especial K\u00dcKEN Vintage.<\/p>\n<\/li>\n<li class=\"\" data-start=\"1232\" data-end=\"1300\">\n<p class=\"\" data-start=\"1234\" data-end=\"1300\">Manecillas met\u00e1licas, duraderas y con un dise\u00f1o sofisticado.<\/p>\n<\/li>\n<li class=\"\" data-start=\"1301\" data-end=\"1371\">\n<p class=\"\" data-start=\"1303\" data-end=\"1371\">N\u00fameros grandes y legibles, perfectos para una lectura r\u00e1pida.<\/p>\n<\/li>\n<li class=\"\" data-start=\"1372\" data-end=\"1453\">\n<p class=\"\" data-start=\"1374\" data-end=\"1453\">Di\u00e1metro de 35\u202fcm, tama\u00f1o ideal para decorar espacios medianos y grandes.<\/p>\n<\/li>\n<li class=\"\" data-start=\"1454\" data-end=\"1498\">\n<p class=\"\" data-start=\"1456\" data-end=\"1498\">Funciona con pila LR6\/AA (incluida).<\/p>\n<\/li>\n<li class=\"\" data-start=\"1499\" data-end=\"1556\">\n<p class=\"\" data-start=\"1501\" data-end=\"1556\">Dise\u00f1ado para colgar en pared, f\u00e1cil de instalar.<\/p>\n<\/li>\n<li class=\"\" data-start=\"1557\" data-end=\"1617\">\n<p class=\"\" data-start=\"1559\" data-end=\"1617\">Ideal para salones, cocinas, oficinas o dormitorios.<\/p>\n<\/li>\n<\/ul>\n<p><div class=\"accordion\"><div class=\"mfn-acc accordion_wrapper  toggle\"><div class=\"question\"><div class=\"title\"><i class=\"icon-plus acc-icon-plus\" aria-hidden=\"true\"><\/i><i class=\"icon-minus acc-icon-minus\" aria-hidden=\"true\"><\/i>Dados do produto<\/div><div class=\"answer\">EAN 8425160351366<\/p>\n<p>REL\u00d3GIO K\u00dcKEN EFEITO MADEIRA REDONDO 35 CM<\/p>\n<p>Unidade de embalagem 1<br \/>\nColor Medra \/ Negro<br \/>\nEmbalaje Caja Color<br \/>\nTamanho grande<br \/>\nDimensiones \u00d8 350 mm<br \/>\nMaterial Pl\u00e1stico<br \/>\nFunciona a pilhas Sim<br \/>\nPilhas inclu\u00eddas Sim<br \/>\nPeso 0,50 kg.<\/p>\n<p><\/div><\/div>\n<\/div><\/div>\n<br \/>\n<div class=\"accordion\"><div class=\"mfn-acc accordion_wrapper  toggle\"><div class=\"question\"><div class=\"title\"><i class=\"icon-plus acc-icon-plus\" aria-hidden=\"true\"><\/i><i class=\"icon-minus acc-icon-minus\" aria-hidden=\"true\"><\/i>Acess\u00f3rios<\/div><div class=\"answer\"><\/div><\/div>\n<\/div><\/div>\n<\/p>\n<div class=\"descargas-producto\"><img loading=\"lazy\" decoding=\"async\" src=\"\/wp-content\/uploads\/2019\/12\/picto-descarrega.png\" alt=\"descarregar ficha de dados\" width=\"23\" height=\"16\" \/><a href=\"https:\/\/kuken.es\/wp-content\/uploads\/8425160351366_ficha_tecnica.pdf\">Descarregar ficha<\/a><br \/>\n<img loading=\"lazy\" decoding=\"async\" src=\"\/wp-content\/uploads\/2019\/12\/picto-descarrega.png\" alt=\"descarregar manual de instru\u00e7\u00f5es\" width=\"23\" height=\"16\" \/>Descarregar o manual<\/div>\n<div><\/div>\n<div><span style=\"color: #bf2121\">Siga-nos nas redes sociais!<\/span><\/div>\n<div><a href=\"https:\/\/www.instagram.com\/kuken_appliances\/\">https:\/\/www.instagram.com\/kuken_appliances\/<\/a><\/div>","protected":false},"excerpt":{"rendered":"<p class=\"\" data-start=\"644\" data-end=\"803\">Estilo cl\u00e1sico y funcionalidad silenciosa. Su dise\u00f1o vintage efecto madera y su tama\u00f1o lo hacen perfecto para decorar salones, cocinas, oficinas o dormitorios.<\/p>","protected":false},"featured_media":10869,"template":"","meta":[],"product_brand":[],"product_cat":[38,70],"product_tag":[],"class_list":{"0":"post-10868","1":"product","2":"type-product","3":"status-publish","4":"has-post-thumbnail","6":"product_cat-premium","7":"product_cat-relojes-premium","9":"first","10":"instock","11":"product-type-simple"},"yoast_head":"<!-- This site is optimized with the Yoast SEO Premium plugin v24.0 (Yoast SEO v26.5) - https:\/\/yoast.com\/wordpress\/plugins\/seo\/ -->\n<title>RELOJ K\u00dcKEN EFECTO MADERA REDONDO 35 CM - K\u00fcken<\/title>\n<meta name=\"description\" content=\"Descubre el nuevo y elegante Reloj K\u00fcken efecto madera redondo. Dale a tu cocina un toque diferente con relojes de dise\u00f1o. Encuentra el tuyo ahora.\" \/>\n<meta name=\"robots\" content=\"index, follow, max-snippet:-1, max-image-preview:large, max-video-preview:-1\" \/>\n<link rel=\"canonical\" href=\"https:\/\/kuken.es\/pt\/produto\/reloj-kuken-efecto-madera-redondo-35-cm\/\" \/>\n<meta property=\"og:locale\" content=\"pt_PT\" \/>\n<meta property=\"og:type\" content=\"article\" \/>\n<meta property=\"og:title\" content=\"RELOJ K\u00dcKEN EFECTO MADERA REDONDO 35 CM\" \/>\n<meta property=\"og:description\" content=\"Descubre el nuevo y elegante Reloj K\u00fcken efecto madera redondo. Dale a tu cocina un toque diferente con relojes de dise\u00f1o. Encuentra el tuyo ahora.\" \/>\n<meta property=\"og:url\" content=\"https:\/\/kuken.es\/pt\/produto\/reloj-kuken-efecto-madera-redondo-35-cm\/\" \/>\n<meta property=\"og:site_name\" content=\"K\u00fcken\" \/>\n<meta property=\"article:publisher\" content=\"https:\/\/es-es.facebook.com\/alfadyser\/\" \/>\n<meta property=\"article:modified_time\" content=\"2025-06-02T12:03:56+00:00\" \/>\n<meta property=\"og:image\" content=\"https:\/\/kuken.es\/wp-content\/uploads\/8425160351366_01.jpg\" \/>\n\t<meta property=\"og:image:width\" content=\"2000\" \/>\n\t<meta property=\"og:image:height\" content=\"2000\" \/>\n\t<meta property=\"og:image:type\" content=\"image\/jpeg\" \/>\n<meta name=\"twitter:card\" content=\"summary_large_image\" \/>\n<meta name=\"twitter:label1\" content=\"pre\u00e7o\" \/>\n\t<meta name=\"twitter:data1\" content=\"\" \/>\n\t<meta name=\"twitter:label2\" content=\"Disponibilidade\" \/>\n\t<meta name=\"twitter:data2\" content=\"Em stock\" \/>\n<script type=\"application\/ld+json\" class=\"yoast-schema-graph\">{\"@context\":\"https:\/\/schema.org\",\"@graph\":[{\"@type\":\"WebPage\",\"@id\":\"https:\/\/kuken.es\/producto\/reloj-kuken-efecto-madera-redondo-35-cm\/\",\"url\":\"https:\/\/kuken.es\/producto\/reloj-kuken-efecto-madera-redondo-35-cm\/\",\"name\":\"RELOJ K\u00dcKEN EFECTO MADERA REDONDO 35 CM - K\u00fcken\",\"isPartOf\":{\"@id\":\"https:\/\/kuken.es\/#website\"},\"primaryImageOfPage\":{\"@id\":\"https:\/\/kuken.es\/producto\/reloj-kuken-efecto-madera-redondo-35-cm\/#primaryimage\"},\"image\":{\"@id\":\"https:\/\/kuken.es\/producto\/reloj-kuken-efecto-madera-redondo-35-cm\/#primaryimage\"},\"thumbnailUrl\":\"https:\/\/kuken.es\/wp-content\/uploads\/8425160351366_01.jpg\",\"datePublished\":\"2023-12-21T14:16:01+00:00\",\"dateModified\":\"2025-06-02T12:03:56+00:00\",\"description\":\"Descubre el nuevo y elegante Reloj K\u00fcken efecto madera redondo. Dale a tu cocina un toque diferente con relojes de dise\u00f1o. Encuentra el tuyo ahora.\",\"breadcrumb\":{\"@id\":\"https:\/\/kuken.es\/producto\/reloj-kuken-efecto-madera-redondo-35-cm\/#breadcrumb\"},\"inLanguage\":\"pt-PT\",\"potentialAction\":[{\"@type\":\"ReadAction\",\"target\":[\"https:\/\/kuken.es\/producto\/reloj-kuken-efecto-madera-redondo-35-cm\/\"]}]},{\"@type\":\"ImageObject\",\"inLanguage\":\"pt-PT\",\"@id\":\"https:\/\/kuken.es\/producto\/reloj-kuken-efecto-madera-redondo-35-cm\/#primaryimage\",\"url\":\"https:\/\/kuken.es\/wp-content\/uploads\/8425160351366_01.jpg\",\"contentUrl\":\"https:\/\/kuken.es\/wp-content\/uploads\/8425160351366_01.jpg\",\"width\":2000,\"height\":2000},{\"@type\":\"BreadcrumbList\",\"@id\":\"https:\/\/kuken.es\/producto\/reloj-kuken-efecto-madera-redondo-35-cm\/#breadcrumb\",\"itemListElement\":[{\"@type\":\"ListItem\",\"position\":1,\"name\":\"Portada\",\"item\":\"https:\/\/kuken.es\/\"},{\"@type\":\"ListItem\",\"position\":2,\"name\":\"Productos\",\"item\":\"https:\/\/kuken.es\/productos\/\"},{\"@type\":\"ListItem\",\"position\":3,\"name\":\"RELOJ K\u00dcKEN EFECTO MADERA REDONDO 35 CM\"}]},{\"@type\":\"WebSite\",\"@id\":\"https:\/\/kuken.es\/#website\",\"url\":\"https:\/\/kuken.es\/\",\"name\":\"K\u00fcken\",\"description\":\"Amplia gama de peque\u00f1o electrodom\u00e9stico k\u00fcken\",\"publisher\":{\"@id\":\"https:\/\/kuken.es\/#organization\"},\"potentialAction\":[{\"@type\":\"SearchAction\",\"target\":{\"@type\":\"EntryPoint\",\"urlTemplate\":\"https:\/\/kuken.es\/?s={search_term_string}\"},\"query-input\":{\"@type\":\"PropertyValueSpecification\",\"valueRequired\":true,\"valueName\":\"search_term_string\"}}],\"inLanguage\":\"pt-PT\"},{\"@type\":\"Organization\",\"@id\":\"https:\/\/kuken.es\/#organization\",\"name\":\"Alfa Dyser\",\"url\":\"https:\/\/kuken.es\/\",\"logo\":{\"@type\":\"ImageObject\",\"inLanguage\":\"pt-PT\",\"@id\":\"https:\/\/kuken.es\/#\/schema\/logo\/image\/\",\"url\":\"https:\/\/kuken.es\/wp-content\/uploads\/2019\/04\/kuken-logo.png\",\"contentUrl\":\"https:\/\/kuken.es\/wp-content\/uploads\/2019\/04\/kuken-logo.png\",\"width\":500,\"height\":191,\"caption\":\"Alfa Dyser\"},\"image\":{\"@id\":\"https:\/\/kuken.es\/#\/schema\/logo\/image\/\"},\"sameAs\":[\"https:\/\/es-es.facebook.com\/alfadyser\/\",\"https:\/\/www.instagram.com\/kuken_appliances\/\"]}]}<\/script>\n<meta property=\"product:price:amount\" content=\"0.00\" \/>\n<meta property=\"product:price:currency\" content=\"EUR\" \/>\n<meta property=\"og:availability\" content=\"instock\" \/>\n<meta property=\"product:availability\" content=\"instock\" \/>\n<meta property=\"product:retailer_item_id\" content=\"35136\" \/>\n<meta property=\"product:condition\" content=\"new\" \/>\n<!-- \/ Yoast SEO Premium plugin. -->","yoast_head_json":{"title":"RELOJ K\u00dcKEN EFECTO MADERA REDONDO 35 CM - K\u00fcken","description":"Descubre el nuevo y elegante Reloj K\u00fcken efecto madera redondo. Dale a tu cocina un toque diferente con relojes de dise\u00f1o. Encuentra el tuyo ahora.","robots":{"index":"index","follow":"follow","max-snippet":"max-snippet:-1","max-image-preview":"max-image-preview:large","max-video-preview":"max-video-preview:-1"},"canonical":"https:\/\/kuken.es\/pt\/produto\/reloj-kuken-efecto-madera-redondo-35-cm\/","og_locale":"pt_PT","og_type":"article","og_title":"RELOJ K\u00dcKEN EFECTO MADERA REDONDO 35 CM","og_description":"Descubre el nuevo y elegante Reloj K\u00fcken efecto madera redondo. Dale a tu cocina un toque diferente con relojes de dise\u00f1o. Encuentra el tuyo ahora.","og_url":"https:\/\/kuken.es\/pt\/produto\/reloj-kuken-efecto-madera-redondo-35-cm\/","og_site_name":"K\u00fcken","article_publisher":"https:\/\/es-es.facebook.com\/alfadyser\/","article_modified_time":"2025-06-02T12:03:56+00:00","og_image":[{"width":2000,"height":2000,"url":"https:\/\/kuken.es\/wp-content\/uploads\/8425160351366_01.jpg","type":"image\/jpeg"}],"twitter_card":"summary_large_image","twitter_misc":{"pre\u00e7o":"","Disponibilidade":"Em stock"},"schema":{"@context":"https:\/\/schema.org","@graph":[{"@type":"WebPage","@id":"https:\/\/kuken.es\/producto\/reloj-kuken-efecto-madera-redondo-35-cm\/","url":"https:\/\/kuken.es\/producto\/reloj-kuken-efecto-madera-redondo-35-cm\/","name":"RELOJ K\u00dcKEN EFECTO MADERA REDONDO 35 CM - K\u00fcken","isPartOf":{"@id":"https:\/\/kuken.es\/#website"},"primaryImageOfPage":{"@id":"https:\/\/kuken.es\/producto\/reloj-kuken-efecto-madera-redondo-35-cm\/#primaryimage"},"image":{"@id":"https:\/\/kuken.es\/producto\/reloj-kuken-efecto-madera-redondo-35-cm\/#primaryimage"},"thumbnailUrl":"https:\/\/kuken.es\/wp-content\/uploads\/8425160351366_01.jpg","datePublished":"2023-12-21T14:16:01+00:00","dateModified":"2025-06-02T12:03:56+00:00","description":"Descubre el nuevo y elegante Reloj K\u00fcken efecto madera redondo. Dale a tu cocina un toque diferente con relojes de dise\u00f1o. Encuentra el tuyo ahora.","breadcrumb":{"@id":"https:\/\/kuken.es\/producto\/reloj-kuken-efecto-madera-redondo-35-cm\/#breadcrumb"},"inLanguage":"pt-PT","potentialAction":[{"@type":"ReadAction","target":["https:\/\/kuken.es\/producto\/reloj-kuken-efecto-madera-redondo-35-cm\/"]}]},{"@type":"ImageObject","inLanguage":"pt-PT","@id":"https:\/\/kuken.es\/producto\/reloj-kuken-efecto-madera-redondo-35-cm\/#primaryimage","url":"https:\/\/kuken.es\/wp-content\/uploads\/8425160351366_01.jpg","contentUrl":"https:\/\/kuken.es\/wp-content\/uploads\/8425160351366_01.jpg","width":2000,"height":2000},{"@type":"BreadcrumbList","@id":"https:\/\/kuken.es\/producto\/reloj-kuken-efecto-madera-redondo-35-cm\/#breadcrumb","itemListElement":[{"@type":"ListItem","position":1,"name":"Portada","item":"https:\/\/kuken.es\/"},{"@type":"ListItem","position":2,"name":"Productos","item":"https:\/\/kuken.es\/productos\/"},{"@type":"ListItem","position":3,"name":"RELOJ K\u00dcKEN EFECTO MADERA REDONDO 35 CM"}]},{"@type":"WebSite","@id":"https:\/\/kuken.es\/#website","url":"https:\/\/kuken.es\/","name":"K\u00fcken","description":"Vasta gama de pequenos electrodom\u00e9sticos k\u00fcken","publisher":{"@id":"https:\/\/kuken.es\/#organization"},"potentialAction":[{"@type":"SearchAction","target":{"@type":"EntryPoint","urlTemplate":"https:\/\/kuken.es\/?s={search_term_string}"},"query-input":{"@type":"PropertyValueSpecification","valueRequired":true,"valueName":"search_term_string"}}],"inLanguage":"pt-PT"},{"@type":"Organization","@id":"https:\/\/kuken.es\/#organization","name":"Alpha Dyser","url":"https:\/\/kuken.es\/","logo":{"@type":"ImageObject","inLanguage":"pt-PT","@id":"https:\/\/kuken.es\/#\/schema\/logo\/image\/","url":"https:\/\/kuken.es\/wp-content\/uploads\/2019\/04\/kuken-logo.png","contentUrl":"https:\/\/kuken.es\/wp-content\/uploads\/2019\/04\/kuken-logo.png","width":500,"height":191,"caption":"Alfa Dyser"},"image":{"@id":"https:\/\/kuken.es\/#\/schema\/logo\/image\/"},"sameAs":["https:\/\/es-es.facebook.com\/alfadyser\/","https:\/\/www.instagram.com\/kuken_appliances\/"]}]},"product_price_amount":"0.00","product_price_currency":"EUR","og_availability":"instock","product_availability":"instock","product_retailer_item_id":"35136","product_condition":"new"},"_links":{"self":[{"href":"https:\/\/kuken.es\/pt\/wp-json\/wp\/v2\/product\/10868","targetHints":{"allow":["GET"]}}],"collection":[{"href":"https:\/\/kuken.es\/pt\/wp-json\/wp\/v2\/product"}],"about":[{"href":"https:\/\/kuken.es\/pt\/wp-json\/wp\/v2\/types\/product"}],"wp:featuredmedia":[{"embeddable":true,"href":"https:\/\/kuken.es\/pt\/wp-json\/wp\/v2\/media\/10869"}],"wp:attachment":[{"href":"https:\/\/kuken.es\/pt\/wp-json\/wp\/v2\/media?parent=10868"}],"wp:term":[{"taxonomy":"product_brand","embeddable":true,"href":"https:\/\/kuken.es\/pt\/wp-json\/wp\/v2\/product_brand?post=10868"},{"taxonomy":"product_cat","embeddable":true,"href":"https:\/\/kuken.es\/pt\/wp-json\/wp\/v2\/product_cat?post=10868"},{"taxonomy":"product_tag","embeddable":true,"href":"https:\/\/kuken.es\/pt\/wp-json\/wp\/v2\/product_tag?post=10868"}],"curies":[{"name":"wp","href":"https:\/\/api.w.org\/{rel}","templated":true}]}}