{"id":10672,"date":"2023-09-21T11:46:27","date_gmt":"2023-09-21T09:46:27","guid":{"rendered":"https:\/\/kuken.es\/?post_type=product&#038;p=10672"},"modified":"2025-06-02T13:46:30","modified_gmt":"2025-06-02T11:46:30","slug":"fritadeira-digital-sem-oleo-kuken-de-5-litros-com-janela-1500w","status":"publish","type":"product","link":"https:\/\/kuken.es\/pt\/produto\/fritadeira-digital-sem-oleo-kuken-de-5-litros-com-janela-1500w\/","title":{"rendered":"FRITADEIRA DIGITAL SEM \u00d3LEO K\u00dcKEN 5L COM JANELA 1500W"},"content":{"rendered":"<p>FRITADEIRA DIGITAL SEM \u00d3LEO K\u00dcKEN 5L COM JANELA 1500W<\/p>\n<ul data-start=\"910\" data-end=\"1803\">\n<li class=\"\" data-start=\"910\" data-end=\"985\">\n<p class=\"\" data-start=\"912\" data-end=\"985\">Capacidad de 5 litros, perfecta para preparar porciones familiares.<\/p>\n<\/li>\n<li class=\"\" data-start=\"986\" data-end=\"1044\">\n<p class=\"\" data-start=\"988\" data-end=\"1044\">Potencia de 1500W, rendimiento eficiente y r\u00e1pido.<\/p>\n<\/li>\n<li class=\"\" data-start=\"1045\" data-end=\"1122\">\n<p class=\"\" data-start=\"1047\" data-end=\"1122\">Pantalla t\u00e1ctil, controla tiempo y temperatura con precisi\u00f3n.<\/p>\n<\/li>\n<li class=\"\" data-start=\"1123\" data-end=\"1208\">\n<p class=\"\" data-start=\"1125\" data-end=\"1208\">6 programas gu\u00eda preinstalados, facilitan el cocinado de distintos alimentos.<\/p>\n<\/li>\n<li class=\"\" data-start=\"1209\" data-end=\"1279\">\n<p class=\"\" data-start=\"1211\" data-end=\"1279\">Temperatura m\u00e1xima de 200\u202f\u00b0C, adecuada para m\u00faltiples recetas.<\/p>\n<\/li>\n<li class=\"\" data-start=\"1280\" data-end=\"1355\">\n<p class=\"\" data-start=\"1282\" data-end=\"1355\">Cestillo extra\u00edble antiadherente, incluye rejilla separa jugos.<\/p>\n<\/li>\n<li class=\"\" data-start=\"1356\" data-end=\"1417\">\n<p class=\"\" data-start=\"1358\" data-end=\"1417\">Libre de BPA, desmontable y con mango ergon\u00f3mico.<\/p>\n<\/li>\n<li class=\"\" data-start=\"1418\" data-end=\"1502\">\n<p class=\"\" data-start=\"1420\" data-end=\"1502\">Ventana frontal y luz interior, permite supervisar la cocci\u00f3n sin abrir.<\/p>\n<\/li>\n<li class=\"\" data-start=\"1503\" data-end=\"1581\">\n<p class=\"\" data-start=\"1505\" data-end=\"1581\">Dise\u00f1o en blanco con detalles en acero inoxidable, moderno y elegante.<\/p>\n<\/li>\n<li class=\"\" data-start=\"1582\" data-end=\"1666\">\n<p class=\"\" data-start=\"1584\" data-end=\"1666\">Cuerpo de tacto fr\u00edo y base con patas antideslizantes, m\u00e1xima seguridad.<\/p>\n<\/li>\n<li class=\"\" data-start=\"1667\" data-end=\"1717\">\n<p class=\"\" data-start=\"1669\" data-end=\"1717\">Dise\u00f1o compacto: \u00f821\u202fcm \u00d7 27\u202fcm de altura.<\/p>\n<\/li>\n<li class=\"\" data-start=\"1718\" data-end=\"1803\">\n<p class=\"\" data-start=\"1720\" data-end=\"1803\">Cocina sin olores ni residuos con tecnolog\u00eda de aire caliente por convecci\u00f3n.<\/p>\n<\/li>\n<\/ul>\n<p><div class=\"accordion\"><div class=\"mfn-acc accordion_wrapper  toggle\"><br \/>\n<div class=\"question\"><div class=\"title\"><i class=\"icon-plus acc-icon-plus\" aria-hidden=\"true\"><\/i><i class=\"icon-minus acc-icon-minus\" aria-hidden=\"true\"><\/i>Dados do produto<\/div><div class=\"answer\">EAN 8425160343682<\/p>\n<p>FRITADEIRA DIGITAL SEM \u00d3LEO K\u00dcKEN 5L COM JANELA 1500W<\/p>\n<p>Unidade de embalagem 1<br \/>\nCor Branco e a\u00e7o inoxid\u00e1vel<br \/>\nEmbalagem Caixa colorida<br \/>\nPot\u00eancia 1500 W<br \/>\nTens\u00e3o 230 V<br \/>\nCapacidade de 5 litros.<br \/>\nMaterial PC de alta resist\u00eancia.<br \/>\nDestac\u00e1vel Sim<\/p>\n<p>P\u00e9s antiderrapantes Sim<\/div><\/div>\n<\/div><\/div>\n<br \/>\n<div class=\"accordion\"><div class=\"mfn-acc accordion_wrapper  toggle\"><div class=\"question\"><div class=\"title\"><i class=\"icon-plus acc-icon-plus\" aria-hidden=\"true\"><\/i><i class=\"icon-minus acc-icon-minus\" aria-hidden=\"true\"><\/i>Acess\u00f3rios<\/div><div class=\"answer\"><\/div><\/div>\n<\/div><\/div>\n<\/p>\n<div class=\"descargas-producto\"><img loading=\"lazy\" decoding=\"async\" src=\"\/wp-content\/uploads\/2019\/12\/picto-descarrega.png\" alt=\"descarregar ficha de dados\" width=\"23\" height=\"16\" \/>Descarregar ficha<br \/>\n<img loading=\"lazy\" decoding=\"async\" src=\"\/wp-content\/uploads\/2019\/12\/picto-descarrega.png\" alt=\"descarregar manual de instru\u00e7\u00f5es\" width=\"23\" height=\"16\" \/><a href=\"https:\/\/kuken.es\/wp-content\/uploads\/34368_manual_instrucciones_compressed.pdf\">Descarregar o manual<\/a><\/div>\n<div><\/div>\n<div><span style=\"color: #bf2121\">Siga-nos nas redes sociais!<\/span><\/div>\n<div><a href=\"https:\/\/www.instagram.com\/kuken_appliances\/\">https:\/\/www.instagram.com\/kuken_appliances\/<\/a><\/div>\n<p><iframe loading=\"lazy\" title=\"FRITADEIRA DIGITAL SEM \u00d3LEO K\u00dcKEN BRANCA 5L COM JANELA\" width=\"560\" height=\"315\" src=\"https:\/\/www.youtube.com\/embed\/G9dzWdpnv5U?feature=oembed\" frameborder=\"0\" allow=\"accelerometer; autoplay; clipboard-write; encrypted-media; gyroscope; picture-in-picture; web-share\" referrerpolicy=\"strict-origin-when-cross-origin\" allowfullscreen><\/iframe><\/p>","protected":false},"excerpt":{"rendered":"<p class=\"\" data-start=\"677\" data-end=\"839\">Desfrute de refei\u00e7\u00f5es mais saud\u00e1veis sem esfor\u00e7o. Com controlo t\u00e1til, luz interior e janela de cozedura, esta fritadeira \u00e9 ideal para cozinhar com precis\u00e3o sem \u00f3leo.<\/p>","protected":false},"featured_media":10823,"template":"","meta":[],"product_brand":[],"product_cat":[51,97],"product_tag":[],"class_list":{"0":"post-10672","1":"product","2":"type-product","3":"status-publish","4":"has-post-thumbnail","6":"product_cat-freidoras-premium","7":"product_cat-freidoras-gold","9":"first","10":"instock","11":"shipping-taxable","12":"product-type-simple"},"yoast_head":"<!-- This site is optimized with the Yoast SEO Premium plugin v24.0 (Yoast SEO v26.5) - https:\/\/yoast.com\/wordpress\/plugins\/seo\/ -->\n<title>FREIDORA SIN ACEITE DIGITAL 5L CON VENTANILLA 1500W K\u00dcKEN - K\u00fcken<\/title>\n<meta name=\"description\" content=\"Freidora sin aceite digital 5L con ventanilla K\u00dcKEN, con 6 programas, luz interior, pantalla t\u00e1ctil y dise\u00f1o blanco acero. Cocina sin grasas ni olores.\" \/>\n<meta name=\"robots\" content=\"index, follow, max-snippet:-1, max-image-preview:large, max-video-preview:-1\" \/>\n<link rel=\"canonical\" href=\"https:\/\/kuken.es\/pt\/produto\/fritadeira-digital-sem-oleo-kuken-de-5-litros-com-janela-1500w\/\" \/>\n<meta property=\"og:locale\" content=\"pt_PT\" \/>\n<meta property=\"og:type\" content=\"article\" \/>\n<meta property=\"og:title\" content=\"FREIDORA SIN ACEITE DIGITAL 5L CON VENTANILLA 1500W K\u00dcKEN\" \/>\n<meta property=\"og:description\" content=\"Freidora sin aceite digital 5L con ventanilla K\u00dcKEN, con 6 programas, luz interior, pantalla t\u00e1ctil y dise\u00f1o blanco acero. Cocina sin grasas ni olores.\" \/>\n<meta property=\"og:url\" content=\"https:\/\/kuken.es\/pt\/produto\/fritadeira-digital-sem-oleo-kuken-de-5-litros-com-janela-1500w\/\" \/>\n<meta property=\"og:site_name\" content=\"K\u00fcken\" \/>\n<meta property=\"article:publisher\" content=\"https:\/\/es-es.facebook.com\/alfadyser\/\" \/>\n<meta property=\"article:modified_time\" content=\"2025-06-02T11:46:30+00:00\" \/>\n<meta property=\"og:image\" content=\"https:\/\/kuken.es\/wp-content\/uploads\/8425160343682_01.jpg\" \/>\n\t<meta property=\"og:image:width\" content=\"2000\" \/>\n\t<meta property=\"og:image:height\" content=\"2000\" \/>\n\t<meta property=\"og:image:type\" content=\"image\/jpeg\" \/>\n<meta name=\"twitter:card\" content=\"summary_large_image\" \/>\n<meta name=\"twitter:label1\" content=\"pre\u00e7o\" \/>\n\t<meta name=\"twitter:data1\" content=\"\" \/>\n\t<meta name=\"twitter:label2\" content=\"Disponibilidade\" \/>\n\t<meta name=\"twitter:data2\" content=\"Em stock\" \/>\n<script type=\"application\/ld+json\" class=\"yoast-schema-graph\">{\"@context\":\"https:\/\/schema.org\",\"@graph\":[{\"@type\":\"WebPage\",\"@id\":\"https:\/\/kuken.es\/producto\/freidora-sin-aceite-digital-5-litros-con-ventanilla-1500w-kuken\/\",\"url\":\"https:\/\/kuken.es\/producto\/freidora-sin-aceite-digital-5-litros-con-ventanilla-1500w-kuken\/\",\"name\":\"FREIDORA SIN ACEITE DIGITAL 5L CON VENTANILLA 1500W K\u00dcKEN - K\u00fcken\",\"isPartOf\":{\"@id\":\"https:\/\/kuken.es\/#website\"},\"primaryImageOfPage\":{\"@id\":\"https:\/\/kuken.es\/producto\/freidora-sin-aceite-digital-5-litros-con-ventanilla-1500w-kuken\/#primaryimage\"},\"image\":{\"@id\":\"https:\/\/kuken.es\/producto\/freidora-sin-aceite-digital-5-litros-con-ventanilla-1500w-kuken\/#primaryimage\"},\"thumbnailUrl\":\"https:\/\/kuken.es\/wp-content\/uploads\/8425160343682_01.jpg\",\"datePublished\":\"2023-09-21T09:46:27+00:00\",\"dateModified\":\"2025-06-02T11:46:30+00:00\",\"description\":\"Freidora sin aceite digital 5L con ventanilla K\u00dcKEN, con 6 programas, luz interior, pantalla t\u00e1ctil y dise\u00f1o blanco acero. Cocina sin grasas ni olores.\",\"breadcrumb\":{\"@id\":\"https:\/\/kuken.es\/producto\/freidora-sin-aceite-digital-5-litros-con-ventanilla-1500w-kuken\/#breadcrumb\"},\"inLanguage\":\"pt-PT\",\"potentialAction\":[{\"@type\":\"ReadAction\",\"target\":[\"https:\/\/kuken.es\/producto\/freidora-sin-aceite-digital-5-litros-con-ventanilla-1500w-kuken\/\"]}]},{\"@type\":\"ImageObject\",\"inLanguage\":\"pt-PT\",\"@id\":\"https:\/\/kuken.es\/producto\/freidora-sin-aceite-digital-5-litros-con-ventanilla-1500w-kuken\/#primaryimage\",\"url\":\"https:\/\/kuken.es\/wp-content\/uploads\/8425160343682_01.jpg\",\"contentUrl\":\"https:\/\/kuken.es\/wp-content\/uploads\/8425160343682_01.jpg\",\"width\":2000,\"height\":2000},{\"@type\":\"BreadcrumbList\",\"@id\":\"https:\/\/kuken.es\/producto\/freidora-sin-aceite-digital-5-litros-con-ventanilla-1500w-kuken\/#breadcrumb\",\"itemListElement\":[{\"@type\":\"ListItem\",\"position\":1,\"name\":\"Portada\",\"item\":\"https:\/\/kuken.es\/\"},{\"@type\":\"ListItem\",\"position\":2,\"name\":\"Productos\",\"item\":\"https:\/\/kuken.es\/productos\/\"},{\"@type\":\"ListItem\",\"position\":3,\"name\":\"FREIDORA SIN ACEITE DIGITAL 5L CON VENTANILLA 1500W K\u00dcKEN\"}]},{\"@type\":\"WebSite\",\"@id\":\"https:\/\/kuken.es\/#website\",\"url\":\"https:\/\/kuken.es\/\",\"name\":\"K\u00fcken\",\"description\":\"Amplia gama de peque\u00f1o electrodom\u00e9stico k\u00fcken\",\"publisher\":{\"@id\":\"https:\/\/kuken.es\/#organization\"},\"potentialAction\":[{\"@type\":\"SearchAction\",\"target\":{\"@type\":\"EntryPoint\",\"urlTemplate\":\"https:\/\/kuken.es\/?s={search_term_string}\"},\"query-input\":{\"@type\":\"PropertyValueSpecification\",\"valueRequired\":true,\"valueName\":\"search_term_string\"}}],\"inLanguage\":\"pt-PT\"},{\"@type\":\"Organization\",\"@id\":\"https:\/\/kuken.es\/#organization\",\"name\":\"Alfa Dyser\",\"url\":\"https:\/\/kuken.es\/\",\"logo\":{\"@type\":\"ImageObject\",\"inLanguage\":\"pt-PT\",\"@id\":\"https:\/\/kuken.es\/#\/schema\/logo\/image\/\",\"url\":\"https:\/\/kuken.es\/wp-content\/uploads\/2019\/04\/kuken-logo.png\",\"contentUrl\":\"https:\/\/kuken.es\/wp-content\/uploads\/2019\/04\/kuken-logo.png\",\"width\":500,\"height\":191,\"caption\":\"Alfa Dyser\"},\"image\":{\"@id\":\"https:\/\/kuken.es\/#\/schema\/logo\/image\/\"},\"sameAs\":[\"https:\/\/es-es.facebook.com\/alfadyser\/\",\"https:\/\/www.instagram.com\/kuken_appliances\/\"]}]}<\/script>\n<meta property=\"product:price:amount\" content=\"0.00\" \/>\n<meta property=\"product:price:currency\" content=\"EUR\" \/>\n<meta property=\"og:availability\" content=\"instock\" \/>\n<meta property=\"product:availability\" content=\"instock\" \/>\n<meta property=\"product:retailer_item_id\" content=\"34368\" \/>\n<meta property=\"product:condition\" content=\"new\" \/>\n<!-- \/ Yoast SEO Premium plugin. -->","yoast_head_json":{"title":"K\u00dcKEN - K\u00fcken - FRITADEIRA DIGITAL SEM \u00d3LEO DE 5L COM JANELA 1500W","description":"Fritadeira digital sem \u00f3leo K\u00dcKEN 5L com janela, 6 programas, luz interior, ecr\u00e3 t\u00e1til e design em a\u00e7o branco. Cozinha sem gordura e sem odores.","robots":{"index":"index","follow":"follow","max-snippet":"max-snippet:-1","max-image-preview":"max-image-preview:large","max-video-preview":"max-video-preview:-1"},"canonical":"https:\/\/kuken.es\/pt\/produto\/fritadeira-digital-sem-oleo-kuken-de-5-litros-com-janela-1500w\/","og_locale":"pt_PT","og_type":"article","og_title":"FREIDORA SIN ACEITE DIGITAL 5L CON VENTANILLA 1500W K\u00dcKEN","og_description":"Freidora sin aceite digital 5L con ventanilla K\u00dcKEN, con 6 programas, luz interior, pantalla t\u00e1ctil y dise\u00f1o blanco acero. Cocina sin grasas ni olores.","og_url":"https:\/\/kuken.es\/pt\/produto\/fritadeira-digital-sem-oleo-kuken-de-5-litros-com-janela-1500w\/","og_site_name":"K\u00fcken","article_publisher":"https:\/\/es-es.facebook.com\/alfadyser\/","article_modified_time":"2025-06-02T11:46:30+00:00","og_image":[{"width":2000,"height":2000,"url":"https:\/\/kuken.es\/wp-content\/uploads\/8425160343682_01.jpg","type":"image\/jpeg"}],"twitter_card":"summary_large_image","twitter_misc":{"pre\u00e7o":"","Disponibilidade":"Em stock"},"schema":{"@context":"https:\/\/schema.org","@graph":[{"@type":"WebPage","@id":"https:\/\/kuken.es\/producto\/freidora-sin-aceite-digital-5-litros-con-ventanilla-1500w-kuken\/","url":"https:\/\/kuken.es\/producto\/freidora-sin-aceite-digital-5-litros-con-ventanilla-1500w-kuken\/","name":"K\u00dcKEN - K\u00fcken - FRITADEIRA DIGITAL SEM \u00d3LEO DE 5L COM JANELA 1500W","isPartOf":{"@id":"https:\/\/kuken.es\/#website"},"primaryImageOfPage":{"@id":"https:\/\/kuken.es\/producto\/freidora-sin-aceite-digital-5-litros-con-ventanilla-1500w-kuken\/#primaryimage"},"image":{"@id":"https:\/\/kuken.es\/producto\/freidora-sin-aceite-digital-5-litros-con-ventanilla-1500w-kuken\/#primaryimage"},"thumbnailUrl":"https:\/\/kuken.es\/wp-content\/uploads\/8425160343682_01.jpg","datePublished":"2023-09-21T09:46:27+00:00","dateModified":"2025-06-02T11:46:30+00:00","description":"Fritadeira digital sem \u00f3leo K\u00dcKEN 5L com janela, 6 programas, luz interior, ecr\u00e3 t\u00e1til e design em a\u00e7o branco. Cozinha sem gordura e sem odores.","breadcrumb":{"@id":"https:\/\/kuken.es\/producto\/freidora-sin-aceite-digital-5-litros-con-ventanilla-1500w-kuken\/#breadcrumb"},"inLanguage":"pt-PT","potentialAction":[{"@type":"ReadAction","target":["https:\/\/kuken.es\/producto\/freidora-sin-aceite-digital-5-litros-con-ventanilla-1500w-kuken\/"]}]},{"@type":"ImageObject","inLanguage":"pt-PT","@id":"https:\/\/kuken.es\/producto\/freidora-sin-aceite-digital-5-litros-con-ventanilla-1500w-kuken\/#primaryimage","url":"https:\/\/kuken.es\/wp-content\/uploads\/8425160343682_01.jpg","contentUrl":"https:\/\/kuken.es\/wp-content\/uploads\/8425160343682_01.jpg","width":2000,"height":2000},{"@type":"BreadcrumbList","@id":"https:\/\/kuken.es\/producto\/freidora-sin-aceite-digital-5-litros-con-ventanilla-1500w-kuken\/#breadcrumb","itemListElement":[{"@type":"ListItem","position":1,"name":"Portada","item":"https:\/\/kuken.es\/"},{"@type":"ListItem","position":2,"name":"Productos","item":"https:\/\/kuken.es\/productos\/"},{"@type":"ListItem","position":3,"name":"FREIDORA SIN ACEITE DIGITAL 5L CON VENTANILLA 1500W K\u00dcKEN"}]},{"@type":"WebSite","@id":"https:\/\/kuken.es\/#website","url":"https:\/\/kuken.es\/","name":"K\u00fcken","description":"Vasta gama de pequenos electrodom\u00e9sticos k\u00fcken","publisher":{"@id":"https:\/\/kuken.es\/#organization"},"potentialAction":[{"@type":"SearchAction","target":{"@type":"EntryPoint","urlTemplate":"https:\/\/kuken.es\/?s={search_term_string}"},"query-input":{"@type":"PropertyValueSpecification","valueRequired":true,"valueName":"search_term_string"}}],"inLanguage":"pt-PT"},{"@type":"Organization","@id":"https:\/\/kuken.es\/#organization","name":"Alpha Dyser","url":"https:\/\/kuken.es\/","logo":{"@type":"ImageObject","inLanguage":"pt-PT","@id":"https:\/\/kuken.es\/#\/schema\/logo\/image\/","url":"https:\/\/kuken.es\/wp-content\/uploads\/2019\/04\/kuken-logo.png","contentUrl":"https:\/\/kuken.es\/wp-content\/uploads\/2019\/04\/kuken-logo.png","width":500,"height":191,"caption":"Alfa Dyser"},"image":{"@id":"https:\/\/kuken.es\/#\/schema\/logo\/image\/"},"sameAs":["https:\/\/es-es.facebook.com\/alfadyser\/","https:\/\/www.instagram.com\/kuken_appliances\/"]}]},"product_price_amount":"0.00","product_price_currency":"EUR","og_availability":"instock","product_availability":"instock","product_retailer_item_id":"34368","product_condition":"new"},"_links":{"self":[{"href":"https:\/\/kuken.es\/pt\/wp-json\/wp\/v2\/product\/10672","targetHints":{"allow":["GET"]}}],"collection":[{"href":"https:\/\/kuken.es\/pt\/wp-json\/wp\/v2\/product"}],"about":[{"href":"https:\/\/kuken.es\/pt\/wp-json\/wp\/v2\/types\/product"}],"wp:featuredmedia":[{"embeddable":true,"href":"https:\/\/kuken.es\/pt\/wp-json\/wp\/v2\/media\/10823"}],"wp:attachment":[{"href":"https:\/\/kuken.es\/pt\/wp-json\/wp\/v2\/media?parent=10672"}],"wp:term":[{"taxonomy":"product_brand","embeddable":true,"href":"https:\/\/kuken.es\/pt\/wp-json\/wp\/v2\/product_brand?post=10672"},{"taxonomy":"product_cat","embeddable":true,"href":"https:\/\/kuken.es\/pt\/wp-json\/wp\/v2\/product_cat?post=10672"},{"taxonomy":"product_tag","embeddable":true,"href":"https:\/\/kuken.es\/pt\/wp-json\/wp\/v2\/product_tag?post=10672"}],"curies":[{"name":"wp","href":"https:\/\/api.w.org\/{rel}","templated":true}]}}