{"id":10541,"date":"2023-09-12T10:17:26","date_gmt":"2023-09-12T08:17:26","guid":{"rendered":"https:\/\/kuken.es\/?post_type=product&#038;p=10541"},"modified":"2025-06-02T13:31:34","modified_gmt":"2025-06-02T11:31:34","slug":"mini-aquecedor-de-ceramica-kuken-500w","status":"publish","type":"product","link":"https:\/\/kuken.es\/pt\/produto\/mini-aquecedor-de-ceramica-kuken-500w\/","title":{"rendered":"AQUECEDOR DE CER\u00c2MICA KUKEN MINI 500W."},"content":{"rendered":"<p>AQUECEDOR DE CER\u00c2MICA KUKEN MINI 500W.<\/p>\n<ul data-start=\"907\" data-end=\"1620\">\n<li data-start=\"907\" data-end=\"982\">\n<p data-start=\"909\" data-end=\"982\">Dise\u00f1o compacto (190x110x110 mm), perfecto para espacios reducidos.<\/p>\n<\/li>\n<li data-start=\"983\" data-end=\"1048\">\n<p data-start=\"985\" data-end=\"1048\">Conexi\u00f3n directa a enchufe 230V, sin necesidad de cables.<\/p>\n<\/li>\n<li data-start=\"1049\" data-end=\"1122\">\n<p data-start=\"1051\" data-end=\"1122\">Clavija giratoria que permite adaptar la posici\u00f3n del calefactor.<\/p>\n<\/li>\n<li data-start=\"1123\" data-end=\"1193\">\n<p data-start=\"1125\" data-end=\"1193\">Control por pulsadores con rango de temperatura de 15 a 30\u202f\u00b0C.<\/p>\n<\/li>\n<li data-start=\"1194\" data-end=\"1269\">\n<p data-start=\"1196\" data-end=\"1269\">Temporizador programable de 1 a 12 horas en intervalos de una hora.<\/p>\n<\/li>\n<li data-start=\"1270\" data-end=\"1334\">\n<p data-start=\"1272\" data-end=\"1334\">Pantalla digital para ver la temperatura en tiempo real.<\/p>\n<\/li>\n<li data-start=\"1335\" data-end=\"1410\">\n<p data-start=\"1337\" data-end=\"1410\">Velocidad ajustable del ventilador: alta o baja, seg\u00fan preferencia.<\/p>\n<\/li>\n<li data-start=\"1411\" data-end=\"1478\">\n<p data-start=\"1413\" data-end=\"1478\">Interruptor lateral de encendido y apagado de f\u00e1cil acceso.<\/p>\n<\/li>\n<li data-start=\"1479\" data-end=\"1539\">\n<p data-start=\"1481\" data-end=\"1539\">Tecnolog\u00eda cer\u00e1mica interna, resistente y eficiente.<\/p>\n<\/li>\n<li data-start=\"1540\" data-end=\"1620\">\n<p data-start=\"1542\" data-end=\"1620\">Uso recomendado en estancias bien aisladas y para calentamiento ocasional.<\/p>\n<\/li>\n<\/ul>\n<div class=\"accordion\"><div class=\"mfn-acc accordion_wrapper  toggle\"><div class=\"question\"><div class=\"title\"><i class=\"icon-plus acc-icon-plus\" aria-hidden=\"true\"><\/i><i class=\"icon-minus acc-icon-minus\" aria-hidden=\"true\"><\/i>Dados do produto<\/div><div class=\"answer\">EAN:<span class=\"data\">8425160386986<\/span><\/p>\n<p><span class=\"label\">AQUECEDOR DE CER\u00c2MICA KUKEN MINI 500W.<\/span><\/p>\n<p><span class=\"label\">Unidade de embalagem<\/span> <span class=\"data\">1<\/span><br \/>\n<span class=\"label\">Cor<\/span> <span class=\"data\">Blanco-negro<\/span><br \/>\n<span class=\"label\">Embalagem<\/span> <span class=\"data\">Caixa de cor<\/span><br \/>\n<span class=\"label\">Pot\u00eancia<\/span> <span class=\"data\">500 W<\/span><br \/>\n<span class=\"label\">Tens\u00e3o<\/span> <span class=\"data\">230 V<\/span><br \/>\n<span class=\"label\">Velocidades<\/span> <span class=\"data\">S\u00ed<\/span><br \/>\n<span class=\"label\">Progamable temporizador<\/span> <span class=\"data\">S\u00ed<\/span><br \/>\n<span class=\"label\">Anchura<\/span> <span class=\"data\">11 cm.<\/span><br \/>\n<span class=\"label\">Altura<\/span> <span class=\"data\">19 cm.<\/span><br \/>\n<\/div><\/div>\n<br \/>\n<\/div><\/div>\n\n<div class=\"accordion\"><div class=\"mfn-acc accordion_wrapper  toggle\"><br \/>\n<div class=\"question\"><div class=\"title\"><i class=\"icon-plus acc-icon-plus\" aria-hidden=\"true\"><\/i><i class=\"icon-minus acc-icon-minus\" aria-hidden=\"true\"><\/i>Acess\u00f3rios<\/div><div class=\"answer\"><br \/>\n<\/div><\/div>\n<br \/>\n<\/div><\/div>\n\n<div class=\"descargas-producto\"><a href=\"https:\/\/kuken.es\/wp-content\/uploads\/8425160386986_ficha_tecnica.pdf\" target=\"_blank\" rel=\"noopener noreferrer\"><br \/>\n<img loading=\"lazy\" decoding=\"async\" src=\"\/wp-content\/uploads\/2019\/12\/picto-descarrega.png\" alt=\"descarregar ficha de dados\" width=\"23\" height=\"16\" \/>Descarregar ficha<\/a><br \/>\n<a href=\"https:\/\/kuken.es\/wp-content\/uploads\/38698_instrucciones.pdf\"><img loading=\"lazy\" decoding=\"async\" src=\"\/wp-content\/uploads\/2019\/12\/picto-descarrega.png\" alt=\"descarregar manual de instru\u00e7\u00f5es\" width=\"23\" height=\"16\" \/>Descarregar o manual<\/a><\/div>\n<div><\/div>\n<div><span style=\"color: #bf2121\">Siga-nos nas redes sociais!<\/span><\/div>\n<div><a href=\"https:\/\/www.instagram.com\/kuken_appliances\/\">https:\/\/www.instagram.com\/kuken_appliances\/<\/a><\/div>\n<div><\/div>\n<div>\n<p><iframe loading=\"lazy\" title=\"Calefactor kuken cer\u00e1mico mini 500w\" width=\"560\" height=\"315\" src=\"https:\/\/www.youtube.com\/embed\/TwIZYgVhO2A?feature=oembed\" frameborder=\"0\" allow=\"accelerometer; autoplay; clipboard-write; encrypted-media; gyroscope; picture-in-picture; web-share\" referrerpolicy=\"strict-origin-when-cross-origin\" allowfullscreen><\/iframe><\/p>\n<\/div>","protected":false},"excerpt":{"rendered":"<p data-start=\"567\" data-end=\"722\">Compacto, silencioso y directo al enchufe. Este calefactor ofrece control preciso de temperatura, temporizador y doble velocidad para un confort inmediato.<\/p>\n<blockquote data-start=\"724\" data-end=\"839\">\n<p data-start=\"726\" data-end=\"839\">\n<\/blockquote>","protected":false},"featured_media":10542,"template":"","meta":[],"product_brand":[],"product_cat":[66,152,38],"product_tag":[],"class_list":{"0":"post-10541","1":"product","2":"type-product","3":"status-publish","4":"has-post-thumbnail","6":"product_cat-calefaccion-premium","7":"product_cat-calefactores","8":"product_cat-premium","10":"first","11":"instock","12":"product-type-simple"},"yoast_head":"<!-- This site is optimized with the Yoast SEO Premium plugin v24.0 (Yoast SEO v26.5) - https:\/\/yoast.com\/wordpress\/plugins\/seo\/ -->\n<title>CALEFACTOR KUKEN CERAMICO MINI 500W. - K\u00fcken<\/title>\n<meta name=\"description\" content=\"Calefactor Kuken cer\u00e1mico mini 500W sin cable, ideal para espacios peque\u00f1os. Conexi\u00f3n directa, pantalla digital y temporizador programable.\" \/>\n<meta name=\"robots\" content=\"index, follow, max-snippet:-1, max-image-preview:large, max-video-preview:-1\" \/>\n<link rel=\"canonical\" href=\"https:\/\/kuken.es\/pt\/produto\/mini-aquecedor-de-ceramica-kuken-500w\/\" \/>\n<meta property=\"og:locale\" content=\"pt_PT\" \/>\n<meta property=\"og:type\" content=\"article\" \/>\n<meta property=\"og:title\" content=\"CALEFACTOR KUKEN CERAMICO MINI 500W.\" \/>\n<meta property=\"og:description\" content=\"Calefactor Kuken cer\u00e1mico mini 500W sin cable, ideal para espacios peque\u00f1os. Conexi\u00f3n directa, pantalla digital y temporizador programable.\" \/>\n<meta property=\"og:url\" content=\"https:\/\/kuken.es\/pt\/produto\/mini-aquecedor-de-ceramica-kuken-500w\/\" \/>\n<meta property=\"og:site_name\" content=\"K\u00fcken\" \/>\n<meta property=\"article:publisher\" content=\"https:\/\/es-es.facebook.com\/alfadyser\/\" \/>\n<meta property=\"article:modified_time\" content=\"2025-06-02T11:31:34+00:00\" \/>\n<meta property=\"og:image\" content=\"https:\/\/kuken.es\/wp-content\/uploads\/8425160386986_01.jpg\" \/>\n\t<meta property=\"og:image:width\" content=\"2000\" \/>\n\t<meta property=\"og:image:height\" content=\"2000\" \/>\n\t<meta property=\"og:image:type\" content=\"image\/jpeg\" \/>\n<meta name=\"twitter:card\" content=\"summary_large_image\" \/>\n<meta name=\"twitter:label1\" content=\"pre\u00e7o\" \/>\n\t<meta name=\"twitter:data1\" content=\"\" \/>\n\t<meta name=\"twitter:label2\" content=\"Disponibilidade\" \/>\n\t<meta name=\"twitter:data2\" content=\"Em stock\" \/>\n<script type=\"application\/ld+json\" class=\"yoast-schema-graph\">{\"@context\":\"https:\/\/schema.org\",\"@graph\":[{\"@type\":\"WebPage\",\"@id\":\"https:\/\/kuken.es\/producto\/calefactor-kuken-ceramico-mini-500w\/\",\"url\":\"https:\/\/kuken.es\/producto\/calefactor-kuken-ceramico-mini-500w\/\",\"name\":\"CALEFACTOR KUKEN CERAMICO MINI 500W. - K\u00fcken\",\"isPartOf\":{\"@id\":\"https:\/\/kuken.es\/#website\"},\"primaryImageOfPage\":{\"@id\":\"https:\/\/kuken.es\/producto\/calefactor-kuken-ceramico-mini-500w\/#primaryimage\"},\"image\":{\"@id\":\"https:\/\/kuken.es\/producto\/calefactor-kuken-ceramico-mini-500w\/#primaryimage\"},\"thumbnailUrl\":\"https:\/\/kuken.es\/wp-content\/uploads\/8425160386986_01.jpg\",\"datePublished\":\"2023-09-12T08:17:26+00:00\",\"dateModified\":\"2025-06-02T11:31:34+00:00\",\"description\":\"Calefactor Kuken cer\u00e1mico mini 500W sin cable, ideal para espacios peque\u00f1os. Conexi\u00f3n directa, pantalla digital y temporizador programable.\",\"breadcrumb\":{\"@id\":\"https:\/\/kuken.es\/producto\/calefactor-kuken-ceramico-mini-500w\/#breadcrumb\"},\"inLanguage\":\"pt-PT\",\"potentialAction\":[{\"@type\":\"ReadAction\",\"target\":[\"https:\/\/kuken.es\/producto\/calefactor-kuken-ceramico-mini-500w\/\"]}]},{\"@type\":\"ImageObject\",\"inLanguage\":\"pt-PT\",\"@id\":\"https:\/\/kuken.es\/producto\/calefactor-kuken-ceramico-mini-500w\/#primaryimage\",\"url\":\"https:\/\/kuken.es\/wp-content\/uploads\/8425160386986_01.jpg\",\"contentUrl\":\"https:\/\/kuken.es\/wp-content\/uploads\/8425160386986_01.jpg\",\"width\":2000,\"height\":2000},{\"@type\":\"BreadcrumbList\",\"@id\":\"https:\/\/kuken.es\/producto\/calefactor-kuken-ceramico-mini-500w\/#breadcrumb\",\"itemListElement\":[{\"@type\":\"ListItem\",\"position\":1,\"name\":\"Portada\",\"item\":\"https:\/\/kuken.es\/\"},{\"@type\":\"ListItem\",\"position\":2,\"name\":\"Productos\",\"item\":\"https:\/\/kuken.es\/productos\/\"},{\"@type\":\"ListItem\",\"position\":3,\"name\":\"CALEFACTOR KUKEN CERAMICO MINI 500W.\"}]},{\"@type\":\"WebSite\",\"@id\":\"https:\/\/kuken.es\/#website\",\"url\":\"https:\/\/kuken.es\/\",\"name\":\"K\u00fcken\",\"description\":\"Amplia gama de peque\u00f1o electrodom\u00e9stico k\u00fcken\",\"publisher\":{\"@id\":\"https:\/\/kuken.es\/#organization\"},\"potentialAction\":[{\"@type\":\"SearchAction\",\"target\":{\"@type\":\"EntryPoint\",\"urlTemplate\":\"https:\/\/kuken.es\/?s={search_term_string}\"},\"query-input\":{\"@type\":\"PropertyValueSpecification\",\"valueRequired\":true,\"valueName\":\"search_term_string\"}}],\"inLanguage\":\"pt-PT\"},{\"@type\":\"Organization\",\"@id\":\"https:\/\/kuken.es\/#organization\",\"name\":\"Alfa Dyser\",\"url\":\"https:\/\/kuken.es\/\",\"logo\":{\"@type\":\"ImageObject\",\"inLanguage\":\"pt-PT\",\"@id\":\"https:\/\/kuken.es\/#\/schema\/logo\/image\/\",\"url\":\"https:\/\/kuken.es\/wp-content\/uploads\/2019\/04\/kuken-logo.png\",\"contentUrl\":\"https:\/\/kuken.es\/wp-content\/uploads\/2019\/04\/kuken-logo.png\",\"width\":500,\"height\":191,\"caption\":\"Alfa Dyser\"},\"image\":{\"@id\":\"https:\/\/kuken.es\/#\/schema\/logo\/image\/\"},\"sameAs\":[\"https:\/\/es-es.facebook.com\/alfadyser\/\",\"https:\/\/www.instagram.com\/kuken_appliances\/\"]}]}<\/script>\n<meta property=\"product:price:amount\" content=\"0.00\" \/>\n<meta property=\"product:price:currency\" content=\"EUR\" \/>\n<meta property=\"og:availability\" content=\"instock\" \/>\n<meta property=\"product:availability\" content=\"instock\" \/>\n<meta property=\"product:retailer_item_id\" content=\"38698\" \/>\n<meta property=\"product:condition\" content=\"new\" \/>\n<!-- \/ Yoast SEO Premium plugin. -->","yoast_head_json":{"title":"CALEFACTOR KUKEN CERAMICO MINI 500W. - K\u00fcken","description":"Calefactor Kuken cer\u00e1mico mini 500W sin cable, ideal para espacios peque\u00f1os. Conexi\u00f3n directa, pantalla digital y temporizador programable.","robots":{"index":"index","follow":"follow","max-snippet":"max-snippet:-1","max-image-preview":"max-image-preview:large","max-video-preview":"max-video-preview:-1"},"canonical":"https:\/\/kuken.es\/pt\/produto\/mini-aquecedor-de-ceramica-kuken-500w\/","og_locale":"pt_PT","og_type":"article","og_title":"CALEFACTOR KUKEN CERAMICO MINI 500W.","og_description":"Calefactor Kuken cer\u00e1mico mini 500W sin cable, ideal para espacios peque\u00f1os. Conexi\u00f3n directa, pantalla digital y temporizador programable.","og_url":"https:\/\/kuken.es\/pt\/produto\/mini-aquecedor-de-ceramica-kuken-500w\/","og_site_name":"K\u00fcken","article_publisher":"https:\/\/es-es.facebook.com\/alfadyser\/","article_modified_time":"2025-06-02T11:31:34+00:00","og_image":[{"width":2000,"height":2000,"url":"https:\/\/kuken.es\/wp-content\/uploads\/8425160386986_01.jpg","type":"image\/jpeg"}],"twitter_card":"summary_large_image","twitter_misc":{"pre\u00e7o":"","Disponibilidade":"Em stock"},"schema":{"@context":"https:\/\/schema.org","@graph":[{"@type":"WebPage","@id":"https:\/\/kuken.es\/producto\/calefactor-kuken-ceramico-mini-500w\/","url":"https:\/\/kuken.es\/producto\/calefactor-kuken-ceramico-mini-500w\/","name":"CALEFACTOR KUKEN CERAMICO MINI 500W. - K\u00fcken","isPartOf":{"@id":"https:\/\/kuken.es\/#website"},"primaryImageOfPage":{"@id":"https:\/\/kuken.es\/producto\/calefactor-kuken-ceramico-mini-500w\/#primaryimage"},"image":{"@id":"https:\/\/kuken.es\/producto\/calefactor-kuken-ceramico-mini-500w\/#primaryimage"},"thumbnailUrl":"https:\/\/kuken.es\/wp-content\/uploads\/8425160386986_01.jpg","datePublished":"2023-09-12T08:17:26+00:00","dateModified":"2025-06-02T11:31:34+00:00","description":"Calefactor Kuken cer\u00e1mico mini 500W sin cable, ideal para espacios peque\u00f1os. Conexi\u00f3n directa, pantalla digital y temporizador programable.","breadcrumb":{"@id":"https:\/\/kuken.es\/producto\/calefactor-kuken-ceramico-mini-500w\/#breadcrumb"},"inLanguage":"pt-PT","potentialAction":[{"@type":"ReadAction","target":["https:\/\/kuken.es\/producto\/calefactor-kuken-ceramico-mini-500w\/"]}]},{"@type":"ImageObject","inLanguage":"pt-PT","@id":"https:\/\/kuken.es\/producto\/calefactor-kuken-ceramico-mini-500w\/#primaryimage","url":"https:\/\/kuken.es\/wp-content\/uploads\/8425160386986_01.jpg","contentUrl":"https:\/\/kuken.es\/wp-content\/uploads\/8425160386986_01.jpg","width":2000,"height":2000},{"@type":"BreadcrumbList","@id":"https:\/\/kuken.es\/producto\/calefactor-kuken-ceramico-mini-500w\/#breadcrumb","itemListElement":[{"@type":"ListItem","position":1,"name":"Portada","item":"https:\/\/kuken.es\/"},{"@type":"ListItem","position":2,"name":"Productos","item":"https:\/\/kuken.es\/productos\/"},{"@type":"ListItem","position":3,"name":"CALEFACTOR KUKEN CERAMICO MINI 500W."}]},{"@type":"WebSite","@id":"https:\/\/kuken.es\/#website","url":"https:\/\/kuken.es\/","name":"K\u00fcken","description":"Vasta gama de pequenos electrodom\u00e9sticos k\u00fcken","publisher":{"@id":"https:\/\/kuken.es\/#organization"},"potentialAction":[{"@type":"SearchAction","target":{"@type":"EntryPoint","urlTemplate":"https:\/\/kuken.es\/?s={search_term_string}"},"query-input":{"@type":"PropertyValueSpecification","valueRequired":true,"valueName":"search_term_string"}}],"inLanguage":"pt-PT"},{"@type":"Organization","@id":"https:\/\/kuken.es\/#organization","name":"Alpha Dyser","url":"https:\/\/kuken.es\/","logo":{"@type":"ImageObject","inLanguage":"pt-PT","@id":"https:\/\/kuken.es\/#\/schema\/logo\/image\/","url":"https:\/\/kuken.es\/wp-content\/uploads\/2019\/04\/kuken-logo.png","contentUrl":"https:\/\/kuken.es\/wp-content\/uploads\/2019\/04\/kuken-logo.png","width":500,"height":191,"caption":"Alfa Dyser"},"image":{"@id":"https:\/\/kuken.es\/#\/schema\/logo\/image\/"},"sameAs":["https:\/\/es-es.facebook.com\/alfadyser\/","https:\/\/www.instagram.com\/kuken_appliances\/"]}]},"product_price_amount":"0.00","product_price_currency":"EUR","og_availability":"instock","product_availability":"instock","product_retailer_item_id":"38698","product_condition":"new"},"_links":{"self":[{"href":"https:\/\/kuken.es\/pt\/wp-json\/wp\/v2\/product\/10541","targetHints":{"allow":["GET"]}}],"collection":[{"href":"https:\/\/kuken.es\/pt\/wp-json\/wp\/v2\/product"}],"about":[{"href":"https:\/\/kuken.es\/pt\/wp-json\/wp\/v2\/types\/product"}],"wp:featuredmedia":[{"embeddable":true,"href":"https:\/\/kuken.es\/pt\/wp-json\/wp\/v2\/media\/10542"}],"wp:attachment":[{"href":"https:\/\/kuken.es\/pt\/wp-json\/wp\/v2\/media?parent=10541"}],"wp:term":[{"taxonomy":"product_brand","embeddable":true,"href":"https:\/\/kuken.es\/pt\/wp-json\/wp\/v2\/product_brand?post=10541"},{"taxonomy":"product_cat","embeddable":true,"href":"https:\/\/kuken.es\/pt\/wp-json\/wp\/v2\/product_cat?post=10541"},{"taxonomy":"product_tag","embeddable":true,"href":"https:\/\/kuken.es\/pt\/wp-json\/wp\/v2\/product_tag?post=10541"}],"curies":[{"name":"wp","href":"https:\/\/api.w.org\/{rel}","templated":true}]}}