{"id":10437,"date":"2023-08-07T08:24:15","date_gmt":"2023-08-07T06:24:15","guid":{"rendered":"https:\/\/kuken.es\/?post_type=product&#038;p=10437"},"modified":"2025-06-02T13:01:10","modified_gmt":"2025-06-02T11:01:10","slug":"batidora-brazo-inox-1500w-red-con-vaso-kuken-premium","status":"publish","type":"product","link":"https:\/\/kuken.es\/pt\/produto\/batidora-brazo-inox-1500w-red-con-vaso-kuken-premium\/","title":{"rendered":"MISTURADOR DE BRA\u00c7O EM A\u00c7O INOXID\u00c1VEL 1500W KUKEN PREMIUM RED TUMBLER METAL GEAR"},"content":{"rendered":"<p>MISTURADOR DE BRA\u00c7O EM A\u00c7O INOXID\u00c1VEL 1500W KUKEN PREMIUM RED TUMBLER METAL GEAR<\/p>\n<ul data-start=\"916\" data-end=\"1669\">\n<li data-start=\"916\" data-end=\"988\">\n<p data-start=\"918\" data-end=\"988\">Brazo, cuerpo y cuchillas en acero inoxidable, gran durabilidad.<\/p>\n<\/li>\n<li data-start=\"989\" data-end=\"1054\">\n<p data-start=\"991\" data-end=\"1054\">Acabado rojo brillante, con dise\u00f1o moderno y profesional.<\/p>\n<\/li>\n<li data-start=\"1055\" data-end=\"1133\">\n<p data-start=\"1057\" data-end=\"1133\">Motor de 1500W, permite picar hielo a punto de nieve sin esfuerzo.<\/p>\n<\/li>\n<li data-start=\"1134\" data-end=\"1206\">\n<p data-start=\"1136\" data-end=\"1206\">Velocidad 1 regulable y Velocidad 2 Turbo, para diferentes usos.<\/p>\n<\/li>\n<li data-start=\"1207\" data-end=\"1277\">\n<p data-start=\"1209\" data-end=\"1277\">Regulador de velocidad adaptable seg\u00fan el tipo de preparaci\u00f3n.<\/p>\n<\/li>\n<li data-start=\"1278\" data-end=\"1346\">\n<p data-start=\"1280\" data-end=\"1346\">Engranaje interior met\u00e1lico, dise\u00f1ado para alta resistencia.<\/p>\n<\/li>\n<li data-start=\"1347\" data-end=\"1412\">\n<p data-start=\"1349\" data-end=\"1412\">Brazo desmontable, facilita una limpieza r\u00e1pida y c\u00f3moda.<\/p>\n<\/li>\n<li data-start=\"1413\" data-end=\"1475\">\n<p data-start=\"1415\" data-end=\"1475\">Cable rizado extensible hasta 110 cm, mayor comodidad.<\/p>\n<\/li>\n<li data-start=\"1476\" data-end=\"1546\">\n<p data-start=\"1478\" data-end=\"1546\">Mango ergon\u00f3mico y agarre firme, ideal para un uso prolongado.<\/p>\n<\/li>\n<li data-start=\"1547\" data-end=\"1609\">\n<p data-start=\"1549\" data-end=\"1609\">Botones con luz LED integrada, para mejor visibilidad.<\/p>\n<\/li>\n<li data-start=\"1610\" data-end=\"1669\">\n<p data-start=\"1612\" data-end=\"1669\">Incluye vaso medidor de 800 ml, \u00fatil y f\u00e1cil de usar.<\/p>\n<\/li>\n<\/ul>\n<div class=\"accordion\"><div class=\"mfn-acc accordion_wrapper  toggle\"><br \/>\n<div class=\"question\"><div class=\"title\"><i class=\"icon-plus acc-icon-plus\" aria-hidden=\"true\"><\/i><i class=\"icon-minus acc-icon-minus\" aria-hidden=\"true\"><\/i>Dados do produto<\/div><div class=\"answer\"><\/p>\n<p>MISTURADOR DE BRA\u00c7O EM A\u00c7O INOXID\u00c1VEL 1500W KUKEN PREMIUM RED TUMBLER METAL GEAR<\/p>\n<p><span class=\"data\">EAN 8425160353056<\/span><br \/>\n<span class=\"label\">Unidade de embalagem<\/span> <span class=\"data\">1<\/span><br \/>\n<span class=\"label\">Cor<\/span> <span class=\"data\">Inox y rojo<\/span><br \/>\n<span class=\"label\">Embalagem<\/span> <span class=\"data\">Caja de color<\/span><br \/>\n<span class=\"label\">Pot\u00eancia<\/span> <span class=\"data\">1500W<\/span><br \/>\n<span class=\"label\">Tens\u00e3o<\/span> <span class=\"data\">230V<\/span><br \/>\n<span class=\"label\">Tama\u00f1o<\/span> <span class=\"data\">Mediano<\/span><br \/>\n<span class=\"label\">Material<\/span> <span class=\"data\">Acero Inox<\/span><br \/>\n<span class=\"label\">Funci\u00f3n turbo<\/span> <span class=\"data\">S\u00ed<\/span><br \/>\n<span class=\"label\">Desmontable<\/span> <span class=\"data\">S\u00ed<\/span><br \/>\n<\/div><\/div>\n<br \/>\n<\/div><\/div>\n\n<p><div class=\"accordion\"><div class=\"mfn-acc accordion_wrapper  toggle\"><br \/>\n<div class=\"question\"><div class=\"title\"><i class=\"icon-plus acc-icon-plus\" aria-hidden=\"true\"><\/i><i class=\"icon-minus acc-icon-minus\" aria-hidden=\"true\"><\/i>Acess\u00f3rios<\/div><div class=\"answer\"><br \/>\nVaso medidor<br \/>\n<\/div><\/div>\n<br \/>\n<\/div><\/div>\n<br \/>\n<img loading=\"lazy\" decoding=\"async\" src=\"\/wp-content\/uploads\/2019\/12\/picto-descarrega.png\" alt=\"descarregar ficha de dados\" width=\"23\" height=\"16\" \/><a href=\"https:\/\/kuken.es\/wp-content\/uploads\/8425160327392_ficha_tecnica.pdf\">Descarregar ficha<\/a><br \/>\n<img loading=\"lazy\" decoding=\"async\" src=\"\/wp-content\/uploads\/2019\/12\/picto-descarrega.png\" alt=\"descarregar manual de instru\u00e7\u00f5es\" width=\"23\" height=\"16\" \/><a href=\"https:\/\/kuken.es\/wp-content\/uploads\/35305_instrucciones_compressed.pdf\">Descarregar o manual<\/a><\/p>\n<div><span style=\"color: #bf2121\">Siga-nos nas redes sociais!<\/span><\/div>\n<div><a href=\"https:\/\/www.instagram.com\/kuken_appliances\/\">https:\/\/www.instagram.com\/kuken_appliances\/<\/a><\/div>","protected":false},"excerpt":{"rendered":"<p data-start=\"582\" data-end=\"742\">Potente, resistente y con estilo. Esta batidora ofrece velocidad ajustable, cuchillas de acero y dise\u00f1o ergon\u00f3mico para mezclar, triturar o batir con precisi\u00f3n.<\/p>\n<blockquote data-start=\"744\" data-end=\"848\">\n<p data-start=\"746\" data-end=\"848\">\n<\/blockquote>","protected":false},"featured_media":10438,"template":"","meta":[],"product_brand":[],"product_cat":[107,38],"product_tag":[],"class_list":{"0":"post-10437","1":"product","2":"type-product","3":"status-publish","4":"has-post-thumbnail","6":"product_cat-batidoras-premium","7":"product_cat-premium","9":"first","10":"instock","11":"product-type-simple"},"yoast_head":"<!-- This site is optimized with the Yoast SEO Premium plugin v24.0 (Yoast SEO v26.5) - https:\/\/yoast.com\/wordpress\/plugins\/seo\/ -->\n<title>BATIDORA BRAZO INOX 1500W VASO KUKEN PREMIUM RED ENGRANAJE MET\u00c1LICO k\u00fcken<\/title>\n<meta name=\"description\" content=\"Batidora brazo inox 1500W vaso Kuken Premium Red, con engranaje met\u00e1lico, turbo velocidad, brazo desmontable y vaso medidor incluido.\" \/>\n<meta name=\"robots\" content=\"index, follow, max-snippet:-1, max-image-preview:large, max-video-preview:-1\" \/>\n<link rel=\"canonical\" href=\"https:\/\/kuken.es\/pt\/produto\/batidora-brazo-inox-1500w-red-con-vaso-kuken-premium\/\" \/>\n<meta property=\"og:locale\" content=\"pt_PT\" \/>\n<meta property=\"og:type\" content=\"article\" \/>\n<meta property=\"og:title\" content=\"BATIDORA BRAZO INOX 1500W VASO KUKEN PREMIUM RED ENGRANAJE MET\u00c1LICO\" \/>\n<meta property=\"og:description\" content=\"Batidora brazo inox 1500W vaso Kuken Premium Red, con engranaje met\u00e1lico, turbo velocidad, brazo desmontable y vaso medidor incluido.\" \/>\n<meta property=\"og:url\" content=\"https:\/\/kuken.es\/pt\/produto\/batidora-brazo-inox-1500w-red-con-vaso-kuken-premium\/\" \/>\n<meta property=\"og:site_name\" content=\"K\u00fcken\" \/>\n<meta property=\"article:publisher\" content=\"https:\/\/es-es.facebook.com\/alfadyser\/\" \/>\n<meta property=\"article:modified_time\" content=\"2025-06-02T11:01:10+00:00\" \/>\n<meta property=\"og:image\" content=\"https:\/\/kuken.es\/wp-content\/uploads\/8425160353056_01.jpg\" \/>\n\t<meta property=\"og:image:width\" content=\"2000\" \/>\n\t<meta property=\"og:image:height\" content=\"2000\" \/>\n\t<meta property=\"og:image:type\" content=\"image\/jpeg\" \/>\n<meta name=\"twitter:card\" content=\"summary_large_image\" \/>\n<meta name=\"twitter:label1\" content=\"pre\u00e7o\" \/>\n\t<meta name=\"twitter:data1\" content=\"\" \/>\n\t<meta name=\"twitter:label2\" content=\"Disponibilidade\" \/>\n\t<meta name=\"twitter:data2\" content=\"Em stock\" \/>\n<script type=\"application\/ld+json\" class=\"yoast-schema-graph\">{\"@context\":\"https:\/\/schema.org\",\"@graph\":[{\"@type\":\"WebPage\",\"@id\":\"https:\/\/kuken.es\/producto\/batidora-brazo-inox-1500w-red-con-vaso-kuken-premium\/\",\"url\":\"https:\/\/kuken.es\/producto\/batidora-brazo-inox-1500w-red-con-vaso-kuken-premium\/\",\"name\":\"BATIDORA BRAZO INOX 1500W VASO KUKEN PREMIUM RED ENGRANAJE MET\u00c1LICO k\u00fcken\",\"isPartOf\":{\"@id\":\"https:\/\/kuken.es\/#website\"},\"primaryImageOfPage\":{\"@id\":\"https:\/\/kuken.es\/producto\/batidora-brazo-inox-1500w-red-con-vaso-kuken-premium\/#primaryimage\"},\"image\":{\"@id\":\"https:\/\/kuken.es\/producto\/batidora-brazo-inox-1500w-red-con-vaso-kuken-premium\/#primaryimage\"},\"thumbnailUrl\":\"https:\/\/kuken.es\/wp-content\/uploads\/8425160353056_01.jpg\",\"datePublished\":\"2023-08-07T06:24:15+00:00\",\"dateModified\":\"2025-06-02T11:01:10+00:00\",\"description\":\"Batidora brazo inox 1500W vaso Kuken Premium Red, con engranaje met\u00e1lico, turbo velocidad, brazo desmontable y vaso medidor incluido.\",\"breadcrumb\":{\"@id\":\"https:\/\/kuken.es\/producto\/batidora-brazo-inox-1500w-red-con-vaso-kuken-premium\/#breadcrumb\"},\"inLanguage\":\"pt-PT\",\"potentialAction\":[{\"@type\":\"ReadAction\",\"target\":[\"https:\/\/kuken.es\/producto\/batidora-brazo-inox-1500w-red-con-vaso-kuken-premium\/\"]}]},{\"@type\":\"ImageObject\",\"inLanguage\":\"pt-PT\",\"@id\":\"https:\/\/kuken.es\/producto\/batidora-brazo-inox-1500w-red-con-vaso-kuken-premium\/#primaryimage\",\"url\":\"https:\/\/kuken.es\/wp-content\/uploads\/8425160353056_01.jpg\",\"contentUrl\":\"https:\/\/kuken.es\/wp-content\/uploads\/8425160353056_01.jpg\",\"width\":2000,\"height\":2000},{\"@type\":\"BreadcrumbList\",\"@id\":\"https:\/\/kuken.es\/producto\/batidora-brazo-inox-1500w-red-con-vaso-kuken-premium\/#breadcrumb\",\"itemListElement\":[{\"@type\":\"ListItem\",\"position\":1,\"name\":\"Portada\",\"item\":\"https:\/\/kuken.es\/\"},{\"@type\":\"ListItem\",\"position\":2,\"name\":\"Productos\",\"item\":\"https:\/\/kuken.es\/productos\/\"},{\"@type\":\"ListItem\",\"position\":3,\"name\":\"BATIDORA BRAZO INOX 1500W VASO KUKEN PREMIUM RED ENGRANAJE MET\u00c1LICO\"}]},{\"@type\":\"WebSite\",\"@id\":\"https:\/\/kuken.es\/#website\",\"url\":\"https:\/\/kuken.es\/\",\"name\":\"K\u00fcken\",\"description\":\"Amplia gama de peque\u00f1o electrodom\u00e9stico k\u00fcken\",\"publisher\":{\"@id\":\"https:\/\/kuken.es\/#organization\"},\"potentialAction\":[{\"@type\":\"SearchAction\",\"target\":{\"@type\":\"EntryPoint\",\"urlTemplate\":\"https:\/\/kuken.es\/?s={search_term_string}\"},\"query-input\":{\"@type\":\"PropertyValueSpecification\",\"valueRequired\":true,\"valueName\":\"search_term_string\"}}],\"inLanguage\":\"pt-PT\"},{\"@type\":\"Organization\",\"@id\":\"https:\/\/kuken.es\/#organization\",\"name\":\"Alfa Dyser\",\"url\":\"https:\/\/kuken.es\/\",\"logo\":{\"@type\":\"ImageObject\",\"inLanguage\":\"pt-PT\",\"@id\":\"https:\/\/kuken.es\/#\/schema\/logo\/image\/\",\"url\":\"https:\/\/kuken.es\/wp-content\/uploads\/2019\/04\/kuken-logo.png\",\"contentUrl\":\"https:\/\/kuken.es\/wp-content\/uploads\/2019\/04\/kuken-logo.png\",\"width\":500,\"height\":191,\"caption\":\"Alfa Dyser\"},\"image\":{\"@id\":\"https:\/\/kuken.es\/#\/schema\/logo\/image\/\"},\"sameAs\":[\"https:\/\/es-es.facebook.com\/alfadyser\/\",\"https:\/\/www.instagram.com\/kuken_appliances\/\"]}]}<\/script>\n<meta property=\"product:price:amount\" content=\"0.00\" \/>\n<meta property=\"product:price:currency\" content=\"EUR\" \/>\n<meta property=\"og:availability\" content=\"instock\" \/>\n<meta property=\"product:availability\" content=\"instock\" \/>\n<meta property=\"product:retailer_item_id\" content=\"35305\" \/>\n<meta property=\"product:condition\" content=\"new\" \/>\n<!-- \/ Yoast SEO Premium plugin. -->","yoast_head_json":{"title":"BATIDORA BRAZO INOX 1500W VASO KUKEN PREMIUM RED ENGRANAJE MET\u00c1LICO k\u00fcken","description":"Batidora brazo inox 1500W vaso Kuken Premium Red, con engranaje met\u00e1lico, turbo velocidad, brazo desmontable y vaso medidor incluido.","robots":{"index":"index","follow":"follow","max-snippet":"max-snippet:-1","max-image-preview":"max-image-preview:large","max-video-preview":"max-video-preview:-1"},"canonical":"https:\/\/kuken.es\/pt\/produto\/batidora-brazo-inox-1500w-red-con-vaso-kuken-premium\/","og_locale":"pt_PT","og_type":"article","og_title":"BATIDORA BRAZO INOX 1500W VASO KUKEN PREMIUM RED ENGRANAJE MET\u00c1LICO","og_description":"Batidora brazo inox 1500W vaso Kuken Premium Red, con engranaje met\u00e1lico, turbo velocidad, brazo desmontable y vaso medidor incluido.","og_url":"https:\/\/kuken.es\/pt\/produto\/batidora-brazo-inox-1500w-red-con-vaso-kuken-premium\/","og_site_name":"K\u00fcken","article_publisher":"https:\/\/es-es.facebook.com\/alfadyser\/","article_modified_time":"2025-06-02T11:01:10+00:00","og_image":[{"width":2000,"height":2000,"url":"https:\/\/kuken.es\/wp-content\/uploads\/8425160353056_01.jpg","type":"image\/jpeg"}],"twitter_card":"summary_large_image","twitter_misc":{"pre\u00e7o":"","Disponibilidade":"Em stock"},"schema":{"@context":"https:\/\/schema.org","@graph":[{"@type":"WebPage","@id":"https:\/\/kuken.es\/producto\/batidora-brazo-inox-1500w-red-con-vaso-kuken-premium\/","url":"https:\/\/kuken.es\/producto\/batidora-brazo-inox-1500w-red-con-vaso-kuken-premium\/","name":"BATIDORA BRAZO INOX 1500W VASO KUKEN PREMIUM RED ENGRANAJE MET\u00c1LICO k\u00fcken","isPartOf":{"@id":"https:\/\/kuken.es\/#website"},"primaryImageOfPage":{"@id":"https:\/\/kuken.es\/producto\/batidora-brazo-inox-1500w-red-con-vaso-kuken-premium\/#primaryimage"},"image":{"@id":"https:\/\/kuken.es\/producto\/batidora-brazo-inox-1500w-red-con-vaso-kuken-premium\/#primaryimage"},"thumbnailUrl":"https:\/\/kuken.es\/wp-content\/uploads\/8425160353056_01.jpg","datePublished":"2023-08-07T06:24:15+00:00","dateModified":"2025-06-02T11:01:10+00:00","description":"Batidora brazo inox 1500W vaso Kuken Premium Red, con engranaje met\u00e1lico, turbo velocidad, brazo desmontable y vaso medidor incluido.","breadcrumb":{"@id":"https:\/\/kuken.es\/producto\/batidora-brazo-inox-1500w-red-con-vaso-kuken-premium\/#breadcrumb"},"inLanguage":"pt-PT","potentialAction":[{"@type":"ReadAction","target":["https:\/\/kuken.es\/producto\/batidora-brazo-inox-1500w-red-con-vaso-kuken-premium\/"]}]},{"@type":"ImageObject","inLanguage":"pt-PT","@id":"https:\/\/kuken.es\/producto\/batidora-brazo-inox-1500w-red-con-vaso-kuken-premium\/#primaryimage","url":"https:\/\/kuken.es\/wp-content\/uploads\/8425160353056_01.jpg","contentUrl":"https:\/\/kuken.es\/wp-content\/uploads\/8425160353056_01.jpg","width":2000,"height":2000},{"@type":"BreadcrumbList","@id":"https:\/\/kuken.es\/producto\/batidora-brazo-inox-1500w-red-con-vaso-kuken-premium\/#breadcrumb","itemListElement":[{"@type":"ListItem","position":1,"name":"Portada","item":"https:\/\/kuken.es\/"},{"@type":"ListItem","position":2,"name":"Productos","item":"https:\/\/kuken.es\/productos\/"},{"@type":"ListItem","position":3,"name":"BATIDORA BRAZO INOX 1500W VASO KUKEN PREMIUM RED ENGRANAJE MET\u00c1LICO"}]},{"@type":"WebSite","@id":"https:\/\/kuken.es\/#website","url":"https:\/\/kuken.es\/","name":"K\u00fcken","description":"Vasta gama de pequenos electrodom\u00e9sticos k\u00fcken","publisher":{"@id":"https:\/\/kuken.es\/#organization"},"potentialAction":[{"@type":"SearchAction","target":{"@type":"EntryPoint","urlTemplate":"https:\/\/kuken.es\/?s={search_term_string}"},"query-input":{"@type":"PropertyValueSpecification","valueRequired":true,"valueName":"search_term_string"}}],"inLanguage":"pt-PT"},{"@type":"Organization","@id":"https:\/\/kuken.es\/#organization","name":"Alpha Dyser","url":"https:\/\/kuken.es\/","logo":{"@type":"ImageObject","inLanguage":"pt-PT","@id":"https:\/\/kuken.es\/#\/schema\/logo\/image\/","url":"https:\/\/kuken.es\/wp-content\/uploads\/2019\/04\/kuken-logo.png","contentUrl":"https:\/\/kuken.es\/wp-content\/uploads\/2019\/04\/kuken-logo.png","width":500,"height":191,"caption":"Alfa Dyser"},"image":{"@id":"https:\/\/kuken.es\/#\/schema\/logo\/image\/"},"sameAs":["https:\/\/es-es.facebook.com\/alfadyser\/","https:\/\/www.instagram.com\/kuken_appliances\/"]}]},"product_price_amount":"0.00","product_price_currency":"EUR","og_availability":"instock","product_availability":"instock","product_retailer_item_id":"35305","product_condition":"new"},"_links":{"self":[{"href":"https:\/\/kuken.es\/pt\/wp-json\/wp\/v2\/product\/10437","targetHints":{"allow":["GET"]}}],"collection":[{"href":"https:\/\/kuken.es\/pt\/wp-json\/wp\/v2\/product"}],"about":[{"href":"https:\/\/kuken.es\/pt\/wp-json\/wp\/v2\/types\/product"}],"wp:featuredmedia":[{"embeddable":true,"href":"https:\/\/kuken.es\/pt\/wp-json\/wp\/v2\/media\/10438"}],"wp:attachment":[{"href":"https:\/\/kuken.es\/pt\/wp-json\/wp\/v2\/media?parent=10437"}],"wp:term":[{"taxonomy":"product_brand","embeddable":true,"href":"https:\/\/kuken.es\/pt\/wp-json\/wp\/v2\/product_brand?post=10437"},{"taxonomy":"product_cat","embeddable":true,"href":"https:\/\/kuken.es\/pt\/wp-json\/wp\/v2\/product_cat?post=10437"},{"taxonomy":"product_tag","embeddable":true,"href":"https:\/\/kuken.es\/pt\/wp-json\/wp\/v2\/product_tag?post=10437"}],"curies":[{"name":"wp","href":"https:\/\/api.w.org\/{rel}","templated":true}]}}