{"id":6164,"date":"2020-10-27T13:42:10","date_gmt":"2020-10-27T12:42:10","guid":{"rendered":"https:\/\/kuken.es\/producto\/cocedor-vapor-electrico-kuken-800w\/"},"modified":"2025-06-02T07:01:54","modified_gmt":"2025-06-02T05:01:54","slug":"cocedor-de-vapor-electrico-kuken-800w","status":"publish","type":"product","link":"https:\/\/kuken.es\/nl\/product\/cocedor-de-vapor-electrico-kuken-800w\/","title":{"rendered":"K\u00dcKEN ELEKTRISCHE STOOMKOKER 800W"},"content":{"rendered":"<p>K\u00dcKEN ELEKTRISCHE STOOMKOKER 800W<\/p>\n<ul>\n<li data-start=\"546\" data-end=\"608\">\n<p data-start=\"548\" data-end=\"608\">Potencia de 800W: cocci\u00f3n al vapor r\u00e1pida y eficiente.<\/p>\n<\/li>\n<li data-start=\"609\" data-end=\"715\">\n<p data-start=\"611\" data-end=\"715\">Tres niveles apilables: ideales para cocinar varios ingredientes a la vez sin mezclar sabores.<\/p>\n<\/li>\n<li data-start=\"716\" data-end=\"811\">\n<p data-start=\"718\" data-end=\"811\">Temporizador mec\u00e1nico hasta 60 minutos: controla el tiempo de cocci\u00f3n de forma precisa.<\/p>\n<\/li>\n<li data-start=\"812\" data-end=\"894\">\n<p data-start=\"814\" data-end=\"894\">Cuerpo resistente en PC blanco: duradero, ligero y de f\u00e1cil mantenimiento.<\/p>\n<\/li>\n<li data-start=\"895\" data-end=\"983\">\n<p data-start=\"897\" data-end=\"983\">Recipiente inferior con marcador de agua: visualiza el nivel para un uso seguro.<\/p>\n<\/li>\n<li data-start=\"984\" data-end=\"1080\">\n<p data-start=\"986\" data-end=\"1080\">Tapa superior ajustada: favorece la circulaci\u00f3n del vapor para una cocci\u00f3n uniforme.<\/p>\n<\/li>\n<li data-start=\"1081\" data-end=\"1163\">\n<p data-start=\"1083\" data-end=\"1163\">Luz LED de encendido: indica el funcionamiento del aparato de forma clara.<\/p>\n<\/li>\n<li data-start=\"1164\" data-end=\"1238\">\n<p data-start=\"1166\" data-end=\"1238\">Ideal para verduras, pescados, arroz y recetas saludables sin grasa.<\/p>\n<\/li>\n<\/ul>\n<p><div class=\"accordion\"><div class=\"mfn-acc accordion_wrapper  toggle\"><div class=\"question\"><div class=\"title\"><i class=\"icon-plus acc-icon-plus\" aria-hidden=\"true\"><\/i><i class=\"icon-minus acc-icon-minus\" aria-hidden=\"true\"><\/i>Productgegevens<\/div><div class=\"answer\">EAN: 8425160339746<\/p>\n<p>K\u00dcKEN ELEKTRISCHE STOOMKOKER 800W<\/p>\n<p>Eenheden: 1<br \/>\nKleur: Wit<br \/>\nVerpakking: Gekleurde doos<br \/>\nPotencia: 800W<br \/>\nSpanning: 230V<br \/>\nMateriaal: PC<br \/>\nAntislipvoet: Ja<br \/>\nPeso: 1,8 kg<\/div><\/div>\n<\/div><\/div>\n<br \/>\n<div class=\"accordion\"><div class=\"mfn-acc accordion_wrapper  toggle\"><div class=\"question\"><div class=\"title\"><i class=\"icon-plus acc-icon-plus\" aria-hidden=\"true\"><\/i><i class=\"icon-minus acc-icon-minus\" aria-hidden=\"true\"><\/i>Accessoires<\/div><div class=\"answer\"><\/div><\/div>\n<\/div><\/div>\n<\/p>\n<div class=\"descargas-producto\"><a href=\"\/wp-content\/uploads\/pdf\/8425160339746_ficha_tecnica.pdf\" target=\"_blank\" rel=\"noopener noreferrer\"><br \/>\n<img loading=\"lazy\" decoding=\"async\" src=\"\/wp-content\/uploads\/2019\/12\/picto-descarrega.png\" alt=\"gegevensblad downloaden\" width=\"23\" height=\"16\" \/>Blad downloaden<\/a><br \/>\n<a href=\"\/wp-content\/uploads\/pdf\/33974_instrucciones.pdf\"><img loading=\"lazy\" decoding=\"async\" src=\"\/wp-content\/uploads\/2019\/12\/picto-descarrega.png\" alt=\"handleiding downloaden\" width=\"23\" height=\"16\" \/>Handleiding downloaden<\/a><\/div>\n<div><\/div>\n<div><span style=\"color: #bf2121\">Volg ons op sociale media!<\/span><\/div>\n<div><a href=\"https:\/\/www.instagram.com\/kuken_appliances\/\">https:\/\/www.instagram.com\/kuken_appliances\/<\/a><\/div>","protected":false},"excerpt":{"rendered":"<p data-start=\"363\" data-end=\"508\">Cocina al vapor de forma saludable y pr\u00e1ctica. Con tres niveles y temporizador, este cocedor es perfecto para preparar varios alimentos a la vez.<\/p>","protected":false},"featured_media":5654,"template":"","meta":[],"product_brand":[],"product_cat":[147,38],"product_tag":[],"class_list":{"0":"post-6164","1":"product","2":"type-product","3":"status-publish","4":"has-post-thumbnail","6":"product_cat-cocedores","7":"product_cat-premium","9":"first","10":"instock","11":"product-type-simple"},"yoast_head":"<!-- This site is optimized with the Yoast SEO Premium plugin v24.0 (Yoast SEO v26.5) - https:\/\/yoast.com\/wordpress\/plugins\/seo\/ -->\n<title>COCEDOR DE VAPOR EL\u00c9CTRICO K\u00dcKEN 800W - K\u00fcken<\/title>\n<meta name=\"description\" content=\"Cocedor de vapor el\u00e9ctrico k\u00fcken de tres niveles y tapa. Pr\u00e1ctico producto para cocer diferentes ingredientes por separado. Desc\u00fabrelo aqu\u00ed.\" \/>\n<meta name=\"robots\" content=\"index, follow, max-snippet:-1, max-image-preview:large, max-video-preview:-1\" \/>\n<link rel=\"canonical\" href=\"https:\/\/kuken.es\/nl\/product\/cocedor-de-vapor-electrico-kuken-800w\/\" \/>\n<meta property=\"og:locale\" content=\"nl_NL\" \/>\n<meta property=\"og:type\" content=\"article\" \/>\n<meta property=\"og:title\" content=\"COCEDOR DE VAPOR EL\u00c9CTRICO K\u00dcKEN 800W\" \/>\n<meta property=\"og:description\" content=\"Cocedor de vapor el\u00e9ctrico k\u00fcken de tres niveles y tapa. Pr\u00e1ctico producto para cocer diferentes ingredientes por separado. Desc\u00fabrelo aqu\u00ed.\" \/>\n<meta property=\"og:url\" content=\"https:\/\/kuken.es\/nl\/product\/cocedor-de-vapor-electrico-kuken-800w\/\" \/>\n<meta property=\"og:site_name\" content=\"K\u00fcken\" \/>\n<meta property=\"article:publisher\" content=\"https:\/\/es-es.facebook.com\/alfadyser\/\" \/>\n<meta property=\"article:modified_time\" content=\"2025-06-02T05:01:54+00:00\" \/>\n<meta property=\"og:image\" content=\"https:\/\/kuken.es\/wp-content\/uploads\/productos\/8425160339746_01.jpg\" \/>\n\t<meta property=\"og:image:width\" content=\"2000\" \/>\n\t<meta property=\"og:image:height\" content=\"2000\" \/>\n\t<meta property=\"og:image:type\" content=\"image\/jpeg\" \/>\n<meta name=\"twitter:card\" content=\"summary_large_image\" \/>\n<meta name=\"twitter:label1\" content=\"Prijs\" \/>\n\t<meta name=\"twitter:data1\" content=\"\" \/>\n\t<meta name=\"twitter:label2\" content=\"Beschikbaarheid\" \/>\n\t<meta name=\"twitter:data2\" content=\"Op voorraad\" \/>\n<script type=\"application\/ld+json\" class=\"yoast-schema-graph\">{\"@context\":\"https:\/\/schema.org\",\"@graph\":[{\"@type\":\"WebPage\",\"@id\":\"https:\/\/kuken.es\/producto\/cocedor-de-vapor-electrico-kuken-800w\/\",\"url\":\"https:\/\/kuken.es\/producto\/cocedor-de-vapor-electrico-kuken-800w\/\",\"name\":\"COCEDOR DE VAPOR EL\u00c9CTRICO K\u00dcKEN 800W - K\u00fcken\",\"isPartOf\":{\"@id\":\"https:\/\/kuken.es\/#website\"},\"primaryImageOfPage\":{\"@id\":\"https:\/\/kuken.es\/producto\/cocedor-de-vapor-electrico-kuken-800w\/#primaryimage\"},\"image\":{\"@id\":\"https:\/\/kuken.es\/producto\/cocedor-de-vapor-electrico-kuken-800w\/#primaryimage\"},\"thumbnailUrl\":\"https:\/\/kuken.es\/wp-content\/uploads\/productos\/8425160339746_01.jpg\",\"datePublished\":\"2020-10-27T12:42:10+00:00\",\"dateModified\":\"2025-06-02T05:01:54+00:00\",\"description\":\"Cocedor de vapor el\u00e9ctrico k\u00fcken de tres niveles y tapa. Pr\u00e1ctico producto para cocer diferentes ingredientes por separado. Desc\u00fabrelo aqu\u00ed.\",\"breadcrumb\":{\"@id\":\"https:\/\/kuken.es\/producto\/cocedor-de-vapor-electrico-kuken-800w\/#breadcrumb\"},\"inLanguage\":\"nl-NL\",\"potentialAction\":[{\"@type\":\"ReadAction\",\"target\":[\"https:\/\/kuken.es\/producto\/cocedor-de-vapor-electrico-kuken-800w\/\"]}]},{\"@type\":\"ImageObject\",\"inLanguage\":\"nl-NL\",\"@id\":\"https:\/\/kuken.es\/producto\/cocedor-de-vapor-electrico-kuken-800w\/#primaryimage\",\"url\":\"https:\/\/kuken.es\/wp-content\/uploads\/productos\/8425160339746_01.jpg\",\"contentUrl\":\"https:\/\/kuken.es\/wp-content\/uploads\/productos\/8425160339746_01.jpg\",\"width\":2000,\"height\":2000,\"caption\":\"Cocedor de vapor el\u00e9ctrico con tres niveles\"},{\"@type\":\"BreadcrumbList\",\"@id\":\"https:\/\/kuken.es\/producto\/cocedor-de-vapor-electrico-kuken-800w\/#breadcrumb\",\"itemListElement\":[{\"@type\":\"ListItem\",\"position\":1,\"name\":\"Portada\",\"item\":\"https:\/\/kuken.es\/\"},{\"@type\":\"ListItem\",\"position\":2,\"name\":\"Productos\",\"item\":\"https:\/\/kuken.es\/productos\/\"},{\"@type\":\"ListItem\",\"position\":3,\"name\":\"COCEDOR DE VAPOR EL\u00c9CTRICO K\u00dcKEN 800W\"}]},{\"@type\":\"WebSite\",\"@id\":\"https:\/\/kuken.es\/#website\",\"url\":\"https:\/\/kuken.es\/\",\"name\":\"K\u00fcken\",\"description\":\"Amplia gama de peque\u00f1o electrodom\u00e9stico k\u00fcken\",\"publisher\":{\"@id\":\"https:\/\/kuken.es\/#organization\"},\"potentialAction\":[{\"@type\":\"SearchAction\",\"target\":{\"@type\":\"EntryPoint\",\"urlTemplate\":\"https:\/\/kuken.es\/?s={search_term_string}\"},\"query-input\":{\"@type\":\"PropertyValueSpecification\",\"valueRequired\":true,\"valueName\":\"search_term_string\"}}],\"inLanguage\":\"nl-NL\"},{\"@type\":\"Organization\",\"@id\":\"https:\/\/kuken.es\/#organization\",\"name\":\"Alfa Dyser\",\"url\":\"https:\/\/kuken.es\/\",\"logo\":{\"@type\":\"ImageObject\",\"inLanguage\":\"nl-NL\",\"@id\":\"https:\/\/kuken.es\/#\/schema\/logo\/image\/\",\"url\":\"https:\/\/kuken.es\/wp-content\/uploads\/2019\/04\/kuken-logo.png\",\"contentUrl\":\"https:\/\/kuken.es\/wp-content\/uploads\/2019\/04\/kuken-logo.png\",\"width\":500,\"height\":191,\"caption\":\"Alfa Dyser\"},\"image\":{\"@id\":\"https:\/\/kuken.es\/#\/schema\/logo\/image\/\"},\"sameAs\":[\"https:\/\/es-es.facebook.com\/alfadyser\/\",\"https:\/\/www.instagram.com\/kuken_appliances\/\"]}]}<\/script>\n<meta property=\"product:price:amount\" content=\"0.00\" \/>\n<meta property=\"product:price:currency\" content=\"EUR\" \/>\n<meta property=\"og:availability\" content=\"instock\" \/>\n<meta property=\"product:availability\" content=\"instock\" \/>\n<meta property=\"product:retailer_item_id\" content=\"33974\" \/>\n<meta property=\"product:condition\" content=\"new\" \/>\n<!-- \/ Yoast SEO Premium plugin. -->","yoast_head_json":{"title":"COCEDOR DE VAPOR EL\u00c9CTRICO K\u00dcKEN 800W - K\u00fcken","description":"Cocedor de vapor el\u00e9ctrico k\u00fcken de tres niveles y tapa. Pr\u00e1ctico producto para cocer diferentes ingredientes por separado. Desc\u00fabrelo aqu\u00ed.","robots":{"index":"index","follow":"follow","max-snippet":"max-snippet:-1","max-image-preview":"max-image-preview:large","max-video-preview":"max-video-preview:-1"},"canonical":"https:\/\/kuken.es\/nl\/product\/cocedor-de-vapor-electrico-kuken-800w\/","og_locale":"nl_NL","og_type":"article","og_title":"COCEDOR DE VAPOR EL\u00c9CTRICO K\u00dcKEN 800W","og_description":"Cocedor de vapor el\u00e9ctrico k\u00fcken de tres niveles y tapa. Pr\u00e1ctico producto para cocer diferentes ingredientes por separado. Desc\u00fabrelo aqu\u00ed.","og_url":"https:\/\/kuken.es\/nl\/product\/cocedor-de-vapor-electrico-kuken-800w\/","og_site_name":"K\u00fcken","article_publisher":"https:\/\/es-es.facebook.com\/alfadyser\/","article_modified_time":"2025-06-02T05:01:54+00:00","og_image":[{"width":2000,"height":2000,"url":"https:\/\/kuken.es\/wp-content\/uploads\/productos\/8425160339746_01.jpg","type":"image\/jpeg"}],"twitter_card":"summary_large_image","twitter_misc":{"Prijs":"","Beschikbaarheid":"Op voorraad"},"schema":{"@context":"https:\/\/schema.org","@graph":[{"@type":"WebPage","@id":"https:\/\/kuken.es\/producto\/cocedor-de-vapor-electrico-kuken-800w\/","url":"https:\/\/kuken.es\/producto\/cocedor-de-vapor-electrico-kuken-800w\/","name":"COCEDOR DE VAPOR EL\u00c9CTRICO K\u00dcKEN 800W - K\u00fcken","isPartOf":{"@id":"https:\/\/kuken.es\/#website"},"primaryImageOfPage":{"@id":"https:\/\/kuken.es\/producto\/cocedor-de-vapor-electrico-kuken-800w\/#primaryimage"},"image":{"@id":"https:\/\/kuken.es\/producto\/cocedor-de-vapor-electrico-kuken-800w\/#primaryimage"},"thumbnailUrl":"https:\/\/kuken.es\/wp-content\/uploads\/productos\/8425160339746_01.jpg","datePublished":"2020-10-27T12:42:10+00:00","dateModified":"2025-06-02T05:01:54+00:00","description":"Cocedor de vapor el\u00e9ctrico k\u00fcken de tres niveles y tapa. Pr\u00e1ctico producto para cocer diferentes ingredientes por separado. Desc\u00fabrelo aqu\u00ed.","breadcrumb":{"@id":"https:\/\/kuken.es\/producto\/cocedor-de-vapor-electrico-kuken-800w\/#breadcrumb"},"inLanguage":"nl-NL","potentialAction":[{"@type":"ReadAction","target":["https:\/\/kuken.es\/producto\/cocedor-de-vapor-electrico-kuken-800w\/"]}]},{"@type":"ImageObject","inLanguage":"nl-NL","@id":"https:\/\/kuken.es\/producto\/cocedor-de-vapor-electrico-kuken-800w\/#primaryimage","url":"https:\/\/kuken.es\/wp-content\/uploads\/productos\/8425160339746_01.jpg","contentUrl":"https:\/\/kuken.es\/wp-content\/uploads\/productos\/8425160339746_01.jpg","width":2000,"height":2000,"caption":"Cocedor de vapor el\u00e9ctrico con tres niveles"},{"@type":"BreadcrumbList","@id":"https:\/\/kuken.es\/producto\/cocedor-de-vapor-electrico-kuken-800w\/#breadcrumb","itemListElement":[{"@type":"ListItem","position":1,"name":"Portada","item":"https:\/\/kuken.es\/"},{"@type":"ListItem","position":2,"name":"Productos","item":"https:\/\/kuken.es\/productos\/"},{"@type":"ListItem","position":3,"name":"COCEDOR DE VAPOR EL\u00c9CTRICO K\u00dcKEN 800W"}]},{"@type":"WebSite","@id":"https:\/\/kuken.es\/#website","url":"https:\/\/kuken.es\/","name":"K\u00fcken","description":"Uitgebreid assortiment kleine huishoudelijke apparaten van k\u00fcken","publisher":{"@id":"https:\/\/kuken.es\/#organization"},"potentialAction":[{"@type":"SearchAction","target":{"@type":"EntryPoint","urlTemplate":"https:\/\/kuken.es\/?s={search_term_string}"},"query-input":{"@type":"PropertyValueSpecification","valueRequired":true,"valueName":"search_term_string"}}],"inLanguage":"nl-NL"},{"@type":"Organization","@id":"https:\/\/kuken.es\/#organization","name":"Alpha Dyser","url":"https:\/\/kuken.es\/","logo":{"@type":"ImageObject","inLanguage":"nl-NL","@id":"https:\/\/kuken.es\/#\/schema\/logo\/image\/","url":"https:\/\/kuken.es\/wp-content\/uploads\/2019\/04\/kuken-logo.png","contentUrl":"https:\/\/kuken.es\/wp-content\/uploads\/2019\/04\/kuken-logo.png","width":500,"height":191,"caption":"Alfa Dyser"},"image":{"@id":"https:\/\/kuken.es\/#\/schema\/logo\/image\/"},"sameAs":["https:\/\/es-es.facebook.com\/alfadyser\/","https:\/\/www.instagram.com\/kuken_appliances\/"]}]},"product_price_amount":"0.00","product_price_currency":"EUR","og_availability":"instock","product_availability":"instock","product_retailer_item_id":"33974","product_condition":"new"},"_links":{"self":[{"href":"https:\/\/kuken.es\/nl\/wp-json\/wp\/v2\/product\/6164","targetHints":{"allow":["GET"]}}],"collection":[{"href":"https:\/\/kuken.es\/nl\/wp-json\/wp\/v2\/product"}],"about":[{"href":"https:\/\/kuken.es\/nl\/wp-json\/wp\/v2\/types\/product"}],"wp:featuredmedia":[{"embeddable":true,"href":"https:\/\/kuken.es\/nl\/wp-json\/wp\/v2\/media\/5654"}],"wp:attachment":[{"href":"https:\/\/kuken.es\/nl\/wp-json\/wp\/v2\/media?parent=6164"}],"wp:term":[{"taxonomy":"product_brand","embeddable":true,"href":"https:\/\/kuken.es\/nl\/wp-json\/wp\/v2\/product_brand?post=6164"},{"taxonomy":"product_cat","embeddable":true,"href":"https:\/\/kuken.es\/nl\/wp-json\/wp\/v2\/product_cat?post=6164"},{"taxonomy":"product_tag","embeddable":true,"href":"https:\/\/kuken.es\/nl\/wp-json\/wp\/v2\/product_tag?post=6164"}],"curies":[{"name":"wp","href":"https:\/\/api.w.org\/{rel}","templated":true}]}}