{"id":6162,"date":"2020-10-27T13:42:10","date_gmt":"2020-10-27T12:42:10","guid":{"rendered":"https:\/\/kuken.es\/producto\/batidora-vaso-de-cristal-kuken-vintage-1000w\/"},"modified":"2025-06-02T06:59:52","modified_gmt":"2025-06-02T04:59:52","slug":"kuken-1000w-vintage-glazen-tumbler-mixer","status":"publish","type":"product","link":"https:\/\/kuken.es\/nl\/product\/kuken-1000w-vintage-glazen-tumbler-mixer\/","title":{"rendered":"K\u00dcKEN 1000W VINTAGE GLAZEN TROMMELMENGKRAAN"},"content":{"rendered":"<p>K\u00dcKEN 1000W VINTAGE GLAZEN TROMMELMENGKRAAN<\/p>\n<ul>\n<li data-start=\"558\" data-end=\"643\">\n<p data-start=\"560\" data-end=\"643\">Motor de 1000W: gran potencia para mezclar, batir y triturar con rapidez.<\/p>\n<\/li>\n<li data-start=\"644\" data-end=\"736\">\n<p data-start=\"646\" data-end=\"736\">Cuchillas de acero inoxidable: desmontables para una limpieza sencilla y segura.<\/p>\n<\/li>\n<li data-start=\"737\" data-end=\"836\">\n<p data-start=\"739\" data-end=\"836\">Selector giratorio con 2 velocidades + funci\u00f3n PULSE: controla la mezcla seg\u00fan cada receta.<\/p>\n<\/li>\n<li data-start=\"837\" data-end=\"923\">\n<p data-start=\"839\" data-end=\"923\">Ideal para ingredientes duros: pica incluso cubitos de hielo sin esfuerzo.<\/p>\n<\/li>\n<li data-start=\"924\" data-end=\"1011\">\n<p data-start=\"926\" data-end=\"1011\">Vaso extra\u00edble de 1,5L: fabricado en cristal resistente con asa ergon\u00f3mica.<\/p>\n<\/li>\n<li data-start=\"1012\" data-end=\"1105\">\n<p data-start=\"1014\" data-end=\"1105\">Tapa con cierre herm\u00e9tico: incluye tap\u00f3n para a\u00f1adir ingredientes durante el uso.<\/p>\n<\/li>\n<li data-start=\"1106\" data-end=\"1197\">\n<p data-start=\"1108\" data-end=\"1197\">Base con patas antideslizantes: estabilidad garantizada sobre cualquier superficie.<\/p>\n<\/li>\n<li data-start=\"1198\" data-end=\"1275\">\n<p data-start=\"1200\" data-end=\"1275\">Dise\u00f1o retro: acabado en color negro con detalles en verde vintage.<\/p>\n<\/li>\n<\/ul>\n<p><div class=\"accordion\"><div class=\"mfn-acc accordion_wrapper  toggle\"><div class=\"question\"><div class=\"title\"><i class=\"icon-plus acc-icon-plus\" aria-hidden=\"true\"><\/i><i class=\"icon-minus acc-icon-minus\" aria-hidden=\"true\"><\/i>Productgegevens<\/div><div class=\"answer\">EAN: 8425160339715<\/p>\n<p>K\u00dcKEN 1000W VINTAGE GLAZEN TROMMELMENGKRAAN<\/p>\n<p>Eenheden: 1<br \/>\nKleur: Vintagegroen<br \/>\nVerpakking: Gekleurde doos<br \/>\nVermogen: 1000 W<br \/>\nSpanning: 230 V<br \/>\nInhoud: 1,5 liter<br \/>\nMateriaal: PC \/ Roestvrij staal<br \/>\nAntislipvoet: Ja<br \/>\nAfneembaar: Ja<br \/>\nGewicht: 3,14 kg<\/div><\/div>\n<\/div><\/div>\n<br \/>\n<div class=\"accordion\"><div class=\"mfn-acc accordion_wrapper  toggle\"><div class=\"question\"><div class=\"title\"><i class=\"icon-plus acc-icon-plus\" aria-hidden=\"true\"><\/i><i class=\"icon-minus acc-icon-minus\" aria-hidden=\"true\"><\/i>Accessoires<\/div><div class=\"answer\"><\/div><\/div>\n<\/div><\/div>\n<\/p>\n<div class=\"descargas-producto\"><a href=\"https:\/\/kuken.es\/wp-content\/uploads\/8425160339715_ficha_tecnica.pdf\" target=\"_blank\" rel=\"noopener noreferrer\"><br \/>\n<img loading=\"lazy\" decoding=\"async\" src=\"\/wp-content\/uploads\/2019\/12\/picto-descarrega.png\" alt=\"gegevensblad downloaden\" width=\"23\" height=\"16\" \/>Blad downloaden<\/a><br \/>\n<a href=\"\/wp-content\/uploads\/pdf\/33971_instrucciones.pdf\"><img loading=\"lazy\" decoding=\"async\" src=\"\/wp-content\/uploads\/2019\/12\/picto-descarrega.png\" alt=\"handleiding downloaden\" width=\"23\" height=\"16\" \/>Handleiding downloaden<\/a><\/div>\n<div><\/div>\n<div><span style=\"color: #bf2121\">Volg ons op sociale media!<\/span><\/div>\n<div><a href=\"https:\/\/www.instagram.com\/kuken_appliances\/\">https:\/\/www.instagram.com\/kuken_appliances\/<\/a><\/div>\n<p><iframe loading=\"lazy\" title=\"K\u00fcken vintage glazen beker blender 1000w\" width=\"560\" height=\"315\" src=\"https:\/\/www.youtube.com\/embed\/6vClhTEeOUo?feature=oembed\" frameborder=\"0\" allow=\"accelerometer; autoplay; clipboard-write; encrypted-media; gyroscope; picture-in-picture; web-share\" referrerpolicy=\"strict-origin-when-cross-origin\" allowfullscreen><\/iframe><\/p>","protected":false},"excerpt":{"rendered":"<p data-start=\"374\" data-end=\"520\">Rinde al m\u00e1ximo en tu cocina con esta batidora de estilo vintage. Potente, funcional y resistente, perfecta para batidos, salsas o triturar hielo.<\/p>","protected":false},"featured_media":5639,"template":"","meta":[],"product_brand":[],"product_cat":[105,101],"product_tag":[],"class_list":{"0":"post-6162","1":"product","2":"type-product","3":"status-publish","4":"has-post-thumbnail","6":"product_cat-batidoras-vintage","7":"product_cat-vintage","9":"first","10":"instock","11":"product-type-simple"},"yoast_head":"<!-- This site is optimized with the Yoast SEO Premium plugin v24.0 (Yoast SEO v26.5) - https:\/\/yoast.com\/wordpress\/plugins\/seo\/ -->\n<title>BATIDORA VASO DE CRISTAL VINTAGE K\u00dcKEN 1000W - K\u00fcken<\/title>\n<meta name=\"description\" content=\"Exclusiva batidora vaso de cristal k\u00fcken con acabado vintage. Dale a tu cocina un toque elegante con esta batidora de color verde vintage.\" \/>\n<meta name=\"robots\" content=\"index, follow, max-snippet:-1, max-image-preview:large, max-video-preview:-1\" \/>\n<link rel=\"canonical\" href=\"https:\/\/kuken.es\/nl\/product\/kuken-1000w-vintage-glazen-tumbler-mixer\/\" \/>\n<meta property=\"og:locale\" content=\"nl_NL\" \/>\n<meta property=\"og:type\" content=\"article\" \/>\n<meta property=\"og:title\" content=\"BATIDORA VASO DE CRISTAL VINTAGE K\u00dcKEN 1000W\" \/>\n<meta property=\"og:description\" content=\"Exclusiva batidora vaso de cristal k\u00fcken con acabado vintage. Dale a tu cocina un toque elegante con esta batidora de color verde vintage.\" \/>\n<meta property=\"og:url\" content=\"https:\/\/kuken.es\/nl\/product\/kuken-1000w-vintage-glazen-tumbler-mixer\/\" \/>\n<meta property=\"og:site_name\" content=\"K\u00fcken\" \/>\n<meta property=\"article:publisher\" content=\"https:\/\/es-es.facebook.com\/alfadyser\/\" \/>\n<meta property=\"article:modified_time\" content=\"2025-06-02T04:59:52+00:00\" \/>\n<meta property=\"og:image\" content=\"https:\/\/kuken.es\/wp-content\/uploads\/productos\/8425160339715_01.jpg\" \/>\n\t<meta property=\"og:image:width\" content=\"2000\" \/>\n\t<meta property=\"og:image:height\" content=\"2000\" \/>\n\t<meta property=\"og:image:type\" content=\"image\/jpeg\" \/>\n<meta name=\"twitter:card\" content=\"summary_large_image\" \/>\n<meta name=\"twitter:label1\" content=\"Prijs\" \/>\n\t<meta name=\"twitter:data1\" content=\"\" \/>\n\t<meta name=\"twitter:label2\" content=\"Beschikbaarheid\" \/>\n\t<meta name=\"twitter:data2\" content=\"Op voorraad\" \/>\n<script type=\"application\/ld+json\" class=\"yoast-schema-graph\">{\"@context\":\"https:\/\/schema.org\",\"@graph\":[{\"@type\":\"WebPage\",\"@id\":\"https:\/\/kuken.es\/producto\/batidora-vaso-de-cristal-vintage-kuken-1000w\/\",\"url\":\"https:\/\/kuken.es\/producto\/batidora-vaso-de-cristal-vintage-kuken-1000w\/\",\"name\":\"BATIDORA VASO DE CRISTAL VINTAGE K\u00dcKEN 1000W - K\u00fcken\",\"isPartOf\":{\"@id\":\"https:\/\/kuken.es\/#website\"},\"primaryImageOfPage\":{\"@id\":\"https:\/\/kuken.es\/producto\/batidora-vaso-de-cristal-vintage-kuken-1000w\/#primaryimage\"},\"image\":{\"@id\":\"https:\/\/kuken.es\/producto\/batidora-vaso-de-cristal-vintage-kuken-1000w\/#primaryimage\"},\"thumbnailUrl\":\"https:\/\/kuken.es\/wp-content\/uploads\/productos\/8425160339715_01.jpg\",\"datePublished\":\"2020-10-27T12:42:10+00:00\",\"dateModified\":\"2025-06-02T04:59:52+00:00\",\"description\":\"Exclusiva batidora vaso de cristal k\u00fcken con acabado vintage. Dale a tu cocina un toque elegante con esta batidora de color verde vintage.\",\"breadcrumb\":{\"@id\":\"https:\/\/kuken.es\/producto\/batidora-vaso-de-cristal-vintage-kuken-1000w\/#breadcrumb\"},\"inLanguage\":\"nl-NL\",\"potentialAction\":[{\"@type\":\"ReadAction\",\"target\":[\"https:\/\/kuken.es\/producto\/batidora-vaso-de-cristal-vintage-kuken-1000w\/\"]}]},{\"@type\":\"ImageObject\",\"inLanguage\":\"nl-NL\",\"@id\":\"https:\/\/kuken.es\/producto\/batidora-vaso-de-cristal-vintage-kuken-1000w\/#primaryimage\",\"url\":\"https:\/\/kuken.es\/wp-content\/uploads\/productos\/8425160339715_01.jpg\",\"contentUrl\":\"https:\/\/kuken.es\/wp-content\/uploads\/productos\/8425160339715_01.jpg\",\"width\":2000,\"height\":2000,\"caption\":\"Batidora vaso de cristal k\u00fcken vintage\"},{\"@type\":\"BreadcrumbList\",\"@id\":\"https:\/\/kuken.es\/producto\/batidora-vaso-de-cristal-vintage-kuken-1000w\/#breadcrumb\",\"itemListElement\":[{\"@type\":\"ListItem\",\"position\":1,\"name\":\"Portada\",\"item\":\"https:\/\/kuken.es\/\"},{\"@type\":\"ListItem\",\"position\":2,\"name\":\"Productos\",\"item\":\"https:\/\/kuken.es\/productos\/\"},{\"@type\":\"ListItem\",\"position\":3,\"name\":\"BATIDORA VASO DE CRISTAL VINTAGE K\u00dcKEN 1000W\"}]},{\"@type\":\"WebSite\",\"@id\":\"https:\/\/kuken.es\/#website\",\"url\":\"https:\/\/kuken.es\/\",\"name\":\"K\u00fcken\",\"description\":\"Amplia gama de peque\u00f1o electrodom\u00e9stico k\u00fcken\",\"publisher\":{\"@id\":\"https:\/\/kuken.es\/#organization\"},\"potentialAction\":[{\"@type\":\"SearchAction\",\"target\":{\"@type\":\"EntryPoint\",\"urlTemplate\":\"https:\/\/kuken.es\/?s={search_term_string}\"},\"query-input\":{\"@type\":\"PropertyValueSpecification\",\"valueRequired\":true,\"valueName\":\"search_term_string\"}}],\"inLanguage\":\"nl-NL\"},{\"@type\":\"Organization\",\"@id\":\"https:\/\/kuken.es\/#organization\",\"name\":\"Alfa Dyser\",\"url\":\"https:\/\/kuken.es\/\",\"logo\":{\"@type\":\"ImageObject\",\"inLanguage\":\"nl-NL\",\"@id\":\"https:\/\/kuken.es\/#\/schema\/logo\/image\/\",\"url\":\"https:\/\/kuken.es\/wp-content\/uploads\/2019\/04\/kuken-logo.png\",\"contentUrl\":\"https:\/\/kuken.es\/wp-content\/uploads\/2019\/04\/kuken-logo.png\",\"width\":500,\"height\":191,\"caption\":\"Alfa Dyser\"},\"image\":{\"@id\":\"https:\/\/kuken.es\/#\/schema\/logo\/image\/\"},\"sameAs\":[\"https:\/\/es-es.facebook.com\/alfadyser\/\",\"https:\/\/www.instagram.com\/kuken_appliances\/\"]}]}<\/script>\n<meta property=\"product:price:amount\" content=\"0.00\" \/>\n<meta property=\"product:price:currency\" content=\"EUR\" \/>\n<meta property=\"og:availability\" content=\"instock\" \/>\n<meta property=\"product:availability\" content=\"instock\" \/>\n<meta property=\"product:retailer_item_id\" content=\"33971\" \/>\n<meta property=\"product:condition\" content=\"new\" \/>\n<!-- \/ Yoast SEO Premium plugin. -->","yoast_head_json":{"title":"K\u00dcKEN VINTAGE GLAZEN TUMBLER BLENDER 1000W - K\u00fcken","description":"Exclusieve k\u00fcken glazen mixer met vintage afwerking. Geef je keuken een elegant tintje met deze vintage groene mixer.","robots":{"index":"index","follow":"follow","max-snippet":"max-snippet:-1","max-image-preview":"max-image-preview:large","max-video-preview":"max-video-preview:-1"},"canonical":"https:\/\/kuken.es\/nl\/product\/kuken-1000w-vintage-glazen-tumbler-mixer\/","og_locale":"nl_NL","og_type":"article","og_title":"BATIDORA VASO DE CRISTAL VINTAGE K\u00dcKEN 1000W","og_description":"Exclusiva batidora vaso de cristal k\u00fcken con acabado vintage. Dale a tu cocina un toque elegante con esta batidora de color verde vintage.","og_url":"https:\/\/kuken.es\/nl\/product\/kuken-1000w-vintage-glazen-tumbler-mixer\/","og_site_name":"K\u00fcken","article_publisher":"https:\/\/es-es.facebook.com\/alfadyser\/","article_modified_time":"2025-06-02T04:59:52+00:00","og_image":[{"width":2000,"height":2000,"url":"https:\/\/kuken.es\/wp-content\/uploads\/productos\/8425160339715_01.jpg","type":"image\/jpeg"}],"twitter_card":"summary_large_image","twitter_misc":{"Prijs":"","Beschikbaarheid":"Op voorraad"},"schema":{"@context":"https:\/\/schema.org","@graph":[{"@type":"WebPage","@id":"https:\/\/kuken.es\/producto\/batidora-vaso-de-cristal-vintage-kuken-1000w\/","url":"https:\/\/kuken.es\/producto\/batidora-vaso-de-cristal-vintage-kuken-1000w\/","name":"K\u00dcKEN VINTAGE GLAZEN TUMBLER BLENDER 1000W - K\u00fcken","isPartOf":{"@id":"https:\/\/kuken.es\/#website"},"primaryImageOfPage":{"@id":"https:\/\/kuken.es\/producto\/batidora-vaso-de-cristal-vintage-kuken-1000w\/#primaryimage"},"image":{"@id":"https:\/\/kuken.es\/producto\/batidora-vaso-de-cristal-vintage-kuken-1000w\/#primaryimage"},"thumbnailUrl":"https:\/\/kuken.es\/wp-content\/uploads\/productos\/8425160339715_01.jpg","datePublished":"2020-10-27T12:42:10+00:00","dateModified":"2025-06-02T04:59:52+00:00","description":"Exclusieve k\u00fcken glazen mixer met vintage afwerking. Geef je keuken een elegant tintje met deze vintage groene mixer.","breadcrumb":{"@id":"https:\/\/kuken.es\/producto\/batidora-vaso-de-cristal-vintage-kuken-1000w\/#breadcrumb"},"inLanguage":"nl-NL","potentialAction":[{"@type":"ReadAction","target":["https:\/\/kuken.es\/producto\/batidora-vaso-de-cristal-vintage-kuken-1000w\/"]}]},{"@type":"ImageObject","inLanguage":"nl-NL","@id":"https:\/\/kuken.es\/producto\/batidora-vaso-de-cristal-vintage-kuken-1000w\/#primaryimage","url":"https:\/\/kuken.es\/wp-content\/uploads\/productos\/8425160339715_01.jpg","contentUrl":"https:\/\/kuken.es\/wp-content\/uploads\/productos\/8425160339715_01.jpg","width":2000,"height":2000,"caption":"Batidora vaso de cristal k\u00fcken vintage"},{"@type":"BreadcrumbList","@id":"https:\/\/kuken.es\/producto\/batidora-vaso-de-cristal-vintage-kuken-1000w\/#breadcrumb","itemListElement":[{"@type":"ListItem","position":1,"name":"Portada","item":"https:\/\/kuken.es\/"},{"@type":"ListItem","position":2,"name":"Productos","item":"https:\/\/kuken.es\/productos\/"},{"@type":"ListItem","position":3,"name":"BATIDORA VASO DE CRISTAL VINTAGE K\u00dcKEN 1000W"}]},{"@type":"WebSite","@id":"https:\/\/kuken.es\/#website","url":"https:\/\/kuken.es\/","name":"K\u00fcken","description":"Uitgebreid assortiment kleine huishoudelijke apparaten van k\u00fcken","publisher":{"@id":"https:\/\/kuken.es\/#organization"},"potentialAction":[{"@type":"SearchAction","target":{"@type":"EntryPoint","urlTemplate":"https:\/\/kuken.es\/?s={search_term_string}"},"query-input":{"@type":"PropertyValueSpecification","valueRequired":true,"valueName":"search_term_string"}}],"inLanguage":"nl-NL"},{"@type":"Organization","@id":"https:\/\/kuken.es\/#organization","name":"Alpha Dyser","url":"https:\/\/kuken.es\/","logo":{"@type":"ImageObject","inLanguage":"nl-NL","@id":"https:\/\/kuken.es\/#\/schema\/logo\/image\/","url":"https:\/\/kuken.es\/wp-content\/uploads\/2019\/04\/kuken-logo.png","contentUrl":"https:\/\/kuken.es\/wp-content\/uploads\/2019\/04\/kuken-logo.png","width":500,"height":191,"caption":"Alfa Dyser"},"image":{"@id":"https:\/\/kuken.es\/#\/schema\/logo\/image\/"},"sameAs":["https:\/\/es-es.facebook.com\/alfadyser\/","https:\/\/www.instagram.com\/kuken_appliances\/"]}]},"product_price_amount":"0.00","product_price_currency":"EUR","og_availability":"instock","product_availability":"instock","product_retailer_item_id":"33971","product_condition":"new"},"_links":{"self":[{"href":"https:\/\/kuken.es\/nl\/wp-json\/wp\/v2\/product\/6162","targetHints":{"allow":["GET"]}}],"collection":[{"href":"https:\/\/kuken.es\/nl\/wp-json\/wp\/v2\/product"}],"about":[{"href":"https:\/\/kuken.es\/nl\/wp-json\/wp\/v2\/types\/product"}],"wp:featuredmedia":[{"embeddable":true,"href":"https:\/\/kuken.es\/nl\/wp-json\/wp\/v2\/media\/5639"}],"wp:attachment":[{"href":"https:\/\/kuken.es\/nl\/wp-json\/wp\/v2\/media?parent=6162"}],"wp:term":[{"taxonomy":"product_brand","embeddable":true,"href":"https:\/\/kuken.es\/nl\/wp-json\/wp\/v2\/product_brand?post=6162"},{"taxonomy":"product_cat","embeddable":true,"href":"https:\/\/kuken.es\/nl\/wp-json\/wp\/v2\/product_cat?post=6162"},{"taxonomy":"product_tag","embeddable":true,"href":"https:\/\/kuken.es\/nl\/wp-json\/wp\/v2\/product_tag?post=6162"}],"curies":[{"name":"wp","href":"https:\/\/api.w.org\/{rel}","templated":true}]}}