{"id":12738,"date":"2026-02-09T12:17:03","date_gmt":"2026-02-09T11:17:03","guid":{"rendered":"https:\/\/kuken.es\/?post_type=product&#038;p=12738"},"modified":"2026-02-09T12:29:21","modified_gmt":"2026-02-09T11:29:21","slug":"batidora-de-brazo-1000w-kuken-gris-con-accesorios","status":"publish","type":"product","link":"https:\/\/kuken.es\/nl\/product\/batidora-de-brazo-1000w-kuken-gris-con-accesorios\/","title":{"rendered":"BATIDORA DE BRAZO 1000W KUKEN GRIS CON ACCESORIOS"},"content":{"rendered":"<p>BATIDORA DE BRAZO 1000W KUKEN GRIS CON ACCESORIOS<\/p>\n<ul>\n<li>Batidora de mano K\u00fcken de 1000W con accesorios.<\/li>\n<li data-start=\"2\" data-end=\"106\">Brazo triturador de\u00a0Acero\u00a0Inoxidable con engranaje met\u00e1lico.<\/li>\n<li data-start=\"2\" data-end=\"106\">Acabado en aluminio anonizado de color gris.<\/li>\n<li data-start=\"2\" data-end=\"106\">Cuchillas fabricadas en\u00a0titanio\u00a0de alto rendimiento.<\/li>\n<li data-start=\"2\" data-end=\"106\">Trituran ingredientes m\u00e1s duros en menos tiempo.<\/li>\n<li data-start=\"2\" data-end=\"106\">Dise\u00f1o ergon\u00f3mico con empu\u00f1adura antideslizante.<\/li>\n<li data-start=\"2\" data-end=\"106\">Control de velocidad progresivo con funci\u00f3n Turbo.<\/li>\n<li data-start=\"2\" data-end=\"106\">9 Velocidades, permite adaptar la potencia<\/li>\n<li data-start=\"2\" data-end=\"106\">Pantalla digital\u00a0LCD.<\/li>\n<li data-start=\"2\" data-end=\"106\">Soporte para batidora y accesorios antideslizante.<\/li>\n<li data-start=\"2\" data-end=\"106\">Accesorios:\u00a0Jarra medidora 600ml, Picadora 500ml y Varilla Mezcladora.<\/li>\n<li data-start=\"2\" data-end=\"106\">Campana dise\u00f1ada para reducir salpicaduras.<\/li>\n<li data-start=\"2\" data-end=\"106\">Componentes desmontables aptos para lavavajillas.<\/li>\n<li data-start=\"2\" data-end=\"106\">Adecuada para preparar pur\u00e9s, batidos, salsas, cremas y diversas mezclas culinarias<\/li>\n<\/ul>\n<div class=\"accordion\"><div class=\"mfn-acc accordion_wrapper  toggle\"><div class=\"question\"><div class=\"title\"><i class=\"icon-plus acc-icon-plus\" aria-hidden=\"true\"><\/i><i class=\"icon-minus acc-icon-minus\" aria-hidden=\"true\"><\/i>Productgegevens<\/div><div class=\"answer\">EAN 8425160345426<\/p>\n<p>BATIDORA DE BRAZO 1000W KUKEN GRIS CON ACCESORIOS<\/p>\n<p>Verpakkingseenheid: 1<br \/>\nAcabado: Aluminio anonizado<br \/>\nMaterial: Acero inoxidable<br \/>\nVerpakking: Gekleurde doos<br \/>\nVermogen: 1000W<br \/>\nAfneembaar: Ja<br \/>\nSnelheden: 2<br \/>\nFunci\u00f3n Turbo: S\u00ed<br \/>\nSpanning: 230V<\/p>\n<p><\/div><\/div>\n<\/div><\/div>\n\n<div class=\"descargas-producto\"><a href=\"https:\/\/kuken.es\/wp-content\/uploads\/8425160345426_ficha_tecnica.pdf\"><img loading=\"lazy\" decoding=\"async\" src=\"\/wp-content\/uploads\/2019\/12\/picto-descarrega.png\" alt=\"gegevensblad downloaden\" width=\"23\" height=\"16\" \/>Blad downloaden<\/a><br \/>\n<img loading=\"lazy\" decoding=\"async\" src=\"\/wp-content\/uploads\/2019\/12\/picto-descarrega.png\" alt=\"handleiding downloaden\" width=\"23\" height=\"16\" \/><a href=\"https:\/\/kuken.es\/wp-content\/uploads\/34542_manual_compressed.pdf\">Handleiding downloaden<\/a><\/div>\n<div><\/div>\n<div>\n<div><span style=\"color: #bf2121;\">Volg ons op sociale media!<\/span><\/div>\n<div><a href=\"https:\/\/www.instagram.com\/kuken_appliances\/\">https:\/\/www.instagram.com\/kuken_appliances\/<\/a><\/div>\n<div><\/div>\n<\/div>","protected":false},"excerpt":{"rendered":"<p class=\"\" data-start=\"515\" data-end=\"663\">Batidora de mano K\u00fcken de 1000 W con cuchillas de titanio y control de velocidad con funci\u00f3n Turbo. Incluye accesorios y dise\u00f1o ergon\u00f3mico, ideal para batidos, pur\u00e9s y salsas.<\/p>","protected":false},"featured_media":12743,"template":"","meta":[],"product_brand":[],"product_cat":[107],"product_tag":[],"class_list":{"0":"post-12738","1":"product","2":"type-product","3":"status-publish","4":"has-post-thumbnail","6":"product_cat-batidoras-premium","8":"first","9":"instock","10":"shipping-taxable","11":"product-type-simple"},"yoast_head":"<!-- This site is optimized with the Yoast SEO Premium plugin v24.0 (Yoast SEO v26.5) - https:\/\/yoast.com\/wordpress\/plugins\/seo\/ -->\n<title>BATIDORA DE BRAZO 1000W KUKEN GRIS CON ACCESORIOS - K\u00fcken<\/title>\n<meta name=\"description\" content=\"Batidora de BRAZO K\u00dcKEN gris con 1000W de potencia. Con accesorios. Dise\u00f1o ergon\u00f3mico y manejable . Descubre la batidora de brazo en la web de k\u00fcken.\" \/>\n<meta name=\"robots\" content=\"index, follow, max-snippet:-1, max-image-preview:large, max-video-preview:-1\" \/>\n<link rel=\"canonical\" href=\"https:\/\/kuken.es\/nl\/product\/batidora-de-brazo-1000w-kuken-gris-con-accesorios\/\" \/>\n<meta property=\"og:locale\" content=\"nl_NL\" \/>\n<meta property=\"og:type\" content=\"article\" \/>\n<meta property=\"og:title\" content=\"BATIDORA DE BRAZO 1000W KUKEN GRIS CON ACCESORIOS\" \/>\n<meta property=\"og:description\" content=\"Batidora de BRAZO K\u00dcKEN gris con 1000W de potencia. Con accesorios. Dise\u00f1o ergon\u00f3mico y manejable . Descubre la batidora de brazo en la web de k\u00fcken.\" \/>\n<meta property=\"og:url\" content=\"https:\/\/kuken.es\/nl\/product\/batidora-de-brazo-1000w-kuken-gris-con-accesorios\/\" \/>\n<meta property=\"og:site_name\" content=\"K\u00fcken\" \/>\n<meta property=\"article:publisher\" content=\"https:\/\/es-es.facebook.com\/alfadyser\/\" \/>\n<meta property=\"article:modified_time\" content=\"2026-02-09T11:29:21+00:00\" \/>\n<meta property=\"og:image\" content=\"https:\/\/kuken.es\/wp-content\/uploads\/8425160345426_25.jpg\" \/>\n\t<meta property=\"og:image:width\" content=\"2000\" \/>\n\t<meta property=\"og:image:height\" content=\"2000\" \/>\n\t<meta property=\"og:image:type\" content=\"image\/jpeg\" \/>\n<meta name=\"twitter:card\" content=\"summary_large_image\" \/>\n<meta name=\"twitter:label1\" content=\"Prijs\" \/>\n\t<meta name=\"twitter:data1\" content=\"\" \/>\n\t<meta name=\"twitter:label2\" content=\"Beschikbaarheid\" \/>\n\t<meta name=\"twitter:data2\" content=\"Op voorraad\" \/>\n<script type=\"application\/ld+json\" class=\"yoast-schema-graph\">{\"@context\":\"https:\/\/schema.org\",\"@graph\":[{\"@type\":\"WebPage\",\"@id\":\"https:\/\/kuken.es\/producto\/batidora-de-brazo-1000w-kuken-gris-con-accesorios\/\",\"url\":\"https:\/\/kuken.es\/producto\/batidora-de-brazo-1000w-kuken-gris-con-accesorios\/\",\"name\":\"BATIDORA DE BRAZO 1000W KUKEN GRIS CON ACCESORIOS - K\u00fcken\",\"isPartOf\":{\"@id\":\"https:\/\/kuken.es\/#website\"},\"primaryImageOfPage\":{\"@id\":\"https:\/\/kuken.es\/producto\/batidora-de-brazo-1000w-kuken-gris-con-accesorios\/#primaryimage\"},\"image\":{\"@id\":\"https:\/\/kuken.es\/producto\/batidora-de-brazo-1000w-kuken-gris-con-accesorios\/#primaryimage\"},\"thumbnailUrl\":\"https:\/\/kuken.es\/wp-content\/uploads\/8425160345426_25.jpg\",\"datePublished\":\"2026-02-09T11:17:03+00:00\",\"dateModified\":\"2026-02-09T11:29:21+00:00\",\"description\":\"Batidora de BRAZO K\u00dcKEN gris con 1000W de potencia. Con accesorios. Dise\u00f1o ergon\u00f3mico y manejable . Descubre la batidora de brazo en la web de k\u00fcken.\",\"breadcrumb\":{\"@id\":\"https:\/\/kuken.es\/producto\/batidora-de-brazo-1000w-kuken-gris-con-accesorios\/#breadcrumb\"},\"inLanguage\":\"nl-NL\",\"potentialAction\":[{\"@type\":\"ReadAction\",\"target\":[\"https:\/\/kuken.es\/producto\/batidora-de-brazo-1000w-kuken-gris-con-accesorios\/\"]}]},{\"@type\":\"ImageObject\",\"inLanguage\":\"nl-NL\",\"@id\":\"https:\/\/kuken.es\/producto\/batidora-de-brazo-1000w-kuken-gris-con-accesorios\/#primaryimage\",\"url\":\"https:\/\/kuken.es\/wp-content\/uploads\/8425160345426_25.jpg\",\"contentUrl\":\"https:\/\/kuken.es\/wp-content\/uploads\/8425160345426_25.jpg\",\"width\":2000,\"height\":2000},{\"@type\":\"BreadcrumbList\",\"@id\":\"https:\/\/kuken.es\/producto\/batidora-de-brazo-1000w-kuken-gris-con-accesorios\/#breadcrumb\",\"itemListElement\":[{\"@type\":\"ListItem\",\"position\":1,\"name\":\"Portada\",\"item\":\"https:\/\/kuken.es\/\"},{\"@type\":\"ListItem\",\"position\":2,\"name\":\"Productos\",\"item\":\"https:\/\/kuken.es\/productos\/\"},{\"@type\":\"ListItem\",\"position\":3,\"name\":\"BATIDORA DE BRAZO 1000W KUKEN GRIS CON ACCESORIOS\"}]},{\"@type\":\"WebSite\",\"@id\":\"https:\/\/kuken.es\/#website\",\"url\":\"https:\/\/kuken.es\/\",\"name\":\"K\u00fcken\",\"description\":\"Amplia gama de peque\u00f1o electrodom\u00e9stico k\u00fcken\",\"publisher\":{\"@id\":\"https:\/\/kuken.es\/#organization\"},\"potentialAction\":[{\"@type\":\"SearchAction\",\"target\":{\"@type\":\"EntryPoint\",\"urlTemplate\":\"https:\/\/kuken.es\/?s={search_term_string}\"},\"query-input\":{\"@type\":\"PropertyValueSpecification\",\"valueRequired\":true,\"valueName\":\"search_term_string\"}}],\"inLanguage\":\"nl-NL\"},{\"@type\":\"Organization\",\"@id\":\"https:\/\/kuken.es\/#organization\",\"name\":\"Alfa Dyser\",\"url\":\"https:\/\/kuken.es\/\",\"logo\":{\"@type\":\"ImageObject\",\"inLanguage\":\"nl-NL\",\"@id\":\"https:\/\/kuken.es\/#\/schema\/logo\/image\/\",\"url\":\"https:\/\/kuken.es\/wp-content\/uploads\/2019\/04\/kuken-logo.png\",\"contentUrl\":\"https:\/\/kuken.es\/wp-content\/uploads\/2019\/04\/kuken-logo.png\",\"width\":500,\"height\":191,\"caption\":\"Alfa Dyser\"},\"image\":{\"@id\":\"https:\/\/kuken.es\/#\/schema\/logo\/image\/\"},\"sameAs\":[\"https:\/\/es-es.facebook.com\/alfadyser\/\",\"https:\/\/www.instagram.com\/kuken_appliances\/\"]}]}<\/script>\n<meta property=\"product:price:amount\" content=\"0.00\" \/>\n<meta property=\"product:price:currency\" content=\"EUR\" \/>\n<meta property=\"og:availability\" content=\"instock\" \/>\n<meta property=\"product:availability\" content=\"instock\" \/>\n<meta property=\"product:retailer_item_id\" content=\"34542\" \/>\n<meta property=\"product:condition\" content=\"new\" \/>\n<!-- \/ Yoast SEO Premium plugin. -->","yoast_head_json":{"title":"BATIDORA DE BRAZO 1000W KUKEN GRIS CON ACCESORIOS - K\u00fcken","description":"Batidora de BRAZO K\u00dcKEN gris con 1000W de potencia. Con accesorios. Dise\u00f1o ergon\u00f3mico y manejable . Descubre la batidora de brazo en la web de k\u00fcken.","robots":{"index":"index","follow":"follow","max-snippet":"max-snippet:-1","max-image-preview":"max-image-preview:large","max-video-preview":"max-video-preview:-1"},"canonical":"https:\/\/kuken.es\/nl\/product\/batidora-de-brazo-1000w-kuken-gris-con-accesorios\/","og_locale":"nl_NL","og_type":"article","og_title":"BATIDORA DE BRAZO 1000W KUKEN GRIS CON ACCESORIOS","og_description":"Batidora de BRAZO K\u00dcKEN gris con 1000W de potencia. Con accesorios. Dise\u00f1o ergon\u00f3mico y manejable . Descubre la batidora de brazo en la web de k\u00fcken.","og_url":"https:\/\/kuken.es\/nl\/product\/batidora-de-brazo-1000w-kuken-gris-con-accesorios\/","og_site_name":"K\u00fcken","article_publisher":"https:\/\/es-es.facebook.com\/alfadyser\/","article_modified_time":"2026-02-09T11:29:21+00:00","og_image":[{"width":2000,"height":2000,"url":"https:\/\/kuken.es\/wp-content\/uploads\/8425160345426_25.jpg","type":"image\/jpeg"}],"twitter_card":"summary_large_image","twitter_misc":{"Prijs":"","Beschikbaarheid":"Op voorraad"},"schema":{"@context":"https:\/\/schema.org","@graph":[{"@type":"WebPage","@id":"https:\/\/kuken.es\/producto\/batidora-de-brazo-1000w-kuken-gris-con-accesorios\/","url":"https:\/\/kuken.es\/producto\/batidora-de-brazo-1000w-kuken-gris-con-accesorios\/","name":"BATIDORA DE BRAZO 1000W KUKEN GRIS CON ACCESORIOS - K\u00fcken","isPartOf":{"@id":"https:\/\/kuken.es\/#website"},"primaryImageOfPage":{"@id":"https:\/\/kuken.es\/producto\/batidora-de-brazo-1000w-kuken-gris-con-accesorios\/#primaryimage"},"image":{"@id":"https:\/\/kuken.es\/producto\/batidora-de-brazo-1000w-kuken-gris-con-accesorios\/#primaryimage"},"thumbnailUrl":"https:\/\/kuken.es\/wp-content\/uploads\/8425160345426_25.jpg","datePublished":"2026-02-09T11:17:03+00:00","dateModified":"2026-02-09T11:29:21+00:00","description":"Batidora de BRAZO K\u00dcKEN gris con 1000W de potencia. Con accesorios. Dise\u00f1o ergon\u00f3mico y manejable . Descubre la batidora de brazo en la web de k\u00fcken.","breadcrumb":{"@id":"https:\/\/kuken.es\/producto\/batidora-de-brazo-1000w-kuken-gris-con-accesorios\/#breadcrumb"},"inLanguage":"nl-NL","potentialAction":[{"@type":"ReadAction","target":["https:\/\/kuken.es\/producto\/batidora-de-brazo-1000w-kuken-gris-con-accesorios\/"]}]},{"@type":"ImageObject","inLanguage":"nl-NL","@id":"https:\/\/kuken.es\/producto\/batidora-de-brazo-1000w-kuken-gris-con-accesorios\/#primaryimage","url":"https:\/\/kuken.es\/wp-content\/uploads\/8425160345426_25.jpg","contentUrl":"https:\/\/kuken.es\/wp-content\/uploads\/8425160345426_25.jpg","width":2000,"height":2000},{"@type":"BreadcrumbList","@id":"https:\/\/kuken.es\/producto\/batidora-de-brazo-1000w-kuken-gris-con-accesorios\/#breadcrumb","itemListElement":[{"@type":"ListItem","position":1,"name":"Portada","item":"https:\/\/kuken.es\/"},{"@type":"ListItem","position":2,"name":"Productos","item":"https:\/\/kuken.es\/productos\/"},{"@type":"ListItem","position":3,"name":"BATIDORA DE BRAZO 1000W KUKEN GRIS CON ACCESORIOS"}]},{"@type":"WebSite","@id":"https:\/\/kuken.es\/#website","url":"https:\/\/kuken.es\/","name":"K\u00fcken","description":"Uitgebreid assortiment kleine huishoudelijke apparaten van k\u00fcken","publisher":{"@id":"https:\/\/kuken.es\/#organization"},"potentialAction":[{"@type":"SearchAction","target":{"@type":"EntryPoint","urlTemplate":"https:\/\/kuken.es\/?s={search_term_string}"},"query-input":{"@type":"PropertyValueSpecification","valueRequired":true,"valueName":"search_term_string"}}],"inLanguage":"nl-NL"},{"@type":"Organization","@id":"https:\/\/kuken.es\/#organization","name":"Alpha Dyser","url":"https:\/\/kuken.es\/","logo":{"@type":"ImageObject","inLanguage":"nl-NL","@id":"https:\/\/kuken.es\/#\/schema\/logo\/image\/","url":"https:\/\/kuken.es\/wp-content\/uploads\/2019\/04\/kuken-logo.png","contentUrl":"https:\/\/kuken.es\/wp-content\/uploads\/2019\/04\/kuken-logo.png","width":500,"height":191,"caption":"Alfa Dyser"},"image":{"@id":"https:\/\/kuken.es\/#\/schema\/logo\/image\/"},"sameAs":["https:\/\/es-es.facebook.com\/alfadyser\/","https:\/\/www.instagram.com\/kuken_appliances\/"]}]},"product_price_amount":"0.00","product_price_currency":"EUR","og_availability":"instock","product_availability":"instock","product_retailer_item_id":"34542","product_condition":"new"},"_links":{"self":[{"href":"https:\/\/kuken.es\/nl\/wp-json\/wp\/v2\/product\/12738","targetHints":{"allow":["GET"]}}],"collection":[{"href":"https:\/\/kuken.es\/nl\/wp-json\/wp\/v2\/product"}],"about":[{"href":"https:\/\/kuken.es\/nl\/wp-json\/wp\/v2\/types\/product"}],"wp:featuredmedia":[{"embeddable":true,"href":"https:\/\/kuken.es\/nl\/wp-json\/wp\/v2\/media\/12743"}],"wp:attachment":[{"href":"https:\/\/kuken.es\/nl\/wp-json\/wp\/v2\/media?parent=12738"}],"wp:term":[{"taxonomy":"product_brand","embeddable":true,"href":"https:\/\/kuken.es\/nl\/wp-json\/wp\/v2\/product_brand?post=12738"},{"taxonomy":"product_cat","embeddable":true,"href":"https:\/\/kuken.es\/nl\/wp-json\/wp\/v2\/product_cat?post=12738"},{"taxonomy":"product_tag","embeddable":true,"href":"https:\/\/kuken.es\/nl\/wp-json\/wp\/v2\/product_tag?post=12738"}],"curies":[{"name":"wp","href":"https:\/\/api.w.org\/{rel}","templated":true}]}}