{"id":12379,"date":"2025-06-03T07:36:15","date_gmt":"2025-06-03T05:36:15","guid":{"rendered":"https:\/\/kuken.es\/?post_type=product&#038;p=12379"},"modified":"2026-02-06T07:48:17","modified_gmt":"2026-02-06T06:48:17","slug":"cafetera-capsulas-20-bares-1400w-kuken","status":"publish","type":"product","link":"https:\/\/kuken.es\/nl\/product\/cafetera-capsulas-20-bares-1400w-kuken\/","title":{"rendered":"CAFETERA DE C\u00c1PSULAS 20 BARES 1400W K\u00dcKEN"},"content":{"rendered":"<p>CAFETERA DE C\u00c1PSULAS 20 BARES 1400W K\u00dcKEN<\/p>\n<ul>\n<li data-start=\"85\" data-end=\"179\">Cafetera de c\u00e1psulas K\u00fcken Serie Black, dise\u00f1ada para disfrutar de un caf\u00e9 de calidad en casa.<\/li>\n<li data-start=\"182\" data-end=\"257\">Potencia de 1.400 W que permite un calentamiento r\u00e1pido y un uso eficiente.<\/li>\n<li data-start=\"260\" data-end=\"355\">Bomba de presi\u00f3n de 20 bares que garantiza un caf\u00e9 intenso, arom\u00e1tico y con una crema perfecta.<\/li>\n<li data-start=\"358\" data-end=\"450\">Dep\u00f3sito de agua con capacidad de 0,7 litros, ideal para preparar varias tazas sin recargar.<\/li>\n<li data-start=\"453\" data-end=\"538\">Botones frontales programables para seleccionar caf\u00e9 corto o largo seg\u00fan preferencia.<\/li>\n<li data-start=\"541\" data-end=\"605\">Sistema AROMA+ que potencia el sabor y el aroma de cada c\u00e1psula.<\/li>\n<li data-start=\"608\" data-end=\"679\">Compatible con c\u00e1psulas tipo Nespresso para mayor comodidad y variedad.<\/li>\n<li data-start=\"682\" data-end=\"751\">Tecnolog\u00eda alemana que asegura fiabilidad, rendimiento y durabilidad.<\/li>\n<li data-start=\"754\" data-end=\"813\">Dise\u00f1o compacto y elegante con acabado en color negro mate.<\/li>\n<li data-start=\"816\" data-end=\"870\">F\u00e1cil de usar y mantener, perfecta para el uso diario.<\/li>\n<\/ul>\n<p><div class=\"accordion\"><div class=\"mfn-acc accordion_wrapper  toggle\"><div class=\"question\"><div class=\"title\"><i class=\"icon-plus acc-icon-plus\" aria-hidden=\"true\"><\/i><i class=\"icon-minus acc-icon-minus\" aria-hidden=\"true\"><\/i>Productgegevens<\/div><div class=\"answer\">EAN 8425160345358<\/p>\n<p>CAFETERA DE C\u00c1PSULAS 20 BARES 1400W K\u00dcKEN<\/p>\n<p>Verpakkingseenheid 1<br \/>\nKleur: Zwart<br \/>\nEmbalaje: Caja Color<br \/>\nVermogen: 1400W<br \/>\nVoltaje: 220-240V &#8211; 50 Hz.<br \/>\nCapacidad Dep\u00f3sito: 700ml.<br \/>\nMaterial: Aluminio\/PC<br \/>\nAntislipvoetjes: Ja<br \/>\nAfneembaar: Ja<br \/>\nLongitud: 305mm<br \/>\nAnchura:235mm<br \/>\nAltura:120mm<br \/>\nGewicht <\/div><\/div>\n<\/div><\/div>\n<br \/>\n<div class=\"accordion\"><div class=\"mfn-acc accordion_wrapper  toggle\"><div class=\"question\"><div class=\"title\"><i class=\"icon-plus acc-icon-plus\" aria-hidden=\"true\"><\/i><i class=\"icon-minus acc-icon-minus\" aria-hidden=\"true\"><\/i>Accessoires<\/div><div class=\"answer\"><\/div><\/div>\n<\/div><\/div>\n<\/p>\n<p>&nbsp;<\/p>\n<div class=\"descargas-producto\"><img loading=\"lazy\" decoding=\"async\" src=\"\/wp-content\/uploads\/2019\/12\/picto-descarrega.png\" alt=\"gegevensblad downloaden\" width=\"23\" height=\"16\" \/><a href=\"https:\/\/kuken.es\/wp-content\/uploads\/8425160345358_ficha_tecnica.pdf\">Blad downloaden<\/a><br \/>\n<img loading=\"lazy\" decoding=\"async\" src=\"\/wp-content\/uploads\/2019\/12\/picto-descarrega.png\" alt=\"handleiding downloaden\" width=\"23\" height=\"16\" \/><a href=\"https:\/\/kuken.es\/wp-content\/uploads\/34535_manual_instrucciones.pdf\">Handleiding downloaden<\/a><\/div>\n<div><\/div>\n<div><\/div>\n<div>Ontdek ons volledige assortiment koffiemachines en koffiemolens\u00a0<a href=\"https:\/\/www.alfadyser.com\/\">hier<\/a><\/div>\n<div><\/div>\n<div><\/div>\n<div><span style=\"color: #bf2121;\">Volg ons op sociale media!<\/span><\/div>\n<div><a href=\"https:\/\/www.instagram.com\/kuken_appliances\/\">https:\/\/www.instagram.com\/kuken_appliances\/<\/a><\/div>\n<div><\/div>","protected":false},"excerpt":{"rendered":"<p class=\"\" data-start=\"511\" data-end=\"657\">Ideal para quienes buscan variedad y calidad en cada taza. Disfruta caf\u00e9 corto o largo con espuma perfecta. Dise\u00f1o compacto, elegante y funcional.<\/p>\n<p class=\"\" data-start=\"659\" data-end=\"776\">","protected":false},"featured_media":12606,"template":"","meta":[],"product_brand":[],"product_cat":[133,49,91],"product_tag":[],"class_list":{"0":"post-12379","1":"product","2":"type-product","3":"status-publish","4":"has-post-thumbnail","6":"product_cat-cafeteras-gold","7":"product_cat-cafeteras-y-molinillos-premium","8":"product_cat-gold","10":"first","11":"instock","12":"product-type-simple"},"yoast_head":"<!-- This site is optimized with the Yoast SEO Premium plugin v24.0 (Yoast SEO v26.5) - https:\/\/yoast.com\/wordpress\/plugins\/seo\/ -->\n<title>CAFETERA C\u00c1PSULAS 4 EN 1 KUKEN -K\u00fcken<\/title>\n<meta name=\"description\" content=\"Exclusiva cafetera de c\u00e1psulas 20 Bares 1400W Kuken. Prepara caf\u00e9 con cualquier c\u00e1psula o si lo prefieres con caf\u00e9 molido. www.kuken.es\" \/>\n<meta name=\"robots\" content=\"index, follow, max-snippet:-1, max-image-preview:large, max-video-preview:-1\" \/>\n<link rel=\"canonical\" href=\"https:\/\/kuken.es\/nl\/product\/cafetera-capsulas-20-bares-1400w-kuken\/\" \/>\n<meta property=\"og:locale\" content=\"nl_NL\" \/>\n<meta property=\"og:type\" content=\"article\" \/>\n<meta property=\"og:title\" content=\"CAFETERA DE C\u00c1PSULAS 20 BARES 1400W K\u00dcKEN\" \/>\n<meta property=\"og:description\" content=\"Exclusiva cafetera de c\u00e1psulas 20 Bares 1400W Kuken. Prepara caf\u00e9 con cualquier c\u00e1psula o si lo prefieres con caf\u00e9 molido. www.kuken.es\" \/>\n<meta property=\"og:url\" content=\"https:\/\/kuken.es\/nl\/product\/cafetera-capsulas-20-bares-1400w-kuken\/\" \/>\n<meta property=\"og:site_name\" content=\"K\u00fcken\" \/>\n<meta property=\"article:publisher\" content=\"https:\/\/es-es.facebook.com\/alfadyser\/\" \/>\n<meta property=\"article:modified_time\" content=\"2026-02-06T06:48:17+00:00\" \/>\n<meta property=\"og:image\" content=\"https:\/\/kuken.es\/wp-content\/uploads\/8425160345358_01.jpg\" \/>\n\t<meta property=\"og:image:width\" content=\"2000\" \/>\n\t<meta property=\"og:image:height\" content=\"2000\" \/>\n\t<meta property=\"og:image:type\" content=\"image\/jpeg\" \/>\n<meta name=\"twitter:card\" content=\"summary_large_image\" \/>\n<meta name=\"twitter:label1\" content=\"Prijs\" \/>\n\t<meta name=\"twitter:data1\" content=\"\" \/>\n\t<meta name=\"twitter:label2\" content=\"Beschikbaarheid\" \/>\n\t<meta name=\"twitter:data2\" content=\"Op voorraad\" \/>\n<script type=\"application\/ld+json\" class=\"yoast-schema-graph\">{\"@context\":\"https:\/\/schema.org\",\"@graph\":[{\"@type\":\"WebPage\",\"@id\":\"https:\/\/kuken.es\/producto\/cafetera-capsulas-20-bares-1400w-kuken\/\",\"url\":\"https:\/\/kuken.es\/producto\/cafetera-capsulas-20-bares-1400w-kuken\/\",\"name\":\"CAFETERA C\u00c1PSULAS 4 EN 1 KUKEN -K\u00fcken\",\"isPartOf\":{\"@id\":\"https:\/\/kuken.es\/#website\"},\"primaryImageOfPage\":{\"@id\":\"https:\/\/kuken.es\/producto\/cafetera-capsulas-20-bares-1400w-kuken\/#primaryimage\"},\"image\":{\"@id\":\"https:\/\/kuken.es\/producto\/cafetera-capsulas-20-bares-1400w-kuken\/#primaryimage\"},\"thumbnailUrl\":\"https:\/\/kuken.es\/wp-content\/uploads\/8425160345358_01.jpg\",\"datePublished\":\"2025-06-03T05:36:15+00:00\",\"dateModified\":\"2026-02-06T06:48:17+00:00\",\"description\":\"Exclusiva cafetera de c\u00e1psulas 20 Bares 1400W Kuken. Prepara caf\u00e9 con cualquier c\u00e1psula o si lo prefieres con caf\u00e9 molido. www.kuken.es\",\"breadcrumb\":{\"@id\":\"https:\/\/kuken.es\/producto\/cafetera-capsulas-20-bares-1400w-kuken\/#breadcrumb\"},\"inLanguage\":\"nl-NL\",\"potentialAction\":[{\"@type\":\"ReadAction\",\"target\":[\"https:\/\/kuken.es\/producto\/cafetera-capsulas-20-bares-1400w-kuken\/\"]}]},{\"@type\":\"ImageObject\",\"inLanguage\":\"nl-NL\",\"@id\":\"https:\/\/kuken.es\/producto\/cafetera-capsulas-20-bares-1400w-kuken\/#primaryimage\",\"url\":\"https:\/\/kuken.es\/wp-content\/uploads\/8425160345358_01.jpg\",\"contentUrl\":\"https:\/\/kuken.es\/wp-content\/uploads\/8425160345358_01.jpg\",\"width\":2000,\"height\":2000},{\"@type\":\"BreadcrumbList\",\"@id\":\"https:\/\/kuken.es\/producto\/cafetera-capsulas-20-bares-1400w-kuken\/#breadcrumb\",\"itemListElement\":[{\"@type\":\"ListItem\",\"position\":1,\"name\":\"Portada\",\"item\":\"https:\/\/kuken.es\/\"},{\"@type\":\"ListItem\",\"position\":2,\"name\":\"Productos\",\"item\":\"https:\/\/kuken.es\/productos\/\"},{\"@type\":\"ListItem\",\"position\":3,\"name\":\"CAFETERA DE C\u00c1PSULAS 20 BARES 1400W K\u00dcKEN\"}]},{\"@type\":\"WebSite\",\"@id\":\"https:\/\/kuken.es\/#website\",\"url\":\"https:\/\/kuken.es\/\",\"name\":\"K\u00fcken\",\"description\":\"Amplia gama de peque\u00f1o electrodom\u00e9stico k\u00fcken\",\"publisher\":{\"@id\":\"https:\/\/kuken.es\/#organization\"},\"potentialAction\":[{\"@type\":\"SearchAction\",\"target\":{\"@type\":\"EntryPoint\",\"urlTemplate\":\"https:\/\/kuken.es\/?s={search_term_string}\"},\"query-input\":{\"@type\":\"PropertyValueSpecification\",\"valueRequired\":true,\"valueName\":\"search_term_string\"}}],\"inLanguage\":\"nl-NL\"},{\"@type\":\"Organization\",\"@id\":\"https:\/\/kuken.es\/#organization\",\"name\":\"Alfa Dyser\",\"url\":\"https:\/\/kuken.es\/\",\"logo\":{\"@type\":\"ImageObject\",\"inLanguage\":\"nl-NL\",\"@id\":\"https:\/\/kuken.es\/#\/schema\/logo\/image\/\",\"url\":\"https:\/\/kuken.es\/wp-content\/uploads\/2019\/04\/kuken-logo.png\",\"contentUrl\":\"https:\/\/kuken.es\/wp-content\/uploads\/2019\/04\/kuken-logo.png\",\"width\":500,\"height\":191,\"caption\":\"Alfa Dyser\"},\"image\":{\"@id\":\"https:\/\/kuken.es\/#\/schema\/logo\/image\/\"},\"sameAs\":[\"https:\/\/es-es.facebook.com\/alfadyser\/\",\"https:\/\/www.instagram.com\/kuken_appliances\/\"]}]}<\/script>\n<meta property=\"product:price:amount\" content=\"0.00\" \/>\n<meta property=\"product:price:currency\" content=\"EUR\" \/>\n<meta property=\"og:availability\" content=\"instock\" \/>\n<meta property=\"product:availability\" content=\"instock\" \/>\n<meta property=\"product:retailer_item_id\" content=\"34535\" \/>\n<meta property=\"product:condition\" content=\"new\" \/>\n<!-- \/ Yoast SEO Premium plugin. -->","yoast_head_json":{"title":"4-IN-1 CAPSULE KOFFIEMACHINE KUKEN -K\u00fcken","description":"Exclusiva cafetera de c\u00e1psulas 20 Bares 1400W Kuken. Prepara caf\u00e9 con cualquier c\u00e1psula o si lo prefieres con caf\u00e9 molido. www.kuken.es","robots":{"index":"index","follow":"follow","max-snippet":"max-snippet:-1","max-image-preview":"max-image-preview:large","max-video-preview":"max-video-preview:-1"},"canonical":"https:\/\/kuken.es\/nl\/product\/cafetera-capsulas-20-bares-1400w-kuken\/","og_locale":"nl_NL","og_type":"article","og_title":"CAFETERA DE C\u00c1PSULAS 20 BARES 1400W K\u00dcKEN","og_description":"Exclusiva cafetera de c\u00e1psulas 20 Bares 1400W Kuken. Prepara caf\u00e9 con cualquier c\u00e1psula o si lo prefieres con caf\u00e9 molido. www.kuken.es","og_url":"https:\/\/kuken.es\/nl\/product\/cafetera-capsulas-20-bares-1400w-kuken\/","og_site_name":"K\u00fcken","article_publisher":"https:\/\/es-es.facebook.com\/alfadyser\/","article_modified_time":"2026-02-06T06:48:17+00:00","og_image":[{"width":2000,"height":2000,"url":"https:\/\/kuken.es\/wp-content\/uploads\/8425160345358_01.jpg","type":"image\/jpeg"}],"twitter_card":"summary_large_image","twitter_misc":{"Prijs":"","Beschikbaarheid":"Op voorraad"},"schema":{"@context":"https:\/\/schema.org","@graph":[{"@type":"WebPage","@id":"https:\/\/kuken.es\/producto\/cafetera-capsulas-20-bares-1400w-kuken\/","url":"https:\/\/kuken.es\/producto\/cafetera-capsulas-20-bares-1400w-kuken\/","name":"4-IN-1 CAPSULE KOFFIEMACHINE KUKEN -K\u00fcken","isPartOf":{"@id":"https:\/\/kuken.es\/#website"},"primaryImageOfPage":{"@id":"https:\/\/kuken.es\/producto\/cafetera-capsulas-20-bares-1400w-kuken\/#primaryimage"},"image":{"@id":"https:\/\/kuken.es\/producto\/cafetera-capsulas-20-bares-1400w-kuken\/#primaryimage"},"thumbnailUrl":"https:\/\/kuken.es\/wp-content\/uploads\/8425160345358_01.jpg","datePublished":"2025-06-03T05:36:15+00:00","dateModified":"2026-02-06T06:48:17+00:00","description":"Exclusiva cafetera de c\u00e1psulas 20 Bares 1400W Kuken. Prepara caf\u00e9 con cualquier c\u00e1psula o si lo prefieres con caf\u00e9 molido. www.kuken.es","breadcrumb":{"@id":"https:\/\/kuken.es\/producto\/cafetera-capsulas-20-bares-1400w-kuken\/#breadcrumb"},"inLanguage":"nl-NL","potentialAction":[{"@type":"ReadAction","target":["https:\/\/kuken.es\/producto\/cafetera-capsulas-20-bares-1400w-kuken\/"]}]},{"@type":"ImageObject","inLanguage":"nl-NL","@id":"https:\/\/kuken.es\/producto\/cafetera-capsulas-20-bares-1400w-kuken\/#primaryimage","url":"https:\/\/kuken.es\/wp-content\/uploads\/8425160345358_01.jpg","contentUrl":"https:\/\/kuken.es\/wp-content\/uploads\/8425160345358_01.jpg","width":2000,"height":2000},{"@type":"BreadcrumbList","@id":"https:\/\/kuken.es\/producto\/cafetera-capsulas-20-bares-1400w-kuken\/#breadcrumb","itemListElement":[{"@type":"ListItem","position":1,"name":"Portada","item":"https:\/\/kuken.es\/"},{"@type":"ListItem","position":2,"name":"Productos","item":"https:\/\/kuken.es\/productos\/"},{"@type":"ListItem","position":3,"name":"CAFETERA DE C\u00c1PSULAS 20 BARES 1400W K\u00dcKEN"}]},{"@type":"WebSite","@id":"https:\/\/kuken.es\/#website","url":"https:\/\/kuken.es\/","name":"K\u00fcken","description":"Uitgebreid assortiment kleine huishoudelijke apparaten van k\u00fcken","publisher":{"@id":"https:\/\/kuken.es\/#organization"},"potentialAction":[{"@type":"SearchAction","target":{"@type":"EntryPoint","urlTemplate":"https:\/\/kuken.es\/?s={search_term_string}"},"query-input":{"@type":"PropertyValueSpecification","valueRequired":true,"valueName":"search_term_string"}}],"inLanguage":"nl-NL"},{"@type":"Organization","@id":"https:\/\/kuken.es\/#organization","name":"Alpha Dyser","url":"https:\/\/kuken.es\/","logo":{"@type":"ImageObject","inLanguage":"nl-NL","@id":"https:\/\/kuken.es\/#\/schema\/logo\/image\/","url":"https:\/\/kuken.es\/wp-content\/uploads\/2019\/04\/kuken-logo.png","contentUrl":"https:\/\/kuken.es\/wp-content\/uploads\/2019\/04\/kuken-logo.png","width":500,"height":191,"caption":"Alfa Dyser"},"image":{"@id":"https:\/\/kuken.es\/#\/schema\/logo\/image\/"},"sameAs":["https:\/\/es-es.facebook.com\/alfadyser\/","https:\/\/www.instagram.com\/kuken_appliances\/"]}]},"product_price_amount":"0.00","product_price_currency":"EUR","og_availability":"instock","product_availability":"instock","product_retailer_item_id":"34535","product_condition":"new"},"_links":{"self":[{"href":"https:\/\/kuken.es\/nl\/wp-json\/wp\/v2\/product\/12379","targetHints":{"allow":["GET"]}}],"collection":[{"href":"https:\/\/kuken.es\/nl\/wp-json\/wp\/v2\/product"}],"about":[{"href":"https:\/\/kuken.es\/nl\/wp-json\/wp\/v2\/types\/product"}],"wp:featuredmedia":[{"embeddable":true,"href":"https:\/\/kuken.es\/nl\/wp-json\/wp\/v2\/media\/12606"}],"wp:attachment":[{"href":"https:\/\/kuken.es\/nl\/wp-json\/wp\/v2\/media?parent=12379"}],"wp:term":[{"taxonomy":"product_brand","embeddable":true,"href":"https:\/\/kuken.es\/nl\/wp-json\/wp\/v2\/product_brand?post=12379"},{"taxonomy":"product_cat","embeddable":true,"href":"https:\/\/kuken.es\/nl\/wp-json\/wp\/v2\/product_cat?post=12379"},{"taxonomy":"product_tag","embeddable":true,"href":"https:\/\/kuken.es\/nl\/wp-json\/wp\/v2\/product_tag?post=12379"}],"curies":[{"name":"wp","href":"https:\/\/api.w.org\/{rel}","templated":true}]}}