{"id":12358,"date":"2025-05-29T13:02:19","date_gmt":"2025-05-29T11:02:19","guid":{"rendered":"https:\/\/kuken.es\/?post_type=product&#038;p=12358"},"modified":"2026-02-06T08:55:54","modified_gmt":"2026-02-06T07:55:54","slug":"hervidor-de-agua-kuken-1500w-satinado-18-litros","status":"publish","type":"product","link":"https:\/\/kuken.es\/nl\/product\/hervidor-de-agua-kuken-1500w-satinado-18-litros\/","title":{"rendered":"HERVIDOR AGUA KUKEN 1500W SATINADO 1,8 LITROS"},"content":{"rendered":"<p>HERVIDOR AGUA KUKEN 1500W SATINADO 1,8 LITROS<\/p>\n<ul>\n<li data-start=\"87\" data-end=\"175\">Hervidor de agua K\u00fcken con potencia de 1.500 W para un calentamiento r\u00e1pido y eficiente.<\/li>\n<li data-start=\"178\" data-end=\"254\">Acabado en acero inoxidable con efecto inox satinado, elegante y resistente.<\/li>\n<li data-start=\"257\" data-end=\"344\">Dep\u00f3sito con visor que permite un llenado preciso y un f\u00e1cil control del nivel de agua.<\/li>\n<li data-start=\"347\" data-end=\"401\">Capacidad m\u00e1xima de 1,8 litros, ideal para uso diario.<\/li>\n<li data-start=\"404\" data-end=\"489\">Interior y cuerpo fabricados en acero inoxidable de alta calidad y grado alimenticio.<\/li>\n<li data-start=\"492\" data-end=\"560\">Resistencia oculta que facilita la limpieza y mejora la durabilidad.<\/li>\n<li data-start=\"563\" data-end=\"636\">Mango de dise\u00f1o ergon\u00f3mico con tacto fr\u00edo y bot\u00f3n de encendido integrado.<\/li>\n<li data-start=\"639\" data-end=\"733\">Sistema de control mediante termostato con funci\u00f3n de apagado autom\u00e1tico para mayor seguridad.<\/li>\n<li data-start=\"736\" data-end=\"789\">Dep\u00f3sito equipado con filtro para un agua m\u00e1s limpia.<\/li>\n<li data-start=\"792\" data-end=\"850\">Tapa con pulsador de apertura para un uso c\u00f3modo y seguro.<\/li>\n<li data-start=\"853\" data-end=\"929\">Adecuado para calentar r\u00e1pidamente agua, t\u00e9, caf\u00e9 y otras bebidas calientes.<\/li>\n<\/ul>\n<p><div class=\"accordion\"><div class=\"mfn-acc accordion_wrapper  toggle\"><div class=\"question\"><div class=\"title\"><i class=\"icon-plus acc-icon-plus\" aria-hidden=\"true\"><\/i><i class=\"icon-minus acc-icon-minus\" aria-hidden=\"true\"><\/i>Productgegevens<\/div><div class=\"answer\">EAN 8425160345259<\/p>\n<p>HERVIDOR AGUA KUKEN 1500W SATINADO 1,8 LITROS<\/p>\n<p>Verpakkingseenheid 1<br \/>\nColor: Satinado<br \/>\nVerpakking Dooskleur<br \/>\nVermogen 1500 W<br \/>\nSpanning 230 V<br \/>\nCapacidad 1,8 Litros<br \/>\nMaat Medium<br \/>\nMaterial: Acero inoxidable<br \/>\nAntislipvoeten Ja<br \/>\nGewicht 1,12 kg<\/div><\/div>\n<\/div><\/div>\n<br \/>\n<div class=\"accordion\"><div class=\"mfn-acc accordion_wrapper  toggle\"><div class=\"question\"><div class=\"title\"><i class=\"icon-plus acc-icon-plus\" aria-hidden=\"true\"><\/i><i class=\"icon-minus acc-icon-minus\" aria-hidden=\"true\"><\/i>Accessoires<\/div><div class=\"answer\"><\/div><\/div>\n<\/div><\/div>\n<\/p>\n<div class=\"descargas-producto\"><img loading=\"lazy\" decoding=\"async\" src=\"\/wp-content\/uploads\/2019\/12\/picto-descarrega.png\" alt=\"gegevensblad downloaden\" width=\"23\" height=\"16\" \/><a href=\"https:\/\/kuken.es\/wp-content\/uploads\/8425160345259_ficha_tecnica.pdf\">Blad downloaden<\/a><\/p>\n<\/div>\n<div><\/div>\n<div><span style=\"color: #bf2121;\">Volg ons op sociale media!<\/span><\/div>\n<div><a href=\"https:\/\/www.instagram.com\/kuken_appliances\/\">https:\/\/www.instagram.com\/kuken_appliances\/<\/a><\/div>","protected":false},"excerpt":{"rendered":"<p data-start=\"598\" data-end=\"665\">Hervidor de agua\u00a0 de 1,8 litros de capacidad fabricado en acero inoxidable acabado satinado. Ideal para calentar agua r\u00e1pidamente y disfrutar de infusiones, caf\u00e9s y bebidas calientes.<\/p>","protected":false},"featured_media":12613,"template":"","meta":[],"product_brand":[],"product_cat":[46,38],"product_tag":[],"class_list":{"0":"post-12358","1":"product","2":"type-product","3":"status-publish","4":"has-post-thumbnail","6":"product_cat-hervidores-premium","7":"product_cat-premium","9":"first","10":"instock","11":"product-type-simple"},"yoast_head":"<!-- This site is optimized with the Yoast SEO Premium plugin v24.0 (Yoast SEO v26.5) - https:\/\/yoast.com\/wordpress\/plugins\/seo\/ -->\n<title>HERVIDOR AGUA KUKEN 1500W SATINADO 1,8 LITROS - K\u00fcken<\/title>\n<meta name=\"description\" content=\"Hervidor de agua k\u00fcken 1500w satinado con 1,8 litros de capacidad. Prepara infusiones o calienta agua para cocinar de manera m\u00e1s r\u00e1pida y f\u00e1cil.\" \/>\n<meta name=\"robots\" content=\"index, follow, max-snippet:-1, max-image-preview:large, max-video-preview:-1\" \/>\n<link rel=\"canonical\" href=\"https:\/\/kuken.es\/nl\/product\/hervidor-de-agua-kuken-1500w-satinado-18-litros\/\" \/>\n<meta property=\"og:locale\" content=\"nl_NL\" \/>\n<meta property=\"og:type\" content=\"article\" \/>\n<meta property=\"og:title\" content=\"HERVIDOR AGUA KUKEN 1500W SATINADO 1,8 LITROS\" \/>\n<meta property=\"og:description\" content=\"Hervidor de agua k\u00fcken 1500w satinado con 1,8 litros de capacidad. Prepara infusiones o calienta agua para cocinar de manera m\u00e1s r\u00e1pida y f\u00e1cil.\" \/>\n<meta property=\"og:url\" content=\"https:\/\/kuken.es\/nl\/product\/hervidor-de-agua-kuken-1500w-satinado-18-litros\/\" \/>\n<meta property=\"og:site_name\" content=\"K\u00fcken\" \/>\n<meta property=\"article:publisher\" content=\"https:\/\/es-es.facebook.com\/alfadyser\/\" \/>\n<meta property=\"article:modified_time\" content=\"2026-02-06T07:55:54+00:00\" \/>\n<meta property=\"og:image\" content=\"https:\/\/kuken.es\/wp-content\/uploads\/8425160345259_03.jpg\" \/>\n\t<meta property=\"og:image:width\" content=\"2000\" \/>\n\t<meta property=\"og:image:height\" content=\"2000\" \/>\n\t<meta property=\"og:image:type\" content=\"image\/jpeg\" \/>\n<meta name=\"twitter:card\" content=\"summary_large_image\" \/>\n<meta name=\"twitter:label1\" content=\"Prijs\" \/>\n\t<meta name=\"twitter:data1\" content=\"\" \/>\n\t<meta name=\"twitter:label2\" content=\"Beschikbaarheid\" \/>\n\t<meta name=\"twitter:data2\" content=\"Op voorraad\" \/>\n<script type=\"application\/ld+json\" class=\"yoast-schema-graph\">{\"@context\":\"https:\/\/schema.org\",\"@graph\":[{\"@type\":\"WebPage\",\"@id\":\"https:\/\/kuken.es\/producto\/hervidor-de-agua-kuken-1500w-satinado-18-litros\/\",\"url\":\"https:\/\/kuken.es\/producto\/hervidor-de-agua-kuken-1500w-satinado-18-litros\/\",\"name\":\"HERVIDOR AGUA KUKEN 1500W SATINADO 1,8 LITROS - K\u00fcken\",\"isPartOf\":{\"@id\":\"https:\/\/kuken.es\/#website\"},\"primaryImageOfPage\":{\"@id\":\"https:\/\/kuken.es\/producto\/hervidor-de-agua-kuken-1500w-satinado-18-litros\/#primaryimage\"},\"image\":{\"@id\":\"https:\/\/kuken.es\/producto\/hervidor-de-agua-kuken-1500w-satinado-18-litros\/#primaryimage\"},\"thumbnailUrl\":\"https:\/\/kuken.es\/wp-content\/uploads\/8425160345259_03.jpg\",\"datePublished\":\"2025-05-29T11:02:19+00:00\",\"dateModified\":\"2026-02-06T07:55:54+00:00\",\"description\":\"Hervidor de agua k\u00fcken 1500w satinado con 1,8 litros de capacidad. Prepara infusiones o calienta agua para cocinar de manera m\u00e1s r\u00e1pida y f\u00e1cil.\",\"breadcrumb\":{\"@id\":\"https:\/\/kuken.es\/producto\/hervidor-de-agua-kuken-1500w-satinado-18-litros\/#breadcrumb\"},\"inLanguage\":\"nl-NL\",\"potentialAction\":[{\"@type\":\"ReadAction\",\"target\":[\"https:\/\/kuken.es\/producto\/hervidor-de-agua-kuken-1500w-satinado-18-litros\/\"]}]},{\"@type\":\"ImageObject\",\"inLanguage\":\"nl-NL\",\"@id\":\"https:\/\/kuken.es\/producto\/hervidor-de-agua-kuken-1500w-satinado-18-litros\/#primaryimage\",\"url\":\"https:\/\/kuken.es\/wp-content\/uploads\/8425160345259_03.jpg\",\"contentUrl\":\"https:\/\/kuken.es\/wp-content\/uploads\/8425160345259_03.jpg\",\"width\":2000,\"height\":2000},{\"@type\":\"BreadcrumbList\",\"@id\":\"https:\/\/kuken.es\/producto\/hervidor-de-agua-kuken-1500w-satinado-18-litros\/#breadcrumb\",\"itemListElement\":[{\"@type\":\"ListItem\",\"position\":1,\"name\":\"Portada\",\"item\":\"https:\/\/kuken.es\/\"},{\"@type\":\"ListItem\",\"position\":2,\"name\":\"Productos\",\"item\":\"https:\/\/kuken.es\/productos\/\"},{\"@type\":\"ListItem\",\"position\":3,\"name\":\"HERVIDOR AGUA KUKEN 1500W SATINADO 1,8 LITROS\"}]},{\"@type\":\"WebSite\",\"@id\":\"https:\/\/kuken.es\/#website\",\"url\":\"https:\/\/kuken.es\/\",\"name\":\"K\u00fcken\",\"description\":\"Amplia gama de peque\u00f1o electrodom\u00e9stico k\u00fcken\",\"publisher\":{\"@id\":\"https:\/\/kuken.es\/#organization\"},\"potentialAction\":[{\"@type\":\"SearchAction\",\"target\":{\"@type\":\"EntryPoint\",\"urlTemplate\":\"https:\/\/kuken.es\/?s={search_term_string}\"},\"query-input\":{\"@type\":\"PropertyValueSpecification\",\"valueRequired\":true,\"valueName\":\"search_term_string\"}}],\"inLanguage\":\"nl-NL\"},{\"@type\":\"Organization\",\"@id\":\"https:\/\/kuken.es\/#organization\",\"name\":\"Alfa Dyser\",\"url\":\"https:\/\/kuken.es\/\",\"logo\":{\"@type\":\"ImageObject\",\"inLanguage\":\"nl-NL\",\"@id\":\"https:\/\/kuken.es\/#\/schema\/logo\/image\/\",\"url\":\"https:\/\/kuken.es\/wp-content\/uploads\/2019\/04\/kuken-logo.png\",\"contentUrl\":\"https:\/\/kuken.es\/wp-content\/uploads\/2019\/04\/kuken-logo.png\",\"width\":500,\"height\":191,\"caption\":\"Alfa Dyser\"},\"image\":{\"@id\":\"https:\/\/kuken.es\/#\/schema\/logo\/image\/\"},\"sameAs\":[\"https:\/\/es-es.facebook.com\/alfadyser\/\",\"https:\/\/www.instagram.com\/kuken_appliances\/\"]}]}<\/script>\n<meta property=\"product:price:amount\" content=\"0.00\" \/>\n<meta property=\"product:price:currency\" content=\"EUR\" \/>\n<meta property=\"og:availability\" content=\"instock\" \/>\n<meta property=\"product:availability\" content=\"instock\" \/>\n<meta property=\"product:retailer_item_id\" content=\"34525\" \/>\n<meta property=\"product:condition\" content=\"new\" \/>\n<!-- \/ Yoast SEO Premium plugin. -->","yoast_head_json":{"title":"HERVIDOR AGUA KUKEN 1500W SATINADO 1,8 LITROS - K\u00fcken","description":"Hervidor de agua k\u00fcken 1500w satinado con 1,8 litros de capacidad. Prepara infusiones o calienta agua para cocinar de manera m\u00e1s r\u00e1pida y f\u00e1cil.","robots":{"index":"index","follow":"follow","max-snippet":"max-snippet:-1","max-image-preview":"max-image-preview:large","max-video-preview":"max-video-preview:-1"},"canonical":"https:\/\/kuken.es\/nl\/product\/hervidor-de-agua-kuken-1500w-satinado-18-litros\/","og_locale":"nl_NL","og_type":"article","og_title":"HERVIDOR AGUA KUKEN 1500W SATINADO 1,8 LITROS","og_description":"Hervidor de agua k\u00fcken 1500w satinado con 1,8 litros de capacidad. Prepara infusiones o calienta agua para cocinar de manera m\u00e1s r\u00e1pida y f\u00e1cil.","og_url":"https:\/\/kuken.es\/nl\/product\/hervidor-de-agua-kuken-1500w-satinado-18-litros\/","og_site_name":"K\u00fcken","article_publisher":"https:\/\/es-es.facebook.com\/alfadyser\/","article_modified_time":"2026-02-06T07:55:54+00:00","og_image":[{"width":2000,"height":2000,"url":"https:\/\/kuken.es\/wp-content\/uploads\/8425160345259_03.jpg","type":"image\/jpeg"}],"twitter_card":"summary_large_image","twitter_misc":{"Prijs":"","Beschikbaarheid":"Op voorraad"},"schema":{"@context":"https:\/\/schema.org","@graph":[{"@type":"WebPage","@id":"https:\/\/kuken.es\/producto\/hervidor-de-agua-kuken-1500w-satinado-18-litros\/","url":"https:\/\/kuken.es\/producto\/hervidor-de-agua-kuken-1500w-satinado-18-litros\/","name":"HERVIDOR AGUA KUKEN 1500W SATINADO 1,8 LITROS - K\u00fcken","isPartOf":{"@id":"https:\/\/kuken.es\/#website"},"primaryImageOfPage":{"@id":"https:\/\/kuken.es\/producto\/hervidor-de-agua-kuken-1500w-satinado-18-litros\/#primaryimage"},"image":{"@id":"https:\/\/kuken.es\/producto\/hervidor-de-agua-kuken-1500w-satinado-18-litros\/#primaryimage"},"thumbnailUrl":"https:\/\/kuken.es\/wp-content\/uploads\/8425160345259_03.jpg","datePublished":"2025-05-29T11:02:19+00:00","dateModified":"2026-02-06T07:55:54+00:00","description":"Hervidor de agua k\u00fcken 1500w satinado con 1,8 litros de capacidad. Prepara infusiones o calienta agua para cocinar de manera m\u00e1s r\u00e1pida y f\u00e1cil.","breadcrumb":{"@id":"https:\/\/kuken.es\/producto\/hervidor-de-agua-kuken-1500w-satinado-18-litros\/#breadcrumb"},"inLanguage":"nl-NL","potentialAction":[{"@type":"ReadAction","target":["https:\/\/kuken.es\/producto\/hervidor-de-agua-kuken-1500w-satinado-18-litros\/"]}]},{"@type":"ImageObject","inLanguage":"nl-NL","@id":"https:\/\/kuken.es\/producto\/hervidor-de-agua-kuken-1500w-satinado-18-litros\/#primaryimage","url":"https:\/\/kuken.es\/wp-content\/uploads\/8425160345259_03.jpg","contentUrl":"https:\/\/kuken.es\/wp-content\/uploads\/8425160345259_03.jpg","width":2000,"height":2000},{"@type":"BreadcrumbList","@id":"https:\/\/kuken.es\/producto\/hervidor-de-agua-kuken-1500w-satinado-18-litros\/#breadcrumb","itemListElement":[{"@type":"ListItem","position":1,"name":"Portada","item":"https:\/\/kuken.es\/"},{"@type":"ListItem","position":2,"name":"Productos","item":"https:\/\/kuken.es\/productos\/"},{"@type":"ListItem","position":3,"name":"HERVIDOR AGUA KUKEN 1500W SATINADO 1,8 LITROS"}]},{"@type":"WebSite","@id":"https:\/\/kuken.es\/#website","url":"https:\/\/kuken.es\/","name":"K\u00fcken","description":"Uitgebreid assortiment kleine huishoudelijke apparaten van k\u00fcken","publisher":{"@id":"https:\/\/kuken.es\/#organization"},"potentialAction":[{"@type":"SearchAction","target":{"@type":"EntryPoint","urlTemplate":"https:\/\/kuken.es\/?s={search_term_string}"},"query-input":{"@type":"PropertyValueSpecification","valueRequired":true,"valueName":"search_term_string"}}],"inLanguage":"nl-NL"},{"@type":"Organization","@id":"https:\/\/kuken.es\/#organization","name":"Alpha Dyser","url":"https:\/\/kuken.es\/","logo":{"@type":"ImageObject","inLanguage":"nl-NL","@id":"https:\/\/kuken.es\/#\/schema\/logo\/image\/","url":"https:\/\/kuken.es\/wp-content\/uploads\/2019\/04\/kuken-logo.png","contentUrl":"https:\/\/kuken.es\/wp-content\/uploads\/2019\/04\/kuken-logo.png","width":500,"height":191,"caption":"Alfa Dyser"},"image":{"@id":"https:\/\/kuken.es\/#\/schema\/logo\/image\/"},"sameAs":["https:\/\/es-es.facebook.com\/alfadyser\/","https:\/\/www.instagram.com\/kuken_appliances\/"]}]},"product_price_amount":"0.00","product_price_currency":"EUR","og_availability":"instock","product_availability":"instock","product_retailer_item_id":"34525","product_condition":"new"},"_links":{"self":[{"href":"https:\/\/kuken.es\/nl\/wp-json\/wp\/v2\/product\/12358","targetHints":{"allow":["GET"]}}],"collection":[{"href":"https:\/\/kuken.es\/nl\/wp-json\/wp\/v2\/product"}],"about":[{"href":"https:\/\/kuken.es\/nl\/wp-json\/wp\/v2\/types\/product"}],"wp:featuredmedia":[{"embeddable":true,"href":"https:\/\/kuken.es\/nl\/wp-json\/wp\/v2\/media\/12613"}],"wp:attachment":[{"href":"https:\/\/kuken.es\/nl\/wp-json\/wp\/v2\/media?parent=12358"}],"wp:term":[{"taxonomy":"product_brand","embeddable":true,"href":"https:\/\/kuken.es\/nl\/wp-json\/wp\/v2\/product_brand?post=12358"},{"taxonomy":"product_cat","embeddable":true,"href":"https:\/\/kuken.es\/nl\/wp-json\/wp\/v2\/product_cat?post=12358"},{"taxonomy":"product_tag","embeddable":true,"href":"https:\/\/kuken.es\/nl\/wp-json\/wp\/v2\/product_tag?post=12358"}],"curies":[{"name":"wp","href":"https:\/\/api.w.org\/{rel}","templated":true}]}}