{"id":11686,"date":"2025-03-05T09:40:26","date_gmt":"2025-03-05T08:40:26","guid":{"rendered":"https:\/\/kuken.es\/?post_type=product&#038;p=11686"},"modified":"2026-02-09T07:58:38","modified_gmt":"2026-02-09T06:58:38","slug":"batidora-brazo-750w-kuken","status":"publish","type":"product","link":"https:\/\/kuken.es\/nl\/product\/batidora-brazo-750w-kuken\/","title":{"rendered":"BATIDORA BRAZO 750W KUKEN"},"content":{"rendered":"<p>BATIDORA BRAZO 750W K\u00dcKEN<\/p>\n<ul>\n<li data-start=\"194\" data-end=\"300\">Batidora de brazo K\u00fcken con potencia de 750 W, ideal para un rendimiento eficiente en el uso diario.<\/li>\n<li data-start=\"303\" data-end=\"375\">Cuerpo con acabado en color blanco, de dise\u00f1o sencillo y elegante.<\/li>\n<li data-start=\"378\" data-end=\"461\">Brazo extra\u00edble fabricado en acero inoxidable, resistente y f\u00e1cil de limpiar.<\/li>\n<li data-start=\"464\" data-end=\"558\">Engranaje interior met\u00e1lico, que garantiza mayor durabilidad y un funcionamiento fiable.<\/li>\n<li data-start=\"561\" data-end=\"666\">Cuchillas de acero inoxidable de alta calidad, dise\u00f1adas para lograr mezclas homog\u00e9neas y precisas.<\/li>\n<li data-start=\"669\" data-end=\"717\">Incorpora dos velocidades de funcionamiento:<\/li>\n<li data-start=\"722\" data-end=\"781\">Pulsador I: velocidad graduada para un mayor control.<\/li>\n<li data-start=\"786\" data-end=\"863\">Pulsador II (Turbo): m\u00e1xima potencia para triturar alimentos m\u00e1s duros.<\/li>\n<li data-start=\"866\" data-end=\"955\">Mango ergon\u00f3mico, pensado para ofrecer una sujeci\u00f3n c\u00f3moda y segura durante el uso.<\/li>\n<li data-start=\"958\" data-end=\"1049\">Batidor desmontable, apto para lavavajillas, facilita la limpieza y el mantenimiento.<\/li>\n<li data-start=\"1052\" data-end=\"1133\">Incluye gancho colgador, pr\u00e1ctico para su almacenamiento y ahorro de espacio.<\/li>\n<\/ul>\n<div class=\"accordion\"><div class=\"mfn-acc accordion_wrapper  toggle\"><div class=\"question\"><div class=\"title\"><i class=\"icon-plus acc-icon-plus\" aria-hidden=\"true\"><\/i><i class=\"icon-minus acc-icon-minus\" aria-hidden=\"true\"><\/i>Productgegevens<\/div><div class=\"answer\">EAN 8425160345150<br \/>\nBATIDORA BRAZO 750W K\u00dcKEN<br \/>\nVerpakkingseenheid: 1<br \/>\nKleur: Wit<br \/>\nEmbalaje: Caja Color<br \/>\nPotencia: 750W<br \/>\nSpanning: 220 - 240 V ~ 50 Hz.<br \/>\nMaterial: Pc<br \/>\n<\/div><\/div>\n<\/div><\/div>\n\n<div class=\"descargas-producto\"><img loading=\"lazy\" decoding=\"async\" src=\"\/wp-content\/uploads\/2019\/12\/picto-descarrega.png\" alt=\"gegevensblad downloaden\" width=\"23\" height=\"16\" \/><a href=\"https:\/\/kuken.es\/wp-content\/uploads\/8425160345150_ficha_tecnica.pdf\">Blad downloaden<\/a><br \/>\n<img loading=\"lazy\" decoding=\"async\" src=\"\/wp-content\/uploads\/2019\/12\/picto-descarrega.png\" alt=\"handleiding downloaden\" width=\"23\" height=\"16\" \/><a href=\"https:\/\/kuken.es\/wp-content\/uploads\/34515_manual-de-instrucciones_compressed.pdf\">Handleiding downloaden<\/a><\/div>\n<div><\/div>\n<div>\n<div><span style=\"color: #bf2121;\">Volg ons op sociale media!<\/span><\/div>\n<div><a href=\"https:\/\/www.instagram.com\/kuken_appliances\/\">https:\/\/www.instagram.com\/kuken_appliances\/<\/a><\/div>\n<div><\/div>\n<\/div>","protected":false},"excerpt":{"rendered":"<p>Batidora de brazo K\u00fcken de 750 W con brazo desmontable y cuchillas de acero inoxidable. Cuenta con dos velocidades, funci\u00f3n Turbo y mango ergon\u00f3mico para un uso c\u00f3modo y eficaz. Dise\u00f1o pr\u00e1ctico, resistente y f\u00e1cil de limpiar.<\/p>","protected":false},"featured_media":12663,"template":"","meta":[],"product_brand":[],"product_cat":[107],"product_tag":[],"class_list":{"0":"post-11686","1":"product","2":"type-product","3":"status-publish","4":"has-post-thumbnail","6":"product_cat-batidoras-premium","8":"first","9":"instock","10":"shipping-taxable","11":"product-type-simple"},"yoast_head":"<!-- This site is optimized with the Yoast SEO Premium plugin v24.0 (Yoast SEO v26.5) - https:\/\/yoast.com\/wordpress\/plugins\/seo\/ -->\n<title>BATIDORA BRAZO 750W KUKEN - K\u00fcken<\/title>\n<meta name=\"description\" content=\"Batidora de brazo con 750w de potencia. Con un dise\u00f1o ergon\u00f3mico y manejable . Descubre la batidora de brazo en la web de k\u00fcken.\" \/>\n<meta name=\"robots\" content=\"index, follow, max-snippet:-1, max-image-preview:large, max-video-preview:-1\" \/>\n<link rel=\"canonical\" href=\"https:\/\/kuken.es\/nl\/product\/batidora-brazo-750w-kuken\/\" \/>\n<meta property=\"og:locale\" content=\"nl_NL\" \/>\n<meta property=\"og:type\" content=\"article\" \/>\n<meta property=\"og:title\" content=\"BATIDORA BRAZO 750W KUKEN\" \/>\n<meta property=\"og:description\" content=\"Batidora de brazo con 750w de potencia. Con un dise\u00f1o ergon\u00f3mico y manejable . Descubre la batidora de brazo en la web de k\u00fcken.\" \/>\n<meta property=\"og:url\" content=\"https:\/\/kuken.es\/nl\/product\/batidora-brazo-750w-kuken\/\" \/>\n<meta property=\"og:site_name\" content=\"K\u00fcken\" \/>\n<meta property=\"article:publisher\" content=\"https:\/\/es-es.facebook.com\/alfadyser\/\" \/>\n<meta property=\"article:modified_time\" content=\"2026-02-09T06:58:38+00:00\" \/>\n<meta property=\"og:image\" content=\"https:\/\/kuken.es\/wp-content\/uploads\/8425160345150_01-1.jpg\" \/>\n\t<meta property=\"og:image:width\" content=\"2000\" \/>\n\t<meta property=\"og:image:height\" content=\"2000\" \/>\n\t<meta property=\"og:image:type\" content=\"image\/jpeg\" \/>\n<meta name=\"twitter:card\" content=\"summary_large_image\" \/>\n<meta name=\"twitter:label1\" content=\"Prijs\" \/>\n\t<meta name=\"twitter:data1\" content=\"\" \/>\n\t<meta name=\"twitter:label2\" content=\"Beschikbaarheid\" \/>\n\t<meta name=\"twitter:data2\" content=\"Op voorraad\" \/>\n<script type=\"application\/ld+json\" class=\"yoast-schema-graph\">{\"@context\":\"https:\/\/schema.org\",\"@graph\":[{\"@type\":\"WebPage\",\"@id\":\"https:\/\/kuken.es\/producto\/batidora-brazo-750w-kuken\/\",\"url\":\"https:\/\/kuken.es\/producto\/batidora-brazo-750w-kuken\/\",\"name\":\"BATIDORA BRAZO 750W KUKEN - K\u00fcken\",\"isPartOf\":{\"@id\":\"https:\/\/kuken.es\/#website\"},\"primaryImageOfPage\":{\"@id\":\"https:\/\/kuken.es\/producto\/batidora-brazo-750w-kuken\/#primaryimage\"},\"image\":{\"@id\":\"https:\/\/kuken.es\/producto\/batidora-brazo-750w-kuken\/#primaryimage\"},\"thumbnailUrl\":\"https:\/\/kuken.es\/wp-content\/uploads\/8425160345150_01-1.jpg\",\"datePublished\":\"2025-03-05T08:40:26+00:00\",\"dateModified\":\"2026-02-09T06:58:38+00:00\",\"description\":\"Batidora de brazo con 750w de potencia. Con un dise\u00f1o ergon\u00f3mico y manejable . Descubre la batidora de brazo en la web de k\u00fcken.\",\"breadcrumb\":{\"@id\":\"https:\/\/kuken.es\/producto\/batidora-brazo-750w-kuken\/#breadcrumb\"},\"inLanguage\":\"nl-NL\",\"potentialAction\":[{\"@type\":\"ReadAction\",\"target\":[\"https:\/\/kuken.es\/producto\/batidora-brazo-750w-kuken\/\"]}]},{\"@type\":\"ImageObject\",\"inLanguage\":\"nl-NL\",\"@id\":\"https:\/\/kuken.es\/producto\/batidora-brazo-750w-kuken\/#primaryimage\",\"url\":\"https:\/\/kuken.es\/wp-content\/uploads\/8425160345150_01-1.jpg\",\"contentUrl\":\"https:\/\/kuken.es\/wp-content\/uploads\/8425160345150_01-1.jpg\",\"width\":2000,\"height\":2000},{\"@type\":\"BreadcrumbList\",\"@id\":\"https:\/\/kuken.es\/producto\/batidora-brazo-750w-kuken\/#breadcrumb\",\"itemListElement\":[{\"@type\":\"ListItem\",\"position\":1,\"name\":\"Portada\",\"item\":\"https:\/\/kuken.es\/\"},{\"@type\":\"ListItem\",\"position\":2,\"name\":\"Productos\",\"item\":\"https:\/\/kuken.es\/productos\/\"},{\"@type\":\"ListItem\",\"position\":3,\"name\":\"BATIDORA BRAZO 750W KUKEN\"}]},{\"@type\":\"WebSite\",\"@id\":\"https:\/\/kuken.es\/#website\",\"url\":\"https:\/\/kuken.es\/\",\"name\":\"K\u00fcken\",\"description\":\"Amplia gama de peque\u00f1o electrodom\u00e9stico k\u00fcken\",\"publisher\":{\"@id\":\"https:\/\/kuken.es\/#organization\"},\"potentialAction\":[{\"@type\":\"SearchAction\",\"target\":{\"@type\":\"EntryPoint\",\"urlTemplate\":\"https:\/\/kuken.es\/?s={search_term_string}\"},\"query-input\":{\"@type\":\"PropertyValueSpecification\",\"valueRequired\":true,\"valueName\":\"search_term_string\"}}],\"inLanguage\":\"nl-NL\"},{\"@type\":\"Organization\",\"@id\":\"https:\/\/kuken.es\/#organization\",\"name\":\"Alfa Dyser\",\"url\":\"https:\/\/kuken.es\/\",\"logo\":{\"@type\":\"ImageObject\",\"inLanguage\":\"nl-NL\",\"@id\":\"https:\/\/kuken.es\/#\/schema\/logo\/image\/\",\"url\":\"https:\/\/kuken.es\/wp-content\/uploads\/2019\/04\/kuken-logo.png\",\"contentUrl\":\"https:\/\/kuken.es\/wp-content\/uploads\/2019\/04\/kuken-logo.png\",\"width\":500,\"height\":191,\"caption\":\"Alfa Dyser\"},\"image\":{\"@id\":\"https:\/\/kuken.es\/#\/schema\/logo\/image\/\"},\"sameAs\":[\"https:\/\/es-es.facebook.com\/alfadyser\/\",\"https:\/\/www.instagram.com\/kuken_appliances\/\"]}]}<\/script>\n<meta property=\"product:price:amount\" content=\"0.00\" \/>\n<meta property=\"product:price:currency\" content=\"EUR\" \/>\n<meta property=\"og:availability\" content=\"instock\" \/>\n<meta property=\"product:availability\" content=\"instock\" \/>\n<meta property=\"product:retailer_item_id\" content=\"34515\" \/>\n<meta property=\"product:condition\" content=\"new\" \/>\n<!-- \/ Yoast SEO Premium plugin. -->","yoast_head_json":{"title":"BATIDORA BRAZO 750W KUKEN - K\u00fcken","description":"Batidora de brazo con 750w de potencia. Con un dise\u00f1o ergon\u00f3mico y manejable . Descubre la batidora de brazo en la web de k\u00fcken.","robots":{"index":"index","follow":"follow","max-snippet":"max-snippet:-1","max-image-preview":"max-image-preview:large","max-video-preview":"max-video-preview:-1"},"canonical":"https:\/\/kuken.es\/nl\/product\/batidora-brazo-750w-kuken\/","og_locale":"nl_NL","og_type":"article","og_title":"BATIDORA BRAZO 750W KUKEN","og_description":"Batidora de brazo con 750w de potencia. Con un dise\u00f1o ergon\u00f3mico y manejable . Descubre la batidora de brazo en la web de k\u00fcken.","og_url":"https:\/\/kuken.es\/nl\/product\/batidora-brazo-750w-kuken\/","og_site_name":"K\u00fcken","article_publisher":"https:\/\/es-es.facebook.com\/alfadyser\/","article_modified_time":"2026-02-09T06:58:38+00:00","og_image":[{"width":2000,"height":2000,"url":"https:\/\/kuken.es\/wp-content\/uploads\/8425160345150_01-1.jpg","type":"image\/jpeg"}],"twitter_card":"summary_large_image","twitter_misc":{"Prijs":"","Beschikbaarheid":"Op voorraad"},"schema":{"@context":"https:\/\/schema.org","@graph":[{"@type":"WebPage","@id":"https:\/\/kuken.es\/producto\/batidora-brazo-750w-kuken\/","url":"https:\/\/kuken.es\/producto\/batidora-brazo-750w-kuken\/","name":"BATIDORA BRAZO 750W KUKEN - K\u00fcken","isPartOf":{"@id":"https:\/\/kuken.es\/#website"},"primaryImageOfPage":{"@id":"https:\/\/kuken.es\/producto\/batidora-brazo-750w-kuken\/#primaryimage"},"image":{"@id":"https:\/\/kuken.es\/producto\/batidora-brazo-750w-kuken\/#primaryimage"},"thumbnailUrl":"https:\/\/kuken.es\/wp-content\/uploads\/8425160345150_01-1.jpg","datePublished":"2025-03-05T08:40:26+00:00","dateModified":"2026-02-09T06:58:38+00:00","description":"Batidora de brazo con 750w de potencia. Con un dise\u00f1o ergon\u00f3mico y manejable . Descubre la batidora de brazo en la web de k\u00fcken.","breadcrumb":{"@id":"https:\/\/kuken.es\/producto\/batidora-brazo-750w-kuken\/#breadcrumb"},"inLanguage":"nl-NL","potentialAction":[{"@type":"ReadAction","target":["https:\/\/kuken.es\/producto\/batidora-brazo-750w-kuken\/"]}]},{"@type":"ImageObject","inLanguage":"nl-NL","@id":"https:\/\/kuken.es\/producto\/batidora-brazo-750w-kuken\/#primaryimage","url":"https:\/\/kuken.es\/wp-content\/uploads\/8425160345150_01-1.jpg","contentUrl":"https:\/\/kuken.es\/wp-content\/uploads\/8425160345150_01-1.jpg","width":2000,"height":2000},{"@type":"BreadcrumbList","@id":"https:\/\/kuken.es\/producto\/batidora-brazo-750w-kuken\/#breadcrumb","itemListElement":[{"@type":"ListItem","position":1,"name":"Portada","item":"https:\/\/kuken.es\/"},{"@type":"ListItem","position":2,"name":"Productos","item":"https:\/\/kuken.es\/productos\/"},{"@type":"ListItem","position":3,"name":"BATIDORA BRAZO 750W KUKEN"}]},{"@type":"WebSite","@id":"https:\/\/kuken.es\/#website","url":"https:\/\/kuken.es\/","name":"K\u00fcken","description":"Uitgebreid assortiment kleine huishoudelijke apparaten van k\u00fcken","publisher":{"@id":"https:\/\/kuken.es\/#organization"},"potentialAction":[{"@type":"SearchAction","target":{"@type":"EntryPoint","urlTemplate":"https:\/\/kuken.es\/?s={search_term_string}"},"query-input":{"@type":"PropertyValueSpecification","valueRequired":true,"valueName":"search_term_string"}}],"inLanguage":"nl-NL"},{"@type":"Organization","@id":"https:\/\/kuken.es\/#organization","name":"Alpha Dyser","url":"https:\/\/kuken.es\/","logo":{"@type":"ImageObject","inLanguage":"nl-NL","@id":"https:\/\/kuken.es\/#\/schema\/logo\/image\/","url":"https:\/\/kuken.es\/wp-content\/uploads\/2019\/04\/kuken-logo.png","contentUrl":"https:\/\/kuken.es\/wp-content\/uploads\/2019\/04\/kuken-logo.png","width":500,"height":191,"caption":"Alfa Dyser"},"image":{"@id":"https:\/\/kuken.es\/#\/schema\/logo\/image\/"},"sameAs":["https:\/\/es-es.facebook.com\/alfadyser\/","https:\/\/www.instagram.com\/kuken_appliances\/"]}]},"product_price_amount":"0.00","product_price_currency":"EUR","og_availability":"instock","product_availability":"instock","product_retailer_item_id":"34515","product_condition":"new"},"_links":{"self":[{"href":"https:\/\/kuken.es\/nl\/wp-json\/wp\/v2\/product\/11686","targetHints":{"allow":["GET"]}}],"collection":[{"href":"https:\/\/kuken.es\/nl\/wp-json\/wp\/v2\/product"}],"about":[{"href":"https:\/\/kuken.es\/nl\/wp-json\/wp\/v2\/types\/product"}],"wp:featuredmedia":[{"embeddable":true,"href":"https:\/\/kuken.es\/nl\/wp-json\/wp\/v2\/media\/12663"}],"wp:attachment":[{"href":"https:\/\/kuken.es\/nl\/wp-json\/wp\/v2\/media?parent=11686"}],"wp:term":[{"taxonomy":"product_brand","embeddable":true,"href":"https:\/\/kuken.es\/nl\/wp-json\/wp\/v2\/product_brand?post=11686"},{"taxonomy":"product_cat","embeddable":true,"href":"https:\/\/kuken.es\/nl\/wp-json\/wp\/v2\/product_cat?post=11686"},{"taxonomy":"product_tag","embeddable":true,"href":"https:\/\/kuken.es\/nl\/wp-json\/wp\/v2\/product_tag?post=11686"}],"curies":[{"name":"wp","href":"https:\/\/api.w.org\/{rel}","templated":true}]}}