{"id":10848,"date":"2023-12-21T14:01:23","date_gmt":"2023-12-21T13:01:23","guid":{"rendered":"https:\/\/kuken.es\/?post_type=product&#038;p=10848"},"modified":"2025-06-02T14:00:27","modified_gmt":"2025-06-02T12:00:27","slug":"kuken-analoge-wekker-wit","status":"publish","type":"product","link":"https:\/\/kuken.es\/nl\/product\/kuken-analoge-wekker-wit\/","title":{"rendered":"K\u00dcKEN ANALOGE WEKKER WIT"},"content":{"rendered":"<p>K\u00dcKEN ANALOGE WEKKER WIT<\/p>\n<ul data-start=\"757\" data-end=\"1441\">\n<li class=\"\" data-start=\"757\" data-end=\"830\">\n<p class=\"\" data-start=\"759\" data-end=\"830\">Mecanismo de cuarzo, ofrece precisi\u00f3n y funcionamiento confiable.<\/p>\n<\/li>\n<li class=\"\" data-start=\"831\" data-end=\"900\">\n<p class=\"\" data-start=\"833\" data-end=\"900\">Funci\u00f3n alarma\/despertador, ideal para el d\u00eda a d\u00eda o viajes.<\/p>\n<\/li>\n<li class=\"\" data-start=\"901\" data-end=\"967\">\n<p class=\"\" data-start=\"903\" data-end=\"967\">Dise\u00f1o compacto y elegante, se adapta a cualquier espacio.<\/p>\n<\/li>\n<li class=\"\" data-start=\"968\" data-end=\"1044\">\n<p class=\"\" data-start=\"970\" data-end=\"1044\">Acabado en color blanco, limpio y vers\u00e1til para distintos ambientes.<\/p>\n<\/li>\n<li class=\"\" data-start=\"1045\" data-end=\"1111\">\n<p class=\"\" data-start=\"1047\" data-end=\"1111\">N\u00fameros negros grandes, f\u00e1cil lectura incluso a distancia.<\/p>\n<\/li>\n<li class=\"\" data-start=\"1112\" data-end=\"1177\">\n<p class=\"\" data-start=\"1114\" data-end=\"1177\">Agujas reflectantes, visibles en condiciones de poca luz.<\/p>\n<\/li>\n<li class=\"\" data-start=\"1178\" data-end=\"1235\">\n<p class=\"\" data-start=\"1180\" data-end=\"1235\">Indicador de temperatura digital, \u00fatil y moderno.<\/p>\n<\/li>\n<li class=\"\" data-start=\"1236\" data-end=\"1290\">\n<p class=\"\" data-start=\"1238\" data-end=\"1290\">Carcasa de ABS, resistente, ligera y duradera.<\/p>\n<\/li>\n<li class=\"\" data-start=\"1291\" data-end=\"1344\">\n<p class=\"\" data-start=\"1293\" data-end=\"1344\">Medidas: 82 \u00d7 82 \u00d7 38 mm \u2013 Peso: 0,11 kg.<\/p>\n<\/li>\n<li class=\"\" data-start=\"1345\" data-end=\"1390\">\n<p class=\"\" data-start=\"1347\" data-end=\"1390\">Funciona con 1 pila AA (no incluida).<\/p>\n<\/li>\n<li class=\"\" data-start=\"1391\" data-end=\"1441\">\n<p class=\"\" data-start=\"1393\" data-end=\"1441\">3 a\u00f1os de garant\u00eda, respaldo de confianza.<\/p>\n<\/li>\n<\/ul>\n<p><div class=\"accordion\"><div class=\"mfn-acc accordion_wrapper  toggle\"><div class=\"question\"><div class=\"title\"><i class=\"icon-plus acc-icon-plus\" aria-hidden=\"true\"><\/i><i class=\"icon-minus acc-icon-minus\" aria-hidden=\"true\"><\/i>Productgegevens<\/div><div class=\"answer\"><\/p>\n<p>K\u00dcKEN ANALOGE WEKKER WIT<\/p>\n<p>EAN 8425160332648<br \/>\nVerpakkingseenheid 1<br \/>\nKleur Wit<br \/>\nEmbalaje Caja Color<br \/>\nGroot formaat<br \/>\nDimensiones 82x82x38 mm.<br \/>\nMateriaal Kunststof<br \/>\nWerkt op batterijen Ja<br \/>\nIncluye pilas No<\/p>\n<p><\/div><\/div>\n<\/div><\/div>\n<div class=\"accordion\"><div class=\"mfn-acc accordion_wrapper  toggle\"><div class=\"question\"><div class=\"title\"><i class=\"icon-plus acc-icon-plus\" aria-hidden=\"true\"><\/i><i class=\"icon-minus acc-icon-minus\" aria-hidden=\"true\"><\/i>Accessoires<\/div><div class=\"answer\"><\/div><\/div>\n<\/div><\/div>\n<\/p>\n<div class=\"descargas-producto\"><img loading=\"lazy\" decoding=\"async\" src=\"\/wp-content\/uploads\/2019\/12\/picto-descarrega.png\" alt=\"gegevensblad downloaden\" width=\"23\" height=\"16\" \/><a href=\"https:\/\/kuken.es\/wp-content\/uploads\/33016_33264_ficha_tecnica.pdf\">Blad downloaden<\/a><br \/>\n<img loading=\"lazy\" decoding=\"async\" src=\"\/wp-content\/uploads\/2019\/12\/picto-descarrega.png\" alt=\"handleiding downloaden\" width=\"23\" height=\"16\" \/>Handleiding downloaden<\/div>\n<div><\/div>\n<div><span style=\"color: #bf2121\">Volg ons op sociale media!<\/span><\/div>\n<div><a href=\"https:\/\/www.instagram.com\/kuken_appliances\/\">https:\/\/www.instagram.com\/kuken_appliances\/<\/a><\/div>\n<div><\/div>\n<div>\n<p><iframe loading=\"lazy\" title=\"Reloj anal\u00f3gico k\u00fcken alarma blanco\" width=\"560\" height=\"315\" src=\"https:\/\/www.youtube.com\/embed\/faYCKa9gPD8?feature=oembed\" frameborder=\"0\" allow=\"accelerometer; autoplay; clipboard-write; encrypted-media; gyroscope; picture-in-picture; web-share\" referrerpolicy=\"strict-origin-when-cross-origin\" allowfullscreen><\/iframe><\/p>\n<\/div>","protected":false},"excerpt":{"rendered":"<p class=\"\" data-start=\"527\" data-end=\"686\">Dise\u00f1o compacto y funcional con alarma, lectura clara y temperatura digital. Perfecto para mesitas, oficinas o llevar de viaje. Preciso, elegante y silencioso.<\/p>","protected":false},"featured_media":10849,"template":"","meta":[],"product_brand":[],"product_cat":[38,70],"product_tag":[],"class_list":{"0":"post-10848","1":"product","2":"type-product","3":"status-publish","4":"has-post-thumbnail","6":"product_cat-premium","7":"product_cat-relojes-premium","9":"first","10":"instock","11":"product-type-simple"},"yoast_head":"<!-- This site is optimized with the Yoast SEO Premium plugin v24.0 (Yoast SEO v26.5) - https:\/\/yoast.com\/wordpress\/plugins\/seo\/ -->\n<title>RELOJ ANAL\u00d3GICO DESPERTADOR K\u00dcKEN BLANCO - K\u00fcken<\/title>\n<meta name=\"description\" content=\"Reloj anal\u00f3gico despertador K\u00dcKEN blanco, con alarma, temperatura digital y agujas reflectantes. Compacto, preciso y con dise\u00f1o elegante. Garant\u00eda incluida.\" \/>\n<meta name=\"robots\" content=\"index, follow, max-snippet:-1, max-image-preview:large, max-video-preview:-1\" \/>\n<link rel=\"canonical\" href=\"https:\/\/kuken.es\/nl\/product\/kuken-analoge-wekker-wit\/\" \/>\n<meta property=\"og:locale\" content=\"nl_NL\" \/>\n<meta property=\"og:type\" content=\"article\" \/>\n<meta property=\"og:title\" content=\"RELOJ ANAL\u00d3GICO DESPERTADOR K\u00dcKEN BLANCO\" \/>\n<meta property=\"og:description\" content=\"Reloj anal\u00f3gico despertador K\u00dcKEN blanco, con alarma, temperatura digital y agujas reflectantes. Compacto, preciso y con dise\u00f1o elegante. Garant\u00eda incluida.\" \/>\n<meta property=\"og:url\" content=\"https:\/\/kuken.es\/nl\/product\/kuken-analoge-wekker-wit\/\" \/>\n<meta property=\"og:site_name\" content=\"K\u00fcken\" \/>\n<meta property=\"article:publisher\" content=\"https:\/\/es-es.facebook.com\/alfadyser\/\" \/>\n<meta property=\"article:modified_time\" content=\"2025-06-02T12:00:27+00:00\" \/>\n<meta property=\"og:image\" content=\"https:\/\/kuken.es\/wp-content\/uploads\/8425160332648_01.jpg\" \/>\n\t<meta property=\"og:image:width\" content=\"2000\" \/>\n\t<meta property=\"og:image:height\" content=\"2000\" \/>\n\t<meta property=\"og:image:type\" content=\"image\/jpeg\" \/>\n<meta name=\"twitter:card\" content=\"summary_large_image\" \/>\n<meta name=\"twitter:label1\" content=\"Prijs\" \/>\n\t<meta name=\"twitter:data1\" content=\"\" \/>\n\t<meta name=\"twitter:label2\" content=\"Beschikbaarheid\" \/>\n\t<meta name=\"twitter:data2\" content=\"Op voorraad\" \/>\n<script type=\"application\/ld+json\" class=\"yoast-schema-graph\">{\"@context\":\"https:\/\/schema.org\",\"@graph\":[{\"@type\":\"WebPage\",\"@id\":\"https:\/\/kuken.es\/producto\/reloj-analogico-despertador-kuken-blanco\/\",\"url\":\"https:\/\/kuken.es\/producto\/reloj-analogico-despertador-kuken-blanco\/\",\"name\":\"RELOJ ANAL\u00d3GICO DESPERTADOR K\u00dcKEN BLANCO - K\u00fcken\",\"isPartOf\":{\"@id\":\"https:\/\/kuken.es\/#website\"},\"primaryImageOfPage\":{\"@id\":\"https:\/\/kuken.es\/producto\/reloj-analogico-despertador-kuken-blanco\/#primaryimage\"},\"image\":{\"@id\":\"https:\/\/kuken.es\/producto\/reloj-analogico-despertador-kuken-blanco\/#primaryimage\"},\"thumbnailUrl\":\"https:\/\/kuken.es\/wp-content\/uploads\/8425160332648_01.jpg\",\"datePublished\":\"2023-12-21T13:01:23+00:00\",\"dateModified\":\"2025-06-02T12:00:27+00:00\",\"description\":\"Reloj anal\u00f3gico despertador K\u00dcKEN blanco, con alarma, temperatura digital y agujas reflectantes. Compacto, preciso y con dise\u00f1o elegante. Garant\u00eda incluida.\",\"breadcrumb\":{\"@id\":\"https:\/\/kuken.es\/producto\/reloj-analogico-despertador-kuken-blanco\/#breadcrumb\"},\"inLanguage\":\"nl-NL\",\"potentialAction\":[{\"@type\":\"ReadAction\",\"target\":[\"https:\/\/kuken.es\/producto\/reloj-analogico-despertador-kuken-blanco\/\"]}]},{\"@type\":\"ImageObject\",\"inLanguage\":\"nl-NL\",\"@id\":\"https:\/\/kuken.es\/producto\/reloj-analogico-despertador-kuken-blanco\/#primaryimage\",\"url\":\"https:\/\/kuken.es\/wp-content\/uploads\/8425160332648_01.jpg\",\"contentUrl\":\"https:\/\/kuken.es\/wp-content\/uploads\/8425160332648_01.jpg\",\"width\":2000,\"height\":2000},{\"@type\":\"BreadcrumbList\",\"@id\":\"https:\/\/kuken.es\/producto\/reloj-analogico-despertador-kuken-blanco\/#breadcrumb\",\"itemListElement\":[{\"@type\":\"ListItem\",\"position\":1,\"name\":\"Portada\",\"item\":\"https:\/\/kuken.es\/\"},{\"@type\":\"ListItem\",\"position\":2,\"name\":\"Productos\",\"item\":\"https:\/\/kuken.es\/productos\/\"},{\"@type\":\"ListItem\",\"position\":3,\"name\":\"RELOJ ANAL\u00d3GICO DESPERTADOR K\u00dcKEN BLANCO\"}]},{\"@type\":\"WebSite\",\"@id\":\"https:\/\/kuken.es\/#website\",\"url\":\"https:\/\/kuken.es\/\",\"name\":\"K\u00fcken\",\"description\":\"Amplia gama de peque\u00f1o electrodom\u00e9stico k\u00fcken\",\"publisher\":{\"@id\":\"https:\/\/kuken.es\/#organization\"},\"potentialAction\":[{\"@type\":\"SearchAction\",\"target\":{\"@type\":\"EntryPoint\",\"urlTemplate\":\"https:\/\/kuken.es\/?s={search_term_string}\"},\"query-input\":{\"@type\":\"PropertyValueSpecification\",\"valueRequired\":true,\"valueName\":\"search_term_string\"}}],\"inLanguage\":\"nl-NL\"},{\"@type\":\"Organization\",\"@id\":\"https:\/\/kuken.es\/#organization\",\"name\":\"Alfa Dyser\",\"url\":\"https:\/\/kuken.es\/\",\"logo\":{\"@type\":\"ImageObject\",\"inLanguage\":\"nl-NL\",\"@id\":\"https:\/\/kuken.es\/#\/schema\/logo\/image\/\",\"url\":\"https:\/\/kuken.es\/wp-content\/uploads\/2019\/04\/kuken-logo.png\",\"contentUrl\":\"https:\/\/kuken.es\/wp-content\/uploads\/2019\/04\/kuken-logo.png\",\"width\":500,\"height\":191,\"caption\":\"Alfa Dyser\"},\"image\":{\"@id\":\"https:\/\/kuken.es\/#\/schema\/logo\/image\/\"},\"sameAs\":[\"https:\/\/es-es.facebook.com\/alfadyser\/\",\"https:\/\/www.instagram.com\/kuken_appliances\/\"]}]}<\/script>\n<meta property=\"product:price:amount\" content=\"0.00\" \/>\n<meta property=\"product:price:currency\" content=\"EUR\" \/>\n<meta property=\"og:availability\" content=\"instock\" \/>\n<meta property=\"product:availability\" content=\"instock\" \/>\n<meta property=\"product:retailer_item_id\" content=\"33264\" \/>\n<meta property=\"product:condition\" content=\"new\" \/>\n<!-- \/ Yoast SEO Premium plugin. -->","yoast_head_json":{"title":"K\u00dcKEN ANALOGE WEKKER WIT - K\u00fcken","description":"Reloj anal\u00f3gico despertador K\u00dcKEN blanco, con alarma, temperatura digital y agujas reflectantes. Compacto, preciso y con dise\u00f1o elegante. Garant\u00eda incluida.","robots":{"index":"index","follow":"follow","max-snippet":"max-snippet:-1","max-image-preview":"max-image-preview:large","max-video-preview":"max-video-preview:-1"},"canonical":"https:\/\/kuken.es\/nl\/product\/kuken-analoge-wekker-wit\/","og_locale":"nl_NL","og_type":"article","og_title":"RELOJ ANAL\u00d3GICO DESPERTADOR K\u00dcKEN BLANCO","og_description":"Reloj anal\u00f3gico despertador K\u00dcKEN blanco, con alarma, temperatura digital y agujas reflectantes. Compacto, preciso y con dise\u00f1o elegante. Garant\u00eda incluida.","og_url":"https:\/\/kuken.es\/nl\/product\/kuken-analoge-wekker-wit\/","og_site_name":"K\u00fcken","article_publisher":"https:\/\/es-es.facebook.com\/alfadyser\/","article_modified_time":"2025-06-02T12:00:27+00:00","og_image":[{"width":2000,"height":2000,"url":"https:\/\/kuken.es\/wp-content\/uploads\/8425160332648_01.jpg","type":"image\/jpeg"}],"twitter_card":"summary_large_image","twitter_misc":{"Prijs":"","Beschikbaarheid":"Op voorraad"},"schema":{"@context":"https:\/\/schema.org","@graph":[{"@type":"WebPage","@id":"https:\/\/kuken.es\/producto\/reloj-analogico-despertador-kuken-blanco\/","url":"https:\/\/kuken.es\/producto\/reloj-analogico-despertador-kuken-blanco\/","name":"K\u00dcKEN ANALOGE WEKKER WIT - K\u00fcken","isPartOf":{"@id":"https:\/\/kuken.es\/#website"},"primaryImageOfPage":{"@id":"https:\/\/kuken.es\/producto\/reloj-analogico-despertador-kuken-blanco\/#primaryimage"},"image":{"@id":"https:\/\/kuken.es\/producto\/reloj-analogico-despertador-kuken-blanco\/#primaryimage"},"thumbnailUrl":"https:\/\/kuken.es\/wp-content\/uploads\/8425160332648_01.jpg","datePublished":"2023-12-21T13:01:23+00:00","dateModified":"2025-06-02T12:00:27+00:00","description":"Reloj anal\u00f3gico despertador K\u00dcKEN blanco, con alarma, temperatura digital y agujas reflectantes. Compacto, preciso y con dise\u00f1o elegante. Garant\u00eda incluida.","breadcrumb":{"@id":"https:\/\/kuken.es\/producto\/reloj-analogico-despertador-kuken-blanco\/#breadcrumb"},"inLanguage":"nl-NL","potentialAction":[{"@type":"ReadAction","target":["https:\/\/kuken.es\/producto\/reloj-analogico-despertador-kuken-blanco\/"]}]},{"@type":"ImageObject","inLanguage":"nl-NL","@id":"https:\/\/kuken.es\/producto\/reloj-analogico-despertador-kuken-blanco\/#primaryimage","url":"https:\/\/kuken.es\/wp-content\/uploads\/8425160332648_01.jpg","contentUrl":"https:\/\/kuken.es\/wp-content\/uploads\/8425160332648_01.jpg","width":2000,"height":2000},{"@type":"BreadcrumbList","@id":"https:\/\/kuken.es\/producto\/reloj-analogico-despertador-kuken-blanco\/#breadcrumb","itemListElement":[{"@type":"ListItem","position":1,"name":"Portada","item":"https:\/\/kuken.es\/"},{"@type":"ListItem","position":2,"name":"Productos","item":"https:\/\/kuken.es\/productos\/"},{"@type":"ListItem","position":3,"name":"RELOJ ANAL\u00d3GICO DESPERTADOR K\u00dcKEN BLANCO"}]},{"@type":"WebSite","@id":"https:\/\/kuken.es\/#website","url":"https:\/\/kuken.es\/","name":"K\u00fcken","description":"Uitgebreid assortiment kleine huishoudelijke apparaten van k\u00fcken","publisher":{"@id":"https:\/\/kuken.es\/#organization"},"potentialAction":[{"@type":"SearchAction","target":{"@type":"EntryPoint","urlTemplate":"https:\/\/kuken.es\/?s={search_term_string}"},"query-input":{"@type":"PropertyValueSpecification","valueRequired":true,"valueName":"search_term_string"}}],"inLanguage":"nl-NL"},{"@type":"Organization","@id":"https:\/\/kuken.es\/#organization","name":"Alpha Dyser","url":"https:\/\/kuken.es\/","logo":{"@type":"ImageObject","inLanguage":"nl-NL","@id":"https:\/\/kuken.es\/#\/schema\/logo\/image\/","url":"https:\/\/kuken.es\/wp-content\/uploads\/2019\/04\/kuken-logo.png","contentUrl":"https:\/\/kuken.es\/wp-content\/uploads\/2019\/04\/kuken-logo.png","width":500,"height":191,"caption":"Alfa Dyser"},"image":{"@id":"https:\/\/kuken.es\/#\/schema\/logo\/image\/"},"sameAs":["https:\/\/es-es.facebook.com\/alfadyser\/","https:\/\/www.instagram.com\/kuken_appliances\/"]}]},"product_price_amount":"0.00","product_price_currency":"EUR","og_availability":"instock","product_availability":"instock","product_retailer_item_id":"33264","product_condition":"new"},"_links":{"self":[{"href":"https:\/\/kuken.es\/nl\/wp-json\/wp\/v2\/product\/10848","targetHints":{"allow":["GET"]}}],"collection":[{"href":"https:\/\/kuken.es\/nl\/wp-json\/wp\/v2\/product"}],"about":[{"href":"https:\/\/kuken.es\/nl\/wp-json\/wp\/v2\/types\/product"}],"wp:featuredmedia":[{"embeddable":true,"href":"https:\/\/kuken.es\/nl\/wp-json\/wp\/v2\/media\/10849"}],"wp:attachment":[{"href":"https:\/\/kuken.es\/nl\/wp-json\/wp\/v2\/media?parent=10848"}],"wp:term":[{"taxonomy":"product_brand","embeddable":true,"href":"https:\/\/kuken.es\/nl\/wp-json\/wp\/v2\/product_brand?post=10848"},{"taxonomy":"product_cat","embeddable":true,"href":"https:\/\/kuken.es\/nl\/wp-json\/wp\/v2\/product_cat?post=10848"},{"taxonomy":"product_tag","embeddable":true,"href":"https:\/\/kuken.es\/nl\/wp-json\/wp\/v2\/product_tag?post=10848"}],"curies":[{"name":"wp","href":"https:\/\/api.w.org\/{rel}","templated":true}]}}