{"id":10798,"date":"2023-11-21T07:38:09","date_gmt":"2023-11-21T06:38:09","guid":{"rendered":"https:\/\/kuken.es\/?post_type=product&#038;p=10798"},"modified":"2025-06-02T13:51:17","modified_gmt":"2025-06-02T11:51:17","slug":"batidora-vaso-cristal-1-5l-1000w-blanca","status":"publish","type":"product","link":"https:\/\/kuken.es\/nl\/product\/batidora-vaso-cristal-1-5l-1000w-blanca\/","title":{"rendered":"BLENDER GLAS 1,5L 1000W WIT"},"content":{"rendered":"<p>BLENDER GLAS 1,5L 1000W WIT<\/p>\n<ul>\n<li class=\"\" data-start=\"856\" data-end=\"928\">\n<p class=\"\" data-start=\"858\" data-end=\"928\">Potente motor de 1000W, adecuado para todo tipo de ingredientes.<\/p>\n<\/li>\n<li class=\"\" data-start=\"929\" data-end=\"1022\">\n<p class=\"\" data-start=\"931\" data-end=\"1022\">Cuchillas de acero inoxidable de 4 filos, ideales para picar, triturar o mezclar.<\/p>\n<\/li>\n<li class=\"\" data-start=\"1023\" data-end=\"1102\">\n<p class=\"\" data-start=\"1025\" data-end=\"1102\">Cuchillas desenroscables, permiten una limpieza m\u00e1s f\u00e1cil y segura.<\/p>\n<\/li>\n<li class=\"\" data-start=\"1103\" data-end=\"1185\">\n<p class=\"\" data-start=\"1105\" data-end=\"1185\">Selector giratorio de 2 velocidades + bot\u00f3n PULSE con iluminaci\u00f3n LED.<\/p>\n<\/li>\n<li class=\"\" data-start=\"1186\" data-end=\"1258\">\n<p class=\"\" data-start=\"1188\" data-end=\"1258\">Vaso extra\u00edble de cristal de 1,5 litros, con asa ergon\u00f3mica.<\/p>\n<\/li>\n<li class=\"\" data-start=\"1259\" data-end=\"1345\">\n<p class=\"\" data-start=\"1261\" data-end=\"1345\">Tapa herm\u00e9tica con tap\u00f3n de entrada, a\u00f1ade ingredientes sin detener el batido.<\/p>\n<\/li>\n<li class=\"\" data-start=\"1346\" data-end=\"1422\">\n<p class=\"\" data-start=\"1348\" data-end=\"1422\">Acabado en color blanco, elegante y funcional para cualquier cocina.<\/p>\n<\/li>\n<li class=\"\" data-start=\"1423\" data-end=\"1495\">\n<p class=\"\" data-start=\"1425\" data-end=\"1495\">Base con patas de goma antideslizantes, estabilidad garantizada.<\/p>\n<\/li>\n<li class=\"\" data-start=\"1496\" data-end=\"1565\">\n<p class=\"\" data-start=\"1498\" data-end=\"1565\">Ideal para preparar batidos, cremas, salsas o triturar hielo.<\/p>\n<\/li>\n<\/ul>\n<p><div class=\"accordion\"><div class=\"mfn-acc accordion_wrapper  toggle\"><div class=\"question\"><div class=\"title\"><i class=\"icon-plus acc-icon-plus\" aria-hidden=\"true\"><\/i><i class=\"icon-minus acc-icon-minus\" aria-hidden=\"true\"><\/i>Productgegevens<\/div><div class=\"answer\">EAN: 8425160343842<\/p>\n<p>BLENDER GLAS 1,5L 1000W WIT<\/p>\n<p>Eenheden: 1<br \/>\nKleur: Wit<br \/>\nVerpakking: Gekleurde doos<br \/>\nVermogen: 1000 W<br \/>\nSpanning: 230 V<br \/>\nInhoud: 1,5 liter<br \/>\nMateriaal: Gehard glas<br \/>\nAntislipvoet: Ja<br \/>\nSnelheden: 2 + PULSE-knop<br \/>\nAfneembaar: Ja<br \/>\nGewicht: 3,14 kg<\/div><\/div>\n<\/div><\/div>\n<br \/>\n<div class=\"accordion\"><div class=\"mfn-acc accordion_wrapper  toggle\"><div class=\"question\"><div class=\"title\"><i class=\"icon-plus acc-icon-plus\" aria-hidden=\"true\"><\/i><i class=\"icon-minus acc-icon-minus\" aria-hidden=\"true\"><\/i>Accessoires<\/div><div class=\"answer\"><\/div><\/div>\n<\/div><\/div>\n<\/p>\n<div class=\"descargas-producto\"><img loading=\"lazy\" decoding=\"async\" src=\"\/wp-content\/uploads\/2019\/12\/picto-descarrega.png\" alt=\"gegevensblad downloaden\" width=\"23\" height=\"16\" \/><a href=\"https:\/\/kuken.es\/wp-content\/uploads\/8425160343842_ficha_tecnica.pdf\">Blad downloaden<\/a><br \/>\n<img loading=\"lazy\" decoding=\"async\" src=\"\/wp-content\/uploads\/2019\/12\/picto-descarrega.png\" alt=\"handleiding downloaden\" width=\"23\" height=\"16\" \/><a href=\"https:\/\/kuken.es\/wp-content\/uploads\/34384-manual-de-nstrucciones.pdf\">Handleiding downloaden<\/a><\/div>\n<div><\/div>\n<div><span style=\"color: #bf2121\">Volg ons op sociale media!<\/span><\/div>\n<div><a href=\"https:\/\/www.instagram.com\/kuken_appliances\/\">https:\/\/www.instagram.com\/kuken_appliances\/<\/a><\/div>\n<p><iframe loading=\"lazy\" title=\"Batidora Vaso 1000W k\u00fcken\" width=\"560\" height=\"315\" src=\"https:\/\/www.youtube.com\/embed\/VF_MXUTNfsw?feature=oembed\" frameborder=\"0\" allow=\"accelerometer; autoplay; clipboard-write; encrypted-media; gyroscope; picture-in-picture; web-share\" referrerpolicy=\"strict-origin-when-cross-origin\" allowfullscreen><\/iframe><\/p>","protected":false},"excerpt":{"rendered":"<p class=\"\" data-start=\"629\" data-end=\"785\">Ideal para batidos, cremas o hielo. Con jarra de cristal, cuchillas de acero y controles iluminados, esta batidora combina potencia, estilo y funcionalidad.<\/p>","protected":false},"featured_media":11125,"template":"","meta":[],"product_brand":[],"product_cat":[107,38],"product_tag":[],"class_list":{"0":"post-10798","1":"product","2":"type-product","3":"status-publish","4":"has-post-thumbnail","6":"product_cat-batidoras-premium","7":"product_cat-premium","9":"first","10":"instock","11":"product-type-simple"},"yoast_head":"<!-- This site is optimized with the Yoast SEO Premium plugin v24.0 (Yoast SEO v26.5) - https:\/\/yoast.com\/wordpress\/plugins\/seo\/ -->\n<title>BATIDORA VASO CRISTAL 1.5L 1000W BLANCA - K\u00fcken<\/title>\n<meta name=\"description\" content=\"Batidora vaso cristal 1,5\u202fL 1000W blanca K\u00dcKEN, con cuchillas de acero, selector LED y tapa herm\u00e9tica. Resistente, potente y f\u00e1cil de limpiar.\" \/>\n<meta name=\"robots\" content=\"index, follow, max-snippet:-1, max-image-preview:large, max-video-preview:-1\" \/>\n<link rel=\"canonical\" href=\"https:\/\/kuken.es\/nl\/product\/batidora-vaso-cristal-1-5l-1000w-blanca\/\" \/>\n<meta property=\"og:locale\" content=\"nl_NL\" \/>\n<meta property=\"og:type\" content=\"article\" \/>\n<meta property=\"og:title\" content=\"BATIDORA VASO CRISTAL 1.5L 1000W BLANCA\" \/>\n<meta property=\"og:description\" content=\"Batidora vaso cristal 1,5\u202fL 1000W blanca K\u00dcKEN, con cuchillas de acero, selector LED y tapa herm\u00e9tica. Resistente, potente y f\u00e1cil de limpiar.\" \/>\n<meta property=\"og:url\" content=\"https:\/\/kuken.es\/nl\/product\/batidora-vaso-cristal-1-5l-1000w-blanca\/\" \/>\n<meta property=\"og:site_name\" content=\"K\u00fcken\" \/>\n<meta property=\"article:publisher\" content=\"https:\/\/es-es.facebook.com\/alfadyser\/\" \/>\n<meta property=\"article:modified_time\" content=\"2025-06-02T11:51:17+00:00\" \/>\n<meta property=\"og:image\" content=\"https:\/\/kuken.es\/wp-content\/uploads\/8425160343842_01.jpg\" \/>\n\t<meta property=\"og:image:width\" content=\"2000\" \/>\n\t<meta property=\"og:image:height\" content=\"2000\" \/>\n\t<meta property=\"og:image:type\" content=\"image\/jpeg\" \/>\n<meta name=\"twitter:card\" content=\"summary_large_image\" \/>\n<meta name=\"twitter:label1\" content=\"Prijs\" \/>\n\t<meta name=\"twitter:data1\" content=\"\" \/>\n\t<meta name=\"twitter:label2\" content=\"Beschikbaarheid\" \/>\n\t<meta name=\"twitter:data2\" content=\"Op voorraad\" \/>\n<script type=\"application\/ld+json\" class=\"yoast-schema-graph\">{\"@context\":\"https:\/\/schema.org\",\"@graph\":[{\"@type\":\"WebPage\",\"@id\":\"https:\/\/kuken.es\/producto\/batidora-vaso-cristal-1-5l-1000w-blanca\/\",\"url\":\"https:\/\/kuken.es\/producto\/batidora-vaso-cristal-1-5l-1000w-blanca\/\",\"name\":\"BATIDORA VASO CRISTAL 1.5L 1000W BLANCA - K\u00fcken\",\"isPartOf\":{\"@id\":\"https:\/\/kuken.es\/#website\"},\"primaryImageOfPage\":{\"@id\":\"https:\/\/kuken.es\/producto\/batidora-vaso-cristal-1-5l-1000w-blanca\/#primaryimage\"},\"image\":{\"@id\":\"https:\/\/kuken.es\/producto\/batidora-vaso-cristal-1-5l-1000w-blanca\/#primaryimage\"},\"thumbnailUrl\":\"https:\/\/kuken.es\/wp-content\/uploads\/8425160343842_01.jpg\",\"datePublished\":\"2023-11-21T06:38:09+00:00\",\"dateModified\":\"2025-06-02T11:51:17+00:00\",\"description\":\"Batidora vaso cristal 1,5\u202fL 1000W blanca K\u00dcKEN, con cuchillas de acero, selector LED y tapa herm\u00e9tica. Resistente, potente y f\u00e1cil de limpiar.\",\"breadcrumb\":{\"@id\":\"https:\/\/kuken.es\/producto\/batidora-vaso-cristal-1-5l-1000w-blanca\/#breadcrumb\"},\"inLanguage\":\"nl-NL\",\"potentialAction\":[{\"@type\":\"ReadAction\",\"target\":[\"https:\/\/kuken.es\/producto\/batidora-vaso-cristal-1-5l-1000w-blanca\/\"]}]},{\"@type\":\"ImageObject\",\"inLanguage\":\"nl-NL\",\"@id\":\"https:\/\/kuken.es\/producto\/batidora-vaso-cristal-1-5l-1000w-blanca\/#primaryimage\",\"url\":\"https:\/\/kuken.es\/wp-content\/uploads\/8425160343842_01.jpg\",\"contentUrl\":\"https:\/\/kuken.es\/wp-content\/uploads\/8425160343842_01.jpg\",\"width\":2000,\"height\":2000},{\"@type\":\"BreadcrumbList\",\"@id\":\"https:\/\/kuken.es\/producto\/batidora-vaso-cristal-1-5l-1000w-blanca\/#breadcrumb\",\"itemListElement\":[{\"@type\":\"ListItem\",\"position\":1,\"name\":\"Portada\",\"item\":\"https:\/\/kuken.es\/\"},{\"@type\":\"ListItem\",\"position\":2,\"name\":\"Productos\",\"item\":\"https:\/\/kuken.es\/productos\/\"},{\"@type\":\"ListItem\",\"position\":3,\"name\":\"BATIDORA VASO CRISTAL 1.5L 1000W BLANCA\"}]},{\"@type\":\"WebSite\",\"@id\":\"https:\/\/kuken.es\/#website\",\"url\":\"https:\/\/kuken.es\/\",\"name\":\"K\u00fcken\",\"description\":\"Amplia gama de peque\u00f1o electrodom\u00e9stico k\u00fcken\",\"publisher\":{\"@id\":\"https:\/\/kuken.es\/#organization\"},\"potentialAction\":[{\"@type\":\"SearchAction\",\"target\":{\"@type\":\"EntryPoint\",\"urlTemplate\":\"https:\/\/kuken.es\/?s={search_term_string}\"},\"query-input\":{\"@type\":\"PropertyValueSpecification\",\"valueRequired\":true,\"valueName\":\"search_term_string\"}}],\"inLanguage\":\"nl-NL\"},{\"@type\":\"Organization\",\"@id\":\"https:\/\/kuken.es\/#organization\",\"name\":\"Alfa Dyser\",\"url\":\"https:\/\/kuken.es\/\",\"logo\":{\"@type\":\"ImageObject\",\"inLanguage\":\"nl-NL\",\"@id\":\"https:\/\/kuken.es\/#\/schema\/logo\/image\/\",\"url\":\"https:\/\/kuken.es\/wp-content\/uploads\/2019\/04\/kuken-logo.png\",\"contentUrl\":\"https:\/\/kuken.es\/wp-content\/uploads\/2019\/04\/kuken-logo.png\",\"width\":500,\"height\":191,\"caption\":\"Alfa Dyser\"},\"image\":{\"@id\":\"https:\/\/kuken.es\/#\/schema\/logo\/image\/\"},\"sameAs\":[\"https:\/\/es-es.facebook.com\/alfadyser\/\",\"https:\/\/www.instagram.com\/kuken_appliances\/\"]}]}<\/script>\n<meta property=\"product:price:amount\" content=\"0.00\" \/>\n<meta property=\"product:price:currency\" content=\"EUR\" \/>\n<meta property=\"og:availability\" content=\"instock\" \/>\n<meta property=\"product:availability\" content=\"instock\" \/>\n<meta property=\"product:retailer_item_id\" content=\"34384\" \/>\n<meta property=\"product:condition\" content=\"new\" \/>\n<!-- \/ Yoast SEO Premium plugin. -->","yoast_head_json":{"title":"BATIDORA VASO CRISTAL 1.5L 1000W BLANCA - K\u00fcken","description":"Batidora vaso cristal 1,5\u202fL 1000W blanca K\u00dcKEN, con cuchillas de acero, selector LED y tapa herm\u00e9tica. Resistente, potente y f\u00e1cil de limpiar.","robots":{"index":"index","follow":"follow","max-snippet":"max-snippet:-1","max-image-preview":"max-image-preview:large","max-video-preview":"max-video-preview:-1"},"canonical":"https:\/\/kuken.es\/nl\/product\/batidora-vaso-cristal-1-5l-1000w-blanca\/","og_locale":"nl_NL","og_type":"article","og_title":"BATIDORA VASO CRISTAL 1.5L 1000W BLANCA","og_description":"Batidora vaso cristal 1,5\u202fL 1000W blanca K\u00dcKEN, con cuchillas de acero, selector LED y tapa herm\u00e9tica. Resistente, potente y f\u00e1cil de limpiar.","og_url":"https:\/\/kuken.es\/nl\/product\/batidora-vaso-cristal-1-5l-1000w-blanca\/","og_site_name":"K\u00fcken","article_publisher":"https:\/\/es-es.facebook.com\/alfadyser\/","article_modified_time":"2025-06-02T11:51:17+00:00","og_image":[{"width":2000,"height":2000,"url":"https:\/\/kuken.es\/wp-content\/uploads\/8425160343842_01.jpg","type":"image\/jpeg"}],"twitter_card":"summary_large_image","twitter_misc":{"Prijs":"","Beschikbaarheid":"Op voorraad"},"schema":{"@context":"https:\/\/schema.org","@graph":[{"@type":"WebPage","@id":"https:\/\/kuken.es\/producto\/batidora-vaso-cristal-1-5l-1000w-blanca\/","url":"https:\/\/kuken.es\/producto\/batidora-vaso-cristal-1-5l-1000w-blanca\/","name":"BATIDORA VASO CRISTAL 1.5L 1000W BLANCA - K\u00fcken","isPartOf":{"@id":"https:\/\/kuken.es\/#website"},"primaryImageOfPage":{"@id":"https:\/\/kuken.es\/producto\/batidora-vaso-cristal-1-5l-1000w-blanca\/#primaryimage"},"image":{"@id":"https:\/\/kuken.es\/producto\/batidora-vaso-cristal-1-5l-1000w-blanca\/#primaryimage"},"thumbnailUrl":"https:\/\/kuken.es\/wp-content\/uploads\/8425160343842_01.jpg","datePublished":"2023-11-21T06:38:09+00:00","dateModified":"2025-06-02T11:51:17+00:00","description":"Batidora vaso cristal 1,5\u202fL 1000W blanca K\u00dcKEN, con cuchillas de acero, selector LED y tapa herm\u00e9tica. Resistente, potente y f\u00e1cil de limpiar.","breadcrumb":{"@id":"https:\/\/kuken.es\/producto\/batidora-vaso-cristal-1-5l-1000w-blanca\/#breadcrumb"},"inLanguage":"nl-NL","potentialAction":[{"@type":"ReadAction","target":["https:\/\/kuken.es\/producto\/batidora-vaso-cristal-1-5l-1000w-blanca\/"]}]},{"@type":"ImageObject","inLanguage":"nl-NL","@id":"https:\/\/kuken.es\/producto\/batidora-vaso-cristal-1-5l-1000w-blanca\/#primaryimage","url":"https:\/\/kuken.es\/wp-content\/uploads\/8425160343842_01.jpg","contentUrl":"https:\/\/kuken.es\/wp-content\/uploads\/8425160343842_01.jpg","width":2000,"height":2000},{"@type":"BreadcrumbList","@id":"https:\/\/kuken.es\/producto\/batidora-vaso-cristal-1-5l-1000w-blanca\/#breadcrumb","itemListElement":[{"@type":"ListItem","position":1,"name":"Portada","item":"https:\/\/kuken.es\/"},{"@type":"ListItem","position":2,"name":"Productos","item":"https:\/\/kuken.es\/productos\/"},{"@type":"ListItem","position":3,"name":"BATIDORA VASO CRISTAL 1.5L 1000W BLANCA"}]},{"@type":"WebSite","@id":"https:\/\/kuken.es\/#website","url":"https:\/\/kuken.es\/","name":"K\u00fcken","description":"Uitgebreid assortiment kleine huishoudelijke apparaten van k\u00fcken","publisher":{"@id":"https:\/\/kuken.es\/#organization"},"potentialAction":[{"@type":"SearchAction","target":{"@type":"EntryPoint","urlTemplate":"https:\/\/kuken.es\/?s={search_term_string}"},"query-input":{"@type":"PropertyValueSpecification","valueRequired":true,"valueName":"search_term_string"}}],"inLanguage":"nl-NL"},{"@type":"Organization","@id":"https:\/\/kuken.es\/#organization","name":"Alpha Dyser","url":"https:\/\/kuken.es\/","logo":{"@type":"ImageObject","inLanguage":"nl-NL","@id":"https:\/\/kuken.es\/#\/schema\/logo\/image\/","url":"https:\/\/kuken.es\/wp-content\/uploads\/2019\/04\/kuken-logo.png","contentUrl":"https:\/\/kuken.es\/wp-content\/uploads\/2019\/04\/kuken-logo.png","width":500,"height":191,"caption":"Alfa Dyser"},"image":{"@id":"https:\/\/kuken.es\/#\/schema\/logo\/image\/"},"sameAs":["https:\/\/es-es.facebook.com\/alfadyser\/","https:\/\/www.instagram.com\/kuken_appliances\/"]}]},"product_price_amount":"0.00","product_price_currency":"EUR","og_availability":"instock","product_availability":"instock","product_retailer_item_id":"34384","product_condition":"new"},"_links":{"self":[{"href":"https:\/\/kuken.es\/nl\/wp-json\/wp\/v2\/product\/10798","targetHints":{"allow":["GET"]}}],"collection":[{"href":"https:\/\/kuken.es\/nl\/wp-json\/wp\/v2\/product"}],"about":[{"href":"https:\/\/kuken.es\/nl\/wp-json\/wp\/v2\/types\/product"}],"wp:featuredmedia":[{"embeddable":true,"href":"https:\/\/kuken.es\/nl\/wp-json\/wp\/v2\/media\/11125"}],"wp:attachment":[{"href":"https:\/\/kuken.es\/nl\/wp-json\/wp\/v2\/media?parent=10798"}],"wp:term":[{"taxonomy":"product_brand","embeddable":true,"href":"https:\/\/kuken.es\/nl\/wp-json\/wp\/v2\/product_brand?post=10798"},{"taxonomy":"product_cat","embeddable":true,"href":"https:\/\/kuken.es\/nl\/wp-json\/wp\/v2\/product_cat?post=10798"},{"taxonomy":"product_tag","embeddable":true,"href":"https:\/\/kuken.es\/nl\/wp-json\/wp\/v2\/product_tag?post=10798"}],"curies":[{"name":"wp","href":"https:\/\/api.w.org\/{rel}","templated":true}]}}