{"id":10781,"date":"2023-11-08T10:41:16","date_gmt":"2023-11-08T09:41:16","guid":{"rendered":"https:\/\/kuken.es\/?post_type=product&#038;p=10781"},"modified":"2025-06-02T13:50:18","modified_gmt":"2025-06-02T11:50:18","slug":"freidora-sin-aceite-2-0-litros","status":"publish","type":"product","link":"https:\/\/kuken.es\/nl\/product\/freidora-sin-aceite-2-0-litros\/","title":{"rendered":"FRITEUSE ZONDER OLIE 2,0 LITER"},"content":{"rendered":"<p>FREIDORA SIN ACEITE 2.0 LITROS<\/p>\n<ul>\n<li class=\"\" data-start=\"853\" data-end=\"924\">\n<p class=\"\" data-start=\"855\" data-end=\"924\">Potencia de 1000W, perfecta para un cocinado r\u00e1pido y uniforme.<\/p>\n<\/li>\n<li class=\"\" data-start=\"925\" data-end=\"1009\">\n<p class=\"\" data-start=\"927\" data-end=\"1009\">Capacidad de 2 litros, ideal para raciones individuales o peque\u00f1as familias.<\/p>\n<\/li>\n<li class=\"\" data-start=\"1010\" data-end=\"1077\">\n<p class=\"\" data-start=\"1012\" data-end=\"1077\">Aircook Technology, cocina sin aceite conservando el sabor.<\/p>\n<\/li>\n<li class=\"\" data-start=\"1078\" data-end=\"1152\">\n<p class=\"\" data-start=\"1080\" data-end=\"1152\">Reguladores anal\u00f3gicos de temperatura y tiempo, control intuitivo.<\/p>\n<\/li>\n<li class=\"\" data-start=\"1153\" data-end=\"1223\">\n<p class=\"\" data-start=\"1155\" data-end=\"1223\">Temperatura m\u00e1xima de 200\u202f\u00b0C, vers\u00e1til para m\u00faltiples recetas.<\/p>\n<\/li>\n<li class=\"\" data-start=\"1224\" data-end=\"1298\">\n<p class=\"\" data-start=\"1226\" data-end=\"1298\">7 modos preconfigurados, adaptados a distintos tipos de alimentos.<\/p>\n<\/li>\n<li class=\"\" data-start=\"1299\" data-end=\"1393\">\n<p class=\"\" data-start=\"1301\" data-end=\"1393\">Cestillo freidor extra\u00edble y antiadherente, libre de BPA y apto para lavavajillas.<\/p>\n<\/li>\n<li class=\"\" data-start=\"1394\" data-end=\"1451\">\n<p class=\"\" data-start=\"1396\" data-end=\"1451\">Mango ergon\u00f3mico, seguro y c\u00f3modo durante el uso.<\/p>\n<\/li>\n<li class=\"\" data-start=\"1452\" data-end=\"1512\">\n<p class=\"\" data-start=\"1454\" data-end=\"1512\">Cuerpo de tacto fr\u00edo, evita quemaduras accidentales.<\/p>\n<\/li>\n<li class=\"\" data-start=\"1513\" data-end=\"1598\">\n<p class=\"\" data-start=\"1515\" data-end=\"1598\">Base antideslizante, proporciona estabilidad mientras est\u00e1 en funcionamiento.<\/p>\n<\/li>\n<li class=\"\" data-start=\"1599\" data-end=\"1667\">\n<p class=\"\" data-start=\"1601\" data-end=\"1667\">Cocina sin olores ni residuos, con solo una cucharada de aceite.<\/p>\n<\/li>\n<\/ul>\n<div class=\"accordion\"><div class=\"mfn-acc accordion_wrapper  toggle\"><div class=\"question\"><div class=\"title\"><i class=\"icon-plus acc-icon-plus\" aria-hidden=\"true\"><\/i><i class=\"icon-minus acc-icon-minus\" aria-hidden=\"true\"><\/i>Productgegevens<\/div><div class=\"answer\">EAN 8425160343767<\/p>\n<p>FREIDORA SIN ACEITE 2.0 LITROS<\/p>\n<p>Verpakkingseenheid 1<br \/>\npotencia:1000W<br \/>\nColor Negro Mate<br \/>\nMedidas:30x24cm.<br \/>\ncapacidad: 2 litros<br \/>\nTemperatura m\u00e1xima: 200\u00aaC<\/p>\n<p><\/div><\/div>\n<\/div><\/div>\n\n<div class=\"accordion\"><div class=\"mfn-acc accordion_wrapper  toggle\"><br \/>\n<div class=\"question\"><div class=\"title\"><i class=\"icon-plus acc-icon-plus\" aria-hidden=\"true\"><\/i><i class=\"icon-minus acc-icon-minus\" aria-hidden=\"true\"><\/i>Accessoires<\/div><div class=\"answer\"><br \/>\n<\/div><\/div>\n<br \/>\n<\/div><\/div>\n\n<p><img loading=\"lazy\" decoding=\"async\" src=\"\/wp-content\/uploads\/2019\/12\/picto-descarrega.png\" alt=\"gegevensblad downloaden\" width=\"23\" height=\"16\" \/><span style=\"color: #ff0000\"><a style=\"color: #ff0000\" href=\"https:\/\/kuken.es\/wp-content\/uploads\/8425160343767_ficha_tecnica.pdf\">Blad downloaden<\/a><\/span><br \/>\n<img loading=\"lazy\" decoding=\"async\" src=\"\/wp-content\/uploads\/2019\/12\/picto-descarrega.png\" alt=\"handleiding downloaden\" width=\"23\" height=\"16\" \/><span style=\"color: #ff0000\"><a style=\"color: #ff0000\" href=\"https:\/\/kuken.es\/wp-content\/uploads\/34376_instruction_manual_compressed.pdf\">Handleiding downloaden<\/a><\/span><\/p>\n<div><span style=\"color: #bf2121\">Volg ons op sociale media!<\/span><\/div>\n<div><a href=\"https:\/\/www.instagram.com\/kuken_appliances\/\">https:\/\/www.instagram.com\/kuken_appliances\/<\/a><\/div>\n<div><\/div>\n<p><iframe loading=\"lazy\" title=\"Freidora sin aceite 2 litros Kuken\" width=\"560\" height=\"315\" src=\"https:\/\/www.youtube.com\/embed\/3aKIYGBbslQ?feature=oembed\" frameborder=\"0\" allow=\"accelerometer; autoplay; clipboard-write; encrypted-media; gyroscope; picture-in-picture; web-share\" referrerpolicy=\"strict-origin-when-cross-origin\" allowfullscreen><\/iframe><\/p>","protected":false},"excerpt":{"rendered":"<p class=\"\" data-start=\"623\" data-end=\"782\">Cocina saludable con una sola cucharada de aceite. Compacta, potente y pr\u00e1ctica, esta freidora es ideal para preparar tus recetas favoritas sin complicaciones.<\/p>","protected":false},"featured_media":10986,"template":"","meta":[],"product_brand":[],"product_cat":[51,97],"product_tag":[],"class_list":{"0":"post-10781","1":"product","2":"type-product","3":"status-publish","4":"has-post-thumbnail","6":"product_cat-freidoras-premium","7":"product_cat-freidoras-gold","9":"first","10":"instock","11":"shipping-taxable","12":"product-type-simple"},"yoast_head":"<!-- This site is optimized with the Yoast SEO Premium plugin v24.0 (Yoast SEO v26.5) - https:\/\/yoast.com\/wordpress\/plugins\/seo\/ -->\n<title>FREIDORA SIN ACEITE 2.0 LITROS - K\u00fcken<\/title>\n<meta name=\"description\" content=\"Freidora sin aceite K\u00fcken de 2 litros de capacidad con tiempo y temperatura regulable. Visita nuestra web en www.kuken.es\" \/>\n<meta name=\"robots\" content=\"index, follow, max-snippet:-1, max-image-preview:large, max-video-preview:-1\" \/>\n<link rel=\"canonical\" href=\"https:\/\/kuken.es\/nl\/product\/freidora-sin-aceite-2-0-litros\/\" \/>\n<meta property=\"og:locale\" content=\"nl_NL\" \/>\n<meta property=\"og:type\" content=\"article\" \/>\n<meta property=\"og:title\" content=\"FREIDORA SIN ACEITE 2.0 LITROS\" \/>\n<meta property=\"og:description\" content=\"Freidora sin aceite K\u00fcken de 2 litros de capacidad con tiempo y temperatura regulable. Visita nuestra web en www.kuken.es\" \/>\n<meta property=\"og:url\" content=\"https:\/\/kuken.es\/nl\/product\/freidora-sin-aceite-2-0-litros\/\" \/>\n<meta property=\"og:site_name\" content=\"K\u00fcken\" \/>\n<meta property=\"article:publisher\" content=\"https:\/\/es-es.facebook.com\/alfadyser\/\" \/>\n<meta property=\"article:modified_time\" content=\"2025-06-02T11:50:18+00:00\" \/>\n<meta property=\"og:image\" content=\"https:\/\/kuken.es\/wp-content\/uploads\/8425160343767_01.jpg\" \/>\n\t<meta property=\"og:image:width\" content=\"2000\" \/>\n\t<meta property=\"og:image:height\" content=\"2000\" \/>\n\t<meta property=\"og:image:type\" content=\"image\/jpeg\" \/>\n<meta name=\"twitter:card\" content=\"summary_large_image\" \/>\n<meta name=\"twitter:label1\" content=\"Prijs\" \/>\n\t<meta name=\"twitter:data1\" content=\"\" \/>\n\t<meta name=\"twitter:label2\" content=\"Beschikbaarheid\" \/>\n\t<meta name=\"twitter:data2\" content=\"Op voorraad\" \/>\n<script type=\"application\/ld+json\" class=\"yoast-schema-graph\">{\"@context\":\"https:\/\/schema.org\",\"@graph\":[{\"@type\":\"WebPage\",\"@id\":\"https:\/\/kuken.es\/producto\/freidora-sin-aceite-2-0-litros\/\",\"url\":\"https:\/\/kuken.es\/producto\/freidora-sin-aceite-2-0-litros\/\",\"name\":\"FREIDORA SIN ACEITE 2.0 LITROS - K\u00fcken\",\"isPartOf\":{\"@id\":\"https:\/\/kuken.es\/#website\"},\"primaryImageOfPage\":{\"@id\":\"https:\/\/kuken.es\/producto\/freidora-sin-aceite-2-0-litros\/#primaryimage\"},\"image\":{\"@id\":\"https:\/\/kuken.es\/producto\/freidora-sin-aceite-2-0-litros\/#primaryimage\"},\"thumbnailUrl\":\"https:\/\/kuken.es\/wp-content\/uploads\/8425160343767_01.jpg\",\"datePublished\":\"2023-11-08T09:41:16+00:00\",\"dateModified\":\"2025-06-02T11:50:18+00:00\",\"description\":\"Freidora sin aceite K\u00fcken de 2 litros de capacidad con tiempo y temperatura regulable. Visita nuestra web en www.kuken.es\",\"breadcrumb\":{\"@id\":\"https:\/\/kuken.es\/producto\/freidora-sin-aceite-2-0-litros\/#breadcrumb\"},\"inLanguage\":\"nl-NL\",\"potentialAction\":[{\"@type\":\"ReadAction\",\"target\":[\"https:\/\/kuken.es\/producto\/freidora-sin-aceite-2-0-litros\/\"]}]},{\"@type\":\"ImageObject\",\"inLanguage\":\"nl-NL\",\"@id\":\"https:\/\/kuken.es\/producto\/freidora-sin-aceite-2-0-litros\/#primaryimage\",\"url\":\"https:\/\/kuken.es\/wp-content\/uploads\/8425160343767_01.jpg\",\"contentUrl\":\"https:\/\/kuken.es\/wp-content\/uploads\/8425160343767_01.jpg\",\"width\":2000,\"height\":2000},{\"@type\":\"BreadcrumbList\",\"@id\":\"https:\/\/kuken.es\/producto\/freidora-sin-aceite-2-0-litros\/#breadcrumb\",\"itemListElement\":[{\"@type\":\"ListItem\",\"position\":1,\"name\":\"Portada\",\"item\":\"https:\/\/kuken.es\/\"},{\"@type\":\"ListItem\",\"position\":2,\"name\":\"Productos\",\"item\":\"https:\/\/kuken.es\/productos\/\"},{\"@type\":\"ListItem\",\"position\":3,\"name\":\"FREIDORA SIN ACEITE 2.0 LITROS\"}]},{\"@type\":\"WebSite\",\"@id\":\"https:\/\/kuken.es\/#website\",\"url\":\"https:\/\/kuken.es\/\",\"name\":\"K\u00fcken\",\"description\":\"Amplia gama de peque\u00f1o electrodom\u00e9stico k\u00fcken\",\"publisher\":{\"@id\":\"https:\/\/kuken.es\/#organization\"},\"potentialAction\":[{\"@type\":\"SearchAction\",\"target\":{\"@type\":\"EntryPoint\",\"urlTemplate\":\"https:\/\/kuken.es\/?s={search_term_string}\"},\"query-input\":{\"@type\":\"PropertyValueSpecification\",\"valueRequired\":true,\"valueName\":\"search_term_string\"}}],\"inLanguage\":\"nl-NL\"},{\"@type\":\"Organization\",\"@id\":\"https:\/\/kuken.es\/#organization\",\"name\":\"Alfa Dyser\",\"url\":\"https:\/\/kuken.es\/\",\"logo\":{\"@type\":\"ImageObject\",\"inLanguage\":\"nl-NL\",\"@id\":\"https:\/\/kuken.es\/#\/schema\/logo\/image\/\",\"url\":\"https:\/\/kuken.es\/wp-content\/uploads\/2019\/04\/kuken-logo.png\",\"contentUrl\":\"https:\/\/kuken.es\/wp-content\/uploads\/2019\/04\/kuken-logo.png\",\"width\":500,\"height\":191,\"caption\":\"Alfa Dyser\"},\"image\":{\"@id\":\"https:\/\/kuken.es\/#\/schema\/logo\/image\/\"},\"sameAs\":[\"https:\/\/es-es.facebook.com\/alfadyser\/\",\"https:\/\/www.instagram.com\/kuken_appliances\/\"]}]}<\/script>\n<meta property=\"product:price:amount\" content=\"0.00\" \/>\n<meta property=\"product:price:currency\" content=\"EUR\" \/>\n<meta property=\"og:availability\" content=\"instock\" \/>\n<meta property=\"product:availability\" content=\"instock\" \/>\n<meta property=\"product:retailer_item_id\" content=\"34376\" \/>\n<meta property=\"product:condition\" content=\"new\" \/>\n<!-- \/ Yoast SEO Premium plugin. -->","yoast_head_json":{"title":"FREIDORA SIN ACEITE 2.0 LITROS - K\u00fcken","description":"Freidora sin aceite K\u00fcken de 2 litros de capacidad con tiempo y temperatura regulable. Visita nuestra web en www.kuken.es","robots":{"index":"index","follow":"follow","max-snippet":"max-snippet:-1","max-image-preview":"max-image-preview:large","max-video-preview":"max-video-preview:-1"},"canonical":"https:\/\/kuken.es\/nl\/product\/freidora-sin-aceite-2-0-litros\/","og_locale":"nl_NL","og_type":"article","og_title":"FREIDORA SIN ACEITE 2.0 LITROS","og_description":"Freidora sin aceite K\u00fcken de 2 litros de capacidad con tiempo y temperatura regulable. Visita nuestra web en www.kuken.es","og_url":"https:\/\/kuken.es\/nl\/product\/freidora-sin-aceite-2-0-litros\/","og_site_name":"K\u00fcken","article_publisher":"https:\/\/es-es.facebook.com\/alfadyser\/","article_modified_time":"2025-06-02T11:50:18+00:00","og_image":[{"width":2000,"height":2000,"url":"https:\/\/kuken.es\/wp-content\/uploads\/8425160343767_01.jpg","type":"image\/jpeg"}],"twitter_card":"summary_large_image","twitter_misc":{"Prijs":"","Beschikbaarheid":"Op voorraad"},"schema":{"@context":"https:\/\/schema.org","@graph":[{"@type":"WebPage","@id":"https:\/\/kuken.es\/producto\/freidora-sin-aceite-2-0-litros\/","url":"https:\/\/kuken.es\/producto\/freidora-sin-aceite-2-0-litros\/","name":"FREIDORA SIN ACEITE 2.0 LITROS - K\u00fcken","isPartOf":{"@id":"https:\/\/kuken.es\/#website"},"primaryImageOfPage":{"@id":"https:\/\/kuken.es\/producto\/freidora-sin-aceite-2-0-litros\/#primaryimage"},"image":{"@id":"https:\/\/kuken.es\/producto\/freidora-sin-aceite-2-0-litros\/#primaryimage"},"thumbnailUrl":"https:\/\/kuken.es\/wp-content\/uploads\/8425160343767_01.jpg","datePublished":"2023-11-08T09:41:16+00:00","dateModified":"2025-06-02T11:50:18+00:00","description":"Freidora sin aceite K\u00fcken de 2 litros de capacidad con tiempo y temperatura regulable. Visita nuestra web en www.kuken.es","breadcrumb":{"@id":"https:\/\/kuken.es\/producto\/freidora-sin-aceite-2-0-litros\/#breadcrumb"},"inLanguage":"nl-NL","potentialAction":[{"@type":"ReadAction","target":["https:\/\/kuken.es\/producto\/freidora-sin-aceite-2-0-litros\/"]}]},{"@type":"ImageObject","inLanguage":"nl-NL","@id":"https:\/\/kuken.es\/producto\/freidora-sin-aceite-2-0-litros\/#primaryimage","url":"https:\/\/kuken.es\/wp-content\/uploads\/8425160343767_01.jpg","contentUrl":"https:\/\/kuken.es\/wp-content\/uploads\/8425160343767_01.jpg","width":2000,"height":2000},{"@type":"BreadcrumbList","@id":"https:\/\/kuken.es\/producto\/freidora-sin-aceite-2-0-litros\/#breadcrumb","itemListElement":[{"@type":"ListItem","position":1,"name":"Portada","item":"https:\/\/kuken.es\/"},{"@type":"ListItem","position":2,"name":"Productos","item":"https:\/\/kuken.es\/productos\/"},{"@type":"ListItem","position":3,"name":"FREIDORA SIN ACEITE 2.0 LITROS"}]},{"@type":"WebSite","@id":"https:\/\/kuken.es\/#website","url":"https:\/\/kuken.es\/","name":"K\u00fcken","description":"Uitgebreid assortiment kleine huishoudelijke apparaten van k\u00fcken","publisher":{"@id":"https:\/\/kuken.es\/#organization"},"potentialAction":[{"@type":"SearchAction","target":{"@type":"EntryPoint","urlTemplate":"https:\/\/kuken.es\/?s={search_term_string}"},"query-input":{"@type":"PropertyValueSpecification","valueRequired":true,"valueName":"search_term_string"}}],"inLanguage":"nl-NL"},{"@type":"Organization","@id":"https:\/\/kuken.es\/#organization","name":"Alpha Dyser","url":"https:\/\/kuken.es\/","logo":{"@type":"ImageObject","inLanguage":"nl-NL","@id":"https:\/\/kuken.es\/#\/schema\/logo\/image\/","url":"https:\/\/kuken.es\/wp-content\/uploads\/2019\/04\/kuken-logo.png","contentUrl":"https:\/\/kuken.es\/wp-content\/uploads\/2019\/04\/kuken-logo.png","width":500,"height":191,"caption":"Alfa Dyser"},"image":{"@id":"https:\/\/kuken.es\/#\/schema\/logo\/image\/"},"sameAs":["https:\/\/es-es.facebook.com\/alfadyser\/","https:\/\/www.instagram.com\/kuken_appliances\/"]}]},"product_price_amount":"0.00","product_price_currency":"EUR","og_availability":"instock","product_availability":"instock","product_retailer_item_id":"34376","product_condition":"new"},"_links":{"self":[{"href":"https:\/\/kuken.es\/nl\/wp-json\/wp\/v2\/product\/10781","targetHints":{"allow":["GET"]}}],"collection":[{"href":"https:\/\/kuken.es\/nl\/wp-json\/wp\/v2\/product"}],"about":[{"href":"https:\/\/kuken.es\/nl\/wp-json\/wp\/v2\/types\/product"}],"wp:featuredmedia":[{"embeddable":true,"href":"https:\/\/kuken.es\/nl\/wp-json\/wp\/v2\/media\/10986"}],"wp:attachment":[{"href":"https:\/\/kuken.es\/nl\/wp-json\/wp\/v2\/media?parent=10781"}],"wp:term":[{"taxonomy":"product_brand","embeddable":true,"href":"https:\/\/kuken.es\/nl\/wp-json\/wp\/v2\/product_brand?post=10781"},{"taxonomy":"product_cat","embeddable":true,"href":"https:\/\/kuken.es\/nl\/wp-json\/wp\/v2\/product_cat?post=10781"},{"taxonomy":"product_tag","embeddable":true,"href":"https:\/\/kuken.es\/nl\/wp-json\/wp\/v2\/product_tag?post=10781"}],"curies":[{"name":"wp","href":"https:\/\/api.w.org\/{rel}","templated":true}]}}