{"id":10704,"date":"2023-10-10T14:54:18","date_gmt":"2023-10-10T12:54:18","guid":{"rendered":"https:\/\/kuken.es\/?post_type=product&#038;p=10704"},"modified":"2026-02-19T12:34:54","modified_gmt":"2026-02-19T11:34:54","slug":"kuken-staande-ventilator-met-ronde-voet-45w","status":"publish","type":"product","link":"https:\/\/kuken.es\/nl\/product\/kuken-staande-ventilator-met-ronde-voet-45w\/","title":{"rendered":"K\u00dcKEN STAANDE VENTILATOR MET RONDE VOET 45W"},"content":{"rendered":"<p>K\u00dcKEN STAANDE VENTILATOR MET RONDE VOET 45W<\/p>\n<ul>\n<li data-start=\"848\" data-end=\"911\">Potencia de 45W, ideal para refrescar estancias medianas.<\/li>\n<li data-start=\"914\" data-end=\"978\">Altura regulable de 105 cm a 128 cm, se adapta al espacio.<\/li>\n<li data-start=\"981\" data-end=\"1043\">3 aspas pl\u00e1sticas de alta resistencia, gran durabilidad.<\/li>\n<li data-start=\"1046\" data-end=\"1115\">Cabezal de 43 cm de di\u00e1metro, distribuye el aire uniformemente.<\/li>\n<li data-start=\"1118\" data-end=\"1197\">3 velocidades de ventilaci\u00f3n, seleccionables seg\u00fan la intensidad deseada.<\/li>\n<li data-start=\"1200\" data-end=\"1258\">Caudal de aire de 31800-34200 m\u00b3\/h, circulaci\u00f3n potente.<\/li>\n<li data-start=\"1200\" data-end=\"1258\">Nivel sonoro 60dB.<\/li>\n<li data-start=\"1261\" data-end=\"1350\">Cabezal oscilante y orientable verticalmente, para un \u00e1ngulo de aire personalizado.<\/li>\n<li data-start=\"1353\" data-end=\"1431\">Pulsador de giro con rango de 180\u00b0, opci\u00f3n de posici\u00f3n fija o giratoria.<\/li>\n<li data-start=\"1434\" data-end=\"1500\">Base redonda antideslizante, aporta estabilidad y seguridad.<\/li>\n<li data-start=\"1503\" data-end=\"1572\">Rejilla met\u00e1lica de seguridad, evita el contacto con las aspas.<\/li>\n<li data-start=\"1575\" data-end=\"1627\">Asa trasera integrada, facilita su transporte.<\/li>\n<\/ul>\n<p><div class=\"accordion\"><div class=\"mfn-acc accordion_wrapper  toggle\"><div class=\"question\"><div class=\"title\"><i class=\"icon-plus acc-icon-plus\" aria-hidden=\"true\"><\/i><i class=\"icon-minus acc-icon-minus\" aria-hidden=\"true\"><\/i>Productgegevens<\/div><div class=\"answer\">EAN: 8425160343729<\/p>\n<p>K\u00dcKEN STAANDE VENTILATOR MET RONDE VOET 45W<\/p>\n<p>Eenheden: 1<br \/>\nKleur: Wit<br \/>\nVerpakking: Gekleurde doos<br \/>\nVermogen: 45 W<br \/>\nSpanning: 230 V<br \/>\nMateriaal: PC<br \/>\nAntislipvoet: Ja<br \/>\nSnelheden: 3 snelheden<br \/>\nGewicht: 1,93 kg<br \/>\nDiameter: 430 mm<\/div><\/div>\n<\/div><\/div>\n<br \/>\n<div class=\"accordion\"><div class=\"mfn-acc accordion_wrapper  toggle\"><div class=\"question\"><div class=\"title\"><i class=\"icon-plus acc-icon-plus\" aria-hidden=\"true\"><\/i><i class=\"icon-minus acc-icon-minus\" aria-hidden=\"true\"><\/i>Accessoires<\/div><div class=\"answer\"><\/div><\/div>\n<\/div><\/div>\n<\/p>\n<p>&nbsp;<\/p>\n<div class=\"descargas-producto\"><img loading=\"lazy\" decoding=\"async\" src=\"\/wp-content\/uploads\/2019\/12\/picto-descarrega.png\" alt=\"gegevensblad downloaden\" width=\"23\" height=\"16\" \/><a href=\"https:\/\/kuken.es\/wp-content\/uploads\/8425160343729_ficha_tecnica.pdf\">Blad downloaden<\/a><br \/>\n<img loading=\"lazy\" decoding=\"async\" src=\"\/wp-content\/uploads\/2019\/12\/picto-descarrega.png\" alt=\"handleiding downloaden\" width=\"23\" height=\"16\" \/><a href=\"https:\/\/kuken.es\/wp-content\/uploads\/34372_instrucciones_new_compressed-1.pdf\">Handleiding downloaden<\/a><\/div>\n<div><\/div>\n<div><span style=\"color: #000000;\">Volg ons op sociale media!<\/span><\/div>\n<div><a href=\"https:\/\/www.instagram.com\/kuken_appliances\/\">https:\/\/www.instagram.com\/kuken_appliances\/<\/a><\/div>\n<div><\/div>\n<p><iframe loading=\"lazy\" title=\"Ventilatoren Kuken\" width=\"560\" height=\"315\" src=\"https:\/\/www.youtube.com\/embed\/YiLHFxcebs0?feature=oembed\" frameborder=\"0\" allow=\"accelerometer; autoplay; clipboard-write; encrypted-media; gyroscope; picture-in-picture; web-share\" referrerpolicy=\"strict-origin-when-cross-origin\" allowfullscreen><\/iframe><\/p>","protected":false},"excerpt":{"rendered":"<p class=\"\" data-start=\"620\" data-end=\"775\">Ventila tu espacio con eficacia. Silencioso y estable, este ventilador con altura regulable y cabezal giratorio se adapta a tus necesidades todo el verano.<\/p>","protected":false},"featured_media":10958,"template":"","meta":[],"product_brand":[],"product_cat":[38,65,135],"product_tag":[],"class_list":{"0":"post-10704","1":"product","2":"type-product","3":"status-publish","4":"has-post-thumbnail","6":"product_cat-premium","7":"product_cat-ventilacion-premium","8":"product_cat-ventiladores","10":"first","11":"instock","12":"product-type-simple"},"yoast_head":"<!-- This site is optimized with the Yoast SEO Premium plugin v24.0 (Yoast SEO v26.5) - https:\/\/yoast.com\/wordpress\/plugins\/seo\/ -->\n<title>VENTILADOR K\u00dcKEN DE PIE CON BASE REDONDA 45W - K\u00fcken<\/title>\n<meta name=\"description\" content=\"Ventilador de pie k\u00fcken con base redonda y altura regulable. Ligero y f\u00e1cil de transportar. Refresca de manera r\u00e1pida y eficiente. Desc\u00fabrelo aqu\u00ed.\" \/>\n<meta name=\"robots\" content=\"index, follow, max-snippet:-1, max-image-preview:large, max-video-preview:-1\" \/>\n<link rel=\"canonical\" href=\"https:\/\/kuken.es\/nl\/product\/kuken-staande-ventilator-met-ronde-voet-45w\/\" \/>\n<meta property=\"og:locale\" content=\"nl_NL\" \/>\n<meta property=\"og:type\" content=\"article\" \/>\n<meta property=\"og:title\" content=\"VENTILADOR K\u00dcKEN DE PIE CON BASE REDONDA 45W\" \/>\n<meta property=\"og:description\" content=\"Ventilador de pie k\u00fcken con base redonda y altura regulable. Ligero y f\u00e1cil de transportar. Refresca de manera r\u00e1pida y eficiente. Desc\u00fabrelo aqu\u00ed.\" \/>\n<meta property=\"og:url\" content=\"https:\/\/kuken.es\/nl\/product\/kuken-staande-ventilator-met-ronde-voet-45w\/\" \/>\n<meta property=\"og:site_name\" content=\"K\u00fcken\" \/>\n<meta property=\"article:publisher\" content=\"https:\/\/es-es.facebook.com\/alfadyser\/\" \/>\n<meta property=\"article:modified_time\" content=\"2026-02-19T11:34:54+00:00\" \/>\n<meta property=\"og:image\" content=\"https:\/\/kuken.es\/wp-content\/uploads\/8425160343729_03.jpg\" \/>\n\t<meta property=\"og:image:width\" content=\"2000\" \/>\n\t<meta property=\"og:image:height\" content=\"2000\" \/>\n\t<meta property=\"og:image:type\" content=\"image\/jpeg\" \/>\n<meta name=\"twitter:card\" content=\"summary_large_image\" \/>\n<meta name=\"twitter:label1\" content=\"Prijs\" \/>\n\t<meta name=\"twitter:data1\" content=\"\" \/>\n\t<meta name=\"twitter:label2\" content=\"Beschikbaarheid\" \/>\n\t<meta name=\"twitter:data2\" content=\"Op voorraad\" \/>\n<script type=\"application\/ld+json\" class=\"yoast-schema-graph\">{\"@context\":\"https:\/\/schema.org\",\"@graph\":[{\"@type\":\"WebPage\",\"@id\":\"https:\/\/kuken.es\/producto\/ventilador-kuken-de-pie-con-base-redonda-45w\/\",\"url\":\"https:\/\/kuken.es\/producto\/ventilador-kuken-de-pie-con-base-redonda-45w\/\",\"name\":\"VENTILADOR K\u00dcKEN DE PIE CON BASE REDONDA 45W - K\u00fcken\",\"isPartOf\":{\"@id\":\"https:\/\/kuken.es\/#website\"},\"primaryImageOfPage\":{\"@id\":\"https:\/\/kuken.es\/producto\/ventilador-kuken-de-pie-con-base-redonda-45w\/#primaryimage\"},\"image\":{\"@id\":\"https:\/\/kuken.es\/producto\/ventilador-kuken-de-pie-con-base-redonda-45w\/#primaryimage\"},\"thumbnailUrl\":\"https:\/\/kuken.es\/wp-content\/uploads\/8425160343729_03.jpg\",\"datePublished\":\"2023-10-10T12:54:18+00:00\",\"dateModified\":\"2026-02-19T11:34:54+00:00\",\"description\":\"Ventilador de pie k\u00fcken con base redonda y altura regulable. Ligero y f\u00e1cil de transportar. Refresca de manera r\u00e1pida y eficiente. Desc\u00fabrelo aqu\u00ed.\",\"breadcrumb\":{\"@id\":\"https:\/\/kuken.es\/producto\/ventilador-kuken-de-pie-con-base-redonda-45w\/#breadcrumb\"},\"inLanguage\":\"nl-NL\",\"potentialAction\":[{\"@type\":\"ReadAction\",\"target\":[\"https:\/\/kuken.es\/producto\/ventilador-kuken-de-pie-con-base-redonda-45w\/\"]}]},{\"@type\":\"ImageObject\",\"inLanguage\":\"nl-NL\",\"@id\":\"https:\/\/kuken.es\/producto\/ventilador-kuken-de-pie-con-base-redonda-45w\/#primaryimage\",\"url\":\"https:\/\/kuken.es\/wp-content\/uploads\/8425160343729_03.jpg\",\"contentUrl\":\"https:\/\/kuken.es\/wp-content\/uploads\/8425160343729_03.jpg\",\"width\":2000,\"height\":2000},{\"@type\":\"BreadcrumbList\",\"@id\":\"https:\/\/kuken.es\/producto\/ventilador-kuken-de-pie-con-base-redonda-45w\/#breadcrumb\",\"itemListElement\":[{\"@type\":\"ListItem\",\"position\":1,\"name\":\"Portada\",\"item\":\"https:\/\/kuken.es\/\"},{\"@type\":\"ListItem\",\"position\":2,\"name\":\"Productos\",\"item\":\"https:\/\/kuken.es\/productos\/\"},{\"@type\":\"ListItem\",\"position\":3,\"name\":\"VENTILADOR K\u00dcKEN DE PIE CON BASE REDONDA 45W\"}]},{\"@type\":\"WebSite\",\"@id\":\"https:\/\/kuken.es\/#website\",\"url\":\"https:\/\/kuken.es\/\",\"name\":\"K\u00fcken\",\"description\":\"Amplia gama de peque\u00f1o electrodom\u00e9stico k\u00fcken\",\"publisher\":{\"@id\":\"https:\/\/kuken.es\/#organization\"},\"potentialAction\":[{\"@type\":\"SearchAction\",\"target\":{\"@type\":\"EntryPoint\",\"urlTemplate\":\"https:\/\/kuken.es\/?s={search_term_string}\"},\"query-input\":{\"@type\":\"PropertyValueSpecification\",\"valueRequired\":true,\"valueName\":\"search_term_string\"}}],\"inLanguage\":\"nl-NL\"},{\"@type\":\"Organization\",\"@id\":\"https:\/\/kuken.es\/#organization\",\"name\":\"Alfa Dyser\",\"url\":\"https:\/\/kuken.es\/\",\"logo\":{\"@type\":\"ImageObject\",\"inLanguage\":\"nl-NL\",\"@id\":\"https:\/\/kuken.es\/#\/schema\/logo\/image\/\",\"url\":\"https:\/\/kuken.es\/wp-content\/uploads\/2019\/04\/kuken-logo.png\",\"contentUrl\":\"https:\/\/kuken.es\/wp-content\/uploads\/2019\/04\/kuken-logo.png\",\"width\":500,\"height\":191,\"caption\":\"Alfa Dyser\"},\"image\":{\"@id\":\"https:\/\/kuken.es\/#\/schema\/logo\/image\/\"},\"sameAs\":[\"https:\/\/es-es.facebook.com\/alfadyser\/\",\"https:\/\/www.instagram.com\/kuken_appliances\/\"]}]}<\/script>\n<meta property=\"product:price:amount\" content=\"0.00\" \/>\n<meta property=\"product:price:currency\" content=\"EUR\" \/>\n<meta property=\"og:availability\" content=\"instock\" \/>\n<meta property=\"product:availability\" content=\"instock\" \/>\n<meta property=\"product:retailer_item_id\" content=\"34372\" \/>\n<meta property=\"product:condition\" content=\"new\" \/>\n<!-- \/ Yoast SEO Premium plugin. -->","yoast_head_json":{"title":"K\u00dcKEN VLOERVENTILATOR MET RONDE VOET 45W - K\u00fcken","description":"K\u00fcken vloerventilator met ronde voet en verstelbare hoogte. Lichtgewicht en gemakkelijk te vervoeren. Koelt snel en effici\u00ebnt. Ontdek het hier.","robots":{"index":"index","follow":"follow","max-snippet":"max-snippet:-1","max-image-preview":"max-image-preview:large","max-video-preview":"max-video-preview:-1"},"canonical":"https:\/\/kuken.es\/nl\/product\/kuken-staande-ventilator-met-ronde-voet-45w\/","og_locale":"nl_NL","og_type":"article","og_title":"VENTILADOR K\u00dcKEN DE PIE CON BASE REDONDA 45W","og_description":"Ventilador de pie k\u00fcken con base redonda y altura regulable. Ligero y f\u00e1cil de transportar. Refresca de manera r\u00e1pida y eficiente. Desc\u00fabrelo aqu\u00ed.","og_url":"https:\/\/kuken.es\/nl\/product\/kuken-staande-ventilator-met-ronde-voet-45w\/","og_site_name":"K\u00fcken","article_publisher":"https:\/\/es-es.facebook.com\/alfadyser\/","article_modified_time":"2026-02-19T11:34:54+00:00","og_image":[{"width":2000,"height":2000,"url":"https:\/\/kuken.es\/wp-content\/uploads\/8425160343729_03.jpg","type":"image\/jpeg"}],"twitter_card":"summary_large_image","twitter_misc":{"Prijs":"","Beschikbaarheid":"Op voorraad"},"schema":{"@context":"https:\/\/schema.org","@graph":[{"@type":"WebPage","@id":"https:\/\/kuken.es\/producto\/ventilador-kuken-de-pie-con-base-redonda-45w\/","url":"https:\/\/kuken.es\/producto\/ventilador-kuken-de-pie-con-base-redonda-45w\/","name":"K\u00dcKEN VLOERVENTILATOR MET RONDE VOET 45W - K\u00fcken","isPartOf":{"@id":"https:\/\/kuken.es\/#website"},"primaryImageOfPage":{"@id":"https:\/\/kuken.es\/producto\/ventilador-kuken-de-pie-con-base-redonda-45w\/#primaryimage"},"image":{"@id":"https:\/\/kuken.es\/producto\/ventilador-kuken-de-pie-con-base-redonda-45w\/#primaryimage"},"thumbnailUrl":"https:\/\/kuken.es\/wp-content\/uploads\/8425160343729_03.jpg","datePublished":"2023-10-10T12:54:18+00:00","dateModified":"2026-02-19T11:34:54+00:00","description":"K\u00fcken vloerventilator met ronde voet en verstelbare hoogte. Lichtgewicht en gemakkelijk te vervoeren. Koelt snel en effici\u00ebnt. Ontdek het hier.","breadcrumb":{"@id":"https:\/\/kuken.es\/producto\/ventilador-kuken-de-pie-con-base-redonda-45w\/#breadcrumb"},"inLanguage":"nl-NL","potentialAction":[{"@type":"ReadAction","target":["https:\/\/kuken.es\/producto\/ventilador-kuken-de-pie-con-base-redonda-45w\/"]}]},{"@type":"ImageObject","inLanguage":"nl-NL","@id":"https:\/\/kuken.es\/producto\/ventilador-kuken-de-pie-con-base-redonda-45w\/#primaryimage","url":"https:\/\/kuken.es\/wp-content\/uploads\/8425160343729_03.jpg","contentUrl":"https:\/\/kuken.es\/wp-content\/uploads\/8425160343729_03.jpg","width":2000,"height":2000},{"@type":"BreadcrumbList","@id":"https:\/\/kuken.es\/producto\/ventilador-kuken-de-pie-con-base-redonda-45w\/#breadcrumb","itemListElement":[{"@type":"ListItem","position":1,"name":"Portada","item":"https:\/\/kuken.es\/"},{"@type":"ListItem","position":2,"name":"Productos","item":"https:\/\/kuken.es\/productos\/"},{"@type":"ListItem","position":3,"name":"VENTILADOR K\u00dcKEN DE PIE CON BASE REDONDA 45W"}]},{"@type":"WebSite","@id":"https:\/\/kuken.es\/#website","url":"https:\/\/kuken.es\/","name":"K\u00fcken","description":"Uitgebreid assortiment kleine huishoudelijke apparaten van k\u00fcken","publisher":{"@id":"https:\/\/kuken.es\/#organization"},"potentialAction":[{"@type":"SearchAction","target":{"@type":"EntryPoint","urlTemplate":"https:\/\/kuken.es\/?s={search_term_string}"},"query-input":{"@type":"PropertyValueSpecification","valueRequired":true,"valueName":"search_term_string"}}],"inLanguage":"nl-NL"},{"@type":"Organization","@id":"https:\/\/kuken.es\/#organization","name":"Alpha Dyser","url":"https:\/\/kuken.es\/","logo":{"@type":"ImageObject","inLanguage":"nl-NL","@id":"https:\/\/kuken.es\/#\/schema\/logo\/image\/","url":"https:\/\/kuken.es\/wp-content\/uploads\/2019\/04\/kuken-logo.png","contentUrl":"https:\/\/kuken.es\/wp-content\/uploads\/2019\/04\/kuken-logo.png","width":500,"height":191,"caption":"Alfa Dyser"},"image":{"@id":"https:\/\/kuken.es\/#\/schema\/logo\/image\/"},"sameAs":["https:\/\/es-es.facebook.com\/alfadyser\/","https:\/\/www.instagram.com\/kuken_appliances\/"]}]},"product_price_amount":"0.00","product_price_currency":"EUR","og_availability":"instock","product_availability":"instock","product_retailer_item_id":"34372","product_condition":"new"},"_links":{"self":[{"href":"https:\/\/kuken.es\/nl\/wp-json\/wp\/v2\/product\/10704","targetHints":{"allow":["GET"]}}],"collection":[{"href":"https:\/\/kuken.es\/nl\/wp-json\/wp\/v2\/product"}],"about":[{"href":"https:\/\/kuken.es\/nl\/wp-json\/wp\/v2\/types\/product"}],"wp:featuredmedia":[{"embeddable":true,"href":"https:\/\/kuken.es\/nl\/wp-json\/wp\/v2\/media\/10958"}],"wp:attachment":[{"href":"https:\/\/kuken.es\/nl\/wp-json\/wp\/v2\/media?parent=10704"}],"wp:term":[{"taxonomy":"product_brand","embeddable":true,"href":"https:\/\/kuken.es\/nl\/wp-json\/wp\/v2\/product_brand?post=10704"},{"taxonomy":"product_cat","embeddable":true,"href":"https:\/\/kuken.es\/nl\/wp-json\/wp\/v2\/product_cat?post=10704"},{"taxonomy":"product_tag","embeddable":true,"href":"https:\/\/kuken.es\/nl\/wp-json\/wp\/v2\/product_tag?post=10704"}],"curies":[{"name":"wp","href":"https:\/\/api.w.org\/{rel}","templated":true}]}}