{"id":10500,"date":"2023-08-07T12:33:24","date_gmt":"2023-08-07T10:33:24","guid":{"rendered":"https:\/\/kuken.es\/?post_type=product&#038;p=10500"},"modified":"2025-06-02T13:27:59","modified_gmt":"2025-06-02T11:27:59","slug":"aspirador-mano-a-bateria-seco-humedo-kuken-8-4v","status":"publish","type":"product","link":"https:\/\/kuken.es\/nl\/product\/aspirador-mano-a-bateria-seco-humedo-kuken-8-4v\/","title":{"rendered":"KUKEN 8.4V ACCU HANDSTOFZUIGER NAT\/DROOG"},"content":{"rendered":"<p>KUKEN 8.4V ACCU HANDSTOFZUIGER NAT\/DROOG<\/p>\n<ul data-start=\"875\" data-end=\"1638\">\n<li data-start=\"875\" data-end=\"944\">\n<p data-start=\"877\" data-end=\"944\">Sistema ADVANCE CYCLONIC para una succi\u00f3n constante y eficaz.<\/p>\n<\/li>\n<li data-start=\"945\" data-end=\"1018\">\n<p data-start=\"947\" data-end=\"1018\">Aspiraci\u00f3n dual para l\u00edquidos y s\u00f3lidos en m\u00faltiples superficies.<\/p>\n<\/li>\n<li data-start=\"1019\" data-end=\"1085\">\n<p data-start=\"1021\" data-end=\"1085\">Motor DC silencioso, equilibrado en consumo y rendimiento.<\/p>\n<\/li>\n<li data-start=\"1086\" data-end=\"1154\">\n<p data-start=\"1088\" data-end=\"1154\">Potencia de 60W, perfecta para limpiezas dom\u00e9sticas r\u00e1pidas.<\/p>\n<\/li>\n<li data-start=\"1155\" data-end=\"1219\">\n<p data-start=\"1157\" data-end=\"1219\">Fuerza de succi\u00f3n de 4000\u202fPa, \u00f3ptima para uso cotidiano.<\/p>\n<\/li>\n<li data-start=\"1220\" data-end=\"1274\">\n<p data-start=\"1222\" data-end=\"1274\">Dep\u00f3sito de 500 ml, f\u00e1cil de extraer y vaciar.<\/p>\n<\/li>\n<li data-start=\"1275\" data-end=\"1352\">\n<p data-start=\"1277\" data-end=\"1352\">Bater\u00eda recargable de 8.4V (2000mAh) con autonom\u00eda de 17 minutos.<\/p>\n<\/li>\n<li data-start=\"1353\" data-end=\"1426\">\n<p data-start=\"1355\" data-end=\"1426\">Mango ergon\u00f3mico que facilita su manipulaci\u00f3n en zonas estrechas.<\/p>\n<\/li>\n<li data-start=\"1427\" data-end=\"1502\">\n<p data-start=\"1429\" data-end=\"1502\">Filtro lavable, reutilizable para una limpieza sin costes a\u00f1adidos.<\/p>\n<\/li>\n<li data-start=\"1503\" data-end=\"1561\">\n<p data-start=\"1505\" data-end=\"1561\">Incluye accesorios para una limpieza m\u00e1s vers\u00e1til.<\/p>\n<\/li>\n<li data-start=\"1562\" data-end=\"1638\">\n<p data-start=\"1564\" data-end=\"1638\">Apto para hogar y coche, gracias a su tama\u00f1o compacto y funcionalidad.<\/p>\n<\/li>\n<\/ul>\n<div class=\"accordion\"><div class=\"mfn-acc accordion_wrapper  toggle\"><br \/>\n<div class=\"question\"><div class=\"title\"><i class=\"icon-plus acc-icon-plus\" aria-hidden=\"true\"><\/i><i class=\"icon-minus acc-icon-minus\" aria-hidden=\"true\"><\/i>Productgegevens<\/div><div class=\"answer\"><\/p>\n<p><span class=\"label\">KUKEN 8.4V ACCU HANDSTOFZUIGER NAT\/DROOG<\/span><\/p>\n<p><span class=\"label\">EAN<\/span> <span class=\"data\">8425160360023<\/span><br \/>\n<span class=\"label\">Verpakkingseenheid<\/span> <span class=\"data\">1<\/span><br \/>\n<span class=\"label\">Kleur<\/span> <span class=\"data\">Blanco y azul<\/span><br \/>\n<span class=\"label\">Verpakking<\/span> <span class=\"data\">Verfdoos<\/span><br \/>\n<span class=\"label\">Stroom<\/span> <span class=\"data\">8,4V<\/span><br \/>\n<span class=\"label\">Spanning<\/span> <span class=\"data\">230V<\/span><br \/>\n<span class=\"label\">Materiaal<\/span> <span class=\"data\">PC met hoge sterkte<\/span><br \/>\n<span class=\"label\">Gewicht<\/span> <span class=\"data\">0,6 kg.<\/span><br \/>\n<\/div><\/div>\n<br \/>\n<\/div><\/div>\n\n<div class=\"accordion\"><div class=\"mfn-acc accordion_wrapper  toggle\"><br \/>\n<div class=\"question\"><div class=\"title\"><i class=\"icon-plus acc-icon-plus\" aria-hidden=\"true\"><\/i><i class=\"icon-minus acc-icon-minus\" aria-hidden=\"true\"><\/i>Accessoires<\/div><div class=\"answer\"><br \/>\n1 smal mondstuk voor het stofzuigen van hoeken.<br \/>\n2 boquillas circulares para diferentes usos.<br \/>\n1 boquilla con cerdas para aspirar alfombras.<br \/>\n1 tubo extensible para zonas de difi\u0301cil acceso.<\/p>\n<p><\/div><\/div>\n<\/div><\/div>\n\n<div class=\"descargas-producto\"><a href=\"https:\/\/kuken.es\/wp-content\/uploads\/8425160360023_ficha_tecnica.pdf\" target=\"_blank\" rel=\"noopener noreferrer\"><br \/>\n<img loading=\"lazy\" decoding=\"async\" src=\"\/wp-content\/uploads\/2019\/12\/picto-descarrega.png\" alt=\"gegevensblad downloaden\" width=\"23\" height=\"16\" \/>Blad downloaden<\/a><a href=\"https:\/\/kuken.es\/wp-content\/uploads\/36002_instrucciones_compressed.pdf\" target=\"_blank\" rel=\"noopener noreferrer\"><br \/>\n<img loading=\"lazy\" decoding=\"async\" src=\"\/wp-content\/uploads\/2019\/12\/picto-descarrega.png\" alt=\"handleiding downloaden\" width=\"23\" height=\"16\" \/>Handleiding downloaden<\/a><\/div>\n<div><\/div>\n<div><span style=\"color: #bf2121\">Volg ons op sociale media!<\/span><\/div>\n<div><a href=\"https:\/\/www.instagram.com\/kuken_appliances\/\">https:\/\/www.instagram.com\/kuken_appliances\/<\/a><\/div>\n<p><iframe loading=\"lazy\" title=\"Aspirador mano a bater\u00eda seco\/h\u00famedo 8.4v K\u00fcken\" width=\"560\" height=\"315\" src=\"https:\/\/www.youtube.com\/embed\/RoMBGPCttdM?feature=oembed\" frameborder=\"0\" allow=\"accelerometer; autoplay; clipboard-write; encrypted-media; gyroscope; picture-in-picture; web-share\" referrerpolicy=\"strict-origin-when-cross-origin\" allowfullscreen><\/iframe><\/p>","protected":false},"excerpt":{"rendered":"<p data-start=\"547\" data-end=\"711\">Potente, compacto y sin cables. Este aspirador ofrece autonom\u00eda, eficiencia y facilidad de uso para limpiar seco o h\u00famedo en cualquier rinc\u00f3n del hogar o del coche.<\/p>\n<blockquote data-start=\"713\" data-end=\"807\">\n<p data-start=\"715\" data-end=\"807\">\n<\/blockquote>","protected":false},"featured_media":10480,"template":"","meta":[],"product_brand":[],"product_cat":[60,38],"product_tag":[],"class_list":{"0":"post-10500","1":"product","2":"type-product","3":"status-publish","4":"has-post-thumbnail","6":"product_cat-aspiradoras-premium","7":"product_cat-premium","9":"first","10":"instock","11":"product-type-simple"},"yoast_head":"<!-- This site is optimized with the Yoast SEO Premium plugin v24.0 (Yoast SEO v26.5) - https:\/\/yoast.com\/wordpress\/plugins\/seo\/ -->\n<title>ASPIRADOR MANO A BATER\u00cdA SECO\/H\u00daMEDO KUKEN 8.4V - K\u00fcken<\/title>\n<meta name=\"description\" content=\"Nuevo y exclusivo aspirador de mano recargable k\u00fcken. Limpia cualquier superficie seca o humeda mejor y de manera m\u00e1s r\u00e1pida y f\u00e1cil, desc\u00fabrela ahora.\" \/>\n<meta name=\"robots\" content=\"index, follow, max-snippet:-1, max-image-preview:large, max-video-preview:-1\" \/>\n<link rel=\"canonical\" href=\"https:\/\/kuken.es\/nl\/product\/aspirador-mano-a-bateria-seco-humedo-kuken-8-4v\/\" \/>\n<meta property=\"og:locale\" content=\"nl_NL\" \/>\n<meta property=\"og:type\" content=\"article\" \/>\n<meta property=\"og:title\" content=\"ASPIRADOR MANO A BATER\u00cdA SECO\/H\u00daMEDO KUKEN 8.4V\" \/>\n<meta property=\"og:description\" content=\"Nuevo y exclusivo aspirador de mano recargable k\u00fcken. Limpia cualquier superficie seca o humeda mejor y de manera m\u00e1s r\u00e1pida y f\u00e1cil, desc\u00fabrela ahora.\" \/>\n<meta property=\"og:url\" content=\"https:\/\/kuken.es\/nl\/product\/aspirador-mano-a-bateria-seco-humedo-kuken-8-4v\/\" \/>\n<meta property=\"og:site_name\" content=\"K\u00fcken\" \/>\n<meta property=\"article:publisher\" content=\"https:\/\/es-es.facebook.com\/alfadyser\/\" \/>\n<meta property=\"article:modified_time\" content=\"2025-06-02T11:27:59+00:00\" \/>\n<meta property=\"og:image\" content=\"https:\/\/kuken.es\/wp-content\/uploads\/8425160360023_01.jpg\" \/>\n\t<meta property=\"og:image:width\" content=\"2000\" \/>\n\t<meta property=\"og:image:height\" content=\"2000\" \/>\n\t<meta property=\"og:image:type\" content=\"image\/jpeg\" \/>\n<meta name=\"twitter:card\" content=\"summary_large_image\" \/>\n<meta name=\"twitter:label1\" content=\"Prijs\" \/>\n\t<meta name=\"twitter:data1\" content=\"\" \/>\n\t<meta name=\"twitter:label2\" content=\"Beschikbaarheid\" \/>\n\t<meta name=\"twitter:data2\" content=\"Op voorraad\" \/>\n<script type=\"application\/ld+json\" class=\"yoast-schema-graph\">{\"@context\":\"https:\/\/schema.org\",\"@graph\":[{\"@type\":\"WebPage\",\"@id\":\"https:\/\/kuken.es\/producto\/aspirador-mano-a-bateria-seco-humedo-kuken-8-4v\/\",\"url\":\"https:\/\/kuken.es\/producto\/aspirador-mano-a-bateria-seco-humedo-kuken-8-4v\/\",\"name\":\"ASPIRADOR MANO A BATER\u00cdA SECO\/H\u00daMEDO KUKEN 8.4V - K\u00fcken\",\"isPartOf\":{\"@id\":\"https:\/\/kuken.es\/#website\"},\"primaryImageOfPage\":{\"@id\":\"https:\/\/kuken.es\/producto\/aspirador-mano-a-bateria-seco-humedo-kuken-8-4v\/#primaryimage\"},\"image\":{\"@id\":\"https:\/\/kuken.es\/producto\/aspirador-mano-a-bateria-seco-humedo-kuken-8-4v\/#primaryimage\"},\"thumbnailUrl\":\"https:\/\/kuken.es\/wp-content\/uploads\/8425160360023_01.jpg\",\"datePublished\":\"2023-08-07T10:33:24+00:00\",\"dateModified\":\"2025-06-02T11:27:59+00:00\",\"description\":\"Nuevo y exclusivo aspirador de mano recargable k\u00fcken. Limpia cualquier superficie seca o humeda mejor y de manera m\u00e1s r\u00e1pida y f\u00e1cil, desc\u00fabrela ahora.\",\"breadcrumb\":{\"@id\":\"https:\/\/kuken.es\/producto\/aspirador-mano-a-bateria-seco-humedo-kuken-8-4v\/#breadcrumb\"},\"inLanguage\":\"nl-NL\",\"potentialAction\":[{\"@type\":\"ReadAction\",\"target\":[\"https:\/\/kuken.es\/producto\/aspirador-mano-a-bateria-seco-humedo-kuken-8-4v\/\"]}]},{\"@type\":\"ImageObject\",\"inLanguage\":\"nl-NL\",\"@id\":\"https:\/\/kuken.es\/producto\/aspirador-mano-a-bateria-seco-humedo-kuken-8-4v\/#primaryimage\",\"url\":\"https:\/\/kuken.es\/wp-content\/uploads\/8425160360023_01.jpg\",\"contentUrl\":\"https:\/\/kuken.es\/wp-content\/uploads\/8425160360023_01.jpg\",\"width\":2000,\"height\":2000},{\"@type\":\"BreadcrumbList\",\"@id\":\"https:\/\/kuken.es\/producto\/aspirador-mano-a-bateria-seco-humedo-kuken-8-4v\/#breadcrumb\",\"itemListElement\":[{\"@type\":\"ListItem\",\"position\":1,\"name\":\"Portada\",\"item\":\"https:\/\/kuken.es\/\"},{\"@type\":\"ListItem\",\"position\":2,\"name\":\"Productos\",\"item\":\"https:\/\/kuken.es\/productos\/\"},{\"@type\":\"ListItem\",\"position\":3,\"name\":\"ASPIRADOR MANO A BATER\u00cdA SECO\/H\u00daMEDO KUKEN 8.4V\"}]},{\"@type\":\"WebSite\",\"@id\":\"https:\/\/kuken.es\/#website\",\"url\":\"https:\/\/kuken.es\/\",\"name\":\"K\u00fcken\",\"description\":\"Amplia gama de peque\u00f1o electrodom\u00e9stico k\u00fcken\",\"publisher\":{\"@id\":\"https:\/\/kuken.es\/#organization\"},\"potentialAction\":[{\"@type\":\"SearchAction\",\"target\":{\"@type\":\"EntryPoint\",\"urlTemplate\":\"https:\/\/kuken.es\/?s={search_term_string}\"},\"query-input\":{\"@type\":\"PropertyValueSpecification\",\"valueRequired\":true,\"valueName\":\"search_term_string\"}}],\"inLanguage\":\"nl-NL\"},{\"@type\":\"Organization\",\"@id\":\"https:\/\/kuken.es\/#organization\",\"name\":\"Alfa Dyser\",\"url\":\"https:\/\/kuken.es\/\",\"logo\":{\"@type\":\"ImageObject\",\"inLanguage\":\"nl-NL\",\"@id\":\"https:\/\/kuken.es\/#\/schema\/logo\/image\/\",\"url\":\"https:\/\/kuken.es\/wp-content\/uploads\/2019\/04\/kuken-logo.png\",\"contentUrl\":\"https:\/\/kuken.es\/wp-content\/uploads\/2019\/04\/kuken-logo.png\",\"width\":500,\"height\":191,\"caption\":\"Alfa Dyser\"},\"image\":{\"@id\":\"https:\/\/kuken.es\/#\/schema\/logo\/image\/\"},\"sameAs\":[\"https:\/\/es-es.facebook.com\/alfadyser\/\",\"https:\/\/www.instagram.com\/kuken_appliances\/\"]}]}<\/script>\n<meta property=\"product:price:amount\" content=\"0.00\" \/>\n<meta property=\"product:price:currency\" content=\"EUR\" \/>\n<meta property=\"og:availability\" content=\"instock\" \/>\n<meta property=\"product:availability\" content=\"instock\" \/>\n<meta property=\"product:retailer_item_id\" content=\"36002\" \/>\n<meta property=\"product:condition\" content=\"new\" \/>\n<!-- \/ Yoast SEO Premium plugin. -->","yoast_head_json":{"title":"ASPIRADOR MANO A BATER\u00cdA SECO\/H\u00daMEDO KUKEN 8.4V - K\u00fcken","description":"Nieuwe en exclusieve k\u00fcken oplaadbare handstofzuiger. Reinig elk droog of nat oppervlak beter, sneller en gemakkelijker, ontdek het nu.","robots":{"index":"index","follow":"follow","max-snippet":"max-snippet:-1","max-image-preview":"max-image-preview:large","max-video-preview":"max-video-preview:-1"},"canonical":"https:\/\/kuken.es\/nl\/product\/aspirador-mano-a-bateria-seco-humedo-kuken-8-4v\/","og_locale":"nl_NL","og_type":"article","og_title":"ASPIRADOR MANO A BATER\u00cdA SECO\/H\u00daMEDO KUKEN 8.4V","og_description":"Nuevo y exclusivo aspirador de mano recargable k\u00fcken. Limpia cualquier superficie seca o humeda mejor y de manera m\u00e1s r\u00e1pida y f\u00e1cil, desc\u00fabrela ahora.","og_url":"https:\/\/kuken.es\/nl\/product\/aspirador-mano-a-bateria-seco-humedo-kuken-8-4v\/","og_site_name":"K\u00fcken","article_publisher":"https:\/\/es-es.facebook.com\/alfadyser\/","article_modified_time":"2025-06-02T11:27:59+00:00","og_image":[{"width":2000,"height":2000,"url":"https:\/\/kuken.es\/wp-content\/uploads\/8425160360023_01.jpg","type":"image\/jpeg"}],"twitter_card":"summary_large_image","twitter_misc":{"Prijs":"","Beschikbaarheid":"Op voorraad"},"schema":{"@context":"https:\/\/schema.org","@graph":[{"@type":"WebPage","@id":"https:\/\/kuken.es\/producto\/aspirador-mano-a-bateria-seco-humedo-kuken-8-4v\/","url":"https:\/\/kuken.es\/producto\/aspirador-mano-a-bateria-seco-humedo-kuken-8-4v\/","name":"ASPIRADOR MANO A BATER\u00cdA SECO\/H\u00daMEDO KUKEN 8.4V - K\u00fcken","isPartOf":{"@id":"https:\/\/kuken.es\/#website"},"primaryImageOfPage":{"@id":"https:\/\/kuken.es\/producto\/aspirador-mano-a-bateria-seco-humedo-kuken-8-4v\/#primaryimage"},"image":{"@id":"https:\/\/kuken.es\/producto\/aspirador-mano-a-bateria-seco-humedo-kuken-8-4v\/#primaryimage"},"thumbnailUrl":"https:\/\/kuken.es\/wp-content\/uploads\/8425160360023_01.jpg","datePublished":"2023-08-07T10:33:24+00:00","dateModified":"2025-06-02T11:27:59+00:00","description":"Nieuwe en exclusieve k\u00fcken oplaadbare handstofzuiger. Reinig elk droog of nat oppervlak beter, sneller en gemakkelijker, ontdek het nu.","breadcrumb":{"@id":"https:\/\/kuken.es\/producto\/aspirador-mano-a-bateria-seco-humedo-kuken-8-4v\/#breadcrumb"},"inLanguage":"nl-NL","potentialAction":[{"@type":"ReadAction","target":["https:\/\/kuken.es\/producto\/aspirador-mano-a-bateria-seco-humedo-kuken-8-4v\/"]}]},{"@type":"ImageObject","inLanguage":"nl-NL","@id":"https:\/\/kuken.es\/producto\/aspirador-mano-a-bateria-seco-humedo-kuken-8-4v\/#primaryimage","url":"https:\/\/kuken.es\/wp-content\/uploads\/8425160360023_01.jpg","contentUrl":"https:\/\/kuken.es\/wp-content\/uploads\/8425160360023_01.jpg","width":2000,"height":2000},{"@type":"BreadcrumbList","@id":"https:\/\/kuken.es\/producto\/aspirador-mano-a-bateria-seco-humedo-kuken-8-4v\/#breadcrumb","itemListElement":[{"@type":"ListItem","position":1,"name":"Portada","item":"https:\/\/kuken.es\/"},{"@type":"ListItem","position":2,"name":"Productos","item":"https:\/\/kuken.es\/productos\/"},{"@type":"ListItem","position":3,"name":"ASPIRADOR MANO A BATER\u00cdA SECO\/H\u00daMEDO KUKEN 8.4V"}]},{"@type":"WebSite","@id":"https:\/\/kuken.es\/#website","url":"https:\/\/kuken.es\/","name":"K\u00fcken","description":"Uitgebreid assortiment kleine huishoudelijke apparaten van k\u00fcken","publisher":{"@id":"https:\/\/kuken.es\/#organization"},"potentialAction":[{"@type":"SearchAction","target":{"@type":"EntryPoint","urlTemplate":"https:\/\/kuken.es\/?s={search_term_string}"},"query-input":{"@type":"PropertyValueSpecification","valueRequired":true,"valueName":"search_term_string"}}],"inLanguage":"nl-NL"},{"@type":"Organization","@id":"https:\/\/kuken.es\/#organization","name":"Alpha Dyser","url":"https:\/\/kuken.es\/","logo":{"@type":"ImageObject","inLanguage":"nl-NL","@id":"https:\/\/kuken.es\/#\/schema\/logo\/image\/","url":"https:\/\/kuken.es\/wp-content\/uploads\/2019\/04\/kuken-logo.png","contentUrl":"https:\/\/kuken.es\/wp-content\/uploads\/2019\/04\/kuken-logo.png","width":500,"height":191,"caption":"Alfa Dyser"},"image":{"@id":"https:\/\/kuken.es\/#\/schema\/logo\/image\/"},"sameAs":["https:\/\/es-es.facebook.com\/alfadyser\/","https:\/\/www.instagram.com\/kuken_appliances\/"]}]},"product_price_amount":"0.00","product_price_currency":"EUR","og_availability":"instock","product_availability":"instock","product_retailer_item_id":"36002","product_condition":"new"},"_links":{"self":[{"href":"https:\/\/kuken.es\/nl\/wp-json\/wp\/v2\/product\/10500","targetHints":{"allow":["GET"]}}],"collection":[{"href":"https:\/\/kuken.es\/nl\/wp-json\/wp\/v2\/product"}],"about":[{"href":"https:\/\/kuken.es\/nl\/wp-json\/wp\/v2\/types\/product"}],"wp:featuredmedia":[{"embeddable":true,"href":"https:\/\/kuken.es\/nl\/wp-json\/wp\/v2\/media\/10480"}],"wp:attachment":[{"href":"https:\/\/kuken.es\/nl\/wp-json\/wp\/v2\/media?parent=10500"}],"wp:term":[{"taxonomy":"product_brand","embeddable":true,"href":"https:\/\/kuken.es\/nl\/wp-json\/wp\/v2\/product_brand?post=10500"},{"taxonomy":"product_cat","embeddable":true,"href":"https:\/\/kuken.es\/nl\/wp-json\/wp\/v2\/product_cat?post=10500"},{"taxonomy":"product_tag","embeddable":true,"href":"https:\/\/kuken.es\/nl\/wp-json\/wp\/v2\/product_tag?post=10500"}],"curies":[{"name":"wp","href":"https:\/\/api.w.org\/{rel}","templated":true}]}}