{"id":10498,"date":"2023-08-07T12:03:28","date_gmt":"2023-08-07T10:03:28","guid":{"rendered":"https:\/\/kuken.es\/?post_type=product&#038;p=10498"},"modified":"2025-06-02T13:24:40","modified_gmt":"2025-06-02T11:24:40","slug":"kuken-8-4v-accu-handstofzuiger","status":"publish","type":"product","link":"https:\/\/kuken.es\/nl\/product\/kuken-8-4v-accu-handstofzuiger\/","title":{"rendered":"KUKEN 8.4V ACCU HANDSTOFZUIGER."},"content":{"rendered":"<p>KUKEN 8.4V ACCU HANDSTOFZUIGER.<\/p>\n<ul data-start=\"855\" data-end=\"1515\">\n<li data-start=\"855\" data-end=\"929\">\n<p data-start=\"857\" data-end=\"929\">Tecnolog\u00eda ADVANCE CYCLONIC para una succi\u00f3n eficiente y continua.<\/p>\n<\/li>\n<li data-start=\"930\" data-end=\"1002\">\n<p data-start=\"932\" data-end=\"1002\">Aspira en seco y h\u00famedo, ideal para m\u00faltiples tipos de residuos.<\/p>\n<\/li>\n<li data-start=\"1003\" data-end=\"1067\">\n<p data-start=\"1005\" data-end=\"1067\">Motor DC compacto, equilibrado en consumo y rendimiento.<\/p>\n<\/li>\n<li data-start=\"1068\" data-end=\"1129\">\n<p data-start=\"1070\" data-end=\"1129\">Potencia de 60W con fuerza de succi\u00f3n de 4000\u202fPa.<\/p>\n<\/li>\n<li data-start=\"1130\" data-end=\"1186\">\n<p data-start=\"1132\" data-end=\"1186\">Dep\u00f3sito de 200\u202fml, f\u00e1cil de desmontar y vaciar.<\/p>\n<\/li>\n<li data-start=\"1187\" data-end=\"1253\">\n<p data-start=\"1189\" data-end=\"1253\">Bater\u00eda de 8.4V (1800mAh) con autonom\u00eda de 15 minutos.<\/p>\n<\/li>\n<li data-start=\"1254\" data-end=\"1320\">\n<p data-start=\"1256\" data-end=\"1320\">Dise\u00f1o ergon\u00f3mico, c\u00f3modo y ligero para un uso prolongado.<\/p>\n<\/li>\n<li data-start=\"1321\" data-end=\"1392\">\n<p data-start=\"1323\" data-end=\"1392\">Filtro desmontable y lavable, reutilizable y f\u00e1cil de mantener.<\/p>\n<\/li>\n<li data-start=\"1393\" data-end=\"1458\">\n<p data-start=\"1395\" data-end=\"1458\">Incluye 4 boquillas y un cepillo especial para alfombras.<\/p>\n<\/li>\n<li data-start=\"1459\" data-end=\"1515\">\n<p data-start=\"1461\" data-end=\"1515\">Perfecto para limpieza en casa o dentro del coche.<\/p>\n<\/li>\n<\/ul>\n<div class=\"accordion\"><div class=\"mfn-acc accordion_wrapper  toggle\"><div class=\"question\"><div class=\"title\"><i class=\"icon-plus acc-icon-plus\" aria-hidden=\"true\"><\/i><i class=\"icon-minus acc-icon-minus\" aria-hidden=\"true\"><\/i>Productgegevens<\/div><div class=\"answer\"><\/p>\n<p><span class=\"label\">KUKEN 8.4V ACCU HANDSTOFZUIGER.<\/span><\/p>\n<p><span class=\"label\">EAN<\/span> <span class=\"data\">8425160351601<\/span><br \/>\n<span class=\"label\">Verpakkingseenheid<\/span> <span class=\"data\">1<\/span><br \/>\n<span class=\"label\">Kleur<\/span> <span class=\"data\">Wit en blauw<\/span><br \/>\n<span class=\"label\">Verpakking<\/span> <span class=\"data\">Verfdoos<\/span><br \/>\n<span class=\"label\">Stroom<\/span> <span class=\"data\">8,4 V<\/span><br \/>\n<span class=\"label\">Spanning<\/span> <span class=\"data\">230 V<\/span><br \/>\n<span class=\"label\">Materiaal<\/span> <span class=\"data\">PC met hoge sterkte<\/span><br \/>\n<span class=\"label\">Gewicht<\/span> <span class=\"data\">0,6 kg<\/span><br \/>\n<\/div><\/div>\n<br \/>\n<\/div><\/div>\n\n<div class=\"accordion\"><div class=\"mfn-acc accordion_wrapper  toggle\"><br \/>\n<div class=\"question\"><div class=\"title\"><i class=\"icon-plus acc-icon-plus\" aria-hidden=\"true\"><\/i><i class=\"icon-minus acc-icon-minus\" aria-hidden=\"true\"><\/i>Accessoires<\/div><div class=\"answer\"><br \/>\n1 smal mondstuk voor het stofzuigen van hoeken.<br \/>\n2 brede mondstukken voor verschillende toepassingen.<br \/>\n1 mondstuk met borstelharen voor tapijten.<br \/>\n1 uitschuifbare slang voor moeilijk bereikbare plekken.<br \/>\n<\/div><\/div>\n<br \/>\n<\/div><\/div>\n\n<p>&nbsp;<\/p>\n<div class=\"descargas-producto\"><img loading=\"lazy\" decoding=\"async\" src=\"\/wp-content\/uploads\/2019\/12\/picto-descarrega.png\" alt=\"gegevensblad downloaden\" width=\"23\" height=\"16\" \/><a href=\"https:\/\/kuken.es\/wp-content\/uploads\/8425160351601_ficha_tecnica.pdf\">Blad downloaden<\/a><br \/>\n<img loading=\"lazy\" decoding=\"async\" src=\"\/wp-content\/uploads\/2019\/12\/picto-descarrega.png\" alt=\"handleiding downloaden\" width=\"23\" height=\"16\" \/><a href=\"https:\/\/kuken.es\/wp-content\/uploads\/35160_instrucciones_compressed.pdf\">Handleiding downloaden<\/a><\/div>\n<div><span style=\"color: #bf2121\">Volg ons op sociale media!<\/span><\/div>\n<div><a href=\"https:\/\/www.instagram.com\/kuken_appliances\/\">https:\/\/www.instagram.com\/kuken_appliances\/<\/a><\/div>","protected":false},"excerpt":{"rendered":"<p data-start=\"535\" data-end=\"693\">Limpieza r\u00e1pida y eficaz donde lo necesites. Este modelo inal\u00e1mbrico incluye m\u00faltiples accesorios y potencia cicl\u00f3nica para mantener todo limpio sin esfuerzo.<\/p>\n<blockquote data-start=\"695\" data-end=\"787\">\n<p data-start=\"697\" data-end=\"787\">\n<\/blockquote>","protected":false},"featured_media":10476,"template":"","meta":[],"product_brand":[],"product_cat":[60,38],"product_tag":[],"class_list":{"0":"post-10498","1":"product","2":"type-product","3":"status-publish","4":"has-post-thumbnail","6":"product_cat-aspiradoras-premium","7":"product_cat-premium","9":"first","10":"instock","11":"product-type-simple"},"yoast_head":"<!-- This site is optimized with the Yoast SEO Premium plugin v24.0 (Yoast SEO v26.5) - https:\/\/yoast.com\/wordpress\/plugins\/seo\/ -->\n<title>ASPIRADOR MANO A BATER\u00cdA KUKEN 8.4V. - K\u00fcken<\/title>\n<meta name=\"description\" content=\"Aspirador mano a bater\u00eda Kuken 8.4V con succi\u00f3n cicl\u00f3nica, compacto, potente y con accesorios. Ideal para limpieza en seco y h\u00famedo en coche o casa.\" \/>\n<meta name=\"robots\" content=\"index, follow, max-snippet:-1, max-image-preview:large, max-video-preview:-1\" \/>\n<link rel=\"canonical\" href=\"https:\/\/kuken.es\/nl\/product\/kuken-8-4v-accu-handstofzuiger\/\" \/>\n<meta property=\"og:locale\" content=\"nl_NL\" \/>\n<meta property=\"og:type\" content=\"article\" \/>\n<meta property=\"og:title\" content=\"ASPIRADOR MANO A BATER\u00cdA KUKEN 8.4V.\" \/>\n<meta property=\"og:description\" content=\"Aspirador mano a bater\u00eda Kuken 8.4V con succi\u00f3n cicl\u00f3nica, compacto, potente y con accesorios. Ideal para limpieza en seco y h\u00famedo en coche o casa.\" \/>\n<meta property=\"og:url\" content=\"https:\/\/kuken.es\/nl\/product\/kuken-8-4v-accu-handstofzuiger\/\" \/>\n<meta property=\"og:site_name\" content=\"K\u00fcken\" \/>\n<meta property=\"article:publisher\" content=\"https:\/\/es-es.facebook.com\/alfadyser\/\" \/>\n<meta property=\"article:modified_time\" content=\"2025-06-02T11:24:40+00:00\" \/>\n<meta property=\"og:image\" content=\"https:\/\/kuken.es\/wp-content\/uploads\/8425160351601_01.jpg\" \/>\n\t<meta property=\"og:image:width\" content=\"2000\" \/>\n\t<meta property=\"og:image:height\" content=\"2000\" \/>\n\t<meta property=\"og:image:type\" content=\"image\/jpeg\" \/>\n<meta name=\"twitter:card\" content=\"summary_large_image\" \/>\n<meta name=\"twitter:label1\" content=\"Prijs\" \/>\n\t<meta name=\"twitter:data1\" content=\"\" \/>\n\t<meta name=\"twitter:label2\" content=\"Beschikbaarheid\" \/>\n\t<meta name=\"twitter:data2\" content=\"Op voorraad\" \/>\n<script type=\"application\/ld+json\" class=\"yoast-schema-graph\">{\"@context\":\"https:\/\/schema.org\",\"@graph\":[{\"@type\":\"WebPage\",\"@id\":\"https:\/\/kuken.es\/producto\/aspirador-mano-a-bateria-kuken-8-4v\/\",\"url\":\"https:\/\/kuken.es\/producto\/aspirador-mano-a-bateria-kuken-8-4v\/\",\"name\":\"ASPIRADOR MANO A BATER\u00cdA KUKEN 8.4V. - K\u00fcken\",\"isPartOf\":{\"@id\":\"https:\/\/kuken.es\/#website\"},\"primaryImageOfPage\":{\"@id\":\"https:\/\/kuken.es\/producto\/aspirador-mano-a-bateria-kuken-8-4v\/#primaryimage\"},\"image\":{\"@id\":\"https:\/\/kuken.es\/producto\/aspirador-mano-a-bateria-kuken-8-4v\/#primaryimage\"},\"thumbnailUrl\":\"https:\/\/kuken.es\/wp-content\/uploads\/8425160351601_01.jpg\",\"datePublished\":\"2023-08-07T10:03:28+00:00\",\"dateModified\":\"2025-06-02T11:24:40+00:00\",\"description\":\"Aspirador mano a bater\u00eda Kuken 8.4V con succi\u00f3n cicl\u00f3nica, compacto, potente y con accesorios. Ideal para limpieza en seco y h\u00famedo en coche o casa.\",\"breadcrumb\":{\"@id\":\"https:\/\/kuken.es\/producto\/aspirador-mano-a-bateria-kuken-8-4v\/#breadcrumb\"},\"inLanguage\":\"nl-NL\",\"potentialAction\":[{\"@type\":\"ReadAction\",\"target\":[\"https:\/\/kuken.es\/producto\/aspirador-mano-a-bateria-kuken-8-4v\/\"]}]},{\"@type\":\"ImageObject\",\"inLanguage\":\"nl-NL\",\"@id\":\"https:\/\/kuken.es\/producto\/aspirador-mano-a-bateria-kuken-8-4v\/#primaryimage\",\"url\":\"https:\/\/kuken.es\/wp-content\/uploads\/8425160351601_01.jpg\",\"contentUrl\":\"https:\/\/kuken.es\/wp-content\/uploads\/8425160351601_01.jpg\",\"width\":2000,\"height\":2000},{\"@type\":\"BreadcrumbList\",\"@id\":\"https:\/\/kuken.es\/producto\/aspirador-mano-a-bateria-kuken-8-4v\/#breadcrumb\",\"itemListElement\":[{\"@type\":\"ListItem\",\"position\":1,\"name\":\"Portada\",\"item\":\"https:\/\/kuken.es\/\"},{\"@type\":\"ListItem\",\"position\":2,\"name\":\"Productos\",\"item\":\"https:\/\/kuken.es\/productos\/\"},{\"@type\":\"ListItem\",\"position\":3,\"name\":\"ASPIRADOR MANO A BATER\u00cdA KUKEN 8.4V.\"}]},{\"@type\":\"WebSite\",\"@id\":\"https:\/\/kuken.es\/#website\",\"url\":\"https:\/\/kuken.es\/\",\"name\":\"K\u00fcken\",\"description\":\"Amplia gama de peque\u00f1o electrodom\u00e9stico k\u00fcken\",\"publisher\":{\"@id\":\"https:\/\/kuken.es\/#organization\"},\"potentialAction\":[{\"@type\":\"SearchAction\",\"target\":{\"@type\":\"EntryPoint\",\"urlTemplate\":\"https:\/\/kuken.es\/?s={search_term_string}\"},\"query-input\":{\"@type\":\"PropertyValueSpecification\",\"valueRequired\":true,\"valueName\":\"search_term_string\"}}],\"inLanguage\":\"nl-NL\"},{\"@type\":\"Organization\",\"@id\":\"https:\/\/kuken.es\/#organization\",\"name\":\"Alfa Dyser\",\"url\":\"https:\/\/kuken.es\/\",\"logo\":{\"@type\":\"ImageObject\",\"inLanguage\":\"nl-NL\",\"@id\":\"https:\/\/kuken.es\/#\/schema\/logo\/image\/\",\"url\":\"https:\/\/kuken.es\/wp-content\/uploads\/2019\/04\/kuken-logo.png\",\"contentUrl\":\"https:\/\/kuken.es\/wp-content\/uploads\/2019\/04\/kuken-logo.png\",\"width\":500,\"height\":191,\"caption\":\"Alfa Dyser\"},\"image\":{\"@id\":\"https:\/\/kuken.es\/#\/schema\/logo\/image\/\"},\"sameAs\":[\"https:\/\/es-es.facebook.com\/alfadyser\/\",\"https:\/\/www.instagram.com\/kuken_appliances\/\"]}]}<\/script>\n<meta property=\"product:price:amount\" content=\"0.00\" \/>\n<meta property=\"product:price:currency\" content=\"EUR\" \/>\n<meta property=\"og:availability\" content=\"instock\" \/>\n<meta property=\"product:availability\" content=\"instock\" \/>\n<meta property=\"product:retailer_item_id\" content=\"35160\" \/>\n<meta property=\"product:condition\" content=\"new\" \/>\n<!-- \/ Yoast SEO Premium plugin. -->","yoast_head_json":{"title":"KUKEN 8.4V ACCU HANDSTOFZUIGER. - K\u00fcken","description":"Aspirador mano a bater\u00eda Kuken 8.4V con succi\u00f3n cicl\u00f3nica, compacto, potente y con accesorios. Ideal para limpieza en seco y h\u00famedo en coche o casa.","robots":{"index":"index","follow":"follow","max-snippet":"max-snippet:-1","max-image-preview":"max-image-preview:large","max-video-preview":"max-video-preview:-1"},"canonical":"https:\/\/kuken.es\/nl\/product\/kuken-8-4v-accu-handstofzuiger\/","og_locale":"nl_NL","og_type":"article","og_title":"ASPIRADOR MANO A BATER\u00cdA KUKEN 8.4V.","og_description":"Aspirador mano a bater\u00eda Kuken 8.4V con succi\u00f3n cicl\u00f3nica, compacto, potente y con accesorios. Ideal para limpieza en seco y h\u00famedo en coche o casa.","og_url":"https:\/\/kuken.es\/nl\/product\/kuken-8-4v-accu-handstofzuiger\/","og_site_name":"K\u00fcken","article_publisher":"https:\/\/es-es.facebook.com\/alfadyser\/","article_modified_time":"2025-06-02T11:24:40+00:00","og_image":[{"width":2000,"height":2000,"url":"https:\/\/kuken.es\/wp-content\/uploads\/8425160351601_01.jpg","type":"image\/jpeg"}],"twitter_card":"summary_large_image","twitter_misc":{"Prijs":"","Beschikbaarheid":"Op voorraad"},"schema":{"@context":"https:\/\/schema.org","@graph":[{"@type":"WebPage","@id":"https:\/\/kuken.es\/producto\/aspirador-mano-a-bateria-kuken-8-4v\/","url":"https:\/\/kuken.es\/producto\/aspirador-mano-a-bateria-kuken-8-4v\/","name":"KUKEN 8.4V ACCU HANDSTOFZUIGER. - K\u00fcken","isPartOf":{"@id":"https:\/\/kuken.es\/#website"},"primaryImageOfPage":{"@id":"https:\/\/kuken.es\/producto\/aspirador-mano-a-bateria-kuken-8-4v\/#primaryimage"},"image":{"@id":"https:\/\/kuken.es\/producto\/aspirador-mano-a-bateria-kuken-8-4v\/#primaryimage"},"thumbnailUrl":"https:\/\/kuken.es\/wp-content\/uploads\/8425160351601_01.jpg","datePublished":"2023-08-07T10:03:28+00:00","dateModified":"2025-06-02T11:24:40+00:00","description":"Aspirador mano a bater\u00eda Kuken 8.4V con succi\u00f3n cicl\u00f3nica, compacto, potente y con accesorios. Ideal para limpieza en seco y h\u00famedo en coche o casa.","breadcrumb":{"@id":"https:\/\/kuken.es\/producto\/aspirador-mano-a-bateria-kuken-8-4v\/#breadcrumb"},"inLanguage":"nl-NL","potentialAction":[{"@type":"ReadAction","target":["https:\/\/kuken.es\/producto\/aspirador-mano-a-bateria-kuken-8-4v\/"]}]},{"@type":"ImageObject","inLanguage":"nl-NL","@id":"https:\/\/kuken.es\/producto\/aspirador-mano-a-bateria-kuken-8-4v\/#primaryimage","url":"https:\/\/kuken.es\/wp-content\/uploads\/8425160351601_01.jpg","contentUrl":"https:\/\/kuken.es\/wp-content\/uploads\/8425160351601_01.jpg","width":2000,"height":2000},{"@type":"BreadcrumbList","@id":"https:\/\/kuken.es\/producto\/aspirador-mano-a-bateria-kuken-8-4v\/#breadcrumb","itemListElement":[{"@type":"ListItem","position":1,"name":"Portada","item":"https:\/\/kuken.es\/"},{"@type":"ListItem","position":2,"name":"Productos","item":"https:\/\/kuken.es\/productos\/"},{"@type":"ListItem","position":3,"name":"ASPIRADOR MANO A BATER\u00cdA KUKEN 8.4V."}]},{"@type":"WebSite","@id":"https:\/\/kuken.es\/#website","url":"https:\/\/kuken.es\/","name":"K\u00fcken","description":"Uitgebreid assortiment kleine huishoudelijke apparaten van k\u00fcken","publisher":{"@id":"https:\/\/kuken.es\/#organization"},"potentialAction":[{"@type":"SearchAction","target":{"@type":"EntryPoint","urlTemplate":"https:\/\/kuken.es\/?s={search_term_string}"},"query-input":{"@type":"PropertyValueSpecification","valueRequired":true,"valueName":"search_term_string"}}],"inLanguage":"nl-NL"},{"@type":"Organization","@id":"https:\/\/kuken.es\/#organization","name":"Alpha Dyser","url":"https:\/\/kuken.es\/","logo":{"@type":"ImageObject","inLanguage":"nl-NL","@id":"https:\/\/kuken.es\/#\/schema\/logo\/image\/","url":"https:\/\/kuken.es\/wp-content\/uploads\/2019\/04\/kuken-logo.png","contentUrl":"https:\/\/kuken.es\/wp-content\/uploads\/2019\/04\/kuken-logo.png","width":500,"height":191,"caption":"Alfa Dyser"},"image":{"@id":"https:\/\/kuken.es\/#\/schema\/logo\/image\/"},"sameAs":["https:\/\/es-es.facebook.com\/alfadyser\/","https:\/\/www.instagram.com\/kuken_appliances\/"]}]},"product_price_amount":"0.00","product_price_currency":"EUR","og_availability":"instock","product_availability":"instock","product_retailer_item_id":"35160","product_condition":"new"},"_links":{"self":[{"href":"https:\/\/kuken.es\/nl\/wp-json\/wp\/v2\/product\/10498","targetHints":{"allow":["GET"]}}],"collection":[{"href":"https:\/\/kuken.es\/nl\/wp-json\/wp\/v2\/product"}],"about":[{"href":"https:\/\/kuken.es\/nl\/wp-json\/wp\/v2\/types\/product"}],"wp:featuredmedia":[{"embeddable":true,"href":"https:\/\/kuken.es\/nl\/wp-json\/wp\/v2\/media\/10476"}],"wp:attachment":[{"href":"https:\/\/kuken.es\/nl\/wp-json\/wp\/v2\/media?parent=10498"}],"wp:term":[{"taxonomy":"product_brand","embeddable":true,"href":"https:\/\/kuken.es\/nl\/wp-json\/wp\/v2\/product_brand?post=10498"},{"taxonomy":"product_cat","embeddable":true,"href":"https:\/\/kuken.es\/nl\/wp-json\/wp\/v2\/product_cat?post=10498"},{"taxonomy":"product_tag","embeddable":true,"href":"https:\/\/kuken.es\/nl\/wp-json\/wp\/v2\/product_tag?post=10498"}],"curies":[{"name":"wp","href":"https:\/\/api.w.org\/{rel}","templated":true}]}}