{"id":9124,"date":"2022-08-01T11:35:46","date_gmt":"2022-08-01T09:35:46","guid":{"rendered":"https:\/\/kuken.es\/?post_type=product&#038;p=9124"},"modified":"2025-06-02T11:19:07","modified_gmt":"2025-06-02T09:19:07","slug":"plancha-de-vapor-2600w-suela-ceramica-kuken","status":"publish","type":"product","link":"https:\/\/kuken.es\/fr\/produit\/plancha-de-vapor-2600w-suela-ceramica-kuken\/","title":{"rendered":"FER A VAPEUR KUKEN 2600W SEMELLE EN CERAMIQUE KUKEN"},"content":{"rendered":"<p>FER A VAPEUR KUKEN 2600W SEMELLE EN CERAMIQUE KUKEN<\/p>\n<ul>\n<li data-start=\"965\" data-end=\"1046\">\n<p data-start=\"967\" data-end=\"1046\">Potencia de 2600W, calienta r\u00e1pidamente y mantiene temperatura constante.<\/p>\n<\/li>\n<li data-start=\"1047\" data-end=\"1124\">\n<p data-start=\"1049\" data-end=\"1124\">Suela de cer\u00e1mica ultra-deslizante, anti-ara\u00f1azos y f\u00e1cil de manejar.<\/p>\n<\/li>\n<li data-start=\"1125\" data-end=\"1188\">\n<p data-start=\"1127\" data-end=\"1188\">Golpe de vapor de 140\u202fg\/min, elimina arrugas dif\u00edciles.<\/p>\n<\/li>\n<li data-start=\"1189\" data-end=\"1260\">\n<p data-start=\"1191\" data-end=\"1260\">Vapor continuo regulable de 0 a 30\u202fg\/min, seg\u00fan tipo de prenda.<\/p>\n<\/li>\n<li data-start=\"1261\" data-end=\"1333\">\n<p data-start=\"1263\" data-end=\"1333\">Funciones spray difusor y vapor ON\/OFF, para mayor versatilidad.<\/p>\n<\/li>\n<li data-start=\"1334\" data-end=\"1397\">\n<p data-start=\"1336\" data-end=\"1397\">Selector de temperatura variable, ajustable por tejido.<\/p>\n<\/li>\n<li data-start=\"1398\" data-end=\"1461\">\n<p data-start=\"1400\" data-end=\"1461\">Dep\u00f3sito de agua trasl\u00facido de 320\u202fml, f\u00e1cil de llenar.<\/p>\n<\/li>\n<li data-start=\"1462\" data-end=\"1534\">\n<p data-start=\"1464\" data-end=\"1534\">Autoapagado inteligente: 30\u202fs en horizontal \/ 8\u202fmin en vertical.<\/p>\n<\/li>\n<li data-start=\"1535\" data-end=\"1595\">\n<p data-start=\"1537\" data-end=\"1595\">Sistema 3 en 1: anti-cal, anti-goteo y autolimpieza.<\/p>\n<\/li>\n<li data-start=\"1596\" data-end=\"1660\">\n<p data-start=\"1598\" data-end=\"1660\">Cable de 1,9\u202fm con giro 360\u00b0 y asa ergon\u00f3mica confort.<\/p>\n<\/li>\n<\/ul>\n<p><div class=\"accordion\"><div class=\"mfn-acc accordion_wrapper  toggle\"><div class=\"question\"><div class=\"title\"><i class=\"icon-plus acc-icon-plus\" aria-hidden=\"true\"><\/i><i class=\"icon-minus acc-icon-minus\" aria-hidden=\"true\"><\/i>Donn\u00e9es du produit<\/div><div class=\"answer\">EAN 8425160355364<\/p>\n<p>FER A VAPEUR KUKEN 2600W SEMELLE EN CERAMIQUE KUKEN<\/p>\n<p>Unit\u00e9 d'emballage 1<br \/>\nColor Negro, blanco y azul.<br \/>\nEmballage Couleur Bo\u00eete<br \/>\nPotencia 2600 W<br \/>\nTension 230 V<br \/>\nCapacidad Dep\u00f3sito 320 ml<br \/>\nMat\u00e9riau PC<br \/>\nSuela Cer\u00e1mica<br \/>\nPoids : 1,5 kg.<\/div><\/div>\n<\/div><\/div>\n<br \/>\n<div class=\"accordion\"><div class=\"mfn-acc accordion_wrapper  toggle\"><div class=\"question\"><div class=\"title\"><i class=\"icon-plus acc-icon-plus\" aria-hidden=\"true\"><\/i><i class=\"icon-minus acc-icon-minus\" aria-hidden=\"true\"><\/i>Accessoires<\/div><div class=\"answer\"><\/div><\/div>\n<\/div><\/div>\n<\/p>\n<div class=\"descargas-producto\"><a href=\"\/wp-content\/uploads\/pdf\/8425160339425_ficha_tecnica.pdf\" target=\"_blank\" rel=\"noopener noreferrer\"><br \/>\n<\/a><a href=\"https:\/\/kuken.es\/wp-content\/uploads\/8425160355364_ficha_tecnica.pdf\"><img loading=\"lazy\" decoding=\"async\" src=\"\/wp-content\/uploads\/2019\/12\/picto-descarrega.png\" alt=\"t\u00e9l\u00e9charger la fiche technique\" width=\"23\" height=\"16\" \/>T\u00e9l\u00e9charger la fiche<\/a><a href=\"\/wp-content\/uploads\/pdf\/home\" target=\"_blank\" rel=\"noopener noreferrer\"><br \/>\n<\/a><a href=\"https:\/\/kuken.es\/wp-content\/uploads\/35536_instrucciones.pdf\"><img loading=\"lazy\" decoding=\"async\" src=\"\/wp-content\/uploads\/2019\/12\/picto-descarrega.png\" alt=\"t\u00e9l\u00e9charger le manuel d&#039;instructions\" width=\"23\" height=\"16\" \/>T\u00e9l\u00e9charger le manuel<\/a><\/div>\n<div><\/div>\n<div><span style=\"color: #bf2121\">Suivez-nous sur les m\u00e9dias sociaux !<\/span><\/div>\n<div><a href=\"https:\/\/www.instagram.com\/kuken_appliances\/\">https:\/\/www.instagram.com\/kuken_appliances\/<\/a><\/div>\n<p><iframe loading=\"lazy\" title=\"Plancha de vapor k\u00fcken\" width=\"560\" height=\"315\" src=\"https:\/\/www.youtube.com\/embed\/erX3y6Q8nxQ?feature=oembed\" frameborder=\"0\" allow=\"accelerometer; autoplay; clipboard-write; encrypted-media; gyroscope; picture-in-picture; web-share\" referrerpolicy=\"strict-origin-when-cross-origin\" allowfullscreen><\/iframe><\/p>","protected":false},"excerpt":{"rendered":"<p data-start=\"610\" data-end=\"769\">Planchado eficaz con menos esfuerzo. Esta plancha cer\u00e1mica ofrece vapor potente, autoapagado, control t\u00e9rmico y un dise\u00f1o c\u00f3modo para un resultado profesional.<\/p>\n<blockquote data-start=\"771\" data-end=\"897\">\n<p data-start=\"773\" data-end=\"897\">\n<\/blockquote>","protected":false},"featured_media":7500,"template":"","meta":[],"product_brand":[],"product_cat":[62],"product_tag":[],"class_list":{"0":"post-9124","1":"product","2":"type-product","3":"status-publish","4":"has-post-thumbnail","6":"product_cat-planchas-premium","8":"first","9":"instock","10":"shipping-taxable","11":"product-type-simple"},"yoast_head":"<!-- This site is optimized with the Yoast SEO Premium plugin v24.0 (Yoast SEO v26.5) - https:\/\/yoast.com\/wordpress\/plugins\/seo\/ -->\n<title>PLANCHA DE VAPOR 2600W SUELA CER\u00c1MICA KUKEN - K\u00fcken<\/title>\n<meta name=\"description\" content=\"Plancha de vapor 2600W suela cer\u00e1mica K\u00fcken con golpe de vapor 140\u202fg\/min, autoapagado, cable 360\u00b0 y sistema antical. Precisi\u00f3n y suavidad al planchar.\" \/>\n<meta name=\"robots\" content=\"index, follow, max-snippet:-1, max-image-preview:large, max-video-preview:-1\" \/>\n<link rel=\"canonical\" href=\"https:\/\/kuken.es\/fr\/produit\/plancha-de-vapor-2600w-suela-ceramica-kuken\/\" \/>\n<meta property=\"og:locale\" content=\"fr_FR\" \/>\n<meta property=\"og:type\" content=\"article\" \/>\n<meta property=\"og:title\" content=\"PLANCHA DE VAPOR 2600W SUELA CER\u00c1MICA KUKEN\" \/>\n<meta property=\"og:description\" content=\"Plancha de vapor 2600W suela cer\u00e1mica K\u00fcken con golpe de vapor 140\u202fg\/min, autoapagado, cable 360\u00b0 y sistema antical. Precisi\u00f3n y suavidad al planchar.\" \/>\n<meta property=\"og:url\" content=\"https:\/\/kuken.es\/fr\/produit\/plancha-de-vapor-2600w-suela-ceramica-kuken\/\" \/>\n<meta property=\"og:site_name\" content=\"K\u00fcken\" \/>\n<meta property=\"article:publisher\" content=\"https:\/\/es-es.facebook.com\/alfadyser\/\" \/>\n<meta property=\"article:modified_time\" content=\"2025-06-02T09:19:07+00:00\" \/>\n<meta property=\"og:image\" content=\"https:\/\/kuken.es\/wp-content\/uploads\/8425160360894_01.jpg\" \/>\n\t<meta property=\"og:image:width\" content=\"2000\" \/>\n\t<meta property=\"og:image:height\" content=\"2000\" \/>\n\t<meta property=\"og:image:type\" content=\"image\/jpeg\" \/>\n<meta name=\"twitter:card\" content=\"summary_large_image\" \/>\n<meta name=\"twitter:label1\" content=\"Prix\" \/>\n\t<meta name=\"twitter:data1\" content=\"\" \/>\n\t<meta name=\"twitter:label2\" content=\"Disponibilit\u00e9\" \/>\n\t<meta name=\"twitter:data2\" content=\"En stock\" \/>\n<script type=\"application\/ld+json\" class=\"yoast-schema-graph\">{\"@context\":\"https:\/\/schema.org\",\"@graph\":[{\"@type\":\"WebPage\",\"@id\":\"https:\/\/kuken.es\/producto\/plancha-de-vapor-2600w-suela-ceramica-kuken\/\",\"url\":\"https:\/\/kuken.es\/producto\/plancha-de-vapor-2600w-suela-ceramica-kuken\/\",\"name\":\"PLANCHA DE VAPOR 2600W SUELA CER\u00c1MICA KUKEN - K\u00fcken\",\"isPartOf\":{\"@id\":\"https:\/\/kuken.es\/#website\"},\"primaryImageOfPage\":{\"@id\":\"https:\/\/kuken.es\/producto\/plancha-de-vapor-2600w-suela-ceramica-kuken\/#primaryimage\"},\"image\":{\"@id\":\"https:\/\/kuken.es\/producto\/plancha-de-vapor-2600w-suela-ceramica-kuken\/#primaryimage\"},\"thumbnailUrl\":\"https:\/\/kuken.es\/wp-content\/uploads\/8425160360894_01.jpg\",\"datePublished\":\"2022-08-01T09:35:46+00:00\",\"dateModified\":\"2025-06-02T09:19:07+00:00\",\"description\":\"Plancha de vapor 2600W suela cer\u00e1mica K\u00fcken con golpe de vapor 140\u202fg\/min, autoapagado, cable 360\u00b0 y sistema antical. Precisi\u00f3n y suavidad al planchar.\",\"breadcrumb\":{\"@id\":\"https:\/\/kuken.es\/producto\/plancha-de-vapor-2600w-suela-ceramica-kuken\/#breadcrumb\"},\"inLanguage\":\"fr-FR\",\"potentialAction\":[{\"@type\":\"ReadAction\",\"target\":[\"https:\/\/kuken.es\/producto\/plancha-de-vapor-2600w-suela-ceramica-kuken\/\"]}]},{\"@type\":\"ImageObject\",\"inLanguage\":\"fr-FR\",\"@id\":\"https:\/\/kuken.es\/producto\/plancha-de-vapor-2600w-suela-ceramica-kuken\/#primaryimage\",\"url\":\"https:\/\/kuken.es\/wp-content\/uploads\/8425160360894_01.jpg\",\"contentUrl\":\"https:\/\/kuken.es\/wp-content\/uploads\/8425160360894_01.jpg\",\"width\":2000,\"height\":2000,\"caption\":\"Plancha de vapor kuken\"},{\"@type\":\"BreadcrumbList\",\"@id\":\"https:\/\/kuken.es\/producto\/plancha-de-vapor-2600w-suela-ceramica-kuken\/#breadcrumb\",\"itemListElement\":[{\"@type\":\"ListItem\",\"position\":1,\"name\":\"Portada\",\"item\":\"https:\/\/kuken.es\/\"},{\"@type\":\"ListItem\",\"position\":2,\"name\":\"Productos\",\"item\":\"https:\/\/kuken.es\/productos\/\"},{\"@type\":\"ListItem\",\"position\":3,\"name\":\"PLANCHA DE VAPOR 2600W SUELA CER\u00c1MICA KUKEN\"}]},{\"@type\":\"WebSite\",\"@id\":\"https:\/\/kuken.es\/#website\",\"url\":\"https:\/\/kuken.es\/\",\"name\":\"K\u00fcken\",\"description\":\"Amplia gama de peque\u00f1o electrodom\u00e9stico k\u00fcken\",\"publisher\":{\"@id\":\"https:\/\/kuken.es\/#organization\"},\"potentialAction\":[{\"@type\":\"SearchAction\",\"target\":{\"@type\":\"EntryPoint\",\"urlTemplate\":\"https:\/\/kuken.es\/?s={search_term_string}\"},\"query-input\":{\"@type\":\"PropertyValueSpecification\",\"valueRequired\":true,\"valueName\":\"search_term_string\"}}],\"inLanguage\":\"fr-FR\"},{\"@type\":\"Organization\",\"@id\":\"https:\/\/kuken.es\/#organization\",\"name\":\"Alfa Dyser\",\"url\":\"https:\/\/kuken.es\/\",\"logo\":{\"@type\":\"ImageObject\",\"inLanguage\":\"fr-FR\",\"@id\":\"https:\/\/kuken.es\/#\/schema\/logo\/image\/\",\"url\":\"https:\/\/kuken.es\/wp-content\/uploads\/2019\/04\/kuken-logo.png\",\"contentUrl\":\"https:\/\/kuken.es\/wp-content\/uploads\/2019\/04\/kuken-logo.png\",\"width\":500,\"height\":191,\"caption\":\"Alfa Dyser\"},\"image\":{\"@id\":\"https:\/\/kuken.es\/#\/schema\/logo\/image\/\"},\"sameAs\":[\"https:\/\/es-es.facebook.com\/alfadyser\/\",\"https:\/\/www.instagram.com\/kuken_appliances\/\"]}]}<\/script>\n<meta property=\"product:price:amount\" content=\"0.00\" \/>\n<meta property=\"product:price:currency\" content=\"EUR\" \/>\n<meta property=\"og:availability\" content=\"instock\" \/>\n<meta property=\"product:availability\" content=\"instock\" \/>\n<meta property=\"product:retailer_item_id\" content=\"35536\" \/>\n<meta property=\"product:condition\" content=\"new\" \/>\n<!-- \/ Yoast SEO Premium plugin. -->","yoast_head_json":{"title":"PLANCHA DE VAPOR 2600W SUELA CER\u00c1MICA KUKEN - K\u00fcken","description":"Plancha de vapor 2600W suela cer\u00e1mica K\u00fcken con golpe de vapor 140\u202fg\/min, autoapagado, cable 360\u00b0 y sistema antical. Precisi\u00f3n y suavidad al planchar.","robots":{"index":"index","follow":"follow","max-snippet":"max-snippet:-1","max-image-preview":"max-image-preview:large","max-video-preview":"max-video-preview:-1"},"canonical":"https:\/\/kuken.es\/fr\/produit\/plancha-de-vapor-2600w-suela-ceramica-kuken\/","og_locale":"fr_FR","og_type":"article","og_title":"PLANCHA DE VAPOR 2600W SUELA CER\u00c1MICA KUKEN","og_description":"Plancha de vapor 2600W suela cer\u00e1mica K\u00fcken con golpe de vapor 140\u202fg\/min, autoapagado, cable 360\u00b0 y sistema antical. Precisi\u00f3n y suavidad al planchar.","og_url":"https:\/\/kuken.es\/fr\/produit\/plancha-de-vapor-2600w-suela-ceramica-kuken\/","og_site_name":"K\u00fcken","article_publisher":"https:\/\/es-es.facebook.com\/alfadyser\/","article_modified_time":"2025-06-02T09:19:07+00:00","og_image":[{"width":2000,"height":2000,"url":"https:\/\/kuken.es\/wp-content\/uploads\/8425160360894_01.jpg","type":"image\/jpeg"}],"twitter_card":"summary_large_image","twitter_misc":{"Prix":"","Disponibilit\u00e9":"En stock"},"schema":{"@context":"https:\/\/schema.org","@graph":[{"@type":"WebPage","@id":"https:\/\/kuken.es\/producto\/plancha-de-vapor-2600w-suela-ceramica-kuken\/","url":"https:\/\/kuken.es\/producto\/plancha-de-vapor-2600w-suela-ceramica-kuken\/","name":"PLANCHA DE VAPOR 2600W SUELA CER\u00c1MICA KUKEN - K\u00fcken","isPartOf":{"@id":"https:\/\/kuken.es\/#website"},"primaryImageOfPage":{"@id":"https:\/\/kuken.es\/producto\/plancha-de-vapor-2600w-suela-ceramica-kuken\/#primaryimage"},"image":{"@id":"https:\/\/kuken.es\/producto\/plancha-de-vapor-2600w-suela-ceramica-kuken\/#primaryimage"},"thumbnailUrl":"https:\/\/kuken.es\/wp-content\/uploads\/8425160360894_01.jpg","datePublished":"2022-08-01T09:35:46+00:00","dateModified":"2025-06-02T09:19:07+00:00","description":"Plancha de vapor 2600W suela cer\u00e1mica K\u00fcken con golpe de vapor 140\u202fg\/min, autoapagado, cable 360\u00b0 y sistema antical. Precisi\u00f3n y suavidad al planchar.","breadcrumb":{"@id":"https:\/\/kuken.es\/producto\/plancha-de-vapor-2600w-suela-ceramica-kuken\/#breadcrumb"},"inLanguage":"fr-FR","potentialAction":[{"@type":"ReadAction","target":["https:\/\/kuken.es\/producto\/plancha-de-vapor-2600w-suela-ceramica-kuken\/"]}]},{"@type":"ImageObject","inLanguage":"fr-FR","@id":"https:\/\/kuken.es\/producto\/plancha-de-vapor-2600w-suela-ceramica-kuken\/#primaryimage","url":"https:\/\/kuken.es\/wp-content\/uploads\/8425160360894_01.jpg","contentUrl":"https:\/\/kuken.es\/wp-content\/uploads\/8425160360894_01.jpg","width":2000,"height":2000,"caption":"Plancha de vapor kuken"},{"@type":"BreadcrumbList","@id":"https:\/\/kuken.es\/producto\/plancha-de-vapor-2600w-suela-ceramica-kuken\/#breadcrumb","itemListElement":[{"@type":"ListItem","position":1,"name":"Portada","item":"https:\/\/kuken.es\/"},{"@type":"ListItem","position":2,"name":"Productos","item":"https:\/\/kuken.es\/productos\/"},{"@type":"ListItem","position":3,"name":"PLANCHA DE VAPOR 2600W SUELA CER\u00c1MICA KUKEN"}]},{"@type":"WebSite","@id":"https:\/\/kuken.es\/#website","url":"https:\/\/kuken.es\/","name":"K\u00fcken","description":"Large gamme de petits appareils m\u00e9nagers k\u00fcken","publisher":{"@id":"https:\/\/kuken.es\/#organization"},"potentialAction":[{"@type":"SearchAction","target":{"@type":"EntryPoint","urlTemplate":"https:\/\/kuken.es\/?s={search_term_string}"},"query-input":{"@type":"PropertyValueSpecification","valueRequired":true,"valueName":"search_term_string"}}],"inLanguage":"fr-FR"},{"@type":"Organization","@id":"https:\/\/kuken.es\/#organization","name":"Alpha Dyser","url":"https:\/\/kuken.es\/","logo":{"@type":"ImageObject","inLanguage":"fr-FR","@id":"https:\/\/kuken.es\/#\/schema\/logo\/image\/","url":"https:\/\/kuken.es\/wp-content\/uploads\/2019\/04\/kuken-logo.png","contentUrl":"https:\/\/kuken.es\/wp-content\/uploads\/2019\/04\/kuken-logo.png","width":500,"height":191,"caption":"Alfa Dyser"},"image":{"@id":"https:\/\/kuken.es\/#\/schema\/logo\/image\/"},"sameAs":["https:\/\/es-es.facebook.com\/alfadyser\/","https:\/\/www.instagram.com\/kuken_appliances\/"]}]},"product_price_amount":"0.00","product_price_currency":"EUR","og_availability":"instock","product_availability":"instock","product_retailer_item_id":"35536","product_condition":"new"},"_links":{"self":[{"href":"https:\/\/kuken.es\/fr\/wp-json\/wp\/v2\/product\/9124","targetHints":{"allow":["GET"]}}],"collection":[{"href":"https:\/\/kuken.es\/fr\/wp-json\/wp\/v2\/product"}],"about":[{"href":"https:\/\/kuken.es\/fr\/wp-json\/wp\/v2\/types\/product"}],"wp:featuredmedia":[{"embeddable":true,"href":"https:\/\/kuken.es\/fr\/wp-json\/wp\/v2\/media\/7500"}],"wp:attachment":[{"href":"https:\/\/kuken.es\/fr\/wp-json\/wp\/v2\/media?parent=9124"}],"wp:term":[{"taxonomy":"product_brand","embeddable":true,"href":"https:\/\/kuken.es\/fr\/wp-json\/wp\/v2\/product_brand?post=9124"},{"taxonomy":"product_cat","embeddable":true,"href":"https:\/\/kuken.es\/fr\/wp-json\/wp\/v2\/product_cat?post=9124"},{"taxonomy":"product_tag","embeddable":true,"href":"https:\/\/kuken.es\/fr\/wp-json\/wp\/v2\/product_tag?post=9124"}],"curies":[{"name":"wp","href":"https:\/\/api.w.org\/{rel}","templated":true}]}}