{"id":7302,"date":"2021-03-04T11:55:48","date_gmt":"2021-03-04T10:55:48","guid":{"rendered":"https:\/\/kuken.es\/?post_type=product&#038;p=7302"},"modified":"2026-02-19T12:44:34","modified_gmt":"2026-02-19T11:44:34","slug":"ventilador-de-pie-con-mando","status":"publish","type":"product","link":"https:\/\/kuken.es\/fr\/produit\/ventilador-de-pie-con-mando\/","title":{"rendered":"VENTILATEUR SUR PIED K\u00dcKEN 100W AVEC COMMANDE"},"content":{"rendered":"<p>VENTILATEUR SUR PIED K\u00dcKEN 100W AVEC COMMANDE<\/p>\n<ul>\n<li data-start=\"818\" data-end=\"894\">Potente ventilador de 100 W, ideal para estancias grandes o calurosas.<\/li>\n<li data-start=\"897\" data-end=\"967\">Altura regulable de 104 a 127 cm, se adapta a cualquier entorno.<\/li>\n<li data-start=\"970\" data-end=\"1035\">Aspas met\u00e1licas, para una ventilaci\u00f3n m\u00e1s potente y eficaz.<\/li>\n<li data-start=\"1038\" data-end=\"1106\">Selector mec\u00e1nico de 3 velocidades, ajustable seg\u00fan necesidad.<\/li>\n<li data-start=\"1109\" data-end=\"1184\">Cabezal orientable verticalmente, enfoca el flujo de aire a tu gusto.<\/li>\n<li data-start=\"1109\" data-end=\"1184\">Caudal de aire 45600-48000 m\u00b3\/h.<\/li>\n<li data-start=\"1109\" data-end=\"1184\">Nivel sonoro 65dB.<\/li>\n<li data-start=\"1187\" data-end=\"1252\">Modo fijo o oscilante con \u00e1ngulo de giro de hasta 180\u00b0.<\/li>\n<li data-start=\"1255\" data-end=\"1322\">Rejilla met\u00e1lica de seguridad, protege sin afectar el caudal.<\/li>\n<li data-start=\"1325\" data-end=\"1381\">Asa de transporte trasera, facilita el movimiento.<\/li>\n<li data-start=\"1384\" data-end=\"1444\">Base antideslizante, mayor estabilidad durante el uso.<\/li>\n<li data-start=\"1447\" data-end=\"1498\">Cable de 1,7 m, buena libertad de colocaci\u00f3n.<\/li>\n<li data-start=\"1501\" data-end=\"1579\">Incluye mando a distancia, para controlar todas sus funciones c\u00f3modamente.<\/li>\n<\/ul>\n<p><div class=\"accordion\"><div class=\"mfn-acc accordion_wrapper  toggle\"><div class=\"question\"><div class=\"title\"><i class=\"icon-plus acc-icon-plus\" aria-hidden=\"true\"><\/i><i class=\"icon-minus acc-icon-minus\" aria-hidden=\"true\"><\/i>Donn\u00e9es du produit<\/div><div class=\"answer\">EAN: 8425160347789<\/p>\n<p>VENTILATEUR SUR PIED K\u00dcKEN 100W AVEC COMMANDE<\/p>\n<p>Unit\u00e9s : 1<br \/>\nColor: Cromado y negro<br \/>\nEmballage : bo\u00eete color\u00e9e<br \/>\nPotencia: 100W<br \/>\nTension : 230V<br \/>\nBase antid\u00e9rapante : Oui<br \/>\nVitesses : 3<br \/>\nPeso: 3,34 kg<br \/>\nDi\u00e1metro: 420 mm<\/div><\/div>\n<\/div><\/div>\n<br \/>\n<div class=\"accordion\"><div class=\"mfn-acc accordion_wrapper  toggle\"><div class=\"question\"><div class=\"title\"><i class=\"icon-plus acc-icon-plus\" aria-hidden=\"true\"><\/i><i class=\"icon-minus acc-icon-minus\" aria-hidden=\"true\"><\/i>Accessoires<\/div><div class=\"answer\"><\/div><\/div>\n<\/div><\/div>\n<\/p>\n<div class=\"descargas-producto\"><a href=\"https:\/\/kuken.es\/wp-content\/uploads\/8425160347789_ficha_tecnica.pdf\"><img loading=\"lazy\" decoding=\"async\" src=\"\/wp-content\/uploads\/2019\/12\/picto-descarrega.png\" alt=\"t\u00e9l\u00e9charger la fiche technique\" width=\"23\" height=\"16\" \/>T\u00e9l\u00e9charger la fiche<\/a><a href=\"\/wp-content\/uploads\/pdf\/8425160338114_manual.pdf\" target=\"_blank\" rel=\"noopener noreferrer\"><br \/>\n<\/a><a href=\"\/wp-content\/uploads\/pdf\/34778_instrucciones.pdf\"><img loading=\"lazy\" decoding=\"async\" src=\"\/wp-content\/uploads\/2019\/12\/picto-descarrega.png\" alt=\"t\u00e9l\u00e9charger le manuel d&#039;instructions\" width=\"23\" height=\"16\" \/>T\u00e9l\u00e9charger le manuel<\/a><\/div>\n<div><\/div>\n<div><span style=\"color: #bf2121;\">Suivez-nous sur les m\u00e9dias sociaux !<\/span><\/div>\n<div><a href=\"https:\/\/www.instagram.com\/kuken_appliances\/\">https:\/\/www.instagram.com\/kuken_appliances\/<\/a><\/div>\n<p><iframe loading=\"lazy\" title=\"Ventilateurs Kuken\" width=\"560\" height=\"315\" src=\"https:\/\/www.youtube.com\/embed\/YiLHFxcebs0?feature=oembed\" frameborder=\"0\" allow=\"accelerometer; autoplay; clipboard-write; encrypted-media; gyroscope; picture-in-picture; web-share\" referrerpolicy=\"strict-origin-when-cross-origin\" allowfullscreen><\/iframe><\/p>","protected":false},"excerpt":{"rendered":"<p data-start=\"500\" data-end=\"651\">Ideal para ventilar grandes espacios con potencia y precisi\u00f3n, este ventilador ofrece control remoto, altura ajustable y un dise\u00f1o resistente y seguro.<\/p>\n<p data-start=\"653\" data-end=\"748\">","protected":false},"featured_media":7303,"template":"","meta":[],"product_brand":[],"product_cat":[65,135],"product_tag":[],"class_list":{"0":"post-7302","1":"product","2":"type-product","3":"status-publish","4":"has-post-thumbnail","6":"product_cat-ventilacion-premium","7":"product_cat-ventiladores","9":"first","10":"instock","11":"shipping-taxable","12":"product-type-simple"},"yoast_head":"<!-- This site is optimized with the Yoast SEO Premium plugin v24.0 (Yoast SEO v26.5) - https:\/\/yoast.com\/wordpress\/plugins\/seo\/ -->\n<title>VENTILADOR DE PIE CON MANDO 100W K\u00dcKEN - K\u00fcken<\/title>\n<meta name=\"description\" content=\"Ventilador con 100W de potencia y mando a distancia. Dise\u00f1o con aspas met\u00e1licas para una ventilaci\u00f3n m\u00e1s potente. Visita la web de K\u00fcken\" \/>\n<meta name=\"robots\" content=\"index, follow, max-snippet:-1, max-image-preview:large, max-video-preview:-1\" \/>\n<link rel=\"canonical\" href=\"https:\/\/kuken.es\/fr\/produit\/ventilador-de-pie-con-mando\/\" \/>\n<meta property=\"og:locale\" content=\"fr_FR\" \/>\n<meta property=\"og:type\" content=\"article\" \/>\n<meta property=\"og:title\" content=\"VENTILADOR DE PIE CON MANDO 100W K\u00dcKEN\" \/>\n<meta property=\"og:description\" content=\"Ventilador con 100W de potencia y mando a distancia. Dise\u00f1o con aspas met\u00e1licas para una ventilaci\u00f3n m\u00e1s potente. Visita la web de K\u00fcken\" \/>\n<meta property=\"og:url\" content=\"https:\/\/kuken.es\/fr\/produit\/ventilador-de-pie-con-mando\/\" \/>\n<meta property=\"og:site_name\" content=\"K\u00fcken\" \/>\n<meta property=\"article:publisher\" content=\"https:\/\/es-es.facebook.com\/alfadyser\/\" \/>\n<meta property=\"article:modified_time\" content=\"2026-02-19T11:44:34+00:00\" \/>\n<meta property=\"og:image\" content=\"https:\/\/kuken.es\/wp-content\/uploads\/8425160347789_01.jpg\" \/>\n\t<meta property=\"og:image:width\" content=\"2000\" \/>\n\t<meta property=\"og:image:height\" content=\"2000\" \/>\n\t<meta property=\"og:image:type\" content=\"image\/jpeg\" \/>\n<meta name=\"twitter:card\" content=\"summary_large_image\" \/>\n<meta name=\"twitter:label1\" content=\"Prix\" \/>\n\t<meta name=\"twitter:data1\" content=\"\" \/>\n\t<meta name=\"twitter:label2\" content=\"Disponibilit\u00e9\" \/>\n\t<meta name=\"twitter:data2\" content=\"En stock\" \/>\n<script type=\"application\/ld+json\" class=\"yoast-schema-graph\">{\"@context\":\"https:\/\/schema.org\",\"@graph\":[{\"@type\":\"WebPage\",\"@id\":\"https:\/\/kuken.es\/producto\/ventilador-de-pie-con-mando\/\",\"url\":\"https:\/\/kuken.es\/producto\/ventilador-de-pie-con-mando\/\",\"name\":\"VENTILADOR DE PIE CON MANDO 100W K\u00dcKEN - K\u00fcken\",\"isPartOf\":{\"@id\":\"https:\/\/kuken.es\/#website\"},\"primaryImageOfPage\":{\"@id\":\"https:\/\/kuken.es\/producto\/ventilador-de-pie-con-mando\/#primaryimage\"},\"image\":{\"@id\":\"https:\/\/kuken.es\/producto\/ventilador-de-pie-con-mando\/#primaryimage\"},\"thumbnailUrl\":\"https:\/\/kuken.es\/wp-content\/uploads\/8425160347789_01.jpg\",\"datePublished\":\"2021-03-04T10:55:48+00:00\",\"dateModified\":\"2026-02-19T11:44:34+00:00\",\"description\":\"Ventilador con 100W de potencia y mando a distancia. Dise\u00f1o con aspas met\u00e1licas para una ventilaci\u00f3n m\u00e1s potente. Visita la web de K\u00fcken\",\"breadcrumb\":{\"@id\":\"https:\/\/kuken.es\/producto\/ventilador-de-pie-con-mando\/#breadcrumb\"},\"inLanguage\":\"fr-FR\",\"potentialAction\":[{\"@type\":\"ReadAction\",\"target\":[\"https:\/\/kuken.es\/producto\/ventilador-de-pie-con-mando\/\"]}]},{\"@type\":\"ImageObject\",\"inLanguage\":\"fr-FR\",\"@id\":\"https:\/\/kuken.es\/producto\/ventilador-de-pie-con-mando\/#primaryimage\",\"url\":\"https:\/\/kuken.es\/wp-content\/uploads\/8425160347789_01.jpg\",\"contentUrl\":\"https:\/\/kuken.es\/wp-content\/uploads\/8425160347789_01.jpg\",\"width\":2000,\"height\":2000,\"caption\":\"Ventilador de pie con mando a distancia\"},{\"@type\":\"BreadcrumbList\",\"@id\":\"https:\/\/kuken.es\/producto\/ventilador-de-pie-con-mando\/#breadcrumb\",\"itemListElement\":[{\"@type\":\"ListItem\",\"position\":1,\"name\":\"Portada\",\"item\":\"https:\/\/kuken.es\/\"},{\"@type\":\"ListItem\",\"position\":2,\"name\":\"Productos\",\"item\":\"https:\/\/kuken.es\/productos\/\"},{\"@type\":\"ListItem\",\"position\":3,\"name\":\"VENTILADOR DE PIE CON MANDO 100W K\u00dcKEN\"}]},{\"@type\":\"WebSite\",\"@id\":\"https:\/\/kuken.es\/#website\",\"url\":\"https:\/\/kuken.es\/\",\"name\":\"K\u00fcken\",\"description\":\"Amplia gama de peque\u00f1o electrodom\u00e9stico k\u00fcken\",\"publisher\":{\"@id\":\"https:\/\/kuken.es\/#organization\"},\"potentialAction\":[{\"@type\":\"SearchAction\",\"target\":{\"@type\":\"EntryPoint\",\"urlTemplate\":\"https:\/\/kuken.es\/?s={search_term_string}\"},\"query-input\":{\"@type\":\"PropertyValueSpecification\",\"valueRequired\":true,\"valueName\":\"search_term_string\"}}],\"inLanguage\":\"fr-FR\"},{\"@type\":\"Organization\",\"@id\":\"https:\/\/kuken.es\/#organization\",\"name\":\"Alfa Dyser\",\"url\":\"https:\/\/kuken.es\/\",\"logo\":{\"@type\":\"ImageObject\",\"inLanguage\":\"fr-FR\",\"@id\":\"https:\/\/kuken.es\/#\/schema\/logo\/image\/\",\"url\":\"https:\/\/kuken.es\/wp-content\/uploads\/2019\/04\/kuken-logo.png\",\"contentUrl\":\"https:\/\/kuken.es\/wp-content\/uploads\/2019\/04\/kuken-logo.png\",\"width\":500,\"height\":191,\"caption\":\"Alfa Dyser\"},\"image\":{\"@id\":\"https:\/\/kuken.es\/#\/schema\/logo\/image\/\"},\"sameAs\":[\"https:\/\/es-es.facebook.com\/alfadyser\/\",\"https:\/\/www.instagram.com\/kuken_appliances\/\"]}]}<\/script>\n<meta property=\"product:price:amount\" content=\"0.00\" \/>\n<meta property=\"product:price:currency\" content=\"EUR\" \/>\n<meta property=\"og:availability\" content=\"instock\" \/>\n<meta property=\"product:availability\" content=\"instock\" \/>\n<meta property=\"product:retailer_item_id\" content=\"34778\" \/>\n<meta property=\"product:condition\" content=\"new\" \/>\n<!-- \/ Yoast SEO Premium plugin. -->","yoast_head_json":{"title":"VENTILADOR DE PIE CON MANDO 100W K\u00dcKEN - K\u00fcken","description":"Ventilador con 100W de potencia y mando a distancia. Dise\u00f1o con aspas met\u00e1licas para una ventilaci\u00f3n m\u00e1s potente. Visita la web de K\u00fcken","robots":{"index":"index","follow":"follow","max-snippet":"max-snippet:-1","max-image-preview":"max-image-preview:large","max-video-preview":"max-video-preview:-1"},"canonical":"https:\/\/kuken.es\/fr\/produit\/ventilador-de-pie-con-mando\/","og_locale":"fr_FR","og_type":"article","og_title":"VENTILADOR DE PIE CON MANDO 100W K\u00dcKEN","og_description":"Ventilador con 100W de potencia y mando a distancia. Dise\u00f1o con aspas met\u00e1licas para una ventilaci\u00f3n m\u00e1s potente. Visita la web de K\u00fcken","og_url":"https:\/\/kuken.es\/fr\/produit\/ventilador-de-pie-con-mando\/","og_site_name":"K\u00fcken","article_publisher":"https:\/\/es-es.facebook.com\/alfadyser\/","article_modified_time":"2026-02-19T11:44:34+00:00","og_image":[{"width":2000,"height":2000,"url":"https:\/\/kuken.es\/wp-content\/uploads\/8425160347789_01.jpg","type":"image\/jpeg"}],"twitter_card":"summary_large_image","twitter_misc":{"Prix":"","Disponibilit\u00e9":"En stock"},"schema":{"@context":"https:\/\/schema.org","@graph":[{"@type":"WebPage","@id":"https:\/\/kuken.es\/producto\/ventilador-de-pie-con-mando\/","url":"https:\/\/kuken.es\/producto\/ventilador-de-pie-con-mando\/","name":"VENTILADOR DE PIE CON MANDO 100W K\u00dcKEN - K\u00fcken","isPartOf":{"@id":"https:\/\/kuken.es\/#website"},"primaryImageOfPage":{"@id":"https:\/\/kuken.es\/producto\/ventilador-de-pie-con-mando\/#primaryimage"},"image":{"@id":"https:\/\/kuken.es\/producto\/ventilador-de-pie-con-mando\/#primaryimage"},"thumbnailUrl":"https:\/\/kuken.es\/wp-content\/uploads\/8425160347789_01.jpg","datePublished":"2021-03-04T10:55:48+00:00","dateModified":"2026-02-19T11:44:34+00:00","description":"Ventilador con 100W de potencia y mando a distancia. Dise\u00f1o con aspas met\u00e1licas para una ventilaci\u00f3n m\u00e1s potente. Visita la web de K\u00fcken","breadcrumb":{"@id":"https:\/\/kuken.es\/producto\/ventilador-de-pie-con-mando\/#breadcrumb"},"inLanguage":"fr-FR","potentialAction":[{"@type":"ReadAction","target":["https:\/\/kuken.es\/producto\/ventilador-de-pie-con-mando\/"]}]},{"@type":"ImageObject","inLanguage":"fr-FR","@id":"https:\/\/kuken.es\/producto\/ventilador-de-pie-con-mando\/#primaryimage","url":"https:\/\/kuken.es\/wp-content\/uploads\/8425160347789_01.jpg","contentUrl":"https:\/\/kuken.es\/wp-content\/uploads\/8425160347789_01.jpg","width":2000,"height":2000,"caption":"Ventilador de pie con mando a distancia"},{"@type":"BreadcrumbList","@id":"https:\/\/kuken.es\/producto\/ventilador-de-pie-con-mando\/#breadcrumb","itemListElement":[{"@type":"ListItem","position":1,"name":"Portada","item":"https:\/\/kuken.es\/"},{"@type":"ListItem","position":2,"name":"Productos","item":"https:\/\/kuken.es\/productos\/"},{"@type":"ListItem","position":3,"name":"VENTILADOR DE PIE CON MANDO 100W K\u00dcKEN"}]},{"@type":"WebSite","@id":"https:\/\/kuken.es\/#website","url":"https:\/\/kuken.es\/","name":"K\u00fcken","description":"Large gamme de petits appareils m\u00e9nagers k\u00fcken","publisher":{"@id":"https:\/\/kuken.es\/#organization"},"potentialAction":[{"@type":"SearchAction","target":{"@type":"EntryPoint","urlTemplate":"https:\/\/kuken.es\/?s={search_term_string}"},"query-input":{"@type":"PropertyValueSpecification","valueRequired":true,"valueName":"search_term_string"}}],"inLanguage":"fr-FR"},{"@type":"Organization","@id":"https:\/\/kuken.es\/#organization","name":"Alpha Dyser","url":"https:\/\/kuken.es\/","logo":{"@type":"ImageObject","inLanguage":"fr-FR","@id":"https:\/\/kuken.es\/#\/schema\/logo\/image\/","url":"https:\/\/kuken.es\/wp-content\/uploads\/2019\/04\/kuken-logo.png","contentUrl":"https:\/\/kuken.es\/wp-content\/uploads\/2019\/04\/kuken-logo.png","width":500,"height":191,"caption":"Alfa Dyser"},"image":{"@id":"https:\/\/kuken.es\/#\/schema\/logo\/image\/"},"sameAs":["https:\/\/es-es.facebook.com\/alfadyser\/","https:\/\/www.instagram.com\/kuken_appliances\/"]}]},"product_price_amount":"0.00","product_price_currency":"EUR","og_availability":"instock","product_availability":"instock","product_retailer_item_id":"34778","product_condition":"new"},"_links":{"self":[{"href":"https:\/\/kuken.es\/fr\/wp-json\/wp\/v2\/product\/7302","targetHints":{"allow":["GET"]}}],"collection":[{"href":"https:\/\/kuken.es\/fr\/wp-json\/wp\/v2\/product"}],"about":[{"href":"https:\/\/kuken.es\/fr\/wp-json\/wp\/v2\/types\/product"}],"wp:featuredmedia":[{"embeddable":true,"href":"https:\/\/kuken.es\/fr\/wp-json\/wp\/v2\/media\/7303"}],"wp:attachment":[{"href":"https:\/\/kuken.es\/fr\/wp-json\/wp\/v2\/media?parent=7302"}],"wp:term":[{"taxonomy":"product_brand","embeddable":true,"href":"https:\/\/kuken.es\/fr\/wp-json\/wp\/v2\/product_brand?post=7302"},{"taxonomy":"product_cat","embeddable":true,"href":"https:\/\/kuken.es\/fr\/wp-json\/wp\/v2\/product_cat?post=7302"},{"taxonomy":"product_tag","embeddable":true,"href":"https:\/\/kuken.es\/fr\/wp-json\/wp\/v2\/product_tag?post=7302"}],"curies":[{"name":"wp","href":"https:\/\/api.w.org\/{rel}","templated":true}]}}