{"id":3561,"date":"2020-03-02T10:28:37","date_gmt":"2020-03-02T09:28:37","guid":{"rendered":"https:\/\/kuken.es\/producto\/bascula-bano-digital-plastico-blanca-kuken\/"},"modified":"2025-05-30T12:34:18","modified_gmt":"2025-05-30T10:34:18","slug":"bascula-bano-blanca-digital-plastico-kuken","status":"publish","type":"product","link":"https:\/\/kuken.es\/fr\/produit\/bascula-bano-blanca-digital-plastico-kuken\/","title":{"rendered":"K\u00dcKEN PLASTIC DIGITAL WHITE BATHROOM SCALE"},"content":{"rendered":"<p>K\u00dcKEN PLASTIC DIGITAL WHITE BATHROOM SCALE<\/p>\n<ul>\n<li class=\"\" data-start=\"706\" data-end=\"774\">\n<p class=\"\" data-start=\"708\" data-end=\"774\">Capacidad m\u00e1xima de 180\u202fkg, ideal para uso dom\u00e9stico diario.<\/p>\n<\/li>\n<li class=\"\" data-start=\"775\" data-end=\"832\">\n<p class=\"\" data-start=\"777\" data-end=\"832\">Dise\u00f1o elegante y fino, solo 25\u202fmm de grosor.<\/p>\n<\/li>\n<li class=\"\" data-start=\"833\" data-end=\"892\">\n<p class=\"\" data-start=\"835\" data-end=\"892\">Base de PC de alta resistencia, duradera y estable.<\/p>\n<\/li>\n<li class=\"\" data-start=\"893\" data-end=\"944\">\n<p class=\"\" data-start=\"895\" data-end=\"944\">Encendido autom\u00e1tico al subir, sin botones.<\/p>\n<\/li>\n<li class=\"\" data-start=\"945\" data-end=\"999\">\n<p class=\"\" data-start=\"947\" data-end=\"999\">Plataforma de 280\u202fx\u202f280\u202fmm, c\u00f3moda y compacta.<\/p>\n<\/li>\n<li class=\"\" data-start=\"1000\" data-end=\"1064\">\n<p class=\"\" data-start=\"1002\" data-end=\"1064\">Cuatro sensores de alta precisi\u00f3n para un pesaje exacto.<\/p>\n<\/li>\n<li class=\"\" data-start=\"1065\" data-end=\"1128\">\n<p class=\"\" data-start=\"1067\" data-end=\"1128\">Pantalla LCD retroiluminada de gran tama\u00f1o: 60\u202fx\u202f42\u202fmm.<\/p>\n<\/li>\n<li class=\"\" data-start=\"1129\" data-end=\"1186\">\n<p class=\"\" data-start=\"1131\" data-end=\"1186\">Bot\u00f3n UNIT para cambiar entre kg, lb y st:lb.<\/p>\n<\/li>\n<li class=\"\" data-start=\"1187\" data-end=\"1246\">\n<p class=\"\" data-start=\"1189\" data-end=\"1246\">Patas de goma antideslizantes para mayor seguridad.<\/p>\n<\/li>\n<li class=\"\" data-start=\"1247\" data-end=\"1307\">\n<p class=\"\" data-start=\"1249\" data-end=\"1307\">Funciona con 2 pilas AAA (incluidas), lista para usar.<\/p>\n<\/li>\n<\/ul>\n<p><div class=\"accordion\"><div class=\"mfn-acc accordion_wrapper  toggle\"><div class=\"question\"><div class=\"title\"><i class=\"icon-plus acc-icon-plus\" aria-hidden=\"true\"><\/i><i class=\"icon-minus acc-icon-minus\" aria-hidden=\"true\"><\/i>Donn\u00e9es du produit<\/div><div class=\"answer\">EAN 8425160343507<\/p>\n<p>K\u00dcKEN PLASTIC DIGITAL WHITE BATHROOM SCALE<\/p>\n<p>Unit\u00e9 d'emballage 1<br \/>\nCouleur Blanc<br \/>\nEmballage Couleur de la bo\u00eete<br \/>\nVoltaje 1,5 V<br \/>\nMati\u00e8re plastique<br \/>\nDimensiones 280mm (largo), 280mm (ancho), 25mm (altura)<br \/>\nClase Digital<br \/>\nPieds antid\u00e9rapants Oui<br \/>\nPeso 0,75 kg.<br \/>\nFunciona con 2 pilas\u00a0AAA (incluidas)<\/div><\/div>\n<\/div><\/div>\n<br \/>\n<div class=\"accordion\"><div class=\"mfn-acc accordion_wrapper  toggle\"><div class=\"question\"><div class=\"title\"><i class=\"icon-plus acc-icon-plus\" aria-hidden=\"true\"><\/i><i class=\"icon-minus acc-icon-minus\" aria-hidden=\"true\"><\/i>Accessoires<\/div><div class=\"answer\"><\/div><\/div>\n<\/div><\/div>\n<\/p>\n<div class=\"descargas-producto\"><a href=\"\/wp-content\/uploads\/pdf\/8425160343507_ficha_tecnica.pdf\" target=\"_blank\" rel=\"noopener noreferrer\"><br \/>\n<img loading=\"lazy\" decoding=\"async\" src=\"\/wp-content\/uploads\/2019\/12\/picto-descarrega.png\" alt=\"t\u00e9l\u00e9charger la fiche technique\" width=\"23\" height=\"16\" \/>T\u00e9l\u00e9charger la fiche<\/a><a href=\"https:\/\/kuken.es\/wp-content\/uploads\/34350_34340_instrucciones.pdf\" target=\"_blank\" rel=\"noopener noreferrer\"><br \/>\n<img loading=\"lazy\" decoding=\"async\" src=\"\/wp-content\/uploads\/2019\/12\/picto-descarrega.png\" alt=\"t\u00e9l\u00e9charger le manuel d&#039;instructions\" width=\"23\" height=\"16\" \/>T\u00e9l\u00e9charger le manuel<\/a><\/div>\n<div><\/div>\n<div><span style=\"color: #bf2121\">Suivez-nous sur les m\u00e9dias sociaux !<\/span><\/div>\n<div><a href=\"https:\/\/www.instagram.com\/kuken_appliances\/\">https:\/\/www.instagram.com\/kuken_appliances\/<\/a><\/div>\n<p><iframe loading=\"lazy\" title=\"B\u00e1scula ba\u00f1o digital pl\u00e1stico negra K\u00fcken\" width=\"560\" height=\"315\" src=\"https:\/\/www.youtube.com\/embed\/LUXhy5Kn1Kc?feature=oembed\" frameborder=\"0\" allow=\"accelerometer; autoplay; clipboard-write; encrypted-media; gyroscope; picture-in-picture; web-share\" referrerpolicy=\"strict-origin-when-cross-origin\" allowfullscreen><\/iframe><\/p>","protected":false},"excerpt":{"rendered":"<p class=\"\" data-start=\"475\" data-end=\"629\">Dise\u00f1o fino y moderno con gran precisi\u00f3n. Display LCD, sensores avanzados y patas antideslizantes. Pr\u00e1ctica, segura y lista para usar con pilas incluidas.<\/p>","protected":false},"featured_media":3562,"template":"","meta":[],"product_brand":[],"product_cat":[63,38],"product_tag":[],"class_list":{"0":"post-3561","1":"product","2":"type-product","3":"status-publish","4":"has-post-thumbnail","6":"product_cat-basculas-bano-premium","7":"product_cat-premium","9":"first","10":"instock","11":"product-type-simple"},"yoast_head":"<!-- This site is optimized with the Yoast SEO Premium plugin v24.0 (Yoast SEO v26.5) - https:\/\/yoast.com\/wordpress\/plugins\/seo\/ -->\n<title>B\u00c1SCULA BA\u00d1O BLANCA DIGITAL PL\u00c1STICO K\u00dcKEN - K\u00fcken<\/title>\n<meta name=\"description\" content=\"Nueva y exclusiva b\u00e1scula de ba\u00f1o digital k\u00fcken blanca. Puedes llevar el control de tu peso de manera r\u00e1pida y f\u00e1cil, desc\u00fabrela ahora.\" \/>\n<meta name=\"robots\" content=\"index, follow, max-snippet:-1, max-image-preview:large, max-video-preview:-1\" \/>\n<link rel=\"canonical\" href=\"https:\/\/kuken.es\/fr\/produit\/bascula-bano-blanca-digital-plastico-kuken\/\" \/>\n<meta property=\"og:locale\" content=\"fr_FR\" \/>\n<meta property=\"og:type\" content=\"article\" \/>\n<meta property=\"og:title\" content=\"B\u00c1SCULA BA\u00d1O BLANCA DIGITAL PL\u00c1STICO K\u00dcKEN\" \/>\n<meta property=\"og:description\" content=\"Nueva y exclusiva b\u00e1scula de ba\u00f1o digital k\u00fcken blanca. Puedes llevar el control de tu peso de manera r\u00e1pida y f\u00e1cil, desc\u00fabrela ahora.\" \/>\n<meta property=\"og:url\" content=\"https:\/\/kuken.es\/fr\/produit\/bascula-bano-blanca-digital-plastico-kuken\/\" \/>\n<meta property=\"og:site_name\" content=\"K\u00fcken\" \/>\n<meta property=\"article:publisher\" content=\"https:\/\/es-es.facebook.com\/alfadyser\/\" \/>\n<meta property=\"article:modified_time\" content=\"2025-05-30T10:34:18+00:00\" \/>\n<meta property=\"og:image\" content=\"https:\/\/kuken.es\/wp-content\/uploads\/2020\/03\/B\u00c1SCULA-BA\u00d1O-DIGITAL-PL\u00c1STICO-BLANCA-KUKEN.jpg\" \/>\n\t<meta property=\"og:image:width\" content=\"896\" \/>\n\t<meta property=\"og:image:height\" content=\"853\" \/>\n\t<meta property=\"og:image:type\" content=\"image\/jpeg\" \/>\n<meta name=\"twitter:card\" content=\"summary_large_image\" \/>\n<meta name=\"twitter:label1\" content=\"Prix\" \/>\n\t<meta name=\"twitter:data1\" content=\"\" \/>\n\t<meta name=\"twitter:label2\" content=\"Disponibilit\u00e9\" \/>\n\t<meta name=\"twitter:data2\" content=\"En stock\" \/>\n<script type=\"application\/ld+json\" class=\"yoast-schema-graph\">{\"@context\":\"https:\/\/schema.org\",\"@graph\":[{\"@type\":\"WebPage\",\"@id\":\"https:\/\/kuken.es\/producto\/bascula-bano-blanca-digital-plastico-kuken\/\",\"url\":\"https:\/\/kuken.es\/producto\/bascula-bano-blanca-digital-plastico-kuken\/\",\"name\":\"B\u00c1SCULA BA\u00d1O BLANCA DIGITAL PL\u00c1STICO K\u00dcKEN - K\u00fcken\",\"isPartOf\":{\"@id\":\"https:\/\/kuken.es\/#website\"},\"primaryImageOfPage\":{\"@id\":\"https:\/\/kuken.es\/producto\/bascula-bano-blanca-digital-plastico-kuken\/#primaryimage\"},\"image\":{\"@id\":\"https:\/\/kuken.es\/producto\/bascula-bano-blanca-digital-plastico-kuken\/#primaryimage\"},\"thumbnailUrl\":\"https:\/\/kuken.es\/wp-content\/uploads\/2020\/03\/B\u00c1SCULA-BA\u00d1O-DIGITAL-PL\u00c1STICO-BLANCA-KUKEN.jpg\",\"datePublished\":\"2020-03-02T09:28:37+00:00\",\"dateModified\":\"2025-05-30T10:34:18+00:00\",\"description\":\"Nueva y exclusiva b\u00e1scula de ba\u00f1o digital k\u00fcken blanca. Puedes llevar el control de tu peso de manera r\u00e1pida y f\u00e1cil, desc\u00fabrela ahora.\",\"breadcrumb\":{\"@id\":\"https:\/\/kuken.es\/producto\/bascula-bano-blanca-digital-plastico-kuken\/#breadcrumb\"},\"inLanguage\":\"fr-FR\",\"potentialAction\":[{\"@type\":\"ReadAction\",\"target\":[\"https:\/\/kuken.es\/producto\/bascula-bano-blanca-digital-plastico-kuken\/\"]}]},{\"@type\":\"ImageObject\",\"inLanguage\":\"fr-FR\",\"@id\":\"https:\/\/kuken.es\/producto\/bascula-bano-blanca-digital-plastico-kuken\/#primaryimage\",\"url\":\"https:\/\/kuken.es\/wp-content\/uploads\/2020\/03\/B\u00c1SCULA-BA\u00d1O-DIGITAL-PL\u00c1STICO-BLANCA-KUKEN.jpg\",\"contentUrl\":\"https:\/\/kuken.es\/wp-content\/uploads\/2020\/03\/B\u00c1SCULA-BA\u00d1O-DIGITAL-PL\u00c1STICO-BLANCA-KUKEN.jpg\",\"width\":896,\"height\":853,\"caption\":\"B\u00e1scula de ba\u00f1o digital k\u00fcken de color blanco\"},{\"@type\":\"BreadcrumbList\",\"@id\":\"https:\/\/kuken.es\/producto\/bascula-bano-blanca-digital-plastico-kuken\/#breadcrumb\",\"itemListElement\":[{\"@type\":\"ListItem\",\"position\":1,\"name\":\"Portada\",\"item\":\"https:\/\/kuken.es\/\"},{\"@type\":\"ListItem\",\"position\":2,\"name\":\"Productos\",\"item\":\"https:\/\/kuken.es\/productos\/\"},{\"@type\":\"ListItem\",\"position\":3,\"name\":\"B\u00c1SCULA BA\u00d1O BLANCA DIGITAL PL\u00c1STICO K\u00dcKEN\"}]},{\"@type\":\"WebSite\",\"@id\":\"https:\/\/kuken.es\/#website\",\"url\":\"https:\/\/kuken.es\/\",\"name\":\"K\u00fcken\",\"description\":\"Amplia gama de peque\u00f1o electrodom\u00e9stico k\u00fcken\",\"publisher\":{\"@id\":\"https:\/\/kuken.es\/#organization\"},\"potentialAction\":[{\"@type\":\"SearchAction\",\"target\":{\"@type\":\"EntryPoint\",\"urlTemplate\":\"https:\/\/kuken.es\/?s={search_term_string}\"},\"query-input\":{\"@type\":\"PropertyValueSpecification\",\"valueRequired\":true,\"valueName\":\"search_term_string\"}}],\"inLanguage\":\"fr-FR\"},{\"@type\":\"Organization\",\"@id\":\"https:\/\/kuken.es\/#organization\",\"name\":\"Alfa Dyser\",\"url\":\"https:\/\/kuken.es\/\",\"logo\":{\"@type\":\"ImageObject\",\"inLanguage\":\"fr-FR\",\"@id\":\"https:\/\/kuken.es\/#\/schema\/logo\/image\/\",\"url\":\"https:\/\/kuken.es\/wp-content\/uploads\/2019\/04\/kuken-logo.png\",\"contentUrl\":\"https:\/\/kuken.es\/wp-content\/uploads\/2019\/04\/kuken-logo.png\",\"width\":500,\"height\":191,\"caption\":\"Alfa Dyser\"},\"image\":{\"@id\":\"https:\/\/kuken.es\/#\/schema\/logo\/image\/\"},\"sameAs\":[\"https:\/\/es-es.facebook.com\/alfadyser\/\",\"https:\/\/www.instagram.com\/kuken_appliances\/\"]}]}<\/script>\n<meta property=\"product:price:amount\" content=\"0.00\" \/>\n<meta property=\"product:price:currency\" content=\"EUR\" \/>\n<meta property=\"og:availability\" content=\"instock\" \/>\n<meta property=\"product:availability\" content=\"instock\" \/>\n<meta property=\"product:retailer_item_id\" content=\"34350\" \/>\n<meta property=\"product:condition\" content=\"new\" \/>\n<!-- \/ Yoast SEO Premium plugin. -->","yoast_head_json":{"title":"B\u00c1SCULA BA\u00d1O BLANCA DIGITAL PL\u00c1STICO K\u00dcKEN - K\u00fcken","description":"Nueva y exclusiva b\u00e1scula de ba\u00f1o digital k\u00fcken blanca. Puedes llevar el control de tu peso de manera r\u00e1pida y f\u00e1cil, desc\u00fabrela ahora.","robots":{"index":"index","follow":"follow","max-snippet":"max-snippet:-1","max-image-preview":"max-image-preview:large","max-video-preview":"max-video-preview:-1"},"canonical":"https:\/\/kuken.es\/fr\/produit\/bascula-bano-blanca-digital-plastico-kuken\/","og_locale":"fr_FR","og_type":"article","og_title":"B\u00c1SCULA BA\u00d1O BLANCA DIGITAL PL\u00c1STICO K\u00dcKEN","og_description":"Nueva y exclusiva b\u00e1scula de ba\u00f1o digital k\u00fcken blanca. Puedes llevar el control de tu peso de manera r\u00e1pida y f\u00e1cil, desc\u00fabrela ahora.","og_url":"https:\/\/kuken.es\/fr\/produit\/bascula-bano-blanca-digital-plastico-kuken\/","og_site_name":"K\u00fcken","article_publisher":"https:\/\/es-es.facebook.com\/alfadyser\/","article_modified_time":"2025-05-30T10:34:18+00:00","og_image":[{"width":896,"height":853,"url":"https:\/\/kuken.es\/wp-content\/uploads\/2020\/03\/B\u00c1SCULA-BA\u00d1O-DIGITAL-PL\u00c1STICO-BLANCA-KUKEN.jpg","type":"image\/jpeg"}],"twitter_card":"summary_large_image","twitter_misc":{"Prix":"","Disponibilit\u00e9":"En stock"},"schema":{"@context":"https:\/\/schema.org","@graph":[{"@type":"WebPage","@id":"https:\/\/kuken.es\/producto\/bascula-bano-blanca-digital-plastico-kuken\/","url":"https:\/\/kuken.es\/producto\/bascula-bano-blanca-digital-plastico-kuken\/","name":"B\u00c1SCULA BA\u00d1O BLANCA DIGITAL PL\u00c1STICO K\u00dcKEN - K\u00fcken","isPartOf":{"@id":"https:\/\/kuken.es\/#website"},"primaryImageOfPage":{"@id":"https:\/\/kuken.es\/producto\/bascula-bano-blanca-digital-plastico-kuken\/#primaryimage"},"image":{"@id":"https:\/\/kuken.es\/producto\/bascula-bano-blanca-digital-plastico-kuken\/#primaryimage"},"thumbnailUrl":"https:\/\/kuken.es\/wp-content\/uploads\/2020\/03\/B\u00c1SCULA-BA\u00d1O-DIGITAL-PL\u00c1STICO-BLANCA-KUKEN.jpg","datePublished":"2020-03-02T09:28:37+00:00","dateModified":"2025-05-30T10:34:18+00:00","description":"Nueva y exclusiva b\u00e1scula de ba\u00f1o digital k\u00fcken blanca. Puedes llevar el control de tu peso de manera r\u00e1pida y f\u00e1cil, desc\u00fabrela ahora.","breadcrumb":{"@id":"https:\/\/kuken.es\/producto\/bascula-bano-blanca-digital-plastico-kuken\/#breadcrumb"},"inLanguage":"fr-FR","potentialAction":[{"@type":"ReadAction","target":["https:\/\/kuken.es\/producto\/bascula-bano-blanca-digital-plastico-kuken\/"]}]},{"@type":"ImageObject","inLanguage":"fr-FR","@id":"https:\/\/kuken.es\/producto\/bascula-bano-blanca-digital-plastico-kuken\/#primaryimage","url":"https:\/\/kuken.es\/wp-content\/uploads\/2020\/03\/B\u00c1SCULA-BA\u00d1O-DIGITAL-PL\u00c1STICO-BLANCA-KUKEN.jpg","contentUrl":"https:\/\/kuken.es\/wp-content\/uploads\/2020\/03\/B\u00c1SCULA-BA\u00d1O-DIGITAL-PL\u00c1STICO-BLANCA-KUKEN.jpg","width":896,"height":853,"caption":"B\u00e1scula de ba\u00f1o digital k\u00fcken de color blanco"},{"@type":"BreadcrumbList","@id":"https:\/\/kuken.es\/producto\/bascula-bano-blanca-digital-plastico-kuken\/#breadcrumb","itemListElement":[{"@type":"ListItem","position":1,"name":"Portada","item":"https:\/\/kuken.es\/"},{"@type":"ListItem","position":2,"name":"Productos","item":"https:\/\/kuken.es\/productos\/"},{"@type":"ListItem","position":3,"name":"B\u00c1SCULA BA\u00d1O BLANCA DIGITAL PL\u00c1STICO K\u00dcKEN"}]},{"@type":"WebSite","@id":"https:\/\/kuken.es\/#website","url":"https:\/\/kuken.es\/","name":"K\u00fcken","description":"Large gamme de petits appareils m\u00e9nagers k\u00fcken","publisher":{"@id":"https:\/\/kuken.es\/#organization"},"potentialAction":[{"@type":"SearchAction","target":{"@type":"EntryPoint","urlTemplate":"https:\/\/kuken.es\/?s={search_term_string}"},"query-input":{"@type":"PropertyValueSpecification","valueRequired":true,"valueName":"search_term_string"}}],"inLanguage":"fr-FR"},{"@type":"Organization","@id":"https:\/\/kuken.es\/#organization","name":"Alpha Dyser","url":"https:\/\/kuken.es\/","logo":{"@type":"ImageObject","inLanguage":"fr-FR","@id":"https:\/\/kuken.es\/#\/schema\/logo\/image\/","url":"https:\/\/kuken.es\/wp-content\/uploads\/2019\/04\/kuken-logo.png","contentUrl":"https:\/\/kuken.es\/wp-content\/uploads\/2019\/04\/kuken-logo.png","width":500,"height":191,"caption":"Alfa Dyser"},"image":{"@id":"https:\/\/kuken.es\/#\/schema\/logo\/image\/"},"sameAs":["https:\/\/es-es.facebook.com\/alfadyser\/","https:\/\/www.instagram.com\/kuken_appliances\/"]}]},"product_price_amount":"0.00","product_price_currency":"EUR","og_availability":"instock","product_availability":"instock","product_retailer_item_id":"34350","product_condition":"new"},"_links":{"self":[{"href":"https:\/\/kuken.es\/fr\/wp-json\/wp\/v2\/product\/3561","targetHints":{"allow":["GET"]}}],"collection":[{"href":"https:\/\/kuken.es\/fr\/wp-json\/wp\/v2\/product"}],"about":[{"href":"https:\/\/kuken.es\/fr\/wp-json\/wp\/v2\/types\/product"}],"wp:featuredmedia":[{"embeddable":true,"href":"https:\/\/kuken.es\/fr\/wp-json\/wp\/v2\/media\/3562"}],"wp:attachment":[{"href":"https:\/\/kuken.es\/fr\/wp-json\/wp\/v2\/media?parent=3561"}],"wp:term":[{"taxonomy":"product_brand","embeddable":true,"href":"https:\/\/kuken.es\/fr\/wp-json\/wp\/v2\/product_brand?post=3561"},{"taxonomy":"product_cat","embeddable":true,"href":"https:\/\/kuken.es\/fr\/wp-json\/wp\/v2\/product_cat?post=3561"},{"taxonomy":"product_tag","embeddable":true,"href":"https:\/\/kuken.es\/fr\/wp-json\/wp\/v2\/product_tag?post=3561"}],"curies":[{"name":"wp","href":"https:\/\/api.w.org\/{rel}","templated":true}]}}