{"id":11540,"date":"2025-02-03T11:50:51","date_gmt":"2025-02-03T10:50:51","guid":{"rendered":"https:\/\/kuken.es\/?post_type=product&#038;p=11540"},"modified":"2026-02-09T08:51:07","modified_gmt":"2026-02-09T07:51:07","slug":"altavoz-portatil-1200mah-6w-ipx4","status":"publish","type":"product","link":"https:\/\/kuken.es\/fr\/produit\/altavoz-portatil-1200mah-6w-ipx4\/","title":{"rendered":"ALTAVOZ PORT\u00c1TIL IPX4 1200MAH 6W K\u00dcKEN"},"content":{"rendered":"<p>ALTAVOZ PORT\u00c1TIL IPX4 1200MAH 6W K\u00dcKEN<\/p>\n<ul>\n<li data-start=\"143\" data-end=\"211\">Altavoz port\u00e1til inal\u00e1mbrico K\u00fcken con potencia m\u00e1xima de 6 W.<\/li>\n<li data-start=\"214\" data-end=\"268\">Conectividad Bluetooth 5.3, estable y eficiente.<\/li>\n<li data-start=\"271\" data-end=\"328\">Protecci\u00f3n IPX4, resistente a salpicaduras de agua.<\/li>\n<li data-start=\"331\" data-end=\"400\">Iluminaci\u00f3n LED ne\u00f3n multicolor para un efecto visual din\u00e1mico.<\/li>\n<li data-start=\"403\" data-end=\"479\">Fabricado en ABS, tela y silicona, materiales resistentes y duraderos.<\/li>\n<li data-start=\"482\" data-end=\"557\">Bater\u00eda integrada de 1200 mAh, con hasta 6 horas de reproducci\u00f3n.<\/li>\n<li data-start=\"560\" data-end=\"612\">Tiempo de carga aproximado de 2 a 3 horas.<\/li>\n<li data-start=\"615\" data-end=\"675\">Alcance de transmisi\u00f3n inal\u00e1mbrica de hasta 10 metros.<\/li>\n<li data-start=\"678\" data-end=\"798\">Funciones integradas: Bluetooth, reproducci\u00f3n desde Micro SD, radio FM, entrada AUX y funci\u00f3n manos libres (CALL).<\/li>\n<li data-start=\"801\" data-end=\"847\">Conexiones disponibles: USB y Mini Jack.<\/li>\n<li data-start=\"850\" data-end=\"915\">Compatible con formatos de audio MP3, WAV, WMA, FLAC y APE.<\/li>\n<li data-start=\"918\" data-end=\"994\">Sensibilidad del altavoz de 96 dB, para un sonido claro y equilibrado.<\/li>\n<li data-start=\"997\" data-end=\"1061\">Tecnolog\u00eda Hi-Fi, con graves profundos y agudos definidos.<\/li>\n<li data-start=\"1064\" data-end=\"1129\">Dimensiones compactas: 123 \u00d7 \u00d8103 mm, f\u00e1cil de transportar.<\/li>\n<li data-start=\"1132\" data-end=\"1214\">Incluye colgador de silicona, pr\u00e1ctico para llevarlo o colgarlo c\u00f3modamente.<\/li>\n<li data-start=\"1217\" data-end=\"1307\">Dise\u00f1o compacto y vers\u00e1til, ideal para disfrutar de tu m\u00fasica favorita en cualquier lugar.<\/li>\n<\/ul>\n<p><div class=\"accordion\"><div class=\"mfn-acc accordion_wrapper  toggle\"><div class=\"question\"><div class=\"title\"><i class=\"icon-plus acc-icon-plus\" aria-hidden=\"true\"><\/i><i class=\"icon-minus acc-icon-minus\" aria-hidden=\"true\"><\/i>Donn\u00e9es du produit<\/div><div class=\"answer\">EAN: 84251603499341<\/p>\n<p>ALTAVOZ PORT\u00c1TIL IPX4 1200MAH 6W K\u00dcKEN<\/p>\n<p>Unit\u00e9s:1<br \/>\nColor:Azul<br \/>\nEmballage : bo\u00eete color\u00e9e<br \/>\nVoltaje: 80 Hz &#8211; 50 Khz.<br \/>\nRechargeable : Oui<\/p>\n<p><\/div><\/div>\n<\/div><\/div>\n<br \/>\n<div class=\"accordion\"><div class=\"mfn-acc accordion_wrapper  toggle\"><div class=\"question\"><div class=\"title\"><i class=\"icon-plus acc-icon-plus\" aria-hidden=\"true\"><\/i><i class=\"icon-minus acc-icon-minus\" aria-hidden=\"true\"><\/i>Accessoires<\/div><div class=\"answer\"><\/div><\/div>\n<\/div><\/div>\n<\/p>\n<div class=\"descargas-producto\"><img loading=\"lazy\" decoding=\"async\" class=\"alignnone\" src=\"\/wp-content\/uploads\/2019\/12\/picto-descarrega.png\" alt=\"t\u00e9l\u00e9charger la fiche technique\" width=\"23\" height=\"16\" \/><a href=\"https:\/\/kuken.es\/wp-content\/uploads\/8425160499341_ficha_tecnica.pdf\">T\u00e9l\u00e9charger la fiche<\/a><br \/>\n<img loading=\"lazy\" decoding=\"async\" src=\"\/wp-content\/uploads\/2019\/12\/picto-descarrega.png\" alt=\"t\u00e9l\u00e9charger le manuel d&#039;instructions\" width=\"23\" height=\"16\" \/><a href=\"https:\/\/kuken.es\/wp-content\/uploads\/49934_instrucciones.pdf\">T\u00e9l\u00e9charger le manuel<\/a><\/div>\n<div><\/div>\n<div><span style=\"color: #bf2121;\">Suivez-nous sur les m\u00e9dias sociaux !<\/span><\/div>\n<div><a href=\"https:\/\/www.instagram.com\/kuken_appliances\/\">https:\/\/www.instagram.com\/kuken_appliances\/<\/a><\/div>","protected":false},"excerpt":{"rendered":"<p>Altavoz port\u00e1til inal\u00e1mbrico K\u00fcken de 6 W con Bluetooth 5.3, protecci\u00f3n IPX4 y luz LED multicolor. Ofrece hasta 6 horas de reproducci\u00f3n, sonido Hi-Fi y m\u00faltiples opciones de conexi\u00f3n.<\/p>","protected":false},"featured_media":12669,"template":"","meta":[],"product_brand":[],"product_cat":[117,145,118,157],"product_tag":[],"class_list":{"0":"post-11540","1":"product","2":"type-product","3":"status-publish","4":"has-post-thumbnail","6":"product_cat-advance","7":"product_cat-advance-electronics","8":"product_cat-auriculares-advance","9":"product_cat-auriculares","11":"first","12":"instock","13":"product-type-simple"},"yoast_head":"<!-- This site is optimized with the Yoast SEO Premium plugin v24.0 (Yoast SEO v26.5) - https:\/\/yoast.com\/wordpress\/plugins\/seo\/ -->\n<title>ALTAVOZ PORT\u00c1TIL IPX4 1200MAH 6W K\u00dcKEN - K\u00fcken<\/title>\n<meta name=\"description\" content=\"Altavoz port\u00e1til 1200mAh 6W, ideal para llevar tu m\u00fasica a todas partes con potencia y calidad. Compacto y eficiente, perfecto para tus aventuras diarias.\" \/>\n<meta name=\"robots\" content=\"index, follow, max-snippet:-1, max-image-preview:large, max-video-preview:-1\" \/>\n<link rel=\"canonical\" href=\"https:\/\/kuken.es\/fr\/produit\/altavoz-portatil-1200mah-6w-ipx4\/\" \/>\n<meta property=\"og:locale\" content=\"fr_FR\" \/>\n<meta property=\"og:type\" content=\"article\" \/>\n<meta property=\"og:title\" content=\"ALTAVOZ PORT\u00c1TIL IPX4 1200MAH 6W K\u00dcKEN\" \/>\n<meta property=\"og:description\" content=\"Altavoz port\u00e1til 1200mAh 6W, ideal para llevar tu m\u00fasica a todas partes con potencia y calidad. Compacto y eficiente, perfecto para tus aventuras diarias.\" \/>\n<meta property=\"og:url\" content=\"https:\/\/kuken.es\/fr\/produit\/altavoz-portatil-1200mah-6w-ipx4\/\" \/>\n<meta property=\"og:site_name\" content=\"K\u00fcken\" \/>\n<meta property=\"article:publisher\" content=\"https:\/\/es-es.facebook.com\/alfadyser\/\" \/>\n<meta property=\"article:modified_time\" content=\"2026-02-09T07:51:07+00:00\" \/>\n<meta property=\"og:image\" content=\"https:\/\/kuken.es\/wp-content\/uploads\/8425160499341_01.jpg\" \/>\n\t<meta property=\"og:image:width\" content=\"2000\" \/>\n\t<meta property=\"og:image:height\" content=\"2000\" \/>\n\t<meta property=\"og:image:type\" content=\"image\/jpeg\" \/>\n<meta name=\"twitter:card\" content=\"summary_large_image\" \/>\n<meta name=\"twitter:label1\" content=\"Prix\" \/>\n\t<meta name=\"twitter:data1\" content=\"\" \/>\n\t<meta name=\"twitter:label2\" content=\"Disponibilit\u00e9\" \/>\n\t<meta name=\"twitter:data2\" content=\"En stock\" \/>\n<script type=\"application\/ld+json\" class=\"yoast-schema-graph\">{\"@context\":\"https:\/\/schema.org\",\"@graph\":[{\"@type\":\"WebPage\",\"@id\":\"https:\/\/kuken.es\/producto\/altavoz-portatil-1200mah-6w-ipx4\/\",\"url\":\"https:\/\/kuken.es\/producto\/altavoz-portatil-1200mah-6w-ipx4\/\",\"name\":\"ALTAVOZ PORT\u00c1TIL IPX4 1200MAH 6W K\u00dcKEN - K\u00fcken\",\"isPartOf\":{\"@id\":\"https:\/\/kuken.es\/#website\"},\"primaryImageOfPage\":{\"@id\":\"https:\/\/kuken.es\/producto\/altavoz-portatil-1200mah-6w-ipx4\/#primaryimage\"},\"image\":{\"@id\":\"https:\/\/kuken.es\/producto\/altavoz-portatil-1200mah-6w-ipx4\/#primaryimage\"},\"thumbnailUrl\":\"https:\/\/kuken.es\/wp-content\/uploads\/8425160499341_01.jpg\",\"datePublished\":\"2025-02-03T10:50:51+00:00\",\"dateModified\":\"2026-02-09T07:51:07+00:00\",\"description\":\"Altavoz port\u00e1til 1200mAh 6W, ideal para llevar tu m\u00fasica a todas partes con potencia y calidad. Compacto y eficiente, perfecto para tus aventuras diarias.\",\"breadcrumb\":{\"@id\":\"https:\/\/kuken.es\/producto\/altavoz-portatil-1200mah-6w-ipx4\/#breadcrumb\"},\"inLanguage\":\"fr-FR\",\"potentialAction\":[{\"@type\":\"ReadAction\",\"target\":[\"https:\/\/kuken.es\/producto\/altavoz-portatil-1200mah-6w-ipx4\/\"]}]},{\"@type\":\"ImageObject\",\"inLanguage\":\"fr-FR\",\"@id\":\"https:\/\/kuken.es\/producto\/altavoz-portatil-1200mah-6w-ipx4\/#primaryimage\",\"url\":\"https:\/\/kuken.es\/wp-content\/uploads\/8425160499341_01.jpg\",\"contentUrl\":\"https:\/\/kuken.es\/wp-content\/uploads\/8425160499341_01.jpg\",\"width\":2000,\"height\":2000},{\"@type\":\"BreadcrumbList\",\"@id\":\"https:\/\/kuken.es\/producto\/altavoz-portatil-1200mah-6w-ipx4\/#breadcrumb\",\"itemListElement\":[{\"@type\":\"ListItem\",\"position\":1,\"name\":\"Portada\",\"item\":\"https:\/\/kuken.es\/\"},{\"@type\":\"ListItem\",\"position\":2,\"name\":\"Productos\",\"item\":\"https:\/\/kuken.es\/productos\/\"},{\"@type\":\"ListItem\",\"position\":3,\"name\":\"ALTAVOZ PORT\u00c1TIL IPX4 1200MAH 6W K\u00dcKEN\"}]},{\"@type\":\"WebSite\",\"@id\":\"https:\/\/kuken.es\/#website\",\"url\":\"https:\/\/kuken.es\/\",\"name\":\"K\u00fcken\",\"description\":\"Amplia gama de peque\u00f1o electrodom\u00e9stico k\u00fcken\",\"publisher\":{\"@id\":\"https:\/\/kuken.es\/#organization\"},\"potentialAction\":[{\"@type\":\"SearchAction\",\"target\":{\"@type\":\"EntryPoint\",\"urlTemplate\":\"https:\/\/kuken.es\/?s={search_term_string}\"},\"query-input\":{\"@type\":\"PropertyValueSpecification\",\"valueRequired\":true,\"valueName\":\"search_term_string\"}}],\"inLanguage\":\"fr-FR\"},{\"@type\":\"Organization\",\"@id\":\"https:\/\/kuken.es\/#organization\",\"name\":\"Alfa Dyser\",\"url\":\"https:\/\/kuken.es\/\",\"logo\":{\"@type\":\"ImageObject\",\"inLanguage\":\"fr-FR\",\"@id\":\"https:\/\/kuken.es\/#\/schema\/logo\/image\/\",\"url\":\"https:\/\/kuken.es\/wp-content\/uploads\/2019\/04\/kuken-logo.png\",\"contentUrl\":\"https:\/\/kuken.es\/wp-content\/uploads\/2019\/04\/kuken-logo.png\",\"width\":500,\"height\":191,\"caption\":\"Alfa Dyser\"},\"image\":{\"@id\":\"https:\/\/kuken.es\/#\/schema\/logo\/image\/\"},\"sameAs\":[\"https:\/\/es-es.facebook.com\/alfadyser\/\",\"https:\/\/www.instagram.com\/kuken_appliances\/\"]}]}<\/script>\n<meta property=\"product:price:amount\" content=\"0.00\" \/>\n<meta property=\"product:price:currency\" content=\"EUR\" \/>\n<meta property=\"og:availability\" content=\"instock\" \/>\n<meta property=\"product:availability\" content=\"instock\" \/>\n<meta property=\"product:retailer_item_id\" content=\"49934\" \/>\n<meta property=\"product:condition\" content=\"new\" \/>\n<!-- \/ Yoast SEO Premium plugin. -->","yoast_head_json":{"title":"ALTAVOZ PORT\u00c1TIL IPX4 1200MAH 6W K\u00dcKEN - K\u00fcken","description":"Altavoz port\u00e1til 1200mAh 6W, ideal para llevar tu m\u00fasica a todas partes con potencia y calidad. Compacto y eficiente, perfecto para tus aventuras diarias.","robots":{"index":"index","follow":"follow","max-snippet":"max-snippet:-1","max-image-preview":"max-image-preview:large","max-video-preview":"max-video-preview:-1"},"canonical":"https:\/\/kuken.es\/fr\/produit\/altavoz-portatil-1200mah-6w-ipx4\/","og_locale":"fr_FR","og_type":"article","og_title":"ALTAVOZ PORT\u00c1TIL IPX4 1200MAH 6W K\u00dcKEN","og_description":"Altavoz port\u00e1til 1200mAh 6W, ideal para llevar tu m\u00fasica a todas partes con potencia y calidad. Compacto y eficiente, perfecto para tus aventuras diarias.","og_url":"https:\/\/kuken.es\/fr\/produit\/altavoz-portatil-1200mah-6w-ipx4\/","og_site_name":"K\u00fcken","article_publisher":"https:\/\/es-es.facebook.com\/alfadyser\/","article_modified_time":"2026-02-09T07:51:07+00:00","og_image":[{"width":2000,"height":2000,"url":"https:\/\/kuken.es\/wp-content\/uploads\/8425160499341_01.jpg","type":"image\/jpeg"}],"twitter_card":"summary_large_image","twitter_misc":{"Prix":"","Disponibilit\u00e9":"En stock"},"schema":{"@context":"https:\/\/schema.org","@graph":[{"@type":"WebPage","@id":"https:\/\/kuken.es\/producto\/altavoz-portatil-1200mah-6w-ipx4\/","url":"https:\/\/kuken.es\/producto\/altavoz-portatil-1200mah-6w-ipx4\/","name":"ALTAVOZ PORT\u00c1TIL IPX4 1200MAH 6W K\u00dcKEN - K\u00fcken","isPartOf":{"@id":"https:\/\/kuken.es\/#website"},"primaryImageOfPage":{"@id":"https:\/\/kuken.es\/producto\/altavoz-portatil-1200mah-6w-ipx4\/#primaryimage"},"image":{"@id":"https:\/\/kuken.es\/producto\/altavoz-portatil-1200mah-6w-ipx4\/#primaryimage"},"thumbnailUrl":"https:\/\/kuken.es\/wp-content\/uploads\/8425160499341_01.jpg","datePublished":"2025-02-03T10:50:51+00:00","dateModified":"2026-02-09T07:51:07+00:00","description":"Altavoz port\u00e1til 1200mAh 6W, ideal para llevar tu m\u00fasica a todas partes con potencia y calidad. Compacto y eficiente, perfecto para tus aventuras diarias.","breadcrumb":{"@id":"https:\/\/kuken.es\/producto\/altavoz-portatil-1200mah-6w-ipx4\/#breadcrumb"},"inLanguage":"fr-FR","potentialAction":[{"@type":"ReadAction","target":["https:\/\/kuken.es\/producto\/altavoz-portatil-1200mah-6w-ipx4\/"]}]},{"@type":"ImageObject","inLanguage":"fr-FR","@id":"https:\/\/kuken.es\/producto\/altavoz-portatil-1200mah-6w-ipx4\/#primaryimage","url":"https:\/\/kuken.es\/wp-content\/uploads\/8425160499341_01.jpg","contentUrl":"https:\/\/kuken.es\/wp-content\/uploads\/8425160499341_01.jpg","width":2000,"height":2000},{"@type":"BreadcrumbList","@id":"https:\/\/kuken.es\/producto\/altavoz-portatil-1200mah-6w-ipx4\/#breadcrumb","itemListElement":[{"@type":"ListItem","position":1,"name":"Portada","item":"https:\/\/kuken.es\/"},{"@type":"ListItem","position":2,"name":"Productos","item":"https:\/\/kuken.es\/productos\/"},{"@type":"ListItem","position":3,"name":"ALTAVOZ PORT\u00c1TIL IPX4 1200MAH 6W K\u00dcKEN"}]},{"@type":"WebSite","@id":"https:\/\/kuken.es\/#website","url":"https:\/\/kuken.es\/","name":"K\u00fcken","description":"Large gamme de petits appareils m\u00e9nagers k\u00fcken","publisher":{"@id":"https:\/\/kuken.es\/#organization"},"potentialAction":[{"@type":"SearchAction","target":{"@type":"EntryPoint","urlTemplate":"https:\/\/kuken.es\/?s={search_term_string}"},"query-input":{"@type":"PropertyValueSpecification","valueRequired":true,"valueName":"search_term_string"}}],"inLanguage":"fr-FR"},{"@type":"Organization","@id":"https:\/\/kuken.es\/#organization","name":"Alpha Dyser","url":"https:\/\/kuken.es\/","logo":{"@type":"ImageObject","inLanguage":"fr-FR","@id":"https:\/\/kuken.es\/#\/schema\/logo\/image\/","url":"https:\/\/kuken.es\/wp-content\/uploads\/2019\/04\/kuken-logo.png","contentUrl":"https:\/\/kuken.es\/wp-content\/uploads\/2019\/04\/kuken-logo.png","width":500,"height":191,"caption":"Alfa Dyser"},"image":{"@id":"https:\/\/kuken.es\/#\/schema\/logo\/image\/"},"sameAs":["https:\/\/es-es.facebook.com\/alfadyser\/","https:\/\/www.instagram.com\/kuken_appliances\/"]}]},"product_price_amount":"0.00","product_price_currency":"EUR","og_availability":"instock","product_availability":"instock","product_retailer_item_id":"49934","product_condition":"new"},"_links":{"self":[{"href":"https:\/\/kuken.es\/fr\/wp-json\/wp\/v2\/product\/11540","targetHints":{"allow":["GET"]}}],"collection":[{"href":"https:\/\/kuken.es\/fr\/wp-json\/wp\/v2\/product"}],"about":[{"href":"https:\/\/kuken.es\/fr\/wp-json\/wp\/v2\/types\/product"}],"wp:featuredmedia":[{"embeddable":true,"href":"https:\/\/kuken.es\/fr\/wp-json\/wp\/v2\/media\/12669"}],"wp:attachment":[{"href":"https:\/\/kuken.es\/fr\/wp-json\/wp\/v2\/media?parent=11540"}],"wp:term":[{"taxonomy":"product_brand","embeddable":true,"href":"https:\/\/kuken.es\/fr\/wp-json\/wp\/v2\/product_brand?post=11540"},{"taxonomy":"product_cat","embeddable":true,"href":"https:\/\/kuken.es\/fr\/wp-json\/wp\/v2\/product_cat?post=11540"},{"taxonomy":"product_tag","embeddable":true,"href":"https:\/\/kuken.es\/fr\/wp-json\/wp\/v2\/product_tag?post=11540"}],"curies":[{"name":"wp","href":"https:\/\/api.w.org\/{rel}","templated":true}]}}