{"id":11174,"date":"2024-08-21T09:49:13","date_gmt":"2024-08-21T07:49:13","guid":{"rendered":"https:\/\/kuken.es\/?post_type=product&#038;p=11174"},"modified":"2026-02-09T12:05:10","modified_gmt":"2026-02-09T11:05:10","slug":"machine-a-cafe-espresso-nespresso-20-bar-recipient-a-lait-de-1-litre","status":"publish","type":"product","link":"https:\/\/kuken.es\/fr\/produit\/machine-a-cafe-espresso-nespresso-20-bar-recipient-a-lait-de-1-litre\/","title":{"rendered":"MACHINE \u00c0 ESPRESSO\/NESPRESSO 20 BARS R\u00c9CIPIENT \u00c0 LAIT DE 1 LITRE"},"content":{"rendered":"<p><span class=\"a-list-item\">MACHINE \u00c0 ESPRESSO\/NESPRESSO 20 BARS R\u00c9CIPIENT \u00c0 LAIT DE 1 LITRE<\/span><\/p>\n<p>\u2022 Acabado en acero inoxidable y negro, elegante y resistente.<\/p>\n<p>\u2022 Compatible con c\u00e1psulas Nespresso y caf\u00e9 molido, m\u00e1xima versatilidad.<\/p>\n<p>\u2022 Motor de 1400W, prepara bebidas r\u00e1pidamente con eficiencia energ\u00e9tica.<\/p>\n<p>\u2022 Bomba de 20 bares, logra un espresso rico, cremoso y con aroma intenso.<\/p>\n<p>\u2022 Espumador de leche de 4 bares, consigue una textura suave y profesional.<\/p>\n<p>\u2022 Pantalla t\u00e1ctil, con indicador de temperatura y selecci\u00f3n de bebidas.<\/p>\n<p>\u2022 Dep\u00f3sito de agua extra\u00edble de 1 litro y dep\u00f3sito de leche de 700 ml.<\/p>\n<p>\u2022 Espumador ajustable, ideal para diferentes estilos de caf\u00e9.<\/p>\n<p>\u2022 Sistema antigoteo y bandeja ajustable para varias alturas de taza.<\/p>\n<p>\u2022 Preparaci\u00f3n sencilla y limpieza f\u00e1cil, perfecta para el uso diario.<\/p>\n<p>\u2022 Dimensiones: 31,04 \u00d7 19,81 \u00d7 25,91 cm.<\/p>\n<p><div class=\"accordion\"><div class=\"mfn-acc accordion_wrapper  toggle\"><div class=\"question\"><div class=\"title\"><i class=\"icon-plus acc-icon-plus\" aria-hidden=\"true\"><\/i><i class=\"icon-minus acc-icon-minus\" aria-hidden=\"true\"><\/i>Donn\u00e9es du produit<\/div><div class=\"answer\">EAN 8425160344665<\/p>\n<p><span class=\"a-list-item\">MACHINE \u00c0 ESPRESSO\/NESPRESSO 20 BARS R\u00c9CIPIENT \u00c0 LAIT DE 1 LITRE<\/span><\/p>\n<p>Unit\u00e9 d'emballage : 1<br \/>\nCouleur : acier inoxydable \/ noir<br \/>\nEmballage : bo\u00eete color\u00e9e<br \/>\nPuissance : 1400W<br \/>\nTension : 230V<br \/>\nCapacit\u00e9 du r\u00e9servoir : Eau\/1000ml - Lait\/700ml<br \/>\nMat\u00e9riau : acier inoxydable \/ PC<br \/>\nPieds antid\u00e9rapants : Oui<br \/>\nPoids\u00a0 \u00a0 <\/div><\/div>\n<\/div><\/div>\n<br \/>\n<div class=\"accordion\"><div class=\"mfn-acc accordion_wrapper  toggle\"><div class=\"question\"><div class=\"title\"><i class=\"icon-plus acc-icon-plus\" aria-hidden=\"true\"><\/i><i class=\"icon-minus acc-icon-minus\" aria-hidden=\"true\"><\/i>Accessoires<\/div><div class=\"answer\"><\/div><\/div>\n<\/div><\/div>\n<\/p>\n<div class=\"descargas-producto\"><img loading=\"lazy\" decoding=\"async\" src=\"\/wp-content\/uploads\/2019\/12\/picto-descarrega.png\" alt=\"t\u00e9l\u00e9charger la fiche technique\" width=\"23\" height=\"16\" \/><a href=\"https:\/\/kuken.es\/wp-content\/uploads\/8425160344665_ficha_tecnica.pdf\">T\u00e9l\u00e9charger la fiche<\/a><br \/>\n<img loading=\"lazy\" decoding=\"async\" src=\"\/wp-content\/uploads\/2019\/12\/picto-descarrega.png\" alt=\"t\u00e9l\u00e9charger le manuel d&#039;instructions\" width=\"23\" height=\"16\" \/><a href=\"https:\/\/kuken.es\/wp-content\/uploads\/34466_instrucciones_compressed.pdf\">T\u00e9l\u00e9charger le manuel<\/a><\/div>\n<div><\/div>\n<div>D\u00e9couvrez notre gamme compl\u00e8te de machines \u00e0 caf\u00e9 et de moulins \u00e0 caf\u00e9\u00a0<a href=\"https:\/\/www.alfadyser.com\/\">ici<\/a><\/div>\n<div>\n<p><iframe loading=\"lazy\" title=\"Cafeti\u00e8re Espresso\/Expresso Kuken 20 Bars 1LITRE R\u00e9servoir \u00e0 lait\" width=\"560\" height=\"315\" src=\"https:\/\/www.youtube.com\/embed\/s_dHa1evZ0A?feature=oembed\" frameborder=\"0\" allow=\"accelerometer; autoplay; clipboard-write; encrypted-media; gyroscope; picture-in-picture; web-share\" referrerpolicy=\"strict-origin-when-cross-origin\" allowfullscreen><\/iframe><\/p>\n<p class=\"p1\">\n<\/div>\n<div><\/div>\n<div><span style=\"color: #bf2121;\">Suivez-nous sur les m\u00e9dias sociaux !<\/span><\/div>\n<div><a href=\"https:\/\/www.instagram.com\/kuken_appliances\/\">https:\/\/www.instagram.com\/kuken_appliances\/<\/a><\/div>","protected":false},"excerpt":{"rendered":"<p class=\"\" data-start=\"502\" data-end=\"655\">Savourez un caf\u00e9 parfait tous les jours. Qu'il s'agisse de lait ou d'espresso, de capsules ou de caf\u00e9 moulu, cette machine \u00e0 caf\u00e9 polyvalente et puissante fait tout par simple pression d'un bouton.<\/p>","protected":false},"featured_media":11470,"template":"","meta":[],"product_brand":[],"product_cat":[18],"product_tag":[],"class_list":{"0":"post-11174","1":"product","2":"type-product","3":"status-publish","4":"has-post-thumbnail","6":"product_cat-sin-categorizar","8":"first","9":"instock","10":"shipping-taxable","11":"product-type-simple"},"yoast_head":"<!-- This site is optimized with the Yoast SEO Premium plugin v24.0 (Yoast SEO v26.5) - https:\/\/yoast.com\/wordpress\/plugins\/seo\/ -->\n<title>Cafetera express\/nespresso 20 bares 1 litro dep\u00f3sito de leche.<\/title>\n<meta name=\"description\" content=\"Cafetera Express\/Nespresso 20 bares 1\u202fL con leche K\u00dcKEN, pantalla t\u00e1ctil, espumador, c\u00e1psulas y molido. Prepara caf\u00e9s cremosos con calidad de barista.\" \/>\n<meta name=\"robots\" content=\"index, follow, max-snippet:-1, max-image-preview:large, max-video-preview:-1\" \/>\n<link rel=\"canonical\" href=\"https:\/\/kuken.es\/fr\/produit\/machine-a-cafe-espresso-nespresso-20-bar-recipient-a-lait-de-1-litre\/\" \/>\n<meta property=\"og:locale\" content=\"fr_FR\" \/>\n<meta property=\"og:type\" content=\"article\" \/>\n<meta property=\"og:title\" content=\"CAFETERA EXPRESS\/NESPRESSO 20 BARES 1 LITRO DEP\u00d3SITO DE LECHE\" \/>\n<meta property=\"og:description\" content=\"Cafetera Express\/Nespresso 20 bares 1\u202fL con leche K\u00dcKEN, pantalla t\u00e1ctil, espumador, c\u00e1psulas y molido. Prepara caf\u00e9s cremosos con calidad de barista.\" \/>\n<meta property=\"og:url\" content=\"https:\/\/kuken.es\/fr\/produit\/machine-a-cafe-espresso-nespresso-20-bar-recipient-a-lait-de-1-litre\/\" \/>\n<meta property=\"og:site_name\" content=\"K\u00fcken\" \/>\n<meta property=\"article:publisher\" content=\"https:\/\/es-es.facebook.com\/alfadyser\/\" \/>\n<meta property=\"article:modified_time\" content=\"2026-02-09T11:05:10+00:00\" \/>\n<meta property=\"og:image\" content=\"https:\/\/kuken.es\/wp-content\/uploads\/8425160344665_03.jpg\" \/>\n\t<meta property=\"og:image:width\" content=\"2000\" \/>\n\t<meta property=\"og:image:height\" content=\"2000\" \/>\n\t<meta property=\"og:image:type\" content=\"image\/jpeg\" \/>\n<meta name=\"twitter:card\" content=\"summary_large_image\" \/>\n<meta name=\"twitter:label1\" content=\"Prix\" \/>\n\t<meta name=\"twitter:data1\" content=\"\" \/>\n\t<meta name=\"twitter:label2\" content=\"Disponibilit\u00e9\" \/>\n\t<meta name=\"twitter:data2\" content=\"En stock\" \/>\n<script type=\"application\/ld+json\" class=\"yoast-schema-graph\">{\"@context\":\"https:\/\/schema.org\",\"@graph\":[{\"@type\":\"WebPage\",\"@id\":\"https:\/\/kuken.es\/producto\/cafetera-express-nespresso-20-bares-1-litro-deposito-de-leche\/\",\"url\":\"https:\/\/kuken.es\/producto\/cafetera-express-nespresso-20-bares-1-litro-deposito-de-leche\/\",\"name\":\"Cafetera express\/nespresso 20 bares 1 litro dep\u00f3sito de leche.\",\"isPartOf\":{\"@id\":\"https:\/\/kuken.es\/#website\"},\"primaryImageOfPage\":{\"@id\":\"https:\/\/kuken.es\/producto\/cafetera-express-nespresso-20-bares-1-litro-deposito-de-leche\/#primaryimage\"},\"image\":{\"@id\":\"https:\/\/kuken.es\/producto\/cafetera-express-nespresso-20-bares-1-litro-deposito-de-leche\/#primaryimage\"},\"thumbnailUrl\":\"https:\/\/kuken.es\/wp-content\/uploads\/8425160344665_03.jpg\",\"datePublished\":\"2024-08-21T07:49:13+00:00\",\"dateModified\":\"2026-02-09T11:05:10+00:00\",\"description\":\"Cafetera Express\/Nespresso 20 bares 1\u202fL con leche K\u00dcKEN, pantalla t\u00e1ctil, espumador, c\u00e1psulas y molido. Prepara caf\u00e9s cremosos con calidad de barista.\",\"breadcrumb\":{\"@id\":\"https:\/\/kuken.es\/producto\/cafetera-express-nespresso-20-bares-1-litro-deposito-de-leche\/#breadcrumb\"},\"inLanguage\":\"fr-FR\",\"potentialAction\":[{\"@type\":\"ReadAction\",\"target\":[\"https:\/\/kuken.es\/producto\/cafetera-express-nespresso-20-bares-1-litro-deposito-de-leche\/\"]}]},{\"@type\":\"ImageObject\",\"inLanguage\":\"fr-FR\",\"@id\":\"https:\/\/kuken.es\/producto\/cafetera-express-nespresso-20-bares-1-litro-deposito-de-leche\/#primaryimage\",\"url\":\"https:\/\/kuken.es\/wp-content\/uploads\/8425160344665_03.jpg\",\"contentUrl\":\"https:\/\/kuken.es\/wp-content\/uploads\/8425160344665_03.jpg\",\"width\":2000,\"height\":2000},{\"@type\":\"BreadcrumbList\",\"@id\":\"https:\/\/kuken.es\/producto\/cafetera-express-nespresso-20-bares-1-litro-deposito-de-leche\/#breadcrumb\",\"itemListElement\":[{\"@type\":\"ListItem\",\"position\":1,\"name\":\"Portada\",\"item\":\"https:\/\/kuken.es\/\"},{\"@type\":\"ListItem\",\"position\":2,\"name\":\"Productos\",\"item\":\"https:\/\/kuken.es\/productos\/\"},{\"@type\":\"ListItem\",\"position\":3,\"name\":\"CAFETERA EXPRESS\/NESPRESSO 20 BARES 1 LITRO DEP\u00d3SITO DE LECHE\"}]},{\"@type\":\"WebSite\",\"@id\":\"https:\/\/kuken.es\/#website\",\"url\":\"https:\/\/kuken.es\/\",\"name\":\"K\u00fcken\",\"description\":\"Amplia gama de peque\u00f1o electrodom\u00e9stico k\u00fcken\",\"publisher\":{\"@id\":\"https:\/\/kuken.es\/#organization\"},\"potentialAction\":[{\"@type\":\"SearchAction\",\"target\":{\"@type\":\"EntryPoint\",\"urlTemplate\":\"https:\/\/kuken.es\/?s={search_term_string}\"},\"query-input\":{\"@type\":\"PropertyValueSpecification\",\"valueRequired\":true,\"valueName\":\"search_term_string\"}}],\"inLanguage\":\"fr-FR\"},{\"@type\":\"Organization\",\"@id\":\"https:\/\/kuken.es\/#organization\",\"name\":\"Alfa Dyser\",\"url\":\"https:\/\/kuken.es\/\",\"logo\":{\"@type\":\"ImageObject\",\"inLanguage\":\"fr-FR\",\"@id\":\"https:\/\/kuken.es\/#\/schema\/logo\/image\/\",\"url\":\"https:\/\/kuken.es\/wp-content\/uploads\/2019\/04\/kuken-logo.png\",\"contentUrl\":\"https:\/\/kuken.es\/wp-content\/uploads\/2019\/04\/kuken-logo.png\",\"width\":500,\"height\":191,\"caption\":\"Alfa Dyser\"},\"image\":{\"@id\":\"https:\/\/kuken.es\/#\/schema\/logo\/image\/\"},\"sameAs\":[\"https:\/\/es-es.facebook.com\/alfadyser\/\",\"https:\/\/www.instagram.com\/kuken_appliances\/\"]}]}<\/script>\n<meta property=\"product:price:amount\" content=\"0.00\" \/>\n<meta property=\"product:price:currency\" content=\"EUR\" \/>\n<meta property=\"og:availability\" content=\"instock\" \/>\n<meta property=\"product:availability\" content=\"instock\" \/>\n<meta property=\"product:retailer_item_id\" content=\"34466\" \/>\n<meta property=\"product:condition\" content=\"new\" \/>\n<!-- \/ Yoast SEO Premium plugin. -->","yoast_head_json":{"title":"Machine \u00e0 espresso\/nespresso 20 bars R\u00e9servoir \u00e0 lait de 1 litre.","description":"Machine \u00e0 expresso 20 bars 1 L avec lait K\u00dcKEN, \u00e9cran tactile, mousseur, capsules et caf\u00e9 moulu. Pr\u00e9pare des caf\u00e9s cr\u00e9meux de qualit\u00e9 barista.","robots":{"index":"index","follow":"follow","max-snippet":"max-snippet:-1","max-image-preview":"max-image-preview:large","max-video-preview":"max-video-preview:-1"},"canonical":"https:\/\/kuken.es\/fr\/produit\/machine-a-cafe-espresso-nespresso-20-bar-recipient-a-lait-de-1-litre\/","og_locale":"fr_FR","og_type":"article","og_title":"CAFETERA EXPRESS\/NESPRESSO 20 BARES 1 LITRO DEP\u00d3SITO DE LECHE","og_description":"Cafetera Express\/Nespresso 20 bares 1\u202fL con leche K\u00dcKEN, pantalla t\u00e1ctil, espumador, c\u00e1psulas y molido. Prepara caf\u00e9s cremosos con calidad de barista.","og_url":"https:\/\/kuken.es\/fr\/produit\/machine-a-cafe-espresso-nespresso-20-bar-recipient-a-lait-de-1-litre\/","og_site_name":"K\u00fcken","article_publisher":"https:\/\/es-es.facebook.com\/alfadyser\/","article_modified_time":"2026-02-09T11:05:10+00:00","og_image":[{"width":2000,"height":2000,"url":"https:\/\/kuken.es\/wp-content\/uploads\/8425160344665_03.jpg","type":"image\/jpeg"}],"twitter_card":"summary_large_image","twitter_misc":{"Prix":"","Disponibilit\u00e9":"En stock"},"schema":{"@context":"https:\/\/schema.org","@graph":[{"@type":"WebPage","@id":"https:\/\/kuken.es\/producto\/cafetera-express-nespresso-20-bares-1-litro-deposito-de-leche\/","url":"https:\/\/kuken.es\/producto\/cafetera-express-nespresso-20-bares-1-litro-deposito-de-leche\/","name":"Machine \u00e0 espresso\/nespresso 20 bars R\u00e9servoir \u00e0 lait de 1 litre.","isPartOf":{"@id":"https:\/\/kuken.es\/#website"},"primaryImageOfPage":{"@id":"https:\/\/kuken.es\/producto\/cafetera-express-nespresso-20-bares-1-litro-deposito-de-leche\/#primaryimage"},"image":{"@id":"https:\/\/kuken.es\/producto\/cafetera-express-nespresso-20-bares-1-litro-deposito-de-leche\/#primaryimage"},"thumbnailUrl":"https:\/\/kuken.es\/wp-content\/uploads\/8425160344665_03.jpg","datePublished":"2024-08-21T07:49:13+00:00","dateModified":"2026-02-09T11:05:10+00:00","description":"Machine \u00e0 expresso 20 bars 1 L avec lait K\u00dcKEN, \u00e9cran tactile, mousseur, capsules et caf\u00e9 moulu. Pr\u00e9pare des caf\u00e9s cr\u00e9meux de qualit\u00e9 barista.","breadcrumb":{"@id":"https:\/\/kuken.es\/producto\/cafetera-express-nespresso-20-bares-1-litro-deposito-de-leche\/#breadcrumb"},"inLanguage":"fr-FR","potentialAction":[{"@type":"ReadAction","target":["https:\/\/kuken.es\/producto\/cafetera-express-nespresso-20-bares-1-litro-deposito-de-leche\/"]}]},{"@type":"ImageObject","inLanguage":"fr-FR","@id":"https:\/\/kuken.es\/producto\/cafetera-express-nespresso-20-bares-1-litro-deposito-de-leche\/#primaryimage","url":"https:\/\/kuken.es\/wp-content\/uploads\/8425160344665_03.jpg","contentUrl":"https:\/\/kuken.es\/wp-content\/uploads\/8425160344665_03.jpg","width":2000,"height":2000},{"@type":"BreadcrumbList","@id":"https:\/\/kuken.es\/producto\/cafetera-express-nespresso-20-bares-1-litro-deposito-de-leche\/#breadcrumb","itemListElement":[{"@type":"ListItem","position":1,"name":"Portada","item":"https:\/\/kuken.es\/"},{"@type":"ListItem","position":2,"name":"Productos","item":"https:\/\/kuken.es\/productos\/"},{"@type":"ListItem","position":3,"name":"CAFETERA EXPRESS\/NESPRESSO 20 BARES 1 LITRO DEP\u00d3SITO DE LECHE"}]},{"@type":"WebSite","@id":"https:\/\/kuken.es\/#website","url":"https:\/\/kuken.es\/","name":"K\u00fcken","description":"Large gamme de petits appareils m\u00e9nagers k\u00fcken","publisher":{"@id":"https:\/\/kuken.es\/#organization"},"potentialAction":[{"@type":"SearchAction","target":{"@type":"EntryPoint","urlTemplate":"https:\/\/kuken.es\/?s={search_term_string}"},"query-input":{"@type":"PropertyValueSpecification","valueRequired":true,"valueName":"search_term_string"}}],"inLanguage":"fr-FR"},{"@type":"Organization","@id":"https:\/\/kuken.es\/#organization","name":"Alpha Dyser","url":"https:\/\/kuken.es\/","logo":{"@type":"ImageObject","inLanguage":"fr-FR","@id":"https:\/\/kuken.es\/#\/schema\/logo\/image\/","url":"https:\/\/kuken.es\/wp-content\/uploads\/2019\/04\/kuken-logo.png","contentUrl":"https:\/\/kuken.es\/wp-content\/uploads\/2019\/04\/kuken-logo.png","width":500,"height":191,"caption":"Alfa Dyser"},"image":{"@id":"https:\/\/kuken.es\/#\/schema\/logo\/image\/"},"sameAs":["https:\/\/es-es.facebook.com\/alfadyser\/","https:\/\/www.instagram.com\/kuken_appliances\/"]}]},"product_price_amount":"0.00","product_price_currency":"EUR","og_availability":"instock","product_availability":"instock","product_retailer_item_id":"34466","product_condition":"new"},"_links":{"self":[{"href":"https:\/\/kuken.es\/fr\/wp-json\/wp\/v2\/product\/11174","targetHints":{"allow":["GET"]}}],"collection":[{"href":"https:\/\/kuken.es\/fr\/wp-json\/wp\/v2\/product"}],"about":[{"href":"https:\/\/kuken.es\/fr\/wp-json\/wp\/v2\/types\/product"}],"wp:featuredmedia":[{"embeddable":true,"href":"https:\/\/kuken.es\/fr\/wp-json\/wp\/v2\/media\/11470"}],"wp:attachment":[{"href":"https:\/\/kuken.es\/fr\/wp-json\/wp\/v2\/media?parent=11174"}],"wp:term":[{"taxonomy":"product_brand","embeddable":true,"href":"https:\/\/kuken.es\/fr\/wp-json\/wp\/v2\/product_brand?post=11174"},{"taxonomy":"product_cat","embeddable":true,"href":"https:\/\/kuken.es\/fr\/wp-json\/wp\/v2\/product_cat?post=11174"},{"taxonomy":"product_tag","embeddable":true,"href":"https:\/\/kuken.es\/fr\/wp-json\/wp\/v2\/product_tag?post=11174"}],"curies":[{"name":"wp","href":"https:\/\/api.w.org\/{rel}","templated":true}]}}