{"id":10864,"date":"2023-12-21T15:09:13","date_gmt":"2023-12-21T14:09:13","guid":{"rendered":"https:\/\/kuken.es\/?post_type=product&#038;p=10864"},"modified":"2025-06-02T14:03:24","modified_gmt":"2025-06-02T12:03:24","slug":"reloj-kuken-efecto-madera-redondo-25-cm","status":"publish","type":"product","link":"https:\/\/kuken.es\/fr\/produit\/reloj-kuken-efecto-madera-redondo-25-cm\/","title":{"rendered":"RELOJ K\u00dcKEN EFECTO MADERA REDONDO 25 CM"},"content":{"rendered":"<p>RELOJ K\u00dcKEN EFECTO MADERA REDONDO 25 CM<\/p>\n<ul data-start=\"684\" data-end=\"1454\">\n<li class=\"\" data-start=\"684\" data-end=\"754\">\n<p class=\"\" data-start=\"686\" data-end=\"754\">Reloj decorativo redondo con dise\u00f1o cl\u00e1sico y acabado natural.<\/p>\n<\/li>\n<li class=\"\" data-start=\"755\" data-end=\"834\">\n<p class=\"\" data-start=\"757\" data-end=\"834\">Mecanismo de cuarzo, precisi\u00f3n y durabilidad en la medici\u00f3n del tiempo.<\/p>\n<\/li>\n<li class=\"\" data-start=\"835\" data-end=\"909\">\n<p class=\"\" data-start=\"837\" data-end=\"909\">Movimiento silencioso No Ticking, ideal para ambientes tranquilos.<\/p>\n<\/li>\n<li class=\"\" data-start=\"910\" data-end=\"975\">\n<p class=\"\" data-start=\"912\" data-end=\"975\">Acabado efecto madera, a\u00f1ade calidez a cualquier espacio.<\/p>\n<\/li>\n<li class=\"\" data-start=\"976\" data-end=\"1050\">\n<p class=\"\" data-start=\"978\" data-end=\"1050\">Perteneciente a la serie especial K\u00dcKEN Vintage, estilo atemporal.<\/p>\n<\/li>\n<li class=\"\" data-start=\"1051\" data-end=\"1119\">\n<p class=\"\" data-start=\"1053\" data-end=\"1119\">Manecillas met\u00e1licas elegantes, de dise\u00f1o fino y resistente.<\/p>\n<\/li>\n<li class=\"\" data-start=\"1120\" data-end=\"1200\">\n<p class=\"\" data-start=\"1122\" data-end=\"1200\">N\u00fameros grandes y de f\u00e1cil lectura, para visualizar la hora c\u00f3modamente.<\/p>\n<\/li>\n<li class=\"\" data-start=\"1201\" data-end=\"1284\">\n<p class=\"\" data-start=\"1203\" data-end=\"1284\">Di\u00e1metro de 25\u202fcm, perfecto para cocinas, pasillos, oficinas o dormitorios.<\/p>\n<\/li>\n<li class=\"\" data-start=\"1285\" data-end=\"1329\">\n<p class=\"\" data-start=\"1287\" data-end=\"1329\">Funciona con pila LR6\/AA (incluida).<\/p>\n<\/li>\n<li class=\"\" data-start=\"1330\" data-end=\"1399\">\n<p class=\"\" data-start=\"1332\" data-end=\"1399\">Dise\u00f1ado para colgar en pared, instalaci\u00f3n r\u00e1pida y sencilla.<\/p>\n<\/li>\n<li class=\"\" data-start=\"1400\" data-end=\"1454\">\n<p class=\"\" data-start=\"1402\" data-end=\"1454\">Ideal para decorar con estilo y funcionalidad.<\/p>\n<\/li>\n<\/ul>\n<p><div class=\"accordion\"><div class=\"mfn-acc accordion_wrapper  toggle\"><div class=\"question\"><div class=\"title\"><i class=\"icon-plus acc-icon-plus\" aria-hidden=\"true\"><\/i><i class=\"icon-minus acc-icon-minus\" aria-hidden=\"true\"><\/i>Donn\u00e9es du produit<\/div><div class=\"answer\">EAN 8425160349424<\/p>\n<p>RELOJ K\u00dcKEN EFECTO MADERA REDONDO 25 CM<\/p>\n<p>Unit\u00e9 d'emballage 1<br \/>\nColor Medra \/ Negro<br \/>\nEmbalaje Caja Color<br \/>\nGrande taille<br \/>\nDimensiones \u00d8 250 mm<br \/>\nMati\u00e8re plastique<br \/>\nFunciona con pilas S\u00ed<br \/>\nPiles incluses Oui<br \/>\nPeso 0,50 kg.<\/p>\n<p><\/div><\/div>\n<\/div><\/div>\n<br \/>\n<div class=\"accordion\"><div class=\"mfn-acc accordion_wrapper  toggle\"><div class=\"question\"><div class=\"title\"><i class=\"icon-plus acc-icon-plus\" aria-hidden=\"true\"><\/i><i class=\"icon-minus acc-icon-minus\" aria-hidden=\"true\"><\/i>Accessoires<\/div><div class=\"answer\"><\/div><\/div>\n<\/div><\/div>\n<\/p>\n<div class=\"descargas-producto\"><img loading=\"lazy\" decoding=\"async\" src=\"\/wp-content\/uploads\/2019\/12\/picto-descarrega.png\" alt=\"t\u00e9l\u00e9charger la fiche technique\" width=\"23\" height=\"16\" \/><a href=\"https:\/\/kuken.es\/wp-content\/uploads\/8425160349424_ficha_tecnica.pdf\">T\u00e9l\u00e9charger la fiche<\/a><br \/>\n<img loading=\"lazy\" decoding=\"async\" src=\"\/wp-content\/uploads\/2019\/12\/picto-descarrega.png\" alt=\"t\u00e9l\u00e9charger le manuel d&#039;instructions\" width=\"23\" height=\"16\" \/>T\u00e9l\u00e9charger le manuel<\/div>\n<div><\/div>\n<div><span style=\"color: #bf2121\">Suivez-nous sur les m\u00e9dias sociaux !<\/span><\/div>\n<div><a href=\"https:\/\/www.instagram.com\/kuken_appliances\/\">https:\/\/www.instagram.com\/kuken_appliances\/<\/a><\/div>","protected":false},"excerpt":{"rendered":"<p class=\"\" data-start=\"453\" data-end=\"613\">Elegancia atemporal en formato compacto. Ideal para cualquier ambiente, este reloj combina dise\u00f1o vintage, lectura clara y funcionamiento silencioso sin tictac.<\/p>","protected":false},"featured_media":10865,"template":"","meta":[],"product_brand":[],"product_cat":[38,70],"product_tag":[],"class_list":{"0":"post-10864","1":"product","2":"type-product","3":"status-publish","4":"has-post-thumbnail","6":"product_cat-premium","7":"product_cat-relojes-premium","9":"first","10":"instock","11":"product-type-simple"},"yoast_head":"<!-- This site is optimized with the Yoast SEO Premium plugin v24.0 (Yoast SEO v26.5) - https:\/\/yoast.com\/wordpress\/plugins\/seo\/ -->\n<title>RELOJ K\u00dcKEN EFECTO MADERA REDONDO 25 CM - K\u00fcken<\/title>\n<meta name=\"description\" content=\"Reloj K\u00dcKEN efecto madera redondo 25\u202fcm, dise\u00f1o vintage y silencioso, con n\u00fameros grandes y manecillas met\u00e1licas. Ideal para decorar cualquier estancia.\" \/>\n<meta name=\"robots\" content=\"index, follow, max-snippet:-1, max-image-preview:large, max-video-preview:-1\" \/>\n<link rel=\"canonical\" href=\"https:\/\/kuken.es\/fr\/produit\/reloj-kuken-efecto-madera-redondo-25-cm\/\" \/>\n<meta property=\"og:locale\" content=\"fr_FR\" \/>\n<meta property=\"og:type\" content=\"article\" \/>\n<meta property=\"og:title\" content=\"RELOJ K\u00dcKEN EFECTO MADERA REDONDO 25 CM\" \/>\n<meta property=\"og:description\" content=\"Reloj K\u00dcKEN efecto madera redondo 25\u202fcm, dise\u00f1o vintage y silencioso, con n\u00fameros grandes y manecillas met\u00e1licas. Ideal para decorar cualquier estancia.\" \/>\n<meta property=\"og:url\" content=\"https:\/\/kuken.es\/fr\/produit\/reloj-kuken-efecto-madera-redondo-25-cm\/\" \/>\n<meta property=\"og:site_name\" content=\"K\u00fcken\" \/>\n<meta property=\"article:publisher\" content=\"https:\/\/es-es.facebook.com\/alfadyser\/\" \/>\n<meta property=\"article:modified_time\" content=\"2025-06-02T12:03:24+00:00\" \/>\n<meta property=\"og:image\" content=\"https:\/\/kuken.es\/wp-content\/uploads\/8425160349424_01.jpg\" \/>\n\t<meta property=\"og:image:width\" content=\"2000\" \/>\n\t<meta property=\"og:image:height\" content=\"2000\" \/>\n\t<meta property=\"og:image:type\" content=\"image\/jpeg\" \/>\n<meta name=\"twitter:card\" content=\"summary_large_image\" \/>\n<meta name=\"twitter:label1\" content=\"Prix\" \/>\n\t<meta name=\"twitter:data1\" content=\"\" \/>\n\t<meta name=\"twitter:label2\" content=\"Disponibilit\u00e9\" \/>\n\t<meta name=\"twitter:data2\" content=\"En stock\" \/>\n<script type=\"application\/ld+json\" class=\"yoast-schema-graph\">{\"@context\":\"https:\/\/schema.org\",\"@graph\":[{\"@type\":\"WebPage\",\"@id\":\"https:\/\/kuken.es\/producto\/reloj-kuken-efecto-madera-redondo-25-cm\/\",\"url\":\"https:\/\/kuken.es\/producto\/reloj-kuken-efecto-madera-redondo-25-cm\/\",\"name\":\"RELOJ K\u00dcKEN EFECTO MADERA REDONDO 25 CM - K\u00fcken\",\"isPartOf\":{\"@id\":\"https:\/\/kuken.es\/#website\"},\"primaryImageOfPage\":{\"@id\":\"https:\/\/kuken.es\/producto\/reloj-kuken-efecto-madera-redondo-25-cm\/#primaryimage\"},\"image\":{\"@id\":\"https:\/\/kuken.es\/producto\/reloj-kuken-efecto-madera-redondo-25-cm\/#primaryimage\"},\"thumbnailUrl\":\"https:\/\/kuken.es\/wp-content\/uploads\/8425160349424_01.jpg\",\"datePublished\":\"2023-12-21T14:09:13+00:00\",\"dateModified\":\"2025-06-02T12:03:24+00:00\",\"description\":\"Reloj K\u00dcKEN efecto madera redondo 25\u202fcm, dise\u00f1o vintage y silencioso, con n\u00fameros grandes y manecillas met\u00e1licas. Ideal para decorar cualquier estancia.\",\"breadcrumb\":{\"@id\":\"https:\/\/kuken.es\/producto\/reloj-kuken-efecto-madera-redondo-25-cm\/#breadcrumb\"},\"inLanguage\":\"fr-FR\",\"potentialAction\":[{\"@type\":\"ReadAction\",\"target\":[\"https:\/\/kuken.es\/producto\/reloj-kuken-efecto-madera-redondo-25-cm\/\"]}]},{\"@type\":\"ImageObject\",\"inLanguage\":\"fr-FR\",\"@id\":\"https:\/\/kuken.es\/producto\/reloj-kuken-efecto-madera-redondo-25-cm\/#primaryimage\",\"url\":\"https:\/\/kuken.es\/wp-content\/uploads\/8425160349424_01.jpg\",\"contentUrl\":\"https:\/\/kuken.es\/wp-content\/uploads\/8425160349424_01.jpg\",\"width\":2000,\"height\":2000},{\"@type\":\"BreadcrumbList\",\"@id\":\"https:\/\/kuken.es\/producto\/reloj-kuken-efecto-madera-redondo-25-cm\/#breadcrumb\",\"itemListElement\":[{\"@type\":\"ListItem\",\"position\":1,\"name\":\"Portada\",\"item\":\"https:\/\/kuken.es\/\"},{\"@type\":\"ListItem\",\"position\":2,\"name\":\"Productos\",\"item\":\"https:\/\/kuken.es\/productos\/\"},{\"@type\":\"ListItem\",\"position\":3,\"name\":\"RELOJ K\u00dcKEN EFECTO MADERA REDONDO 25 CM\"}]},{\"@type\":\"WebSite\",\"@id\":\"https:\/\/kuken.es\/#website\",\"url\":\"https:\/\/kuken.es\/\",\"name\":\"K\u00fcken\",\"description\":\"Amplia gama de peque\u00f1o electrodom\u00e9stico k\u00fcken\",\"publisher\":{\"@id\":\"https:\/\/kuken.es\/#organization\"},\"potentialAction\":[{\"@type\":\"SearchAction\",\"target\":{\"@type\":\"EntryPoint\",\"urlTemplate\":\"https:\/\/kuken.es\/?s={search_term_string}\"},\"query-input\":{\"@type\":\"PropertyValueSpecification\",\"valueRequired\":true,\"valueName\":\"search_term_string\"}}],\"inLanguage\":\"fr-FR\"},{\"@type\":\"Organization\",\"@id\":\"https:\/\/kuken.es\/#organization\",\"name\":\"Alfa Dyser\",\"url\":\"https:\/\/kuken.es\/\",\"logo\":{\"@type\":\"ImageObject\",\"inLanguage\":\"fr-FR\",\"@id\":\"https:\/\/kuken.es\/#\/schema\/logo\/image\/\",\"url\":\"https:\/\/kuken.es\/wp-content\/uploads\/2019\/04\/kuken-logo.png\",\"contentUrl\":\"https:\/\/kuken.es\/wp-content\/uploads\/2019\/04\/kuken-logo.png\",\"width\":500,\"height\":191,\"caption\":\"Alfa Dyser\"},\"image\":{\"@id\":\"https:\/\/kuken.es\/#\/schema\/logo\/image\/\"},\"sameAs\":[\"https:\/\/es-es.facebook.com\/alfadyser\/\",\"https:\/\/www.instagram.com\/kuken_appliances\/\"]}]}<\/script>\n<meta property=\"product:price:amount\" content=\"0.00\" \/>\n<meta property=\"product:price:currency\" content=\"EUR\" \/>\n<meta property=\"og:availability\" content=\"instock\" \/>\n<meta property=\"product:availability\" content=\"instock\" \/>\n<meta property=\"product:retailer_item_id\" content=\"34942\" \/>\n<meta property=\"product:condition\" content=\"new\" \/>\n<!-- \/ Yoast SEO Premium plugin. -->","yoast_head_json":{"title":"RELOJ K\u00dcKEN EFECTO MADERA REDONDO 25 CM - K\u00fcken","description":"Reloj K\u00dcKEN efecto madera redondo 25\u202fcm, dise\u00f1o vintage y silencioso, con n\u00fameros grandes y manecillas met\u00e1licas. Ideal para decorar cualquier estancia.","robots":{"index":"index","follow":"follow","max-snippet":"max-snippet:-1","max-image-preview":"max-image-preview:large","max-video-preview":"max-video-preview:-1"},"canonical":"https:\/\/kuken.es\/fr\/produit\/reloj-kuken-efecto-madera-redondo-25-cm\/","og_locale":"fr_FR","og_type":"article","og_title":"RELOJ K\u00dcKEN EFECTO MADERA REDONDO 25 CM","og_description":"Reloj K\u00dcKEN efecto madera redondo 25\u202fcm, dise\u00f1o vintage y silencioso, con n\u00fameros grandes y manecillas met\u00e1licas. Ideal para decorar cualquier estancia.","og_url":"https:\/\/kuken.es\/fr\/produit\/reloj-kuken-efecto-madera-redondo-25-cm\/","og_site_name":"K\u00fcken","article_publisher":"https:\/\/es-es.facebook.com\/alfadyser\/","article_modified_time":"2025-06-02T12:03:24+00:00","og_image":[{"width":2000,"height":2000,"url":"https:\/\/kuken.es\/wp-content\/uploads\/8425160349424_01.jpg","type":"image\/jpeg"}],"twitter_card":"summary_large_image","twitter_misc":{"Prix":"","Disponibilit\u00e9":"En stock"},"schema":{"@context":"https:\/\/schema.org","@graph":[{"@type":"WebPage","@id":"https:\/\/kuken.es\/producto\/reloj-kuken-efecto-madera-redondo-25-cm\/","url":"https:\/\/kuken.es\/producto\/reloj-kuken-efecto-madera-redondo-25-cm\/","name":"RELOJ K\u00dcKEN EFECTO MADERA REDONDO 25 CM - K\u00fcken","isPartOf":{"@id":"https:\/\/kuken.es\/#website"},"primaryImageOfPage":{"@id":"https:\/\/kuken.es\/producto\/reloj-kuken-efecto-madera-redondo-25-cm\/#primaryimage"},"image":{"@id":"https:\/\/kuken.es\/producto\/reloj-kuken-efecto-madera-redondo-25-cm\/#primaryimage"},"thumbnailUrl":"https:\/\/kuken.es\/wp-content\/uploads\/8425160349424_01.jpg","datePublished":"2023-12-21T14:09:13+00:00","dateModified":"2025-06-02T12:03:24+00:00","description":"Reloj K\u00dcKEN efecto madera redondo 25\u202fcm, dise\u00f1o vintage y silencioso, con n\u00fameros grandes y manecillas met\u00e1licas. Ideal para decorar cualquier estancia.","breadcrumb":{"@id":"https:\/\/kuken.es\/producto\/reloj-kuken-efecto-madera-redondo-25-cm\/#breadcrumb"},"inLanguage":"fr-FR","potentialAction":[{"@type":"ReadAction","target":["https:\/\/kuken.es\/producto\/reloj-kuken-efecto-madera-redondo-25-cm\/"]}]},{"@type":"ImageObject","inLanguage":"fr-FR","@id":"https:\/\/kuken.es\/producto\/reloj-kuken-efecto-madera-redondo-25-cm\/#primaryimage","url":"https:\/\/kuken.es\/wp-content\/uploads\/8425160349424_01.jpg","contentUrl":"https:\/\/kuken.es\/wp-content\/uploads\/8425160349424_01.jpg","width":2000,"height":2000},{"@type":"BreadcrumbList","@id":"https:\/\/kuken.es\/producto\/reloj-kuken-efecto-madera-redondo-25-cm\/#breadcrumb","itemListElement":[{"@type":"ListItem","position":1,"name":"Portada","item":"https:\/\/kuken.es\/"},{"@type":"ListItem","position":2,"name":"Productos","item":"https:\/\/kuken.es\/productos\/"},{"@type":"ListItem","position":3,"name":"RELOJ K\u00dcKEN EFECTO MADERA REDONDO 25 CM"}]},{"@type":"WebSite","@id":"https:\/\/kuken.es\/#website","url":"https:\/\/kuken.es\/","name":"K\u00fcken","description":"Large gamme de petits appareils m\u00e9nagers k\u00fcken","publisher":{"@id":"https:\/\/kuken.es\/#organization"},"potentialAction":[{"@type":"SearchAction","target":{"@type":"EntryPoint","urlTemplate":"https:\/\/kuken.es\/?s={search_term_string}"},"query-input":{"@type":"PropertyValueSpecification","valueRequired":true,"valueName":"search_term_string"}}],"inLanguage":"fr-FR"},{"@type":"Organization","@id":"https:\/\/kuken.es\/#organization","name":"Alpha Dyser","url":"https:\/\/kuken.es\/","logo":{"@type":"ImageObject","inLanguage":"fr-FR","@id":"https:\/\/kuken.es\/#\/schema\/logo\/image\/","url":"https:\/\/kuken.es\/wp-content\/uploads\/2019\/04\/kuken-logo.png","contentUrl":"https:\/\/kuken.es\/wp-content\/uploads\/2019\/04\/kuken-logo.png","width":500,"height":191,"caption":"Alfa Dyser"},"image":{"@id":"https:\/\/kuken.es\/#\/schema\/logo\/image\/"},"sameAs":["https:\/\/es-es.facebook.com\/alfadyser\/","https:\/\/www.instagram.com\/kuken_appliances\/"]}]},"product_price_amount":"0.00","product_price_currency":"EUR","og_availability":"instock","product_availability":"instock","product_retailer_item_id":"34942","product_condition":"new"},"_links":{"self":[{"href":"https:\/\/kuken.es\/fr\/wp-json\/wp\/v2\/product\/10864","targetHints":{"allow":["GET"]}}],"collection":[{"href":"https:\/\/kuken.es\/fr\/wp-json\/wp\/v2\/product"}],"about":[{"href":"https:\/\/kuken.es\/fr\/wp-json\/wp\/v2\/types\/product"}],"wp:featuredmedia":[{"embeddable":true,"href":"https:\/\/kuken.es\/fr\/wp-json\/wp\/v2\/media\/10865"}],"wp:attachment":[{"href":"https:\/\/kuken.es\/fr\/wp-json\/wp\/v2\/media?parent=10864"}],"wp:term":[{"taxonomy":"product_brand","embeddable":true,"href":"https:\/\/kuken.es\/fr\/wp-json\/wp\/v2\/product_brand?post=10864"},{"taxonomy":"product_cat","embeddable":true,"href":"https:\/\/kuken.es\/fr\/wp-json\/wp\/v2\/product_cat?post=10864"},{"taxonomy":"product_tag","embeddable":true,"href":"https:\/\/kuken.es\/fr\/wp-json\/wp\/v2\/product_tag?post=10864"}],"curies":[{"name":"wp","href":"https:\/\/api.w.org\/{rel}","templated":true}]}}