{"id":10852,"date":"2023-12-21T14:19:23","date_gmt":"2023-12-21T13:19:23","guid":{"rendered":"https:\/\/kuken.es\/?post_type=product&#038;p=10852"},"modified":"2025-06-02T14:02:08","modified_gmt":"2025-06-02T12:02:08","slug":"reloj-analogico-despertador-kuken-negro","status":"publish","type":"product","link":"https:\/\/kuken.es\/fr\/produit\/reloj-analogico-despertador-kuken-negro\/","title":{"rendered":"R\u00c9VEIL ANALOGIQUE K\u00dcKEN NOIR"},"content":{"rendered":"<p>R\u00c9VEIL ANALOGIQUE K\u00dcKEN NOIR<\/p>\n<ul data-start=\"725\" data-end=\"1400\">\n<li class=\"\" data-start=\"725\" data-end=\"795\">\n<p class=\"\" data-start=\"727\" data-end=\"795\">Reloj anal\u00f3gico con mecanismo de cuarzo, preciso y silencioso.<\/p>\n<\/li>\n<li class=\"\" data-start=\"796\" data-end=\"866\">\n<p class=\"\" data-start=\"798\" data-end=\"866\">Funci\u00f3n de alarma\/despertador, ideal para uso diario o viajes.<\/p>\n<\/li>\n<li class=\"\" data-start=\"867\" data-end=\"940\">\n<p class=\"\" data-start=\"869\" data-end=\"940\">Dise\u00f1o compacto y elegante, f\u00e1cil de ubicar en cualquier espacio.<\/p>\n<\/li>\n<li class=\"\" data-start=\"941\" data-end=\"991\">\n<p class=\"\" data-start=\"943\" data-end=\"991\">Acabado en color negro, sobrio y vers\u00e1til.<\/p>\n<\/li>\n<li class=\"\" data-start=\"992\" data-end=\"1050\">\n<p class=\"\" data-start=\"994\" data-end=\"1050\">N\u00fameros negros grandes, de lectura clara y r\u00e1pida.<\/p>\n<\/li>\n<li class=\"\" data-start=\"1051\" data-end=\"1119\">\n<p class=\"\" data-start=\"1053\" data-end=\"1119\">Agujas reflectantes para visualizar la hora en la oscuridad.<\/p>\n<\/li>\n<li class=\"\" data-start=\"1120\" data-end=\"1188\">\n<p class=\"\" data-start=\"1122\" data-end=\"1188\">Indicador de temperatura digital, a\u00f1ade funcionalidad extra.<\/p>\n<\/li>\n<li class=\"\" data-start=\"1189\" data-end=\"1243\">\n<p class=\"\" data-start=\"1191\" data-end=\"1243\">Carcasa fabricada en ABS, ligera y resistente.<\/p>\n<\/li>\n<li class=\"\" data-start=\"1244\" data-end=\"1297\">\n<p class=\"\" data-start=\"1246\" data-end=\"1297\">Medidas: 82 \u00d7 82 \u00d7 38 mm \u2013 Peso: 0,11\u202fkg.<\/p>\n<\/li>\n<li class=\"\" data-start=\"1298\" data-end=\"1343\">\n<p class=\"\" data-start=\"1300\" data-end=\"1343\">Funciona con 1 pila AA (no incluida).<\/p>\n<\/li>\n<li class=\"\" data-start=\"1344\" data-end=\"1400\">\n<p class=\"\" data-start=\"1346\" data-end=\"1400\">Incluye 3 a\u00f1os de garant\u00eda, respaldo de calidad.<\/p>\n<\/li>\n<\/ul>\n<p><div class=\"accordion\"><div class=\"mfn-acc accordion_wrapper  toggle\"><div class=\"question\"><div class=\"title\"><i class=\"icon-plus acc-icon-plus\" aria-hidden=\"true\"><\/i><i class=\"icon-minus acc-icon-minus\" aria-hidden=\"true\"><\/i>Donn\u00e9es du produit<\/div><div class=\"answer\"><\/p>\n<p>R\u00c9VEIL ANALOGIQUE K\u00dcKEN NOIR<\/p>\n<p>EAN 8425160330163<br \/>\nUnit\u00e9 d'emballage 1<br \/>\nCouleur Noir<br \/>\nEmbalaje Caja Color<br \/>\nGrande taille<br \/>\nDimensiones 82x82x38 mm.<br \/>\nMati\u00e8re plastique<br \/>\nFunciona con pilas S\u00ed<br \/>\nIncluye pilas No<\/p>\n<p><\/div><\/div>\n<\/div><\/div>\n<div class=\"accordion\"><div class=\"mfn-acc accordion_wrapper  toggle\"><div class=\"question\"><div class=\"title\"><i class=\"icon-plus acc-icon-plus\" aria-hidden=\"true\"><\/i><i class=\"icon-minus acc-icon-minus\" aria-hidden=\"true\"><\/i>Accessoires<\/div><div class=\"answer\"><\/div><\/div>\n<\/div><\/div>\n<\/p>\n<div class=\"descargas-producto\"><img loading=\"lazy\" decoding=\"async\" src=\"\/wp-content\/uploads\/2019\/12\/picto-descarrega.png\" alt=\"t\u00e9l\u00e9charger la fiche technique\" width=\"23\" height=\"16\" \/><a href=\"https:\/\/kuken.es\/wp-content\/uploads\/33016_33264_ficha_tecnica.pdf\">T\u00e9l\u00e9charger la fiche<\/a><br \/>\n<img loading=\"lazy\" decoding=\"async\" src=\"\/wp-content\/uploads\/2019\/12\/picto-descarrega.png\" alt=\"t\u00e9l\u00e9charger le manuel d&#039;instructions\" width=\"23\" height=\"16\" \/>T\u00e9l\u00e9charger le manuel<\/div>\n<div><\/div>\n<div><span style=\"color: #bf2121\">Suivez-nous sur les m\u00e9dias sociaux !<\/span><\/div>\n<div><a href=\"https:\/\/www.instagram.com\/kuken_appliances\/\">https:\/\/www.instagram.com\/kuken_appliances\/<\/a><\/div>\n<p><iframe loading=\"lazy\" title=\"Reloj anal\u00f3gico k\u00fcken alarma negro\" width=\"560\" height=\"315\" src=\"https:\/\/www.youtube.com\/embed\/e6Ee9dfT9Hw?feature=oembed\" frameborder=\"0\" allow=\"accelerometer; autoplay; clipboard-write; encrypted-media; gyroscope; picture-in-picture; web-share\" referrerpolicy=\"strict-origin-when-cross-origin\" allowfullscreen><\/iframe><\/p>","protected":false},"excerpt":{"rendered":"<p class=\"\" data-start=\"503\" data-end=\"654\">Despierta con estilo y precisi\u00f3n. Dise\u00f1o compacto con alarma, temperatura digital y agujas visibles de noche. Ideal para mesitas, escritorios o viajes.<\/p>","protected":false},"featured_media":10853,"template":"","meta":[],"product_brand":[],"product_cat":[38,70],"product_tag":[],"class_list":{"0":"post-10852","1":"product","2":"type-product","3":"status-publish","4":"has-post-thumbnail","6":"product_cat-premium","7":"product_cat-relojes-premium","9":"first","10":"instock","11":"product-type-simple"},"yoast_head":"<!-- This site is optimized with the Yoast SEO Premium plugin v24.0 (Yoast SEO v26.5) - https:\/\/yoast.com\/wordpress\/plugins\/seo\/ -->\n<title>RELOJ ANAL\u00d3GICO DESPERTADOR K\u00dcKEN NEGRO - K\u00fcken<\/title>\n<meta name=\"description\" content=\"Reloj anal\u00f3gico despertador K\u00dcKEN negro, compacto, con alarma, indicador de temperatura y agujas reflectantes. Dise\u00f1o elegante y funcional con garant\u00eda.\" \/>\n<meta name=\"robots\" content=\"index, follow, max-snippet:-1, max-image-preview:large, max-video-preview:-1\" \/>\n<link rel=\"canonical\" href=\"https:\/\/kuken.es\/fr\/produit\/reloj-analogico-despertador-kuken-negro\/\" \/>\n<meta property=\"og:locale\" content=\"fr_FR\" \/>\n<meta property=\"og:type\" content=\"article\" \/>\n<meta property=\"og:title\" content=\"RELOJ ANAL\u00d3GICO DESPERTADOR K\u00dcKEN NEGRO\" \/>\n<meta property=\"og:description\" content=\"Reloj anal\u00f3gico despertador K\u00dcKEN negro, compacto, con alarma, indicador de temperatura y agujas reflectantes. Dise\u00f1o elegante y funcional con garant\u00eda.\" \/>\n<meta property=\"og:url\" content=\"https:\/\/kuken.es\/fr\/produit\/reloj-analogico-despertador-kuken-negro\/\" \/>\n<meta property=\"og:site_name\" content=\"K\u00fcken\" \/>\n<meta property=\"article:publisher\" content=\"https:\/\/es-es.facebook.com\/alfadyser\/\" \/>\n<meta property=\"article:modified_time\" content=\"2025-06-02T12:02:08+00:00\" \/>\n<meta property=\"og:image\" content=\"https:\/\/kuken.es\/wp-content\/uploads\/8425160330163_01.jpg\" \/>\n\t<meta property=\"og:image:width\" content=\"2000\" \/>\n\t<meta property=\"og:image:height\" content=\"2000\" \/>\n\t<meta property=\"og:image:type\" content=\"image\/jpeg\" \/>\n<meta name=\"twitter:card\" content=\"summary_large_image\" \/>\n<meta name=\"twitter:label1\" content=\"Prix\" \/>\n\t<meta name=\"twitter:data1\" content=\"\" \/>\n\t<meta name=\"twitter:label2\" content=\"Disponibilit\u00e9\" \/>\n\t<meta name=\"twitter:data2\" content=\"En stock\" \/>\n<script type=\"application\/ld+json\" class=\"yoast-schema-graph\">{\"@context\":\"https:\/\/schema.org\",\"@graph\":[{\"@type\":\"WebPage\",\"@id\":\"https:\/\/kuken.es\/producto\/reloj-analogico-despertador-kuken-negro\/\",\"url\":\"https:\/\/kuken.es\/producto\/reloj-analogico-despertador-kuken-negro\/\",\"name\":\"RELOJ ANAL\u00d3GICO DESPERTADOR K\u00dcKEN NEGRO - K\u00fcken\",\"isPartOf\":{\"@id\":\"https:\/\/kuken.es\/#website\"},\"primaryImageOfPage\":{\"@id\":\"https:\/\/kuken.es\/producto\/reloj-analogico-despertador-kuken-negro\/#primaryimage\"},\"image\":{\"@id\":\"https:\/\/kuken.es\/producto\/reloj-analogico-despertador-kuken-negro\/#primaryimage\"},\"thumbnailUrl\":\"https:\/\/kuken.es\/wp-content\/uploads\/8425160330163_01.jpg\",\"datePublished\":\"2023-12-21T13:19:23+00:00\",\"dateModified\":\"2025-06-02T12:02:08+00:00\",\"description\":\"Reloj anal\u00f3gico despertador K\u00dcKEN negro, compacto, con alarma, indicador de temperatura y agujas reflectantes. Dise\u00f1o elegante y funcional con garant\u00eda.\",\"breadcrumb\":{\"@id\":\"https:\/\/kuken.es\/producto\/reloj-analogico-despertador-kuken-negro\/#breadcrumb\"},\"inLanguage\":\"fr-FR\",\"potentialAction\":[{\"@type\":\"ReadAction\",\"target\":[\"https:\/\/kuken.es\/producto\/reloj-analogico-despertador-kuken-negro\/\"]}]},{\"@type\":\"ImageObject\",\"inLanguage\":\"fr-FR\",\"@id\":\"https:\/\/kuken.es\/producto\/reloj-analogico-despertador-kuken-negro\/#primaryimage\",\"url\":\"https:\/\/kuken.es\/wp-content\/uploads\/8425160330163_01.jpg\",\"contentUrl\":\"https:\/\/kuken.es\/wp-content\/uploads\/8425160330163_01.jpg\",\"width\":2000,\"height\":2000},{\"@type\":\"BreadcrumbList\",\"@id\":\"https:\/\/kuken.es\/producto\/reloj-analogico-despertador-kuken-negro\/#breadcrumb\",\"itemListElement\":[{\"@type\":\"ListItem\",\"position\":1,\"name\":\"Portada\",\"item\":\"https:\/\/kuken.es\/\"},{\"@type\":\"ListItem\",\"position\":2,\"name\":\"Productos\",\"item\":\"https:\/\/kuken.es\/productos\/\"},{\"@type\":\"ListItem\",\"position\":3,\"name\":\"RELOJ ANAL\u00d3GICO DESPERTADOR K\u00dcKEN NEGRO\"}]},{\"@type\":\"WebSite\",\"@id\":\"https:\/\/kuken.es\/#website\",\"url\":\"https:\/\/kuken.es\/\",\"name\":\"K\u00fcken\",\"description\":\"Amplia gama de peque\u00f1o electrodom\u00e9stico k\u00fcken\",\"publisher\":{\"@id\":\"https:\/\/kuken.es\/#organization\"},\"potentialAction\":[{\"@type\":\"SearchAction\",\"target\":{\"@type\":\"EntryPoint\",\"urlTemplate\":\"https:\/\/kuken.es\/?s={search_term_string}\"},\"query-input\":{\"@type\":\"PropertyValueSpecification\",\"valueRequired\":true,\"valueName\":\"search_term_string\"}}],\"inLanguage\":\"fr-FR\"},{\"@type\":\"Organization\",\"@id\":\"https:\/\/kuken.es\/#organization\",\"name\":\"Alfa Dyser\",\"url\":\"https:\/\/kuken.es\/\",\"logo\":{\"@type\":\"ImageObject\",\"inLanguage\":\"fr-FR\",\"@id\":\"https:\/\/kuken.es\/#\/schema\/logo\/image\/\",\"url\":\"https:\/\/kuken.es\/wp-content\/uploads\/2019\/04\/kuken-logo.png\",\"contentUrl\":\"https:\/\/kuken.es\/wp-content\/uploads\/2019\/04\/kuken-logo.png\",\"width\":500,\"height\":191,\"caption\":\"Alfa Dyser\"},\"image\":{\"@id\":\"https:\/\/kuken.es\/#\/schema\/logo\/image\/\"},\"sameAs\":[\"https:\/\/es-es.facebook.com\/alfadyser\/\",\"https:\/\/www.instagram.com\/kuken_appliances\/\"]}]}<\/script>\n<meta property=\"product:price:amount\" content=\"0.00\" \/>\n<meta property=\"product:price:currency\" content=\"EUR\" \/>\n<meta property=\"og:availability\" content=\"instock\" \/>\n<meta property=\"product:availability\" content=\"instock\" \/>\n<meta property=\"product:retailer_item_id\" content=\"33016\" \/>\n<meta property=\"product:condition\" content=\"new\" \/>\n<!-- \/ Yoast SEO Premium plugin. -->","yoast_head_json":{"title":"RELOJ ANAL\u00d3GICO DESPERTADOR K\u00dcKEN NEGRO - K\u00fcken","description":"Reloj anal\u00f3gico despertador K\u00dcKEN negro, compacto, con alarma, indicador de temperatura y agujas reflectantes. Dise\u00f1o elegante y funcional con garant\u00eda.","robots":{"index":"index","follow":"follow","max-snippet":"max-snippet:-1","max-image-preview":"max-image-preview:large","max-video-preview":"max-video-preview:-1"},"canonical":"https:\/\/kuken.es\/fr\/produit\/reloj-analogico-despertador-kuken-negro\/","og_locale":"fr_FR","og_type":"article","og_title":"RELOJ ANAL\u00d3GICO DESPERTADOR K\u00dcKEN NEGRO","og_description":"Reloj anal\u00f3gico despertador K\u00dcKEN negro, compacto, con alarma, indicador de temperatura y agujas reflectantes. Dise\u00f1o elegante y funcional con garant\u00eda.","og_url":"https:\/\/kuken.es\/fr\/produit\/reloj-analogico-despertador-kuken-negro\/","og_site_name":"K\u00fcken","article_publisher":"https:\/\/es-es.facebook.com\/alfadyser\/","article_modified_time":"2025-06-02T12:02:08+00:00","og_image":[{"width":2000,"height":2000,"url":"https:\/\/kuken.es\/wp-content\/uploads\/8425160330163_01.jpg","type":"image\/jpeg"}],"twitter_card":"summary_large_image","twitter_misc":{"Prix":"","Disponibilit\u00e9":"En stock"},"schema":{"@context":"https:\/\/schema.org","@graph":[{"@type":"WebPage","@id":"https:\/\/kuken.es\/producto\/reloj-analogico-despertador-kuken-negro\/","url":"https:\/\/kuken.es\/producto\/reloj-analogico-despertador-kuken-negro\/","name":"RELOJ ANAL\u00d3GICO DESPERTADOR K\u00dcKEN NEGRO - K\u00fcken","isPartOf":{"@id":"https:\/\/kuken.es\/#website"},"primaryImageOfPage":{"@id":"https:\/\/kuken.es\/producto\/reloj-analogico-despertador-kuken-negro\/#primaryimage"},"image":{"@id":"https:\/\/kuken.es\/producto\/reloj-analogico-despertador-kuken-negro\/#primaryimage"},"thumbnailUrl":"https:\/\/kuken.es\/wp-content\/uploads\/8425160330163_01.jpg","datePublished":"2023-12-21T13:19:23+00:00","dateModified":"2025-06-02T12:02:08+00:00","description":"Reloj anal\u00f3gico despertador K\u00dcKEN negro, compacto, con alarma, indicador de temperatura y agujas reflectantes. Dise\u00f1o elegante y funcional con garant\u00eda.","breadcrumb":{"@id":"https:\/\/kuken.es\/producto\/reloj-analogico-despertador-kuken-negro\/#breadcrumb"},"inLanguage":"fr-FR","potentialAction":[{"@type":"ReadAction","target":["https:\/\/kuken.es\/producto\/reloj-analogico-despertador-kuken-negro\/"]}]},{"@type":"ImageObject","inLanguage":"fr-FR","@id":"https:\/\/kuken.es\/producto\/reloj-analogico-despertador-kuken-negro\/#primaryimage","url":"https:\/\/kuken.es\/wp-content\/uploads\/8425160330163_01.jpg","contentUrl":"https:\/\/kuken.es\/wp-content\/uploads\/8425160330163_01.jpg","width":2000,"height":2000},{"@type":"BreadcrumbList","@id":"https:\/\/kuken.es\/producto\/reloj-analogico-despertador-kuken-negro\/#breadcrumb","itemListElement":[{"@type":"ListItem","position":1,"name":"Portada","item":"https:\/\/kuken.es\/"},{"@type":"ListItem","position":2,"name":"Productos","item":"https:\/\/kuken.es\/productos\/"},{"@type":"ListItem","position":3,"name":"RELOJ ANAL\u00d3GICO DESPERTADOR K\u00dcKEN NEGRO"}]},{"@type":"WebSite","@id":"https:\/\/kuken.es\/#website","url":"https:\/\/kuken.es\/","name":"K\u00fcken","description":"Large gamme de petits appareils m\u00e9nagers k\u00fcken","publisher":{"@id":"https:\/\/kuken.es\/#organization"},"potentialAction":[{"@type":"SearchAction","target":{"@type":"EntryPoint","urlTemplate":"https:\/\/kuken.es\/?s={search_term_string}"},"query-input":{"@type":"PropertyValueSpecification","valueRequired":true,"valueName":"search_term_string"}}],"inLanguage":"fr-FR"},{"@type":"Organization","@id":"https:\/\/kuken.es\/#organization","name":"Alpha Dyser","url":"https:\/\/kuken.es\/","logo":{"@type":"ImageObject","inLanguage":"fr-FR","@id":"https:\/\/kuken.es\/#\/schema\/logo\/image\/","url":"https:\/\/kuken.es\/wp-content\/uploads\/2019\/04\/kuken-logo.png","contentUrl":"https:\/\/kuken.es\/wp-content\/uploads\/2019\/04\/kuken-logo.png","width":500,"height":191,"caption":"Alfa Dyser"},"image":{"@id":"https:\/\/kuken.es\/#\/schema\/logo\/image\/"},"sameAs":["https:\/\/es-es.facebook.com\/alfadyser\/","https:\/\/www.instagram.com\/kuken_appliances\/"]}]},"product_price_amount":"0.00","product_price_currency":"EUR","og_availability":"instock","product_availability":"instock","product_retailer_item_id":"33016","product_condition":"new"},"_links":{"self":[{"href":"https:\/\/kuken.es\/fr\/wp-json\/wp\/v2\/product\/10852","targetHints":{"allow":["GET"]}}],"collection":[{"href":"https:\/\/kuken.es\/fr\/wp-json\/wp\/v2\/product"}],"about":[{"href":"https:\/\/kuken.es\/fr\/wp-json\/wp\/v2\/types\/product"}],"wp:featuredmedia":[{"embeddable":true,"href":"https:\/\/kuken.es\/fr\/wp-json\/wp\/v2\/media\/10853"}],"wp:attachment":[{"href":"https:\/\/kuken.es\/fr\/wp-json\/wp\/v2\/media?parent=10852"}],"wp:term":[{"taxonomy":"product_brand","embeddable":true,"href":"https:\/\/kuken.es\/fr\/wp-json\/wp\/v2\/product_brand?post=10852"},{"taxonomy":"product_cat","embeddable":true,"href":"https:\/\/kuken.es\/fr\/wp-json\/wp\/v2\/product_cat?post=10852"},{"taxonomy":"product_tag","embeddable":true,"href":"https:\/\/kuken.es\/fr\/wp-json\/wp\/v2\/product_tag?post=10852"}],"curies":[{"name":"wp","href":"https:\/\/api.w.org\/{rel}","templated":true}]}}