{"id":10784,"date":"2023-11-08T13:32:56","date_gmt":"2023-11-08T12:32:56","guid":{"rendered":"https:\/\/kuken.es\/?post_type=product&#038;p=10784"},"modified":"2025-07-01T07:43:18","modified_gmt":"2025-07-01T05:43:18","slug":"batidora-brazo-850w-con-vaso-plastico-kuken","status":"publish","type":"product","link":"https:\/\/kuken.es\/fr\/produit\/batidora-brazo-850w-con-vaso-plastico-kuken\/","title":{"rendered":"K\u00dcKEN 850W PLASTIC BEAKER BLENDER WITH PLASTIC BOWL"},"content":{"rendered":"<p>K\u00dcKEN 850W PLASTIC BEAKER BLENDER WITH PLASTIC BOWL<\/p>\n<ul data-start=\"672\" data-end=\"1355\">\n<li class=\"\" data-start=\"672\" data-end=\"750\">\n<p class=\"\" data-start=\"674\" data-end=\"750\">Potencia de 850W, perfecta para mezclar, batir y triturar con rapidez.<\/p>\n<\/li>\n<li class=\"\" data-start=\"751\" data-end=\"815\">\n<p class=\"\" data-start=\"753\" data-end=\"815\">Cuerpo acabado en color blanco, dise\u00f1o limpio y moderno.<\/p>\n<\/li>\n<li class=\"\" data-start=\"816\" data-end=\"891\">\n<p class=\"\" data-start=\"818\" data-end=\"891\">Brazo extra\u00edble de acero inoxidable, resistente y f\u00e1cil de limpiar.<\/p>\n<\/li>\n<li class=\"\" data-start=\"892\" data-end=\"979\">\n<p class=\"\" data-start=\"894\" data-end=\"979\">Cuchillas de acero inoxidable de alta calidad, resultados uniformes y precisos.<\/p>\n<\/li>\n<li class=\"\" data-start=\"980\" data-end=\"1072\">\n<p class=\"\" data-start=\"982\" data-end=\"1072\">Dos velocidades: Pulsador I con velocidad graduada y Pulsador II modo turbo.<\/p>\n<\/li>\n<li class=\"\" data-start=\"1073\" data-end=\"1138\">\n<p class=\"\" data-start=\"1075\" data-end=\"1138\">Vaso medidor de 800\u202fml, fabricado en pl\u00e1stico resistente.<\/p>\n<\/li>\n<li class=\"\" data-start=\"1139\" data-end=\"1204\">\n<p class=\"\" data-start=\"1141\" data-end=\"1204\">Mango ergon\u00f3mico, garantiza una sujeci\u00f3n c\u00f3moda y segura.<\/p>\n<\/li>\n<li class=\"\" data-start=\"1205\" data-end=\"1285\">\n<p class=\"\" data-start=\"1207\" data-end=\"1285\">Batidor desmontable apto para lavavajillas, facilita la limpieza diaria.<\/p>\n<\/li>\n<li class=\"\" data-start=\"1286\" data-end=\"1355\">\n<p class=\"\" data-start=\"1288\" data-end=\"1355\">Gancho colgador, ideal para guardar c\u00f3modamente en la cocina.<\/p>\n<\/li>\n<\/ul>\n<p><div class=\"accordion\"><div class=\"mfn-acc accordion_wrapper  toggle\"><div class=\"question\"><div class=\"title\"><i class=\"icon-plus acc-icon-plus\" aria-hidden=\"true\"><\/i><i class=\"icon-minus acc-icon-minus\" aria-hidden=\"true\"><\/i>Donn\u00e9es du produit<\/div><div class=\"answer\">EAN 84251600343736<\/p>\n<p>K\u00dcKEN 850W PLASTIC BEAKER BLENDER WITH PLASTIC BOWL<\/p>\n<p>Unit\u00e9 d'emballage 1<br \/>\nColor Blanco<br \/>\nEmballage Bo\u00eete color\u00e9e<br \/>\nPotencia 850W<br \/>\nMaterial: Brazo y cuchillas acero inoxidable<br \/>\nD\u00e9tachable : Oui<br \/>\nCapacidad vaso: 800ml.<\/p>\n<p><\/div><\/div>\n<\/div><\/div>\n<br \/>\n<div class=\"accordion\"><div class=\"mfn-acc accordion_wrapper  toggle\"><div class=\"question\"><div class=\"title\"><i class=\"icon-plus acc-icon-plus\" aria-hidden=\"true\"><\/i><i class=\"icon-minus acc-icon-minus\" aria-hidden=\"true\"><\/i>Accessoires<\/div><div class=\"answer\"><\/div><\/div>\n<\/div><\/div>\n<\/p>\n<p>&nbsp;<\/p>\n<div class=\"descargas-producto\"><img loading=\"lazy\" decoding=\"async\" src=\"\/wp-content\/uploads\/2019\/12\/picto-descarrega.png\" alt=\"t\u00e9l\u00e9charger la fiche technique\" width=\"23\" height=\"16\" \/><a href=\"https:\/\/kuken.es\/wp-content\/uploads\/8425160343736_ficha_tecnica.pdf\">T\u00e9l\u00e9charger la fiche<\/a><br \/>\n<img loading=\"lazy\" decoding=\"async\" src=\"\/wp-content\/uploads\/2019\/12\/picto-descarrega.png\" alt=\"t\u00e9l\u00e9charger le manuel d&#039;instructions\" width=\"23\" height=\"16\" \/><a href=\"https:\/\/kuken.es\/wp-content\/uploads\/34373_manual-de-instrucciones_compressed.pdf\">T\u00e9l\u00e9charger le manuel<\/a><\/div>\n<div><\/div>\n<div><span style=\"color: #bf2121\">Suivez-nous sur les m\u00e9dias sociaux !<\/span><\/div>\n<div><a href=\"https:\/\/www.instagram.com\/kuken_appliances\/\">https:\/\/www.instagram.com\/kuken_appliances\/<\/a><\/div>\n<p><iframe loading=\"lazy\" title=\"Batidora brazo 850w con vaso pl\u00e1stico 800ml. Kuken\" width=\"560\" height=\"315\" src=\"https:\/\/www.youtube.com\/embed\/rM3glvMFGmg?feature=oembed\" frameborder=\"0\" allow=\"accelerometer; autoplay; clipboard-write; encrypted-media; gyroscope; picture-in-picture; web-share\" referrerpolicy=\"strict-origin-when-cross-origin\" allowfullscreen><\/iframe><\/p>","protected":false},"excerpt":{"rendered":"<p class=\"\" data-start=\"446\" data-end=\"601\">Vers\u00e1til y potente. Con cuerpo ergon\u00f3mico, cuchillas inox y dos velocidades, esta batidora es ideal para preparar todo tipo de mezclas con total comodidad.<\/p>","protected":false},"featured_media":11040,"template":"","meta":[],"product_brand":[],"product_cat":[107,38],"product_tag":[],"class_list":{"0":"post-10784","1":"product","2":"type-product","3":"status-publish","4":"has-post-thumbnail","6":"product_cat-batidoras-premium","7":"product_cat-premium","9":"first","10":"instock","11":"product-type-simple"},"yoast_head":"<!-- This site is optimized with the Yoast SEO Premium plugin v24.0 (Yoast SEO v26.5) - https:\/\/yoast.com\/wordpress\/plugins\/seo\/ -->\n<title>BATIDORA BRAZO 850W CON VASO PL\u00c1STICO K\u00dcKEN k\u00fcken<\/title>\n<meta name=\"description\" content=\"Batidora brazo 850W con vaso pl\u00e1stico K\u00dcKEN, acero inoxidable, turbo, vaso de 800\u202fml y dise\u00f1o ergon\u00f3mico. Desmontable y apta para lavavajillas.\" \/>\n<meta name=\"robots\" content=\"index, follow, max-snippet:-1, max-image-preview:large, max-video-preview:-1\" \/>\n<link rel=\"canonical\" href=\"https:\/\/kuken.es\/fr\/produit\/batidora-brazo-850w-con-vaso-plastico-kuken\/\" \/>\n<meta property=\"og:locale\" content=\"fr_FR\" \/>\n<meta property=\"og:type\" content=\"article\" \/>\n<meta property=\"og:title\" content=\"BATIDORA BRAZO 850W CON VASO PL\u00c1STICO K\u00dcKEN\" \/>\n<meta property=\"og:description\" content=\"Batidora brazo 850W con vaso pl\u00e1stico K\u00dcKEN, acero inoxidable, turbo, vaso de 800\u202fml y dise\u00f1o ergon\u00f3mico. Desmontable y apta para lavavajillas.\" \/>\n<meta property=\"og:url\" content=\"https:\/\/kuken.es\/fr\/produit\/batidora-brazo-850w-con-vaso-plastico-kuken\/\" \/>\n<meta property=\"og:site_name\" content=\"K\u00fcken\" \/>\n<meta property=\"article:publisher\" content=\"https:\/\/es-es.facebook.com\/alfadyser\/\" \/>\n<meta property=\"article:modified_time\" content=\"2025-07-01T05:43:18+00:00\" \/>\n<meta property=\"og:image\" content=\"https:\/\/kuken.es\/wp-content\/uploads\/8425160343736_01.jpg\" \/>\n\t<meta property=\"og:image:width\" content=\"2000\" \/>\n\t<meta property=\"og:image:height\" content=\"2000\" \/>\n\t<meta property=\"og:image:type\" content=\"image\/jpeg\" \/>\n<meta name=\"twitter:card\" content=\"summary_large_image\" \/>\n<meta name=\"twitter:label1\" content=\"Prix\" \/>\n\t<meta name=\"twitter:data1\" content=\"\" \/>\n\t<meta name=\"twitter:label2\" content=\"Disponibilit\u00e9\" \/>\n\t<meta name=\"twitter:data2\" content=\"En stock\" \/>\n<script type=\"application\/ld+json\" class=\"yoast-schema-graph\">{\"@context\":\"https:\/\/schema.org\",\"@graph\":[{\"@type\":\"WebPage\",\"@id\":\"https:\/\/kuken.es\/producto\/batidora-brazo-850w-con-vaso-plastico-kuken\/\",\"url\":\"https:\/\/kuken.es\/producto\/batidora-brazo-850w-con-vaso-plastico-kuken\/\",\"name\":\"BATIDORA BRAZO 850W CON VASO PL\u00c1STICO K\u00dcKEN k\u00fcken\",\"isPartOf\":{\"@id\":\"https:\/\/kuken.es\/#website\"},\"primaryImageOfPage\":{\"@id\":\"https:\/\/kuken.es\/producto\/batidora-brazo-850w-con-vaso-plastico-kuken\/#primaryimage\"},\"image\":{\"@id\":\"https:\/\/kuken.es\/producto\/batidora-brazo-850w-con-vaso-plastico-kuken\/#primaryimage\"},\"thumbnailUrl\":\"https:\/\/kuken.es\/wp-content\/uploads\/8425160343736_01.jpg\",\"datePublished\":\"2023-11-08T12:32:56+00:00\",\"dateModified\":\"2025-07-01T05:43:18+00:00\",\"description\":\"Batidora brazo 850W con vaso pl\u00e1stico K\u00dcKEN, acero inoxidable, turbo, vaso de 800\u202fml y dise\u00f1o ergon\u00f3mico. Desmontable y apta para lavavajillas.\",\"breadcrumb\":{\"@id\":\"https:\/\/kuken.es\/producto\/batidora-brazo-850w-con-vaso-plastico-kuken\/#breadcrumb\"},\"inLanguage\":\"fr-FR\",\"potentialAction\":[{\"@type\":\"ReadAction\",\"target\":[\"https:\/\/kuken.es\/producto\/batidora-brazo-850w-con-vaso-plastico-kuken\/\"]}]},{\"@type\":\"ImageObject\",\"inLanguage\":\"fr-FR\",\"@id\":\"https:\/\/kuken.es\/producto\/batidora-brazo-850w-con-vaso-plastico-kuken\/#primaryimage\",\"url\":\"https:\/\/kuken.es\/wp-content\/uploads\/8425160343736_01.jpg\",\"contentUrl\":\"https:\/\/kuken.es\/wp-content\/uploads\/8425160343736_01.jpg\",\"width\":2000,\"height\":2000},{\"@type\":\"BreadcrumbList\",\"@id\":\"https:\/\/kuken.es\/producto\/batidora-brazo-850w-con-vaso-plastico-kuken\/#breadcrumb\",\"itemListElement\":[{\"@type\":\"ListItem\",\"position\":1,\"name\":\"Portada\",\"item\":\"https:\/\/kuken.es\/\"},{\"@type\":\"ListItem\",\"position\":2,\"name\":\"Productos\",\"item\":\"https:\/\/kuken.es\/productos\/\"},{\"@type\":\"ListItem\",\"position\":3,\"name\":\"BATIDORA BRAZO 850W CON VASO PL\u00c1STICO K\u00dcKEN\"}]},{\"@type\":\"WebSite\",\"@id\":\"https:\/\/kuken.es\/#website\",\"url\":\"https:\/\/kuken.es\/\",\"name\":\"K\u00fcken\",\"description\":\"Amplia gama de peque\u00f1o electrodom\u00e9stico k\u00fcken\",\"publisher\":{\"@id\":\"https:\/\/kuken.es\/#organization\"},\"potentialAction\":[{\"@type\":\"SearchAction\",\"target\":{\"@type\":\"EntryPoint\",\"urlTemplate\":\"https:\/\/kuken.es\/?s={search_term_string}\"},\"query-input\":{\"@type\":\"PropertyValueSpecification\",\"valueRequired\":true,\"valueName\":\"search_term_string\"}}],\"inLanguage\":\"fr-FR\"},{\"@type\":\"Organization\",\"@id\":\"https:\/\/kuken.es\/#organization\",\"name\":\"Alfa Dyser\",\"url\":\"https:\/\/kuken.es\/\",\"logo\":{\"@type\":\"ImageObject\",\"inLanguage\":\"fr-FR\",\"@id\":\"https:\/\/kuken.es\/#\/schema\/logo\/image\/\",\"url\":\"https:\/\/kuken.es\/wp-content\/uploads\/2019\/04\/kuken-logo.png\",\"contentUrl\":\"https:\/\/kuken.es\/wp-content\/uploads\/2019\/04\/kuken-logo.png\",\"width\":500,\"height\":191,\"caption\":\"Alfa Dyser\"},\"image\":{\"@id\":\"https:\/\/kuken.es\/#\/schema\/logo\/image\/\"},\"sameAs\":[\"https:\/\/es-es.facebook.com\/alfadyser\/\",\"https:\/\/www.instagram.com\/kuken_appliances\/\"]}]}<\/script>\n<meta property=\"product:price:amount\" content=\"0.00\" \/>\n<meta property=\"product:price:currency\" content=\"EUR\" \/>\n<meta property=\"og:availability\" content=\"instock\" \/>\n<meta property=\"product:availability\" content=\"instock\" \/>\n<meta property=\"product:retailer_item_id\" content=\"34373\" \/>\n<meta property=\"product:condition\" content=\"new\" \/>\n<!-- \/ Yoast SEO Premium plugin. -->","yoast_head_json":{"title":"BATIDORA BRAZO 850W CON VASO PL\u00c1STICO K\u00dcKEN k\u00fcken","description":"Batidora brazo 850W con vaso pl\u00e1stico K\u00dcKEN, acero inoxidable, turbo, vaso de 800\u202fml y dise\u00f1o ergon\u00f3mico. Desmontable y apta para lavavajillas.","robots":{"index":"index","follow":"follow","max-snippet":"max-snippet:-1","max-image-preview":"max-image-preview:large","max-video-preview":"max-video-preview:-1"},"canonical":"https:\/\/kuken.es\/fr\/produit\/batidora-brazo-850w-con-vaso-plastico-kuken\/","og_locale":"fr_FR","og_type":"article","og_title":"BATIDORA BRAZO 850W CON VASO PL\u00c1STICO K\u00dcKEN","og_description":"Batidora brazo 850W con vaso pl\u00e1stico K\u00dcKEN, acero inoxidable, turbo, vaso de 800\u202fml y dise\u00f1o ergon\u00f3mico. Desmontable y apta para lavavajillas.","og_url":"https:\/\/kuken.es\/fr\/produit\/batidora-brazo-850w-con-vaso-plastico-kuken\/","og_site_name":"K\u00fcken","article_publisher":"https:\/\/es-es.facebook.com\/alfadyser\/","article_modified_time":"2025-07-01T05:43:18+00:00","og_image":[{"width":2000,"height":2000,"url":"https:\/\/kuken.es\/wp-content\/uploads\/8425160343736_01.jpg","type":"image\/jpeg"}],"twitter_card":"summary_large_image","twitter_misc":{"Prix":"","Disponibilit\u00e9":"En stock"},"schema":{"@context":"https:\/\/schema.org","@graph":[{"@type":"WebPage","@id":"https:\/\/kuken.es\/producto\/batidora-brazo-850w-con-vaso-plastico-kuken\/","url":"https:\/\/kuken.es\/producto\/batidora-brazo-850w-con-vaso-plastico-kuken\/","name":"BATIDORA BRAZO 850W CON VASO PL\u00c1STICO K\u00dcKEN k\u00fcken","isPartOf":{"@id":"https:\/\/kuken.es\/#website"},"primaryImageOfPage":{"@id":"https:\/\/kuken.es\/producto\/batidora-brazo-850w-con-vaso-plastico-kuken\/#primaryimage"},"image":{"@id":"https:\/\/kuken.es\/producto\/batidora-brazo-850w-con-vaso-plastico-kuken\/#primaryimage"},"thumbnailUrl":"https:\/\/kuken.es\/wp-content\/uploads\/8425160343736_01.jpg","datePublished":"2023-11-08T12:32:56+00:00","dateModified":"2025-07-01T05:43:18+00:00","description":"Batidora brazo 850W con vaso pl\u00e1stico K\u00dcKEN, acero inoxidable, turbo, vaso de 800\u202fml y dise\u00f1o ergon\u00f3mico. Desmontable y apta para lavavajillas.","breadcrumb":{"@id":"https:\/\/kuken.es\/producto\/batidora-brazo-850w-con-vaso-plastico-kuken\/#breadcrumb"},"inLanguage":"fr-FR","potentialAction":[{"@type":"ReadAction","target":["https:\/\/kuken.es\/producto\/batidora-brazo-850w-con-vaso-plastico-kuken\/"]}]},{"@type":"ImageObject","inLanguage":"fr-FR","@id":"https:\/\/kuken.es\/producto\/batidora-brazo-850w-con-vaso-plastico-kuken\/#primaryimage","url":"https:\/\/kuken.es\/wp-content\/uploads\/8425160343736_01.jpg","contentUrl":"https:\/\/kuken.es\/wp-content\/uploads\/8425160343736_01.jpg","width":2000,"height":2000},{"@type":"BreadcrumbList","@id":"https:\/\/kuken.es\/producto\/batidora-brazo-850w-con-vaso-plastico-kuken\/#breadcrumb","itemListElement":[{"@type":"ListItem","position":1,"name":"Portada","item":"https:\/\/kuken.es\/"},{"@type":"ListItem","position":2,"name":"Productos","item":"https:\/\/kuken.es\/productos\/"},{"@type":"ListItem","position":3,"name":"BATIDORA BRAZO 850W CON VASO PL\u00c1STICO K\u00dcKEN"}]},{"@type":"WebSite","@id":"https:\/\/kuken.es\/#website","url":"https:\/\/kuken.es\/","name":"K\u00fcken","description":"Large gamme de petits appareils m\u00e9nagers k\u00fcken","publisher":{"@id":"https:\/\/kuken.es\/#organization"},"potentialAction":[{"@type":"SearchAction","target":{"@type":"EntryPoint","urlTemplate":"https:\/\/kuken.es\/?s={search_term_string}"},"query-input":{"@type":"PropertyValueSpecification","valueRequired":true,"valueName":"search_term_string"}}],"inLanguage":"fr-FR"},{"@type":"Organization","@id":"https:\/\/kuken.es\/#organization","name":"Alpha Dyser","url":"https:\/\/kuken.es\/","logo":{"@type":"ImageObject","inLanguage":"fr-FR","@id":"https:\/\/kuken.es\/#\/schema\/logo\/image\/","url":"https:\/\/kuken.es\/wp-content\/uploads\/2019\/04\/kuken-logo.png","contentUrl":"https:\/\/kuken.es\/wp-content\/uploads\/2019\/04\/kuken-logo.png","width":500,"height":191,"caption":"Alfa Dyser"},"image":{"@id":"https:\/\/kuken.es\/#\/schema\/logo\/image\/"},"sameAs":["https:\/\/es-es.facebook.com\/alfadyser\/","https:\/\/www.instagram.com\/kuken_appliances\/"]}]},"product_price_amount":"0.00","product_price_currency":"EUR","og_availability":"instock","product_availability":"instock","product_retailer_item_id":"34373","product_condition":"new"},"_links":{"self":[{"href":"https:\/\/kuken.es\/fr\/wp-json\/wp\/v2\/product\/10784","targetHints":{"allow":["GET"]}}],"collection":[{"href":"https:\/\/kuken.es\/fr\/wp-json\/wp\/v2\/product"}],"about":[{"href":"https:\/\/kuken.es\/fr\/wp-json\/wp\/v2\/types\/product"}],"wp:featuredmedia":[{"embeddable":true,"href":"https:\/\/kuken.es\/fr\/wp-json\/wp\/v2\/media\/11040"}],"wp:attachment":[{"href":"https:\/\/kuken.es\/fr\/wp-json\/wp\/v2\/media?parent=10784"}],"wp:term":[{"taxonomy":"product_brand","embeddable":true,"href":"https:\/\/kuken.es\/fr\/wp-json\/wp\/v2\/product_brand?post=10784"},{"taxonomy":"product_cat","embeddable":true,"href":"https:\/\/kuken.es\/fr\/wp-json\/wp\/v2\/product_cat?post=10784"},{"taxonomy":"product_tag","embeddable":true,"href":"https:\/\/kuken.es\/fr\/wp-json\/wp\/v2\/product_tag?post=10784"}],"curies":[{"name":"wp","href":"https:\/\/api.w.org\/{rel}","templated":true}]}}