{"id":10673,"date":"2023-09-21T11:52:56","date_gmt":"2023-09-21T09:52:56","guid":{"rendered":"https:\/\/kuken.es\/?post_type=product&#038;p=10673"},"modified":"2025-05-23T12:40:47","modified_gmt":"2025-05-23T10:40:47","slug":"freidora-sin-aceite-digital-8-0-litros-doble","status":"publish","type":"product","link":"https:\/\/kuken.es\/fr\/produit\/freidora-sin-aceite-digital-8-0-litros-doble\/","title":{"rendered":"FRITEUSE DIGITALE SANS HUILE K\u00dcKEN 8L DOUBLE 2200W"},"content":{"rendered":"<p>FRITEUSE DIGITALE SANS HUILE K\u00dcKEN 8L DOUBLE 2200W<\/p>\n<ul>\n<li class=\"\" data-start=\"882\" data-end=\"968\">\n<p class=\"\" data-start=\"884\" data-end=\"968\"><strong data-start=\"884\" data-end=\"915\">Capacidad total de 8 litros<\/strong>, dividida en <strong data-start=\"929\" data-end=\"956\">2 cestillos de 4 litros<\/strong> cada uno.<\/p>\n<\/li>\n<li class=\"\" data-start=\"969\" data-end=\"1023\">\n<p class=\"\" data-start=\"971\" data-end=\"1023\"><strong data-start=\"971\" data-end=\"992\">Potencia de 2200W<\/strong>, cocci\u00f3n r\u00e1pida y eficiente.<\/p>\n<\/li>\n<li class=\"\" data-start=\"1024\" data-end=\"1105\">\n<p class=\"\" data-start=\"1026\" data-end=\"1105\"><strong data-start=\"1026\" data-end=\"1045\">\u00c9cran tactile<\/strong>, permite regular f\u00e1cilmente <strong data-start=\"1074\" data-end=\"1084\">temps<\/strong> y <strong data-start=\"1087\" data-end=\"1102\">temp\u00e9rature<\/strong>.<\/p>\n<\/li>\n<li class=\"\" data-start=\"1106\" data-end=\"1186\">\n<p class=\"\" data-start=\"1108\" data-end=\"1186\"><strong data-start=\"1108\" data-end=\"1140\">Temp\u00e9rature maximale 200 \u00b0C<\/strong>, ideal para una amplia variedad de recetas.<\/p>\n<\/li>\n<li class=\"\" data-start=\"1187\" data-end=\"1263\">\n<p class=\"\" data-start=\"1189\" data-end=\"1263\"><strong data-start=\"1189\" data-end=\"1218\">8 programas preinstalados<\/strong>, gu\u00edan la cocci\u00f3n de diferentes alimentos.<\/p>\n<\/li>\n<li class=\"\" data-start=\"1264\" data-end=\"1359\">\n<p class=\"\" data-start=\"1266\" data-end=\"1359\"><strong data-start=\"1266\" data-end=\"1328\">Technologie de convection d'air chaud \u00e0 grande vitesse<\/strong>cuisson sans ajout de mati\u00e8res grasses.<\/p>\n<\/li>\n<li class=\"\" data-start=\"1360\" data-end=\"1446\">\n<p class=\"\" data-start=\"1362\" data-end=\"1446\"><strong data-start=\"1362\" data-end=\"1403\">Cestillos extra\u00edbles y antiadherentes<\/strong>, libres de <strong data-start=\"1415\" data-end=\"1422\">BPA<\/strong> y f\u00e1ciles de limpiar.<\/p>\n<\/li>\n<li class=\"\" data-start=\"1447\" data-end=\"1506\">\n<p class=\"\" data-start=\"1449\" data-end=\"1506\"><strong data-start=\"1449\" data-end=\"1472\">Mangos desmontables<\/strong>, mayor practicidad y seguridad.<\/p>\n<\/li>\n<li class=\"\" data-start=\"1507\" data-end=\"1584\">\n<p class=\"\" data-start=\"1509\" data-end=\"1584\"><strong data-start=\"1509\" data-end=\"1528\">Dise\u00f1o elegante<\/strong> \u00e0 <strong data-start=\"1532\" data-end=\"1560\">negro y acero inoxidable<\/strong>, moderno y funcional.<\/p>\n<\/li>\n<li class=\"\" data-start=\"1585\" data-end=\"1659\">\n<p class=\"\" data-start=\"1587\" data-end=\"1659\"><strong data-start=\"1587\" data-end=\"1611\">Corps froid au toucher<\/strong> y <strong data-start=\"1614\" data-end=\"1637\">base antideslizante<\/strong>, mayor estabilidad.<\/p>\n<\/li>\n<li class=\"\" data-start=\"1660\" data-end=\"1710\">\n<p class=\"\" data-start=\"1662\" data-end=\"1710\">Cocina sin olores, residuos ni complicaciones.<\/p>\n<\/li>\n<\/ul>\n<p>Freidora sin aceite digital K\u00dcKEN con tecnolog\u00eda por convecci\u00f3n de aire caliente a alta velocidad que permite cocinar los alimentos sin grasas a\u00f1adidas, conservando todo su sabor y nutrientes.<br \/>\n<div class=\"accordion\"><div class=\"mfn-acc accordion_wrapper  toggle\"><div class=\"question\"><div class=\"title\"><i class=\"icon-plus acc-icon-plus\" aria-hidden=\"true\"><\/i><i class=\"icon-minus acc-icon-minus\" aria-hidden=\"true\"><\/i>Donn\u00e9es du produit<\/div><div class=\"answer\"><\/p>\n<div class=\"accordion\"><div class=\"mfn-acc accordion_wrapper  toggle\"><\/div><\/div>\n<div class=\"question\"><div class=\"title\"><i class=\"icon-plus acc-icon-plus\" aria-hidden=\"true\"><\/i><i class=\"icon-minus acc-icon-minus\" aria-hidden=\"true\"><\/i>Donn\u00e9es du produit<\/div><div class=\"answer\"><\/div><\/div>\n<\/p>\n<p>FRITEUSE DIGITALE SANS HUILE K\u00dcKEN 8L DOUBLE 2200W<\/p>\n<p>EAN 8425160353766<br \/>\nUnit\u00e9 d'emballage 1<br \/>\nCouleur Noir et acier inoxydable<br \/>\nEmballage Bo\u00eete color\u00e9e<br \/>\nPotencia 2200 W<br \/>\nTension 230 V<br \/>\nCapacidad 8 Litros. (2und x 4 litros)<br \/>\nMat\u00e9riau PC tr\u00e8s r\u00e9sistant.<br \/>\nD\u00e9tachable Oui<br \/>\nPieds antid\u00e9rapants Oui<br \/>\n<\/div><\/div>\n<br \/>\n<\/div><\/div>\n\n<div class=\"accordion\"><div class=\"mfn-acc accordion_wrapper  toggle\"><br \/>\n<div class=\"question\"><div class=\"title\"><i class=\"icon-plus acc-icon-plus\" aria-hidden=\"true\"><\/i><i class=\"icon-minus acc-icon-minus\" aria-hidden=\"true\"><\/i>Accessoires<\/div><div class=\"answer\"><br \/>\n<\/div><\/div>\n<br \/>\n<\/div><\/div>\n\n<div class=\"descargas-producto\"><img loading=\"lazy\" decoding=\"async\" src=\"\/wp-content\/uploads\/2019\/12\/picto-descarrega.png\" alt=\"t\u00e9l\u00e9charger la fiche technique\" width=\"23\" height=\"16\" \/><a href=\"https:\/\/kuken.es\/wp-content\/uploads\/8425160353766_ficha_tecnica.pdf\">T\u00e9l\u00e9charger la fiche<\/a><br \/>\n<img loading=\"lazy\" decoding=\"async\" src=\"\/wp-content\/uploads\/2019\/12\/picto-descarrega.png\" alt=\"t\u00e9l\u00e9charger le manuel d&#039;instructions\" width=\"23\" height=\"16\" \/><a href=\"https:\/\/kuken.es\/wp-content\/uploads\/35376_manual_instrucciones_compressed.pdf\">T\u00e9l\u00e9charger le manuel<\/a><\/div>\n<div><\/div>\n<div><span style=\"color: #bf2121\">\u00a1<span style=\"color: #000000\">S\u00edguenos en redes!<\/span><\/span><\/div>\n<div><a href=\"https:\/\/www.instagram.com\/kuken_appliances\/\">https:\/\/www.instagram.com\/kuken_appliances\/<\/a><\/div>","protected":false},"excerpt":{"rendered":"<p class=\"\" data-start=\"648\" data-end=\"811\">Cocina saludable en gran formato. Con doble cestillo, pantalla t\u00e1ctil y 8 programas, esta freidora sin aceite es ideal para familias y comidas completas sin grasa.<\/p>","protected":false},"featured_media":10829,"template":"","meta":[],"product_brand":[],"product_cat":[51,97],"product_tag":[],"class_list":{"0":"post-10673","1":"product","2":"type-product","3":"status-publish","4":"has-post-thumbnail","6":"product_cat-freidoras-premium","7":"product_cat-freidoras-gold","9":"first","10":"instock","11":"shipping-taxable","12":"product-type-simple"},"yoast_head":"<!-- This site is optimized with the Yoast SEO Premium plugin v24.0 (Yoast SEO v26.5) - https:\/\/yoast.com\/wordpress\/plugins\/seo\/ -->\n<title>FREIDORA SIN ACEITE DIGITAL 8L DOBLE 2200W K\u00dcKEN - K\u00fcken<\/title>\n<meta name=\"description\" content=\"Freidora sin aceite digital 8L doble 2200W K\u00dcKEN, con pantalla t\u00e1ctil, 8 programas, doble cestillo y tecnolog\u00eda de convecci\u00f3n de aire caliente.\" \/>\n<meta name=\"robots\" content=\"index, follow, max-snippet:-1, max-image-preview:large, max-video-preview:-1\" \/>\n<link rel=\"canonical\" href=\"https:\/\/kuken.es\/fr\/produit\/freidora-sin-aceite-digital-8-0-litros-doble\/\" \/>\n<meta property=\"og:locale\" content=\"fr_FR\" \/>\n<meta property=\"og:type\" content=\"article\" \/>\n<meta property=\"og:title\" content=\"FREIDORA SIN ACEITE DIGITAL 8L DOBLE 2200W K\u00dcKEN\" \/>\n<meta property=\"og:description\" content=\"Freidora sin aceite digital 8L doble 2200W K\u00dcKEN, con pantalla t\u00e1ctil, 8 programas, doble cestillo y tecnolog\u00eda de convecci\u00f3n de aire caliente.\" \/>\n<meta property=\"og:url\" content=\"https:\/\/kuken.es\/fr\/produit\/freidora-sin-aceite-digital-8-0-litros-doble\/\" \/>\n<meta property=\"og:site_name\" content=\"K\u00fcken\" \/>\n<meta property=\"article:publisher\" content=\"https:\/\/es-es.facebook.com\/alfadyser\/\" \/>\n<meta property=\"article:modified_time\" content=\"2025-05-23T10:40:47+00:00\" \/>\n<meta property=\"og:image\" content=\"https:\/\/kuken.es\/wp-content\/uploads\/8425160353766_01.jpg\" \/>\n\t<meta property=\"og:image:width\" content=\"2000\" \/>\n\t<meta property=\"og:image:height\" content=\"2000\" \/>\n\t<meta property=\"og:image:type\" content=\"image\/jpeg\" \/>\n<meta name=\"twitter:card\" content=\"summary_large_image\" \/>\n<meta name=\"twitter:label1\" content=\"Prix\" \/>\n\t<meta name=\"twitter:data1\" content=\"\" \/>\n\t<meta name=\"twitter:label2\" content=\"Disponibilit\u00e9\" \/>\n\t<meta name=\"twitter:data2\" content=\"En stock\" \/>\n<script type=\"application\/ld+json\" class=\"yoast-schema-graph\">{\"@context\":\"https:\/\/schema.org\",\"@graph\":[{\"@type\":\"WebPage\",\"@id\":\"https:\/\/kuken.es\/producto\/freidora-sin-aceite-digital-8-0-litros-doble\/\",\"url\":\"https:\/\/kuken.es\/producto\/freidora-sin-aceite-digital-8-0-litros-doble\/\",\"name\":\"FREIDORA SIN ACEITE DIGITAL 8L DOBLE 2200W K\u00dcKEN - K\u00fcken\",\"isPartOf\":{\"@id\":\"https:\/\/kuken.es\/#website\"},\"primaryImageOfPage\":{\"@id\":\"https:\/\/kuken.es\/producto\/freidora-sin-aceite-digital-8-0-litros-doble\/#primaryimage\"},\"image\":{\"@id\":\"https:\/\/kuken.es\/producto\/freidora-sin-aceite-digital-8-0-litros-doble\/#primaryimage\"},\"thumbnailUrl\":\"https:\/\/kuken.es\/wp-content\/uploads\/8425160353766_01.jpg\",\"datePublished\":\"2023-09-21T09:52:56+00:00\",\"dateModified\":\"2025-05-23T10:40:47+00:00\",\"description\":\"Freidora sin aceite digital 8L doble 2200W K\u00dcKEN, con pantalla t\u00e1ctil, 8 programas, doble cestillo y tecnolog\u00eda de convecci\u00f3n de aire caliente.\",\"breadcrumb\":{\"@id\":\"https:\/\/kuken.es\/producto\/freidora-sin-aceite-digital-8-0-litros-doble\/#breadcrumb\"},\"inLanguage\":\"fr-FR\",\"potentialAction\":[{\"@type\":\"ReadAction\",\"target\":[\"https:\/\/kuken.es\/producto\/freidora-sin-aceite-digital-8-0-litros-doble\/\"]}]},{\"@type\":\"ImageObject\",\"inLanguage\":\"fr-FR\",\"@id\":\"https:\/\/kuken.es\/producto\/freidora-sin-aceite-digital-8-0-litros-doble\/#primaryimage\",\"url\":\"https:\/\/kuken.es\/wp-content\/uploads\/8425160353766_01.jpg\",\"contentUrl\":\"https:\/\/kuken.es\/wp-content\/uploads\/8425160353766_01.jpg\",\"width\":2000,\"height\":2000},{\"@type\":\"BreadcrumbList\",\"@id\":\"https:\/\/kuken.es\/producto\/freidora-sin-aceite-digital-8-0-litros-doble\/#breadcrumb\",\"itemListElement\":[{\"@type\":\"ListItem\",\"position\":1,\"name\":\"Portada\",\"item\":\"https:\/\/kuken.es\/\"},{\"@type\":\"ListItem\",\"position\":2,\"name\":\"Productos\",\"item\":\"https:\/\/kuken.es\/productos\/\"},{\"@type\":\"ListItem\",\"position\":3,\"name\":\"FREIDORA SIN ACEITE DIGITAL 8L DOBLE 2200W K\u00dcKEN\"}]},{\"@type\":\"WebSite\",\"@id\":\"https:\/\/kuken.es\/#website\",\"url\":\"https:\/\/kuken.es\/\",\"name\":\"K\u00fcken\",\"description\":\"Amplia gama de peque\u00f1o electrodom\u00e9stico k\u00fcken\",\"publisher\":{\"@id\":\"https:\/\/kuken.es\/#organization\"},\"potentialAction\":[{\"@type\":\"SearchAction\",\"target\":{\"@type\":\"EntryPoint\",\"urlTemplate\":\"https:\/\/kuken.es\/?s={search_term_string}\"},\"query-input\":{\"@type\":\"PropertyValueSpecification\",\"valueRequired\":true,\"valueName\":\"search_term_string\"}}],\"inLanguage\":\"fr-FR\"},{\"@type\":\"Organization\",\"@id\":\"https:\/\/kuken.es\/#organization\",\"name\":\"Alfa Dyser\",\"url\":\"https:\/\/kuken.es\/\",\"logo\":{\"@type\":\"ImageObject\",\"inLanguage\":\"fr-FR\",\"@id\":\"https:\/\/kuken.es\/#\/schema\/logo\/image\/\",\"url\":\"https:\/\/kuken.es\/wp-content\/uploads\/2019\/04\/kuken-logo.png\",\"contentUrl\":\"https:\/\/kuken.es\/wp-content\/uploads\/2019\/04\/kuken-logo.png\",\"width\":500,\"height\":191,\"caption\":\"Alfa Dyser\"},\"image\":{\"@id\":\"https:\/\/kuken.es\/#\/schema\/logo\/image\/\"},\"sameAs\":[\"https:\/\/es-es.facebook.com\/alfadyser\/\",\"https:\/\/www.instagram.com\/kuken_appliances\/\"]}]}<\/script>\n<meta property=\"product:price:amount\" content=\"0.00\" \/>\n<meta property=\"product:price:currency\" content=\"EUR\" \/>\n<meta property=\"og:availability\" content=\"instock\" \/>\n<meta property=\"product:availability\" content=\"instock\" \/>\n<meta property=\"product:retailer_item_id\" content=\"35376\" \/>\n<meta property=\"product:condition\" content=\"new\" \/>\n<!-- \/ Yoast SEO Premium plugin. -->","yoast_head_json":{"title":"FREIDORA SIN ACEITE DIGITAL 8L DOBLE 2200W K\u00dcKEN - K\u00fcken","description":"Freidora sin aceite digital 8L doble 2200W K\u00dcKEN, con pantalla t\u00e1ctil, 8 programas, doble cestillo y tecnolog\u00eda de convecci\u00f3n de aire caliente.","robots":{"index":"index","follow":"follow","max-snippet":"max-snippet:-1","max-image-preview":"max-image-preview:large","max-video-preview":"max-video-preview:-1"},"canonical":"https:\/\/kuken.es\/fr\/produit\/freidora-sin-aceite-digital-8-0-litros-doble\/","og_locale":"fr_FR","og_type":"article","og_title":"FREIDORA SIN ACEITE DIGITAL 8L DOBLE 2200W K\u00dcKEN","og_description":"Freidora sin aceite digital 8L doble 2200W K\u00dcKEN, con pantalla t\u00e1ctil, 8 programas, doble cestillo y tecnolog\u00eda de convecci\u00f3n de aire caliente.","og_url":"https:\/\/kuken.es\/fr\/produit\/freidora-sin-aceite-digital-8-0-litros-doble\/","og_site_name":"K\u00fcken","article_publisher":"https:\/\/es-es.facebook.com\/alfadyser\/","article_modified_time":"2025-05-23T10:40:47+00:00","og_image":[{"width":2000,"height":2000,"url":"https:\/\/kuken.es\/wp-content\/uploads\/8425160353766_01.jpg","type":"image\/jpeg"}],"twitter_card":"summary_large_image","twitter_misc":{"Prix":"","Disponibilit\u00e9":"En stock"},"schema":{"@context":"https:\/\/schema.org","@graph":[{"@type":"WebPage","@id":"https:\/\/kuken.es\/producto\/freidora-sin-aceite-digital-8-0-litros-doble\/","url":"https:\/\/kuken.es\/producto\/freidora-sin-aceite-digital-8-0-litros-doble\/","name":"FREIDORA SIN ACEITE DIGITAL 8L DOBLE 2200W K\u00dcKEN - K\u00fcken","isPartOf":{"@id":"https:\/\/kuken.es\/#website"},"primaryImageOfPage":{"@id":"https:\/\/kuken.es\/producto\/freidora-sin-aceite-digital-8-0-litros-doble\/#primaryimage"},"image":{"@id":"https:\/\/kuken.es\/producto\/freidora-sin-aceite-digital-8-0-litros-doble\/#primaryimage"},"thumbnailUrl":"https:\/\/kuken.es\/wp-content\/uploads\/8425160353766_01.jpg","datePublished":"2023-09-21T09:52:56+00:00","dateModified":"2025-05-23T10:40:47+00:00","description":"Freidora sin aceite digital 8L doble 2200W K\u00dcKEN, con pantalla t\u00e1ctil, 8 programas, doble cestillo y tecnolog\u00eda de convecci\u00f3n de aire caliente.","breadcrumb":{"@id":"https:\/\/kuken.es\/producto\/freidora-sin-aceite-digital-8-0-litros-doble\/#breadcrumb"},"inLanguage":"fr-FR","potentialAction":[{"@type":"ReadAction","target":["https:\/\/kuken.es\/producto\/freidora-sin-aceite-digital-8-0-litros-doble\/"]}]},{"@type":"ImageObject","inLanguage":"fr-FR","@id":"https:\/\/kuken.es\/producto\/freidora-sin-aceite-digital-8-0-litros-doble\/#primaryimage","url":"https:\/\/kuken.es\/wp-content\/uploads\/8425160353766_01.jpg","contentUrl":"https:\/\/kuken.es\/wp-content\/uploads\/8425160353766_01.jpg","width":2000,"height":2000},{"@type":"BreadcrumbList","@id":"https:\/\/kuken.es\/producto\/freidora-sin-aceite-digital-8-0-litros-doble\/#breadcrumb","itemListElement":[{"@type":"ListItem","position":1,"name":"Portada","item":"https:\/\/kuken.es\/"},{"@type":"ListItem","position":2,"name":"Productos","item":"https:\/\/kuken.es\/productos\/"},{"@type":"ListItem","position":3,"name":"FREIDORA SIN ACEITE DIGITAL 8L DOBLE 2200W K\u00dcKEN"}]},{"@type":"WebSite","@id":"https:\/\/kuken.es\/#website","url":"https:\/\/kuken.es\/","name":"K\u00fcken","description":"Large gamme de petits appareils m\u00e9nagers k\u00fcken","publisher":{"@id":"https:\/\/kuken.es\/#organization"},"potentialAction":[{"@type":"SearchAction","target":{"@type":"EntryPoint","urlTemplate":"https:\/\/kuken.es\/?s={search_term_string}"},"query-input":{"@type":"PropertyValueSpecification","valueRequired":true,"valueName":"search_term_string"}}],"inLanguage":"fr-FR"},{"@type":"Organization","@id":"https:\/\/kuken.es\/#organization","name":"Alpha Dyser","url":"https:\/\/kuken.es\/","logo":{"@type":"ImageObject","inLanguage":"fr-FR","@id":"https:\/\/kuken.es\/#\/schema\/logo\/image\/","url":"https:\/\/kuken.es\/wp-content\/uploads\/2019\/04\/kuken-logo.png","contentUrl":"https:\/\/kuken.es\/wp-content\/uploads\/2019\/04\/kuken-logo.png","width":500,"height":191,"caption":"Alfa Dyser"},"image":{"@id":"https:\/\/kuken.es\/#\/schema\/logo\/image\/"},"sameAs":["https:\/\/es-es.facebook.com\/alfadyser\/","https:\/\/www.instagram.com\/kuken_appliances\/"]}]},"product_price_amount":"0.00","product_price_currency":"EUR","og_availability":"instock","product_availability":"instock","product_retailer_item_id":"35376","product_condition":"new"},"_links":{"self":[{"href":"https:\/\/kuken.es\/fr\/wp-json\/wp\/v2\/product\/10673","targetHints":{"allow":["GET"]}}],"collection":[{"href":"https:\/\/kuken.es\/fr\/wp-json\/wp\/v2\/product"}],"about":[{"href":"https:\/\/kuken.es\/fr\/wp-json\/wp\/v2\/types\/product"}],"wp:featuredmedia":[{"embeddable":true,"href":"https:\/\/kuken.es\/fr\/wp-json\/wp\/v2\/media\/10829"}],"wp:attachment":[{"href":"https:\/\/kuken.es\/fr\/wp-json\/wp\/v2\/media?parent=10673"}],"wp:term":[{"taxonomy":"product_brand","embeddable":true,"href":"https:\/\/kuken.es\/fr\/wp-json\/wp\/v2\/product_brand?post=10673"},{"taxonomy":"product_cat","embeddable":true,"href":"https:\/\/kuken.es\/fr\/wp-json\/wp\/v2\/product_cat?post=10673"},{"taxonomy":"product_tag","embeddable":true,"href":"https:\/\/kuken.es\/fr\/wp-json\/wp\/v2\/product_tag?post=10673"}],"curies":[{"name":"wp","href":"https:\/\/api.w.org\/{rel}","templated":true}]}}