{"id":529,"date":"2019-07-18T14:46:20","date_gmt":"2019-07-18T12:46:20","guid":{"rendered":"https:\/\/kuken.es\/?page_id=529"},"modified":"2020-07-01T11:10:25","modified_gmt":"2020-07-01T09:10:25","slug":"hoovers-gold","status":"publish","type":"page","link":"https:\/\/kuken.es\/fr\/gamme-or\/hoovers-gold\/","title":{"rendered":"HOOVERS - OR"},"content":{"rendered":"","protected":false},"excerpt":{"rendered":"","protected":false},"author":4,"featured_media":0,"parent":385,"menu_order":0,"comment_status":"closed","ping_status":"closed","template":"","meta":{"footnotes":""},"class_list":["post-529","page","type-page","status-publish","hentry"],"yoast_head":"<!-- This site is optimized with the Yoast SEO Premium plugin v24.0 (Yoast SEO v26.5) - https:\/\/yoast.com\/wordpress\/plugins\/seo\/ -->\n<title>ASPIRADORES - GOLD -gama luxury K\u00fcken-visita nuestra web<\/title>\n<meta name=\"description\" content=\"Aspiradoras, Robots aspiradores, aspiradores de escoba o aspiradores de mano son algunos de los articulos que encontrar\u00e1s en nuestra gama Gold.\" \/>\n<meta name=\"robots\" content=\"index, follow, max-snippet:-1, max-image-preview:large, max-video-preview:-1\" \/>\n<link rel=\"canonical\" href=\"https:\/\/kuken.es\/fr\/gamme-or\/hoovers-gold\/\" \/>\n<meta property=\"og:locale\" content=\"fr_FR\" \/>\n<meta property=\"og:type\" content=\"article\" \/>\n<meta property=\"og:title\" content=\"ASPIRADORES - GOLD\" \/>\n<meta property=\"og:description\" content=\"Aspiradoras, Robots aspiradores, aspiradores de escoba o aspiradores de mano son algunos de los articulos que encontrar\u00e1s en nuestra gama Gold.\" \/>\n<meta property=\"og:url\" content=\"https:\/\/kuken.es\/fr\/gamme-or\/hoovers-gold\/\" \/>\n<meta property=\"og:site_name\" content=\"K\u00fcken\" \/>\n<meta property=\"article:publisher\" content=\"https:\/\/es-es.facebook.com\/alfadyser\/\" \/>\n<meta property=\"article:modified_time\" content=\"2020-07-01T09:10:25+00:00\" \/>\n<meta name=\"twitter:card\" content=\"summary_large_image\" \/>\n<script type=\"application\/ld+json\" class=\"yoast-schema-graph\">{\"@context\":\"https:\/\/schema.org\",\"@graph\":[{\"@type\":\"WebPage\",\"@id\":\"https:\/\/kuken.es\/gama-gold\/aspiradores-gold\/\",\"url\":\"https:\/\/kuken.es\/gama-gold\/aspiradores-gold\/\",\"name\":\"ASPIRADORES - GOLD -gama luxury K\u00fcken-visita nuestra web\",\"isPartOf\":{\"@id\":\"https:\/\/kuken.es\/#website\"},\"datePublished\":\"2019-07-18T12:46:20+00:00\",\"dateModified\":\"2020-07-01T09:10:25+00:00\",\"description\":\"Aspiradoras, Robots aspiradores, aspiradores de escoba o aspiradores de mano son algunos de los articulos que encontrar\u00e1s en nuestra gama Gold.\",\"breadcrumb\":{\"@id\":\"https:\/\/kuken.es\/gama-gold\/aspiradores-gold\/#breadcrumb\"},\"inLanguage\":\"fr-FR\",\"potentialAction\":[{\"@type\":\"ReadAction\",\"target\":[\"https:\/\/kuken.es\/gama-gold\/aspiradores-gold\/\"]}]},{\"@type\":\"BreadcrumbList\",\"@id\":\"https:\/\/kuken.es\/gama-gold\/aspiradores-gold\/#breadcrumb\",\"itemListElement\":[{\"@type\":\"ListItem\",\"position\":1,\"name\":\"Portada\",\"item\":\"https:\/\/kuken.es\/\"},{\"@type\":\"ListItem\",\"position\":2,\"name\":\"K\u00dcKEN GOLD\",\"item\":\"https:\/\/kuken.es\/gama-gold\/\"},{\"@type\":\"ListItem\",\"position\":3,\"name\":\"ASPIRADORES &#8211; GOLD\"}]},{\"@type\":\"WebSite\",\"@id\":\"https:\/\/kuken.es\/#website\",\"url\":\"https:\/\/kuken.es\/\",\"name\":\"K\u00fcken\",\"description\":\"Amplia gama de peque\u00f1o electrodom\u00e9stico k\u00fcken\",\"publisher\":{\"@id\":\"https:\/\/kuken.es\/#organization\"},\"potentialAction\":[{\"@type\":\"SearchAction\",\"target\":{\"@type\":\"EntryPoint\",\"urlTemplate\":\"https:\/\/kuken.es\/?s={search_term_string}\"},\"query-input\":{\"@type\":\"PropertyValueSpecification\",\"valueRequired\":true,\"valueName\":\"search_term_string\"}}],\"inLanguage\":\"fr-FR\"},{\"@type\":\"Organization\",\"@id\":\"https:\/\/kuken.es\/#organization\",\"name\":\"Alfa Dyser\",\"url\":\"https:\/\/kuken.es\/\",\"logo\":{\"@type\":\"ImageObject\",\"inLanguage\":\"fr-FR\",\"@id\":\"https:\/\/kuken.es\/#\/schema\/logo\/image\/\",\"url\":\"https:\/\/kuken.es\/wp-content\/uploads\/2019\/04\/kuken-logo.png\",\"contentUrl\":\"https:\/\/kuken.es\/wp-content\/uploads\/2019\/04\/kuken-logo.png\",\"width\":500,\"height\":191,\"caption\":\"Alfa Dyser\"},\"image\":{\"@id\":\"https:\/\/kuken.es\/#\/schema\/logo\/image\/\"},\"sameAs\":[\"https:\/\/es-es.facebook.com\/alfadyser\/\",\"https:\/\/www.instagram.com\/kuken_appliances\/\"]}]}<\/script>\n<!-- \/ Yoast SEO Premium plugin. -->","yoast_head_json":{"title":"hoovers - GOLD - luxury range K\u00fcken-visiter notre site internet","description":"Les aspirateurs, les robots aspirateurs, les balais aspirateurs et les aspirateurs \u00e0 main ne sont que quelques-uns des articles que vous trouverez dans notre gamme Gold.","robots":{"index":"index","follow":"follow","max-snippet":"max-snippet:-1","max-image-preview":"max-image-preview:large","max-video-preview":"max-video-preview:-1"},"canonical":"https:\/\/kuken.es\/fr\/gamme-or\/hoovers-gold\/","og_locale":"fr_FR","og_type":"article","og_title":"ASPIRADORES - GOLD","og_description":"Aspiradoras, Robots aspiradores, aspiradores de escoba o aspiradores de mano son algunos de los articulos que encontrar\u00e1s en nuestra gama Gold.","og_url":"https:\/\/kuken.es\/fr\/gamme-or\/hoovers-gold\/","og_site_name":"K\u00fcken","article_publisher":"https:\/\/es-es.facebook.com\/alfadyser\/","article_modified_time":"2020-07-01T09:10:25+00:00","twitter_card":"summary_large_image","schema":{"@context":"https:\/\/schema.org","@graph":[{"@type":"WebPage","@id":"https:\/\/kuken.es\/gama-gold\/aspiradores-gold\/","url":"https:\/\/kuken.es\/gama-gold\/aspiradores-gold\/","name":"hoovers - GOLD - luxury range K\u00fcken-visiter notre site internet","isPartOf":{"@id":"https:\/\/kuken.es\/#website"},"datePublished":"2019-07-18T12:46:20+00:00","dateModified":"2020-07-01T09:10:25+00:00","description":"Les aspirateurs, les robots aspirateurs, les balais aspirateurs et les aspirateurs \u00e0 main ne sont que quelques-uns des articles que vous trouverez dans notre gamme Gold.","breadcrumb":{"@id":"https:\/\/kuken.es\/gama-gold\/aspiradores-gold\/#breadcrumb"},"inLanguage":"fr-FR","potentialAction":[{"@type":"ReadAction","target":["https:\/\/kuken.es\/gama-gold\/aspiradores-gold\/"]}]},{"@type":"BreadcrumbList","@id":"https:\/\/kuken.es\/gama-gold\/aspiradores-gold\/#breadcrumb","itemListElement":[{"@type":"ListItem","position":1,"name":"Portada","item":"https:\/\/kuken.es\/"},{"@type":"ListItem","position":2,"name":"K\u00dcKEN GOLD","item":"https:\/\/kuken.es\/gama-gold\/"},{"@type":"ListItem","position":3,"name":"ASPIRADORES &#8211; GOLD"}]},{"@type":"WebSite","@id":"https:\/\/kuken.es\/#website","url":"https:\/\/kuken.es\/","name":"K\u00fcken","description":"Large gamme de petits appareils m\u00e9nagers k\u00fcken","publisher":{"@id":"https:\/\/kuken.es\/#organization"},"potentialAction":[{"@type":"SearchAction","target":{"@type":"EntryPoint","urlTemplate":"https:\/\/kuken.es\/?s={search_term_string}"},"query-input":{"@type":"PropertyValueSpecification","valueRequired":true,"valueName":"search_term_string"}}],"inLanguage":"fr-FR"},{"@type":"Organization","@id":"https:\/\/kuken.es\/#organization","name":"Alpha Dyser","url":"https:\/\/kuken.es\/","logo":{"@type":"ImageObject","inLanguage":"fr-FR","@id":"https:\/\/kuken.es\/#\/schema\/logo\/image\/","url":"https:\/\/kuken.es\/wp-content\/uploads\/2019\/04\/kuken-logo.png","contentUrl":"https:\/\/kuken.es\/wp-content\/uploads\/2019\/04\/kuken-logo.png","width":500,"height":191,"caption":"Alfa Dyser"},"image":{"@id":"https:\/\/kuken.es\/#\/schema\/logo\/image\/"},"sameAs":["https:\/\/es-es.facebook.com\/alfadyser\/","https:\/\/www.instagram.com\/kuken_appliances\/"]}]}},"_links":{"self":[{"href":"https:\/\/kuken.es\/fr\/wp-json\/wp\/v2\/pages\/529","targetHints":{"allow":["GET"]}}],"collection":[{"href":"https:\/\/kuken.es\/fr\/wp-json\/wp\/v2\/pages"}],"about":[{"href":"https:\/\/kuken.es\/fr\/wp-json\/wp\/v2\/types\/page"}],"author":[{"embeddable":true,"href":"https:\/\/kuken.es\/fr\/wp-json\/wp\/v2\/users\/4"}],"replies":[{"embeddable":true,"href":"https:\/\/kuken.es\/fr\/wp-json\/wp\/v2\/comments?post=529"}],"version-history":[{"count":0,"href":"https:\/\/kuken.es\/fr\/wp-json\/wp\/v2\/pages\/529\/revisions"}],"up":[{"embeddable":true,"href":"https:\/\/kuken.es\/fr\/wp-json\/wp\/v2\/pages\/385"}],"wp:attachment":[{"href":"https:\/\/kuken.es\/fr\/wp-json\/wp\/v2\/media?parent=529"}],"curies":[{"name":"wp","href":"https:\/\/api.w.org\/{rel}","templated":true}]}}