{"id":511,"date":"2019-07-18T14:30:46","date_gmt":"2019-07-18T12:30:46","guid":{"rendered":"https:\/\/kuken.es\/?page_id=511"},"modified":"2020-07-01T12:51:42","modified_gmt":"2020-07-01T10:51:42","slug":"cuiseurs-en-reseau","status":"publish","type":"page","link":"https:\/\/kuken.es\/fr\/gamme-de-reseaux\/cuiseurs-en-reseau\/","title":{"rendered":"CUISEURS - NET"},"content":{"rendered":"","protected":false},"excerpt":{"rendered":"","protected":false},"author":4,"featured_media":0,"parent":387,"menu_order":0,"comment_status":"closed","ping_status":"closed","template":"","meta":{"footnotes":""},"class_list":["post-511","page","type-page","status-publish","hentry"],"yoast_head":"<!-- This site is optimized with the Yoast SEO Premium plugin v24.0 (Yoast SEO v26.5) - https:\/\/yoast.com\/wordpress\/plugins\/seo\/ -->\n<title>HORNILLOS - RED - gama calidad-K\u00fcken -visita nuestra web<\/title>\n<meta name=\"description\" content=\"La gama kuken Pr\u00e9mium cuenta con un gran surtido de hornillos y placas, de calidad y un dise\u00f1o muy actual, para que encuentres el ideal.\" \/>\n<meta name=\"robots\" content=\"index, follow, max-snippet:-1, max-image-preview:large, max-video-preview:-1\" \/>\n<link rel=\"canonical\" href=\"https:\/\/kuken.es\/fr\/gamme-de-reseaux\/cuiseurs-en-reseau\/\" \/>\n<meta property=\"og:locale\" content=\"fr_FR\" \/>\n<meta property=\"og:type\" content=\"article\" \/>\n<meta property=\"og:title\" content=\"HORNILLOS - RED\" \/>\n<meta property=\"og:description\" content=\"La gama kuken Pr\u00e9mium cuenta con un gran surtido de hornillos y placas, de calidad y un dise\u00f1o muy actual, para que encuentres el ideal.\" \/>\n<meta property=\"og:url\" content=\"https:\/\/kuken.es\/fr\/gamme-de-reseaux\/cuiseurs-en-reseau\/\" \/>\n<meta property=\"og:site_name\" content=\"K\u00fcken\" \/>\n<meta property=\"article:publisher\" content=\"https:\/\/es-es.facebook.com\/alfadyser\/\" \/>\n<meta property=\"article:modified_time\" content=\"2020-07-01T10:51:42+00:00\" \/>\n<meta name=\"twitter:card\" content=\"summary_large_image\" \/>\n<script type=\"application\/ld+json\" class=\"yoast-schema-graph\">{\"@context\":\"https:\/\/schema.org\",\"@graph\":[{\"@type\":\"WebPage\",\"@id\":\"https:\/\/kuken.es\/gama-red\/hornillos-red\/\",\"url\":\"https:\/\/kuken.es\/gama-red\/hornillos-red\/\",\"name\":\"HORNILLOS - RED - gama calidad-K\u00fcken -visita nuestra web\",\"isPartOf\":{\"@id\":\"https:\/\/kuken.es\/#website\"},\"datePublished\":\"2019-07-18T12:30:46+00:00\",\"dateModified\":\"2020-07-01T10:51:42+00:00\",\"description\":\"La gama kuken Pr\u00e9mium cuenta con un gran surtido de hornillos y placas, de calidad y un dise\u00f1o muy actual, para que encuentres el ideal.\",\"breadcrumb\":{\"@id\":\"https:\/\/kuken.es\/gama-red\/hornillos-red\/#breadcrumb\"},\"inLanguage\":\"fr-FR\",\"potentialAction\":[{\"@type\":\"ReadAction\",\"target\":[\"https:\/\/kuken.es\/gama-red\/hornillos-red\/\"]}]},{\"@type\":\"BreadcrumbList\",\"@id\":\"https:\/\/kuken.es\/gama-red\/hornillos-red\/#breadcrumb\",\"itemListElement\":[{\"@type\":\"ListItem\",\"position\":1,\"name\":\"Portada\",\"item\":\"https:\/\/kuken.es\/\"},{\"@type\":\"ListItem\",\"position\":2,\"name\":\"K\u00dcKEN RED\",\"item\":\"https:\/\/kuken.es\/gama-red\/\"},{\"@type\":\"ListItem\",\"position\":3,\"name\":\"HORNILLOS &#8211; RED\"}]},{\"@type\":\"WebSite\",\"@id\":\"https:\/\/kuken.es\/#website\",\"url\":\"https:\/\/kuken.es\/\",\"name\":\"K\u00fcken\",\"description\":\"Amplia gama de peque\u00f1o electrodom\u00e9stico k\u00fcken\",\"publisher\":{\"@id\":\"https:\/\/kuken.es\/#organization\"},\"potentialAction\":[{\"@type\":\"SearchAction\",\"target\":{\"@type\":\"EntryPoint\",\"urlTemplate\":\"https:\/\/kuken.es\/?s={search_term_string}\"},\"query-input\":{\"@type\":\"PropertyValueSpecification\",\"valueRequired\":true,\"valueName\":\"search_term_string\"}}],\"inLanguage\":\"fr-FR\"},{\"@type\":\"Organization\",\"@id\":\"https:\/\/kuken.es\/#organization\",\"name\":\"Alfa Dyser\",\"url\":\"https:\/\/kuken.es\/\",\"logo\":{\"@type\":\"ImageObject\",\"inLanguage\":\"fr-FR\",\"@id\":\"https:\/\/kuken.es\/#\/schema\/logo\/image\/\",\"url\":\"https:\/\/kuken.es\/wp-content\/uploads\/2019\/04\/kuken-logo.png\",\"contentUrl\":\"https:\/\/kuken.es\/wp-content\/uploads\/2019\/04\/kuken-logo.png\",\"width\":500,\"height\":191,\"caption\":\"Alfa Dyser\"},\"image\":{\"@id\":\"https:\/\/kuken.es\/#\/schema\/logo\/image\/\"},\"sameAs\":[\"https:\/\/es-es.facebook.com\/alfadyser\/\",\"https:\/\/www.instagram.com\/kuken_appliances\/\"]}]}<\/script>\n<!-- \/ Yoast SEO Premium plugin. -->","yoast_head_json":{"title":"VIS - R\u00c9SEAU - gamme de qualit\u00e9-K\u00fcken - visitez notre site web","description":"La gamme kuken Pr\u00e9mium propose un large \u00e9ventail de cuisini\u00e8res et de tables de cuisson de qualit\u00e9 au design tr\u00e8s moderne, afin que vous puissiez trouver celle qui vous convient le mieux.","robots":{"index":"index","follow":"follow","max-snippet":"max-snippet:-1","max-image-preview":"max-image-preview:large","max-video-preview":"max-video-preview:-1"},"canonical":"https:\/\/kuken.es\/fr\/gamme-de-reseaux\/cuiseurs-en-reseau\/","og_locale":"fr_FR","og_type":"article","og_title":"HORNILLOS - RED","og_description":"La gama kuken Pr\u00e9mium cuenta con un gran surtido de hornillos y placas, de calidad y un dise\u00f1o muy actual, para que encuentres el ideal.","og_url":"https:\/\/kuken.es\/fr\/gamme-de-reseaux\/cuiseurs-en-reseau\/","og_site_name":"K\u00fcken","article_publisher":"https:\/\/es-es.facebook.com\/alfadyser\/","article_modified_time":"2020-07-01T10:51:42+00:00","twitter_card":"summary_large_image","schema":{"@context":"https:\/\/schema.org","@graph":[{"@type":"WebPage","@id":"https:\/\/kuken.es\/gama-red\/hornillos-red\/","url":"https:\/\/kuken.es\/gama-red\/hornillos-red\/","name":"VIS - R\u00c9SEAU - gamme de qualit\u00e9-K\u00fcken - visitez notre site web","isPartOf":{"@id":"https:\/\/kuken.es\/#website"},"datePublished":"2019-07-18T12:30:46+00:00","dateModified":"2020-07-01T10:51:42+00:00","description":"La gamme kuken Pr\u00e9mium propose un large \u00e9ventail de cuisini\u00e8res et de tables de cuisson de qualit\u00e9 au design tr\u00e8s moderne, afin que vous puissiez trouver celle qui vous convient le mieux.","breadcrumb":{"@id":"https:\/\/kuken.es\/gama-red\/hornillos-red\/#breadcrumb"},"inLanguage":"fr-FR","potentialAction":[{"@type":"ReadAction","target":["https:\/\/kuken.es\/gama-red\/hornillos-red\/"]}]},{"@type":"BreadcrumbList","@id":"https:\/\/kuken.es\/gama-red\/hornillos-red\/#breadcrumb","itemListElement":[{"@type":"ListItem","position":1,"name":"Portada","item":"https:\/\/kuken.es\/"},{"@type":"ListItem","position":2,"name":"K\u00dcKEN RED","item":"https:\/\/kuken.es\/gama-red\/"},{"@type":"ListItem","position":3,"name":"HORNILLOS &#8211; RED"}]},{"@type":"WebSite","@id":"https:\/\/kuken.es\/#website","url":"https:\/\/kuken.es\/","name":"K\u00fcken","description":"Large gamme de petits appareils m\u00e9nagers k\u00fcken","publisher":{"@id":"https:\/\/kuken.es\/#organization"},"potentialAction":[{"@type":"SearchAction","target":{"@type":"EntryPoint","urlTemplate":"https:\/\/kuken.es\/?s={search_term_string}"},"query-input":{"@type":"PropertyValueSpecification","valueRequired":true,"valueName":"search_term_string"}}],"inLanguage":"fr-FR"},{"@type":"Organization","@id":"https:\/\/kuken.es\/#organization","name":"Alpha Dyser","url":"https:\/\/kuken.es\/","logo":{"@type":"ImageObject","inLanguage":"fr-FR","@id":"https:\/\/kuken.es\/#\/schema\/logo\/image\/","url":"https:\/\/kuken.es\/wp-content\/uploads\/2019\/04\/kuken-logo.png","contentUrl":"https:\/\/kuken.es\/wp-content\/uploads\/2019\/04\/kuken-logo.png","width":500,"height":191,"caption":"Alfa Dyser"},"image":{"@id":"https:\/\/kuken.es\/#\/schema\/logo\/image\/"},"sameAs":["https:\/\/es-es.facebook.com\/alfadyser\/","https:\/\/www.instagram.com\/kuken_appliances\/"]}]}},"_links":{"self":[{"href":"https:\/\/kuken.es\/fr\/wp-json\/wp\/v2\/pages\/511","targetHints":{"allow":["GET"]}}],"collection":[{"href":"https:\/\/kuken.es\/fr\/wp-json\/wp\/v2\/pages"}],"about":[{"href":"https:\/\/kuken.es\/fr\/wp-json\/wp\/v2\/types\/page"}],"author":[{"embeddable":true,"href":"https:\/\/kuken.es\/fr\/wp-json\/wp\/v2\/users\/4"}],"replies":[{"embeddable":true,"href":"https:\/\/kuken.es\/fr\/wp-json\/wp\/v2\/comments?post=511"}],"version-history":[{"count":0,"href":"https:\/\/kuken.es\/fr\/wp-json\/wp\/v2\/pages\/511\/revisions"}],"up":[{"embeddable":true,"href":"https:\/\/kuken.es\/fr\/wp-json\/wp\/v2\/pages\/387"}],"wp:attachment":[{"href":"https:\/\/kuken.es\/fr\/wp-json\/wp\/v2\/media?parent=511"}],"curies":[{"name":"wp","href":"https:\/\/api.w.org\/{rel}","templated":true}]}}