{"id":7813,"date":"2021-10-01T14:07:59","date_gmt":"2021-10-01T12:07:59","guid":{"rendered":"https:\/\/kuken.es\/?post_type=product&#038;p=7813"},"modified":"2025-06-02T10:46:47","modified_gmt":"2025-06-02T08:46:47","slug":"steam-iron-3000w-ceramic-ceramic-sole-kuken","status":"publish","type":"product","link":"https:\/\/kuken.es\/en\/product-2\/steam-iron-3000w-ceramic-ceramic-sole-kuken\/","title":{"rendered":"K\u00dcKEN 3000W STEAM IRON WITH CERAMIC SOLEPLATE"},"content":{"rendered":"<p>K\u00dcKEN 3000W STEAM IRON WITH CERAMIC SOLEPLATE<\/p>\n<ul data-start=\"817\" data-end=\"1666\">\n<li data-start=\"817\" data-end=\"892\">\n<p data-start=\"819\" data-end=\"892\">Potente plancha de 3000 W, ideal para un planchado r\u00e1pido y eficaz.<\/p>\n<\/li>\n<li data-start=\"893\" data-end=\"971\">\n<p data-start=\"895\" data-end=\"971\">Golpe de vapor de 140 g\/min, perfecto para eliminar arrugas profundas.<\/p>\n<\/li>\n<li data-start=\"972\" data-end=\"1039\">\n<p data-start=\"974\" data-end=\"1039\">Salida continua de vapor de 45 g\/min, uniforme y constante.<\/p>\n<\/li>\n<li data-start=\"1040\" data-end=\"1105\">\n<p data-start=\"1042\" data-end=\"1105\">Plastic body with black, red and grey finish.<\/p>\n<\/li>\n<li data-start=\"1106\" data-end=\"1181\">\n<p data-start=\"1108\" data-end=\"1181\">Selector de temperatura variable, se ajusta a todo tipo de tejidos.<\/p>\n<\/li>\n<li data-start=\"1182\" data-end=\"1234\">\n<p data-start=\"1184\" data-end=\"1234\">Funciones: vapor ON\/OFF y spray difusor.<\/p>\n<\/li>\n<li data-start=\"1235\" data-end=\"1317\">\n<p data-start=\"1237\" data-end=\"1317\">Autoapagado inteligente: 30 segundos en horizontal, 8 minutos en vertical.<\/p>\n<\/li>\n<li data-start=\"1318\" data-end=\"1404\">\n<p data-start=\"1320\" data-end=\"1404\">Punta perfilada, permite precisi\u00f3n en zonas dif\u00edciles como cuellos o costuras.<\/p>\n<\/li>\n<li data-start=\"1405\" data-end=\"1467\">\n<p data-start=\"1407\" data-end=\"1467\">Suela cer\u00e1mica, ofrece mayor deslizamiento y agilidad.<\/p>\n<\/li>\n<li data-start=\"1468\" data-end=\"1524\">\n<p data-start=\"1470\" data-end=\"1524\">Dep\u00f3sito de 350 ml, trasl\u00facido, f\u00e1cil de llenar.<\/p>\n<\/li>\n<li data-start=\"1525\" data-end=\"1577\">\n<p data-start=\"1527\" data-end=\"1577\">Asa ergon\u00f3mica confort para mayor comodidad.<\/p>\n<\/li>\n<li data-start=\"1578\" data-end=\"1615\">\n<p data-start=\"1580\" data-end=\"1615\">Cable de 1,9 m con giro 360\u00b0.<\/p>\n<\/li>\n<li data-start=\"1616\" data-end=\"1666\">\n<p data-start=\"1618\" data-end=\"1666\">Sistema anti-cal, anti-goteo y autolimpieza.<\/p>\n<\/li>\n<\/ul>\n<p><div class=\"accordion\"><div class=\"mfn-acc accordion_wrapper  toggle\"><div class=\"question\"><div class=\"title\"><i class=\"icon-plus acc-icon-plus\" aria-hidden=\"true\"><\/i><i class=\"icon-minus acc-icon-minus\" aria-hidden=\"true\"><\/i>Product data<\/div><div class=\"answer\">EAN 8425160341039<\/p>\n<p>K\u00dcKEN 3000W STEAM IRON WITH CERAMIC SOLEPLATE<\/p>\n<p>Package unit 1<br \/>\nColour Black, red and grey.<br \/>\nPackaging Colour Box<br \/>\nPower 3000 W<br \/>\nVoltage 230 V<br \/>\nTank capacity 350 ml<br \/>\nMaterial PC<br \/>\nCeramic Sole<br \/>\nWeight 1.5 kg.<\/div><\/div>\n<\/div><\/div>\n<br \/>\n<div class=\"accordion\"><div class=\"mfn-acc accordion_wrapper  toggle\"><div class=\"question\"><div class=\"title\"><i class=\"icon-plus acc-icon-plus\" aria-hidden=\"true\"><\/i><i class=\"icon-minus acc-icon-minus\" aria-hidden=\"true\"><\/i>Accessories<\/div><div class=\"answer\"><\/div><\/div>\n<\/div><\/div>\n<\/p>\n<div class=\"descargas-producto\"><a href=\"\/wp-content\/uploads\/pdf\/8425160339425_ficha_tecnica.pdf\" target=\"_blank\" rel=\"noopener noreferrer\"><br \/>\n<\/a><a href=\"https:\/\/kuken.es\/wp-content\/uploads\/pdf\/8425160340988_ficha_tecnica.pdf\"><img loading=\"lazy\" decoding=\"async\" src=\"\/wp-content\/uploads\/2019\/12\/picto-descarrega.png\" alt=\"download data sheet\" width=\"23\" height=\"16\" \/>Download sheet<\/a><a href=\"\/wp-content\/uploads\/pdf\/home\" target=\"_blank\" rel=\"noopener noreferrer\"><br \/>\n<\/a><a href=\"\/wp-content\/uploads\/pdf\/34098_instrucciones.pdf\"><img loading=\"lazy\" decoding=\"async\" src=\"\/wp-content\/uploads\/2019\/12\/picto-descarrega.png\" alt=\"download instruction manual\" width=\"23\" height=\"16\" \/>Download manual<\/a><\/div>\n<div><\/div>\n<div><span style=\"color: #bf2121\">Follow us on social media!<\/span><\/div>\n<div><a href=\"https:\/\/www.instagram.com\/kuken_appliances\/\">https:\/\/www.instagram.com\/kuken_appliances\/<\/a><\/div>\n<p><iframe loading=\"lazy\" title=\"Assortment of plates K\u00fcken\" width=\"560\" height=\"315\" src=\"https:\/\/www.youtube.com\/embed\/MICNeF0ILKs?feature=oembed\" frameborder=\"0\" allow=\"accelerometer; autoplay; clipboard-write; encrypted-media; gyroscope; picture-in-picture; web-share\" referrerpolicy=\"strict-origin-when-cross-origin\" allowfullscreen><\/iframe><\/p>","protected":false},"excerpt":{"rendered":"<p data-start=\"513\" data-end=\"653\">With high steam power, ceramic soleplate and automatic shut-off, this iron offers smooth gliding and professional results at home.<\/p>\n<p data-start=\"655\" data-end=\"749\">","protected":false},"featured_media":7814,"template":"","meta":[],"product_brand":[],"product_cat":[62,38],"product_tag":[],"class_list":{"0":"post-7813","1":"product","2":"type-product","3":"status-publish","4":"has-post-thumbnail","6":"product_cat-planchas-premium","7":"product_cat-premium","9":"first","10":"instock","11":"shipping-taxable","12":"product-type-simple"},"yoast_head":"<!-- This site is optimized with the Yoast SEO Premium plugin v24.0 (Yoast SEO v26.5) - https:\/\/yoast.com\/wordpress\/plugins\/seo\/ -->\n<title>PLANCHA DE VAPOR 3000W SUELA CERAMICA K\u00dcKEN - K\u00fcken<\/title>\n<meta name=\"description\" content=\"Plancha de vapor 3000w suela cer\u00e1mica k\u00fcken, potente, segura y \u00e1gil. Deslizamiento \u00f3ptimo, vapor constante y apagado autom\u00e1tico inteligente.\" \/>\n<meta name=\"robots\" content=\"index, follow, max-snippet:-1, max-image-preview:large, max-video-preview:-1\" \/>\n<link rel=\"canonical\" href=\"https:\/\/kuken.es\/en\/product-2\/steam-iron-3000w-ceramic-ceramic-sole-kuken\/\" \/>\n<meta property=\"og:locale\" content=\"en_GB\" \/>\n<meta property=\"og:type\" content=\"article\" \/>\n<meta property=\"og:title\" content=\"PLANCHA DE VAPOR 3000W SUELA CERAMICA K\u00dcKEN\" \/>\n<meta property=\"og:description\" content=\"Plancha de vapor 3000w suela cer\u00e1mica k\u00fcken, potente, segura y \u00e1gil. Deslizamiento \u00f3ptimo, vapor constante y apagado autom\u00e1tico inteligente.\" \/>\n<meta property=\"og:url\" content=\"https:\/\/kuken.es\/en\/product-2\/steam-iron-3000w-ceramic-ceramic-sole-kuken\/\" \/>\n<meta property=\"og:site_name\" content=\"K\u00fcken\" \/>\n<meta property=\"article:publisher\" content=\"https:\/\/es-es.facebook.com\/alfadyser\/\" \/>\n<meta property=\"article:modified_time\" content=\"2025-06-02T08:46:47+00:00\" \/>\n<meta property=\"og:image\" content=\"https:\/\/kuken.es\/wp-content\/uploads\/8425160340988_01.jpg\" \/>\n\t<meta property=\"og:image:width\" content=\"2000\" \/>\n\t<meta property=\"og:image:height\" content=\"2000\" \/>\n\t<meta property=\"og:image:type\" content=\"image\/jpeg\" \/>\n<meta name=\"twitter:card\" content=\"summary_large_image\" \/>\n<meta name=\"twitter:label1\" content=\"Price\" \/>\n\t<meta name=\"twitter:data1\" content=\"\" \/>\n\t<meta name=\"twitter:label2\" content=\"Availability\" \/>\n\t<meta name=\"twitter:data2\" content=\"In stock\" \/>\n<script type=\"application\/ld+json\" class=\"yoast-schema-graph\">{\"@context\":\"https:\/\/schema.org\",\"@graph\":[{\"@type\":\"WebPage\",\"@id\":\"https:\/\/kuken.es\/producto\/plancha-de-vapor-3000w-suela-ceramica-kuken\/\",\"url\":\"https:\/\/kuken.es\/producto\/plancha-de-vapor-3000w-suela-ceramica-kuken\/\",\"name\":\"PLANCHA DE VAPOR 3000W SUELA CERAMICA K\u00dcKEN - K\u00fcken\",\"isPartOf\":{\"@id\":\"https:\/\/kuken.es\/#website\"},\"primaryImageOfPage\":{\"@id\":\"https:\/\/kuken.es\/producto\/plancha-de-vapor-3000w-suela-ceramica-kuken\/#primaryimage\"},\"image\":{\"@id\":\"https:\/\/kuken.es\/producto\/plancha-de-vapor-3000w-suela-ceramica-kuken\/#primaryimage\"},\"thumbnailUrl\":\"https:\/\/kuken.es\/wp-content\/uploads\/8425160340988_01.jpg\",\"datePublished\":\"2021-10-01T12:07:59+00:00\",\"dateModified\":\"2025-06-02T08:46:47+00:00\",\"description\":\"Plancha de vapor 3000w suela cer\u00e1mica k\u00fcken, potente, segura y \u00e1gil. Deslizamiento \u00f3ptimo, vapor constante y apagado autom\u00e1tico inteligente.\",\"breadcrumb\":{\"@id\":\"https:\/\/kuken.es\/producto\/plancha-de-vapor-3000w-suela-ceramica-kuken\/#breadcrumb\"},\"inLanguage\":\"en-GB\",\"potentialAction\":[{\"@type\":\"ReadAction\",\"target\":[\"https:\/\/kuken.es\/producto\/plancha-de-vapor-3000w-suela-ceramica-kuken\/\"]}]},{\"@type\":\"ImageObject\",\"inLanguage\":\"en-GB\",\"@id\":\"https:\/\/kuken.es\/producto\/plancha-de-vapor-3000w-suela-ceramica-kuken\/#primaryimage\",\"url\":\"https:\/\/kuken.es\/wp-content\/uploads\/8425160340988_01.jpg\",\"contentUrl\":\"https:\/\/kuken.es\/wp-content\/uploads\/8425160340988_01.jpg\",\"width\":2000,\"height\":2000},{\"@type\":\"BreadcrumbList\",\"@id\":\"https:\/\/kuken.es\/producto\/plancha-de-vapor-3000w-suela-ceramica-kuken\/#breadcrumb\",\"itemListElement\":[{\"@type\":\"ListItem\",\"position\":1,\"name\":\"Portada\",\"item\":\"https:\/\/kuken.es\/\"},{\"@type\":\"ListItem\",\"position\":2,\"name\":\"Productos\",\"item\":\"https:\/\/kuken.es\/productos\/\"},{\"@type\":\"ListItem\",\"position\":3,\"name\":\"PLANCHA DE VAPOR 3000W SUELA CERAMICA K\u00dcKEN\"}]},{\"@type\":\"WebSite\",\"@id\":\"https:\/\/kuken.es\/#website\",\"url\":\"https:\/\/kuken.es\/\",\"name\":\"K\u00fcken\",\"description\":\"Amplia gama de peque\u00f1o electrodom\u00e9stico k\u00fcken\",\"publisher\":{\"@id\":\"https:\/\/kuken.es\/#organization\"},\"potentialAction\":[{\"@type\":\"SearchAction\",\"target\":{\"@type\":\"EntryPoint\",\"urlTemplate\":\"https:\/\/kuken.es\/?s={search_term_string}\"},\"query-input\":{\"@type\":\"PropertyValueSpecification\",\"valueRequired\":true,\"valueName\":\"search_term_string\"}}],\"inLanguage\":\"en-GB\"},{\"@type\":\"Organization\",\"@id\":\"https:\/\/kuken.es\/#organization\",\"name\":\"Alfa Dyser\",\"url\":\"https:\/\/kuken.es\/\",\"logo\":{\"@type\":\"ImageObject\",\"inLanguage\":\"en-GB\",\"@id\":\"https:\/\/kuken.es\/#\/schema\/logo\/image\/\",\"url\":\"https:\/\/kuken.es\/wp-content\/uploads\/2019\/04\/kuken-logo.png\",\"contentUrl\":\"https:\/\/kuken.es\/wp-content\/uploads\/2019\/04\/kuken-logo.png\",\"width\":500,\"height\":191,\"caption\":\"Alfa Dyser\"},\"image\":{\"@id\":\"https:\/\/kuken.es\/#\/schema\/logo\/image\/\"},\"sameAs\":[\"https:\/\/es-es.facebook.com\/alfadyser\/\",\"https:\/\/www.instagram.com\/kuken_appliances\/\"]}]}<\/script>\n<meta property=\"product:price:amount\" content=\"0.00\" \/>\n<meta property=\"product:price:currency\" content=\"EUR\" \/>\n<meta property=\"og:availability\" content=\"instock\" \/>\n<meta property=\"product:availability\" content=\"instock\" \/>\n<meta property=\"product:retailer_item_id\" content=\"34098\" \/>\n<meta property=\"product:condition\" content=\"new\" \/>\n<!-- \/ Yoast SEO Premium plugin. -->","yoast_head_json":{"title":"STEAM IRON 3000W CERAMIC SOLE K\u00dcKEN - K\u00fcken","description":"Steam iron 3000w k\u00fcken ceramic soleplate, powerful, safe and agile. Optimal gliding, constant steam and intelligent automatic shut-off.","robots":{"index":"index","follow":"follow","max-snippet":"max-snippet:-1","max-image-preview":"max-image-preview:large","max-video-preview":"max-video-preview:-1"},"canonical":"https:\/\/kuken.es\/en\/product-2\/steam-iron-3000w-ceramic-ceramic-sole-kuken\/","og_locale":"en_GB","og_type":"article","og_title":"PLANCHA DE VAPOR 3000W SUELA CERAMICA K\u00dcKEN","og_description":"Plancha de vapor 3000w suela cer\u00e1mica k\u00fcken, potente, segura y \u00e1gil. Deslizamiento \u00f3ptimo, vapor constante y apagado autom\u00e1tico inteligente.","og_url":"https:\/\/kuken.es\/en\/product-2\/steam-iron-3000w-ceramic-ceramic-sole-kuken\/","og_site_name":"K\u00fcken","article_publisher":"https:\/\/es-es.facebook.com\/alfadyser\/","article_modified_time":"2025-06-02T08:46:47+00:00","og_image":[{"width":2000,"height":2000,"url":"https:\/\/kuken.es\/wp-content\/uploads\/8425160340988_01.jpg","type":"image\/jpeg"}],"twitter_card":"summary_large_image","twitter_misc":{"Price":"","Availability":"In stock"},"schema":{"@context":"https:\/\/schema.org","@graph":[{"@type":"WebPage","@id":"https:\/\/kuken.es\/producto\/plancha-de-vapor-3000w-suela-ceramica-kuken\/","url":"https:\/\/kuken.es\/producto\/plancha-de-vapor-3000w-suela-ceramica-kuken\/","name":"STEAM IRON 3000W CERAMIC SOLE K\u00dcKEN - K\u00fcken","isPartOf":{"@id":"https:\/\/kuken.es\/#website"},"primaryImageOfPage":{"@id":"https:\/\/kuken.es\/producto\/plancha-de-vapor-3000w-suela-ceramica-kuken\/#primaryimage"},"image":{"@id":"https:\/\/kuken.es\/producto\/plancha-de-vapor-3000w-suela-ceramica-kuken\/#primaryimage"},"thumbnailUrl":"https:\/\/kuken.es\/wp-content\/uploads\/8425160340988_01.jpg","datePublished":"2021-10-01T12:07:59+00:00","dateModified":"2025-06-02T08:46:47+00:00","description":"Steam iron 3000w k\u00fcken ceramic soleplate, powerful, safe and agile. Optimal gliding, constant steam and intelligent automatic shut-off.","breadcrumb":{"@id":"https:\/\/kuken.es\/producto\/plancha-de-vapor-3000w-suela-ceramica-kuken\/#breadcrumb"},"inLanguage":"en-GB","potentialAction":[{"@type":"ReadAction","target":["https:\/\/kuken.es\/producto\/plancha-de-vapor-3000w-suela-ceramica-kuken\/"]}]},{"@type":"ImageObject","inLanguage":"en-GB","@id":"https:\/\/kuken.es\/producto\/plancha-de-vapor-3000w-suela-ceramica-kuken\/#primaryimage","url":"https:\/\/kuken.es\/wp-content\/uploads\/8425160340988_01.jpg","contentUrl":"https:\/\/kuken.es\/wp-content\/uploads\/8425160340988_01.jpg","width":2000,"height":2000},{"@type":"BreadcrumbList","@id":"https:\/\/kuken.es\/producto\/plancha-de-vapor-3000w-suela-ceramica-kuken\/#breadcrumb","itemListElement":[{"@type":"ListItem","position":1,"name":"Portada","item":"https:\/\/kuken.es\/"},{"@type":"ListItem","position":2,"name":"Productos","item":"https:\/\/kuken.es\/productos\/"},{"@type":"ListItem","position":3,"name":"PLANCHA DE VAPOR 3000W SUELA CERAMICA K\u00dcKEN"}]},{"@type":"WebSite","@id":"https:\/\/kuken.es\/#website","url":"https:\/\/kuken.es\/","name":"K\u00fcken","description":"Wide range of k\u00fcken small household appliances","publisher":{"@id":"https:\/\/kuken.es\/#organization"},"potentialAction":[{"@type":"SearchAction","target":{"@type":"EntryPoint","urlTemplate":"https:\/\/kuken.es\/?s={search_term_string}"},"query-input":{"@type":"PropertyValueSpecification","valueRequired":true,"valueName":"search_term_string"}}],"inLanguage":"en-GB"},{"@type":"Organization","@id":"https:\/\/kuken.es\/#organization","name":"Alpha Dyser","url":"https:\/\/kuken.es\/","logo":{"@type":"ImageObject","inLanguage":"en-GB","@id":"https:\/\/kuken.es\/#\/schema\/logo\/image\/","url":"https:\/\/kuken.es\/wp-content\/uploads\/2019\/04\/kuken-logo.png","contentUrl":"https:\/\/kuken.es\/wp-content\/uploads\/2019\/04\/kuken-logo.png","width":500,"height":191,"caption":"Alfa Dyser"},"image":{"@id":"https:\/\/kuken.es\/#\/schema\/logo\/image\/"},"sameAs":["https:\/\/es-es.facebook.com\/alfadyser\/","https:\/\/www.instagram.com\/kuken_appliances\/"]}]},"product_price_amount":"0.00","product_price_currency":"EUR","og_availability":"instock","product_availability":"instock","product_retailer_item_id":"34098","product_condition":"new"},"_links":{"self":[{"href":"https:\/\/kuken.es\/en\/wp-json\/wp\/v2\/product\/7813","targetHints":{"allow":["GET"]}}],"collection":[{"href":"https:\/\/kuken.es\/en\/wp-json\/wp\/v2\/product"}],"about":[{"href":"https:\/\/kuken.es\/en\/wp-json\/wp\/v2\/types\/product"}],"wp:featuredmedia":[{"embeddable":true,"href":"https:\/\/kuken.es\/en\/wp-json\/wp\/v2\/media\/7814"}],"wp:attachment":[{"href":"https:\/\/kuken.es\/en\/wp-json\/wp\/v2\/media?parent=7813"}],"wp:term":[{"taxonomy":"product_brand","embeddable":true,"href":"https:\/\/kuken.es\/en\/wp-json\/wp\/v2\/product_brand?post=7813"},{"taxonomy":"product_cat","embeddable":true,"href":"https:\/\/kuken.es\/en\/wp-json\/wp\/v2\/product_cat?post=7813"},{"taxonomy":"product_tag","embeddable":true,"href":"https:\/\/kuken.es\/en\/wp-json\/wp\/v2\/product_tag?post=7813"}],"curies":[{"name":"wp","href":"https:\/\/api.w.org\/{rel}","templated":true}]}}