{"id":7786,"date":"2021-10-01T12:06:55","date_gmt":"2021-10-01T10:06:55","guid":{"rendered":"https:\/\/kuken.es\/?post_type=product&#038;p=7786"},"modified":"2025-06-02T10:34:57","modified_gmt":"2025-06-02T08:34:57","slug":"uv-kuken-led-unas-dryer-lamp","status":"publish","type":"product","link":"https:\/\/kuken.es\/en\/product-2\/uv-kuken-led-unas-dryer-lamp\/","title":{"rendered":"K\u00dcKEN LED\/UV NAIL DRYER LAMP"},"content":{"rendered":"<p>K\u00dcKEN LED\/UV NAIL DRYER LAMP<\/p>\n<ul>\n<li data-start=\"818\" data-end=\"896\">\n<p data-start=\"820\" data-end=\"896\">Compatible con todo tipo de esmaltes: gel, porcelana, acr\u00edlicas y m\u00e1s.<\/p>\n<\/li>\n<li data-start=\"897\" data-end=\"976\">\n<p data-start=\"899\" data-end=\"976\">42 puntos de luz dual UV + LED, reduce un 80\u202f% el tiempo de curado.<\/p>\n<\/li>\n<li data-start=\"977\" data-end=\"1050\">\n<p data-start=\"979\" data-end=\"1050\">Base y tapa extra\u00edbles, facilitan la limpieza y el mantenimiento.<\/p>\n<\/li>\n<li data-start=\"1051\" data-end=\"1123\">\n<p data-start=\"1053\" data-end=\"1123\">Perfecta para uso dom\u00e9stico o profesional en salones de belleza.<\/p>\n<\/li>\n<li data-start=\"1124\" data-end=\"1203\">\n<p data-start=\"1126\" data-end=\"1203\">Sensor infrarrojo inteligente, activa la l\u00e1mpara al introducir la mano.<\/p>\n<\/li>\n<li data-start=\"1204\" data-end=\"1279\">\n<p data-start=\"1206\" data-end=\"1279\">Temporizador autom\u00e1tico de 99 segundos, ideal para curado completo.<\/p>\n<\/li>\n<li data-start=\"1280\" data-end=\"1357\">\n<p data-start=\"1282\" data-end=\"1357\">Tres controles de tiempo: 10, 30 y 60 segundos, seg\u00fan el esmalte.<\/p>\n<\/li>\n<li data-start=\"1358\" data-end=\"1428\">\n<p data-start=\"1360\" data-end=\"1428\">Pantalla digital LCD, muestra el tiempo restante con claridad.<\/p>\n<\/li>\n<li data-start=\"1429\" data-end=\"1501\">\n<p data-start=\"1431\" data-end=\"1501\">Proporciona un acabado profesional desde la comodidad del hogar.<\/p>\n<\/li>\n<li data-start=\"1502\" data-end=\"1572\">\n<p data-start=\"1504\" data-end=\"1572\">Compact, lightweight and modern in design, it fits into any space.<\/p>\n<\/li>\n<\/ul>\n<div class=\"accordion\"><div class=\"mfn-acc accordion_wrapper  toggle\"><div class=\"question\"><div class=\"title\"><i class=\"icon-plus acc-icon-plus\" aria-hidden=\"true\"><\/i><i class=\"icon-minus acc-icon-minus\" aria-hidden=\"true\"><\/i>Product data<\/div><div class=\"answer\">EAN: 8425160341312<\/p>\n<p>K\u00dcKEN LED\/UV NAIL DRYER LAMP<\/p>\n<p>Units: 1<br \/>\nColour: White\/blue<br \/>\nPackaging: Coloured box<br \/>\nPower: 170 W<br \/>\nVoltage: 230 V<br \/>\nMaterial: PC<br \/>\nRechargeable: Yes<br \/>\n<div class=\"accordion\"><div class=\"mfn-acc accordion_wrapper  toggle\"><\/div><\/div>\n<div class=\"question\"><div class=\"title\"><i class=\"icon-plus acc-icon-plus\" aria-hidden=\"true\"><\/i><i class=\"icon-minus acc-icon-minus\" aria-hidden=\"true\"><\/i>Accessories<\/div><div class=\"answer\"><\/div><\/div>\nBrush + lubricant.<\/div><\/div>\n<\/div><\/div>\n\n<div class=\"descargas-producto\"><a href=\"https:\/\/kuken.es\/wp-content\/uploads\/pdf\/8425160341312_ficha_tecnica.pdf\"><img loading=\"lazy\" decoding=\"async\" src=\"\/wp-content\/uploads\/2019\/12\/picto-descarrega.png\" alt=\"download data sheet\" width=\"23\" height=\"16\" \/>Download sheet<\/a><br \/>\n<a href=\"\/wp-content\/uploads\/pdf\/34131_manualdeinstrucciones.pdf\"><img loading=\"lazy\" decoding=\"async\" src=\"\/wp-content\/uploads\/2019\/12\/picto-descarrega.png\" alt=\"download instruction manual\" width=\"23\" height=\"16\" \/>Download manual<\/a><\/div>\n<div><\/div>\n<div>\n<div><span style=\"color: #bf2121\">Follow us on social media!<\/span><\/div>\n<div><a href=\"https:\/\/www.instagram.com\/kuken_appliances\/\">https:\/\/www.instagram.com\/kuken_appliances<\/a><\/div>\n<\/div>","protected":false},"excerpt":{"rendered":"<p data-start=\"514\" data-end=\"663\">Ideal for home or salon use, this lamp offers fast, even and professional drying for all types of glazes, with total time control.<\/p>\n<p data-start=\"665\" data-end=\"750\">","protected":false},"featured_media":7788,"template":"","meta":[],"product_brand":[],"product_cat":[38,164],"product_tag":[],"class_list":{"0":"post-7786","1":"product","2":"type-product","3":"status-publish","4":"has-post-thumbnail","6":"product_cat-premium","7":"product_cat-secador-de-unas","9":"first","10":"instock","11":"shipping-taxable","12":"product-type-simple"},"yoast_head":"<!-- This site is optimized with the Yoast SEO Premium plugin v24.0 (Yoast SEO v26.5) - https:\/\/yoast.com\/wordpress\/plugins\/seo\/ -->\n<title>LAMPARA SECADOR DE U\u00d1AS LED\/UV K\u00dcKEN - K\u00fcken<\/title>\n<meta name=\"description\" content=\"L\u00e1mpara secador de u\u00f1as K\u00fcken con 42 puntos de luz dual UV + LED de secado r\u00e1pido. Para todo tipo de esmalte en u\u00f1as. Visita Kuken.es\" \/>\n<meta name=\"robots\" content=\"index, follow, max-snippet:-1, max-image-preview:large, max-video-preview:-1\" \/>\n<link rel=\"canonical\" href=\"https:\/\/kuken.es\/en\/product-2\/uv-kuken-led-unas-dryer-lamp\/\" \/>\n<meta property=\"og:locale\" content=\"en_GB\" \/>\n<meta property=\"og:type\" content=\"article\" \/>\n<meta property=\"og:title\" content=\"LAMPARA SECADOR DE U\u00d1AS LED\/UV K\u00dcKEN\" \/>\n<meta property=\"og:description\" content=\"L\u00e1mpara secador de u\u00f1as K\u00fcken con 42 puntos de luz dual UV + LED de secado r\u00e1pido. Para todo tipo de esmalte en u\u00f1as. Visita Kuken.es\" \/>\n<meta property=\"og:url\" content=\"https:\/\/kuken.es\/en\/product-2\/uv-kuken-led-unas-dryer-lamp\/\" \/>\n<meta property=\"og:site_name\" content=\"K\u00fcken\" \/>\n<meta property=\"article:publisher\" content=\"https:\/\/es-es.facebook.com\/alfadyser\/\" \/>\n<meta property=\"article:modified_time\" content=\"2025-06-02T08:34:57+00:00\" \/>\n<meta property=\"og:image\" content=\"https:\/\/kuken.es\/wp-content\/uploads\/8425160341312_01.jpg\" \/>\n\t<meta property=\"og:image:width\" content=\"2000\" \/>\n\t<meta property=\"og:image:height\" content=\"2000\" \/>\n\t<meta property=\"og:image:type\" content=\"image\/jpeg\" \/>\n<meta name=\"twitter:card\" content=\"summary_large_image\" \/>\n<meta name=\"twitter:label1\" content=\"Price\" \/>\n\t<meta name=\"twitter:data1\" content=\"\" \/>\n\t<meta name=\"twitter:label2\" content=\"Availability\" \/>\n\t<meta name=\"twitter:data2\" content=\"In stock\" \/>\n<script type=\"application\/ld+json\" class=\"yoast-schema-graph\">{\"@context\":\"https:\/\/schema.org\",\"@graph\":[{\"@type\":\"WebPage\",\"@id\":\"https:\/\/kuken.es\/producto\/lampara-secador-de-unas-led-uv-kuken\/\",\"url\":\"https:\/\/kuken.es\/producto\/lampara-secador-de-unas-led-uv-kuken\/\",\"name\":\"LAMPARA SECADOR DE U\u00d1AS LED\/UV K\u00dcKEN - K\u00fcken\",\"isPartOf\":{\"@id\":\"https:\/\/kuken.es\/#website\"},\"primaryImageOfPage\":{\"@id\":\"https:\/\/kuken.es\/producto\/lampara-secador-de-unas-led-uv-kuken\/#primaryimage\"},\"image\":{\"@id\":\"https:\/\/kuken.es\/producto\/lampara-secador-de-unas-led-uv-kuken\/#primaryimage\"},\"thumbnailUrl\":\"https:\/\/kuken.es\/wp-content\/uploads\/8425160341312_01.jpg\",\"datePublished\":\"2021-10-01T10:06:55+00:00\",\"dateModified\":\"2025-06-02T08:34:57+00:00\",\"description\":\"L\u00e1mpara secador de u\u00f1as K\u00fcken con 42 puntos de luz dual UV + LED de secado r\u00e1pido. Para todo tipo de esmalte en u\u00f1as. Visita Kuken.es\",\"breadcrumb\":{\"@id\":\"https:\/\/kuken.es\/producto\/lampara-secador-de-unas-led-uv-kuken\/#breadcrumb\"},\"inLanguage\":\"en-GB\",\"potentialAction\":[{\"@type\":\"ReadAction\",\"target\":[\"https:\/\/kuken.es\/producto\/lampara-secador-de-unas-led-uv-kuken\/\"]}]},{\"@type\":\"ImageObject\",\"inLanguage\":\"en-GB\",\"@id\":\"https:\/\/kuken.es\/producto\/lampara-secador-de-unas-led-uv-kuken\/#primaryimage\",\"url\":\"https:\/\/kuken.es\/wp-content\/uploads\/8425160341312_01.jpg\",\"contentUrl\":\"https:\/\/kuken.es\/wp-content\/uploads\/8425160341312_01.jpg\",\"width\":2000,\"height\":2000,\"caption\":\"L\u00e1mpara secador de u\u00f1as LED\/UV con 170w de potencia\"},{\"@type\":\"BreadcrumbList\",\"@id\":\"https:\/\/kuken.es\/producto\/lampara-secador-de-unas-led-uv-kuken\/#breadcrumb\",\"itemListElement\":[{\"@type\":\"ListItem\",\"position\":1,\"name\":\"Portada\",\"item\":\"https:\/\/kuken.es\/\"},{\"@type\":\"ListItem\",\"position\":2,\"name\":\"Productos\",\"item\":\"https:\/\/kuken.es\/productos\/\"},{\"@type\":\"ListItem\",\"position\":3,\"name\":\"LAMPARA SECADOR DE U\u00d1AS LED\/UV K\u00dcKEN\"}]},{\"@type\":\"WebSite\",\"@id\":\"https:\/\/kuken.es\/#website\",\"url\":\"https:\/\/kuken.es\/\",\"name\":\"K\u00fcken\",\"description\":\"Amplia gama de peque\u00f1o electrodom\u00e9stico k\u00fcken\",\"publisher\":{\"@id\":\"https:\/\/kuken.es\/#organization\"},\"potentialAction\":[{\"@type\":\"SearchAction\",\"target\":{\"@type\":\"EntryPoint\",\"urlTemplate\":\"https:\/\/kuken.es\/?s={search_term_string}\"},\"query-input\":{\"@type\":\"PropertyValueSpecification\",\"valueRequired\":true,\"valueName\":\"search_term_string\"}}],\"inLanguage\":\"en-GB\"},{\"@type\":\"Organization\",\"@id\":\"https:\/\/kuken.es\/#organization\",\"name\":\"Alfa Dyser\",\"url\":\"https:\/\/kuken.es\/\",\"logo\":{\"@type\":\"ImageObject\",\"inLanguage\":\"en-GB\",\"@id\":\"https:\/\/kuken.es\/#\/schema\/logo\/image\/\",\"url\":\"https:\/\/kuken.es\/wp-content\/uploads\/2019\/04\/kuken-logo.png\",\"contentUrl\":\"https:\/\/kuken.es\/wp-content\/uploads\/2019\/04\/kuken-logo.png\",\"width\":500,\"height\":191,\"caption\":\"Alfa Dyser\"},\"image\":{\"@id\":\"https:\/\/kuken.es\/#\/schema\/logo\/image\/\"},\"sameAs\":[\"https:\/\/es-es.facebook.com\/alfadyser\/\",\"https:\/\/www.instagram.com\/kuken_appliances\/\"]}]}<\/script>\n<meta property=\"product:price:amount\" content=\"0.00\" \/>\n<meta property=\"product:price:currency\" content=\"EUR\" \/>\n<meta property=\"og:availability\" content=\"instock\" \/>\n<meta property=\"product:availability\" content=\"instock\" \/>\n<meta property=\"product:retailer_item_id\" content=\"34131\" \/>\n<meta property=\"product:condition\" content=\"new\" \/>\n<!-- \/ Yoast SEO Premium plugin. -->","yoast_head_json":{"title":"K\u00dcKEN LED\/UV NAIL DRYER LAMP - K\u00fcken","description":"K\u00fcken nail dryer lamp with 42 UV + LED dual light points for fast drying. For all types of nail polish. Visit Kuken.co.uk","robots":{"index":"index","follow":"follow","max-snippet":"max-snippet:-1","max-image-preview":"max-image-preview:large","max-video-preview":"max-video-preview:-1"},"canonical":"https:\/\/kuken.es\/en\/product-2\/uv-kuken-led-unas-dryer-lamp\/","og_locale":"en_GB","og_type":"article","og_title":"LAMPARA SECADOR DE U\u00d1AS LED\/UV K\u00dcKEN","og_description":"L\u00e1mpara secador de u\u00f1as K\u00fcken con 42 puntos de luz dual UV + LED de secado r\u00e1pido. Para todo tipo de esmalte en u\u00f1as. Visita Kuken.es","og_url":"https:\/\/kuken.es\/en\/product-2\/uv-kuken-led-unas-dryer-lamp\/","og_site_name":"K\u00fcken","article_publisher":"https:\/\/es-es.facebook.com\/alfadyser\/","article_modified_time":"2025-06-02T08:34:57+00:00","og_image":[{"width":2000,"height":2000,"url":"https:\/\/kuken.es\/wp-content\/uploads\/8425160341312_01.jpg","type":"image\/jpeg"}],"twitter_card":"summary_large_image","twitter_misc":{"Price":"","Availability":"In stock"},"schema":{"@context":"https:\/\/schema.org","@graph":[{"@type":"WebPage","@id":"https:\/\/kuken.es\/producto\/lampara-secador-de-unas-led-uv-kuken\/","url":"https:\/\/kuken.es\/producto\/lampara-secador-de-unas-led-uv-kuken\/","name":"K\u00dcKEN LED\/UV NAIL DRYER LAMP - K\u00fcken","isPartOf":{"@id":"https:\/\/kuken.es\/#website"},"primaryImageOfPage":{"@id":"https:\/\/kuken.es\/producto\/lampara-secador-de-unas-led-uv-kuken\/#primaryimage"},"image":{"@id":"https:\/\/kuken.es\/producto\/lampara-secador-de-unas-led-uv-kuken\/#primaryimage"},"thumbnailUrl":"https:\/\/kuken.es\/wp-content\/uploads\/8425160341312_01.jpg","datePublished":"2021-10-01T10:06:55+00:00","dateModified":"2025-06-02T08:34:57+00:00","description":"K\u00fcken nail dryer lamp with 42 UV + LED dual light points for fast drying. For all types of nail polish. Visit Kuken.co.uk","breadcrumb":{"@id":"https:\/\/kuken.es\/producto\/lampara-secador-de-unas-led-uv-kuken\/#breadcrumb"},"inLanguage":"en-GB","potentialAction":[{"@type":"ReadAction","target":["https:\/\/kuken.es\/producto\/lampara-secador-de-unas-led-uv-kuken\/"]}]},{"@type":"ImageObject","inLanguage":"en-GB","@id":"https:\/\/kuken.es\/producto\/lampara-secador-de-unas-led-uv-kuken\/#primaryimage","url":"https:\/\/kuken.es\/wp-content\/uploads\/8425160341312_01.jpg","contentUrl":"https:\/\/kuken.es\/wp-content\/uploads\/8425160341312_01.jpg","width":2000,"height":2000,"caption":"L\u00e1mpara secador de u\u00f1as LED\/UV con 170w de potencia"},{"@type":"BreadcrumbList","@id":"https:\/\/kuken.es\/producto\/lampara-secador-de-unas-led-uv-kuken\/#breadcrumb","itemListElement":[{"@type":"ListItem","position":1,"name":"Portada","item":"https:\/\/kuken.es\/"},{"@type":"ListItem","position":2,"name":"Productos","item":"https:\/\/kuken.es\/productos\/"},{"@type":"ListItem","position":3,"name":"LAMPARA SECADOR DE U\u00d1AS LED\/UV K\u00dcKEN"}]},{"@type":"WebSite","@id":"https:\/\/kuken.es\/#website","url":"https:\/\/kuken.es\/","name":"K\u00fcken","description":"Wide range of k\u00fcken small household appliances","publisher":{"@id":"https:\/\/kuken.es\/#organization"},"potentialAction":[{"@type":"SearchAction","target":{"@type":"EntryPoint","urlTemplate":"https:\/\/kuken.es\/?s={search_term_string}"},"query-input":{"@type":"PropertyValueSpecification","valueRequired":true,"valueName":"search_term_string"}}],"inLanguage":"en-GB"},{"@type":"Organization","@id":"https:\/\/kuken.es\/#organization","name":"Alpha Dyser","url":"https:\/\/kuken.es\/","logo":{"@type":"ImageObject","inLanguage":"en-GB","@id":"https:\/\/kuken.es\/#\/schema\/logo\/image\/","url":"https:\/\/kuken.es\/wp-content\/uploads\/2019\/04\/kuken-logo.png","contentUrl":"https:\/\/kuken.es\/wp-content\/uploads\/2019\/04\/kuken-logo.png","width":500,"height":191,"caption":"Alfa Dyser"},"image":{"@id":"https:\/\/kuken.es\/#\/schema\/logo\/image\/"},"sameAs":["https:\/\/es-es.facebook.com\/alfadyser\/","https:\/\/www.instagram.com\/kuken_appliances\/"]}]},"product_price_amount":"0.00","product_price_currency":"EUR","og_availability":"instock","product_availability":"instock","product_retailer_item_id":"34131","product_condition":"new"},"_links":{"self":[{"href":"https:\/\/kuken.es\/en\/wp-json\/wp\/v2\/product\/7786","targetHints":{"allow":["GET"]}}],"collection":[{"href":"https:\/\/kuken.es\/en\/wp-json\/wp\/v2\/product"}],"about":[{"href":"https:\/\/kuken.es\/en\/wp-json\/wp\/v2\/types\/product"}],"wp:featuredmedia":[{"embeddable":true,"href":"https:\/\/kuken.es\/en\/wp-json\/wp\/v2\/media\/7788"}],"wp:attachment":[{"href":"https:\/\/kuken.es\/en\/wp-json\/wp\/v2\/media?parent=7786"}],"wp:term":[{"taxonomy":"product_brand","embeddable":true,"href":"https:\/\/kuken.es\/en\/wp-json\/wp\/v2\/product_brand?post=7786"},{"taxonomy":"product_cat","embeddable":true,"href":"https:\/\/kuken.es\/en\/wp-json\/wp\/v2\/product_cat?post=7786"},{"taxonomy":"product_tag","embeddable":true,"href":"https:\/\/kuken.es\/en\/wp-json\/wp\/v2\/product_tag?post=7786"}],"curies":[{"name":"wp","href":"https:\/\/api.w.org\/{rel}","templated":true}]}}