{"id":7777,"date":"2021-10-01T10:51:21","date_gmt":"2021-10-01T08:51:21","guid":{"rendered":"https:\/\/kuken.es\/?post_type=product&#038;p=7777"},"modified":"2025-06-02T10:19:31","modified_gmt":"2025-06-02T08:19:31","slug":"lint-remover-battery-3w-kuken","status":"publish","type":"product","link":"https:\/\/kuken.es\/en\/product-2\/lint-remover-battery-3w-kuken\/","title":{"rendered":"K\u00dcKEN LINT REMOVER BATTERY 3W"},"content":{"rendered":"<p>K\u00dcKEN LINT REMOVER BATTERY 3W<\/p>\n<ul>\n<li data-start=\"810\" data-end=\"875\">\n<p data-start=\"812\" data-end=\"875\">Quitapelusas recargable de 3 W, pr\u00e1ctico para uso diario.<\/p>\n<\/li>\n<li data-start=\"876\" data-end=\"935\">\n<p data-start=\"878\" data-end=\"935\">Bater\u00eda recargable por USB, sin necesidad de pilas.<\/p>\n<\/li>\n<li data-start=\"936\" data-end=\"1003\">\n<p data-start=\"938\" data-end=\"1003\">Autonom\u00eda de 45 minutos, uso prolongado sin interrupciones.<\/p>\n<\/li>\n<li data-start=\"1004\" data-end=\"1066\">\n<p data-start=\"1006\" data-end=\"1066\">Dise\u00f1o elegante, en gris antracita y rosa magenta.<\/p>\n<\/li>\n<li data-start=\"1067\" data-end=\"1137\">\n<p data-start=\"1069\" data-end=\"1137\">Piezas desmontables, facilitan una limpieza completa y c\u00f3moda.<\/p>\n<\/li>\n<li data-start=\"1138\" data-end=\"1214\">\n<p data-start=\"1140\" data-end=\"1214\">Cuchillas de acero inoxidable, cubren zonas amplias con cada pasada.<\/p>\n<\/li>\n<li data-start=\"1215\" data-end=\"1270\">\n<p data-start=\"1217\" data-end=\"1270\">Dep\u00f3sito de pelusas extra\u00edble, f\u00e1cil de vaciar.<\/p>\n<\/li>\n<li data-start=\"1271\" data-end=\"1344\">\n<p data-start=\"1273\" data-end=\"1344\">Proporciona una eliminaci\u00f3n r\u00e1pida y eficaz de pelusas y bolitas.<\/p>\n<\/li>\n<li data-start=\"1345\" data-end=\"1398\">\n<p data-start=\"1347\" data-end=\"1398\">Apto para todo tipo de tejidos, sin da\u00f1arlos.<\/p>\n<\/li>\n<li data-start=\"1399\" data-end=\"1460\">\n<p data-start=\"1401\" data-end=\"1460\">Ideal para mantener ropa, mantas o tapizados como nuevos.<\/p>\n<\/li>\n<li data-start=\"1461\" data-end=\"1516\">\n<p data-start=\"1463\" data-end=\"1516\">Compacto, ligero y c\u00f3modo de transportar o almacenar.<\/p>\n<\/li>\n<\/ul>\n<p>&nbsp;<\/p>\n<p><div class=\"accordion\"><div class=\"mfn-acc accordion_wrapper  toggle\"><div class=\"question\"><div class=\"title\"><i class=\"icon-plus acc-icon-plus\" aria-hidden=\"true\"><\/i><i class=\"icon-minus acc-icon-minus\" aria-hidden=\"true\"><\/i>Product data<\/div><div class=\"answer\">EAN 8425160341343<\/p>\n<p>K\u00dcKEN LINT REMOVER BATTERY 3W<\/p>\n<p>Package unit 1<br \/>\nColour Anthracite grey \/ Magenta pink.<br \/>\nPackaging Colour Box<br \/>\nPower 3 W<br \/>\nSize Small<br \/>\nMaterial PC<br \/>\nPowered by USB rechargeable battery<br \/>\nWeight 0.24 kg.<\/div><\/div>\n<\/div><\/div>\n<br \/>\n<div class=\"accordion\"><div class=\"mfn-acc accordion_wrapper  toggle\"><div class=\"question\"><div class=\"title\"><i class=\"icon-plus acc-icon-plus\" aria-hidden=\"true\"><\/i><i class=\"icon-minus acc-icon-minus\" aria-hidden=\"true\"><\/i>Accessories<\/div><div class=\"answer\">Cut-off limiter<br \/>\nCleaning brush<\/div><\/div>\n<\/div><\/div>\n<\/p>\n<div class=\"descargas-producto\"><a href=\"https:\/\/kuken.es\/wp-content\/uploads\/pdf\/8425160341343_ficha_tecnica.pdf\"><img loading=\"lazy\" decoding=\"async\" src=\"\/wp-content\/uploads\/2019\/12\/picto-descarrega.png\" alt=\"download data sheet\" width=\"23\" height=\"16\" \/>Download sheet<\/a><br \/>\n<a href=\"\/wp-content\/uploads\/pdf\/34134_instrucciones.pdf\"><img loading=\"lazy\" decoding=\"async\" src=\"\/wp-content\/uploads\/2019\/12\/picto-descarrega.png\" alt=\"download instruction manual\" width=\"23\" height=\"16\" \/>Download manual<\/a><\/div>\n<div><\/div>\n<div><span style=\"color: #bf2121\">Follow us on social media!<\/span><\/div>\n<div><a href=\"https:\/\/www.instagram.com\/kuken_appliances\/\">https:\/\/www.instagram.com\/kuken_appliances\/<\/a><\/div>","protected":false},"excerpt":{"rendered":"<p data-start=\"508\" data-end=\"650\">Compacto y eficaz, este quitapelusas recargable es ideal para mantener tus prendas impecables. F\u00e1cil de usar, limpiar y llevar a todas partes.<\/p>\n<p data-start=\"652\" data-end=\"742\">","protected":false},"featured_media":7783,"template":"","meta":[],"product_brand":[],"product_cat":[38,114],"product_tag":[],"class_list":{"0":"post-7777","1":"product","2":"type-product","3":"status-publish","4":"has-post-thumbnail","6":"product_cat-premium","7":"product_cat-quitapelusas-premium","9":"first","10":"instock","11":"shipping-taxable","12":"product-type-simple"},"yoast_head":"<!-- This site is optimized with the Yoast SEO Premium plugin v24.0 (Yoast SEO v26.5) - https:\/\/yoast.com\/wordpress\/plugins\/seo\/ -->\n<title>QUITAPELUSAS BATER\u00cdA 3W K\u00dcKEN - K\u00fcken<\/title>\n<meta name=\"description\" content=\"Quitapelusas recargable de 3W de potencia. Cuchillas en acero inoxidable capaz de cubrir zonas grandes de una pasada. Visita la web Kuken.es\" \/>\n<meta name=\"robots\" content=\"index, follow, max-snippet:-1, max-image-preview:large, max-video-preview:-1\" \/>\n<link rel=\"canonical\" href=\"https:\/\/kuken.es\/en\/product-2\/lint-remover-battery-3w-kuken\/\" \/>\n<meta property=\"og:locale\" content=\"en_GB\" \/>\n<meta property=\"og:type\" content=\"article\" \/>\n<meta property=\"og:title\" content=\"QUITAPELUSAS BATER\u00cdA 3W K\u00dcKEN\" \/>\n<meta property=\"og:description\" content=\"Quitapelusas recargable de 3W de potencia. Cuchillas en acero inoxidable capaz de cubrir zonas grandes de una pasada. Visita la web Kuken.es\" \/>\n<meta property=\"og:url\" content=\"https:\/\/kuken.es\/en\/product-2\/lint-remover-battery-3w-kuken\/\" \/>\n<meta property=\"og:site_name\" content=\"K\u00fcken\" \/>\n<meta property=\"article:publisher\" content=\"https:\/\/es-es.facebook.com\/alfadyser\/\" \/>\n<meta property=\"article:modified_time\" content=\"2025-06-02T08:19:31+00:00\" \/>\n<meta property=\"og:image\" content=\"https:\/\/kuken.es\/wp-content\/uploads\/8425160341343_01-1-scaled.jpg\" \/>\n\t<meta property=\"og:image:width\" content=\"2560\" \/>\n\t<meta property=\"og:image:height\" content=\"2560\" \/>\n\t<meta property=\"og:image:type\" content=\"image\/jpeg\" \/>\n<meta name=\"twitter:card\" content=\"summary_large_image\" \/>\n<meta name=\"twitter:label1\" content=\"Price\" \/>\n\t<meta name=\"twitter:data1\" content=\"\" \/>\n\t<meta name=\"twitter:label2\" content=\"Availability\" \/>\n\t<meta name=\"twitter:data2\" content=\"In stock\" \/>\n<script type=\"application\/ld+json\" class=\"yoast-schema-graph\">{\"@context\":\"https:\/\/schema.org\",\"@graph\":[{\"@type\":\"WebPage\",\"@id\":\"https:\/\/kuken.es\/producto\/quitapelusas-bateria-3w-kuken\/\",\"url\":\"https:\/\/kuken.es\/producto\/quitapelusas-bateria-3w-kuken\/\",\"name\":\"QUITAPELUSAS BATER\u00cdA 3W K\u00dcKEN - K\u00fcken\",\"isPartOf\":{\"@id\":\"https:\/\/kuken.es\/#website\"},\"primaryImageOfPage\":{\"@id\":\"https:\/\/kuken.es\/producto\/quitapelusas-bateria-3w-kuken\/#primaryimage\"},\"image\":{\"@id\":\"https:\/\/kuken.es\/producto\/quitapelusas-bateria-3w-kuken\/#primaryimage\"},\"thumbnailUrl\":\"https:\/\/kuken.es\/wp-content\/uploads\/8425160341343_01-1-scaled.jpg\",\"datePublished\":\"2021-10-01T08:51:21+00:00\",\"dateModified\":\"2025-06-02T08:19:31+00:00\",\"description\":\"Quitapelusas recargable de 3W de potencia. Cuchillas en acero inoxidable capaz de cubrir zonas grandes de una pasada. Visita la web Kuken.es\",\"breadcrumb\":{\"@id\":\"https:\/\/kuken.es\/producto\/quitapelusas-bateria-3w-kuken\/#breadcrumb\"},\"inLanguage\":\"en-GB\",\"potentialAction\":[{\"@type\":\"ReadAction\",\"target\":[\"https:\/\/kuken.es\/producto\/quitapelusas-bateria-3w-kuken\/\"]}]},{\"@type\":\"ImageObject\",\"inLanguage\":\"en-GB\",\"@id\":\"https:\/\/kuken.es\/producto\/quitapelusas-bateria-3w-kuken\/#primaryimage\",\"url\":\"https:\/\/kuken.es\/wp-content\/uploads\/8425160341343_01-1-scaled.jpg\",\"contentUrl\":\"https:\/\/kuken.es\/wp-content\/uploads\/8425160341343_01-1-scaled.jpg\",\"width\":2560,\"height\":2560,\"caption\":\"Quitapelusas kuken 3w de potencia\"},{\"@type\":\"BreadcrumbList\",\"@id\":\"https:\/\/kuken.es\/producto\/quitapelusas-bateria-3w-kuken\/#breadcrumb\",\"itemListElement\":[{\"@type\":\"ListItem\",\"position\":1,\"name\":\"Portada\",\"item\":\"https:\/\/kuken.es\/\"},{\"@type\":\"ListItem\",\"position\":2,\"name\":\"Productos\",\"item\":\"https:\/\/kuken.es\/productos\/\"},{\"@type\":\"ListItem\",\"position\":3,\"name\":\"QUITAPELUSAS BATER\u00cdA 3W K\u00dcKEN\"}]},{\"@type\":\"WebSite\",\"@id\":\"https:\/\/kuken.es\/#website\",\"url\":\"https:\/\/kuken.es\/\",\"name\":\"K\u00fcken\",\"description\":\"Amplia gama de peque\u00f1o electrodom\u00e9stico k\u00fcken\",\"publisher\":{\"@id\":\"https:\/\/kuken.es\/#organization\"},\"potentialAction\":[{\"@type\":\"SearchAction\",\"target\":{\"@type\":\"EntryPoint\",\"urlTemplate\":\"https:\/\/kuken.es\/?s={search_term_string}\"},\"query-input\":{\"@type\":\"PropertyValueSpecification\",\"valueRequired\":true,\"valueName\":\"search_term_string\"}}],\"inLanguage\":\"en-GB\"},{\"@type\":\"Organization\",\"@id\":\"https:\/\/kuken.es\/#organization\",\"name\":\"Alfa Dyser\",\"url\":\"https:\/\/kuken.es\/\",\"logo\":{\"@type\":\"ImageObject\",\"inLanguage\":\"en-GB\",\"@id\":\"https:\/\/kuken.es\/#\/schema\/logo\/image\/\",\"url\":\"https:\/\/kuken.es\/wp-content\/uploads\/2019\/04\/kuken-logo.png\",\"contentUrl\":\"https:\/\/kuken.es\/wp-content\/uploads\/2019\/04\/kuken-logo.png\",\"width\":500,\"height\":191,\"caption\":\"Alfa Dyser\"},\"image\":{\"@id\":\"https:\/\/kuken.es\/#\/schema\/logo\/image\/\"},\"sameAs\":[\"https:\/\/es-es.facebook.com\/alfadyser\/\",\"https:\/\/www.instagram.com\/kuken_appliances\/\"]}]}<\/script>\n<meta property=\"product:price:amount\" content=\"0.00\" \/>\n<meta property=\"product:price:currency\" content=\"EUR\" \/>\n<meta property=\"og:availability\" content=\"instock\" \/>\n<meta property=\"product:availability\" content=\"instock\" \/>\n<meta property=\"product:retailer_item_id\" content=\"34134\" \/>\n<meta property=\"product:condition\" content=\"new\" \/>\n<!-- \/ Yoast SEO Premium plugin. -->","yoast_head_json":{"title":"K\u00dcKEN 3W BATTERY BATTERY REMOVER - K\u00fcken","description":"Rechargeable lint remover with 3W power. Stainless steel blades capable of covering large areas in one pass. Visit the website Kuken.es","robots":{"index":"index","follow":"follow","max-snippet":"max-snippet:-1","max-image-preview":"max-image-preview:large","max-video-preview":"max-video-preview:-1"},"canonical":"https:\/\/kuken.es\/en\/product-2\/lint-remover-battery-3w-kuken\/","og_locale":"en_GB","og_type":"article","og_title":"QUITAPELUSAS BATER\u00cdA 3W K\u00dcKEN","og_description":"Quitapelusas recargable de 3W de potencia. Cuchillas en acero inoxidable capaz de cubrir zonas grandes de una pasada. Visita la web Kuken.es","og_url":"https:\/\/kuken.es\/en\/product-2\/lint-remover-battery-3w-kuken\/","og_site_name":"K\u00fcken","article_publisher":"https:\/\/es-es.facebook.com\/alfadyser\/","article_modified_time":"2025-06-02T08:19:31+00:00","og_image":[{"width":2560,"height":2560,"url":"https:\/\/kuken.es\/wp-content\/uploads\/8425160341343_01-1-scaled.jpg","type":"image\/jpeg"}],"twitter_card":"summary_large_image","twitter_misc":{"Price":"","Availability":"In stock"},"schema":{"@context":"https:\/\/schema.org","@graph":[{"@type":"WebPage","@id":"https:\/\/kuken.es\/producto\/quitapelusas-bateria-3w-kuken\/","url":"https:\/\/kuken.es\/producto\/quitapelusas-bateria-3w-kuken\/","name":"K\u00dcKEN 3W BATTERY BATTERY REMOVER - K\u00fcken","isPartOf":{"@id":"https:\/\/kuken.es\/#website"},"primaryImageOfPage":{"@id":"https:\/\/kuken.es\/producto\/quitapelusas-bateria-3w-kuken\/#primaryimage"},"image":{"@id":"https:\/\/kuken.es\/producto\/quitapelusas-bateria-3w-kuken\/#primaryimage"},"thumbnailUrl":"https:\/\/kuken.es\/wp-content\/uploads\/8425160341343_01-1-scaled.jpg","datePublished":"2021-10-01T08:51:21+00:00","dateModified":"2025-06-02T08:19:31+00:00","description":"Rechargeable lint remover with 3W power. Stainless steel blades capable of covering large areas in one pass. Visit the website Kuken.es","breadcrumb":{"@id":"https:\/\/kuken.es\/producto\/quitapelusas-bateria-3w-kuken\/#breadcrumb"},"inLanguage":"en-GB","potentialAction":[{"@type":"ReadAction","target":["https:\/\/kuken.es\/producto\/quitapelusas-bateria-3w-kuken\/"]}]},{"@type":"ImageObject","inLanguage":"en-GB","@id":"https:\/\/kuken.es\/producto\/quitapelusas-bateria-3w-kuken\/#primaryimage","url":"https:\/\/kuken.es\/wp-content\/uploads\/8425160341343_01-1-scaled.jpg","contentUrl":"https:\/\/kuken.es\/wp-content\/uploads\/8425160341343_01-1-scaled.jpg","width":2560,"height":2560,"caption":"Quitapelusas kuken 3w de potencia"},{"@type":"BreadcrumbList","@id":"https:\/\/kuken.es\/producto\/quitapelusas-bateria-3w-kuken\/#breadcrumb","itemListElement":[{"@type":"ListItem","position":1,"name":"Portada","item":"https:\/\/kuken.es\/"},{"@type":"ListItem","position":2,"name":"Productos","item":"https:\/\/kuken.es\/productos\/"},{"@type":"ListItem","position":3,"name":"QUITAPELUSAS BATER\u00cdA 3W K\u00dcKEN"}]},{"@type":"WebSite","@id":"https:\/\/kuken.es\/#website","url":"https:\/\/kuken.es\/","name":"K\u00fcken","description":"Wide range of k\u00fcken small household appliances","publisher":{"@id":"https:\/\/kuken.es\/#organization"},"potentialAction":[{"@type":"SearchAction","target":{"@type":"EntryPoint","urlTemplate":"https:\/\/kuken.es\/?s={search_term_string}"},"query-input":{"@type":"PropertyValueSpecification","valueRequired":true,"valueName":"search_term_string"}}],"inLanguage":"en-GB"},{"@type":"Organization","@id":"https:\/\/kuken.es\/#organization","name":"Alpha Dyser","url":"https:\/\/kuken.es\/","logo":{"@type":"ImageObject","inLanguage":"en-GB","@id":"https:\/\/kuken.es\/#\/schema\/logo\/image\/","url":"https:\/\/kuken.es\/wp-content\/uploads\/2019\/04\/kuken-logo.png","contentUrl":"https:\/\/kuken.es\/wp-content\/uploads\/2019\/04\/kuken-logo.png","width":500,"height":191,"caption":"Alfa Dyser"},"image":{"@id":"https:\/\/kuken.es\/#\/schema\/logo\/image\/"},"sameAs":["https:\/\/es-es.facebook.com\/alfadyser\/","https:\/\/www.instagram.com\/kuken_appliances\/"]}]},"product_price_amount":"0.00","product_price_currency":"EUR","og_availability":"instock","product_availability":"instock","product_retailer_item_id":"34134","product_condition":"new"},"_links":{"self":[{"href":"https:\/\/kuken.es\/en\/wp-json\/wp\/v2\/product\/7777","targetHints":{"allow":["GET"]}}],"collection":[{"href":"https:\/\/kuken.es\/en\/wp-json\/wp\/v2\/product"}],"about":[{"href":"https:\/\/kuken.es\/en\/wp-json\/wp\/v2\/types\/product"}],"wp:featuredmedia":[{"embeddable":true,"href":"https:\/\/kuken.es\/en\/wp-json\/wp\/v2\/media\/7783"}],"wp:attachment":[{"href":"https:\/\/kuken.es\/en\/wp-json\/wp\/v2\/media?parent=7777"}],"wp:term":[{"taxonomy":"product_brand","embeddable":true,"href":"https:\/\/kuken.es\/en\/wp-json\/wp\/v2\/product_brand?post=7777"},{"taxonomy":"product_cat","embeddable":true,"href":"https:\/\/kuken.es\/en\/wp-json\/wp\/v2\/product_cat?post=7777"},{"taxonomy":"product_tag","embeddable":true,"href":"https:\/\/kuken.es\/en\/wp-json\/wp\/v2\/product_tag?post=7777"}],"curies":[{"name":"wp","href":"https:\/\/api.w.org\/{rel}","templated":true}]}}