{"id":6160,"date":"2020-10-27T13:42:10","date_gmt":"2020-10-27T12:42:10","guid":{"rendered":"https:\/\/kuken.es\/producto\/exprimidor-naranjas-kuken-vintage-con-brazo-160w\/"},"modified":"2025-06-02T06:52:15","modified_gmt":"2025-06-02T04:52:15","slug":"vintage-kuken-orange-squeezer-with-arm-160w","status":"publish","type":"product","link":"https:\/\/kuken.es\/en\/product-2\/vintage-kuken-orange-squeezer-with-arm-160w\/","title":{"rendered":"K\u00dcKEN VINTAGE ORANGE JUICER WITH ARM 160W"},"content":{"rendered":"<p>K\u00dcKEN VINTAGE ORANGE JUICER WITH ARM 160W<\/p>\n<ul data-start=\"559\" data-end=\"1357\">\n<li data-start=\"559\" data-end=\"639\">\n<p data-start=\"561\" data-end=\"639\">Motor de 160W: potencia \u00f3ptima para un zumado r\u00e1pido y sin esfuerzo.<\/p>\n<\/li>\n<li data-start=\"640\" data-end=\"720\">\n<p data-start=\"642\" data-end=\"720\">Palanca de presi\u00f3n ergon\u00f3mica: extrae el jugo con la m\u00ednima presi\u00f3n.<\/p>\n<\/li>\n<li data-start=\"721\" data-end=\"800\">\n<p data-start=\"723\" data-end=\"800\">Dos conos desmontables: se adaptan a c\u00edtricos de todos los tama\u00f1os.<\/p>\n<\/li>\n<li data-start=\"801\" data-end=\"912\">\n<p data-start=\"803\" data-end=\"912\">Incluye dos filtros: uno en acero inoxidable y otro en pl\u00e1stico para personalizar el resultado.<\/p>\n<\/li>\n<li data-start=\"913\" data-end=\"1003\">\n<p data-start=\"915\" data-end=\"1003\">Boquilla de acero inoxidable con sistema antigoteo: evita derrames y salpicaduras.<\/p>\n<\/li>\n<li data-start=\"1004\" data-end=\"1078\">\n<p data-start=\"1006\" data-end=\"1078\">Extracci\u00f3n continua: ideal para preparar varias raciones seguidas.<\/p>\n<\/li>\n<li data-start=\"1079\" data-end=\"1145\">\n<p data-start=\"1081\" data-end=\"1145\">Encendido autom\u00e1tico: al presionar la fruta sobre el cono.<\/p>\n<\/li>\n<li data-start=\"1146\" data-end=\"1217\">\n<p data-start=\"1148\" data-end=\"1217\">Piezas desmontables: permiten una limpieza r\u00e1pida y c\u00f3moda.<\/p>\n<\/li>\n<li data-start=\"1218\" data-end=\"1280\">\n<p data-start=\"1220\" data-end=\"1280\">Base antideslizante: estabilidad total durante el uso.<\/p>\n<\/li>\n<li data-start=\"1281\" data-end=\"1357\">\n<p data-start=\"1283\" data-end=\"1357\">Dise\u00f1o vintage: cuerpo en acero inoxidable y PC color verde retro.<\/p>\n<\/li>\n<\/ul>\n<p><div class=\"accordion\"><div class=\"mfn-acc accordion_wrapper  toggle\"><div class=\"question\"><div class=\"title\"><i class=\"icon-plus acc-icon-plus\" aria-hidden=\"true\"><\/i><i class=\"icon-minus acc-icon-minus\" aria-hidden=\"true\"><\/i>Product data<\/div><div class=\"answer\">EAN: 8425160339623<\/p>\n<p>K\u00dcKEN VINTAGE ORANGE JUICER WITH ARM 160W<\/p>\n<p>Units: 1<br \/>\nColour: Vintage green<br \/>\nPackaging: Coloured box<br \/>\nPower: 160 W<br \/>\nVoltage: 230 V<br \/>\nMaterial: Stainless steel \/ PC<br \/>\nNon-slip base: Yes<br \/>\nTurbo function:<br \/>\nDetachable:<br \/>\nWeight: 2.32 kg<\/div><\/div>\n<\/div><\/div>\n<br \/>\n<div class=\"accordion\"><div class=\"mfn-acc accordion_wrapper  toggle\"><div class=\"question\"><div class=\"title\"><i class=\"icon-plus acc-icon-plus\" aria-hidden=\"true\"><\/i><i class=\"icon-minus acc-icon-minus\" aria-hidden=\"true\"><\/i>Accessories<\/div><div class=\"answer\"><\/div><\/div>\n<\/div><\/div>\n<\/p>\n<div class=\"descargas-producto\"><a href=\"https:\/\/kuken.es\/wp-content\/uploads\/8425160339623_2_ficha_tecnica.pdf\" target=\"_blank\" rel=\"noopener noreferrer\"><br \/>\n<img loading=\"lazy\" decoding=\"async\" src=\"\/wp-content\/uploads\/2019\/12\/picto-descarrega.png\" alt=\"download data sheet\" width=\"23\" height=\"16\" \/>Download sheet<\/a><br \/>\n<a href=\"\/wp-content\/uploads\/pdf\/33962_instrucciones.pdf\"><img loading=\"lazy\" decoding=\"async\" src=\"\/wp-content\/uploads\/2019\/12\/picto-descarrega.png\" alt=\"download instruction manual\" width=\"23\" height=\"16\" \/>Download manual<\/a><\/div>\n<div><\/div>\n<div><span style=\"color: #bf2121\">Follow us on social media!<\/span><\/div>\n<div><a href=\"https:\/\/www.instagram.com\/kuken_appliances\/\">https:\/\/www.instagram.com\/kuken_appliances\/<\/a><\/div>\n<p><iframe loading=\"lazy\" title=\"Exprimidor naranjas k\u00fcken vintage con brazo 160w\" width=\"560\" height=\"315\" src=\"https:\/\/www.youtube.com\/embed\/osWHA3iDb1c?feature=oembed\" frameborder=\"0\" allow=\"accelerometer; autoplay; clipboard-write; encrypted-media; gyroscope; picture-in-picture; web-share\" referrerpolicy=\"strict-origin-when-cross-origin\" allowfullscreen><\/iframe><\/p>","protected":false},"excerpt":{"rendered":"<p data-start=\"378\" data-end=\"521\">Combina estilo vintage y funcionalidad moderna. Ideal para extraer zumo f\u00e1cilmente con un dise\u00f1o robusto, c\u00f3modo y perfecto para el uso diario.<\/p>","protected":false},"featured_media":5631,"template":"","meta":[],"product_brand":[],"product_cat":[104,101],"product_tag":[],"class_list":{"0":"post-6160","1":"product","2":"type-product","3":"status-publish","4":"has-post-thumbnail","6":"product_cat-exprimidores-vintage","7":"product_cat-vintage","9":"first","10":"instock","11":"product-type-simple"},"yoast_head":"<!-- This site is optimized with the Yoast SEO Premium plugin v24.0 (Yoast SEO v26.5) - https:\/\/yoast.com\/wordpress\/plugins\/seo\/ -->\n<title>EXPRIMIDOR NARANJAS VINTAGE K\u00dcKEN CON BRAZO 160W - K\u00fcken<\/title>\n<meta name=\"description\" content=\"Exclusivo exprimidor de naranjas vintage k\u00fcken. Dale a tu cocina un toque elegante con este exprimidor de color verde vintage. Desc\u00fabrelo ahora.\" \/>\n<meta name=\"robots\" content=\"index, follow, max-snippet:-1, max-image-preview:large, max-video-preview:-1\" \/>\n<link rel=\"canonical\" href=\"https:\/\/kuken.es\/en\/product-2\/vintage-kuken-orange-squeezer-with-arm-160w\/\" \/>\n<meta property=\"og:locale\" content=\"en_GB\" \/>\n<meta property=\"og:type\" content=\"article\" \/>\n<meta property=\"og:title\" content=\"EXPRIMIDOR NARANJAS VINTAGE K\u00dcKEN CON BRAZO 160W\" \/>\n<meta property=\"og:description\" content=\"Exclusivo exprimidor de naranjas vintage k\u00fcken. Dale a tu cocina un toque elegante con este exprimidor de color verde vintage. Desc\u00fabrelo ahora.\" \/>\n<meta property=\"og:url\" content=\"https:\/\/kuken.es\/en\/product-2\/vintage-kuken-orange-squeezer-with-arm-160w\/\" \/>\n<meta property=\"og:site_name\" content=\"K\u00fcken\" \/>\n<meta property=\"article:publisher\" content=\"https:\/\/es-es.facebook.com\/alfadyser\/\" \/>\n<meta property=\"article:modified_time\" content=\"2025-06-02T04:52:15+00:00\" \/>\n<meta property=\"og:image\" content=\"https:\/\/kuken.es\/wp-content\/uploads\/productos\/8425160339623_01.jpg\" \/>\n\t<meta property=\"og:image:width\" content=\"2000\" \/>\n\t<meta property=\"og:image:height\" content=\"2000\" \/>\n\t<meta property=\"og:image:type\" content=\"image\/jpeg\" \/>\n<meta name=\"twitter:card\" content=\"summary_large_image\" \/>\n<meta name=\"twitter:label1\" content=\"Price\" \/>\n\t<meta name=\"twitter:data1\" content=\"\" \/>\n\t<meta name=\"twitter:label2\" content=\"Availability\" \/>\n\t<meta name=\"twitter:data2\" content=\"In stock\" \/>\n<script type=\"application\/ld+json\" class=\"yoast-schema-graph\">{\"@context\":\"https:\/\/schema.org\",\"@graph\":[{\"@type\":\"WebPage\",\"@id\":\"https:\/\/kuken.es\/producto\/exprimidor-naranjas-vintage-kuken-con-brazo-160w\/\",\"url\":\"https:\/\/kuken.es\/producto\/exprimidor-naranjas-vintage-kuken-con-brazo-160w\/\",\"name\":\"EXPRIMIDOR NARANJAS VINTAGE K\u00dcKEN CON BRAZO 160W - K\u00fcken\",\"isPartOf\":{\"@id\":\"https:\/\/kuken.es\/#website\"},\"primaryImageOfPage\":{\"@id\":\"https:\/\/kuken.es\/producto\/exprimidor-naranjas-vintage-kuken-con-brazo-160w\/#primaryimage\"},\"image\":{\"@id\":\"https:\/\/kuken.es\/producto\/exprimidor-naranjas-vintage-kuken-con-brazo-160w\/#primaryimage\"},\"thumbnailUrl\":\"https:\/\/kuken.es\/wp-content\/uploads\/productos\/8425160339623_01.jpg\",\"datePublished\":\"2020-10-27T12:42:10+00:00\",\"dateModified\":\"2025-06-02T04:52:15+00:00\",\"description\":\"Exclusivo exprimidor de naranjas vintage k\u00fcken. Dale a tu cocina un toque elegante con este exprimidor de color verde vintage. Desc\u00fabrelo ahora.\",\"breadcrumb\":{\"@id\":\"https:\/\/kuken.es\/producto\/exprimidor-naranjas-vintage-kuken-con-brazo-160w\/#breadcrumb\"},\"inLanguage\":\"en-GB\",\"potentialAction\":[{\"@type\":\"ReadAction\",\"target\":[\"https:\/\/kuken.es\/producto\/exprimidor-naranjas-vintage-kuken-con-brazo-160w\/\"]}]},{\"@type\":\"ImageObject\",\"inLanguage\":\"en-GB\",\"@id\":\"https:\/\/kuken.es\/producto\/exprimidor-naranjas-vintage-kuken-con-brazo-160w\/#primaryimage\",\"url\":\"https:\/\/kuken.es\/wp-content\/uploads\/productos\/8425160339623_01.jpg\",\"contentUrl\":\"https:\/\/kuken.es\/wp-content\/uploads\/productos\/8425160339623_01.jpg\",\"width\":2000,\"height\":2000,\"caption\":\"Exprimidor de naranjas vintage k\u00fcken\"},{\"@type\":\"BreadcrumbList\",\"@id\":\"https:\/\/kuken.es\/producto\/exprimidor-naranjas-vintage-kuken-con-brazo-160w\/#breadcrumb\",\"itemListElement\":[{\"@type\":\"ListItem\",\"position\":1,\"name\":\"Portada\",\"item\":\"https:\/\/kuken.es\/\"},{\"@type\":\"ListItem\",\"position\":2,\"name\":\"Productos\",\"item\":\"https:\/\/kuken.es\/productos\/\"},{\"@type\":\"ListItem\",\"position\":3,\"name\":\"EXPRIMIDOR NARANJAS VINTAGE K\u00dcKEN CON BRAZO 160W\"}]},{\"@type\":\"WebSite\",\"@id\":\"https:\/\/kuken.es\/#website\",\"url\":\"https:\/\/kuken.es\/\",\"name\":\"K\u00fcken\",\"description\":\"Amplia gama de peque\u00f1o electrodom\u00e9stico k\u00fcken\",\"publisher\":{\"@id\":\"https:\/\/kuken.es\/#organization\"},\"potentialAction\":[{\"@type\":\"SearchAction\",\"target\":{\"@type\":\"EntryPoint\",\"urlTemplate\":\"https:\/\/kuken.es\/?s={search_term_string}\"},\"query-input\":{\"@type\":\"PropertyValueSpecification\",\"valueRequired\":true,\"valueName\":\"search_term_string\"}}],\"inLanguage\":\"en-GB\"},{\"@type\":\"Organization\",\"@id\":\"https:\/\/kuken.es\/#organization\",\"name\":\"Alfa Dyser\",\"url\":\"https:\/\/kuken.es\/\",\"logo\":{\"@type\":\"ImageObject\",\"inLanguage\":\"en-GB\",\"@id\":\"https:\/\/kuken.es\/#\/schema\/logo\/image\/\",\"url\":\"https:\/\/kuken.es\/wp-content\/uploads\/2019\/04\/kuken-logo.png\",\"contentUrl\":\"https:\/\/kuken.es\/wp-content\/uploads\/2019\/04\/kuken-logo.png\",\"width\":500,\"height\":191,\"caption\":\"Alfa Dyser\"},\"image\":{\"@id\":\"https:\/\/kuken.es\/#\/schema\/logo\/image\/\"},\"sameAs\":[\"https:\/\/es-es.facebook.com\/alfadyser\/\",\"https:\/\/www.instagram.com\/kuken_appliances\/\"]}]}<\/script>\n<meta property=\"product:price:amount\" content=\"0.00\" \/>\n<meta property=\"product:price:currency\" content=\"EUR\" \/>\n<meta property=\"og:availability\" content=\"instock\" \/>\n<meta property=\"product:availability\" content=\"instock\" \/>\n<meta property=\"product:retailer_item_id\" content=\"33962\" \/>\n<meta property=\"product:condition\" content=\"new\" \/>\n<!-- \/ Yoast SEO Premium plugin. -->","yoast_head_json":{"title":"K\u00dcKEN VINTAGE ORANGE JUICER WITH ARM 160W - K\u00fcken","description":"Exclusive vintage k\u00fcken orange juicer. Give your kitchen an elegant touch with this vintage green juicer. Discover it now.","robots":{"index":"index","follow":"follow","max-snippet":"max-snippet:-1","max-image-preview":"max-image-preview:large","max-video-preview":"max-video-preview:-1"},"canonical":"https:\/\/kuken.es\/en\/product-2\/vintage-kuken-orange-squeezer-with-arm-160w\/","og_locale":"en_GB","og_type":"article","og_title":"EXPRIMIDOR NARANJAS VINTAGE K\u00dcKEN CON BRAZO 160W","og_description":"Exclusivo exprimidor de naranjas vintage k\u00fcken. Dale a tu cocina un toque elegante con este exprimidor de color verde vintage. Desc\u00fabrelo ahora.","og_url":"https:\/\/kuken.es\/en\/product-2\/vintage-kuken-orange-squeezer-with-arm-160w\/","og_site_name":"K\u00fcken","article_publisher":"https:\/\/es-es.facebook.com\/alfadyser\/","article_modified_time":"2025-06-02T04:52:15+00:00","og_image":[{"width":2000,"height":2000,"url":"https:\/\/kuken.es\/wp-content\/uploads\/productos\/8425160339623_01.jpg","type":"image\/jpeg"}],"twitter_card":"summary_large_image","twitter_misc":{"Price":"","Availability":"In stock"},"schema":{"@context":"https:\/\/schema.org","@graph":[{"@type":"WebPage","@id":"https:\/\/kuken.es\/producto\/exprimidor-naranjas-vintage-kuken-con-brazo-160w\/","url":"https:\/\/kuken.es\/producto\/exprimidor-naranjas-vintage-kuken-con-brazo-160w\/","name":"K\u00dcKEN VINTAGE ORANGE JUICER WITH ARM 160W - K\u00fcken","isPartOf":{"@id":"https:\/\/kuken.es\/#website"},"primaryImageOfPage":{"@id":"https:\/\/kuken.es\/producto\/exprimidor-naranjas-vintage-kuken-con-brazo-160w\/#primaryimage"},"image":{"@id":"https:\/\/kuken.es\/producto\/exprimidor-naranjas-vintage-kuken-con-brazo-160w\/#primaryimage"},"thumbnailUrl":"https:\/\/kuken.es\/wp-content\/uploads\/productos\/8425160339623_01.jpg","datePublished":"2020-10-27T12:42:10+00:00","dateModified":"2025-06-02T04:52:15+00:00","description":"Exclusive vintage k\u00fcken orange juicer. Give your kitchen an elegant touch with this vintage green juicer. Discover it now.","breadcrumb":{"@id":"https:\/\/kuken.es\/producto\/exprimidor-naranjas-vintage-kuken-con-brazo-160w\/#breadcrumb"},"inLanguage":"en-GB","potentialAction":[{"@type":"ReadAction","target":["https:\/\/kuken.es\/producto\/exprimidor-naranjas-vintage-kuken-con-brazo-160w\/"]}]},{"@type":"ImageObject","inLanguage":"en-GB","@id":"https:\/\/kuken.es\/producto\/exprimidor-naranjas-vintage-kuken-con-brazo-160w\/#primaryimage","url":"https:\/\/kuken.es\/wp-content\/uploads\/productos\/8425160339623_01.jpg","contentUrl":"https:\/\/kuken.es\/wp-content\/uploads\/productos\/8425160339623_01.jpg","width":2000,"height":2000,"caption":"Exprimidor de naranjas vintage k\u00fcken"},{"@type":"BreadcrumbList","@id":"https:\/\/kuken.es\/producto\/exprimidor-naranjas-vintage-kuken-con-brazo-160w\/#breadcrumb","itemListElement":[{"@type":"ListItem","position":1,"name":"Portada","item":"https:\/\/kuken.es\/"},{"@type":"ListItem","position":2,"name":"Productos","item":"https:\/\/kuken.es\/productos\/"},{"@type":"ListItem","position":3,"name":"EXPRIMIDOR NARANJAS VINTAGE K\u00dcKEN CON BRAZO 160W"}]},{"@type":"WebSite","@id":"https:\/\/kuken.es\/#website","url":"https:\/\/kuken.es\/","name":"K\u00fcken","description":"Wide range of k\u00fcken small household appliances","publisher":{"@id":"https:\/\/kuken.es\/#organization"},"potentialAction":[{"@type":"SearchAction","target":{"@type":"EntryPoint","urlTemplate":"https:\/\/kuken.es\/?s={search_term_string}"},"query-input":{"@type":"PropertyValueSpecification","valueRequired":true,"valueName":"search_term_string"}}],"inLanguage":"en-GB"},{"@type":"Organization","@id":"https:\/\/kuken.es\/#organization","name":"Alpha Dyser","url":"https:\/\/kuken.es\/","logo":{"@type":"ImageObject","inLanguage":"en-GB","@id":"https:\/\/kuken.es\/#\/schema\/logo\/image\/","url":"https:\/\/kuken.es\/wp-content\/uploads\/2019\/04\/kuken-logo.png","contentUrl":"https:\/\/kuken.es\/wp-content\/uploads\/2019\/04\/kuken-logo.png","width":500,"height":191,"caption":"Alfa Dyser"},"image":{"@id":"https:\/\/kuken.es\/#\/schema\/logo\/image\/"},"sameAs":["https:\/\/es-es.facebook.com\/alfadyser\/","https:\/\/www.instagram.com\/kuken_appliances\/"]}]},"product_price_amount":"0.00","product_price_currency":"EUR","og_availability":"instock","product_availability":"instock","product_retailer_item_id":"33962","product_condition":"new"},"_links":{"self":[{"href":"https:\/\/kuken.es\/en\/wp-json\/wp\/v2\/product\/6160","targetHints":{"allow":["GET"]}}],"collection":[{"href":"https:\/\/kuken.es\/en\/wp-json\/wp\/v2\/product"}],"about":[{"href":"https:\/\/kuken.es\/en\/wp-json\/wp\/v2\/types\/product"}],"wp:featuredmedia":[{"embeddable":true,"href":"https:\/\/kuken.es\/en\/wp-json\/wp\/v2\/media\/5631"}],"wp:attachment":[{"href":"https:\/\/kuken.es\/en\/wp-json\/wp\/v2\/media?parent=6160"}],"wp:term":[{"taxonomy":"product_brand","embeddable":true,"href":"https:\/\/kuken.es\/en\/wp-json\/wp\/v2\/product_brand?post=6160"},{"taxonomy":"product_cat","embeddable":true,"href":"https:\/\/kuken.es\/en\/wp-json\/wp\/v2\/product_cat?post=6160"},{"taxonomy":"product_tag","embeddable":true,"href":"https:\/\/kuken.es\/en\/wp-json\/wp\/v2\/product_tag?post=6160"}],"curies":[{"name":"wp","href":"https:\/\/api.w.org\/{rel}","templated":true}]}}