{"id":3790,"date":"2020-03-02T10:45:11","date_gmt":"2020-03-02T09:45:11","guid":{"rendered":"https:\/\/kuken.es\/producto\/tostadora-1-ranura-grande1000w-red-kuken\/"},"modified":"2025-05-28T12:38:09","modified_gmt":"2025-05-28T10:38:09","slug":"toaster-large-red-1000w-kuken","status":"publish","type":"product","link":"https:\/\/kuken.es\/en\/product-2\/toaster-large-red-1000w-kuken\/","title":{"rendered":"TOASTER LARGE RED 1000W K\u00dcKEN"},"content":{"rendered":"<p>TOASTER LARGE RED 1000W K\u00dcKEN<\/p>\n<ul data-start=\"567\" data-end=\"1369\">\n<li data-start=\"567\" data-end=\"643\">\n<p data-start=\"569\" data-end=\"643\"><strong data-start=\"569\" data-end=\"590\">1000W power<\/strong>: para un <strong data-start=\"600\" data-end=\"640\">tostado r\u00e1pido, uniforme y eficiente<\/strong>.<\/p>\n<\/li>\n<li data-start=\"644\" data-end=\"741\">\n<p data-start=\"646\" data-end=\"741\"><strong data-start=\"646\" data-end=\"688\">Ranura extragrande (251 x 41 x 120 mm)<\/strong>: ideal for <strong data-start=\"701\" data-end=\"738\">rebanadas grandes o pan artesanal<\/strong>.<\/p>\n<\/li>\n<li data-start=\"742\" data-end=\"832\">\n<p data-start=\"744\" data-end=\"832\"><strong data-start=\"744\" data-end=\"780\">Selector giratorio con 6 niveles<\/strong>: ajusta el <strong data-start=\"792\" data-end=\"829\">grado de tostado a tu preferencia<\/strong>.<\/p>\n<\/li>\n<li data-start=\"833\" data-end=\"947\">\n<p data-start=\"835\" data-end=\"947\"><strong data-start=\"835\" data-end=\"865\">Tres funciones autom\u00e1ticas<\/strong>: <strong data-start=\"867\" data-end=\"902\">descongelar, recalentar y parar<\/strong>with <strong data-start=\"908\" data-end=\"944\">botones luminosos independientes<\/strong>.<\/p>\n<\/li>\n<li data-start=\"948\" data-end=\"1033\">\n<p data-start=\"950\" data-end=\"1033\"><strong data-start=\"950\" data-end=\"981\">Automatic bread centring<\/strong>: asegura un <strong data-start=\"994\" data-end=\"1030\">tostado homog\u00e9neo en ambos lados<\/strong>.<\/p>\n<\/li>\n<li data-start=\"1034\" data-end=\"1122\">\n<p data-start=\"1036\" data-end=\"1122\"><strong data-start=\"1036\" data-end=\"1055\">Extra-elevaci\u00f3n<\/strong>: facilita la <strong data-start=\"1069\" data-end=\"1119\">extracci\u00f3n segura de las tostadas sin quemarse<\/strong>.<\/p>\n<\/li>\n<li data-start=\"1123\" data-end=\"1209\">\n<p data-start=\"1125\" data-end=\"1209\"><strong data-start=\"1125\" data-end=\"1158\">Removable crumb tray<\/strong>: permite una <strong data-start=\"1172\" data-end=\"1206\">limpieza r\u00e1pida y sin esfuerzo<\/strong>.<\/p>\n<\/li>\n<li data-start=\"1210\" data-end=\"1285\">\n<p data-start=\"1212\" data-end=\"1285\"><strong data-start=\"1212\" data-end=\"1239\">Laterales de tacto fr\u00edo<\/strong>: protecci\u00f3n contra el calor durante el uso.<\/p>\n<\/li>\n<li data-start=\"1286\" data-end=\"1369\">\n<p data-start=\"1288\" data-end=\"1369\"><strong data-start=\"1288\" data-end=\"1335\">Dise\u00f1o en acero inoxidable con acabado rojo<\/strong>: atractivo, resistente y moderno.<\/p>\n<\/li>\n<\/ul>\n<p><div class=\"accordion\"><div class=\"mfn-acc accordion_wrapper  toggle\"><div class=\"question\"><div class=\"title\"><i class=\"icon-plus acc-icon-plus\" aria-hidden=\"true\"><\/i><i class=\"icon-minus acc-icon-minus\" aria-hidden=\"true\"><\/i>Product data<\/div><div class=\"answer\">EAN 8425160337797<\/p>\n<p>TOASTER LARGE RED 1000W K\u00dcKEN<\/p>\n<p>Package unit 1<br \/>\nColour Red<br \/>\nPackaging Box Colour<br \/>\nPower 1000 W<br \/>\nVoltage 230 V<br \/>\nMaterial Stainless Steel \/ PC<br \/>\nSlices 2<br \/>\nNon-slip feet Yes<br \/>\nDimensions (LxWxH): 365 x 120 x 190 mm<br \/>\nWeight 1.7 kg<\/div><\/div>\n<\/div><\/div>\n<br \/>\n<div class=\"accordion\"><div class=\"mfn-acc accordion_wrapper  toggle\"><div class=\"question\"><div class=\"title\"><i class=\"icon-plus acc-icon-plus\" aria-hidden=\"true\"><\/i><i class=\"icon-minus acc-icon-minus\" aria-hidden=\"true\"><\/i>Accessories<\/div><div class=\"answer\"><\/div><\/div>\n<\/div><\/div>\n<\/p>\n<div class=\"descargas-producto\"><a href=\"\/wp-content\/uploads\/pdf\/8425160337797_ficha_tecnica.pdf\" target=\"_blank\" rel=\"noopener noreferrer\"><br \/>\n<img loading=\"lazy\" decoding=\"async\" src=\"\/wp-content\/uploads\/2019\/12\/picto-descarrega.png\" alt=\"download data sheet\" width=\"23\" height=\"16\" \/>Download sheet<\/a><br \/>\n<a href=\"\/wp-content\/uploads\/pdf\/33779_instruciones.pdf\"><img loading=\"lazy\" decoding=\"async\" src=\"\/wp-content\/uploads\/2019\/12\/picto-descarrega.png\" alt=\"download instruction manual\" width=\"23\" height=\"16\" \/>Download manual<\/a><\/div>\n<div><\/div>\n<div><span style=\"color: #bf2121\">Follow us on social media!<\/span><\/div>\n<div><a href=\"https:\/\/www.instagram.com\/kuken_appliances\/\">https:\/\/www.instagram.com\/kuken_appliances\/<\/a><\/div>\n<p><iframe loading=\"lazy\" title=\"Toasters Red Kuken\" width=\"560\" height=\"315\" src=\"https:\/\/www.youtube.com\/embed\/od0XMYl7GLg?feature=oembed\" frameborder=\"0\" allow=\"accelerometer; autoplay; clipboard-write; encrypted-media; gyroscope; picture-in-picture; web-share\" referrerpolicy=\"strict-origin-when-cross-origin\" allowfullscreen><\/iframe><\/p>","protected":false},"excerpt":{"rendered":"<p data-start=\"368\" data-end=\"529\">Prepara tus tostadas favoritas con estilo y precisi\u00f3n. Esta tostadora ofrece capacidad para rebanadas grandes, m\u00faltiples funciones y un acabado vibrante en rojo.<\/p>","protected":false},"featured_media":3791,"template":"","meta":[],"product_brand":[],"product_cat":[78,82],"product_tag":[],"class_list":{"0":"post-3790","1":"product","2":"type-product","3":"status-publish","4":"has-post-thumbnail","6":"product_cat-red","7":"product_cat-tostadoras-red","9":"first","10":"instock","11":"product-type-simple"},"yoast_head":"<!-- This site is optimized with the Yoast SEO Premium plugin v24.0 (Yoast SEO v26.5) - https:\/\/yoast.com\/wordpress\/plugins\/seo\/ -->\n<title>TOSTADORA GRANDE ROJA 1000W K\u00dcKEN - K\u00fcken<\/title>\n<meta name=\"description\" content=\"Nueva y exclusiva tostadora grande roja k\u00fcken. Prepara deliciosas tostadas cada d\u00eda de manera m\u00e1s r\u00e1pida y f\u00e1cil. Desc\u00fabrela ahora.\" \/>\n<meta name=\"robots\" content=\"index, follow, max-snippet:-1, max-image-preview:large, max-video-preview:-1\" \/>\n<link rel=\"canonical\" href=\"https:\/\/kuken.es\/en\/product-2\/toaster-large-red-1000w-kuken\/\" \/>\n<meta property=\"og:locale\" content=\"en_GB\" \/>\n<meta property=\"og:type\" content=\"article\" \/>\n<meta property=\"og:title\" content=\"TOSTADORA GRANDE ROJA 1000W K\u00dcKEN\" \/>\n<meta property=\"og:description\" content=\"Nueva y exclusiva tostadora grande roja k\u00fcken. Prepara deliciosas tostadas cada d\u00eda de manera m\u00e1s r\u00e1pida y f\u00e1cil. Desc\u00fabrela ahora.\" \/>\n<meta property=\"og:url\" content=\"https:\/\/kuken.es\/en\/product-2\/toaster-large-red-1000w-kuken\/\" \/>\n<meta property=\"og:site_name\" content=\"K\u00fcken\" \/>\n<meta property=\"article:publisher\" content=\"https:\/\/es-es.facebook.com\/alfadyser\/\" \/>\n<meta property=\"article:modified_time\" content=\"2025-05-28T10:38:09+00:00\" \/>\n<meta property=\"og:image\" content=\"https:\/\/kuken.es\/wp-content\/uploads\/2020\/03\/TOSTADORA-1-RANURA-GRANDE1000W-RED-KUKEN.jpg\" \/>\n\t<meta property=\"og:image:width\" content=\"853\" \/>\n\t<meta property=\"og:image:height\" content=\"853\" \/>\n\t<meta property=\"og:image:type\" content=\"image\/jpeg\" \/>\n<meta name=\"twitter:card\" content=\"summary_large_image\" \/>\n<meta name=\"twitter:label1\" content=\"Price\" \/>\n\t<meta name=\"twitter:data1\" content=\"\" \/>\n\t<meta name=\"twitter:label2\" content=\"Availability\" \/>\n\t<meta name=\"twitter:data2\" content=\"In stock\" \/>\n<script type=\"application\/ld+json\" class=\"yoast-schema-graph\">{\"@context\":\"https:\/\/schema.org\",\"@graph\":[{\"@type\":\"WebPage\",\"@id\":\"https:\/\/kuken.es\/producto\/tostadora-grande-roja-1000w-kuken\/\",\"url\":\"https:\/\/kuken.es\/producto\/tostadora-grande-roja-1000w-kuken\/\",\"name\":\"TOSTADORA GRANDE ROJA 1000W K\u00dcKEN - K\u00fcken\",\"isPartOf\":{\"@id\":\"https:\/\/kuken.es\/#website\"},\"primaryImageOfPage\":{\"@id\":\"https:\/\/kuken.es\/producto\/tostadora-grande-roja-1000w-kuken\/#primaryimage\"},\"image\":{\"@id\":\"https:\/\/kuken.es\/producto\/tostadora-grande-roja-1000w-kuken\/#primaryimage\"},\"thumbnailUrl\":\"https:\/\/kuken.es\/wp-content\/uploads\/2020\/03\/TOSTADORA-1-RANURA-GRANDE1000W-RED-KUKEN.jpg\",\"datePublished\":\"2020-03-02T09:45:11+00:00\",\"dateModified\":\"2025-05-28T10:38:09+00:00\",\"description\":\"Nueva y exclusiva tostadora grande roja k\u00fcken. Prepara deliciosas tostadas cada d\u00eda de manera m\u00e1s r\u00e1pida y f\u00e1cil. Desc\u00fabrela ahora.\",\"breadcrumb\":{\"@id\":\"https:\/\/kuken.es\/producto\/tostadora-grande-roja-1000w-kuken\/#breadcrumb\"},\"inLanguage\":\"en-GB\",\"potentialAction\":[{\"@type\":\"ReadAction\",\"target\":[\"https:\/\/kuken.es\/producto\/tostadora-grande-roja-1000w-kuken\/\"]}]},{\"@type\":\"ImageObject\",\"inLanguage\":\"en-GB\",\"@id\":\"https:\/\/kuken.es\/producto\/tostadora-grande-roja-1000w-kuken\/#primaryimage\",\"url\":\"https:\/\/kuken.es\/wp-content\/uploads\/2020\/03\/TOSTADORA-1-RANURA-GRANDE1000W-RED-KUKEN.jpg\",\"contentUrl\":\"https:\/\/kuken.es\/wp-content\/uploads\/2020\/03\/TOSTADORA-1-RANURA-GRANDE1000W-RED-KUKEN.jpg\",\"width\":853,\"height\":853,\"caption\":\"Tostadora el\u00e9ctrica roja k\u00fcken\"},{\"@type\":\"BreadcrumbList\",\"@id\":\"https:\/\/kuken.es\/producto\/tostadora-grande-roja-1000w-kuken\/#breadcrumb\",\"itemListElement\":[{\"@type\":\"ListItem\",\"position\":1,\"name\":\"Portada\",\"item\":\"https:\/\/kuken.es\/\"},{\"@type\":\"ListItem\",\"position\":2,\"name\":\"Productos\",\"item\":\"https:\/\/kuken.es\/productos\/\"},{\"@type\":\"ListItem\",\"position\":3,\"name\":\"TOSTADORA GRANDE ROJA 1000W K\u00dcKEN\"}]},{\"@type\":\"WebSite\",\"@id\":\"https:\/\/kuken.es\/#website\",\"url\":\"https:\/\/kuken.es\/\",\"name\":\"K\u00fcken\",\"description\":\"Amplia gama de peque\u00f1o electrodom\u00e9stico k\u00fcken\",\"publisher\":{\"@id\":\"https:\/\/kuken.es\/#organization\"},\"potentialAction\":[{\"@type\":\"SearchAction\",\"target\":{\"@type\":\"EntryPoint\",\"urlTemplate\":\"https:\/\/kuken.es\/?s={search_term_string}\"},\"query-input\":{\"@type\":\"PropertyValueSpecification\",\"valueRequired\":true,\"valueName\":\"search_term_string\"}}],\"inLanguage\":\"en-GB\"},{\"@type\":\"Organization\",\"@id\":\"https:\/\/kuken.es\/#organization\",\"name\":\"Alfa Dyser\",\"url\":\"https:\/\/kuken.es\/\",\"logo\":{\"@type\":\"ImageObject\",\"inLanguage\":\"en-GB\",\"@id\":\"https:\/\/kuken.es\/#\/schema\/logo\/image\/\",\"url\":\"https:\/\/kuken.es\/wp-content\/uploads\/2019\/04\/kuken-logo.png\",\"contentUrl\":\"https:\/\/kuken.es\/wp-content\/uploads\/2019\/04\/kuken-logo.png\",\"width\":500,\"height\":191,\"caption\":\"Alfa Dyser\"},\"image\":{\"@id\":\"https:\/\/kuken.es\/#\/schema\/logo\/image\/\"},\"sameAs\":[\"https:\/\/es-es.facebook.com\/alfadyser\/\",\"https:\/\/www.instagram.com\/kuken_appliances\/\"]}]}<\/script>\n<meta property=\"product:price:amount\" content=\"0.00\" \/>\n<meta property=\"product:price:currency\" content=\"EUR\" \/>\n<meta property=\"og:availability\" content=\"instock\" \/>\n<meta property=\"product:availability\" content=\"instock\" \/>\n<meta property=\"product:retailer_item_id\" content=\"33779\" \/>\n<meta property=\"product:condition\" content=\"new\" \/>\n<!-- \/ Yoast SEO Premium plugin. -->","yoast_head_json":{"title":"K\u00dcKEN BIG RED 1000W TOASTER - K\u00fcken","description":"New and exclusive large red k\u00fcken toaster. Prepare delicious toast every day in a faster and easier way. Discover it now.","robots":{"index":"index","follow":"follow","max-snippet":"max-snippet:-1","max-image-preview":"max-image-preview:large","max-video-preview":"max-video-preview:-1"},"canonical":"https:\/\/kuken.es\/en\/product-2\/toaster-large-red-1000w-kuken\/","og_locale":"en_GB","og_type":"article","og_title":"TOSTADORA GRANDE ROJA 1000W K\u00dcKEN","og_description":"Nueva y exclusiva tostadora grande roja k\u00fcken. Prepara deliciosas tostadas cada d\u00eda de manera m\u00e1s r\u00e1pida y f\u00e1cil. Desc\u00fabrela ahora.","og_url":"https:\/\/kuken.es\/en\/product-2\/toaster-large-red-1000w-kuken\/","og_site_name":"K\u00fcken","article_publisher":"https:\/\/es-es.facebook.com\/alfadyser\/","article_modified_time":"2025-05-28T10:38:09+00:00","og_image":[{"width":853,"height":853,"url":"https:\/\/kuken.es\/wp-content\/uploads\/2020\/03\/TOSTADORA-1-RANURA-GRANDE1000W-RED-KUKEN.jpg","type":"image\/jpeg"}],"twitter_card":"summary_large_image","twitter_misc":{"Price":"","Availability":"In stock"},"schema":{"@context":"https:\/\/schema.org","@graph":[{"@type":"WebPage","@id":"https:\/\/kuken.es\/producto\/tostadora-grande-roja-1000w-kuken\/","url":"https:\/\/kuken.es\/producto\/tostadora-grande-roja-1000w-kuken\/","name":"K\u00dcKEN BIG RED 1000W TOASTER - K\u00fcken","isPartOf":{"@id":"https:\/\/kuken.es\/#website"},"primaryImageOfPage":{"@id":"https:\/\/kuken.es\/producto\/tostadora-grande-roja-1000w-kuken\/#primaryimage"},"image":{"@id":"https:\/\/kuken.es\/producto\/tostadora-grande-roja-1000w-kuken\/#primaryimage"},"thumbnailUrl":"https:\/\/kuken.es\/wp-content\/uploads\/2020\/03\/TOSTADORA-1-RANURA-GRANDE1000W-RED-KUKEN.jpg","datePublished":"2020-03-02T09:45:11+00:00","dateModified":"2025-05-28T10:38:09+00:00","description":"New and exclusive large red k\u00fcken toaster. Prepare delicious toast every day in a faster and easier way. Discover it now.","breadcrumb":{"@id":"https:\/\/kuken.es\/producto\/tostadora-grande-roja-1000w-kuken\/#breadcrumb"},"inLanguage":"en-GB","potentialAction":[{"@type":"ReadAction","target":["https:\/\/kuken.es\/producto\/tostadora-grande-roja-1000w-kuken\/"]}]},{"@type":"ImageObject","inLanguage":"en-GB","@id":"https:\/\/kuken.es\/producto\/tostadora-grande-roja-1000w-kuken\/#primaryimage","url":"https:\/\/kuken.es\/wp-content\/uploads\/2020\/03\/TOSTADORA-1-RANURA-GRANDE1000W-RED-KUKEN.jpg","contentUrl":"https:\/\/kuken.es\/wp-content\/uploads\/2020\/03\/TOSTADORA-1-RANURA-GRANDE1000W-RED-KUKEN.jpg","width":853,"height":853,"caption":"Tostadora el\u00e9ctrica roja k\u00fcken"},{"@type":"BreadcrumbList","@id":"https:\/\/kuken.es\/producto\/tostadora-grande-roja-1000w-kuken\/#breadcrumb","itemListElement":[{"@type":"ListItem","position":1,"name":"Portada","item":"https:\/\/kuken.es\/"},{"@type":"ListItem","position":2,"name":"Productos","item":"https:\/\/kuken.es\/productos\/"},{"@type":"ListItem","position":3,"name":"TOSTADORA GRANDE ROJA 1000W K\u00dcKEN"}]},{"@type":"WebSite","@id":"https:\/\/kuken.es\/#website","url":"https:\/\/kuken.es\/","name":"K\u00fcken","description":"Wide range of k\u00fcken small household appliances","publisher":{"@id":"https:\/\/kuken.es\/#organization"},"potentialAction":[{"@type":"SearchAction","target":{"@type":"EntryPoint","urlTemplate":"https:\/\/kuken.es\/?s={search_term_string}"},"query-input":{"@type":"PropertyValueSpecification","valueRequired":true,"valueName":"search_term_string"}}],"inLanguage":"en-GB"},{"@type":"Organization","@id":"https:\/\/kuken.es\/#organization","name":"Alpha Dyser","url":"https:\/\/kuken.es\/","logo":{"@type":"ImageObject","inLanguage":"en-GB","@id":"https:\/\/kuken.es\/#\/schema\/logo\/image\/","url":"https:\/\/kuken.es\/wp-content\/uploads\/2019\/04\/kuken-logo.png","contentUrl":"https:\/\/kuken.es\/wp-content\/uploads\/2019\/04\/kuken-logo.png","width":500,"height":191,"caption":"Alfa Dyser"},"image":{"@id":"https:\/\/kuken.es\/#\/schema\/logo\/image\/"},"sameAs":["https:\/\/es-es.facebook.com\/alfadyser\/","https:\/\/www.instagram.com\/kuken_appliances\/"]}]},"product_price_amount":"0.00","product_price_currency":"EUR","og_availability":"instock","product_availability":"instock","product_retailer_item_id":"33779","product_condition":"new"},"_links":{"self":[{"href":"https:\/\/kuken.es\/en\/wp-json\/wp\/v2\/product\/3790","targetHints":{"allow":["GET"]}}],"collection":[{"href":"https:\/\/kuken.es\/en\/wp-json\/wp\/v2\/product"}],"about":[{"href":"https:\/\/kuken.es\/en\/wp-json\/wp\/v2\/types\/product"}],"wp:featuredmedia":[{"embeddable":true,"href":"https:\/\/kuken.es\/en\/wp-json\/wp\/v2\/media\/3791"}],"wp:attachment":[{"href":"https:\/\/kuken.es\/en\/wp-json\/wp\/v2\/media?parent=3790"}],"wp:term":[{"taxonomy":"product_brand","embeddable":true,"href":"https:\/\/kuken.es\/en\/wp-json\/wp\/v2\/product_brand?post=3790"},{"taxonomy":"product_cat","embeddable":true,"href":"https:\/\/kuken.es\/en\/wp-json\/wp\/v2\/product_cat?post=3790"},{"taxonomy":"product_tag","embeddable":true,"href":"https:\/\/kuken.es\/en\/wp-json\/wp\/v2\/product_tag?post=3790"}],"curies":[{"name":"wp","href":"https:\/\/api.w.org\/{rel}","templated":true}]}}