{"id":3524,"date":"2020-03-02T10:27:24","date_gmt":"2020-03-02T09:27:24","guid":{"rendered":"https:\/\/kuken.es\/producto\/bascula-bano-digital-cristal-templado-180kg-kuken\/"},"modified":"2025-05-30T11:53:11","modified_gmt":"2025-05-30T09:53:11","slug":"digital-digital-crystal-bench-scale-180kg-kuken","status":"publish","type":"product","link":"https:\/\/kuken.es\/en\/product-2\/digital-digital-crystal-bench-scale-180kg-kuken\/","title":{"rendered":"K\u00dcKEN DIGITAL GLASS BATHROOM SCALES 180KG"},"content":{"rendered":"<p>K\u00dcKEN DIGITAL GLASS BATHROOM SCALES 180KG<\/p>\n<ul data-start=\"680\" data-end=\"1302\">\n<li class=\"\" data-start=\"680\" data-end=\"755\">\n<p class=\"\" data-start=\"682\" data-end=\"755\">Dise\u00f1o ultrafino de 20 mm, ideal para ba\u00f1os modernos y funcionales.<\/p>\n<\/li>\n<li class=\"\" data-start=\"756\" data-end=\"812\">\n<p class=\"\" data-start=\"758\" data-end=\"812\">Base de cristal templado, resistente y elegante.<\/p>\n<\/li>\n<li class=\"\" data-start=\"813\" data-end=\"866\">\n<p class=\"\" data-start=\"815\" data-end=\"866\">Plataforma de 300 x 300 mm, c\u00f3moda y estable.<\/p>\n<\/li>\n<li class=\"\" data-start=\"867\" data-end=\"937\">\n<p class=\"\" data-start=\"869\" data-end=\"937\">Encendido autom\u00e1tico al subir, sin botones ni configuraciones.<\/p>\n<\/li>\n<li class=\"\" data-start=\"938\" data-end=\"999\">\n<p class=\"\" data-start=\"940\" data-end=\"999\">Display LCD de 75 x 30 mm, con d\u00edgitos bien visibles.<\/p>\n<\/li>\n<li class=\"\" data-start=\"1000\" data-end=\"1069\">\n<p class=\"\" data-start=\"1002\" data-end=\"1069\">Cuatro sensores de alta precisi\u00f3n para mediciones confiables.<\/p>\n<\/li>\n<li class=\"\" data-start=\"1070\" data-end=\"1137\">\n<p class=\"\" data-start=\"1072\" data-end=\"1137\">Interruptor UNIT para seleccionar entre kg, lb o st:lb.<\/p>\n<\/li>\n<li class=\"\" data-start=\"1138\" data-end=\"1175\">\n<p class=\"\" data-start=\"1140\" data-end=\"1175\">Soporta hasta 180\u202fkg de peso.<\/p>\n<\/li>\n<li class=\"\" data-start=\"1176\" data-end=\"1239\">\n<p class=\"\" data-start=\"1178\" data-end=\"1239\">Patas de goma antideslizantes, mayor seguridad al usar.<\/p>\n<\/li>\n<li class=\"\" data-start=\"1240\" data-end=\"1302\">\n<p class=\"\" data-start=\"1242\" data-end=\"1302\">Funciona con 1 pila 3V CR2032 (incluida), uso inmediato.<\/p>\n<\/li>\n<\/ul>\n<p><div class=\"accordion\"><div class=\"mfn-acc accordion_wrapper  toggle\"><div class=\"question\"><div class=\"title\"><i class=\"icon-plus acc-icon-plus\" aria-hidden=\"true\"><\/i><i class=\"icon-minus acc-icon-minus\" aria-hidden=\"true\"><\/i>Product data<\/div><div class=\"answer\">EAN 8425160337049<\/p>\n<p>K\u00dcKEN DIGITAL GLASS BATHROOM SCALES 180KG<\/p>\n<p>Package unit 1<br \/>\nColour Transparent<br \/>\nPackaging Box Colour<br \/>\nDimensions 300mm (length), 300mm (width), 20mm (height)<br \/>\nMaterial Tempered glass.<br \/>\nNon-slip feet Yes<br \/>\nWeight 1.5 kg.<br \/>\nPowered by 1 x 3V CR2032 battery (included).<\/div><\/div>\n<\/div><\/div>\n<br \/>\n<div class=\"accordion\"><div class=\"mfn-acc accordion_wrapper  toggle\"><div class=\"question\"><div class=\"title\"><i class=\"icon-plus acc-icon-plus\" aria-hidden=\"true\"><\/i><i class=\"icon-minus acc-icon-minus\" aria-hidden=\"true\"><\/i>Accessories<\/div><div class=\"answer\"><\/div><\/div>\n<\/div><\/div>\n<\/p>\n<div class=\"descargas-producto\"><a href=\"\/wp-content\/uploads\/pdf\/8425160337049_ficha_tecnica.pdf\" target=\"_blank\" rel=\"noopener noreferrer\"><br \/>\n<img loading=\"lazy\" decoding=\"async\" src=\"\/wp-content\/uploads\/2019\/12\/picto-descarrega.png\" alt=\"download data sheet\" width=\"23\" height=\"16\" \/>Download sheet<\/a><a href=\"https:\/\/kuken.es\/wp-content\/uploads\/33704_instrucciones.pdf\" target=\"_blank\" rel=\"noopener noreferrer\"><br \/>\n<img loading=\"lazy\" decoding=\"async\" src=\"\/wp-content\/uploads\/2019\/12\/picto-descarrega.png\" alt=\"download instruction manual\" width=\"23\" height=\"16\" \/>Download manual<\/a><\/div>\n<div><\/div>\n<div><span style=\"color: #bf2121\">Follow us on social media!<\/span><\/div>\n<div><a href=\"https:\/\/www.instagram.com\/kuken_appliances\/\">https:\/\/www.instagram.com\/kuken_appliances\/<\/a><\/div>\n<p><iframe loading=\"lazy\" title=\"B\u00e1scula ba\u00f1o digital cristal templado 180kg K\u00fcken\" width=\"560\" height=\"315\" src=\"https:\/\/www.youtube.com\/embed\/2l7JXK8GJWQ?feature=oembed\" frameborder=\"0\" allow=\"accelerometer; autoplay; clipboard-write; encrypted-media; gyroscope; picture-in-picture; web-share\" referrerpolicy=\"strict-origin-when-cross-origin\" allowfullscreen><\/iframe><\/p>","protected":false},"excerpt":{"rendered":"<p class=\"\" data-start=\"459\" data-end=\"603\">Estilo y precisi\u00f3n en una sola pieza. Dise\u00f1o ultrafino, cristal templado, pantalla amplia y sensores fiables. Lista para usar con pila incluida.<\/p>","protected":false},"featured_media":3525,"template":"","meta":[],"product_brand":[],"product_cat":[63,38],"product_tag":[],"class_list":{"0":"post-3524","1":"product","2":"type-product","3":"status-publish","4":"has-post-thumbnail","6":"product_cat-basculas-bano-premium","7":"product_cat-premium","9":"first","10":"instock","11":"product-type-simple"},"yoast_head":"<!-- This site is optimized with the Yoast SEO Premium plugin v24.0 (Yoast SEO v26.5) - https:\/\/yoast.com\/wordpress\/plugins\/seo\/ -->\n<title>B\u00c1SCULA DE BA\u00d1O DIGITAL CRISTAL 180KG K\u00dcKEN - K\u00fcken<\/title>\n<meta name=\"description\" content=\"Exclusiva b\u00e1scula de ba\u00f1o digital k\u00fcken de cristal templado. Lleva el control de tu peso de manera r\u00e1pida y f\u00e1cil. Desc\u00fabrela ahora.\" \/>\n<meta name=\"robots\" content=\"index, follow, max-snippet:-1, max-image-preview:large, max-video-preview:-1\" \/>\n<link rel=\"canonical\" href=\"https:\/\/kuken.es\/en\/product-2\/digital-digital-crystal-bench-scale-180kg-kuken\/\" \/>\n<meta property=\"og:locale\" content=\"en_GB\" \/>\n<meta property=\"og:type\" content=\"article\" \/>\n<meta property=\"og:title\" content=\"B\u00c1SCULA DE BA\u00d1O DIGITAL CRISTAL 180KG K\u00dcKEN\" \/>\n<meta property=\"og:description\" content=\"Exclusiva b\u00e1scula de ba\u00f1o digital k\u00fcken de cristal templado. Lleva el control de tu peso de manera r\u00e1pida y f\u00e1cil. Desc\u00fabrela ahora.\" \/>\n<meta property=\"og:url\" content=\"https:\/\/kuken.es\/en\/product-2\/digital-digital-crystal-bench-scale-180kg-kuken\/\" \/>\n<meta property=\"og:site_name\" content=\"K\u00fcken\" \/>\n<meta property=\"article:publisher\" content=\"https:\/\/es-es.facebook.com\/alfadyser\/\" \/>\n<meta property=\"article:modified_time\" content=\"2025-05-30T09:53:11+00:00\" \/>\n<meta property=\"og:image\" content=\"https:\/\/kuken.es\/wp-content\/uploads\/2020\/03\/B\u00c1SCULA-BA\u00d1O-DIGITAL-CRISTAL-TEMPLADO-180KG-KUKEN.jpg\" \/>\n\t<meta property=\"og:image:width\" content=\"853\" \/>\n\t<meta property=\"og:image:height\" content=\"853\" \/>\n\t<meta property=\"og:image:type\" content=\"image\/jpeg\" \/>\n<meta name=\"twitter:card\" content=\"summary_large_image\" \/>\n<meta name=\"twitter:label1\" content=\"Price\" \/>\n\t<meta name=\"twitter:data1\" content=\"\" \/>\n\t<meta name=\"twitter:label2\" content=\"Availability\" \/>\n\t<meta name=\"twitter:data2\" content=\"In stock\" \/>\n<script type=\"application\/ld+json\" class=\"yoast-schema-graph\">{\"@context\":\"https:\/\/schema.org\",\"@graph\":[{\"@type\":\"WebPage\",\"@id\":\"https:\/\/kuken.es\/producto\/bascula-de-bano-digital-cristal-180kg-kuken\/\",\"url\":\"https:\/\/kuken.es\/producto\/bascula-de-bano-digital-cristal-180kg-kuken\/\",\"name\":\"B\u00c1SCULA DE BA\u00d1O DIGITAL CRISTAL 180KG K\u00dcKEN - K\u00fcken\",\"isPartOf\":{\"@id\":\"https:\/\/kuken.es\/#website\"},\"primaryImageOfPage\":{\"@id\":\"https:\/\/kuken.es\/producto\/bascula-de-bano-digital-cristal-180kg-kuken\/#primaryimage\"},\"image\":{\"@id\":\"https:\/\/kuken.es\/producto\/bascula-de-bano-digital-cristal-180kg-kuken\/#primaryimage\"},\"thumbnailUrl\":\"https:\/\/kuken.es\/wp-content\/uploads\/2020\/03\/B\u00c1SCULA-BA\u00d1O-DIGITAL-CRISTAL-TEMPLADO-180KG-KUKEN.jpg\",\"datePublished\":\"2020-03-02T09:27:24+00:00\",\"dateModified\":\"2025-05-30T09:53:11+00:00\",\"description\":\"Exclusiva b\u00e1scula de ba\u00f1o digital k\u00fcken de cristal templado. Lleva el control de tu peso de manera r\u00e1pida y f\u00e1cil. Desc\u00fabrela ahora.\",\"breadcrumb\":{\"@id\":\"https:\/\/kuken.es\/producto\/bascula-de-bano-digital-cristal-180kg-kuken\/#breadcrumb\"},\"inLanguage\":\"en-GB\",\"potentialAction\":[{\"@type\":\"ReadAction\",\"target\":[\"https:\/\/kuken.es\/producto\/bascula-de-bano-digital-cristal-180kg-kuken\/\"]}]},{\"@type\":\"ImageObject\",\"inLanguage\":\"en-GB\",\"@id\":\"https:\/\/kuken.es\/producto\/bascula-de-bano-digital-cristal-180kg-kuken\/#primaryimage\",\"url\":\"https:\/\/kuken.es\/wp-content\/uploads\/2020\/03\/B\u00c1SCULA-BA\u00d1O-DIGITAL-CRISTAL-TEMPLADO-180KG-KUKEN.jpg\",\"contentUrl\":\"https:\/\/kuken.es\/wp-content\/uploads\/2020\/03\/B\u00c1SCULA-BA\u00d1O-DIGITAL-CRISTAL-TEMPLADO-180KG-KUKEN.jpg\",\"width\":853,\"height\":853,\"caption\":\"B\u00e1scula de ba\u00f1o digital k\u00fcken de cristal templado\"},{\"@type\":\"BreadcrumbList\",\"@id\":\"https:\/\/kuken.es\/producto\/bascula-de-bano-digital-cristal-180kg-kuken\/#breadcrumb\",\"itemListElement\":[{\"@type\":\"ListItem\",\"position\":1,\"name\":\"Portada\",\"item\":\"https:\/\/kuken.es\/\"},{\"@type\":\"ListItem\",\"position\":2,\"name\":\"Productos\",\"item\":\"https:\/\/kuken.es\/productos\/\"},{\"@type\":\"ListItem\",\"position\":3,\"name\":\"B\u00c1SCULA DE BA\u00d1O DIGITAL CRISTAL 180KG K\u00dcKEN\"}]},{\"@type\":\"WebSite\",\"@id\":\"https:\/\/kuken.es\/#website\",\"url\":\"https:\/\/kuken.es\/\",\"name\":\"K\u00fcken\",\"description\":\"Amplia gama de peque\u00f1o electrodom\u00e9stico k\u00fcken\",\"publisher\":{\"@id\":\"https:\/\/kuken.es\/#organization\"},\"potentialAction\":[{\"@type\":\"SearchAction\",\"target\":{\"@type\":\"EntryPoint\",\"urlTemplate\":\"https:\/\/kuken.es\/?s={search_term_string}\"},\"query-input\":{\"@type\":\"PropertyValueSpecification\",\"valueRequired\":true,\"valueName\":\"search_term_string\"}}],\"inLanguage\":\"en-GB\"},{\"@type\":\"Organization\",\"@id\":\"https:\/\/kuken.es\/#organization\",\"name\":\"Alfa Dyser\",\"url\":\"https:\/\/kuken.es\/\",\"logo\":{\"@type\":\"ImageObject\",\"inLanguage\":\"en-GB\",\"@id\":\"https:\/\/kuken.es\/#\/schema\/logo\/image\/\",\"url\":\"https:\/\/kuken.es\/wp-content\/uploads\/2019\/04\/kuken-logo.png\",\"contentUrl\":\"https:\/\/kuken.es\/wp-content\/uploads\/2019\/04\/kuken-logo.png\",\"width\":500,\"height\":191,\"caption\":\"Alfa Dyser\"},\"image\":{\"@id\":\"https:\/\/kuken.es\/#\/schema\/logo\/image\/\"},\"sameAs\":[\"https:\/\/es-es.facebook.com\/alfadyser\/\",\"https:\/\/www.instagram.com\/kuken_appliances\/\"]}]}<\/script>\n<meta property=\"product:price:amount\" content=\"0.00\" \/>\n<meta property=\"product:price:currency\" content=\"EUR\" \/>\n<meta property=\"og:availability\" content=\"instock\" \/>\n<meta property=\"product:availability\" content=\"instock\" \/>\n<meta property=\"product:retailer_item_id\" content=\"33704\" \/>\n<meta property=\"product:condition\" content=\"new\" \/>\n<!-- \/ Yoast SEO Premium plugin. -->","yoast_head_json":{"title":"CRYSTAL DIGITAL BATHROOM SCALE 180KG K\u00dcKEN - K\u00fcken","description":"Exclusive k\u00fcken digital bathroom scales made of tempered glass. Keep track of your weight quickly and easily. Discover it now.","robots":{"index":"index","follow":"follow","max-snippet":"max-snippet:-1","max-image-preview":"max-image-preview:large","max-video-preview":"max-video-preview:-1"},"canonical":"https:\/\/kuken.es\/en\/product-2\/digital-digital-crystal-bench-scale-180kg-kuken\/","og_locale":"en_GB","og_type":"article","og_title":"B\u00c1SCULA DE BA\u00d1O DIGITAL CRISTAL 180KG K\u00dcKEN","og_description":"Exclusiva b\u00e1scula de ba\u00f1o digital k\u00fcken de cristal templado. Lleva el control de tu peso de manera r\u00e1pida y f\u00e1cil. Desc\u00fabrela ahora.","og_url":"https:\/\/kuken.es\/en\/product-2\/digital-digital-crystal-bench-scale-180kg-kuken\/","og_site_name":"K\u00fcken","article_publisher":"https:\/\/es-es.facebook.com\/alfadyser\/","article_modified_time":"2025-05-30T09:53:11+00:00","og_image":[{"width":853,"height":853,"url":"https:\/\/kuken.es\/wp-content\/uploads\/2020\/03\/B\u00c1SCULA-BA\u00d1O-DIGITAL-CRISTAL-TEMPLADO-180KG-KUKEN.jpg","type":"image\/jpeg"}],"twitter_card":"summary_large_image","twitter_misc":{"Price":"","Availability":"In stock"},"schema":{"@context":"https:\/\/schema.org","@graph":[{"@type":"WebPage","@id":"https:\/\/kuken.es\/producto\/bascula-de-bano-digital-cristal-180kg-kuken\/","url":"https:\/\/kuken.es\/producto\/bascula-de-bano-digital-cristal-180kg-kuken\/","name":"CRYSTAL DIGITAL BATHROOM SCALE 180KG K\u00dcKEN - K\u00fcken","isPartOf":{"@id":"https:\/\/kuken.es\/#website"},"primaryImageOfPage":{"@id":"https:\/\/kuken.es\/producto\/bascula-de-bano-digital-cristal-180kg-kuken\/#primaryimage"},"image":{"@id":"https:\/\/kuken.es\/producto\/bascula-de-bano-digital-cristal-180kg-kuken\/#primaryimage"},"thumbnailUrl":"https:\/\/kuken.es\/wp-content\/uploads\/2020\/03\/B\u00c1SCULA-BA\u00d1O-DIGITAL-CRISTAL-TEMPLADO-180KG-KUKEN.jpg","datePublished":"2020-03-02T09:27:24+00:00","dateModified":"2025-05-30T09:53:11+00:00","description":"Exclusive k\u00fcken digital bathroom scales made of tempered glass. Keep track of your weight quickly and easily. Discover it now.","breadcrumb":{"@id":"https:\/\/kuken.es\/producto\/bascula-de-bano-digital-cristal-180kg-kuken\/#breadcrumb"},"inLanguage":"en-GB","potentialAction":[{"@type":"ReadAction","target":["https:\/\/kuken.es\/producto\/bascula-de-bano-digital-cristal-180kg-kuken\/"]}]},{"@type":"ImageObject","inLanguage":"en-GB","@id":"https:\/\/kuken.es\/producto\/bascula-de-bano-digital-cristal-180kg-kuken\/#primaryimage","url":"https:\/\/kuken.es\/wp-content\/uploads\/2020\/03\/B\u00c1SCULA-BA\u00d1O-DIGITAL-CRISTAL-TEMPLADO-180KG-KUKEN.jpg","contentUrl":"https:\/\/kuken.es\/wp-content\/uploads\/2020\/03\/B\u00c1SCULA-BA\u00d1O-DIGITAL-CRISTAL-TEMPLADO-180KG-KUKEN.jpg","width":853,"height":853,"caption":"B\u00e1scula de ba\u00f1o digital k\u00fcken de cristal templado"},{"@type":"BreadcrumbList","@id":"https:\/\/kuken.es\/producto\/bascula-de-bano-digital-cristal-180kg-kuken\/#breadcrumb","itemListElement":[{"@type":"ListItem","position":1,"name":"Portada","item":"https:\/\/kuken.es\/"},{"@type":"ListItem","position":2,"name":"Productos","item":"https:\/\/kuken.es\/productos\/"},{"@type":"ListItem","position":3,"name":"B\u00c1SCULA DE BA\u00d1O DIGITAL CRISTAL 180KG K\u00dcKEN"}]},{"@type":"WebSite","@id":"https:\/\/kuken.es\/#website","url":"https:\/\/kuken.es\/","name":"K\u00fcken","description":"Wide range of k\u00fcken small household appliances","publisher":{"@id":"https:\/\/kuken.es\/#organization"},"potentialAction":[{"@type":"SearchAction","target":{"@type":"EntryPoint","urlTemplate":"https:\/\/kuken.es\/?s={search_term_string}"},"query-input":{"@type":"PropertyValueSpecification","valueRequired":true,"valueName":"search_term_string"}}],"inLanguage":"en-GB"},{"@type":"Organization","@id":"https:\/\/kuken.es\/#organization","name":"Alpha Dyser","url":"https:\/\/kuken.es\/","logo":{"@type":"ImageObject","inLanguage":"en-GB","@id":"https:\/\/kuken.es\/#\/schema\/logo\/image\/","url":"https:\/\/kuken.es\/wp-content\/uploads\/2019\/04\/kuken-logo.png","contentUrl":"https:\/\/kuken.es\/wp-content\/uploads\/2019\/04\/kuken-logo.png","width":500,"height":191,"caption":"Alfa Dyser"},"image":{"@id":"https:\/\/kuken.es\/#\/schema\/logo\/image\/"},"sameAs":["https:\/\/es-es.facebook.com\/alfadyser\/","https:\/\/www.instagram.com\/kuken_appliances\/"]}]},"product_price_amount":"0.00","product_price_currency":"EUR","og_availability":"instock","product_availability":"instock","product_retailer_item_id":"33704","product_condition":"new"},"_links":{"self":[{"href":"https:\/\/kuken.es\/en\/wp-json\/wp\/v2\/product\/3524","targetHints":{"allow":["GET"]}}],"collection":[{"href":"https:\/\/kuken.es\/en\/wp-json\/wp\/v2\/product"}],"about":[{"href":"https:\/\/kuken.es\/en\/wp-json\/wp\/v2\/types\/product"}],"wp:featuredmedia":[{"embeddable":true,"href":"https:\/\/kuken.es\/en\/wp-json\/wp\/v2\/media\/3525"}],"wp:attachment":[{"href":"https:\/\/kuken.es\/en\/wp-json\/wp\/v2\/media?parent=3524"}],"wp:term":[{"taxonomy":"product_brand","embeddable":true,"href":"https:\/\/kuken.es\/en\/wp-json\/wp\/v2\/product_brand?post=3524"},{"taxonomy":"product_cat","embeddable":true,"href":"https:\/\/kuken.es\/en\/wp-json\/wp\/v2\/product_cat?post=3524"},{"taxonomy":"product_tag","embeddable":true,"href":"https:\/\/kuken.es\/en\/wp-json\/wp\/v2\/product_tag?post=3524"}],"curies":[{"name":"wp","href":"https:\/\/api.w.org\/{rel}","templated":true}]}}