{"id":12371,"date":"2025-06-02T07:24:31","date_gmt":"2025-06-02T05:24:31","guid":{"rendered":"https:\/\/kuken.es\/?post_type=product&#038;p=12371"},"modified":"2026-02-05T07:37:51","modified_gmt":"2026-02-05T06:37:51","slug":"afeitadora-barba-kuken-ipx7-cabezal-rotativo","status":"publish","type":"product","link":"https:\/\/kuken.es\/en\/product-2\/afeitadora-barba-kuken-ipx7-cabezal-rotativo\/","title":{"rendered":"AFEITADORA BARBA KUKEN IPX7 CABEZAL ROTATIVO"},"content":{"rendered":"<p>Afeitadora Barba Kuken IPX7 Cabezal Rotativo<\/p>\n<div class=\"product-info__description\">\n<div class=\"product attribute\">\n<div class=\"data\">\n<p>Afeitadora el\u00e9ctrica con cabezal rotativo de 360 grados para barba.<br \/>\nEquipada con bater\u00eda de litio recargable.<br \/>\nNivel de protecci\u00f3n IPX7 resistente al agua para uso seguro en h\u00famedo o seco.<br \/>\nPantalla digital LED con indicador de carga y funciones inteligentes.<br \/>\nAutonom\u00eda de hasta 120 minutos con una sola carga.<br \/>\nTecnolog\u00eda de corte flotante que se adapta al contorno del rostro para un afeitado preciso.<br \/>\nTiempo de carga r\u00e1pida de 1.5 horas mediante conexi\u00f3n USB.<br \/>\nIdeal para uso personal o profesional.<\/p>\n<\/div>\n<\/div>\n<\/div>\n<p><div class=\"accordion\"><div class=\"mfn-acc accordion_wrapper  toggle\"><div class=\"question\"><div class=\"title\"><i class=\"icon-plus acc-icon-plus\" aria-hidden=\"true\"><\/i><i class=\"icon-minus acc-icon-minus\" aria-hidden=\"true\"><\/i>Product data<\/div><div class=\"answer\">EAN 8425160345334<\/p>\n<p>Afeitadora Barba Kuken IPX7 Cabezal Rotativo<\/p>\n<p>Package unit 1<br \/>\nColour Black<br \/>\nPackaging Box Colour<br \/>\nPotencia 3W<br \/>\nVoltaje 220 &#8211; 240 V ~ 50 Hz.<br \/>\nMaterial PC<br \/>\nRecargable inal\u00e1mbrico<\/div><\/div>\n<\/div><\/div>\n<br \/>\n<div class=\"accordion\"><div class=\"mfn-acc accordion_wrapper  toggle\"><div class=\"question\"><div class=\"title\"><i class=\"icon-plus acc-icon-plus\" aria-hidden=\"true\"><\/i><i class=\"icon-minus acc-icon-minus\" aria-hidden=\"true\"><\/i>Accessories<\/div><div class=\"answer\"><\/div><\/div>\n<\/div><\/div>\n<\/p>\n<div class=\"descargas-producto\"><img loading=\"lazy\" decoding=\"async\" src=\"\/wp-content\/uploads\/2019\/12\/picto-descarrega.png\" alt=\"download data sheet\" width=\"23\" height=\"16\" \/><a href=\"https:\/\/kuken.es\/wp-content\/uploads\/8425160345334_ficha_tecnica.pdf\">Download sheet<\/a><br \/>\n<img loading=\"lazy\" decoding=\"async\" src=\"\/wp-content\/uploads\/2019\/12\/picto-descarrega.png\" alt=\"download instruction manual\" width=\"23\" height=\"16\" \/><a href=\"https:\/\/kuken.es\/wp-content\/uploads\/34533_instrucciones.pdf\">Download manual<\/a><\/div>\n<div><\/div>\n<div><span style=\"color: #bf2121;\">Follow us on social media!<\/span><\/div>\n<div><a href=\"https:\/\/www.instagram.com\/kuken_appliances\/\">https:\/\/www.instagram.com\/kuken_appliances\/<\/a><\/div>","protected":false},"excerpt":{"rendered":"<p data-start=\"566\" data-end=\"724\">Potente, precisa y f\u00e1cil de limpiar. Esta afeitadora inal\u00e1mbrica se adapta al rostro con cuchillas 360\u00b0, perfilador retr\u00e1ctil y resistencia al agua IPX7.<\/p>\n<blockquote data-start=\"726\" data-end=\"837\">\n<p data-start=\"728\" data-end=\"837\">\n<\/blockquote>","protected":false},"featured_media":12537,"template":"","meta":[],"product_brand":[],"product_cat":[75,38],"product_tag":[],"class_list":{"0":"post-12371","1":"product","2":"type-product","3":"status-publish","4":"has-post-thumbnail","6":"product_cat-maquinas-afeitar-premium","7":"product_cat-premium","9":"first","10":"instock","11":"product-type-simple"},"yoast_head":"<!-- This site is optimized with the Yoast SEO Premium plugin v24.0 (Yoast SEO v26.5) - https:\/\/yoast.com\/wordpress\/plugins\/seo\/ -->\n<title>AFEITADORA BARBA KUKEN IPX7 CABEZAL ROTATIVO - K\u00fcken<\/title>\n<meta name=\"description\" content=\"Descubre la Afeitadora Barba Kuken IPX7 con cabezal rotativo. Resistente al agua, ideal para un afeitado preciso y c\u00f3modo en seco o h\u00famedo.\" \/>\n<meta name=\"robots\" content=\"index, follow, max-snippet:-1, max-image-preview:large, max-video-preview:-1\" \/>\n<link rel=\"canonical\" href=\"https:\/\/kuken.es\/en\/product-2\/afeitadora-barba-kuken-ipx7-cabezal-rotativo\/\" \/>\n<meta property=\"og:locale\" content=\"en_GB\" \/>\n<meta property=\"og:type\" content=\"article\" \/>\n<meta property=\"og:title\" content=\"AFEITADORA BARBA KUKEN IPX7 CABEZAL ROTATIVO\" \/>\n<meta property=\"og:description\" content=\"Descubre la Afeitadora Barba Kuken IPX7 con cabezal rotativo. Resistente al agua, ideal para un afeitado preciso y c\u00f3modo en seco o h\u00famedo.\" \/>\n<meta property=\"og:url\" content=\"https:\/\/kuken.es\/en\/product-2\/afeitadora-barba-kuken-ipx7-cabezal-rotativo\/\" \/>\n<meta property=\"og:site_name\" content=\"K\u00fcken\" \/>\n<meta property=\"article:publisher\" content=\"https:\/\/es-es.facebook.com\/alfadyser\/\" \/>\n<meta property=\"article:modified_time\" content=\"2026-02-05T06:37:51+00:00\" \/>\n<meta property=\"og:image\" content=\"https:\/\/kuken.es\/wp-content\/uploads\/8425160345334_01.jpg\" \/>\n\t<meta property=\"og:image:width\" content=\"2000\" \/>\n\t<meta property=\"og:image:height\" content=\"2000\" \/>\n\t<meta property=\"og:image:type\" content=\"image\/jpeg\" \/>\n<meta name=\"twitter:card\" content=\"summary_large_image\" \/>\n<meta name=\"twitter:label1\" content=\"Price\" \/>\n\t<meta name=\"twitter:data1\" content=\"\" \/>\n\t<meta name=\"twitter:label2\" content=\"Availability\" \/>\n\t<meta name=\"twitter:data2\" content=\"In stock\" \/>\n<script type=\"application\/ld+json\" class=\"yoast-schema-graph\">{\"@context\":\"https:\/\/schema.org\",\"@graph\":[{\"@type\":\"WebPage\",\"@id\":\"https:\/\/kuken.es\/producto\/afeitadora-barba-kuken-ipx7-cabezal-rotativo\/\",\"url\":\"https:\/\/kuken.es\/producto\/afeitadora-barba-kuken-ipx7-cabezal-rotativo\/\",\"name\":\"AFEITADORA BARBA KUKEN IPX7 CABEZAL ROTATIVO - K\u00fcken\",\"isPartOf\":{\"@id\":\"https:\/\/kuken.es\/#website\"},\"primaryImageOfPage\":{\"@id\":\"https:\/\/kuken.es\/producto\/afeitadora-barba-kuken-ipx7-cabezal-rotativo\/#primaryimage\"},\"image\":{\"@id\":\"https:\/\/kuken.es\/producto\/afeitadora-barba-kuken-ipx7-cabezal-rotativo\/#primaryimage\"},\"thumbnailUrl\":\"https:\/\/kuken.es\/wp-content\/uploads\/8425160345334_01.jpg\",\"datePublished\":\"2025-06-02T05:24:31+00:00\",\"dateModified\":\"2026-02-05T06:37:51+00:00\",\"description\":\"Descubre la Afeitadora Barba Kuken IPX7 con cabezal rotativo. Resistente al agua, ideal para un afeitado preciso y c\u00f3modo en seco o h\u00famedo.\",\"breadcrumb\":{\"@id\":\"https:\/\/kuken.es\/producto\/afeitadora-barba-kuken-ipx7-cabezal-rotativo\/#breadcrumb\"},\"inLanguage\":\"en-GB\",\"potentialAction\":[{\"@type\":\"ReadAction\",\"target\":[\"https:\/\/kuken.es\/producto\/afeitadora-barba-kuken-ipx7-cabezal-rotativo\/\"]}]},{\"@type\":\"ImageObject\",\"inLanguage\":\"en-GB\",\"@id\":\"https:\/\/kuken.es\/producto\/afeitadora-barba-kuken-ipx7-cabezal-rotativo\/#primaryimage\",\"url\":\"https:\/\/kuken.es\/wp-content\/uploads\/8425160345334_01.jpg\",\"contentUrl\":\"https:\/\/kuken.es\/wp-content\/uploads\/8425160345334_01.jpg\",\"width\":2000,\"height\":2000},{\"@type\":\"BreadcrumbList\",\"@id\":\"https:\/\/kuken.es\/producto\/afeitadora-barba-kuken-ipx7-cabezal-rotativo\/#breadcrumb\",\"itemListElement\":[{\"@type\":\"ListItem\",\"position\":1,\"name\":\"Portada\",\"item\":\"https:\/\/kuken.es\/\"},{\"@type\":\"ListItem\",\"position\":2,\"name\":\"Productos\",\"item\":\"https:\/\/kuken.es\/productos\/\"},{\"@type\":\"ListItem\",\"position\":3,\"name\":\"AFEITADORA BARBA KUKEN IPX7 CABEZAL ROTATIVO\"}]},{\"@type\":\"WebSite\",\"@id\":\"https:\/\/kuken.es\/#website\",\"url\":\"https:\/\/kuken.es\/\",\"name\":\"K\u00fcken\",\"description\":\"Amplia gama de peque\u00f1o electrodom\u00e9stico k\u00fcken\",\"publisher\":{\"@id\":\"https:\/\/kuken.es\/#organization\"},\"potentialAction\":[{\"@type\":\"SearchAction\",\"target\":{\"@type\":\"EntryPoint\",\"urlTemplate\":\"https:\/\/kuken.es\/?s={search_term_string}\"},\"query-input\":{\"@type\":\"PropertyValueSpecification\",\"valueRequired\":true,\"valueName\":\"search_term_string\"}}],\"inLanguage\":\"en-GB\"},{\"@type\":\"Organization\",\"@id\":\"https:\/\/kuken.es\/#organization\",\"name\":\"Alfa Dyser\",\"url\":\"https:\/\/kuken.es\/\",\"logo\":{\"@type\":\"ImageObject\",\"inLanguage\":\"en-GB\",\"@id\":\"https:\/\/kuken.es\/#\/schema\/logo\/image\/\",\"url\":\"https:\/\/kuken.es\/wp-content\/uploads\/2019\/04\/kuken-logo.png\",\"contentUrl\":\"https:\/\/kuken.es\/wp-content\/uploads\/2019\/04\/kuken-logo.png\",\"width\":500,\"height\":191,\"caption\":\"Alfa Dyser\"},\"image\":{\"@id\":\"https:\/\/kuken.es\/#\/schema\/logo\/image\/\"},\"sameAs\":[\"https:\/\/es-es.facebook.com\/alfadyser\/\",\"https:\/\/www.instagram.com\/kuken_appliances\/\"]}]}<\/script>\n<meta property=\"product:price:amount\" content=\"0.00\" \/>\n<meta property=\"product:price:currency\" content=\"EUR\" \/>\n<meta property=\"og:availability\" content=\"instock\" \/>\n<meta property=\"product:availability\" content=\"instock\" \/>\n<meta property=\"product:retailer_item_id\" content=\"34533\" \/>\n<meta property=\"product:condition\" content=\"new\" \/>\n<!-- \/ Yoast SEO Premium plugin. -->","yoast_head_json":{"title":"AFEITADORA BARBA KUKEN IPX7 CABEZAL ROTATIVO - K\u00fcken","description":"Descubre la Afeitadora Barba Kuken IPX7 con cabezal rotativo. Resistente al agua, ideal para un afeitado preciso y c\u00f3modo en seco o h\u00famedo.","robots":{"index":"index","follow":"follow","max-snippet":"max-snippet:-1","max-image-preview":"max-image-preview:large","max-video-preview":"max-video-preview:-1"},"canonical":"https:\/\/kuken.es\/en\/product-2\/afeitadora-barba-kuken-ipx7-cabezal-rotativo\/","og_locale":"en_GB","og_type":"article","og_title":"AFEITADORA BARBA KUKEN IPX7 CABEZAL ROTATIVO","og_description":"Descubre la Afeitadora Barba Kuken IPX7 con cabezal rotativo. Resistente al agua, ideal para un afeitado preciso y c\u00f3modo en seco o h\u00famedo.","og_url":"https:\/\/kuken.es\/en\/product-2\/afeitadora-barba-kuken-ipx7-cabezal-rotativo\/","og_site_name":"K\u00fcken","article_publisher":"https:\/\/es-es.facebook.com\/alfadyser\/","article_modified_time":"2026-02-05T06:37:51+00:00","og_image":[{"width":2000,"height":2000,"url":"https:\/\/kuken.es\/wp-content\/uploads\/8425160345334_01.jpg","type":"image\/jpeg"}],"twitter_card":"summary_large_image","twitter_misc":{"Price":"","Availability":"In stock"},"schema":{"@context":"https:\/\/schema.org","@graph":[{"@type":"WebPage","@id":"https:\/\/kuken.es\/producto\/afeitadora-barba-kuken-ipx7-cabezal-rotativo\/","url":"https:\/\/kuken.es\/producto\/afeitadora-barba-kuken-ipx7-cabezal-rotativo\/","name":"AFEITADORA BARBA KUKEN IPX7 CABEZAL ROTATIVO - K\u00fcken","isPartOf":{"@id":"https:\/\/kuken.es\/#website"},"primaryImageOfPage":{"@id":"https:\/\/kuken.es\/producto\/afeitadora-barba-kuken-ipx7-cabezal-rotativo\/#primaryimage"},"image":{"@id":"https:\/\/kuken.es\/producto\/afeitadora-barba-kuken-ipx7-cabezal-rotativo\/#primaryimage"},"thumbnailUrl":"https:\/\/kuken.es\/wp-content\/uploads\/8425160345334_01.jpg","datePublished":"2025-06-02T05:24:31+00:00","dateModified":"2026-02-05T06:37:51+00:00","description":"Descubre la Afeitadora Barba Kuken IPX7 con cabezal rotativo. Resistente al agua, ideal para un afeitado preciso y c\u00f3modo en seco o h\u00famedo.","breadcrumb":{"@id":"https:\/\/kuken.es\/producto\/afeitadora-barba-kuken-ipx7-cabezal-rotativo\/#breadcrumb"},"inLanguage":"en-GB","potentialAction":[{"@type":"ReadAction","target":["https:\/\/kuken.es\/producto\/afeitadora-barba-kuken-ipx7-cabezal-rotativo\/"]}]},{"@type":"ImageObject","inLanguage":"en-GB","@id":"https:\/\/kuken.es\/producto\/afeitadora-barba-kuken-ipx7-cabezal-rotativo\/#primaryimage","url":"https:\/\/kuken.es\/wp-content\/uploads\/8425160345334_01.jpg","contentUrl":"https:\/\/kuken.es\/wp-content\/uploads\/8425160345334_01.jpg","width":2000,"height":2000},{"@type":"BreadcrumbList","@id":"https:\/\/kuken.es\/producto\/afeitadora-barba-kuken-ipx7-cabezal-rotativo\/#breadcrumb","itemListElement":[{"@type":"ListItem","position":1,"name":"Portada","item":"https:\/\/kuken.es\/"},{"@type":"ListItem","position":2,"name":"Productos","item":"https:\/\/kuken.es\/productos\/"},{"@type":"ListItem","position":3,"name":"AFEITADORA BARBA KUKEN IPX7 CABEZAL ROTATIVO"}]},{"@type":"WebSite","@id":"https:\/\/kuken.es\/#website","url":"https:\/\/kuken.es\/","name":"K\u00fcken","description":"Wide range of k\u00fcken small household appliances","publisher":{"@id":"https:\/\/kuken.es\/#organization"},"potentialAction":[{"@type":"SearchAction","target":{"@type":"EntryPoint","urlTemplate":"https:\/\/kuken.es\/?s={search_term_string}"},"query-input":{"@type":"PropertyValueSpecification","valueRequired":true,"valueName":"search_term_string"}}],"inLanguage":"en-GB"},{"@type":"Organization","@id":"https:\/\/kuken.es\/#organization","name":"Alpha Dyser","url":"https:\/\/kuken.es\/","logo":{"@type":"ImageObject","inLanguage":"en-GB","@id":"https:\/\/kuken.es\/#\/schema\/logo\/image\/","url":"https:\/\/kuken.es\/wp-content\/uploads\/2019\/04\/kuken-logo.png","contentUrl":"https:\/\/kuken.es\/wp-content\/uploads\/2019\/04\/kuken-logo.png","width":500,"height":191,"caption":"Alfa Dyser"},"image":{"@id":"https:\/\/kuken.es\/#\/schema\/logo\/image\/"},"sameAs":["https:\/\/es-es.facebook.com\/alfadyser\/","https:\/\/www.instagram.com\/kuken_appliances\/"]}]},"product_price_amount":"0.00","product_price_currency":"EUR","og_availability":"instock","product_availability":"instock","product_retailer_item_id":"34533","product_condition":"new"},"_links":{"self":[{"href":"https:\/\/kuken.es\/en\/wp-json\/wp\/v2\/product\/12371","targetHints":{"allow":["GET"]}}],"collection":[{"href":"https:\/\/kuken.es\/en\/wp-json\/wp\/v2\/product"}],"about":[{"href":"https:\/\/kuken.es\/en\/wp-json\/wp\/v2\/types\/product"}],"wp:featuredmedia":[{"embeddable":true,"href":"https:\/\/kuken.es\/en\/wp-json\/wp\/v2\/media\/12537"}],"wp:attachment":[{"href":"https:\/\/kuken.es\/en\/wp-json\/wp\/v2\/media?parent=12371"}],"wp:term":[{"taxonomy":"product_brand","embeddable":true,"href":"https:\/\/kuken.es\/en\/wp-json\/wp\/v2\/product_brand?post=12371"},{"taxonomy":"product_cat","embeddable":true,"href":"https:\/\/kuken.es\/en\/wp-json\/wp\/v2\/product_cat?post=12371"},{"taxonomy":"product_tag","embeddable":true,"href":"https:\/\/kuken.es\/en\/wp-json\/wp\/v2\/product_tag?post=12371"}],"curies":[{"name":"wp","href":"https:\/\/api.w.org\/{rel}","templated":true}]}}