{"id":11708,"date":"2025-04-03T09:00:33","date_gmt":"2025-04-03T07:00:33","guid":{"rendered":"https:\/\/kuken.es\/?post_type=product&#038;p=11708"},"modified":"2026-02-09T07:59:50","modified_gmt":"2026-02-09T06:59:50","slug":"reloj-smartwatch-amoled-gps-vg40-pro-sport-kuken","status":"publish","type":"product","link":"https:\/\/kuken.es\/en\/product-2\/reloj-smartwatch-amoled-gps-vg40-pro-sport-kuken\/","title":{"rendered":"RELOJ SMARTWATCH AMOLED GPS VG40 PRO SPORT K\u00dcKEN"},"content":{"rendered":"<p>Reloj smartwatch amoled gps VG40 PRO sport K\u00fcken<\/p>\n<ul>\n<li>Pantalla: AMOLED de 1,43\u201d, resoluci\u00f3n 466\u00d7466 px, t\u00e1ctil de una sola pulsaci\u00f3n.<\/li>\n<li>Bater\u00eda: 530 mAh, carga inal\u00e1mbrica, hasta 7 d\u00edas de autonom\u00eda.<\/li>\n<li>Conectividad: Bluetooth compatible con iOS 8.0+ y Android 5.0+, permite llamadas y reproducci\u00f3n de m\u00fasica desde el reloj.<\/li>\n<li>Material y resistencia: Carcasa de aleaci\u00f3n de zinc (Alloy), resistente al agua IP68 y presi\u00f3n 1 ATM.<\/li>\n<li>GPS: Integrado para posicionamiento preciso.<\/li>\n<li>Sensores: Ritmo card\u00edaco, presi\u00f3n sangu\u00ednea, ox\u00edgeno, temperatura, aceler\u00f3metro y giroscopio.<\/li>\n<li>Salud y fitness: Seguimiento de sue\u00f1o, pasos, distancia, calor\u00edas y alertas de sedentarismo.<\/li>\n<li>Deportes: M\u00e1s de 100 modos de ejercicio, incluyendo correr, ciclismo, fuerza, baloncesto, tenis, f\u00fatbol y voleibol<\/li>\n<li>Notificaciones y comunicaci\u00f3n: Alertas de llamadas, mensajes y apps (WhatsApp, Instagram, Facebook, Twitter, WeChat, Line, QQ), rechazo de llamadas, alarma y fotograf\u00eda remota.<\/li>\n<li>Funciones inteligentes: Giro de mu\u00f1eca para encender pantalla, b\u00fasqueda de tel\u00e9fono y pulsera, modo No Molestar.<\/li>\n<li>Compatibilidad de idiomas: Men\u00fa y app multilenguaje.<\/li>\n<\/ul>\n<p><div class=\"accordion\"><div class=\"mfn-acc accordion_wrapper  toggle\"><div class=\"question\"><div class=\"title\"><i class=\"icon-plus acc-icon-plus\" aria-hidden=\"true\"><\/i><i class=\"icon-minus acc-icon-minus\" aria-hidden=\"true\"><\/i>Product data<\/div><div class=\"answer\">EAN: 8425160348915<\/p>\n<p>Reloj smartwatch amoled gps VG40 PRO sport K\u00dcKEN<br \/>\nUnits: 1<br \/>\nMaterial: aleaci\u00f3n de zinc Alloy<br \/>\nModel:VG40 Pro<br \/>\nFunci\u00f3n GPS<br \/>\nBluetooth para iOS 8.0+ y Android 5.0+<br \/>\nPantalla Amoled1,43&#8243;<br \/>\nColour box<br \/>\nSalud y fitness<br \/>\nModos multideporte<\/p>\n<p><\/div><\/div>\n<\/div><\/div>\n<br \/>\n<div class=\"accordion\"><div class=\"mfn-acc accordion_wrapper  toggle\"><div class=\"question\"><div class=\"title\"><i class=\"icon-plus acc-icon-plus\" aria-hidden=\"true\"><\/i><i class=\"icon-minus acc-icon-minus\" aria-hidden=\"true\"><\/i>Accessories<\/div><div class=\"answer\"><\/div><\/div>\n<\/div><\/div>\n<\/p>\n<div class=\"descargas-producto\"><img loading=\"lazy\" decoding=\"async\" class=\"alignnone\" src=\"\/wp-content\/uploads\/2019\/12\/picto-descarrega.png\" alt=\"download data sheet\" width=\"23\" height=\"16\" \/><a href=\"https:\/\/kuken.es\/wp-content\/uploads\/8425160348915_ficha_tecnica.pdf\">Download sheet<\/a><br \/>\n<img loading=\"lazy\" decoding=\"async\" src=\"\/wp-content\/uploads\/2019\/12\/picto-descarrega.png\" alt=\"download instruction manual\" width=\"23\" height=\"16\" \/><a href=\"https:\/\/kuken.es\/wp-content\/uploads\/34891_instrucciones_compressed.pdf\">Download manual<\/a><\/div>\n<div><\/div>\n<div><span style=\"color: #bf2121;\">Follow us on social media!<\/span><\/div>\n<div><a href=\"https:\/\/www.instagram.com\/kuken_appliances\/\">https:\/\/www.instagram.com\/kuken_appliances\/<\/a><\/div>","protected":false},"excerpt":{"rendered":"<p>Reloj smartwatch amoled gps VG40 PRO sport K\u00fcken Pantalla: AMOLED de 1,43\u201d, resoluci\u00f3n 466\u00d7466 px, t\u00e1ctil de una sola pulsaci\u00f3n. Bater\u00eda: 530 mAh, carga inal\u00e1mbrica, hasta<span class=\"excerpt-hellip\"> [...]<\/span><\/p>","protected":false},"featured_media":12487,"template":"","meta":[],"product_brand":[],"product_cat":[117,145,155],"product_tag":[],"class_list":{"0":"post-11708","1":"product","2":"type-product","3":"status-publish","4":"has-post-thumbnail","6":"product_cat-advance","7":"product_cat-advance-electronics","8":"product_cat-pulseras","10":"first","11":"instock","12":"product-type-simple"},"yoast_head":"<!-- This site is optimized with the Yoast SEO Premium plugin v24.0 (Yoast SEO v26.5) - https:\/\/yoast.com\/wordpress\/plugins\/seo\/ -->\n<title>RELOJ SMARTWATCH AMOLED GPS VG40 PRO SPORT K\u00dcKEN - K\u00fcken<\/title>\n<meta name=\"description\" content=\"Reloj smartwatch amoled gps VG40 PRO sport K\u00fcken con pantalla AMOLED de 1,43\u201d, bater\u00eda de hasta 7 d\u00edas, GPS integrado, sensores, mutideportes, etc.\" \/>\n<meta name=\"robots\" content=\"index, follow, max-snippet:-1, max-image-preview:large, max-video-preview:-1\" \/>\n<link rel=\"canonical\" href=\"https:\/\/kuken.es\/en\/product-2\/reloj-smartwatch-amoled-gps-vg40-pro-sport-kuken\/\" \/>\n<meta property=\"og:locale\" content=\"en_GB\" \/>\n<meta property=\"og:type\" content=\"article\" \/>\n<meta property=\"og:title\" content=\"RELOJ SMARTWATCH AMOLED GPS VG40 PRO SPORT K\u00dcKEN\" \/>\n<meta property=\"og:description\" content=\"Reloj smartwatch amoled gps VG40 PRO sport K\u00fcken con pantalla AMOLED de 1,43\u201d, bater\u00eda de hasta 7 d\u00edas, GPS integrado, sensores, mutideportes, etc.\" \/>\n<meta property=\"og:url\" content=\"https:\/\/kuken.es\/en\/product-2\/reloj-smartwatch-amoled-gps-vg40-pro-sport-kuken\/\" \/>\n<meta property=\"og:site_name\" content=\"K\u00fcken\" \/>\n<meta property=\"article:publisher\" content=\"https:\/\/es-es.facebook.com\/alfadyser\/\" \/>\n<meta property=\"article:modified_time\" content=\"2026-02-09T06:59:50+00:00\" \/>\n<meta property=\"og:image\" content=\"https:\/\/kuken.es\/wp-content\/uploads\/8425160348915_01.jpg\" \/>\n\t<meta property=\"og:image:width\" content=\"2000\" \/>\n\t<meta property=\"og:image:height\" content=\"2000\" \/>\n\t<meta property=\"og:image:type\" content=\"image\/jpeg\" \/>\n<meta name=\"twitter:card\" content=\"summary_large_image\" \/>\n<meta name=\"twitter:label1\" content=\"Price\" \/>\n\t<meta name=\"twitter:data1\" content=\"\" \/>\n\t<meta name=\"twitter:label2\" content=\"Availability\" \/>\n\t<meta name=\"twitter:data2\" content=\"In stock\" \/>\n<script type=\"application\/ld+json\" class=\"yoast-schema-graph\">{\"@context\":\"https:\/\/schema.org\",\"@graph\":[{\"@type\":\"WebPage\",\"@id\":\"https:\/\/kuken.es\/producto\/reloj-smartwatch-amoled-gps-vg40-pro-sport-kuken\/\",\"url\":\"https:\/\/kuken.es\/producto\/reloj-smartwatch-amoled-gps-vg40-pro-sport-kuken\/\",\"name\":\"RELOJ SMARTWATCH AMOLED GPS VG40 PRO SPORT K\u00dcKEN - K\u00fcken\",\"isPartOf\":{\"@id\":\"https:\/\/kuken.es\/#website\"},\"primaryImageOfPage\":{\"@id\":\"https:\/\/kuken.es\/producto\/reloj-smartwatch-amoled-gps-vg40-pro-sport-kuken\/#primaryimage\"},\"image\":{\"@id\":\"https:\/\/kuken.es\/producto\/reloj-smartwatch-amoled-gps-vg40-pro-sport-kuken\/#primaryimage\"},\"thumbnailUrl\":\"https:\/\/kuken.es\/wp-content\/uploads\/8425160348915_01.jpg\",\"datePublished\":\"2025-04-03T07:00:33+00:00\",\"dateModified\":\"2026-02-09T06:59:50+00:00\",\"description\":\"Reloj smartwatch amoled gps VG40 PRO sport K\u00fcken con pantalla AMOLED de 1,43\u201d, bater\u00eda de hasta 7 d\u00edas, GPS integrado, sensores, mutideportes, etc.\",\"breadcrumb\":{\"@id\":\"https:\/\/kuken.es\/producto\/reloj-smartwatch-amoled-gps-vg40-pro-sport-kuken\/#breadcrumb\"},\"inLanguage\":\"en-GB\",\"potentialAction\":[{\"@type\":\"ReadAction\",\"target\":[\"https:\/\/kuken.es\/producto\/reloj-smartwatch-amoled-gps-vg40-pro-sport-kuken\/\"]}]},{\"@type\":\"ImageObject\",\"inLanguage\":\"en-GB\",\"@id\":\"https:\/\/kuken.es\/producto\/reloj-smartwatch-amoled-gps-vg40-pro-sport-kuken\/#primaryimage\",\"url\":\"https:\/\/kuken.es\/wp-content\/uploads\/8425160348915_01.jpg\",\"contentUrl\":\"https:\/\/kuken.es\/wp-content\/uploads\/8425160348915_01.jpg\",\"width\":2000,\"height\":2000},{\"@type\":\"BreadcrumbList\",\"@id\":\"https:\/\/kuken.es\/producto\/reloj-smartwatch-amoled-gps-vg40-pro-sport-kuken\/#breadcrumb\",\"itemListElement\":[{\"@type\":\"ListItem\",\"position\":1,\"name\":\"Portada\",\"item\":\"https:\/\/kuken.es\/\"},{\"@type\":\"ListItem\",\"position\":2,\"name\":\"Productos\",\"item\":\"https:\/\/kuken.es\/productos\/\"},{\"@type\":\"ListItem\",\"position\":3,\"name\":\"RELOJ SMARTWATCH AMOLED GPS VG40 PRO SPORT K\u00dcKEN\"}]},{\"@type\":\"WebSite\",\"@id\":\"https:\/\/kuken.es\/#website\",\"url\":\"https:\/\/kuken.es\/\",\"name\":\"K\u00fcken\",\"description\":\"Amplia gama de peque\u00f1o electrodom\u00e9stico k\u00fcken\",\"publisher\":{\"@id\":\"https:\/\/kuken.es\/#organization\"},\"potentialAction\":[{\"@type\":\"SearchAction\",\"target\":{\"@type\":\"EntryPoint\",\"urlTemplate\":\"https:\/\/kuken.es\/?s={search_term_string}\"},\"query-input\":{\"@type\":\"PropertyValueSpecification\",\"valueRequired\":true,\"valueName\":\"search_term_string\"}}],\"inLanguage\":\"en-GB\"},{\"@type\":\"Organization\",\"@id\":\"https:\/\/kuken.es\/#organization\",\"name\":\"Alfa Dyser\",\"url\":\"https:\/\/kuken.es\/\",\"logo\":{\"@type\":\"ImageObject\",\"inLanguage\":\"en-GB\",\"@id\":\"https:\/\/kuken.es\/#\/schema\/logo\/image\/\",\"url\":\"https:\/\/kuken.es\/wp-content\/uploads\/2019\/04\/kuken-logo.png\",\"contentUrl\":\"https:\/\/kuken.es\/wp-content\/uploads\/2019\/04\/kuken-logo.png\",\"width\":500,\"height\":191,\"caption\":\"Alfa Dyser\"},\"image\":{\"@id\":\"https:\/\/kuken.es\/#\/schema\/logo\/image\/\"},\"sameAs\":[\"https:\/\/es-es.facebook.com\/alfadyser\/\",\"https:\/\/www.instagram.com\/kuken_appliances\/\"]}]}<\/script>\n<meta property=\"product:price:amount\" content=\"0.00\" \/>\n<meta property=\"product:price:currency\" content=\"EUR\" \/>\n<meta property=\"og:availability\" content=\"instock\" \/>\n<meta property=\"product:availability\" content=\"instock\" \/>\n<meta property=\"product:retailer_item_id\" content=\"34891\" \/>\n<meta property=\"product:condition\" content=\"new\" \/>\n<!-- \/ Yoast SEO Premium plugin. -->","yoast_head_json":{"title":"RELOJ SMARTWATCH AMOLED GPS VG40 PRO SPORT K\u00dcKEN - K\u00fcken","description":"Reloj smartwatch amoled gps VG40 PRO sport K\u00fcken con pantalla AMOLED de 1,43\u201d, bater\u00eda de hasta 7 d\u00edas, GPS integrado, sensores, mutideportes, etc.","robots":{"index":"index","follow":"follow","max-snippet":"max-snippet:-1","max-image-preview":"max-image-preview:large","max-video-preview":"max-video-preview:-1"},"canonical":"https:\/\/kuken.es\/en\/product-2\/reloj-smartwatch-amoled-gps-vg40-pro-sport-kuken\/","og_locale":"en_GB","og_type":"article","og_title":"RELOJ SMARTWATCH AMOLED GPS VG40 PRO SPORT K\u00dcKEN","og_description":"Reloj smartwatch amoled gps VG40 PRO sport K\u00fcken con pantalla AMOLED de 1,43\u201d, bater\u00eda de hasta 7 d\u00edas, GPS integrado, sensores, mutideportes, etc.","og_url":"https:\/\/kuken.es\/en\/product-2\/reloj-smartwatch-amoled-gps-vg40-pro-sport-kuken\/","og_site_name":"K\u00fcken","article_publisher":"https:\/\/es-es.facebook.com\/alfadyser\/","article_modified_time":"2026-02-09T06:59:50+00:00","og_image":[{"width":2000,"height":2000,"url":"https:\/\/kuken.es\/wp-content\/uploads\/8425160348915_01.jpg","type":"image\/jpeg"}],"twitter_card":"summary_large_image","twitter_misc":{"Price":"","Availability":"In stock"},"schema":{"@context":"https:\/\/schema.org","@graph":[{"@type":"WebPage","@id":"https:\/\/kuken.es\/producto\/reloj-smartwatch-amoled-gps-vg40-pro-sport-kuken\/","url":"https:\/\/kuken.es\/producto\/reloj-smartwatch-amoled-gps-vg40-pro-sport-kuken\/","name":"RELOJ SMARTWATCH AMOLED GPS VG40 PRO SPORT K\u00dcKEN - K\u00fcken","isPartOf":{"@id":"https:\/\/kuken.es\/#website"},"primaryImageOfPage":{"@id":"https:\/\/kuken.es\/producto\/reloj-smartwatch-amoled-gps-vg40-pro-sport-kuken\/#primaryimage"},"image":{"@id":"https:\/\/kuken.es\/producto\/reloj-smartwatch-amoled-gps-vg40-pro-sport-kuken\/#primaryimage"},"thumbnailUrl":"https:\/\/kuken.es\/wp-content\/uploads\/8425160348915_01.jpg","datePublished":"2025-04-03T07:00:33+00:00","dateModified":"2026-02-09T06:59:50+00:00","description":"Reloj smartwatch amoled gps VG40 PRO sport K\u00fcken con pantalla AMOLED de 1,43\u201d, bater\u00eda de hasta 7 d\u00edas, GPS integrado, sensores, mutideportes, etc.","breadcrumb":{"@id":"https:\/\/kuken.es\/producto\/reloj-smartwatch-amoled-gps-vg40-pro-sport-kuken\/#breadcrumb"},"inLanguage":"en-GB","potentialAction":[{"@type":"ReadAction","target":["https:\/\/kuken.es\/producto\/reloj-smartwatch-amoled-gps-vg40-pro-sport-kuken\/"]}]},{"@type":"ImageObject","inLanguage":"en-GB","@id":"https:\/\/kuken.es\/producto\/reloj-smartwatch-amoled-gps-vg40-pro-sport-kuken\/#primaryimage","url":"https:\/\/kuken.es\/wp-content\/uploads\/8425160348915_01.jpg","contentUrl":"https:\/\/kuken.es\/wp-content\/uploads\/8425160348915_01.jpg","width":2000,"height":2000},{"@type":"BreadcrumbList","@id":"https:\/\/kuken.es\/producto\/reloj-smartwatch-amoled-gps-vg40-pro-sport-kuken\/#breadcrumb","itemListElement":[{"@type":"ListItem","position":1,"name":"Portada","item":"https:\/\/kuken.es\/"},{"@type":"ListItem","position":2,"name":"Productos","item":"https:\/\/kuken.es\/productos\/"},{"@type":"ListItem","position":3,"name":"RELOJ SMARTWATCH AMOLED GPS VG40 PRO SPORT K\u00dcKEN"}]},{"@type":"WebSite","@id":"https:\/\/kuken.es\/#website","url":"https:\/\/kuken.es\/","name":"K\u00fcken","description":"Wide range of k\u00fcken small household appliances","publisher":{"@id":"https:\/\/kuken.es\/#organization"},"potentialAction":[{"@type":"SearchAction","target":{"@type":"EntryPoint","urlTemplate":"https:\/\/kuken.es\/?s={search_term_string}"},"query-input":{"@type":"PropertyValueSpecification","valueRequired":true,"valueName":"search_term_string"}}],"inLanguage":"en-GB"},{"@type":"Organization","@id":"https:\/\/kuken.es\/#organization","name":"Alpha Dyser","url":"https:\/\/kuken.es\/","logo":{"@type":"ImageObject","inLanguage":"en-GB","@id":"https:\/\/kuken.es\/#\/schema\/logo\/image\/","url":"https:\/\/kuken.es\/wp-content\/uploads\/2019\/04\/kuken-logo.png","contentUrl":"https:\/\/kuken.es\/wp-content\/uploads\/2019\/04\/kuken-logo.png","width":500,"height":191,"caption":"Alfa Dyser"},"image":{"@id":"https:\/\/kuken.es\/#\/schema\/logo\/image\/"},"sameAs":["https:\/\/es-es.facebook.com\/alfadyser\/","https:\/\/www.instagram.com\/kuken_appliances\/"]}]},"product_price_amount":"0.00","product_price_currency":"EUR","og_availability":"instock","product_availability":"instock","product_retailer_item_id":"34891","product_condition":"new"},"_links":{"self":[{"href":"https:\/\/kuken.es\/en\/wp-json\/wp\/v2\/product\/11708","targetHints":{"allow":["GET"]}}],"collection":[{"href":"https:\/\/kuken.es\/en\/wp-json\/wp\/v2\/product"}],"about":[{"href":"https:\/\/kuken.es\/en\/wp-json\/wp\/v2\/types\/product"}],"wp:featuredmedia":[{"embeddable":true,"href":"https:\/\/kuken.es\/en\/wp-json\/wp\/v2\/media\/12487"}],"wp:attachment":[{"href":"https:\/\/kuken.es\/en\/wp-json\/wp\/v2\/media?parent=11708"}],"wp:term":[{"taxonomy":"product_brand","embeddable":true,"href":"https:\/\/kuken.es\/en\/wp-json\/wp\/v2\/product_brand?post=11708"},{"taxonomy":"product_cat","embeddable":true,"href":"https:\/\/kuken.es\/en\/wp-json\/wp\/v2\/product_cat?post=11708"},{"taxonomy":"product_tag","embeddable":true,"href":"https:\/\/kuken.es\/en\/wp-json\/wp\/v2\/product_tag?post=11708"}],"curies":[{"name":"wp","href":"https:\/\/api.w.org\/{rel}","templated":true}]}}