{"id":11706,"date":"2025-04-03T08:50:37","date_gmt":"2025-04-03T06:50:37","guid":{"rendered":"https:\/\/kuken.es\/?post_type=product&#038;p=11706"},"modified":"2025-10-07T11:46:15","modified_gmt":"2025-10-07T09:46:15","slug":"reloj-smartwatch-t900-kuken","status":"publish","type":"product","link":"https:\/\/kuken.es\/en\/product-2\/reloj-smartwatch-t900-kuken\/","title":{"rendered":"RELOJ SMARTWATCH T900 KUKEN"},"content":{"rendered":"<p>Reloj Smartwatch T900\u00a0K\u00fcken<\/p>\n<ul>\n<li data-start=\"111\" data-end=\"225\">Pantalla: LCD de 2.09\u201d para ver notificaciones, estad\u00edsticas de salud y controlar aplicaciones con claridad.<\/li>\n<li data-start=\"228\" data-end=\"303\">Dimensiones: 149 x 43,5 x 15 mm, c\u00f3modo y ergon\u00f3mico para uso diario.<\/li>\n<li data-start=\"306\" data-end=\"404\">Bater\u00eda: 260 mAh con hasta 3 d\u00edas de autonom\u00eda y carga inal\u00e1mbrica para mayor comodidad.<\/li>\n<li data-start=\"407\" data-end=\"552\">Protecci\u00f3n: IP67, resistente al polvo y al agua (sumergible hasta 1\u202fm por 30 min), ideal para lluvia, deportes o actividades al aire libre.<\/li>\n<li data-start=\"555\" data-end=\"711\">Conectividad: Bluetooth para emparejamiento r\u00e1pido con iOS y Android, permitiendo recibir notificaciones, llamadas y controlar m\u00fasica desde la mu\u00f1eca.<\/li>\n<li data-start=\"714\" data-end=\"814\">Micr\u00f3fono y altavoz: Llamadas manos libres y uso de comandos de voz sin depender del tel\u00e9fono.<\/li>\n<li data-start=\"817\" data-end=\"916\">Correas intercambiables: 4 colores disponibles para adaptar el reloj a tu estilo o actividad.<\/li>\n<li data-start=\"919\" data-end=\"1076\">Funciones de salud y fitness: Monitoreo continuo del ritmo card\u00edaco, seguimiento del sue\u00f1o, contador de pasos y calor\u00edas, y modos deportivos m\u00faltiples.<\/li>\n<li data-start=\"1079\" data-end=\"1202\">Notificaciones inteligentes: Recibe llamadas, mensajes, alertas de redes sociales y correos directamente en tu reloj.<\/li>\n<li data-start=\"1205\" data-end=\"1281\">Dise\u00f1o: Elegante, duradero y c\u00f3modo, apto para uso diario y deportivo.<\/li>\n<li data-start=\"1284\" data-end=\"1395\">Compatibilidad: Funciona con la mayor\u00eda de dispositivos iOS y Android, garantizando integraci\u00f3n sencilla.<\/li>\n<\/ul>\n<p><div class=\"accordion\"><div class=\"mfn-acc accordion_wrapper  toggle\"><div class=\"question\"><div class=\"title\"><i class=\"icon-plus acc-icon-plus\" aria-hidden=\"true\"><\/i><i class=\"icon-minus acc-icon-minus\" aria-hidden=\"true\"><\/i>Product data<\/div><div class=\"answer\">EAN: 8425160347123<\/p>\n<p>Reloj Smartwatch T900\u00a0K\u00fcken<br \/>\nUnits: 1<br \/>\nModelo:T900<br \/>\nProtecci\u00f3n IP67<br \/>\nCompatible con Android \/ IOS<br \/>\nLlamadas\/Notificaciones<br \/>\nColor Negro\/Gris\/Rosa\/Naranja<br \/>\nAccesorios 4 correas intercambiables<br \/>\nBater\u00eda 260mAh<\/p>\n<p><\/div><\/div>\n<\/div><\/div>\n<br \/>\n<div class=\"accordion\"><div class=\"mfn-acc accordion_wrapper  toggle\"><div class=\"question\"><div class=\"title\"><i class=\"icon-plus acc-icon-plus\" aria-hidden=\"true\"><\/i><i class=\"icon-minus acc-icon-minus\" aria-hidden=\"true\"><\/i>Accessories<\/div><div class=\"answer\"><\/div><\/div>\n<\/div><\/div>\n<\/p>\n<div class=\"descargas-producto\"><img loading=\"lazy\" decoding=\"async\" class=\"alignnone\" src=\"\/wp-content\/uploads\/2019\/12\/picto-descarrega.png\" alt=\"download data sheet\" width=\"23\" height=\"16\" \/><a href=\"https:\/\/kuken.es\/wp-content\/uploads\/8425160347123_ficha_tecnica.pdf\">Download sheet<\/a><br \/>\n<img loading=\"lazy\" decoding=\"async\" src=\"\/wp-content\/uploads\/2019\/12\/picto-descarrega.png\" alt=\"download instruction manual\" width=\"23\" height=\"16\" \/><a href=\"https:\/\/kuken.es\/wp-content\/uploads\/34712_intrucciones_compressed.pdf\">Download manual<\/a><\/div>\n<div><\/div>\n<div><span style=\"color: #bf2121;\">Follow us on social media!<\/span><\/div>\n<div><a href=\"https:\/\/www.instagram.com\/kuken_appliances\/\">https:\/\/www.instagram.com\/kuken_appliances\/<\/a><\/div>","protected":false},"excerpt":{"rendered":"<p>Reloj Smartwatch T900\u00a0K\u00fcken Pantalla: LCD de 2.09\u201d para ver notificaciones, estad\u00edsticas de salud y controlar aplicaciones con claridad. Dimensiones: 149 x 43,5 x 15 mm, c\u00f3modo<span class=\"excerpt-hellip\"> [...]<\/span><\/p>","protected":false},"featured_media":12500,"template":"","meta":[],"product_brand":[],"product_cat":[117,145,155],"product_tag":[],"class_list":{"0":"post-11706","1":"product","2":"type-product","3":"status-publish","4":"has-post-thumbnail","6":"product_cat-advance","7":"product_cat-advance-electronics","8":"product_cat-pulseras","10":"first","11":"instock","12":"product-type-simple"},"yoast_head":"<!-- This site is optimized with the Yoast SEO Premium plugin v24.0 (Yoast SEO v26.5) - https:\/\/yoast.com\/wordpress\/plugins\/seo\/ -->\n<title>RELOJ SMARTWATCH T900 KUKEN - K\u00fcken<\/title>\n<meta name=\"description\" content=\"Reloj Smartwatch T900\u00a0K\u00fcken con pantalla LCD de 2.09\u201d, bater\u00eda de 260mAh, Bluetooth, iOS y Android, pasos,calor\u00edas, m\u00faltiples modos deportivos,etc.\" \/>\n<meta name=\"robots\" content=\"index, follow, max-snippet:-1, max-image-preview:large, max-video-preview:-1\" \/>\n<link rel=\"canonical\" href=\"https:\/\/kuken.es\/en\/product-2\/reloj-smartwatch-t900-kuken\/\" \/>\n<meta property=\"og:locale\" content=\"en_GB\" \/>\n<meta property=\"og:type\" content=\"article\" \/>\n<meta property=\"og:title\" content=\"RELOJ SMARTWATCH T900 KUKEN\" \/>\n<meta property=\"og:description\" content=\"Reloj Smartwatch T900\u00a0K\u00fcken con pantalla LCD de 2.09\u201d, bater\u00eda de 260mAh, Bluetooth, iOS y Android, pasos,calor\u00edas, m\u00faltiples modos deportivos,etc.\" \/>\n<meta property=\"og:url\" content=\"https:\/\/kuken.es\/en\/product-2\/reloj-smartwatch-t900-kuken\/\" \/>\n<meta property=\"og:site_name\" content=\"K\u00fcken\" \/>\n<meta property=\"article:publisher\" content=\"https:\/\/es-es.facebook.com\/alfadyser\/\" \/>\n<meta property=\"article:modified_time\" content=\"2025-10-07T09:46:15+00:00\" \/>\n<meta property=\"og:image\" content=\"https:\/\/kuken.es\/wp-content\/uploads\/8425160347123_01.jpg\" \/>\n\t<meta property=\"og:image:width\" content=\"2000\" \/>\n\t<meta property=\"og:image:height\" content=\"2000\" \/>\n\t<meta property=\"og:image:type\" content=\"image\/jpeg\" \/>\n<meta name=\"twitter:card\" content=\"summary_large_image\" \/>\n<meta name=\"twitter:label1\" content=\"Price\" \/>\n\t<meta name=\"twitter:data1\" content=\"\" \/>\n\t<meta name=\"twitter:label2\" content=\"Availability\" \/>\n\t<meta name=\"twitter:data2\" content=\"In stock\" \/>\n<script type=\"application\/ld+json\" class=\"yoast-schema-graph\">{\"@context\":\"https:\/\/schema.org\",\"@graph\":[{\"@type\":\"WebPage\",\"@id\":\"https:\/\/kuken.es\/producto\/reloj-smartwatch-t900-kuken\/\",\"url\":\"https:\/\/kuken.es\/producto\/reloj-smartwatch-t900-kuken\/\",\"name\":\"RELOJ SMARTWATCH T900 KUKEN - K\u00fcken\",\"isPartOf\":{\"@id\":\"https:\/\/kuken.es\/#website\"},\"primaryImageOfPage\":{\"@id\":\"https:\/\/kuken.es\/producto\/reloj-smartwatch-t900-kuken\/#primaryimage\"},\"image\":{\"@id\":\"https:\/\/kuken.es\/producto\/reloj-smartwatch-t900-kuken\/#primaryimage\"},\"thumbnailUrl\":\"https:\/\/kuken.es\/wp-content\/uploads\/8425160347123_01.jpg\",\"datePublished\":\"2025-04-03T06:50:37+00:00\",\"dateModified\":\"2025-10-07T09:46:15+00:00\",\"description\":\"Reloj Smartwatch T900\u00a0K\u00fcken con pantalla LCD de 2.09\u201d, bater\u00eda de 260mAh, Bluetooth, iOS y Android, pasos,calor\u00edas, m\u00faltiples modos deportivos,etc.\",\"breadcrumb\":{\"@id\":\"https:\/\/kuken.es\/producto\/reloj-smartwatch-t900-kuken\/#breadcrumb\"},\"inLanguage\":\"en-GB\",\"potentialAction\":[{\"@type\":\"ReadAction\",\"target\":[\"https:\/\/kuken.es\/producto\/reloj-smartwatch-t900-kuken\/\"]}]},{\"@type\":\"ImageObject\",\"inLanguage\":\"en-GB\",\"@id\":\"https:\/\/kuken.es\/producto\/reloj-smartwatch-t900-kuken\/#primaryimage\",\"url\":\"https:\/\/kuken.es\/wp-content\/uploads\/8425160347123_01.jpg\",\"contentUrl\":\"https:\/\/kuken.es\/wp-content\/uploads\/8425160347123_01.jpg\",\"width\":2000,\"height\":2000},{\"@type\":\"BreadcrumbList\",\"@id\":\"https:\/\/kuken.es\/producto\/reloj-smartwatch-t900-kuken\/#breadcrumb\",\"itemListElement\":[{\"@type\":\"ListItem\",\"position\":1,\"name\":\"Portada\",\"item\":\"https:\/\/kuken.es\/\"},{\"@type\":\"ListItem\",\"position\":2,\"name\":\"Productos\",\"item\":\"https:\/\/kuken.es\/productos\/\"},{\"@type\":\"ListItem\",\"position\":3,\"name\":\"RELOJ SMARTWATCH T900 KUKEN\"}]},{\"@type\":\"WebSite\",\"@id\":\"https:\/\/kuken.es\/#website\",\"url\":\"https:\/\/kuken.es\/\",\"name\":\"K\u00fcken\",\"description\":\"Amplia gama de peque\u00f1o electrodom\u00e9stico k\u00fcken\",\"publisher\":{\"@id\":\"https:\/\/kuken.es\/#organization\"},\"potentialAction\":[{\"@type\":\"SearchAction\",\"target\":{\"@type\":\"EntryPoint\",\"urlTemplate\":\"https:\/\/kuken.es\/?s={search_term_string}\"},\"query-input\":{\"@type\":\"PropertyValueSpecification\",\"valueRequired\":true,\"valueName\":\"search_term_string\"}}],\"inLanguage\":\"en-GB\"},{\"@type\":\"Organization\",\"@id\":\"https:\/\/kuken.es\/#organization\",\"name\":\"Alfa Dyser\",\"url\":\"https:\/\/kuken.es\/\",\"logo\":{\"@type\":\"ImageObject\",\"inLanguage\":\"en-GB\",\"@id\":\"https:\/\/kuken.es\/#\/schema\/logo\/image\/\",\"url\":\"https:\/\/kuken.es\/wp-content\/uploads\/2019\/04\/kuken-logo.png\",\"contentUrl\":\"https:\/\/kuken.es\/wp-content\/uploads\/2019\/04\/kuken-logo.png\",\"width\":500,\"height\":191,\"caption\":\"Alfa Dyser\"},\"image\":{\"@id\":\"https:\/\/kuken.es\/#\/schema\/logo\/image\/\"},\"sameAs\":[\"https:\/\/es-es.facebook.com\/alfadyser\/\",\"https:\/\/www.instagram.com\/kuken_appliances\/\"]}]}<\/script>\n<meta property=\"product:price:amount\" content=\"0.00\" \/>\n<meta property=\"product:price:currency\" content=\"EUR\" \/>\n<meta property=\"og:availability\" content=\"instock\" \/>\n<meta property=\"product:availability\" content=\"instock\" \/>\n<meta property=\"product:retailer_item_id\" content=\"34712\" \/>\n<meta property=\"product:condition\" content=\"new\" \/>\n<!-- \/ Yoast SEO Premium plugin. -->","yoast_head_json":{"title":"RELOJ SMARTWATCH T900 KUKEN - K\u00fcken","description":"Reloj Smartwatch T900\u00a0K\u00fcken con pantalla LCD de 2.09\u201d, bater\u00eda de 260mAh, Bluetooth, iOS y Android, pasos,calor\u00edas, m\u00faltiples modos deportivos,etc.","robots":{"index":"index","follow":"follow","max-snippet":"max-snippet:-1","max-image-preview":"max-image-preview:large","max-video-preview":"max-video-preview:-1"},"canonical":"https:\/\/kuken.es\/en\/product-2\/reloj-smartwatch-t900-kuken\/","og_locale":"en_GB","og_type":"article","og_title":"RELOJ SMARTWATCH T900 KUKEN","og_description":"Reloj Smartwatch T900\u00a0K\u00fcken con pantalla LCD de 2.09\u201d, bater\u00eda de 260mAh, Bluetooth, iOS y Android, pasos,calor\u00edas, m\u00faltiples modos deportivos,etc.","og_url":"https:\/\/kuken.es\/en\/product-2\/reloj-smartwatch-t900-kuken\/","og_site_name":"K\u00fcken","article_publisher":"https:\/\/es-es.facebook.com\/alfadyser\/","article_modified_time":"2025-10-07T09:46:15+00:00","og_image":[{"width":2000,"height":2000,"url":"https:\/\/kuken.es\/wp-content\/uploads\/8425160347123_01.jpg","type":"image\/jpeg"}],"twitter_card":"summary_large_image","twitter_misc":{"Price":"","Availability":"In stock"},"schema":{"@context":"https:\/\/schema.org","@graph":[{"@type":"WebPage","@id":"https:\/\/kuken.es\/producto\/reloj-smartwatch-t900-kuken\/","url":"https:\/\/kuken.es\/producto\/reloj-smartwatch-t900-kuken\/","name":"RELOJ SMARTWATCH T900 KUKEN - K\u00fcken","isPartOf":{"@id":"https:\/\/kuken.es\/#website"},"primaryImageOfPage":{"@id":"https:\/\/kuken.es\/producto\/reloj-smartwatch-t900-kuken\/#primaryimage"},"image":{"@id":"https:\/\/kuken.es\/producto\/reloj-smartwatch-t900-kuken\/#primaryimage"},"thumbnailUrl":"https:\/\/kuken.es\/wp-content\/uploads\/8425160347123_01.jpg","datePublished":"2025-04-03T06:50:37+00:00","dateModified":"2025-10-07T09:46:15+00:00","description":"Reloj Smartwatch T900\u00a0K\u00fcken con pantalla LCD de 2.09\u201d, bater\u00eda de 260mAh, Bluetooth, iOS y Android, pasos,calor\u00edas, m\u00faltiples modos deportivos,etc.","breadcrumb":{"@id":"https:\/\/kuken.es\/producto\/reloj-smartwatch-t900-kuken\/#breadcrumb"},"inLanguage":"en-GB","potentialAction":[{"@type":"ReadAction","target":["https:\/\/kuken.es\/producto\/reloj-smartwatch-t900-kuken\/"]}]},{"@type":"ImageObject","inLanguage":"en-GB","@id":"https:\/\/kuken.es\/producto\/reloj-smartwatch-t900-kuken\/#primaryimage","url":"https:\/\/kuken.es\/wp-content\/uploads\/8425160347123_01.jpg","contentUrl":"https:\/\/kuken.es\/wp-content\/uploads\/8425160347123_01.jpg","width":2000,"height":2000},{"@type":"BreadcrumbList","@id":"https:\/\/kuken.es\/producto\/reloj-smartwatch-t900-kuken\/#breadcrumb","itemListElement":[{"@type":"ListItem","position":1,"name":"Portada","item":"https:\/\/kuken.es\/"},{"@type":"ListItem","position":2,"name":"Productos","item":"https:\/\/kuken.es\/productos\/"},{"@type":"ListItem","position":3,"name":"RELOJ SMARTWATCH T900 KUKEN"}]},{"@type":"WebSite","@id":"https:\/\/kuken.es\/#website","url":"https:\/\/kuken.es\/","name":"K\u00fcken","description":"Wide range of k\u00fcken small household appliances","publisher":{"@id":"https:\/\/kuken.es\/#organization"},"potentialAction":[{"@type":"SearchAction","target":{"@type":"EntryPoint","urlTemplate":"https:\/\/kuken.es\/?s={search_term_string}"},"query-input":{"@type":"PropertyValueSpecification","valueRequired":true,"valueName":"search_term_string"}}],"inLanguage":"en-GB"},{"@type":"Organization","@id":"https:\/\/kuken.es\/#organization","name":"Alpha Dyser","url":"https:\/\/kuken.es\/","logo":{"@type":"ImageObject","inLanguage":"en-GB","@id":"https:\/\/kuken.es\/#\/schema\/logo\/image\/","url":"https:\/\/kuken.es\/wp-content\/uploads\/2019\/04\/kuken-logo.png","contentUrl":"https:\/\/kuken.es\/wp-content\/uploads\/2019\/04\/kuken-logo.png","width":500,"height":191,"caption":"Alfa Dyser"},"image":{"@id":"https:\/\/kuken.es\/#\/schema\/logo\/image\/"},"sameAs":["https:\/\/es-es.facebook.com\/alfadyser\/","https:\/\/www.instagram.com\/kuken_appliances\/"]}]},"product_price_amount":"0.00","product_price_currency":"EUR","og_availability":"instock","product_availability":"instock","product_retailer_item_id":"34712","product_condition":"new"},"_links":{"self":[{"href":"https:\/\/kuken.es\/en\/wp-json\/wp\/v2\/product\/11706","targetHints":{"allow":["GET"]}}],"collection":[{"href":"https:\/\/kuken.es\/en\/wp-json\/wp\/v2\/product"}],"about":[{"href":"https:\/\/kuken.es\/en\/wp-json\/wp\/v2\/types\/product"}],"wp:featuredmedia":[{"embeddable":true,"href":"https:\/\/kuken.es\/en\/wp-json\/wp\/v2\/media\/12500"}],"wp:attachment":[{"href":"https:\/\/kuken.es\/en\/wp-json\/wp\/v2\/media?parent=11706"}],"wp:term":[{"taxonomy":"product_brand","embeddable":true,"href":"https:\/\/kuken.es\/en\/wp-json\/wp\/v2\/product_brand?post=11706"},{"taxonomy":"product_cat","embeddable":true,"href":"https:\/\/kuken.es\/en\/wp-json\/wp\/v2\/product_cat?post=11706"},{"taxonomy":"product_tag","embeddable":true,"href":"https:\/\/kuken.es\/en\/wp-json\/wp\/v2\/product_tag?post=11706"}],"curies":[{"name":"wp","href":"https:\/\/api.w.org\/{rel}","templated":true}]}}