{"id":11687,"date":"2025-03-05T09:41:56","date_gmt":"2025-03-05T08:41:56","guid":{"rendered":"https:\/\/kuken.es\/?post_type=product&#038;p=11687"},"modified":"2026-02-09T07:23:25","modified_gmt":"2026-02-09T06:23:25","slug":"envasadora-al-vacio-800w-kuken","status":"publish","type":"product","link":"https:\/\/kuken.es\/en\/product-2\/envasadora-al-vacio-800w-kuken\/","title":{"rendered":"ENVASADORA AL VACIO 800W KUKEN"},"content":{"rendered":"<p>ENVASADORA AL VACIO 800W K\u00dcKEN<\/p>\n<ul>\n<li data-start=\"141\" data-end=\"188\">Envasadora al vac\u00edo con potencia de 80 W.<\/li>\n<li data-start=\"191\" data-end=\"239\">Alimentaci\u00f3n el\u00e9ctrica: 220\u2013240 V ~ 50 Hz.<\/li>\n<li data-start=\"242\" data-end=\"304\">Cuerpo de PC con elegante acabado en blanco y negro.<\/li>\n<li data-start=\"307\" data-end=\"340\">Incorpora 3 funciones de uso:<\/li>\n<li data-start=\"345\" data-end=\"415\">Sellado al vac\u00edo autom\u00e1tico: aspira y sella de forma autom\u00e1tica.<\/li>\n<li data-start=\"420\" data-end=\"512\">Vac\u00edo manual: funciona mientras se mantiene pulsado el bot\u00f3n y se detiene al soltarlo.<\/li>\n<li data-start=\"517\" data-end=\"572\">Sellado \u00fanico: sella la bolsa sin realizar vac\u00edo.<\/li>\n<li data-start=\"575\" data-end=\"647\">Pantalla integrada que muestra la cuenta atr\u00e1s durante el proceso.<\/li>\n<li data-start=\"650\" data-end=\"744\">Ideal para conservar carne, pescado, verduras, frutas, legumbres, entre otros alimentos.<\/li>\n<li data-start=\"747\" data-end=\"832\">Ayuda a mantener los alimentos frescos, preservando su sabor y propiedades.<\/li>\n<li data-start=\"835\" data-end=\"897\">Bandeja interior recoge l\u00edquidos para un uso m\u00e1s limpio.<\/li>\n<li data-start=\"900\" data-end=\"975\">Base antideslizante para mayor estabilidad durante el funcionamiento.<\/li>\n<li data-start=\"978\" data-end=\"1040\">Incluye 10 bolsas para comenzar a utilizarla de inmediato.<\/li>\n<\/ul>\n<div class=\"accordion\"><div class=\"mfn-acc accordion_wrapper  toggle\"><div class=\"question\"><div class=\"title\"><i class=\"icon-plus acc-icon-plus\" aria-hidden=\"true\"><\/i><i class=\"icon-minus acc-icon-minus\" aria-hidden=\"true\"><\/i>Product data<\/div><div class=\"answer\">EAN 84251603451105<\/p>\n<p>ENVASADORA AL VACIO 800W K\u00dcKEN<br \/>\nPack unit: 1<br \/>\nColour: Grey<br \/>\nPackaging: Coloured box<br \/>\nPower: 80W<br \/>\nVoltaje: 220\u2013240 V ~ 50 Hz.<br \/>\nMaterial: PC<br \/>\n<\/div><\/div>\n<\/div><\/div>\n\n<div class=\"descargas-producto\"><img loading=\"lazy\" decoding=\"async\" src=\"\/wp-content\/uploads\/2019\/12\/picto-descarrega.png\" alt=\"download data sheet\" width=\"23\" height=\"16\" \/><a href=\"https:\/\/kuken.es\/wp-content\/uploads\/8425160345105_ficha_tecnica.pdf\">Download sheet<\/a><br \/>\n<img loading=\"lazy\" decoding=\"async\" src=\"\/wp-content\/uploads\/2019\/12\/picto-descarrega.png\" alt=\"download instruction manual\" width=\"23\" height=\"16\" \/><a href=\"https:\/\/kuken.es\/wp-content\/uploads\/34510_instrucciones_compressed.pdf\">Download manual<\/a><\/div>\n<div><\/div>\n<div>\n<div><span style=\"color: #bf2121;\">Follow us on social media!<\/span><\/div>\n<div><a href=\"https:\/\/www.instagram.com\/kuken_appliances\/\">https:\/\/www.instagram.com\/kuken_appliances\/<\/a><\/div>\n<div><\/div>\n<\/div>","protected":false},"excerpt":{"rendered":"<p>Envasadora al vac\u00edo de 80 W con tres funciones de sellado y pantalla con cuenta atr\u00e1s. Ideal para conservar alimentos frescos manteniendo su sabor y propiedades. Incluye bandeja recoge l\u00edquidos, base antideslizante y 10 bolsas.<\/p>","protected":false},"featured_media":12644,"template":"","meta":[],"product_brand":[],"product_cat":[107],"product_tag":[],"class_list":{"0":"post-11687","1":"product","2":"type-product","3":"status-publish","4":"has-post-thumbnail","6":"product_cat-batidoras-premium","8":"first","9":"instock","10":"shipping-taxable","11":"product-type-simple"},"yoast_head":"<!-- This site is optimized with the Yoast SEO Premium plugin v24.0 (Yoast SEO v26.5) - https:\/\/yoast.com\/wordpress\/plugins\/seo\/ -->\n<title>ENVASADORA AL VACIO 800W KUKEN - K\u00fcken<\/title>\n<meta name=\"description\" content=\"Envasadora al vacio kuken 800w de potencia. Con un dise\u00f1o ergon\u00f3mico y manejable . Descubre la envasadora al vacio en la web de k\u00fcken.\" \/>\n<meta name=\"robots\" content=\"index, follow, max-snippet:-1, max-image-preview:large, max-video-preview:-1\" \/>\n<link rel=\"canonical\" href=\"https:\/\/kuken.es\/en\/product-2\/envasadora-al-vacio-800w-kuken\/\" \/>\n<meta property=\"og:locale\" content=\"en_GB\" \/>\n<meta property=\"og:type\" content=\"article\" \/>\n<meta property=\"og:title\" content=\"ENVASADORA AL VACIO 800W KUKEN\" \/>\n<meta property=\"og:description\" content=\"Envasadora al vacio kuken 800w de potencia. Con un dise\u00f1o ergon\u00f3mico y manejable . Descubre la envasadora al vacio en la web de k\u00fcken.\" \/>\n<meta property=\"og:url\" content=\"https:\/\/kuken.es\/en\/product-2\/envasadora-al-vacio-800w-kuken\/\" \/>\n<meta property=\"og:site_name\" content=\"K\u00fcken\" \/>\n<meta property=\"article:publisher\" content=\"https:\/\/es-es.facebook.com\/alfadyser\/\" \/>\n<meta property=\"article:modified_time\" content=\"2026-02-09T06:23:25+00:00\" \/>\n<meta property=\"og:image\" content=\"https:\/\/kuken.es\/wp-content\/uploads\/8425160345105_01.jpg\" \/>\n\t<meta property=\"og:image:width\" content=\"2000\" \/>\n\t<meta property=\"og:image:height\" content=\"2000\" \/>\n\t<meta property=\"og:image:type\" content=\"image\/jpeg\" \/>\n<meta name=\"twitter:card\" content=\"summary_large_image\" \/>\n<meta name=\"twitter:label1\" content=\"Price\" \/>\n\t<meta name=\"twitter:data1\" content=\"\" \/>\n\t<meta name=\"twitter:label2\" content=\"Availability\" \/>\n\t<meta name=\"twitter:data2\" content=\"In stock\" \/>\n<script type=\"application\/ld+json\" class=\"yoast-schema-graph\">{\"@context\":\"https:\/\/schema.org\",\"@graph\":[{\"@type\":\"WebPage\",\"@id\":\"https:\/\/kuken.es\/producto\/envasadora-al-vacio-800w-kuken\/\",\"url\":\"https:\/\/kuken.es\/producto\/envasadora-al-vacio-800w-kuken\/\",\"name\":\"ENVASADORA AL VACIO 800W KUKEN - K\u00fcken\",\"isPartOf\":{\"@id\":\"https:\/\/kuken.es\/#website\"},\"primaryImageOfPage\":{\"@id\":\"https:\/\/kuken.es\/producto\/envasadora-al-vacio-800w-kuken\/#primaryimage\"},\"image\":{\"@id\":\"https:\/\/kuken.es\/producto\/envasadora-al-vacio-800w-kuken\/#primaryimage\"},\"thumbnailUrl\":\"https:\/\/kuken.es\/wp-content\/uploads\/8425160345105_01.jpg\",\"datePublished\":\"2025-03-05T08:41:56+00:00\",\"dateModified\":\"2026-02-09T06:23:25+00:00\",\"description\":\"Envasadora al vacio kuken 800w de potencia. Con un dise\u00f1o ergon\u00f3mico y manejable . Descubre la envasadora al vacio en la web de k\u00fcken.\",\"breadcrumb\":{\"@id\":\"https:\/\/kuken.es\/producto\/envasadora-al-vacio-800w-kuken\/#breadcrumb\"},\"inLanguage\":\"en-GB\",\"potentialAction\":[{\"@type\":\"ReadAction\",\"target\":[\"https:\/\/kuken.es\/producto\/envasadora-al-vacio-800w-kuken\/\"]}]},{\"@type\":\"ImageObject\",\"inLanguage\":\"en-GB\",\"@id\":\"https:\/\/kuken.es\/producto\/envasadora-al-vacio-800w-kuken\/#primaryimage\",\"url\":\"https:\/\/kuken.es\/wp-content\/uploads\/8425160345105_01.jpg\",\"contentUrl\":\"https:\/\/kuken.es\/wp-content\/uploads\/8425160345105_01.jpg\",\"width\":2000,\"height\":2000},{\"@type\":\"BreadcrumbList\",\"@id\":\"https:\/\/kuken.es\/producto\/envasadora-al-vacio-800w-kuken\/#breadcrumb\",\"itemListElement\":[{\"@type\":\"ListItem\",\"position\":1,\"name\":\"Portada\",\"item\":\"https:\/\/kuken.es\/\"},{\"@type\":\"ListItem\",\"position\":2,\"name\":\"Productos\",\"item\":\"https:\/\/kuken.es\/productos\/\"},{\"@type\":\"ListItem\",\"position\":3,\"name\":\"ENVASADORA AL VACIO 800W KUKEN\"}]},{\"@type\":\"WebSite\",\"@id\":\"https:\/\/kuken.es\/#website\",\"url\":\"https:\/\/kuken.es\/\",\"name\":\"K\u00fcken\",\"description\":\"Amplia gama de peque\u00f1o electrodom\u00e9stico k\u00fcken\",\"publisher\":{\"@id\":\"https:\/\/kuken.es\/#organization\"},\"potentialAction\":[{\"@type\":\"SearchAction\",\"target\":{\"@type\":\"EntryPoint\",\"urlTemplate\":\"https:\/\/kuken.es\/?s={search_term_string}\"},\"query-input\":{\"@type\":\"PropertyValueSpecification\",\"valueRequired\":true,\"valueName\":\"search_term_string\"}}],\"inLanguage\":\"en-GB\"},{\"@type\":\"Organization\",\"@id\":\"https:\/\/kuken.es\/#organization\",\"name\":\"Alfa Dyser\",\"url\":\"https:\/\/kuken.es\/\",\"logo\":{\"@type\":\"ImageObject\",\"inLanguage\":\"en-GB\",\"@id\":\"https:\/\/kuken.es\/#\/schema\/logo\/image\/\",\"url\":\"https:\/\/kuken.es\/wp-content\/uploads\/2019\/04\/kuken-logo.png\",\"contentUrl\":\"https:\/\/kuken.es\/wp-content\/uploads\/2019\/04\/kuken-logo.png\",\"width\":500,\"height\":191,\"caption\":\"Alfa Dyser\"},\"image\":{\"@id\":\"https:\/\/kuken.es\/#\/schema\/logo\/image\/\"},\"sameAs\":[\"https:\/\/es-es.facebook.com\/alfadyser\/\",\"https:\/\/www.instagram.com\/kuken_appliances\/\"]}]}<\/script>\n<meta property=\"product:price:amount\" content=\"0.00\" \/>\n<meta property=\"product:price:currency\" content=\"EUR\" \/>\n<meta property=\"og:availability\" content=\"instock\" \/>\n<meta property=\"product:availability\" content=\"instock\" \/>\n<meta property=\"product:retailer_item_id\" content=\"34510\" \/>\n<meta property=\"product:condition\" content=\"new\" \/>\n<!-- \/ Yoast SEO Premium plugin. -->","yoast_head_json":{"title":"ENVASADORA AL VACIO 800W KUKEN - K\u00fcken","description":"Envasadora al vacio kuken 800w de potencia. Con un dise\u00f1o ergon\u00f3mico y manejable . Descubre la envasadora al vacio en la web de k\u00fcken.","robots":{"index":"index","follow":"follow","max-snippet":"max-snippet:-1","max-image-preview":"max-image-preview:large","max-video-preview":"max-video-preview:-1"},"canonical":"https:\/\/kuken.es\/en\/product-2\/envasadora-al-vacio-800w-kuken\/","og_locale":"en_GB","og_type":"article","og_title":"ENVASADORA AL VACIO 800W KUKEN","og_description":"Envasadora al vacio kuken 800w de potencia. Con un dise\u00f1o ergon\u00f3mico y manejable . Descubre la envasadora al vacio en la web de k\u00fcken.","og_url":"https:\/\/kuken.es\/en\/product-2\/envasadora-al-vacio-800w-kuken\/","og_site_name":"K\u00fcken","article_publisher":"https:\/\/es-es.facebook.com\/alfadyser\/","article_modified_time":"2026-02-09T06:23:25+00:00","og_image":[{"width":2000,"height":2000,"url":"https:\/\/kuken.es\/wp-content\/uploads\/8425160345105_01.jpg","type":"image\/jpeg"}],"twitter_card":"summary_large_image","twitter_misc":{"Price":"","Availability":"In stock"},"schema":{"@context":"https:\/\/schema.org","@graph":[{"@type":"WebPage","@id":"https:\/\/kuken.es\/producto\/envasadora-al-vacio-800w-kuken\/","url":"https:\/\/kuken.es\/producto\/envasadora-al-vacio-800w-kuken\/","name":"ENVASADORA AL VACIO 800W KUKEN - K\u00fcken","isPartOf":{"@id":"https:\/\/kuken.es\/#website"},"primaryImageOfPage":{"@id":"https:\/\/kuken.es\/producto\/envasadora-al-vacio-800w-kuken\/#primaryimage"},"image":{"@id":"https:\/\/kuken.es\/producto\/envasadora-al-vacio-800w-kuken\/#primaryimage"},"thumbnailUrl":"https:\/\/kuken.es\/wp-content\/uploads\/8425160345105_01.jpg","datePublished":"2025-03-05T08:41:56+00:00","dateModified":"2026-02-09T06:23:25+00:00","description":"Envasadora al vacio kuken 800w de potencia. Con un dise\u00f1o ergon\u00f3mico y manejable . Descubre la envasadora al vacio en la web de k\u00fcken.","breadcrumb":{"@id":"https:\/\/kuken.es\/producto\/envasadora-al-vacio-800w-kuken\/#breadcrumb"},"inLanguage":"en-GB","potentialAction":[{"@type":"ReadAction","target":["https:\/\/kuken.es\/producto\/envasadora-al-vacio-800w-kuken\/"]}]},{"@type":"ImageObject","inLanguage":"en-GB","@id":"https:\/\/kuken.es\/producto\/envasadora-al-vacio-800w-kuken\/#primaryimage","url":"https:\/\/kuken.es\/wp-content\/uploads\/8425160345105_01.jpg","contentUrl":"https:\/\/kuken.es\/wp-content\/uploads\/8425160345105_01.jpg","width":2000,"height":2000},{"@type":"BreadcrumbList","@id":"https:\/\/kuken.es\/producto\/envasadora-al-vacio-800w-kuken\/#breadcrumb","itemListElement":[{"@type":"ListItem","position":1,"name":"Portada","item":"https:\/\/kuken.es\/"},{"@type":"ListItem","position":2,"name":"Productos","item":"https:\/\/kuken.es\/productos\/"},{"@type":"ListItem","position":3,"name":"ENVASADORA AL VACIO 800W KUKEN"}]},{"@type":"WebSite","@id":"https:\/\/kuken.es\/#website","url":"https:\/\/kuken.es\/","name":"K\u00fcken","description":"Wide range of k\u00fcken small household appliances","publisher":{"@id":"https:\/\/kuken.es\/#organization"},"potentialAction":[{"@type":"SearchAction","target":{"@type":"EntryPoint","urlTemplate":"https:\/\/kuken.es\/?s={search_term_string}"},"query-input":{"@type":"PropertyValueSpecification","valueRequired":true,"valueName":"search_term_string"}}],"inLanguage":"en-GB"},{"@type":"Organization","@id":"https:\/\/kuken.es\/#organization","name":"Alpha Dyser","url":"https:\/\/kuken.es\/","logo":{"@type":"ImageObject","inLanguage":"en-GB","@id":"https:\/\/kuken.es\/#\/schema\/logo\/image\/","url":"https:\/\/kuken.es\/wp-content\/uploads\/2019\/04\/kuken-logo.png","contentUrl":"https:\/\/kuken.es\/wp-content\/uploads\/2019\/04\/kuken-logo.png","width":500,"height":191,"caption":"Alfa Dyser"},"image":{"@id":"https:\/\/kuken.es\/#\/schema\/logo\/image\/"},"sameAs":["https:\/\/es-es.facebook.com\/alfadyser\/","https:\/\/www.instagram.com\/kuken_appliances\/"]}]},"product_price_amount":"0.00","product_price_currency":"EUR","og_availability":"instock","product_availability":"instock","product_retailer_item_id":"34510","product_condition":"new"},"_links":{"self":[{"href":"https:\/\/kuken.es\/en\/wp-json\/wp\/v2\/product\/11687","targetHints":{"allow":["GET"]}}],"collection":[{"href":"https:\/\/kuken.es\/en\/wp-json\/wp\/v2\/product"}],"about":[{"href":"https:\/\/kuken.es\/en\/wp-json\/wp\/v2\/types\/product"}],"wp:featuredmedia":[{"embeddable":true,"href":"https:\/\/kuken.es\/en\/wp-json\/wp\/v2\/media\/12644"}],"wp:attachment":[{"href":"https:\/\/kuken.es\/en\/wp-json\/wp\/v2\/media?parent=11687"}],"wp:term":[{"taxonomy":"product_brand","embeddable":true,"href":"https:\/\/kuken.es\/en\/wp-json\/wp\/v2\/product_brand?post=11687"},{"taxonomy":"product_cat","embeddable":true,"href":"https:\/\/kuken.es\/en\/wp-json\/wp\/v2\/product_cat?post=11687"},{"taxonomy":"product_tag","embeddable":true,"href":"https:\/\/kuken.es\/en\/wp-json\/wp\/v2\/product_tag?post=11687"}],"curies":[{"name":"wp","href":"https:\/\/api.w.org\/{rel}","templated":true}]}}