{"id":11373,"date":"2024-10-02T13:44:03","date_gmt":"2024-10-02T11:44:03","guid":{"rendered":"https:\/\/kuken.es\/?post_type=product&#038;p=11373"},"modified":"2025-06-03T07:08:10","modified_gmt":"2025-06-03T05:08:10","slug":"digital-induction-plate-2000w-kuken-2","status":"publish","type":"product","link":"https:\/\/kuken.es\/en\/product-2\/digital-induction-plate-2000w-kuken-2\/","title":{"rendered":"K\u00dcKEN 2000W INDUCTION HOB"},"content":{"rendered":"<p>K\u00dcKEN 2000W INDUCTION HOB<\/p>\n<p class=\"\" data-start=\"682\" data-end=\"763\">\u2022 Potencia m\u00e1xima de 2000W, perfecta para cocinar con rapidez y eficiencia.<\/p>\n<p class=\"\" data-start=\"765\" data-end=\"854\">\u2022 Selector de potencia en niveles 400\/800\/1200\/2000W, ajusta seg\u00fan tus necesidades.<\/p>\n<p class=\"\" data-start=\"856\" data-end=\"927\">\u2022 Pantalla t\u00e1ctil digital, ofrece un control intuitivo y moderno.<\/p>\n<p class=\"\" data-start=\"929\" data-end=\"1008\">\u2022 Detecci\u00f3n autom\u00e1tica de olla o sart\u00e9n, activa solo cuando hay contacto.<\/p>\n<p class=\"\" data-start=\"1010\" data-end=\"1089\">\u2022 Dise\u00f1o extraplan, ideal para espacios reducidos o cocinas minimalistas.<\/p>\n<p class=\"\" data-start=\"1091\" data-end=\"1167\">\u2022 Temporizador integrado, programa el tiempo de cocci\u00f3n con precisi\u00f3n.<\/p>\n<p class=\"\" data-start=\"1169\" data-end=\"1242\">\u2022 Superficie f\u00e1cil de limpiar, pr\u00e1ctica y lista para el uso diario.<\/p>\n<p><div class=\"accordion\"><div class=\"mfn-acc accordion_wrapper  toggle\"><div class=\"question\"><div class=\"title\"><i class=\"icon-plus acc-icon-plus\" aria-hidden=\"true\"><\/i><i class=\"icon-minus acc-icon-minus\" aria-hidden=\"true\"><\/i>Product data<\/div><div class=\"answer\">EAN 8425160493394<\/p>\n<p>K\u00dcKEN 2000W INDUCTION HOB<\/p>\n<p>Package unit 1<br \/>\nColour Black<br \/>\nPackaging Colour box<br \/>\nPotencia 2000W<br \/>\nVoltage 230V<br \/>\nWeight 1.75 kg.<\/div><\/div>\n<\/div><\/div>\n<br \/>\n<div class=\"accordion\"><div class=\"mfn-acc accordion_wrapper  toggle\"><div class=\"question\"><div class=\"title\"><i class=\"icon-plus acc-icon-plus\" aria-hidden=\"true\"><\/i><i class=\"icon-minus acc-icon-minus\" aria-hidden=\"true\"><\/i>Accessories<\/div><div class=\"answer\"><\/div><\/div>\n<\/div><\/div>\n<\/p>\n<div class=\"descargas-producto\"><img loading=\"lazy\" decoding=\"async\" src=\"\/wp-content\/uploads\/2019\/12\/picto-descarrega.png\" alt=\"download data sheet\" width=\"23\" height=\"16\" \/>Download sheet<br \/>\n<img loading=\"lazy\" decoding=\"async\" src=\"\/wp-content\/uploads\/2019\/12\/picto-descarrega.png\" alt=\"download instruction manual\" width=\"23\" height=\"16\" \/><a href=\"https:\/\/kuken.es\/wp-content\/uploads\/49339_manual_instrucciones_maqueta_compressed.pdf\">Download manual<\/a><\/div>\n<div><\/div>\n<div><span style=\"color: #bf2121\">Follow us on social media!<\/span><\/div>\n<div><a href=\"https:\/\/www.instagram.com\/kuken_appliances\/\">https:\/\/www.instagram.com\/kuken_appliances\/<\/a><\/div>","protected":false},"excerpt":{"rendered":"<p class=\"\" data-start=\"455\" data-end=\"611\">Compacta, elegante y potente. Disfruta de una cocci\u00f3n precisa con controles t\u00e1ctiles, selecci\u00f3n de potencia y dise\u00f1o extraplan. Ideal para cocinas modernas.<\/p>","protected":false},"featured_media":11649,"template":"","meta":[],"product_brand":[],"product_cat":[50,38],"product_tag":[],"class_list":{"0":"post-11373","1":"product","2":"type-product","3":"status-publish","4":"has-post-thumbnail","6":"product_cat-hornillos-premium","7":"product_cat-premium","9":"first","10":"instock","11":"product-type-simple"},"yoast_head":"<!-- This site is optimized with the Yoast SEO Premium plugin v24.0 (Yoast SEO v26.5) - https:\/\/yoast.com\/wordpress\/plugins\/seo\/ -->\n<title>PLACA INDUCCI\u00d3N 2000W K\u00dcKEN - K\u00fcken<\/title>\n<meta name=\"description\" content=\"Placa inducci\u00f3n 2000W K\u00dcKEN, con pantalla t\u00e1ctil, selecci\u00f3n de potencia, detecci\u00f3n autom\u00e1tica y dise\u00f1o extraplan. Segura y f\u00e1cil de limpiar.\" \/>\n<meta name=\"robots\" content=\"index, follow, max-snippet:-1, max-image-preview:large, max-video-preview:-1\" \/>\n<link rel=\"canonical\" href=\"https:\/\/kuken.es\/en\/product-2\/digital-induction-plate-2000w-kuken-2\/\" \/>\n<meta property=\"og:locale\" content=\"en_GB\" \/>\n<meta property=\"og:type\" content=\"article\" \/>\n<meta property=\"og:title\" content=\"PLACA INDUCCI\u00d3N 2000W K\u00dcKEN\" \/>\n<meta property=\"og:description\" content=\"Placa inducci\u00f3n 2000W K\u00dcKEN, con pantalla t\u00e1ctil, selecci\u00f3n de potencia, detecci\u00f3n autom\u00e1tica y dise\u00f1o extraplan. Segura y f\u00e1cil de limpiar.\" \/>\n<meta property=\"og:url\" content=\"https:\/\/kuken.es\/en\/product-2\/digital-induction-plate-2000w-kuken-2\/\" \/>\n<meta property=\"og:site_name\" content=\"K\u00fcken\" \/>\n<meta property=\"article:publisher\" content=\"https:\/\/es-es.facebook.com\/alfadyser\/\" \/>\n<meta property=\"article:modified_time\" content=\"2025-06-03T05:08:10+00:00\" \/>\n<meta property=\"og:image\" content=\"https:\/\/kuken.es\/wp-content\/uploads\/8425160493394_01.jpg\" \/>\n\t<meta property=\"og:image:width\" content=\"2000\" \/>\n\t<meta property=\"og:image:height\" content=\"2000\" \/>\n\t<meta property=\"og:image:type\" content=\"image\/jpeg\" \/>\n<meta name=\"twitter:card\" content=\"summary_large_image\" \/>\n<meta name=\"twitter:label1\" content=\"Price\" \/>\n\t<meta name=\"twitter:data1\" content=\"\" \/>\n\t<meta name=\"twitter:label2\" content=\"Availability\" \/>\n\t<meta name=\"twitter:data2\" content=\"In stock\" \/>\n<script type=\"application\/ld+json\" class=\"yoast-schema-graph\">{\"@context\":\"https:\/\/schema.org\",\"@graph\":[{\"@type\":\"WebPage\",\"@id\":\"https:\/\/kuken.es\/producto\/placa-induccion-2000w\/\",\"url\":\"https:\/\/kuken.es\/producto\/placa-induccion-2000w\/\",\"name\":\"PLACA INDUCCI\u00d3N 2000W K\u00dcKEN - K\u00fcken\",\"isPartOf\":{\"@id\":\"https:\/\/kuken.es\/#website\"},\"primaryImageOfPage\":{\"@id\":\"https:\/\/kuken.es\/producto\/placa-induccion-2000w\/#primaryimage\"},\"image\":{\"@id\":\"https:\/\/kuken.es\/producto\/placa-induccion-2000w\/#primaryimage\"},\"thumbnailUrl\":\"https:\/\/kuken.es\/wp-content\/uploads\/8425160493394_01.jpg\",\"datePublished\":\"2024-10-02T11:44:03+00:00\",\"dateModified\":\"2025-06-03T05:08:10+00:00\",\"description\":\"Placa inducci\u00f3n 2000W K\u00dcKEN, con pantalla t\u00e1ctil, selecci\u00f3n de potencia, detecci\u00f3n autom\u00e1tica y dise\u00f1o extraplan. Segura y f\u00e1cil de limpiar.\",\"breadcrumb\":{\"@id\":\"https:\/\/kuken.es\/producto\/placa-induccion-2000w\/#breadcrumb\"},\"inLanguage\":\"en-GB\",\"potentialAction\":[{\"@type\":\"ReadAction\",\"target\":[\"https:\/\/kuken.es\/producto\/placa-induccion-2000w\/\"]}]},{\"@type\":\"ImageObject\",\"inLanguage\":\"en-GB\",\"@id\":\"https:\/\/kuken.es\/producto\/placa-induccion-2000w\/#primaryimage\",\"url\":\"https:\/\/kuken.es\/wp-content\/uploads\/8425160493394_01.jpg\",\"contentUrl\":\"https:\/\/kuken.es\/wp-content\/uploads\/8425160493394_01.jpg\",\"width\":2000,\"height\":2000},{\"@type\":\"BreadcrumbList\",\"@id\":\"https:\/\/kuken.es\/producto\/placa-induccion-2000w\/#breadcrumb\",\"itemListElement\":[{\"@type\":\"ListItem\",\"position\":1,\"name\":\"Portada\",\"item\":\"https:\/\/kuken.es\/\"},{\"@type\":\"ListItem\",\"position\":2,\"name\":\"Productos\",\"item\":\"https:\/\/kuken.es\/productos\/\"},{\"@type\":\"ListItem\",\"position\":3,\"name\":\"PLACA INDUCCI\u00d3N 2000W K\u00dcKEN\"}]},{\"@type\":\"WebSite\",\"@id\":\"https:\/\/kuken.es\/#website\",\"url\":\"https:\/\/kuken.es\/\",\"name\":\"K\u00fcken\",\"description\":\"Amplia gama de peque\u00f1o electrodom\u00e9stico k\u00fcken\",\"publisher\":{\"@id\":\"https:\/\/kuken.es\/#organization\"},\"potentialAction\":[{\"@type\":\"SearchAction\",\"target\":{\"@type\":\"EntryPoint\",\"urlTemplate\":\"https:\/\/kuken.es\/?s={search_term_string}\"},\"query-input\":{\"@type\":\"PropertyValueSpecification\",\"valueRequired\":true,\"valueName\":\"search_term_string\"}}],\"inLanguage\":\"en-GB\"},{\"@type\":\"Organization\",\"@id\":\"https:\/\/kuken.es\/#organization\",\"name\":\"Alfa Dyser\",\"url\":\"https:\/\/kuken.es\/\",\"logo\":{\"@type\":\"ImageObject\",\"inLanguage\":\"en-GB\",\"@id\":\"https:\/\/kuken.es\/#\/schema\/logo\/image\/\",\"url\":\"https:\/\/kuken.es\/wp-content\/uploads\/2019\/04\/kuken-logo.png\",\"contentUrl\":\"https:\/\/kuken.es\/wp-content\/uploads\/2019\/04\/kuken-logo.png\",\"width\":500,\"height\":191,\"caption\":\"Alfa Dyser\"},\"image\":{\"@id\":\"https:\/\/kuken.es\/#\/schema\/logo\/image\/\"},\"sameAs\":[\"https:\/\/es-es.facebook.com\/alfadyser\/\",\"https:\/\/www.instagram.com\/kuken_appliances\/\"]}]}<\/script>\n<meta property=\"product:price:amount\" content=\"0.00\" \/>\n<meta property=\"product:price:currency\" content=\"EUR\" \/>\n<meta property=\"og:availability\" content=\"instock\" \/>\n<meta property=\"product:availability\" content=\"instock\" \/>\n<meta property=\"product:retailer_item_id\" content=\"49339\" \/>\n<meta property=\"product:condition\" content=\"new\" \/>\n<!-- \/ Yoast SEO Premium plugin. -->","yoast_head_json":{"title":"PLACA INDUCCI\u00d3N 2000W K\u00dcKEN - K\u00fcken","description":"Placa inducci\u00f3n 2000W K\u00dcKEN, con pantalla t\u00e1ctil, selecci\u00f3n de potencia, detecci\u00f3n autom\u00e1tica y dise\u00f1o extraplan. Segura y f\u00e1cil de limpiar.","robots":{"index":"index","follow":"follow","max-snippet":"max-snippet:-1","max-image-preview":"max-image-preview:large","max-video-preview":"max-video-preview:-1"},"canonical":"https:\/\/kuken.es\/en\/product-2\/digital-induction-plate-2000w-kuken-2\/","og_locale":"en_GB","og_type":"article","og_title":"PLACA INDUCCI\u00d3N 2000W K\u00dcKEN","og_description":"Placa inducci\u00f3n 2000W K\u00dcKEN, con pantalla t\u00e1ctil, selecci\u00f3n de potencia, detecci\u00f3n autom\u00e1tica y dise\u00f1o extraplan. Segura y f\u00e1cil de limpiar.","og_url":"https:\/\/kuken.es\/en\/product-2\/digital-induction-plate-2000w-kuken-2\/","og_site_name":"K\u00fcken","article_publisher":"https:\/\/es-es.facebook.com\/alfadyser\/","article_modified_time":"2025-06-03T05:08:10+00:00","og_image":[{"width":2000,"height":2000,"url":"https:\/\/kuken.es\/wp-content\/uploads\/8425160493394_01.jpg","type":"image\/jpeg"}],"twitter_card":"summary_large_image","twitter_misc":{"Price":"","Availability":"In stock"},"schema":{"@context":"https:\/\/schema.org","@graph":[{"@type":"WebPage","@id":"https:\/\/kuken.es\/producto\/placa-induccion-2000w\/","url":"https:\/\/kuken.es\/producto\/placa-induccion-2000w\/","name":"PLACA INDUCCI\u00d3N 2000W K\u00dcKEN - K\u00fcken","isPartOf":{"@id":"https:\/\/kuken.es\/#website"},"primaryImageOfPage":{"@id":"https:\/\/kuken.es\/producto\/placa-induccion-2000w\/#primaryimage"},"image":{"@id":"https:\/\/kuken.es\/producto\/placa-induccion-2000w\/#primaryimage"},"thumbnailUrl":"https:\/\/kuken.es\/wp-content\/uploads\/8425160493394_01.jpg","datePublished":"2024-10-02T11:44:03+00:00","dateModified":"2025-06-03T05:08:10+00:00","description":"Placa inducci\u00f3n 2000W K\u00dcKEN, con pantalla t\u00e1ctil, selecci\u00f3n de potencia, detecci\u00f3n autom\u00e1tica y dise\u00f1o extraplan. Segura y f\u00e1cil de limpiar.","breadcrumb":{"@id":"https:\/\/kuken.es\/producto\/placa-induccion-2000w\/#breadcrumb"},"inLanguage":"en-GB","potentialAction":[{"@type":"ReadAction","target":["https:\/\/kuken.es\/producto\/placa-induccion-2000w\/"]}]},{"@type":"ImageObject","inLanguage":"en-GB","@id":"https:\/\/kuken.es\/producto\/placa-induccion-2000w\/#primaryimage","url":"https:\/\/kuken.es\/wp-content\/uploads\/8425160493394_01.jpg","contentUrl":"https:\/\/kuken.es\/wp-content\/uploads\/8425160493394_01.jpg","width":2000,"height":2000},{"@type":"BreadcrumbList","@id":"https:\/\/kuken.es\/producto\/placa-induccion-2000w\/#breadcrumb","itemListElement":[{"@type":"ListItem","position":1,"name":"Portada","item":"https:\/\/kuken.es\/"},{"@type":"ListItem","position":2,"name":"Productos","item":"https:\/\/kuken.es\/productos\/"},{"@type":"ListItem","position":3,"name":"PLACA INDUCCI\u00d3N 2000W K\u00dcKEN"}]},{"@type":"WebSite","@id":"https:\/\/kuken.es\/#website","url":"https:\/\/kuken.es\/","name":"K\u00fcken","description":"Wide range of k\u00fcken small household appliances","publisher":{"@id":"https:\/\/kuken.es\/#organization"},"potentialAction":[{"@type":"SearchAction","target":{"@type":"EntryPoint","urlTemplate":"https:\/\/kuken.es\/?s={search_term_string}"},"query-input":{"@type":"PropertyValueSpecification","valueRequired":true,"valueName":"search_term_string"}}],"inLanguage":"en-GB"},{"@type":"Organization","@id":"https:\/\/kuken.es\/#organization","name":"Alpha Dyser","url":"https:\/\/kuken.es\/","logo":{"@type":"ImageObject","inLanguage":"en-GB","@id":"https:\/\/kuken.es\/#\/schema\/logo\/image\/","url":"https:\/\/kuken.es\/wp-content\/uploads\/2019\/04\/kuken-logo.png","contentUrl":"https:\/\/kuken.es\/wp-content\/uploads\/2019\/04\/kuken-logo.png","width":500,"height":191,"caption":"Alfa Dyser"},"image":{"@id":"https:\/\/kuken.es\/#\/schema\/logo\/image\/"},"sameAs":["https:\/\/es-es.facebook.com\/alfadyser\/","https:\/\/www.instagram.com\/kuken_appliances\/"]}]},"product_price_amount":"0.00","product_price_currency":"EUR","og_availability":"instock","product_availability":"instock","product_retailer_item_id":"49339","product_condition":"new"},"_links":{"self":[{"href":"https:\/\/kuken.es\/en\/wp-json\/wp\/v2\/product\/11373","targetHints":{"allow":["GET"]}}],"collection":[{"href":"https:\/\/kuken.es\/en\/wp-json\/wp\/v2\/product"}],"about":[{"href":"https:\/\/kuken.es\/en\/wp-json\/wp\/v2\/types\/product"}],"wp:featuredmedia":[{"embeddable":true,"href":"https:\/\/kuken.es\/en\/wp-json\/wp\/v2\/media\/11649"}],"wp:attachment":[{"href":"https:\/\/kuken.es\/en\/wp-json\/wp\/v2\/media?parent=11373"}],"wp:term":[{"taxonomy":"product_brand","embeddable":true,"href":"https:\/\/kuken.es\/en\/wp-json\/wp\/v2\/product_brand?post=11373"},{"taxonomy":"product_cat","embeddable":true,"href":"https:\/\/kuken.es\/en\/wp-json\/wp\/v2\/product_cat?post=11373"},{"taxonomy":"product_tag","embeddable":true,"href":"https:\/\/kuken.es\/en\/wp-json\/wp\/v2\/product_tag?post=11373"}],"curies":[{"name":"wp","href":"https:\/\/api.w.org\/{rel}","templated":true}]}}