{"id":10815,"date":"2023-11-28T12:38:16","date_gmt":"2023-11-28T11:38:16","guid":{"rendered":"https:\/\/kuken.es\/?post_type=product&#038;p=10815"},"modified":"2026-02-09T09:36:11","modified_gmt":"2026-02-09T08:36:11","slug":"weather-station-indoor-outdoor-colour-2","status":"publish","type":"product","link":"https:\/\/kuken.es\/en\/product-2\/weather-station-indoor-outdoor-colour-2\/","title":{"rendered":"ESTACI\u00d3N METEOROL\u00d3GICA INTERIOR K\u00dcKEN"},"content":{"rendered":"<p>ESTACI\u00d3N METEOROL\u00d3GICA INTERIOR K\u00dcKEN<\/p>\n<ul>\n<li data-start=\"180\" data-end=\"247\">Pantalla LCD de alta visibilidad, con lectura clara y c\u00f3moda.<\/li>\n<li data-start=\"250\" data-end=\"331\">Medici\u00f3n de temperatura interior, con visualizaci\u00f3n precisa en tiempo real.<\/li>\n<li data-start=\"334\" data-end=\"414\">Indicador de humedad interior, ideal para controlar el ambiente del hogar.<\/li>\n<li data-start=\"417\" data-end=\"517\">Indicador meteorol\u00f3gico gr\u00e1fico, muestra previsi\u00f3n mediante iconos (soleado, nublado, lluvia).<\/li>\n<li data-start=\"520\" data-end=\"597\">Reloj digital integrado, con visualizaci\u00f3n de la hora en formato claro.<\/li>\n<li data-start=\"600\" data-end=\"666\">Funci\u00f3n despertador con alarma, pr\u00e1ctica para el uso diario.<\/li>\n<li data-start=\"669\" data-end=\"735\">Indicador del d\u00eda de la semana, para una mejor organizaci\u00f3n.<\/li>\n<li data-start=\"738\" data-end=\"819\">Dise\u00f1o compacto y funcional, adecuado para colocar sobre mesa o estanter\u00eda.<\/li>\n<li data-start=\"822\" data-end=\"883\">Manejo sencillo mediante botones de control intuitivos.<\/li>\n<li data-start=\"886\" data-end=\"979\">Ideal para uso dom\u00e9stico u oficina, ayudando a controlar el clima interior de forma pr\u00e1ctica.<\/li>\n<\/ul>\n<p><div class=\"accordion\"><div class=\"mfn-acc accordion_wrapper  toggle\"><div class=\"question\"><div class=\"title\"><i class=\"icon-plus acc-icon-plus\" aria-hidden=\"true\"><\/i><i class=\"icon-minus acc-icon-minus\" aria-hidden=\"true\"><\/i>Product data<\/div><div class=\"answer\">EAN: 8425160333591<\/p>\n<p>ESTACI\u00d3N METEOROL\u00d3GICA INTERIOR K\u00dcKEN<br \/>\nUnits: 1<br \/>\nColour: Grey<br \/>\nPackaging: Coloured box<\/p>\n<p>Material: High-strength PC<\/div><\/div>\n<\/div><\/div>\n<br \/>\n<div class=\"accordion\"><div class=\"mfn-acc accordion_wrapper  toggle\"><div class=\"question\"><div class=\"title\"><i class=\"icon-plus acc-icon-plus\" aria-hidden=\"true\"><\/i><i class=\"icon-minus acc-icon-minus\" aria-hidden=\"true\"><\/i>Accessories<\/div><div class=\"answer\"><\/div><\/div>\n<\/div><\/div>\n<\/p>\n<div class=\"descargas-producto\"><img loading=\"lazy\" decoding=\"async\" src=\"\/wp-content\/uploads\/2019\/12\/picto-descarrega.png\" alt=\"download data sheet\" width=\"23\" height=\"16\" \/><a href=\"https:\/\/kuken.es\/wp-content\/uploads\/8425160333591_ficha_tecnica.pdf\">Download sheet<\/a><\/p>\n<\/div>\n<div><\/div>\n<div><span style=\"color: #bf2121;\">Follow us on social media!<\/span><\/div>\n<div><a href=\"https:\/\/www.instagram.com\/kuken_appliances\/\">https:\/\/www.instagram.com\/kuken_appliances\/<\/a><\/div>","protected":false},"excerpt":{"rendered":"<div class=\"flex flex-col text-sm pb-25\">\n<article class=\"text-token-text-primary w-full focus:outline-none [--shadow-height:45px] has-data-writing-block:pointer-events-none has-data-writing-block:-mt-(--shadow-height) has-data-writing-block:pt-(--shadow-height) [&amp;:has([data-writing-block])&gt;*]:pointer-events-auto scroll-mt-[calc(var(--header-height)+min(200px,max(70px,20svh)))]\" dir=\"auto\" tabindex=\"-1\" data-turn-id=\"request-WEB:ea80524f-fca3-4c23-83f0-0e1e76a54768-43\" data-testid=\"conversation-turn-88\" data-scroll-anchor=\"true\" data-turn=\"assistant\">\n<div class=\"text-base my-auto mx-auto pb-10 [--thread-content-margin:--spacing(4)] @w-sm\/main:[--thread-content-margin:--spacing(6)] @w-lg\/main:[--thread-content-margin:--spacing(16)] px-(--thread-content-margin)\">\n<div class=\"[--thread-content-max-width:40rem] @w-lg\/main:[--thread-content-max-width:48rem] mx-auto max-w-(--thread-content-max-width) flex-1 group\/turn-messages focus-visible:outline-hidden relative flex w-full min-w-0 flex-col agent-turn\" tabindex=\"-1\">\n<div class=\"flex max-w-full flex-col grow\">\n<div class=\"min-h-8 text-message relative flex w-full flex-col items-end gap-2 text-start break-words whitespace-normal [.text-message+&amp;]:mt-1\" dir=\"auto\" data-message-author-role=\"assistant\" data-message-id=\"f1bbc2a9-40d9-4fc8-af34-e5159a708b41\" data-message-model-slug=\"gpt-5-2-instant\">\n<div class=\"flex w-full flex-col gap-1 empty:hidden first:pt-[1px]\">\n<div class=\"markdown prose dark:prose-invert w-full wrap-break-word light markdown-new-styling\">\n<p data-start=\"0\" data-end=\"240\" data-is-last-node=\"\" data-is-only-node=\"\">Estaci\u00f3n meteorol\u00f3gica con pantalla LCD que muestra temperatura y humedad interior, previsi\u00f3n del tiempo mediante iconos, reloj digital con alarma e indicador del d\u00eda de la semana. Dise\u00f1o pr\u00e1ctico y f\u00e1cil de usar para el hogar o la oficina.<\/p>\n<\/div>\n<\/div>\n<\/div>\n<\/div>\n<div class=\"z-0 flex min-h-[46px] justify-start\"><\/div>\n<div class=\"mt-3 w-full empty:hidden\">\n<div class=\"text-center\"><\/div>\n<\/div>\n<\/div>\n<\/div>\n<\/article>\n<\/div>\n<div class=\"pointer-events-none h-px w-px absolute bottom-0\" aria-hidden=\"true\" data-edge=\"true\"><\/div>","protected":false},"featured_media":12707,"template":"","meta":[],"product_brand":[],"product_cat":[148,38],"product_tag":[],"class_list":{"0":"post-10815","1":"product","2":"type-product","3":"status-publish","4":"has-post-thumbnail","6":"product_cat-estaciones-meteorologicas","7":"product_cat-premium","9":"first","10":"instock","11":"product-type-simple"},"yoast_head":"<!-- This site is optimized with the Yoast SEO Premium plugin v24.0 (Yoast SEO v26.5) - https:\/\/yoast.com\/wordpress\/plugins\/seo\/ -->\n<title>ESTACI\u00d3N METEOROL\u00d3GICA INTERIOR K\u00dcKEN - K\u00fcken<\/title>\n<meta name=\"description\" content=\"Estaci\u00f3n meteorol\u00f3gica con temperatura interior. Gran pantalla a color con m\u00fatiple informaci\u00f3n. Descubre aqu\u00ed sus caracter\u00edsticas.\" \/>\n<meta name=\"robots\" content=\"index, follow, max-snippet:-1, max-image-preview:large, max-video-preview:-1\" \/>\n<link rel=\"canonical\" href=\"https:\/\/kuken.es\/en\/product-2\/weather-station-indoor-outdoor-colour-2\/\" \/>\n<meta property=\"og:locale\" content=\"en_GB\" \/>\n<meta property=\"og:type\" content=\"article\" \/>\n<meta property=\"og:title\" content=\"ESTACI\u00d3N METEOROL\u00d3GICA INTERIOR K\u00dcKEN\" \/>\n<meta property=\"og:description\" content=\"Estaci\u00f3n meteorol\u00f3gica con temperatura interior. Gran pantalla a color con m\u00fatiple informaci\u00f3n. Descubre aqu\u00ed sus caracter\u00edsticas.\" \/>\n<meta property=\"og:url\" content=\"https:\/\/kuken.es\/en\/product-2\/weather-station-indoor-outdoor-colour-2\/\" \/>\n<meta property=\"og:site_name\" content=\"K\u00fcken\" \/>\n<meta property=\"article:publisher\" content=\"https:\/\/es-es.facebook.com\/alfadyser\/\" \/>\n<meta property=\"article:modified_time\" content=\"2026-02-09T08:36:11+00:00\" \/>\n<meta property=\"og:image\" content=\"https:\/\/kuken.es\/wp-content\/uploads\/8425160333591_01.jpg\" \/>\n\t<meta property=\"og:image:width\" content=\"2000\" \/>\n\t<meta property=\"og:image:height\" content=\"2000\" \/>\n\t<meta property=\"og:image:type\" content=\"image\/jpeg\" \/>\n<meta name=\"twitter:card\" content=\"summary_large_image\" \/>\n<meta name=\"twitter:label1\" content=\"Price\" \/>\n\t<meta name=\"twitter:data1\" content=\"\" \/>\n\t<meta name=\"twitter:label2\" content=\"Availability\" \/>\n\t<meta name=\"twitter:data2\" content=\"In stock\" \/>\n<script type=\"application\/ld+json\" class=\"yoast-schema-graph\">{\"@context\":\"https:\/\/schema.org\",\"@graph\":[{\"@type\":\"WebPage\",\"@id\":\"https:\/\/kuken.es\/producto\/estacion-meteorologica-interior\/\",\"url\":\"https:\/\/kuken.es\/producto\/estacion-meteorologica-interior\/\",\"name\":\"ESTACI\u00d3N METEOROL\u00d3GICA INTERIOR K\u00dcKEN - K\u00fcken\",\"isPartOf\":{\"@id\":\"https:\/\/kuken.es\/#website\"},\"primaryImageOfPage\":{\"@id\":\"https:\/\/kuken.es\/producto\/estacion-meteorologica-interior\/#primaryimage\"},\"image\":{\"@id\":\"https:\/\/kuken.es\/producto\/estacion-meteorologica-interior\/#primaryimage\"},\"thumbnailUrl\":\"https:\/\/kuken.es\/wp-content\/uploads\/8425160333591_01.jpg\",\"datePublished\":\"2023-11-28T11:38:16+00:00\",\"dateModified\":\"2026-02-09T08:36:11+00:00\",\"description\":\"Estaci\u00f3n meteorol\u00f3gica con temperatura interior. Gran pantalla a color con m\u00fatiple informaci\u00f3n. Descubre aqu\u00ed sus caracter\u00edsticas.\",\"breadcrumb\":{\"@id\":\"https:\/\/kuken.es\/producto\/estacion-meteorologica-interior\/#breadcrumb\"},\"inLanguage\":\"en-GB\",\"potentialAction\":[{\"@type\":\"ReadAction\",\"target\":[\"https:\/\/kuken.es\/producto\/estacion-meteorologica-interior\/\"]}]},{\"@type\":\"ImageObject\",\"inLanguage\":\"en-GB\",\"@id\":\"https:\/\/kuken.es\/producto\/estacion-meteorologica-interior\/#primaryimage\",\"url\":\"https:\/\/kuken.es\/wp-content\/uploads\/8425160333591_01.jpg\",\"contentUrl\":\"https:\/\/kuken.es\/wp-content\/uploads\/8425160333591_01.jpg\",\"width\":2000,\"height\":2000},{\"@type\":\"BreadcrumbList\",\"@id\":\"https:\/\/kuken.es\/producto\/estacion-meteorologica-interior\/#breadcrumb\",\"itemListElement\":[{\"@type\":\"ListItem\",\"position\":1,\"name\":\"Portada\",\"item\":\"https:\/\/kuken.es\/\"},{\"@type\":\"ListItem\",\"position\":2,\"name\":\"Productos\",\"item\":\"https:\/\/kuken.es\/productos\/\"},{\"@type\":\"ListItem\",\"position\":3,\"name\":\"ESTACI\u00d3N METEOROL\u00d3GICA INTERIOR K\u00dcKEN\"}]},{\"@type\":\"WebSite\",\"@id\":\"https:\/\/kuken.es\/#website\",\"url\":\"https:\/\/kuken.es\/\",\"name\":\"K\u00fcken\",\"description\":\"Amplia gama de peque\u00f1o electrodom\u00e9stico k\u00fcken\",\"publisher\":{\"@id\":\"https:\/\/kuken.es\/#organization\"},\"potentialAction\":[{\"@type\":\"SearchAction\",\"target\":{\"@type\":\"EntryPoint\",\"urlTemplate\":\"https:\/\/kuken.es\/?s={search_term_string}\"},\"query-input\":{\"@type\":\"PropertyValueSpecification\",\"valueRequired\":true,\"valueName\":\"search_term_string\"}}],\"inLanguage\":\"en-GB\"},{\"@type\":\"Organization\",\"@id\":\"https:\/\/kuken.es\/#organization\",\"name\":\"Alfa Dyser\",\"url\":\"https:\/\/kuken.es\/\",\"logo\":{\"@type\":\"ImageObject\",\"inLanguage\":\"en-GB\",\"@id\":\"https:\/\/kuken.es\/#\/schema\/logo\/image\/\",\"url\":\"https:\/\/kuken.es\/wp-content\/uploads\/2019\/04\/kuken-logo.png\",\"contentUrl\":\"https:\/\/kuken.es\/wp-content\/uploads\/2019\/04\/kuken-logo.png\",\"width\":500,\"height\":191,\"caption\":\"Alfa Dyser\"},\"image\":{\"@id\":\"https:\/\/kuken.es\/#\/schema\/logo\/image\/\"},\"sameAs\":[\"https:\/\/es-es.facebook.com\/alfadyser\/\",\"https:\/\/www.instagram.com\/kuken_appliances\/\"]}]}<\/script>\n<meta property=\"product:price:amount\" content=\"0.00\" \/>\n<meta property=\"product:price:currency\" content=\"EUR\" \/>\n<meta property=\"og:availability\" content=\"instock\" \/>\n<meta property=\"product:availability\" content=\"instock\" \/>\n<meta property=\"product:retailer_item_id\" content=\"33359\" \/>\n<meta property=\"product:condition\" content=\"new\" \/>\n<!-- \/ Yoast SEO Premium plugin. -->","yoast_head_json":{"title":"ESTACI\u00d3N METEOROL\u00d3GICA INTERIOR K\u00dcKEN - K\u00fcken","description":"Estaci\u00f3n meteorol\u00f3gica con temperatura interior. Gran pantalla a color con m\u00fatiple informaci\u00f3n. Descubre aqu\u00ed sus caracter\u00edsticas.","robots":{"index":"index","follow":"follow","max-snippet":"max-snippet:-1","max-image-preview":"max-image-preview:large","max-video-preview":"max-video-preview:-1"},"canonical":"https:\/\/kuken.es\/en\/product-2\/weather-station-indoor-outdoor-colour-2\/","og_locale":"en_GB","og_type":"article","og_title":"ESTACI\u00d3N METEOROL\u00d3GICA INTERIOR K\u00dcKEN","og_description":"Estaci\u00f3n meteorol\u00f3gica con temperatura interior. Gran pantalla a color con m\u00fatiple informaci\u00f3n. Descubre aqu\u00ed sus caracter\u00edsticas.","og_url":"https:\/\/kuken.es\/en\/product-2\/weather-station-indoor-outdoor-colour-2\/","og_site_name":"K\u00fcken","article_publisher":"https:\/\/es-es.facebook.com\/alfadyser\/","article_modified_time":"2026-02-09T08:36:11+00:00","og_image":[{"width":2000,"height":2000,"url":"https:\/\/kuken.es\/wp-content\/uploads\/8425160333591_01.jpg","type":"image\/jpeg"}],"twitter_card":"summary_large_image","twitter_misc":{"Price":"","Availability":"In stock"},"schema":{"@context":"https:\/\/schema.org","@graph":[{"@type":"WebPage","@id":"https:\/\/kuken.es\/producto\/estacion-meteorologica-interior\/","url":"https:\/\/kuken.es\/producto\/estacion-meteorologica-interior\/","name":"ESTACI\u00d3N METEOROL\u00d3GICA INTERIOR K\u00dcKEN - K\u00fcken","isPartOf":{"@id":"https:\/\/kuken.es\/#website"},"primaryImageOfPage":{"@id":"https:\/\/kuken.es\/producto\/estacion-meteorologica-interior\/#primaryimage"},"image":{"@id":"https:\/\/kuken.es\/producto\/estacion-meteorologica-interior\/#primaryimage"},"thumbnailUrl":"https:\/\/kuken.es\/wp-content\/uploads\/8425160333591_01.jpg","datePublished":"2023-11-28T11:38:16+00:00","dateModified":"2026-02-09T08:36:11+00:00","description":"Estaci\u00f3n meteorol\u00f3gica con temperatura interior. Gran pantalla a color con m\u00fatiple informaci\u00f3n. Descubre aqu\u00ed sus caracter\u00edsticas.","breadcrumb":{"@id":"https:\/\/kuken.es\/producto\/estacion-meteorologica-interior\/#breadcrumb"},"inLanguage":"en-GB","potentialAction":[{"@type":"ReadAction","target":["https:\/\/kuken.es\/producto\/estacion-meteorologica-interior\/"]}]},{"@type":"ImageObject","inLanguage":"en-GB","@id":"https:\/\/kuken.es\/producto\/estacion-meteorologica-interior\/#primaryimage","url":"https:\/\/kuken.es\/wp-content\/uploads\/8425160333591_01.jpg","contentUrl":"https:\/\/kuken.es\/wp-content\/uploads\/8425160333591_01.jpg","width":2000,"height":2000},{"@type":"BreadcrumbList","@id":"https:\/\/kuken.es\/producto\/estacion-meteorologica-interior\/#breadcrumb","itemListElement":[{"@type":"ListItem","position":1,"name":"Portada","item":"https:\/\/kuken.es\/"},{"@type":"ListItem","position":2,"name":"Productos","item":"https:\/\/kuken.es\/productos\/"},{"@type":"ListItem","position":3,"name":"ESTACI\u00d3N METEOROL\u00d3GICA INTERIOR K\u00dcKEN"}]},{"@type":"WebSite","@id":"https:\/\/kuken.es\/#website","url":"https:\/\/kuken.es\/","name":"K\u00fcken","description":"Wide range of k\u00fcken small household appliances","publisher":{"@id":"https:\/\/kuken.es\/#organization"},"potentialAction":[{"@type":"SearchAction","target":{"@type":"EntryPoint","urlTemplate":"https:\/\/kuken.es\/?s={search_term_string}"},"query-input":{"@type":"PropertyValueSpecification","valueRequired":true,"valueName":"search_term_string"}}],"inLanguage":"en-GB"},{"@type":"Organization","@id":"https:\/\/kuken.es\/#organization","name":"Alpha Dyser","url":"https:\/\/kuken.es\/","logo":{"@type":"ImageObject","inLanguage":"en-GB","@id":"https:\/\/kuken.es\/#\/schema\/logo\/image\/","url":"https:\/\/kuken.es\/wp-content\/uploads\/2019\/04\/kuken-logo.png","contentUrl":"https:\/\/kuken.es\/wp-content\/uploads\/2019\/04\/kuken-logo.png","width":500,"height":191,"caption":"Alfa Dyser"},"image":{"@id":"https:\/\/kuken.es\/#\/schema\/logo\/image\/"},"sameAs":["https:\/\/es-es.facebook.com\/alfadyser\/","https:\/\/www.instagram.com\/kuken_appliances\/"]}]},"product_price_amount":"0.00","product_price_currency":"EUR","og_availability":"instock","product_availability":"instock","product_retailer_item_id":"33359","product_condition":"new"},"_links":{"self":[{"href":"https:\/\/kuken.es\/en\/wp-json\/wp\/v2\/product\/10815","targetHints":{"allow":["GET"]}}],"collection":[{"href":"https:\/\/kuken.es\/en\/wp-json\/wp\/v2\/product"}],"about":[{"href":"https:\/\/kuken.es\/en\/wp-json\/wp\/v2\/types\/product"}],"wp:featuredmedia":[{"embeddable":true,"href":"https:\/\/kuken.es\/en\/wp-json\/wp\/v2\/media\/12707"}],"wp:attachment":[{"href":"https:\/\/kuken.es\/en\/wp-json\/wp\/v2\/media?parent=10815"}],"wp:term":[{"taxonomy":"product_brand","embeddable":true,"href":"https:\/\/kuken.es\/en\/wp-json\/wp\/v2\/product_brand?post=10815"},{"taxonomy":"product_cat","embeddable":true,"href":"https:\/\/kuken.es\/en\/wp-json\/wp\/v2\/product_cat?post=10815"},{"taxonomy":"product_tag","embeddable":true,"href":"https:\/\/kuken.es\/en\/wp-json\/wp\/v2\/product_tag?post=10815"}],"curies":[{"name":"wp","href":"https:\/\/api.w.org\/{rel}","templated":true}]}}